{"id":1976,"date":"2019-04-03T10:34:32","date_gmt":"2019-04-03T09:34:32","guid":{"rendered":"https:\/\/www.welovecycling.com\/se\/?page_id=1976"},"modified":"2022-05-16T10:39:50","modified_gmt":"2022-05-16T09:39:50","slug":"jessica-ericsson","status":"publish","type":"page","link":"https:\/\/www.welovecycling.com\/se\/skoda-cycling-team\/skoda-cycling-team-2022\/jessica-ericsson\/","title":{"rendered":"Jessica Petrelius Eriksson"},"content":{"rendered":"<div id=\"pl-1976\"  class=\"panel-layout\" ><div id=\"pg-1976-0\"  class=\"panel-grid panel-no-style\" ><div id=\"pgc-1976-0-0\"  class=\"panel-grid-cell panel-grid-cell-empty\" ><\/div><\/div><div id=\"pg-1976-1\"  class=\"panel-grid panel-no-style\" ><div id=\"pgc-1976-1-0\"  class=\"panel-grid-cell panel-grid-cell-empty\" ><\/div><div id=\"pgc-1976-1-1\"  class=\"panel-grid-cell\" ><div id=\"panel-1976-1-1-0\" class=\"so-panel widget widget_sow-editor panel-first-child panel-last-child\" data-index=\"0\" ><div\n\t\t\t\n\t\t\tclass=\"so-widget-sow-editor so-widget-sow-editor-base\"\n\t\t\t\n\t\t>\n<div class=\"siteorigin-widget-tinymce textwidget\">\n\t<p><a href=\"https:\/\/d2p6e6u75xmxt8.cloudfront.net\/9\/2022\/05\/220507-SCT-Traningslager-Jessica_13049.jpg\"><img loading=\"lazy\" decoding=\"async\" class=\"alignnone size-full wp-image-4388\" src=\"https:\/\/d2p6e6u75xmxt8.cloudfront.net\/9\/2022\/05\/220507-SCT-Traningslager-Jessica_13049.jpg\" alt=\"\" width=\"8736\" height=\"11648\" \/><\/a><\/p>\n<p>&nbsp;<\/p>\n<p>&nbsp;<\/p>\n<\/div>\n<\/div><\/div><\/div><div id=\"pgc-1976-1-2\"  class=\"panel-grid-cell panel-grid-cell-mobile-last\" ><div id=\"panel-1976-1-2-0\" class=\"so-panel widget widget_sow-editor panel-first-child panel-last-child\" data-index=\"1\" ><div\n\t\t\t\n\t\t\tclass=\"so-widget-sow-editor so-widget-sow-editor-base\"\n\t\t\t\n\t\t>\n<div class=\"siteorigin-widget-tinymce textwidget\">\n\t<h1><span style=\"font-weight: 400;\">Jessica Eriksson<\/span><\/h1>\n<p><b>Namn: <\/b><span style=\"font-weight: 400;\">Jessica Petrelius Eriksson<br \/>\n<\/span><b>Instagram: <\/b><span style=\"font-weight: 400;\"><a href=\"https:\/\/www.instagram.com\/jessicapetreliuseriksson\/\">jessicapetreliuseriksson<\/a><br \/>\n<\/span><b>\u00c5lder:<\/b><span style=\"font-weight: 400;\"> 50 \u00e5r i maj<br \/>\n<\/span><b>L\u00e4ngd:<\/b><span style=\"font-weight: 400;\"> 172<br \/>\n<\/span><b>Bor:<\/b><span style=\"font-weight: 400;\"> Saltsj\u00f6baden<br \/>\n<\/span><b>Familj: <\/b><span style=\"font-weight: 400;\">man och 3 barn<br \/>\n<\/span><b>Yrke:<\/b><span style=\"font-weight: 400;\"> arkitekt\u00a0<\/span><\/p>\n<p><b>Vilket \u00e4r ditt f\u00f6rsta intryck av din rekryt Sanna? <\/b><span style=\"font-weight: 400;\">Att Sanna Lindqvist \u00e4r en naturn\u00e4ra tjej som brinner f\u00f6r cykling och verkar urstark.<\/span><\/p>\n<p><b>Vad kommer din rekryt dra nytta av hos dig?<\/b><span style=\"font-weight: 400;\">\u00a0<\/span><span style=\"font-weight: 400;\">Min erfarenhet av l\u00e5nga lopp d\u00e4r lite extra pepp och push n\u00e4r dippar uppst\u00e5r kan bidra till att h\u00e5lla r\u00e4tt fokus.<\/span><\/p>\n<p><b>Hur k\u00e4nns det med ett helt damlag i \u00e5r? <\/b><span style=\"font-weight: 400;\">Riktigt kul och sp\u00e4nnande att se vad vi kan \u00e5stadkomma.<\/span><\/p>\n<p><b>Roligaste passen?<\/b><span style=\"font-weight: 400;\">\u00a0<\/span><span style=\"font-weight: 400;\">Backintervaller<\/span><\/p>\n<p><b>V\u00e4rsta passen?<\/b><span style=\"font-weight: 400;\">\u00a0<\/span><span style=\"font-weight: 400;\">I regn<\/span><\/p>\n<p><b>Styrkor som cyklist?<\/b><span style=\"font-weight: 400;\">\u00a0<\/span><span style=\"font-weight: 400;\">Gillar att mata p\u00e5 i l\u00e5nga, branta backar. Klarar hantering av sm\u00e4rta.\u00a0<\/span><\/p>\n<p><b>Svagheter som cyklist?<\/b><span style=\"font-weight: 400;\">\u00a0<\/span><span style=\"font-weight: 400;\">Spurt \u00e4r inte min starka sida.<\/span><\/p>\n<p><b>Vad kommer du bidra med under s\u00e4songen?<\/b><span style=\"font-weight: 400;\">\u00a0<\/span><span style=\"font-weight: 400;\">Positiv energi, stabilitet och trygghet\u00a0<\/span><\/p>\n<p><b>St\u00f6rsta r\u00e4dslan inf\u00f6r V\u00e4tternrundan?<\/b><span style=\"font-weight: 400;\">\u00a0<\/span><span style=\"font-weight: 400;\">Att f\u00f6r f\u00e5 under loppet orkar g\u00f6ra jobbet som kr\u00e4vs.<\/span><\/p>\n<p><b>Bulle eller wienerbr\u00f6d? <\/b><span style=\"font-weight: 400;\">Bulle<br \/>\n<\/span><b>Touren eller Vueltan? <\/b><span style=\"font-weight: 400;\">Touren<br \/>\n<\/span><b>Morgon eller kv\u00e4llspass?<\/b><span style=\"font-weight: 400;\"> Kv\u00e4llspass<br \/>\n<\/span><b>Uppf\u00f6r eller nedf\u00f6r?<\/b><span style=\"font-weight: 400;\"> Uppf\u00f6r<br \/>\n<\/span><b>K\u00e4nsla eller data? <\/b><span style=\"font-weight: 400;\">K\u00e4nsla<br \/>\n<\/span><b>Kort och h\u00e5rt eller l\u00e5ngt och lagom?<\/b><span style=\"font-weight: 400;\"> Kort och h\u00e5rt<\/span><\/p>\n<\/div>\n<\/div><\/div><\/div><div id=\"pgc-1976-1-3\"  class=\"panel-grid-cell panel-grid-cell-empty\" ><\/div><\/div><div id=\"pg-1976-2\"  class=\"panel-grid panel-no-style\" ><div id=\"pgc-1976-2-0\"  class=\"panel-grid-cell panel-grid-cell-empty\" ><\/div><\/div><\/div>","protected":false},"excerpt":{"rendered":"<p>&nbsp; &nbsp; Jessica Eriksson Namn: Jessica Petrelius Eriksson Instagram: jessicapetreliuseriksson \u00c5lder: 50 \u00e5r i maj L\u00e4ngd: 172 Bor: Saltsj\u00f6baden Familj: [&hellip;]<\/p>\n","protected":false},"author":52,"featured_media":0,"parent":3121,"menu_order":0,"comment_status":"closed","ping_status":"closed","template":"templates\/template-full-width.php","meta":{"footnotes":""},"tags":[],"class_list":["post-1976","page","type-page","status-publish","hentry"],"yoast_head":"<!-- This site is optimized with the Yoast SEO Premium plugin v25.3 (Yoast SEO v25.9) - https:\/\/yoast.com\/wordpress\/plugins\/seo\/ -->\n<title>Jessica Petrelius Eriksson - \u0160koda - We Love Cycling - Sweden<\/title>\n<meta name=\"robots\" content=\"index, follow, max-snippet:-1, max-image-preview:large, max-video-preview:-1\" \/>\n<link rel=\"canonical\" href=\"https:\/\/www.welovecycling.com\/se\/skoda-cycling-team\/skoda-cycling-team-2022\/jessica-ericsson\/\" \/>\n<meta property=\"og:locale\" content=\"sv_SE\" \/>\n<meta property=\"og:type\" content=\"article\" \/>\n<meta property=\"og:title\" content=\"Jessica Petrelius Eriksson\" \/>\n<meta property=\"og:description\" content=\"&nbsp; &nbsp; Jessica Eriksson Namn: Jessica Petrelius Eriksson Instagram: jessicapetreliuseriksson \u00c5lder: 50 \u00e5r i maj L\u00e4ngd: 172 Bor: Saltsj\u00f6baden Familj: [&hellip;]\" \/>\n<meta property=\"og:url\" content=\"https:\/\/www.welovecycling.com\/se\/skoda-cycling-team\/skoda-cycling-team-2022\/jessica-ericsson\/\" \/>\n<meta property=\"og:site_name\" content=\"\u0160koda - We Love Cycling - Sweden\" \/>\n<meta property=\"article:modified_time\" content=\"2022-05-16T09:39:50+00:00\" \/>\n<meta property=\"og:image\" content=\"https:\/\/d2p6e6u75xmxt8.cloudfront.net\/9\/2022\/05\/220507-SCT-Traningslager-Jessica_13049.jpg\" \/>\n<meta name=\"twitter:card\" content=\"summary_large_image\" \/>\n<meta name=\"twitter:label1\" content=\"Est. reading time\" \/>\n\t<meta name=\"twitter:data1\" content=\"1 minute\" \/>\n<script type=\"application\/ld+json\" class=\"yoast-schema-graph\">{\"@context\":\"https:\/\/schema.org\",\"@graph\":[{\"@type\":\"WebPage\",\"@id\":\"https:\/\/www.welovecycling.com\/se\/skoda-cycling-team\/skoda-cycling-team-2022\/jessica-ericsson\/\",\"url\":\"https:\/\/www.welovecycling.com\/se\/skoda-cycling-team\/skoda-cycling-team-2022\/jessica-ericsson\/\",\"name\":\"Jessica Petrelius Eriksson - \u0160koda - We Love Cycling - Sweden\",\"isPartOf\":{\"@id\":\"https:\/\/www.welovecycling.com\/se\/#website\"},\"primaryImageOfPage\":{\"@id\":\"https:\/\/www.welovecycling.com\/se\/skoda-cycling-team\/skoda-cycling-team-2022\/jessica-ericsson\/#primaryimage\"},\"image\":{\"@id\":\"https:\/\/www.welovecycling.com\/se\/skoda-cycling-team\/skoda-cycling-team-2022\/jessica-ericsson\/#primaryimage\"},\"thumbnailUrl\":\"https:\/\/d2p6e6u75xmxt8.cloudfront.net\/9\/2022\/05\/220507-SCT-Traningslager-Jessica_13049.jpg\",\"datePublished\":\"2019-04-03T09:34:32+00:00\",\"dateModified\":\"2022-05-16T09:39:50+00:00\",\"breadcrumb\":{\"@id\":\"https:\/\/www.welovecycling.com\/se\/skoda-cycling-team\/skoda-cycling-team-2022\/jessica-ericsson\/#breadcrumb\"},\"inLanguage\":\"sv-SE\",\"potentialAction\":[{\"@type\":\"ReadAction\",\"target\":[\"https:\/\/www.welovecycling.com\/se\/skoda-cycling-team\/skoda-cycling-team-2022\/jessica-ericsson\/\"]}]},{\"@type\":\"ImageObject\",\"inLanguage\":\"sv-SE\",\"@id\":\"https:\/\/www.welovecycling.com\/se\/skoda-cycling-team\/skoda-cycling-team-2022\/jessica-ericsson\/#primaryimage\",\"url\":\"https:\/\/d2p6e6u75xmxt8.cloudfront.net\/9\/2022\/05\/220507-SCT-Traningslager-Jessica_13049.jpg\",\"contentUrl\":\"https:\/\/d2p6e6u75xmxt8.cloudfront.net\/9\/2022\/05\/220507-SCT-Traningslager-Jessica_13049.jpg\"},{\"@type\":\"BreadcrumbList\",\"@id\":\"https:\/\/www.welovecycling.com\/se\/skoda-cycling-team\/skoda-cycling-team-2022\/jessica-ericsson\/#breadcrumb\",\"itemListElement\":[{\"@type\":\"ListItem\",\"position\":1,\"name\":\"Home\",\"item\":\"https:\/\/www.welovecycling.com\/se\/\"},{\"@type\":\"ListItem\",\"position\":2,\"name\":\"\u0160koda Cycling Team\",\"item\":\"https:\/\/www.welovecycling.com\/se\/skoda-cycling-team\/\"},{\"@type\":\"ListItem\",\"position\":3,\"name\":\"\u0160koda Cycling Team 2022\",\"item\":\"https:\/\/www.welovecycling.com\/se\/skoda-cycling-team\/skoda-cycling-team-2022\/\"},{\"@type\":\"ListItem\",\"position\":4,\"name\":\"Jessica Petrelius Eriksson\"}]},{\"@type\":\"WebSite\",\"@id\":\"https:\/\/www.welovecycling.com\/se\/#website\",\"url\":\"https:\/\/www.welovecycling.com\/se\/\",\"name\":\"\u0160koda - We Love Cycling - Sweden\",\"description\":\"\u0160koda We Love Cycling - Sweden\",\"potentialAction\":[{\"@type\":\"SearchAction\",\"target\":{\"@type\":\"EntryPoint\",\"urlTemplate\":\"https:\/\/www.welovecycling.com\/se\/?s={search_term_string}\"},\"query-input\":{\"@type\":\"PropertyValueSpecification\",\"valueRequired\":true,\"valueName\":\"search_term_string\"}}],\"inLanguage\":\"sv-SE\"}]}<\/script>\n<!-- \/ Yoast SEO Premium plugin. -->","yoast_head_json":{"title":"Jessica Petrelius Eriksson - \u0160koda - We Love Cycling - Sweden","robots":{"index":"index","follow":"follow","max-snippet":"max-snippet:-1","max-image-preview":"max-image-preview:large","max-video-preview":"max-video-preview:-1"},"canonical":"https:\/\/www.welovecycling.com\/se\/skoda-cycling-team\/skoda-cycling-team-2022\/jessica-ericsson\/","og_locale":"sv_SE","og_type":"article","og_title":"Jessica Petrelius Eriksson","og_description":"&nbsp; &nbsp; Jessica Eriksson Namn: Jessica Petrelius Eriksson Instagram: jessicapetreliuseriksson \u00c5lder: 50 \u00e5r i maj L\u00e4ngd: 172 Bor: Saltsj\u00f6baden Familj: [&hellip;]","og_url":"https:\/\/www.welovecycling.com\/se\/skoda-cycling-team\/skoda-cycling-team-2022\/jessica-ericsson\/","og_site_name":"\u0160koda - We Love Cycling - Sweden","article_modified_time":"2022-05-16T09:39:50+00:00","og_image":[{"url":"https:\/\/d2p6e6u75xmxt8.cloudfront.net\/9\/2022\/05\/220507-SCT-Traningslager-Jessica_13049.jpg","type":"","width":"","height":""}],"twitter_card":"summary_large_image","twitter_misc":{"Est. reading time":"1 minute"},"schema":{"@context":"https:\/\/schema.org","@graph":[{"@type":"WebPage","@id":"https:\/\/www.welovecycling.com\/se\/skoda-cycling-team\/skoda-cycling-team-2022\/jessica-ericsson\/","url":"https:\/\/www.welovecycling.com\/se\/skoda-cycling-team\/skoda-cycling-team-2022\/jessica-ericsson\/","name":"Jessica Petrelius Eriksson - \u0160koda - We Love Cycling - Sweden","isPartOf":{"@id":"https:\/\/www.welovecycling.com\/se\/#website"},"primaryImageOfPage":{"@id":"https:\/\/www.welovecycling.com\/se\/skoda-cycling-team\/skoda-cycling-team-2022\/jessica-ericsson\/#primaryimage"},"image":{"@id":"https:\/\/www.welovecycling.com\/se\/skoda-cycling-team\/skoda-cycling-team-2022\/jessica-ericsson\/#primaryimage"},"thumbnailUrl":"https:\/\/d2p6e6u75xmxt8.cloudfront.net\/9\/2022\/05\/220507-SCT-Traningslager-Jessica_13049.jpg","datePublished":"2019-04-03T09:34:32+00:00","dateModified":"2022-05-16T09:39:50+00:00","breadcrumb":{"@id":"https:\/\/www.welovecycling.com\/se\/skoda-cycling-team\/skoda-cycling-team-2022\/jessica-ericsson\/#breadcrumb"},"inLanguage":"sv-SE","potentialAction":[{"@type":"ReadAction","target":["https:\/\/www.welovecycling.com\/se\/skoda-cycling-team\/skoda-cycling-team-2022\/jessica-ericsson\/"]}]},{"@type":"ImageObject","inLanguage":"sv-SE","@id":"https:\/\/www.welovecycling.com\/se\/skoda-cycling-team\/skoda-cycling-team-2022\/jessica-ericsson\/#primaryimage","url":"https:\/\/d2p6e6u75xmxt8.cloudfront.net\/9\/2022\/05\/220507-SCT-Traningslager-Jessica_13049.jpg","contentUrl":"https:\/\/d2p6e6u75xmxt8.cloudfront.net\/9\/2022\/05\/220507-SCT-Traningslager-Jessica_13049.jpg"},{"@type":"BreadcrumbList","@id":"https:\/\/www.welovecycling.com\/se\/skoda-cycling-team\/skoda-cycling-team-2022\/jessica-ericsson\/#breadcrumb","itemListElement":[{"@type":"ListItem","position":1,"name":"Home","item":"https:\/\/www.welovecycling.com\/se\/"},{"@type":"ListItem","position":2,"name":"\u0160koda Cycling Team","item":"https:\/\/www.welovecycling.com\/se\/skoda-cycling-team\/"},{"@type":"ListItem","position":3,"name":"\u0160koda Cycling Team 2022","item":"https:\/\/www.welovecycling.com\/se\/skoda-cycling-team\/skoda-cycling-team-2022\/"},{"@type":"ListItem","position":4,"name":"Jessica Petrelius Eriksson"}]},{"@type":"WebSite","@id":"https:\/\/www.welovecycling.com\/se\/#website","url":"https:\/\/www.welovecycling.com\/se\/","name":"\u0160koda - We Love Cycling - Sweden","description":"\u0160koda We Love Cycling - Sweden","potentialAction":[{"@type":"SearchAction","target":{"@type":"EntryPoint","urlTemplate":"https:\/\/www.welovecycling.com\/se\/?s={search_term_string}"},"query-input":{"@type":"PropertyValueSpecification","valueRequired":true,"valueName":"search_term_string"}}],"inLanguage":"sv-SE"}]}},"_links":{"self":[{"href":"https:\/\/www.welovecycling.com\/se\/wp-json\/wp\/v2\/pages\/1976","targetHints":{"allow":["GET"]}}],"collection":[{"href":"https:\/\/www.welovecycling.com\/se\/wp-json\/wp\/v2\/pages"}],"about":[{"href":"https:\/\/www.welovecycling.com\/se\/wp-json\/wp\/v2\/types\/page"}],"author":[{"embeddable":true,"href":"https:\/\/www.welovecycling.com\/se\/wp-json\/wp\/v2\/users\/52"}],"replies":[{"embeddable":true,"href":"https:\/\/www.welovecycling.com\/se\/wp-json\/wp\/v2\/comments?post=1976"}],"version-history":[{"count":2,"href":"https:\/\/www.welovecycling.com\/se\/wp-json\/wp\/v2\/pages\/1976\/revisions"}],"predecessor-version":[{"id":4409,"href":"https:\/\/www.welovecycling.com\/se\/wp-json\/wp\/v2\/pages\/1976\/revisions\/4409"}],"up":[{"embeddable":true,"href":"https:\/\/www.welovecycling.com\/se\/wp-json\/wp\/v2\/pages\/3121"}],"wp:attachment":[{"href":"https:\/\/www.welovecycling.com\/se\/wp-json\/wp\/v2\/media?parent=1976"}],"wp:term":[{"taxonomy":"post_tag","embeddable":true,"href":"https:\/\/www.welovecycling.com\/se\/wp-json\/wp\/v2\/tags?post=1976"}],"curies":[{"name":"wp","href":"https:\/\/api.w.org\/{rel}","templated":true}]}}