{"id":1967,"date":"2019-04-03T10:33:28","date_gmt":"2019-04-03T09:33:28","guid":{"rendered":"https:\/\/www.welovecycling.com\/se\/?page_id=1967"},"modified":"2021-03-25T12:44:54","modified_gmt":"2021-03-25T11:44:54","slug":"hanna-johansson","status":"publish","type":"page","link":"https:\/\/www.welovecycling.com\/se\/skoda-cycling-team\/skoda-cycling-team-2022\/hanna-johansson\/","title":{"rendered":"Hanna Johansson"},"content":{"rendered":"<div id=\"pl-1967\"  class=\"panel-layout\" ><div id=\"pg-1967-0\"  class=\"panel-grid panel-no-style\" ><div id=\"pgc-1967-0-0\"  class=\"panel-grid-cell panel-grid-cell-empty\" ><\/div><\/div><div id=\"pg-1967-1\"  class=\"panel-grid panel-no-style\" ><div id=\"pgc-1967-1-0\"  class=\"panel-grid-cell panel-grid-cell-empty\" ><\/div><div id=\"pgc-1967-1-1\"  class=\"panel-grid-cell\" ><div id=\"panel-1967-1-1-0\" class=\"so-panel widget widget_sow-editor panel-first-child panel-last-child\" data-index=\"0\" ><div\n\t\t\t\n\t\t\tclass=\"so-widget-sow-editor so-widget-sow-editor-base\"\n\t\t\t\n\t\t>\n<div class=\"siteorigin-widget-tinymce textwidget\">\n\t<p><a href=\"https:\/\/d2p6e6u75xmxt8.cloudfront.net\/9\/2019\/06\/Hanna.jpg\"><img loading=\"lazy\" decoding=\"async\" class=\"alignnone size-full wp-image-2220\" src=\"https:\/\/d2p6e6u75xmxt8.cloudfront.net\/9\/2019\/06\/Hanna.jpg\" alt=\"\" width=\"530\" height=\"800\" srcset=\"https:\/\/d2p6e6u75xmxt8.cloudfront.net\/9\/2019\/06\/Hanna.jpg 530w, https:\/\/d2p6e6u75xmxt8.cloudfront.net\/9\/2019\/06\/Hanna-199x300.jpg 199w\" sizes=\"auto, (max-width: 530px) 100vw, 530px\" \/><\/a><\/p>\n<\/div>\n<\/div><\/div><\/div><div id=\"pgc-1967-1-2\"  class=\"panel-grid-cell panel-grid-cell-mobile-last\" ><div id=\"panel-1967-1-2-0\" class=\"so-panel widget widget_sow-editor panel-first-child panel-last-child\" data-index=\"1\" ><div\n\t\t\t\n\t\t\tclass=\"so-widget-sow-editor so-widget-sow-editor-base\"\n\t\t\t\n\t\t>\n<div class=\"siteorigin-widget-tinymce textwidget\">\n\t<h1>Hanna Johansson<\/h1>\n<p><strong>Namn:<\/strong> Hanna Johansson<br \/>\n<strong>Instagram:<\/strong> <a href=\"https:\/\/www.instagram.com\/hnajoh\/\" target=\"_blank\" rel=\"noopener\">hnajoh<\/a><br \/>\n<strong>\u00c5lder<\/strong>: 35 \u00e5r<br \/>\n<strong>L\u00e4ngd:<\/strong> 171 cm<br \/>\n<strong>Bor:<\/strong> Stockholm och Frankrike<br \/>\n<strong>Yrke:<\/strong> Jobbar p\u00e5 bank och cyklar<\/p>\n<p><strong>Varf\u00f6r vill du vara ambassad\u00f6r i SKODA Cycling Team?<\/strong> Jag gillar att cykla snabbt och snyggt, och kan man inspirera och hj\u00e4lpa folk p\u00e5 v\u00e4gen s\u00e5 \u00e4r det en stor bonus.<\/p>\n<p><strong>Roligaste passen?<\/strong> Korta hetsiga intervaller, g\u00e4rna i backe.<\/p>\n<p><strong>V\u00e4rsta passen?<\/strong> L\u00e5ngpass i sn\u00e5lbl\u00e5st och regn.<\/p>\n<p><strong>Styrkor som cyklist?<\/strong> Stark.<\/p>\n<p><strong>Svagheter som cyklist?<\/strong> T\u00e5lamod<\/p>\n<p><strong>Vad tar du med dig fr\u00e5n tidigare s\u00e4songer?<\/strong> Viktigt att ha kul p\u00e5 v\u00e4gen, lite pepp skadar aldrig!<\/p>\n<p><strong>St\u00f6rsta r\u00e4dslan inf\u00f6r V\u00e4tternrundan?<\/strong> Bli sjuk och missa allt.<\/p>\n<p><strong>Bulle eller wienerbr\u00f6d?<\/strong> Bulle<br \/>\n<strong>Touren eller Vueltan?<\/strong> V\u00e5rklassikerna<br \/>\n<strong>Morgon eller kv\u00e4llspass?<\/strong> Kort och h\u00e5rt p\u00e5 morgonen (\"Morning spins\"), l\u00e5ngt p\u00e5 kv\u00e4llen<br \/>\n<strong>Uppf\u00f6r eller nedf\u00f6r?<\/strong> Nedf\u00f6r<br \/>\n<strong>Tub, tubl\u00f6st eller slang?<\/strong> Tub p\u00e5 t\u00e4vling, annars slang.<br \/>\n<strong>K\u00e4nsla eller data?<\/strong> Siffror, alltid siffror!<br \/>\n<strong>Kort och h\u00e5rt eller l\u00e5ngt och lagom?<\/strong> L\u00e5ngt och h\u00e5rt<\/p>\n<\/div>\n<\/div><\/div><\/div><div id=\"pgc-1967-1-3\"  class=\"panel-grid-cell panel-grid-cell-empty\" ><\/div><\/div><div id=\"pg-1967-2\"  class=\"panel-grid panel-no-style\" ><div id=\"pgc-1967-2-0\"  class=\"panel-grid-cell panel-grid-cell-empty\" ><\/div><\/div><\/div>","protected":false},"excerpt":{"rendered":"<p>Hanna Johansson Namn: Hanna Johansson Instagram: hnajoh \u00c5lder: 35 \u00e5r L\u00e4ngd: 171 cm Bor: Stockholm och Frankrike Yrke: Jobbar p\u00e5 [&hellip;]<\/p>\n","protected":false},"author":52,"featured_media":0,"parent":3121,"menu_order":0,"comment_status":"closed","ping_status":"closed","template":"templates\/template-full-width.php","meta":{"footnotes":""},"tags":[],"class_list":["post-1967","page","type-page","status-publish","hentry"],"yoast_head":"<!-- This site is optimized with the Yoast SEO Premium plugin v25.3 (Yoast SEO v25.9) - https:\/\/yoast.com\/wordpress\/plugins\/seo\/ -->\n<title>Hanna Johansson - \u0160koda - We Love Cycling - Sweden<\/title>\n<meta name=\"robots\" content=\"index, follow, max-snippet:-1, max-image-preview:large, max-video-preview:-1\" \/>\n<link rel=\"canonical\" href=\"https:\/\/www.welovecycling.com\/se\/skoda-cycling-team\/skoda-cycling-team-2022\/hanna-johansson\/\" \/>\n<meta property=\"og:locale\" content=\"sv_SE\" \/>\n<meta property=\"og:type\" content=\"article\" \/>\n<meta property=\"og:title\" content=\"Hanna Johansson\" \/>\n<meta property=\"og:description\" content=\"Hanna Johansson Namn: Hanna Johansson Instagram: hnajoh \u00c5lder: 35 \u00e5r L\u00e4ngd: 171 cm Bor: Stockholm och Frankrike Yrke: Jobbar p\u00e5 [&hellip;]\" \/>\n<meta property=\"og:url\" content=\"https:\/\/www.welovecycling.com\/se\/skoda-cycling-team\/skoda-cycling-team-2022\/hanna-johansson\/\" \/>\n<meta property=\"og:site_name\" content=\"\u0160koda - We Love Cycling - Sweden\" \/>\n<meta property=\"article:modified_time\" content=\"2021-03-25T11:44:54+00:00\" \/>\n<meta property=\"og:image\" content=\"https:\/\/d2p6e6u75xmxt8.cloudfront.net\/9\/2019\/06\/Hanna.jpg\" \/>\n<meta name=\"twitter:card\" content=\"summary_large_image\" \/>\n<meta name=\"twitter:label1\" content=\"Est. reading time\" \/>\n\t<meta name=\"twitter:data1\" content=\"1 minute\" \/>\n<script type=\"application\/ld+json\" class=\"yoast-schema-graph\">{\"@context\":\"https:\/\/schema.org\",\"@graph\":[{\"@type\":\"WebPage\",\"@id\":\"https:\/\/www.welovecycling.com\/se\/skoda-cycling-team\/skoda-cycling-team-2022\/hanna-johansson\/\",\"url\":\"https:\/\/www.welovecycling.com\/se\/skoda-cycling-team\/skoda-cycling-team-2022\/hanna-johansson\/\",\"name\":\"Hanna Johansson - \u0160koda - We Love Cycling - Sweden\",\"isPartOf\":{\"@id\":\"https:\/\/www.welovecycling.com\/se\/#website\"},\"primaryImageOfPage\":{\"@id\":\"https:\/\/www.welovecycling.com\/se\/skoda-cycling-team\/skoda-cycling-team-2022\/hanna-johansson\/#primaryimage\"},\"image\":{\"@id\":\"https:\/\/www.welovecycling.com\/se\/skoda-cycling-team\/skoda-cycling-team-2022\/hanna-johansson\/#primaryimage\"},\"thumbnailUrl\":\"https:\/\/d2p6e6u75xmxt8.cloudfront.net\/9\/2019\/06\/Hanna.jpg\",\"datePublished\":\"2019-04-03T09:33:28+00:00\",\"dateModified\":\"2021-03-25T11:44:54+00:00\",\"breadcrumb\":{\"@id\":\"https:\/\/www.welovecycling.com\/se\/skoda-cycling-team\/skoda-cycling-team-2022\/hanna-johansson\/#breadcrumb\"},\"inLanguage\":\"sv-SE\",\"potentialAction\":[{\"@type\":\"ReadAction\",\"target\":[\"https:\/\/www.welovecycling.com\/se\/skoda-cycling-team\/skoda-cycling-team-2022\/hanna-johansson\/\"]}]},{\"@type\":\"ImageObject\",\"inLanguage\":\"sv-SE\",\"@id\":\"https:\/\/www.welovecycling.com\/se\/skoda-cycling-team\/skoda-cycling-team-2022\/hanna-johansson\/#primaryimage\",\"url\":\"https:\/\/d2p6e6u75xmxt8.cloudfront.net\/9\/2019\/06\/Hanna.jpg\",\"contentUrl\":\"https:\/\/d2p6e6u75xmxt8.cloudfront.net\/9\/2019\/06\/Hanna.jpg\"},{\"@type\":\"BreadcrumbList\",\"@id\":\"https:\/\/www.welovecycling.com\/se\/skoda-cycling-team\/skoda-cycling-team-2022\/hanna-johansson\/#breadcrumb\",\"itemListElement\":[{\"@type\":\"ListItem\",\"position\":1,\"name\":\"Home\",\"item\":\"https:\/\/www.welovecycling.com\/se\/\"},{\"@type\":\"ListItem\",\"position\":2,\"name\":\"\u0160koda Cycling Team\",\"item\":\"https:\/\/www.welovecycling.com\/se\/skoda-cycling-team\/\"},{\"@type\":\"ListItem\",\"position\":3,\"name\":\"\u0160koda Cycling Team 2022\",\"item\":\"https:\/\/www.welovecycling.com\/se\/skoda-cycling-team\/skoda-cycling-team-2022\/\"},{\"@type\":\"ListItem\",\"position\":4,\"name\":\"Hanna Johansson\"}]},{\"@type\":\"WebSite\",\"@id\":\"https:\/\/www.welovecycling.com\/se\/#website\",\"url\":\"https:\/\/www.welovecycling.com\/se\/\",\"name\":\"\u0160koda - We Love Cycling - Sweden\",\"description\":\"\u0160koda We Love Cycling - Sweden\",\"potentialAction\":[{\"@type\":\"SearchAction\",\"target\":{\"@type\":\"EntryPoint\",\"urlTemplate\":\"https:\/\/www.welovecycling.com\/se\/?s={search_term_string}\"},\"query-input\":{\"@type\":\"PropertyValueSpecification\",\"valueRequired\":true,\"valueName\":\"search_term_string\"}}],\"inLanguage\":\"sv-SE\"}]}<\/script>\n<!-- \/ Yoast SEO Premium plugin. -->","yoast_head_json":{"title":"Hanna Johansson - \u0160koda - We Love Cycling - Sweden","robots":{"index":"index","follow":"follow","max-snippet":"max-snippet:-1","max-image-preview":"max-image-preview:large","max-video-preview":"max-video-preview:-1"},"canonical":"https:\/\/www.welovecycling.com\/se\/skoda-cycling-team\/skoda-cycling-team-2022\/hanna-johansson\/","og_locale":"sv_SE","og_type":"article","og_title":"Hanna Johansson","og_description":"Hanna Johansson Namn: Hanna Johansson Instagram: hnajoh \u00c5lder: 35 \u00e5r L\u00e4ngd: 171 cm Bor: Stockholm och Frankrike Yrke: Jobbar p\u00e5 [&hellip;]","og_url":"https:\/\/www.welovecycling.com\/se\/skoda-cycling-team\/skoda-cycling-team-2022\/hanna-johansson\/","og_site_name":"\u0160koda - We Love Cycling - Sweden","article_modified_time":"2021-03-25T11:44:54+00:00","og_image":[{"url":"https:\/\/d2p6e6u75xmxt8.cloudfront.net\/9\/2019\/06\/Hanna.jpg","type":"","width":"","height":""}],"twitter_card":"summary_large_image","twitter_misc":{"Est. reading time":"1 minute"},"schema":{"@context":"https:\/\/schema.org","@graph":[{"@type":"WebPage","@id":"https:\/\/www.welovecycling.com\/se\/skoda-cycling-team\/skoda-cycling-team-2022\/hanna-johansson\/","url":"https:\/\/www.welovecycling.com\/se\/skoda-cycling-team\/skoda-cycling-team-2022\/hanna-johansson\/","name":"Hanna Johansson - \u0160koda - We Love Cycling - Sweden","isPartOf":{"@id":"https:\/\/www.welovecycling.com\/se\/#website"},"primaryImageOfPage":{"@id":"https:\/\/www.welovecycling.com\/se\/skoda-cycling-team\/skoda-cycling-team-2022\/hanna-johansson\/#primaryimage"},"image":{"@id":"https:\/\/www.welovecycling.com\/se\/skoda-cycling-team\/skoda-cycling-team-2022\/hanna-johansson\/#primaryimage"},"thumbnailUrl":"https:\/\/d2p6e6u75xmxt8.cloudfront.net\/9\/2019\/06\/Hanna.jpg","datePublished":"2019-04-03T09:33:28+00:00","dateModified":"2021-03-25T11:44:54+00:00","breadcrumb":{"@id":"https:\/\/www.welovecycling.com\/se\/skoda-cycling-team\/skoda-cycling-team-2022\/hanna-johansson\/#breadcrumb"},"inLanguage":"sv-SE","potentialAction":[{"@type":"ReadAction","target":["https:\/\/www.welovecycling.com\/se\/skoda-cycling-team\/skoda-cycling-team-2022\/hanna-johansson\/"]}]},{"@type":"ImageObject","inLanguage":"sv-SE","@id":"https:\/\/www.welovecycling.com\/se\/skoda-cycling-team\/skoda-cycling-team-2022\/hanna-johansson\/#primaryimage","url":"https:\/\/d2p6e6u75xmxt8.cloudfront.net\/9\/2019\/06\/Hanna.jpg","contentUrl":"https:\/\/d2p6e6u75xmxt8.cloudfront.net\/9\/2019\/06\/Hanna.jpg"},{"@type":"BreadcrumbList","@id":"https:\/\/www.welovecycling.com\/se\/skoda-cycling-team\/skoda-cycling-team-2022\/hanna-johansson\/#breadcrumb","itemListElement":[{"@type":"ListItem","position":1,"name":"Home","item":"https:\/\/www.welovecycling.com\/se\/"},{"@type":"ListItem","position":2,"name":"\u0160koda Cycling Team","item":"https:\/\/www.welovecycling.com\/se\/skoda-cycling-team\/"},{"@type":"ListItem","position":3,"name":"\u0160koda Cycling Team 2022","item":"https:\/\/www.welovecycling.com\/se\/skoda-cycling-team\/skoda-cycling-team-2022\/"},{"@type":"ListItem","position":4,"name":"Hanna Johansson"}]},{"@type":"WebSite","@id":"https:\/\/www.welovecycling.com\/se\/#website","url":"https:\/\/www.welovecycling.com\/se\/","name":"\u0160koda - We Love Cycling - Sweden","description":"\u0160koda We Love Cycling - Sweden","potentialAction":[{"@type":"SearchAction","target":{"@type":"EntryPoint","urlTemplate":"https:\/\/www.welovecycling.com\/se\/?s={search_term_string}"},"query-input":{"@type":"PropertyValueSpecification","valueRequired":true,"valueName":"search_term_string"}}],"inLanguage":"sv-SE"}]}},"_links":{"self":[{"href":"https:\/\/www.welovecycling.com\/se\/wp-json\/wp\/v2\/pages\/1967","targetHints":{"allow":["GET"]}}],"collection":[{"href":"https:\/\/www.welovecycling.com\/se\/wp-json\/wp\/v2\/pages"}],"about":[{"href":"https:\/\/www.welovecycling.com\/se\/wp-json\/wp\/v2\/types\/page"}],"author":[{"embeddable":true,"href":"https:\/\/www.welovecycling.com\/se\/wp-json\/wp\/v2\/users\/52"}],"replies":[{"embeddable":true,"href":"https:\/\/www.welovecycling.com\/se\/wp-json\/wp\/v2\/comments?post=1967"}],"version-history":[{"count":2,"href":"https:\/\/www.welovecycling.com\/se\/wp-json\/wp\/v2\/pages\/1967\/revisions"}],"predecessor-version":[{"id":3804,"href":"https:\/\/www.welovecycling.com\/se\/wp-json\/wp\/v2\/pages\/1967\/revisions\/3804"}],"up":[{"embeddable":true,"href":"https:\/\/www.welovecycling.com\/se\/wp-json\/wp\/v2\/pages\/3121"}],"wp:attachment":[{"href":"https:\/\/www.welovecycling.com\/se\/wp-json\/wp\/v2\/media?parent=1967"}],"wp:term":[{"taxonomy":"post_tag","embeddable":true,"href":"https:\/\/www.welovecycling.com\/se\/wp-json\/wp\/v2\/tags?post=1967"}],"curies":[{"name":"wp","href":"https:\/\/api.w.org\/{rel}","templated":true}]}}