{"id":1959,"date":"2019-04-03T10:33:01","date_gmt":"2019-04-03T09:33:01","guid":{"rendered":"https:\/\/www.welovecycling.com\/se\/?page_id=1959"},"modified":"2021-03-25T12:56:27","modified_gmt":"2021-03-25T11:56:27","slug":"fredrik-kessiakoff","status":"publish","type":"page","link":"https:\/\/www.welovecycling.com\/se\/skoda-cycling-team\/skoda-cycling-team-2022\/fredrik-kessiakoff\/","title":{"rendered":"Fredrik Kessiakoff"},"content":{"rendered":"<div id=\"pl-1959\"  class=\"panel-layout\" ><div id=\"pg-1959-0\"  class=\"panel-grid panel-no-style\" ><div id=\"pgc-1959-0-0\"  class=\"panel-grid-cell panel-grid-cell-empty\" ><\/div><\/div><div id=\"pg-1959-1\"  class=\"panel-grid panel-no-style\" ><div id=\"pgc-1959-1-0\"  class=\"panel-grid-cell panel-grid-cell-empty\" ><\/div><div id=\"pgc-1959-1-1\"  class=\"panel-grid-cell\" ><div id=\"panel-1959-1-1-0\" class=\"so-panel widget widget_sow-editor panel-first-child panel-last-child\" data-index=\"0\" ><div\n\t\t\t\n\t\t\tclass=\"so-widget-sow-editor so-widget-sow-editor-base\"\n\t\t\t\n\t\t>\n<div class=\"siteorigin-widget-tinymce textwidget\">\n\t<p><a href=\"https:\/\/d2p6e6u75xmxt8.cloudfront.net\/9\/2021\/03\/Fredrik-Kessiakoff_530x800.jpeg\"><img loading=\"lazy\" decoding=\"async\" class=\"alignnone wp-image-3487 size-full\" src=\"https:\/\/d2p6e6u75xmxt8.cloudfront.net\/9\/2021\/03\/Fredrik-Kessiakoff_530x800.jpeg\" alt=\"\" width=\"530\" height=\"800\" srcset=\"https:\/\/d2p6e6u75xmxt8.cloudfront.net\/9\/2021\/03\/Fredrik-Kessiakoff_530x800.jpeg 530w, https:\/\/d2p6e6u75xmxt8.cloudfront.net\/9\/2021\/03\/Fredrik-Kessiakoff_530x800-199x300.jpeg 199w\" sizes=\"auto, (max-width: 530px) 100vw, 530px\" \/><\/a><br \/>\n<a href=\"https:\/\/d2p6e6u75xmxt8.cloudfront.net\/9\/2021\/03\/DSC_5833-Exposure.jpg\"><img loading=\"lazy\" decoding=\"async\" class=\"alignnone size-large wp-image-3766\" src=\"https:\/\/d2p6e6u75xmxt8.cloudfront.net\/9\/2021\/03\/DSC_5833-Exposure-1024x683.jpg\" alt=\"\" width=\"1024\" height=\"683\" srcset=\"https:\/\/d2p6e6u75xmxt8.cloudfront.net\/9\/2021\/03\/DSC_5833-Exposure-1024x683.jpg 1024w, https:\/\/d2p6e6u75xmxt8.cloudfront.net\/9\/2021\/03\/DSC_5833-Exposure-300x200.jpg 300w, https:\/\/d2p6e6u75xmxt8.cloudfront.net\/9\/2021\/03\/DSC_5833-Exposure-768x512.jpg 768w, https:\/\/d2p6e6u75xmxt8.cloudfront.net\/9\/2021\/03\/DSC_5833-Exposure-272x182.jpg 272w, https:\/\/d2p6e6u75xmxt8.cloudfront.net\/9\/2021\/03\/DSC_5833-Exposure.jpg 1200w\" sizes=\"auto, (max-width: 1024px) 100vw, 1024px\" \/><\/a><em>Fredrik tillsammans med ambassad\u00f6rskollegan Karl Pamp<\/em><\/p>\n<\/div>\n<\/div><\/div><\/div><div id=\"pgc-1959-1-2\"  class=\"panel-grid-cell panel-grid-cell-mobile-last\" ><div id=\"panel-1959-1-2-0\" class=\"so-panel widget widget_sow-editor panel-first-child panel-last-child\" data-index=\"1\" ><div\n\t\t\t\n\t\t\tclass=\"so-widget-sow-editor so-widget-sow-editor-base\"\n\t\t\t\n\t\t>\n<div class=\"siteorigin-widget-tinymce textwidget\">\n\t<h1>Fredrik Kessiakoff<\/h1>\n<p><b>Namn:<\/b><span style=\"font-weight: 400;\"> Fredrik Kessiakoff<br \/>\n<strong>Instagram: <\/strong><a href=\"https:\/\/www.instagram.com\/fredrikkessiakoff\/\" target=\"_blank\" rel=\"noopener\">fredrikkessiakoff<\/a><br \/>\n<\/span><b>\u00c5lder:<\/b><span style=\"font-weight: 400;\"> 41 \u00e5r<br \/>\n<b>L\u00e4ngd:<\/b> 176 cm<br \/>\n<\/span><b>Bor:<\/b> Stockholm<br \/>\n<b>Familj:<\/b><span style=\"font-weight: 400;\"> Sambo Maria<\/span><span style=\"font-weight: 400;\"><br \/>\n<\/span><b>Yrke:<\/b><span style=\"font-weight: 400;\"> F\u00f6rbundskapten MTB<\/span><\/p>\n<p><b>Varf\u00f6r vill du vara ambassad\u00f6r i SKODA Cycling Team?<\/b><span style=\"font-weight: 400;\"> Jag \u00e4lskar Skodas engagemang i cykelsporten och dessutom beh\u00f6ver jag en knuff i baken f\u00f6r att komma ut och tr\u00e4na och m\u00e5 bra.\u00a0<\/span><\/p>\n<p><strong>Vilken roll brukar du fylla i ett lag?<\/strong> Jag har haft olika roller men 2021 \u00e4r jag en av tv\u00e5 kaptener. V\u00e5r uppgift \u00e4r att se till s\u00e5 att vi h\u00e5ller farten\/h\u00e5lltiderna, men inte minst se till att farten inte trissas upp on\u00f6digt mycket vilket \u00e4r l\u00e4tt h\u00e4nt med s\u00e5 m\u00e5nga starka och taggade cyklister som \u00e4r med i laget.<\/p>\n<p><strong>Vilket \u00e4r ditt starkaste minne p\u00e5 cykeln?<\/strong> Jag har ett halvt liv d\u00e4r jag levt genom cykeln, s\u00e5 minnena \u00e4r m\u00e5nga. Det har varit b\u00e5de h\u00f6jdpunkter och besvikelser, att v\u00e4lja ut ett av minnena \u00e4r om\u00f6jligt \u2013 tyv\u00e4rr.<\/p>\n<p><strong>Var dr\u00f6mmer du om att cykla n\u00e4r pandemin \u00e4r \u00f6ver?<\/strong> Jag l\u00e4ngtar till att f\u00e5 komma s\u00f6derut till v\u00e4rmen och bergen igen, det \u00e4r mitt r\u00e4tta cykel-element!<\/p>\n<p><b>Roligaste passen?<\/b><span style=\"font-weight: 400;\"> De med bra ben<\/span><\/p>\n<p><b>V\u00e4rsta passen?<\/b><span style=\"font-weight: 400;\"> Gissa...<\/span><\/p>\n<p><b>Styrkor som cyklist?<\/b><span style=\"font-weight: 400;\"> Allround<\/span><\/p>\n<p><b>Svagheter som cyklist?<\/b><span style=\"font-weight: 400;\"> Spurten<\/span><\/p>\n<p><b>Vad tar du med dig fr\u00e5n tidigare s\u00e4songer?<\/b><span style=\"font-weight: 400;\"> Lugnet<\/span><\/p>\n<p><b>St\u00f6rsta r\u00e4dslan inf\u00f6r V\u00e4tternrundan?<\/b><span style=\"font-weight: 400;\"> Materialfel<\/span><\/p>\n<p><b>Bulle eller wienerbr\u00f6d?<\/b><span style=\"font-weight: 400;\"> Bulle<\/span><br \/>\n<b>Touren eller Vueltan? <\/b><span style=\"font-weight: 400;\">Touren<\/span><br \/>\n<b>Morgon eller kv\u00e4llspass?<\/b><span style=\"font-weight: 400;\"> Ej f\u00f6r tidig morgonpass<\/span><br \/>\n<b>Uppf\u00f6r eller nedf\u00f6r?<\/b><span style=\"font-weight: 400;\"> B\u00e5da!<\/span><br \/>\n<b>Tub, tubl\u00f6st eller slang?<\/b><span style=\"font-weight: 400;\"> Slang<\/span><br \/>\n<b>K\u00e4nsla eller data?<\/b><span style=\"font-weight: 400;\"> K\u00e4nsla<\/span><br \/>\n<b>Kort och h\u00e5rt eller l\u00e5ngt och lagom?<\/b><span style=\"font-weight: 400;\"> L\u00e5ngt och lugnt!<\/span><\/p>\n<\/div>\n<\/div><\/div><\/div><div id=\"pgc-1959-1-3\"  class=\"panel-grid-cell panel-grid-cell-empty\" ><\/div><\/div><div id=\"pg-1959-2\"  class=\"panel-grid panel-no-style\" ><div id=\"pgc-1959-2-0\"  class=\"panel-grid-cell panel-grid-cell-empty\" ><\/div><\/div><\/div>","protected":false},"excerpt":{"rendered":"<p>Fredrik tillsammans med ambassad\u00f6rskollegan Karl Pamp Fredrik Kessiakoff Namn: Fredrik Kessiakoff Instagram: fredrikkessiakoff \u00c5lder: 41 \u00e5r L\u00e4ngd: 176 cm Bor: [&hellip;]<\/p>\n","protected":false},"author":52,"featured_media":0,"parent":3121,"menu_order":0,"comment_status":"closed","ping_status":"closed","template":"templates\/template-full-width.php","meta":{"footnotes":""},"tags":[],"class_list":["post-1959","page","type-page","status-publish","hentry"],"yoast_head":"<!-- This site is optimized with the Yoast SEO Premium plugin v25.3 (Yoast SEO v25.9) - https:\/\/yoast.com\/wordpress\/plugins\/seo\/ -->\n<title>Fredrik Kessiakoff - \u0160koda - We Love Cycling - Sweden<\/title>\n<meta name=\"robots\" content=\"index, follow, max-snippet:-1, max-image-preview:large, max-video-preview:-1\" \/>\n<link rel=\"canonical\" href=\"https:\/\/www.welovecycling.com\/se\/skoda-cycling-team\/skoda-cycling-team-2022\/fredrik-kessiakoff\/\" \/>\n<meta property=\"og:locale\" content=\"sv_SE\" \/>\n<meta property=\"og:type\" content=\"article\" \/>\n<meta property=\"og:title\" content=\"Fredrik Kessiakoff\" \/>\n<meta property=\"og:description\" content=\"Fredrik tillsammans med ambassad\u00f6rskollegan Karl Pamp Fredrik Kessiakoff Namn: Fredrik Kessiakoff Instagram: fredrikkessiakoff \u00c5lder: 41 \u00e5r L\u00e4ngd: 176 cm Bor: [&hellip;]\" \/>\n<meta property=\"og:url\" content=\"https:\/\/www.welovecycling.com\/se\/skoda-cycling-team\/skoda-cycling-team-2022\/fredrik-kessiakoff\/\" \/>\n<meta property=\"og:site_name\" content=\"\u0160koda - We Love Cycling - Sweden\" \/>\n<meta property=\"article:modified_time\" content=\"2021-03-25T11:56:27+00:00\" \/>\n<meta property=\"og:image\" content=\"https:\/\/d2p6e6u75xmxt8.cloudfront.net\/9\/2021\/03\/Fredrik-Kessiakoff_530x800.jpeg\" \/>\n<meta name=\"twitter:card\" content=\"summary_large_image\" \/>\n<meta name=\"twitter:label1\" content=\"Est. reading time\" \/>\n\t<meta name=\"twitter:data1\" content=\"1 minute\" \/>\n<script type=\"application\/ld+json\" class=\"yoast-schema-graph\">{\"@context\":\"https:\/\/schema.org\",\"@graph\":[{\"@type\":\"WebPage\",\"@id\":\"https:\/\/www.welovecycling.com\/se\/skoda-cycling-team\/skoda-cycling-team-2022\/fredrik-kessiakoff\/\",\"url\":\"https:\/\/www.welovecycling.com\/se\/skoda-cycling-team\/skoda-cycling-team-2022\/fredrik-kessiakoff\/\",\"name\":\"Fredrik Kessiakoff - \u0160koda - We Love Cycling - Sweden\",\"isPartOf\":{\"@id\":\"https:\/\/www.welovecycling.com\/se\/#website\"},\"primaryImageOfPage\":{\"@id\":\"https:\/\/www.welovecycling.com\/se\/skoda-cycling-team\/skoda-cycling-team-2022\/fredrik-kessiakoff\/#primaryimage\"},\"image\":{\"@id\":\"https:\/\/www.welovecycling.com\/se\/skoda-cycling-team\/skoda-cycling-team-2022\/fredrik-kessiakoff\/#primaryimage\"},\"thumbnailUrl\":\"https:\/\/d2p6e6u75xmxt8.cloudfront.net\/9\/2021\/03\/Fredrik-Kessiakoff_530x800.jpeg\",\"datePublished\":\"2019-04-03T09:33:01+00:00\",\"dateModified\":\"2021-03-25T11:56:27+00:00\",\"breadcrumb\":{\"@id\":\"https:\/\/www.welovecycling.com\/se\/skoda-cycling-team\/skoda-cycling-team-2022\/fredrik-kessiakoff\/#breadcrumb\"},\"inLanguage\":\"sv-SE\",\"potentialAction\":[{\"@type\":\"ReadAction\",\"target\":[\"https:\/\/www.welovecycling.com\/se\/skoda-cycling-team\/skoda-cycling-team-2022\/fredrik-kessiakoff\/\"]}]},{\"@type\":\"ImageObject\",\"inLanguage\":\"sv-SE\",\"@id\":\"https:\/\/www.welovecycling.com\/se\/skoda-cycling-team\/skoda-cycling-team-2022\/fredrik-kessiakoff\/#primaryimage\",\"url\":\"https:\/\/d2p6e6u75xmxt8.cloudfront.net\/9\/2021\/03\/Fredrik-Kessiakoff_530x800.jpeg\",\"contentUrl\":\"https:\/\/d2p6e6u75xmxt8.cloudfront.net\/9\/2021\/03\/Fredrik-Kessiakoff_530x800.jpeg\"},{\"@type\":\"BreadcrumbList\",\"@id\":\"https:\/\/www.welovecycling.com\/se\/skoda-cycling-team\/skoda-cycling-team-2022\/fredrik-kessiakoff\/#breadcrumb\",\"itemListElement\":[{\"@type\":\"ListItem\",\"position\":1,\"name\":\"Home\",\"item\":\"https:\/\/www.welovecycling.com\/se\/\"},{\"@type\":\"ListItem\",\"position\":2,\"name\":\"\u0160koda Cycling Team\",\"item\":\"https:\/\/www.welovecycling.com\/se\/skoda-cycling-team\/\"},{\"@type\":\"ListItem\",\"position\":3,\"name\":\"\u0160koda Cycling Team 2022\",\"item\":\"https:\/\/www.welovecycling.com\/se\/skoda-cycling-team\/skoda-cycling-team-2022\/\"},{\"@type\":\"ListItem\",\"position\":4,\"name\":\"Fredrik Kessiakoff\"}]},{\"@type\":\"WebSite\",\"@id\":\"https:\/\/www.welovecycling.com\/se\/#website\",\"url\":\"https:\/\/www.welovecycling.com\/se\/\",\"name\":\"\u0160koda - We Love Cycling - Sweden\",\"description\":\"\u0160koda We Love Cycling - Sweden\",\"potentialAction\":[{\"@type\":\"SearchAction\",\"target\":{\"@type\":\"EntryPoint\",\"urlTemplate\":\"https:\/\/www.welovecycling.com\/se\/?s={search_term_string}\"},\"query-input\":{\"@type\":\"PropertyValueSpecification\",\"valueRequired\":true,\"valueName\":\"search_term_string\"}}],\"inLanguage\":\"sv-SE\"}]}<\/script>\n<!-- \/ Yoast SEO Premium plugin. -->","yoast_head_json":{"title":"Fredrik Kessiakoff - \u0160koda - We Love Cycling - Sweden","robots":{"index":"index","follow":"follow","max-snippet":"max-snippet:-1","max-image-preview":"max-image-preview:large","max-video-preview":"max-video-preview:-1"},"canonical":"https:\/\/www.welovecycling.com\/se\/skoda-cycling-team\/skoda-cycling-team-2022\/fredrik-kessiakoff\/","og_locale":"sv_SE","og_type":"article","og_title":"Fredrik Kessiakoff","og_description":"Fredrik tillsammans med ambassad\u00f6rskollegan Karl Pamp Fredrik Kessiakoff Namn: Fredrik Kessiakoff Instagram: fredrikkessiakoff \u00c5lder: 41 \u00e5r L\u00e4ngd: 176 cm Bor: [&hellip;]","og_url":"https:\/\/www.welovecycling.com\/se\/skoda-cycling-team\/skoda-cycling-team-2022\/fredrik-kessiakoff\/","og_site_name":"\u0160koda - We Love Cycling - Sweden","article_modified_time":"2021-03-25T11:56:27+00:00","og_image":[{"url":"https:\/\/d2p6e6u75xmxt8.cloudfront.net\/9\/2021\/03\/Fredrik-Kessiakoff_530x800.jpeg","type":"","width":"","height":""}],"twitter_card":"summary_large_image","twitter_misc":{"Est. reading time":"1 minute"},"schema":{"@context":"https:\/\/schema.org","@graph":[{"@type":"WebPage","@id":"https:\/\/www.welovecycling.com\/se\/skoda-cycling-team\/skoda-cycling-team-2022\/fredrik-kessiakoff\/","url":"https:\/\/www.welovecycling.com\/se\/skoda-cycling-team\/skoda-cycling-team-2022\/fredrik-kessiakoff\/","name":"Fredrik Kessiakoff - \u0160koda - We Love Cycling - Sweden","isPartOf":{"@id":"https:\/\/www.welovecycling.com\/se\/#website"},"primaryImageOfPage":{"@id":"https:\/\/www.welovecycling.com\/se\/skoda-cycling-team\/skoda-cycling-team-2022\/fredrik-kessiakoff\/#primaryimage"},"image":{"@id":"https:\/\/www.welovecycling.com\/se\/skoda-cycling-team\/skoda-cycling-team-2022\/fredrik-kessiakoff\/#primaryimage"},"thumbnailUrl":"https:\/\/d2p6e6u75xmxt8.cloudfront.net\/9\/2021\/03\/Fredrik-Kessiakoff_530x800.jpeg","datePublished":"2019-04-03T09:33:01+00:00","dateModified":"2021-03-25T11:56:27+00:00","breadcrumb":{"@id":"https:\/\/www.welovecycling.com\/se\/skoda-cycling-team\/skoda-cycling-team-2022\/fredrik-kessiakoff\/#breadcrumb"},"inLanguage":"sv-SE","potentialAction":[{"@type":"ReadAction","target":["https:\/\/www.welovecycling.com\/se\/skoda-cycling-team\/skoda-cycling-team-2022\/fredrik-kessiakoff\/"]}]},{"@type":"ImageObject","inLanguage":"sv-SE","@id":"https:\/\/www.welovecycling.com\/se\/skoda-cycling-team\/skoda-cycling-team-2022\/fredrik-kessiakoff\/#primaryimage","url":"https:\/\/d2p6e6u75xmxt8.cloudfront.net\/9\/2021\/03\/Fredrik-Kessiakoff_530x800.jpeg","contentUrl":"https:\/\/d2p6e6u75xmxt8.cloudfront.net\/9\/2021\/03\/Fredrik-Kessiakoff_530x800.jpeg"},{"@type":"BreadcrumbList","@id":"https:\/\/www.welovecycling.com\/se\/skoda-cycling-team\/skoda-cycling-team-2022\/fredrik-kessiakoff\/#breadcrumb","itemListElement":[{"@type":"ListItem","position":1,"name":"Home","item":"https:\/\/www.welovecycling.com\/se\/"},{"@type":"ListItem","position":2,"name":"\u0160koda Cycling Team","item":"https:\/\/www.welovecycling.com\/se\/skoda-cycling-team\/"},{"@type":"ListItem","position":3,"name":"\u0160koda Cycling Team 2022","item":"https:\/\/www.welovecycling.com\/se\/skoda-cycling-team\/skoda-cycling-team-2022\/"},{"@type":"ListItem","position":4,"name":"Fredrik Kessiakoff"}]},{"@type":"WebSite","@id":"https:\/\/www.welovecycling.com\/se\/#website","url":"https:\/\/www.welovecycling.com\/se\/","name":"\u0160koda - We Love Cycling - Sweden","description":"\u0160koda We Love Cycling - Sweden","potentialAction":[{"@type":"SearchAction","target":{"@type":"EntryPoint","urlTemplate":"https:\/\/www.welovecycling.com\/se\/?s={search_term_string}"},"query-input":{"@type":"PropertyValueSpecification","valueRequired":true,"valueName":"search_term_string"}}],"inLanguage":"sv-SE"}]}},"_links":{"self":[{"href":"https:\/\/www.welovecycling.com\/se\/wp-json\/wp\/v2\/pages\/1959","targetHints":{"allow":["GET"]}}],"collection":[{"href":"https:\/\/www.welovecycling.com\/se\/wp-json\/wp\/v2\/pages"}],"about":[{"href":"https:\/\/www.welovecycling.com\/se\/wp-json\/wp\/v2\/types\/page"}],"author":[{"embeddable":true,"href":"https:\/\/www.welovecycling.com\/se\/wp-json\/wp\/v2\/users\/52"}],"replies":[{"embeddable":true,"href":"https:\/\/www.welovecycling.com\/se\/wp-json\/wp\/v2\/comments?post=1959"}],"version-history":[{"count":2,"href":"https:\/\/www.welovecycling.com\/se\/wp-json\/wp\/v2\/pages\/1959\/revisions"}],"predecessor-version":[{"id":3811,"href":"https:\/\/www.welovecycling.com\/se\/wp-json\/wp\/v2\/pages\/1959\/revisions\/3811"}],"up":[{"embeddable":true,"href":"https:\/\/www.welovecycling.com\/se\/wp-json\/wp\/v2\/pages\/3121"}],"wp:attachment":[{"href":"https:\/\/www.welovecycling.com\/se\/wp-json\/wp\/v2\/media?parent=1959"}],"wp:term":[{"taxonomy":"post_tag","embeddable":true,"href":"https:\/\/www.welovecycling.com\/se\/wp-json\/wp\/v2\/tags?post=1959"}],"curies":[{"name":"wp","href":"https:\/\/api.w.org\/{rel}","templated":true}]}}