{"id":1951,"date":"2019-04-03T10:34:06","date_gmt":"2019-04-03T09:34:06","guid":{"rendered":"https:\/\/www.welovecycling.com\/se\/?page_id=1951"},"modified":"2021-03-25T16:21:54","modified_gmt":"2021-03-25T15:21:54","slug":"daniel-adams-ray","status":"publish","type":"page","link":"https:\/\/www.welovecycling.com\/se\/skoda-cycling-team\/skoda-cycling-team-2022\/daniel-adams-ray\/","title":{"rendered":"Daniel Adams Ray"},"content":{"rendered":"<div id=\"pl-1951\"  class=\"panel-layout\" ><div id=\"pg-1951-0\"  class=\"panel-grid panel-no-style\" ><div id=\"pgc-1951-0-0\"  class=\"panel-grid-cell panel-grid-cell-empty\" ><\/div><\/div><div id=\"pg-1951-1\"  class=\"panel-grid panel-no-style\" ><div id=\"pgc-1951-1-0\"  class=\"panel-grid-cell panel-grid-cell-empty\" ><\/div><div id=\"pgc-1951-1-1\"  class=\"panel-grid-cell\" ><div id=\"panel-1951-1-1-0\" class=\"so-panel widget widget_sow-editor panel-first-child panel-last-child\" data-index=\"0\" ><div\n\t\t\t\n\t\t\tclass=\"so-widget-sow-editor so-widget-sow-editor-base\"\n\t\t\t\n\t\t>\n<div class=\"siteorigin-widget-tinymce textwidget\">\n\t<p><a href=\"https:\/\/d2p6e6u75xmxt8.cloudfront.net\/9\/2019\/06\/danieladamsray.jpg\"><img loading=\"lazy\" decoding=\"async\" class=\"alignnone size-full wp-image-2212\" src=\"https:\/\/d2p6e6u75xmxt8.cloudfront.net\/9\/2019\/06\/danieladamsray.jpg\" alt=\"\" width=\"530\" height=\"800\" srcset=\"https:\/\/d2p6e6u75xmxt8.cloudfront.net\/9\/2019\/06\/danieladamsray.jpg 530w, https:\/\/d2p6e6u75xmxt8.cloudfront.net\/9\/2019\/06\/danieladamsray-199x300.jpg 199w\" sizes=\"auto, (max-width: 530px) 100vw, 530px\" \/><\/a><\/p>\n<\/div>\n<\/div><\/div><\/div><div id=\"pgc-1951-1-2\"  class=\"panel-grid-cell panel-grid-cell-mobile-last\" ><div id=\"panel-1951-1-2-0\" class=\"so-panel widget widget_sow-editor panel-first-child panel-last-child\" data-index=\"1\" ><div\n\t\t\t\n\t\t\tclass=\"so-widget-sow-editor so-widget-sow-editor-base\"\n\t\t\t\n\t\t>\n<div class=\"siteorigin-widget-tinymce textwidget\">\n\t<h1>Daniel Adams Ray<\/h1>\n<p><b>Namn:<\/b><span style=\"font-weight: 400;\"> Daniel Adams Ray<br \/>\n<strong>Instagram: <\/strong><a href=\"https:\/\/www.instagram.com\/danieladamsray\/\" target=\"_blank\" rel=\"noopener\">danieladamsray<\/a><br \/>\n<\/span><b>\u00c5lder:<\/b><span style=\"font-weight: 400;\"> 35 \u00e5r<br \/>\n<b>L\u00e4ngd:<\/b> 178 cm<br \/>\n<\/span><b>Bor:<\/b><span style=\"font-weight: 400;\">\u00a0Vasastan<br \/>\n<\/span><b>Familj:<\/b><span style=\"font-weight: 400;\">\u00a0Privat<br \/>\n<\/span><b>Yrke:<\/b><span style=\"font-weight: 400;\">\u00a0Musiker<\/span><\/p>\n<div dir=\"ltr\">\n<p><b class=\"\">Varf\u00f6r vill du vara ambassad\u00f6r i SKODA Cycling Team? <\/b>Jag blir glad av att cykla, uppskattar en enhetlig look och inspireras av folk som \u00e4r oerh\u00f6rt mycket starkare \u00e4n mig.<\/p>\n<\/div>\n<div dir=\"ltr\">\n<div class=\"\">\n<p class=\"\"><b class=\"\">Vilket \u00e4r ditt f\u00f6rsta intryck av din rekryt <a href=\"https:\/\/www.welovecycling.com\/se\/skoda-cycling-team\/skoda-cycling-team-2021\/lambert-rutaganda\/\">Lambert<\/a>?<\/b> Det vilar ett lugn \u00f6ver Lambert. Han \u00e4r totalt or\u00e4dd och han \u00e4r krallig. Allt det d\u00e4r jag aldrig blev.<\/p>\n<\/div>\n<\/div>\n<p><b class=\"\">Vad kommer du fr\u00e4mst l\u00e4ra din rekryt?<\/b>\u00a0Lambert beh\u00f6ver egentligen ingen hj\u00e4lp. Men \u00e4r det n\u00e5tt s\u00e5 kanske att hush\u00e5lla med krafterna och att \u00e4ta och dricka.<\/p>\n<div dir=\"ltr\">\n<div class=\"\">\n<p class=\"\"><strong class=\"\">Vad beh\u00f6ver din rekryt t\u00e4nka p\u00e5 under s\u00e4songen? <\/strong>Att inte h\u00e4nga av sin ambassad\u00f6r.<\/p>\n<\/div>\n<\/div>\n<p><b>Roligaste passen?\u00a0<\/b>Allt i korta bibs. Och strumpl\u00f6st s\u00e5klart.<\/p>\n<p><b>V\u00e4rsta passen?\u00a0<\/b>L\u00e5nga bibs och kalla fingrar.<\/p>\n<p><b>Styrkor som cyklist?<\/b><span style=\"font-weight: 400;\"> Jobbar p\u00e5 det.<\/span><\/p>\n<p><b>Svagheter som cyklist?<\/b><span style=\"font-weight: 400;\"> Cyklar aningen f\u00f6r defensivt och f\u00f6rsiktigt f\u00f6r att kunna slappna av n\u00e4r det g\u00e5r fort i klunga.<\/span><\/p>\n<p><b>Vad tar du med dig fr\u00e5n tidigare s\u00e4songer?<\/b><span style=\"font-weight: 400;\">\u00a0Energin i gruppen g\u00f6r att man utan att \u00f6verdriva orkar tio mil till. Det blir s\u00e5 extremt tydligt f\u00f6r mig som vanligtvis t\u00e4vlar individuellt. Tappar jag hum\u00f6ret under ett ironman \u00e4r det enbart upp till mig att v\u00e4nda f\u00f6rs\u00f6ka v\u00e4nda den negativa trenden. I Skoda Cycling Team finns det alltid en kollektiv axel att luta sig mot!<\/span><\/p>\n<p><b>St\u00f6rsta r\u00e4dslan inf\u00f6r V\u00e4tternrundan?\u00a0<\/b>Jag peppar p\u00e5 att alla kommer fram hela. Ut\u00f6ver det ingenting.<\/p>\n<p><b>Bulle eller wienerbr\u00f6d?<\/b><span style=\"font-weight: 400;\">\u00a0B\u00e5de och?<\/span><br \/>\n<b>Touren eller Vueltan?\u00a0<\/b>Gillar att cykla men har hittills inte varit s\u00e5 intresserad av sporten som \u00e5sk\u00e5dare. Det g\u00f6r sig inte s\u00e5 bra p\u00e5 TV enligt mig. Men blir s\u00e4kert fr\u00e4lst om jag f\u00e5r uppleva det IRL n\u00e5n g\u00e5ng!<br \/>\n<b>Morgon eller kv\u00e4llspass?<\/b><span style=\"font-weight: 400;\"> Morningspins med kaffe efter\u00e5t<\/span><br \/>\n<b>Uppf\u00f6r eller nedf\u00f6r?<\/b><span style=\"font-weight: 400;\">\u00a0Uppf\u00f6r<\/span><br \/>\n<b>Tub, tubl\u00f6st eller slang?<\/b><span style=\"font-weight: 400;\">\u00a0Bryr mig inte<\/span><br \/>\n<b>K\u00e4nsla eller data?<\/b><span style=\"font-weight: 400;\">\u00a0Data. K\u00e4nsla kommer n\u00e4r jag tittar p\u00e5 den efter\u00e5t<\/span><br \/>\n<b>Kort och h\u00e5rt eller l\u00e5ngt och lagom?<\/b><span style=\"font-weight: 400;\">\u00a0Kort och h\u00e5rt<\/span><\/p>\n<\/div>\n<\/div><\/div><\/div><div id=\"pgc-1951-1-3\"  class=\"panel-grid-cell panel-grid-cell-empty\" ><\/div><\/div><div id=\"pg-1951-2\"  class=\"panel-grid panel-no-style\" ><div id=\"pgc-1951-2-0\"  class=\"panel-grid-cell panel-grid-cell-empty\" ><\/div><\/div><\/div>","protected":false},"excerpt":{"rendered":"<p>Daniel Adams Ray Namn: Daniel Adams Ray Instagram: danieladamsray \u00c5lder: 35 \u00e5r L\u00e4ngd: 178 cm Bor:\u00a0Vasastan Familj:\u00a0Privat Yrke:\u00a0Musiker Varf\u00f6r vill [&hellip;]<\/p>\n","protected":false},"author":52,"featured_media":0,"parent":3121,"menu_order":0,"comment_status":"closed","ping_status":"closed","template":"templates\/template-full-width.php","meta":{"footnotes":""},"tags":[],"class_list":["post-1951","page","type-page","status-publish","hentry"],"yoast_head":"<!-- This site is optimized with the Yoast SEO Premium plugin v25.3 (Yoast SEO v25.9) - https:\/\/yoast.com\/wordpress\/plugins\/seo\/ -->\n<title>Daniel Adams Ray - \u0160koda - We Love Cycling - Sweden<\/title>\n<meta name=\"robots\" content=\"index, follow, max-snippet:-1, max-image-preview:large, max-video-preview:-1\" \/>\n<link rel=\"canonical\" href=\"https:\/\/www.welovecycling.com\/se\/skoda-cycling-team\/skoda-cycling-team-2022\/daniel-adams-ray\/\" \/>\n<meta property=\"og:locale\" content=\"sv_SE\" \/>\n<meta property=\"og:type\" content=\"article\" \/>\n<meta property=\"og:title\" content=\"Daniel Adams Ray\" \/>\n<meta property=\"og:description\" content=\"Daniel Adams Ray Namn: Daniel Adams Ray Instagram: danieladamsray \u00c5lder: 35 \u00e5r L\u00e4ngd: 178 cm Bor:\u00a0Vasastan Familj:\u00a0Privat Yrke:\u00a0Musiker Varf\u00f6r vill [&hellip;]\" \/>\n<meta property=\"og:url\" content=\"https:\/\/www.welovecycling.com\/se\/skoda-cycling-team\/skoda-cycling-team-2022\/daniel-adams-ray\/\" \/>\n<meta property=\"og:site_name\" content=\"\u0160koda - We Love Cycling - Sweden\" \/>\n<meta property=\"article:modified_time\" content=\"2021-03-25T15:21:54+00:00\" \/>\n<meta property=\"og:image\" content=\"https:\/\/d2p6e6u75xmxt8.cloudfront.net\/9\/2019\/06\/danieladamsray.jpg\" \/>\n<meta name=\"twitter:card\" content=\"summary_large_image\" \/>\n<meta name=\"twitter:label1\" content=\"Est. reading time\" \/>\n\t<meta name=\"twitter:data1\" content=\"2 minutes\" \/>\n<script type=\"application\/ld+json\" class=\"yoast-schema-graph\">{\"@context\":\"https:\/\/schema.org\",\"@graph\":[{\"@type\":\"WebPage\",\"@id\":\"https:\/\/www.welovecycling.com\/se\/skoda-cycling-team\/skoda-cycling-team-2022\/daniel-adams-ray\/\",\"url\":\"https:\/\/www.welovecycling.com\/se\/skoda-cycling-team\/skoda-cycling-team-2022\/daniel-adams-ray\/\",\"name\":\"Daniel Adams Ray - \u0160koda - We Love Cycling - Sweden\",\"isPartOf\":{\"@id\":\"https:\/\/www.welovecycling.com\/se\/#website\"},\"primaryImageOfPage\":{\"@id\":\"https:\/\/www.welovecycling.com\/se\/skoda-cycling-team\/skoda-cycling-team-2022\/daniel-adams-ray\/#primaryimage\"},\"image\":{\"@id\":\"https:\/\/www.welovecycling.com\/se\/skoda-cycling-team\/skoda-cycling-team-2022\/daniel-adams-ray\/#primaryimage\"},\"thumbnailUrl\":\"https:\/\/d2p6e6u75xmxt8.cloudfront.net\/9\/2019\/06\/danieladamsray.jpg\",\"datePublished\":\"2019-04-03T09:34:06+00:00\",\"dateModified\":\"2021-03-25T15:21:54+00:00\",\"breadcrumb\":{\"@id\":\"https:\/\/www.welovecycling.com\/se\/skoda-cycling-team\/skoda-cycling-team-2022\/daniel-adams-ray\/#breadcrumb\"},\"inLanguage\":\"sv-SE\",\"potentialAction\":[{\"@type\":\"ReadAction\",\"target\":[\"https:\/\/www.welovecycling.com\/se\/skoda-cycling-team\/skoda-cycling-team-2022\/daniel-adams-ray\/\"]}]},{\"@type\":\"ImageObject\",\"inLanguage\":\"sv-SE\",\"@id\":\"https:\/\/www.welovecycling.com\/se\/skoda-cycling-team\/skoda-cycling-team-2022\/daniel-adams-ray\/#primaryimage\",\"url\":\"https:\/\/d2p6e6u75xmxt8.cloudfront.net\/9\/2019\/06\/danieladamsray.jpg\",\"contentUrl\":\"https:\/\/d2p6e6u75xmxt8.cloudfront.net\/9\/2019\/06\/danieladamsray.jpg\"},{\"@type\":\"BreadcrumbList\",\"@id\":\"https:\/\/www.welovecycling.com\/se\/skoda-cycling-team\/skoda-cycling-team-2022\/daniel-adams-ray\/#breadcrumb\",\"itemListElement\":[{\"@type\":\"ListItem\",\"position\":1,\"name\":\"Home\",\"item\":\"https:\/\/www.welovecycling.com\/se\/\"},{\"@type\":\"ListItem\",\"position\":2,\"name\":\"\u0160koda Cycling Team\",\"item\":\"https:\/\/www.welovecycling.com\/se\/skoda-cycling-team\/\"},{\"@type\":\"ListItem\",\"position\":3,\"name\":\"\u0160koda Cycling Team 2022\",\"item\":\"https:\/\/www.welovecycling.com\/se\/skoda-cycling-team\/skoda-cycling-team-2022\/\"},{\"@type\":\"ListItem\",\"position\":4,\"name\":\"Daniel Adams Ray\"}]},{\"@type\":\"WebSite\",\"@id\":\"https:\/\/www.welovecycling.com\/se\/#website\",\"url\":\"https:\/\/www.welovecycling.com\/se\/\",\"name\":\"\u0160koda - We Love Cycling - Sweden\",\"description\":\"\u0160koda We Love Cycling - Sweden\",\"potentialAction\":[{\"@type\":\"SearchAction\",\"target\":{\"@type\":\"EntryPoint\",\"urlTemplate\":\"https:\/\/www.welovecycling.com\/se\/?s={search_term_string}\"},\"query-input\":{\"@type\":\"PropertyValueSpecification\",\"valueRequired\":true,\"valueName\":\"search_term_string\"}}],\"inLanguage\":\"sv-SE\"}]}<\/script>\n<!-- \/ Yoast SEO Premium plugin. -->","yoast_head_json":{"title":"Daniel Adams Ray - \u0160koda - We Love Cycling - Sweden","robots":{"index":"index","follow":"follow","max-snippet":"max-snippet:-1","max-image-preview":"max-image-preview:large","max-video-preview":"max-video-preview:-1"},"canonical":"https:\/\/www.welovecycling.com\/se\/skoda-cycling-team\/skoda-cycling-team-2022\/daniel-adams-ray\/","og_locale":"sv_SE","og_type":"article","og_title":"Daniel Adams Ray","og_description":"Daniel Adams Ray Namn: Daniel Adams Ray Instagram: danieladamsray \u00c5lder: 35 \u00e5r L\u00e4ngd: 178 cm Bor:\u00a0Vasastan Familj:\u00a0Privat Yrke:\u00a0Musiker Varf\u00f6r vill [&hellip;]","og_url":"https:\/\/www.welovecycling.com\/se\/skoda-cycling-team\/skoda-cycling-team-2022\/daniel-adams-ray\/","og_site_name":"\u0160koda - We Love Cycling - Sweden","article_modified_time":"2021-03-25T15:21:54+00:00","og_image":[{"url":"https:\/\/d2p6e6u75xmxt8.cloudfront.net\/9\/2019\/06\/danieladamsray.jpg","type":"","width":"","height":""}],"twitter_card":"summary_large_image","twitter_misc":{"Est. reading time":"2 minutes"},"schema":{"@context":"https:\/\/schema.org","@graph":[{"@type":"WebPage","@id":"https:\/\/www.welovecycling.com\/se\/skoda-cycling-team\/skoda-cycling-team-2022\/daniel-adams-ray\/","url":"https:\/\/www.welovecycling.com\/se\/skoda-cycling-team\/skoda-cycling-team-2022\/daniel-adams-ray\/","name":"Daniel Adams Ray - \u0160koda - We Love Cycling - Sweden","isPartOf":{"@id":"https:\/\/www.welovecycling.com\/se\/#website"},"primaryImageOfPage":{"@id":"https:\/\/www.welovecycling.com\/se\/skoda-cycling-team\/skoda-cycling-team-2022\/daniel-adams-ray\/#primaryimage"},"image":{"@id":"https:\/\/www.welovecycling.com\/se\/skoda-cycling-team\/skoda-cycling-team-2022\/daniel-adams-ray\/#primaryimage"},"thumbnailUrl":"https:\/\/d2p6e6u75xmxt8.cloudfront.net\/9\/2019\/06\/danieladamsray.jpg","datePublished":"2019-04-03T09:34:06+00:00","dateModified":"2021-03-25T15:21:54+00:00","breadcrumb":{"@id":"https:\/\/www.welovecycling.com\/se\/skoda-cycling-team\/skoda-cycling-team-2022\/daniel-adams-ray\/#breadcrumb"},"inLanguage":"sv-SE","potentialAction":[{"@type":"ReadAction","target":["https:\/\/www.welovecycling.com\/se\/skoda-cycling-team\/skoda-cycling-team-2022\/daniel-adams-ray\/"]}]},{"@type":"ImageObject","inLanguage":"sv-SE","@id":"https:\/\/www.welovecycling.com\/se\/skoda-cycling-team\/skoda-cycling-team-2022\/daniel-adams-ray\/#primaryimage","url":"https:\/\/d2p6e6u75xmxt8.cloudfront.net\/9\/2019\/06\/danieladamsray.jpg","contentUrl":"https:\/\/d2p6e6u75xmxt8.cloudfront.net\/9\/2019\/06\/danieladamsray.jpg"},{"@type":"BreadcrumbList","@id":"https:\/\/www.welovecycling.com\/se\/skoda-cycling-team\/skoda-cycling-team-2022\/daniel-adams-ray\/#breadcrumb","itemListElement":[{"@type":"ListItem","position":1,"name":"Home","item":"https:\/\/www.welovecycling.com\/se\/"},{"@type":"ListItem","position":2,"name":"\u0160koda Cycling Team","item":"https:\/\/www.welovecycling.com\/se\/skoda-cycling-team\/"},{"@type":"ListItem","position":3,"name":"\u0160koda Cycling Team 2022","item":"https:\/\/www.welovecycling.com\/se\/skoda-cycling-team\/skoda-cycling-team-2022\/"},{"@type":"ListItem","position":4,"name":"Daniel Adams Ray"}]},{"@type":"WebSite","@id":"https:\/\/www.welovecycling.com\/se\/#website","url":"https:\/\/www.welovecycling.com\/se\/","name":"\u0160koda - We Love Cycling - Sweden","description":"\u0160koda We Love Cycling - Sweden","potentialAction":[{"@type":"SearchAction","target":{"@type":"EntryPoint","urlTemplate":"https:\/\/www.welovecycling.com\/se\/?s={search_term_string}"},"query-input":{"@type":"PropertyValueSpecification","valueRequired":true,"valueName":"search_term_string"}}],"inLanguage":"sv-SE"}]}},"_links":{"self":[{"href":"https:\/\/www.welovecycling.com\/se\/wp-json\/wp\/v2\/pages\/1951","targetHints":{"allow":["GET"]}}],"collection":[{"href":"https:\/\/www.welovecycling.com\/se\/wp-json\/wp\/v2\/pages"}],"about":[{"href":"https:\/\/www.welovecycling.com\/se\/wp-json\/wp\/v2\/types\/page"}],"author":[{"embeddable":true,"href":"https:\/\/www.welovecycling.com\/se\/wp-json\/wp\/v2\/users\/52"}],"replies":[{"embeddable":true,"href":"https:\/\/www.welovecycling.com\/se\/wp-json\/wp\/v2\/comments?post=1951"}],"version-history":[{"count":2,"href":"https:\/\/www.welovecycling.com\/se\/wp-json\/wp\/v2\/pages\/1951\/revisions"}],"predecessor-version":[{"id":3834,"href":"https:\/\/www.welovecycling.com\/se\/wp-json\/wp\/v2\/pages\/1951\/revisions\/3834"}],"up":[{"embeddable":true,"href":"https:\/\/www.welovecycling.com\/se\/wp-json\/wp\/v2\/pages\/3121"}],"wp:attachment":[{"href":"https:\/\/www.welovecycling.com\/se\/wp-json\/wp\/v2\/media?parent=1951"}],"wp:term":[{"taxonomy":"post_tag","embeddable":true,"href":"https:\/\/www.welovecycling.com\/se\/wp-json\/wp\/v2\/tags?post=1951"}],"curies":[{"name":"wp","href":"https:\/\/api.w.org\/{rel}","templated":true}]}}