{"id":1924,"date":"2019-04-03T10:32:12","date_gmt":"2019-04-03T09:32:12","guid":{"rendered":"https:\/\/www.welovecycling.com\/se\/?page_id=1924"},"modified":"2019-04-03T10:32:12","modified_gmt":"2019-04-03T09:32:12","slug":"jukka-kuusela","status":"publish","type":"page","link":"https:\/\/www.welovecycling.com\/se\/skoda-cycling-team\/skoda-cycling-team-2019\/jukka-kuusela\/","title":{"rendered":"Jukka Kuusela"},"content":{"rendered":"<div id=\"pl-1924\"  class=\"panel-layout\" ><div id=\"pg-1924-0\"  class=\"panel-grid panel-no-style\" ><div id=\"pgc-1924-0-0\"  class=\"panel-grid-cell panel-grid-cell-empty\" ><\/div><\/div><div id=\"pg-1924-1\"  class=\"panel-grid panel-no-style\" ><div id=\"pgc-1924-1-0\"  class=\"panel-grid-cell panel-grid-cell-empty\" ><\/div><div id=\"pgc-1924-1-1\"  class=\"panel-grid-cell\" ><div id=\"panel-1924-1-1-0\" class=\"so-panel widget widget_sow-editor panel-first-child panel-last-child\" data-index=\"0\" ><div\n\t\t\t\n\t\t\tclass=\"so-widget-sow-editor so-widget-sow-editor-base\"\n\t\t\t\n\t\t>\n<div class=\"siteorigin-widget-tinymce textwidget\">\n\t<p><a href=\"https:\/\/d2p6e6u75xmxt8.cloudfront.net\/9\/2019\/04\/4.jpg\"><img loading=\"lazy\" decoding=\"async\" class=\"alignnone size-full wp-image-1925\" src=\"https:\/\/d2p6e6u75xmxt8.cloudfront.net\/9\/2019\/04\/4.jpg\" alt=\"\" width=\"530\" height=\"800\" srcset=\"https:\/\/d2p6e6u75xmxt8.cloudfront.net\/9\/2019\/04\/4.jpg 530w, https:\/\/d2p6e6u75xmxt8.cloudfront.net\/9\/2019\/04\/4-199x300.jpg 199w\" sizes=\"auto, (max-width: 530px) 100vw, 530px\" \/><\/a><\/p>\n<\/div>\n<\/div><\/div><\/div><div id=\"pgc-1924-1-2\"  class=\"panel-grid-cell panel-grid-cell-mobile-last\" ><div id=\"panel-1924-1-2-0\" class=\"so-panel widget widget_sow-editor panel-first-child panel-last-child\" data-index=\"1\" ><div\n\t\t\t\n\t\t\tclass=\"so-widget-sow-editor so-widget-sow-editor-base\"\n\t\t\t\n\t\t>\n<div class=\"siteorigin-widget-tinymce textwidget\">\n\t<h1>Jukka Kuusela<\/h1>\n<p><b>Namn:<\/b><span style=\"font-weight: 400;\"> Jukka Kuusela<\/span><\/p>\n<p><b>\u00c5lder:<\/b><span style=\"font-weight: 400;\"> 52<\/span><\/p>\n<p><b>Bor<\/b><span style=\"font-weight: 400;\">: Stockholm<\/span><\/p>\n<p><b>Familj:<\/b><span style=\"font-weight: 400;\"> Ja, 3 barn och fru<\/span><\/p>\n<p><b>L\u00e4ngd:<\/b><span style=\"font-weight: 400;\"> 176<\/span><\/p>\n<p><b>Yrke:<\/b><span style=\"font-weight: 400;\"> Egen f\u00f6retagare inom sjukv\u00e5rd och psykologi<\/span><\/p>\n<p><b>Varf\u00f6r vill du vara ambassad\u00f6r i SKODA Cycling Team?<\/b><span style=\"font-weight: 400;\"> Att ta del av m\u00e4nniskor dr\u00f6mmar och jobba mot att f\u00f6rverkliga dem, helt underbart<\/span><\/p>\n<p><b>Vilket \u00e4r ditt f\u00f6rsta intryck av din rekryt?<\/b><span style=\"font-weight: 400;\"> Oj, detta blir intressant och roligt<\/span><\/p>\n<p><b>Vad kommer du fr\u00e4mst l\u00e4ra din rekryt?<\/b><span style=\"font-weight: 400;\"> Att det \u00e4r fantastiskt kul med att cykla fort i en grupp och att l\u00e4ra sig dynamiken i en snabb grupp<\/span><\/p>\n<p><b>Vad beh\u00f6ver din rekryt t\u00e4nka p\u00e5 under s\u00e4songen?<\/b><span style=\"font-weight: 400;\"> Jobba l\u00e5ngsiktigt och lugnt, man kan inte l\u00e4ra sig allt p\u00e5 en g\u00e5ng<\/span><\/p>\n<p><b>Roligaste passen?<\/b><span style=\"font-weight: 400;\"> Distanspassen i s\u00e4llskap, tjafsa, snacka skit och ha roligt<\/span><\/p>\n<p><b>V\u00e4rsta passen?<\/b><span style=\"font-weight: 400;\"> Korta och h\u00e5rda, g\u00f6r ju ont hela tiden<\/span><\/p>\n<p><b>Styrkor som cyklist?<\/b><span style=\"font-weight: 400;\"> Tr\u00e4ningsvillig<\/span><\/p>\n<p><b>Svagheter som cyklist?<\/b><span style=\"font-weight: 400;\"> Allt, dock s\u00e5 l\u00e4r man sig saker hela tiden<\/span><\/p>\n<p><b>Vad tar du med dig fr\u00e5n tidigare s\u00e4songer? <\/b><span style=\"font-weight: 400;\">V\u00e5r erfarenhet och att vi jobbar med helheten<\/span><\/p>\n<p><b>St\u00f6rsta r\u00e4dslan inf\u00f6r V\u00e4tternrundan?<\/b><span style=\"font-weight: 400;\"> V\u00e4dret<\/span><\/p>\n<p><b>Bulle eller wienerbr\u00f6d?<\/b><span style=\"font-weight: 400;\"> Wienerbr\u00f6d<\/span><br \/>\n<b>Touren eller Vueltan?<\/b><span style=\"font-weight: 400;\"> Touren<\/span><br \/>\n<b>Morgon eller kv\u00e4llspass?<\/b><span style=\"font-weight: 400;\"> Morgon<\/span><br \/>\n<b>Uppf\u00f6r eller nedf\u00f6r?<\/b><span style=\"font-weight: 400;\"> \u00a0Uppf\u00f6r<\/span><br \/>\n<b>Tub, tubl\u00f6st eller slang?<\/b><span style=\"font-weight: 400;\"> Tyv\u00e4rr slang fortfarande.<\/span><br \/>\n<b>K\u00e4nsla eller data?<\/b><span style=\"font-weight: 400;\"> B\u00e5de och beroende p\u00e5 vilken tr\u00e4ning man utf\u00f6r.<\/span><br \/>\n<b>Kort och h\u00e5rt eller l\u00e5ngt och lagom?<\/b><span style=\"font-weight: 400;\"> Kort och h\u00e5rt, f\u00f6r det \u00e4r ren hatk\u00e4rlek.<\/span><\/p>\n<\/div>\n<\/div><\/div><\/div><div id=\"pgc-1924-1-3\"  class=\"panel-grid-cell panel-grid-cell-empty\" ><\/div><\/div><div id=\"pg-1924-2\"  class=\"panel-grid panel-no-style\" ><div id=\"pgc-1924-2-0\"  class=\"panel-grid-cell panel-grid-cell-empty\" ><\/div><\/div><\/div>","protected":false},"excerpt":{"rendered":"<p>Jukka Kuusela Namn: Jukka Kuusela \u00c5lder: 52 Bor: Stockholm Familj: Ja, 3 barn och fru L\u00e4ngd: 176 Yrke: Egen f\u00f6retagare [&hellip;]<\/p>\n","protected":false},"author":52,"featured_media":0,"parent":1815,"menu_order":0,"comment_status":"closed","ping_status":"closed","template":"templates\/template-full-width.php","meta":{"footnotes":""},"tags":[],"class_list":["post-1924","page","type-page","status-publish","hentry"],"yoast_head":"<!-- This site is optimized with the Yoast SEO Premium plugin v25.3 (Yoast SEO v25.9) - https:\/\/yoast.com\/wordpress\/plugins\/seo\/ -->\n<title>Jukka Kuusela - \u0160koda - We Love Cycling - Sweden<\/title>\n<meta name=\"robots\" content=\"index, follow, max-snippet:-1, max-image-preview:large, max-video-preview:-1\" \/>\n<link rel=\"canonical\" href=\"https:\/\/www.welovecycling.com\/se\/skoda-cycling-team\/skoda-cycling-team-2019\/jukka-kuusela\/\" \/>\n<meta property=\"og:locale\" content=\"sv_SE\" \/>\n<meta property=\"og:type\" content=\"article\" \/>\n<meta property=\"og:title\" content=\"Jukka Kuusela\" \/>\n<meta property=\"og:description\" content=\"Jukka Kuusela Namn: Jukka Kuusela \u00c5lder: 52 Bor: Stockholm Familj: Ja, 3 barn och fru L\u00e4ngd: 176 Yrke: Egen f\u00f6retagare [&hellip;]\" \/>\n<meta property=\"og:url\" content=\"https:\/\/www.welovecycling.com\/se\/skoda-cycling-team\/skoda-cycling-team-2019\/jukka-kuusela\/\" \/>\n<meta property=\"og:site_name\" content=\"\u0160koda - We Love Cycling - Sweden\" \/>\n<meta property=\"og:image\" content=\"https:\/\/d2p6e6u75xmxt8.cloudfront.net\/9\/2019\/04\/4.jpg\" \/>\n<meta name=\"twitter:card\" content=\"summary_large_image\" \/>\n<meta name=\"twitter:label1\" content=\"Est. reading time\" \/>\n\t<meta name=\"twitter:data1\" content=\"1 minute\" \/>\n<script type=\"application\/ld+json\" class=\"yoast-schema-graph\">{\"@context\":\"https:\/\/schema.org\",\"@graph\":[{\"@type\":\"WebPage\",\"@id\":\"https:\/\/www.welovecycling.com\/se\/skoda-cycling-team\/skoda-cycling-team-2019\/jukka-kuusela\/\",\"url\":\"https:\/\/www.welovecycling.com\/se\/skoda-cycling-team\/skoda-cycling-team-2019\/jukka-kuusela\/\",\"name\":\"Jukka Kuusela - \u0160koda - We Love Cycling - Sweden\",\"isPartOf\":{\"@id\":\"https:\/\/www.welovecycling.com\/se\/#website\"},\"primaryImageOfPage\":{\"@id\":\"https:\/\/www.welovecycling.com\/se\/skoda-cycling-team\/skoda-cycling-team-2019\/jukka-kuusela\/#primaryimage\"},\"image\":{\"@id\":\"https:\/\/www.welovecycling.com\/se\/skoda-cycling-team\/skoda-cycling-team-2019\/jukka-kuusela\/#primaryimage\"},\"thumbnailUrl\":\"https:\/\/d2p6e6u75xmxt8.cloudfront.net\/9\/2019\/04\/4.jpg\",\"datePublished\":\"2019-04-03T09:32:12+00:00\",\"breadcrumb\":{\"@id\":\"https:\/\/www.welovecycling.com\/se\/skoda-cycling-team\/skoda-cycling-team-2019\/jukka-kuusela\/#breadcrumb\"},\"inLanguage\":\"sv-SE\",\"potentialAction\":[{\"@type\":\"ReadAction\",\"target\":[\"https:\/\/www.welovecycling.com\/se\/skoda-cycling-team\/skoda-cycling-team-2019\/jukka-kuusela\/\"]}]},{\"@type\":\"ImageObject\",\"inLanguage\":\"sv-SE\",\"@id\":\"https:\/\/www.welovecycling.com\/se\/skoda-cycling-team\/skoda-cycling-team-2019\/jukka-kuusela\/#primaryimage\",\"url\":\"https:\/\/d2p6e6u75xmxt8.cloudfront.net\/9\/2019\/04\/4.jpg\",\"contentUrl\":\"https:\/\/d2p6e6u75xmxt8.cloudfront.net\/9\/2019\/04\/4.jpg\"},{\"@type\":\"BreadcrumbList\",\"@id\":\"https:\/\/www.welovecycling.com\/se\/skoda-cycling-team\/skoda-cycling-team-2019\/jukka-kuusela\/#breadcrumb\",\"itemListElement\":[{\"@type\":\"ListItem\",\"position\":1,\"name\":\"Home\",\"item\":\"https:\/\/www.welovecycling.com\/se\/\"},{\"@type\":\"ListItem\",\"position\":2,\"name\":\"\u0160koda Cycling Team\",\"item\":\"https:\/\/www.welovecycling.com\/se\/skoda-cycling-team\/\"},{\"@type\":\"ListItem\",\"position\":3,\"name\":\"SKODA Cycling Team 2019\",\"item\":\"https:\/\/www.welovecycling.com\/se\/skoda-cycling-team\/skoda-cycling-team-2019\/\"},{\"@type\":\"ListItem\",\"position\":4,\"name\":\"Jukka Kuusela\"}]},{\"@type\":\"WebSite\",\"@id\":\"https:\/\/www.welovecycling.com\/se\/#website\",\"url\":\"https:\/\/www.welovecycling.com\/se\/\",\"name\":\"\u0160koda - We Love Cycling - Sweden\",\"description\":\"\u0160koda We Love Cycling - Sweden\",\"potentialAction\":[{\"@type\":\"SearchAction\",\"target\":{\"@type\":\"EntryPoint\",\"urlTemplate\":\"https:\/\/www.welovecycling.com\/se\/?s={search_term_string}\"},\"query-input\":{\"@type\":\"PropertyValueSpecification\",\"valueRequired\":true,\"valueName\":\"search_term_string\"}}],\"inLanguage\":\"sv-SE\"}]}<\/script>\n<!-- \/ Yoast SEO Premium plugin. -->","yoast_head_json":{"title":"Jukka Kuusela - \u0160koda - We Love Cycling - Sweden","robots":{"index":"index","follow":"follow","max-snippet":"max-snippet:-1","max-image-preview":"max-image-preview:large","max-video-preview":"max-video-preview:-1"},"canonical":"https:\/\/www.welovecycling.com\/se\/skoda-cycling-team\/skoda-cycling-team-2019\/jukka-kuusela\/","og_locale":"sv_SE","og_type":"article","og_title":"Jukka Kuusela","og_description":"Jukka Kuusela Namn: Jukka Kuusela \u00c5lder: 52 Bor: Stockholm Familj: Ja, 3 barn och fru L\u00e4ngd: 176 Yrke: Egen f\u00f6retagare [&hellip;]","og_url":"https:\/\/www.welovecycling.com\/se\/skoda-cycling-team\/skoda-cycling-team-2019\/jukka-kuusela\/","og_site_name":"\u0160koda - We Love Cycling - Sweden","og_image":[{"url":"https:\/\/d2p6e6u75xmxt8.cloudfront.net\/9\/2019\/04\/4.jpg","type":"","width":"","height":""}],"twitter_card":"summary_large_image","twitter_misc":{"Est. reading time":"1 minute"},"schema":{"@context":"https:\/\/schema.org","@graph":[{"@type":"WebPage","@id":"https:\/\/www.welovecycling.com\/se\/skoda-cycling-team\/skoda-cycling-team-2019\/jukka-kuusela\/","url":"https:\/\/www.welovecycling.com\/se\/skoda-cycling-team\/skoda-cycling-team-2019\/jukka-kuusela\/","name":"Jukka Kuusela - \u0160koda - We Love Cycling - Sweden","isPartOf":{"@id":"https:\/\/www.welovecycling.com\/se\/#website"},"primaryImageOfPage":{"@id":"https:\/\/www.welovecycling.com\/se\/skoda-cycling-team\/skoda-cycling-team-2019\/jukka-kuusela\/#primaryimage"},"image":{"@id":"https:\/\/www.welovecycling.com\/se\/skoda-cycling-team\/skoda-cycling-team-2019\/jukka-kuusela\/#primaryimage"},"thumbnailUrl":"https:\/\/d2p6e6u75xmxt8.cloudfront.net\/9\/2019\/04\/4.jpg","datePublished":"2019-04-03T09:32:12+00:00","breadcrumb":{"@id":"https:\/\/www.welovecycling.com\/se\/skoda-cycling-team\/skoda-cycling-team-2019\/jukka-kuusela\/#breadcrumb"},"inLanguage":"sv-SE","potentialAction":[{"@type":"ReadAction","target":["https:\/\/www.welovecycling.com\/se\/skoda-cycling-team\/skoda-cycling-team-2019\/jukka-kuusela\/"]}]},{"@type":"ImageObject","inLanguage":"sv-SE","@id":"https:\/\/www.welovecycling.com\/se\/skoda-cycling-team\/skoda-cycling-team-2019\/jukka-kuusela\/#primaryimage","url":"https:\/\/d2p6e6u75xmxt8.cloudfront.net\/9\/2019\/04\/4.jpg","contentUrl":"https:\/\/d2p6e6u75xmxt8.cloudfront.net\/9\/2019\/04\/4.jpg"},{"@type":"BreadcrumbList","@id":"https:\/\/www.welovecycling.com\/se\/skoda-cycling-team\/skoda-cycling-team-2019\/jukka-kuusela\/#breadcrumb","itemListElement":[{"@type":"ListItem","position":1,"name":"Home","item":"https:\/\/www.welovecycling.com\/se\/"},{"@type":"ListItem","position":2,"name":"\u0160koda Cycling Team","item":"https:\/\/www.welovecycling.com\/se\/skoda-cycling-team\/"},{"@type":"ListItem","position":3,"name":"SKODA Cycling Team 2019","item":"https:\/\/www.welovecycling.com\/se\/skoda-cycling-team\/skoda-cycling-team-2019\/"},{"@type":"ListItem","position":4,"name":"Jukka Kuusela"}]},{"@type":"WebSite","@id":"https:\/\/www.welovecycling.com\/se\/#website","url":"https:\/\/www.welovecycling.com\/se\/","name":"\u0160koda - We Love Cycling - Sweden","description":"\u0160koda We Love Cycling - Sweden","potentialAction":[{"@type":"SearchAction","target":{"@type":"EntryPoint","urlTemplate":"https:\/\/www.welovecycling.com\/se\/?s={search_term_string}"},"query-input":{"@type":"PropertyValueSpecification","valueRequired":true,"valueName":"search_term_string"}}],"inLanguage":"sv-SE"}]}},"_links":{"self":[{"href":"https:\/\/www.welovecycling.com\/se\/wp-json\/wp\/v2\/pages\/1924","targetHints":{"allow":["GET"]}}],"collection":[{"href":"https:\/\/www.welovecycling.com\/se\/wp-json\/wp\/v2\/pages"}],"about":[{"href":"https:\/\/www.welovecycling.com\/se\/wp-json\/wp\/v2\/types\/page"}],"author":[{"embeddable":true,"href":"https:\/\/www.welovecycling.com\/se\/wp-json\/wp\/v2\/users\/52"}],"replies":[{"embeddable":true,"href":"https:\/\/www.welovecycling.com\/se\/wp-json\/wp\/v2\/comments?post=1924"}],"version-history":[{"count":1,"href":"https:\/\/www.welovecycling.com\/se\/wp-json\/wp\/v2\/pages\/1924\/revisions"}],"predecessor-version":[{"id":1926,"href":"https:\/\/www.welovecycling.com\/se\/wp-json\/wp\/v2\/pages\/1924\/revisions\/1926"}],"up":[{"embeddable":true,"href":"https:\/\/www.welovecycling.com\/se\/wp-json\/wp\/v2\/pages\/1815"}],"wp:attachment":[{"href":"https:\/\/www.welovecycling.com\/se\/wp-json\/wp\/v2\/media?parent=1924"}],"wp:term":[{"taxonomy":"post_tag","embeddable":true,"href":"https:\/\/www.welovecycling.com\/se\/wp-json\/wp\/v2\/tags?post=1924"}],"curies":[{"name":"wp","href":"https:\/\/api.w.org\/{rel}","templated":true}]}}