{"id":1921,"date":"2019-04-03T10:32:20","date_gmt":"2019-04-03T09:32:20","guid":{"rendered":"https:\/\/www.welovecycling.com\/se\/?page_id=1921"},"modified":"2019-04-08T13:29:03","modified_gmt":"2019-04-08T12:29:03","slug":"karl-edenroth","status":"publish","type":"page","link":"https:\/\/www.welovecycling.com\/se\/skoda-cycling-team\/skoda-cycling-team-2019\/karl-edenroth\/","title":{"rendered":"Karl Edenroth"},"content":{"rendered":"<div id=\"pl-1921\"  class=\"panel-layout\" ><div id=\"pg-1921-0\"  class=\"panel-grid panel-no-style\" ><div id=\"pgc-1921-0-0\"  class=\"panel-grid-cell panel-grid-cell-empty\" ><\/div><\/div><div id=\"pg-1921-1\"  class=\"panel-grid panel-no-style\" ><div id=\"pgc-1921-1-0\"  class=\"panel-grid-cell panel-grid-cell-empty\" ><\/div><div id=\"pgc-1921-1-1\"  class=\"panel-grid-cell\" ><div id=\"panel-1921-1-1-0\" class=\"so-panel widget widget_sow-editor panel-first-child panel-last-child\" data-index=\"0\" ><div\n\t\t\t\n\t\t\tclass=\"so-widget-sow-editor so-widget-sow-editor-base\"\n\t\t\t\n\t\t>\n<div class=\"siteorigin-widget-tinymce textwidget\">\n\t<p><a href=\"https:\/\/d2p6e6u75xmxt8.cloudfront.net\/9\/2019\/03\/JBA_4053_1_2_sds.jpg\"><img loading=\"lazy\" decoding=\"async\" class=\"alignnone size-full wp-image-1859\" src=\"https:\/\/d2p6e6u75xmxt8.cloudfront.net\/9\/2019\/03\/JBA_4053_1_2_sds.jpg\" alt=\"\" width=\"530\" height=\"800\" srcset=\"https:\/\/d2p6e6u75xmxt8.cloudfront.net\/9\/2019\/03\/JBA_4053_1_2_sds.jpg 265w, https:\/\/d2p6e6u75xmxt8.cloudfront.net\/9\/2019\/03\/JBA_4053_1_2_sds-199x300.jpg 199w\" sizes=\"auto, (max-width: 530px) 100vw, 530px\" \/><\/a><\/p>\n<\/div>\n<\/div><\/div><\/div><div id=\"pgc-1921-1-2\"  class=\"panel-grid-cell panel-grid-cell-mobile-last\" ><div id=\"panel-1921-1-2-0\" class=\"so-panel widget widget_sow-editor panel-first-child panel-last-child\" data-index=\"1\" ><div\n\t\t\t\n\t\t\tclass=\"so-widget-sow-editor so-widget-sow-editor-base\"\n\t\t\t\n\t\t>\n<div class=\"siteorigin-widget-tinymce textwidget\">\n\t<h1>Karl Edenroth<\/h1>\n<p><b>Namn:<\/b><span style=\"font-weight: 400;\"> Karl Edenroth<\/span><\/p>\n<p><b>\u00c5lder:\u00a0<\/b><span style=\"font-weight: 400;\">26 \u00e5r<\/span><\/p>\n<p><b>Bor:<\/b><span style=\"font-weight: 400;\"> Pite\u00e5<\/span><\/p>\n<p><b>Familj:<\/b><span style=\"font-weight: 400;\"> Pappa, mamma, syster och flickv\u00e4n<\/span><\/p>\n<p><b>L\u00e4ngd:<\/b><span style=\"font-weight: 400;\"> 180 cm<\/span><\/p>\n<p><b>Yrke:<\/b><span style=\"font-weight: 400;\"> Ledare\/vallare inom l\u00e4ngdskid\u00e5kning och skidskytte<\/span><\/p>\n<p><b>Varf\u00f6r s\u00f6kte du till SKODA Cycling Team? <\/b><span style=\"font-weight: 400;\">Blev riktigt intresserad av hela konceptet. Jag ville f\u00e5 chansen att genomf\u00f6ra V\u00e4tternrundan med b\u00e4sta m\u00f6jliga f\u00f6ruts\u00e4ttningar. Dra l\u00e4rdomar av de b\u00e4sta inom cykling.<\/span><\/p>\n<p><b>Vilket \u00e4r ditt f\u00f6rsta intryck av din fadder\/ambassad\u00f6r?<\/b><span style=\"font-weight: 400;\"> Inte tr\u00e4ffat honom \u00e4nnu<\/span><\/p>\n<p><b>Vad kommer du dra nytta av hos din fadder\/ambassad\u00f6r?<\/b><span style=\"font-weight: 400;\"> Erfarenhet fr\u00e5n tr\u00e4ningar och framf\u00f6rallt V\u00e4tternrundan<\/span><\/p>\n<p><b>Roligaste passen?<\/b><span style=\"font-weight: 400;\"> H\u00e5rda pass i solsken<\/span><\/p>\n<p><b>V\u00e4rsta passen?<\/b><span style=\"font-weight: 400;\"> L\u00e5ngt och lugnt i d\u00e5ligt v\u00e4der<\/span><\/p>\n<p><b>Styrkor som cyklist?<\/b><span style=\"font-weight: 400;\"> Taktiken<\/span><\/p>\n<p><b>Svagheter som cyklist?<\/b><span style=\"font-weight: 400;\"> Spurten<\/span><\/p>\n<p><b>Vad kommer du bidra med under s\u00e4songen? <\/b><span style=\"font-weight: 400;\">Vara en bra lagspelare<\/span><\/p>\n<p><b>St\u00f6rsta r\u00e4dslan inf\u00f6r V\u00e4tternrundan?<\/b><span style=\"font-weight: 400;\"> Tvingas sl\u00e4ppa tidigt pga tekniska problem eller att g\u00e5 riktigt tom<\/span><\/p>\n<p><b>Bulle eller wienerbr\u00f6d?<\/b><span style=\"font-weight: 400;\"> Bulle<\/span><br \/>\n<b>Touren eller Vueltan?<\/b><span style=\"font-weight: 400;\"> Touren<\/span><br \/>\n<b>Morgon eller kv\u00e4llspass?<\/b><span style=\"font-weight: 400;\"> Morgonpass<\/span><br \/>\n<b>Uppf\u00f6r eller nedf\u00f6r?<\/b><span style=\"font-weight: 400;\"> Uppf\u00f6r<\/span><br \/>\n<b>Tub, tubl\u00f6st eller slang?<\/b><span style=\"font-weight: 400;\"> Slang<\/span><br \/>\n<b>K\u00e4nsla eller data? <\/b><span style=\"font-weight: 400;\">K\u00e4nsla<\/span><br \/>\n<b>Kort och h\u00e5rt eller l\u00e5ngt och lagom? <\/b><span style=\"font-weight: 400;\">Kort och h\u00e5rt<\/span><\/p>\n<\/div>\n<\/div><\/div><\/div><div id=\"pgc-1921-1-3\"  class=\"panel-grid-cell panel-grid-cell-empty\" ><\/div><\/div><div id=\"pg-1921-2\"  class=\"panel-grid panel-no-style\" ><div id=\"pgc-1921-2-0\"  class=\"panel-grid-cell panel-grid-cell-empty\" ><\/div><\/div><\/div>","protected":false},"excerpt":{"rendered":"<p>Karl Edenroth Namn: Karl Edenroth \u00c5lder:\u00a026 \u00e5r Bor: Pite\u00e5 Familj: Pappa, mamma, syster och flickv\u00e4n L\u00e4ngd: 180 cm Yrke: Ledare\/vallare [&hellip;]<\/p>\n","protected":false},"author":52,"featured_media":0,"parent":1815,"menu_order":0,"comment_status":"closed","ping_status":"closed","template":"templates\/template-full-width.php","meta":{"footnotes":""},"tags":[],"class_list":["post-1921","page","type-page","status-publish","hentry"],"yoast_head":"<!-- This site is optimized with the Yoast SEO Premium plugin v25.3 (Yoast SEO v25.9) - https:\/\/yoast.com\/wordpress\/plugins\/seo\/ -->\n<title>Karl Edenroth - \u0160koda - We Love Cycling - Sweden<\/title>\n<meta name=\"robots\" content=\"index, follow, max-snippet:-1, max-image-preview:large, max-video-preview:-1\" \/>\n<link rel=\"canonical\" href=\"https:\/\/www.welovecycling.com\/se\/skoda-cycling-team\/skoda-cycling-team-2019\/karl-edenroth\/\" \/>\n<meta property=\"og:locale\" content=\"sv_SE\" \/>\n<meta property=\"og:type\" content=\"article\" \/>\n<meta property=\"og:title\" content=\"Karl Edenroth\" \/>\n<meta property=\"og:description\" content=\"Karl Edenroth Namn: Karl Edenroth \u00c5lder:\u00a026 \u00e5r Bor: Pite\u00e5 Familj: Pappa, mamma, syster och flickv\u00e4n L\u00e4ngd: 180 cm Yrke: Ledare\/vallare [&hellip;]\" \/>\n<meta property=\"og:url\" content=\"https:\/\/www.welovecycling.com\/se\/skoda-cycling-team\/skoda-cycling-team-2019\/karl-edenroth\/\" \/>\n<meta property=\"og:site_name\" content=\"\u0160koda - We Love Cycling - Sweden\" \/>\n<meta property=\"article:modified_time\" content=\"2019-04-08T12:29:03+00:00\" \/>\n<meta property=\"og:image\" content=\"https:\/\/d2p6e6u75xmxt8.cloudfront.net\/9\/2019\/03\/JBA_4053_1_2_sds.jpg\" \/>\n<meta name=\"twitter:card\" content=\"summary_large_image\" \/>\n<meta name=\"twitter:label1\" content=\"Est. reading time\" \/>\n\t<meta name=\"twitter:data1\" content=\"1 minute\" \/>\n<script type=\"application\/ld+json\" class=\"yoast-schema-graph\">{\"@context\":\"https:\/\/schema.org\",\"@graph\":[{\"@type\":\"WebPage\",\"@id\":\"https:\/\/www.welovecycling.com\/se\/skoda-cycling-team\/skoda-cycling-team-2019\/karl-edenroth\/\",\"url\":\"https:\/\/www.welovecycling.com\/se\/skoda-cycling-team\/skoda-cycling-team-2019\/karl-edenroth\/\",\"name\":\"Karl Edenroth - \u0160koda - We Love Cycling - Sweden\",\"isPartOf\":{\"@id\":\"https:\/\/www.welovecycling.com\/se\/#website\"},\"primaryImageOfPage\":{\"@id\":\"https:\/\/www.welovecycling.com\/se\/skoda-cycling-team\/skoda-cycling-team-2019\/karl-edenroth\/#primaryimage\"},\"image\":{\"@id\":\"https:\/\/www.welovecycling.com\/se\/skoda-cycling-team\/skoda-cycling-team-2019\/karl-edenroth\/#primaryimage\"},\"thumbnailUrl\":\"https:\/\/d2p6e6u75xmxt8.cloudfront.net\/9\/2019\/03\/JBA_4053_1_2_sds.jpg\",\"datePublished\":\"2019-04-03T09:32:20+00:00\",\"dateModified\":\"2019-04-08T12:29:03+00:00\",\"breadcrumb\":{\"@id\":\"https:\/\/www.welovecycling.com\/se\/skoda-cycling-team\/skoda-cycling-team-2019\/karl-edenroth\/#breadcrumb\"},\"inLanguage\":\"sv-SE\",\"potentialAction\":[{\"@type\":\"ReadAction\",\"target\":[\"https:\/\/www.welovecycling.com\/se\/skoda-cycling-team\/skoda-cycling-team-2019\/karl-edenroth\/\"]}]},{\"@type\":\"ImageObject\",\"inLanguage\":\"sv-SE\",\"@id\":\"https:\/\/www.welovecycling.com\/se\/skoda-cycling-team\/skoda-cycling-team-2019\/karl-edenroth\/#primaryimage\",\"url\":\"https:\/\/d2p6e6u75xmxt8.cloudfront.net\/9\/2019\/03\/JBA_4053_1_2_sds.jpg\",\"contentUrl\":\"https:\/\/d2p6e6u75xmxt8.cloudfront.net\/9\/2019\/03\/JBA_4053_1_2_sds.jpg\"},{\"@type\":\"BreadcrumbList\",\"@id\":\"https:\/\/www.welovecycling.com\/se\/skoda-cycling-team\/skoda-cycling-team-2019\/karl-edenroth\/#breadcrumb\",\"itemListElement\":[{\"@type\":\"ListItem\",\"position\":1,\"name\":\"Home\",\"item\":\"https:\/\/www.welovecycling.com\/se\/\"},{\"@type\":\"ListItem\",\"position\":2,\"name\":\"\u0160koda Cycling Team\",\"item\":\"https:\/\/www.welovecycling.com\/se\/skoda-cycling-team\/\"},{\"@type\":\"ListItem\",\"position\":3,\"name\":\"SKODA Cycling Team 2019\",\"item\":\"https:\/\/www.welovecycling.com\/se\/skoda-cycling-team\/skoda-cycling-team-2019\/\"},{\"@type\":\"ListItem\",\"position\":4,\"name\":\"Karl Edenroth\"}]},{\"@type\":\"WebSite\",\"@id\":\"https:\/\/www.welovecycling.com\/se\/#website\",\"url\":\"https:\/\/www.welovecycling.com\/se\/\",\"name\":\"\u0160koda - We Love Cycling - Sweden\",\"description\":\"\u0160koda We Love Cycling - Sweden\",\"potentialAction\":[{\"@type\":\"SearchAction\",\"target\":{\"@type\":\"EntryPoint\",\"urlTemplate\":\"https:\/\/www.welovecycling.com\/se\/?s={search_term_string}\"},\"query-input\":{\"@type\":\"PropertyValueSpecification\",\"valueRequired\":true,\"valueName\":\"search_term_string\"}}],\"inLanguage\":\"sv-SE\"}]}<\/script>\n<!-- \/ Yoast SEO Premium plugin. -->","yoast_head_json":{"title":"Karl Edenroth - \u0160koda - We Love Cycling - Sweden","robots":{"index":"index","follow":"follow","max-snippet":"max-snippet:-1","max-image-preview":"max-image-preview:large","max-video-preview":"max-video-preview:-1"},"canonical":"https:\/\/www.welovecycling.com\/se\/skoda-cycling-team\/skoda-cycling-team-2019\/karl-edenroth\/","og_locale":"sv_SE","og_type":"article","og_title":"Karl Edenroth","og_description":"Karl Edenroth Namn: Karl Edenroth \u00c5lder:\u00a026 \u00e5r Bor: Pite\u00e5 Familj: Pappa, mamma, syster och flickv\u00e4n L\u00e4ngd: 180 cm Yrke: Ledare\/vallare [&hellip;]","og_url":"https:\/\/www.welovecycling.com\/se\/skoda-cycling-team\/skoda-cycling-team-2019\/karl-edenroth\/","og_site_name":"\u0160koda - We Love Cycling - Sweden","article_modified_time":"2019-04-08T12:29:03+00:00","og_image":[{"url":"https:\/\/d2p6e6u75xmxt8.cloudfront.net\/9\/2019\/03\/JBA_4053_1_2_sds.jpg","type":"","width":"","height":""}],"twitter_card":"summary_large_image","twitter_misc":{"Est. reading time":"1 minute"},"schema":{"@context":"https:\/\/schema.org","@graph":[{"@type":"WebPage","@id":"https:\/\/www.welovecycling.com\/se\/skoda-cycling-team\/skoda-cycling-team-2019\/karl-edenroth\/","url":"https:\/\/www.welovecycling.com\/se\/skoda-cycling-team\/skoda-cycling-team-2019\/karl-edenroth\/","name":"Karl Edenroth - \u0160koda - We Love Cycling - Sweden","isPartOf":{"@id":"https:\/\/www.welovecycling.com\/se\/#website"},"primaryImageOfPage":{"@id":"https:\/\/www.welovecycling.com\/se\/skoda-cycling-team\/skoda-cycling-team-2019\/karl-edenroth\/#primaryimage"},"image":{"@id":"https:\/\/www.welovecycling.com\/se\/skoda-cycling-team\/skoda-cycling-team-2019\/karl-edenroth\/#primaryimage"},"thumbnailUrl":"https:\/\/d2p6e6u75xmxt8.cloudfront.net\/9\/2019\/03\/JBA_4053_1_2_sds.jpg","datePublished":"2019-04-03T09:32:20+00:00","dateModified":"2019-04-08T12:29:03+00:00","breadcrumb":{"@id":"https:\/\/www.welovecycling.com\/se\/skoda-cycling-team\/skoda-cycling-team-2019\/karl-edenroth\/#breadcrumb"},"inLanguage":"sv-SE","potentialAction":[{"@type":"ReadAction","target":["https:\/\/www.welovecycling.com\/se\/skoda-cycling-team\/skoda-cycling-team-2019\/karl-edenroth\/"]}]},{"@type":"ImageObject","inLanguage":"sv-SE","@id":"https:\/\/www.welovecycling.com\/se\/skoda-cycling-team\/skoda-cycling-team-2019\/karl-edenroth\/#primaryimage","url":"https:\/\/d2p6e6u75xmxt8.cloudfront.net\/9\/2019\/03\/JBA_4053_1_2_sds.jpg","contentUrl":"https:\/\/d2p6e6u75xmxt8.cloudfront.net\/9\/2019\/03\/JBA_4053_1_2_sds.jpg"},{"@type":"BreadcrumbList","@id":"https:\/\/www.welovecycling.com\/se\/skoda-cycling-team\/skoda-cycling-team-2019\/karl-edenroth\/#breadcrumb","itemListElement":[{"@type":"ListItem","position":1,"name":"Home","item":"https:\/\/www.welovecycling.com\/se\/"},{"@type":"ListItem","position":2,"name":"\u0160koda Cycling Team","item":"https:\/\/www.welovecycling.com\/se\/skoda-cycling-team\/"},{"@type":"ListItem","position":3,"name":"SKODA Cycling Team 2019","item":"https:\/\/www.welovecycling.com\/se\/skoda-cycling-team\/skoda-cycling-team-2019\/"},{"@type":"ListItem","position":4,"name":"Karl Edenroth"}]},{"@type":"WebSite","@id":"https:\/\/www.welovecycling.com\/se\/#website","url":"https:\/\/www.welovecycling.com\/se\/","name":"\u0160koda - We Love Cycling - Sweden","description":"\u0160koda We Love Cycling - Sweden","potentialAction":[{"@type":"SearchAction","target":{"@type":"EntryPoint","urlTemplate":"https:\/\/www.welovecycling.com\/se\/?s={search_term_string}"},"query-input":{"@type":"PropertyValueSpecification","valueRequired":true,"valueName":"search_term_string"}}],"inLanguage":"sv-SE"}]}},"_links":{"self":[{"href":"https:\/\/www.welovecycling.com\/se\/wp-json\/wp\/v2\/pages\/1921","targetHints":{"allow":["GET"]}}],"collection":[{"href":"https:\/\/www.welovecycling.com\/se\/wp-json\/wp\/v2\/pages"}],"about":[{"href":"https:\/\/www.welovecycling.com\/se\/wp-json\/wp\/v2\/types\/page"}],"author":[{"embeddable":true,"href":"https:\/\/www.welovecycling.com\/se\/wp-json\/wp\/v2\/users\/52"}],"replies":[{"embeddable":true,"href":"https:\/\/www.welovecycling.com\/se\/wp-json\/wp\/v2\/comments?post=1921"}],"version-history":[{"count":2,"href":"https:\/\/www.welovecycling.com\/se\/wp-json\/wp\/v2\/pages\/1921\/revisions"}],"predecessor-version":[{"id":2073,"href":"https:\/\/www.welovecycling.com\/se\/wp-json\/wp\/v2\/pages\/1921\/revisions\/2073"}],"up":[{"embeddable":true,"href":"https:\/\/www.welovecycling.com\/se\/wp-json\/wp\/v2\/pages\/1815"}],"wp:attachment":[{"href":"https:\/\/www.welovecycling.com\/se\/wp-json\/wp\/v2\/media?parent=1921"}],"wp:term":[{"taxonomy":"post_tag","embeddable":true,"href":"https:\/\/www.welovecycling.com\/se\/wp-json\/wp\/v2\/tags?post=1921"}],"curies":[{"name":"wp","href":"https:\/\/api.w.org\/{rel}","templated":true}]}}