{"id":1907,"date":"2019-04-03T10:26:29","date_gmt":"2019-04-03T09:26:29","guid":{"rendered":"https:\/\/www.welovecycling.com\/se\/?page_id=1907"},"modified":"2019-04-08T13:27:36","modified_gmt":"2019-04-08T12:27:36","slug":"gustav-svensson","status":"publish","type":"page","link":"https:\/\/www.welovecycling.com\/se\/skoda-cycling-team\/skoda-cycling-team-2019\/gustav-svensson\/","title":{"rendered":"Gustav Svensson"},"content":{"rendered":"<div id=\"pl-1907\"  class=\"panel-layout\" ><div id=\"pg-1907-0\"  class=\"panel-grid panel-no-style\" ><div id=\"pgc-1907-0-0\"  class=\"panel-grid-cell panel-grid-cell-empty\" ><\/div><\/div><div id=\"pg-1907-1\"  class=\"panel-grid panel-no-style\" ><div id=\"pgc-1907-1-0\"  class=\"panel-grid-cell panel-grid-cell-empty\" ><\/div><div id=\"pgc-1907-1-1\"  class=\"panel-grid-cell\" ><div id=\"panel-1907-1-1-0\" class=\"so-panel widget widget_sow-editor panel-first-child panel-last-child\" data-index=\"0\" ><div\n\t\t\t\n\t\t\tclass=\"so-widget-sow-editor so-widget-sow-editor-base\"\n\t\t\t\n\t\t>\n<div class=\"siteorigin-widget-tinymce textwidget\">\n\t<p><a href=\"https:\/\/d2p6e6u75xmxt8.cloudfront.net\/9\/2019\/03\/25.jpg\"><img loading=\"lazy\" decoding=\"async\" class=\"alignnone size-full wp-image-1856\" src=\"https:\/\/d2p6e6u75xmxt8.cloudfront.net\/9\/2019\/03\/25.jpg\" alt=\"\" width=\"530\" height=\"800\" srcset=\"https:\/\/d2p6e6u75xmxt8.cloudfront.net\/9\/2019\/03\/25.jpg 530w, https:\/\/d2p6e6u75xmxt8.cloudfront.net\/9\/2019\/03\/25-199x300.jpg 199w\" sizes=\"auto, (max-width: 530px) 100vw, 530px\" \/><\/a><\/p>\n<\/div>\n<\/div><\/div><\/div><div id=\"pgc-1907-1-2\"  class=\"panel-grid-cell panel-grid-cell-mobile-last\" ><div id=\"panel-1907-1-2-0\" class=\"so-panel widget widget_sow-editor panel-first-child panel-last-child\" data-index=\"1\" ><div\n\t\t\t\n\t\t\tclass=\"so-widget-sow-editor so-widget-sow-editor-base\"\n\t\t\t\n\t\t>\n<div class=\"siteorigin-widget-tinymce textwidget\">\n\t<h1>Gustav Svensson<\/h1>\n<p><b>Namn:<\/b><span style=\"font-weight: 400;\"> Gustav Esteban Svensson<\/span><\/p>\n<p><b>\u00c5lder:<\/b><span style=\"font-weight: 400;\"> 34<\/span><\/p>\n<p><b>Bor:\u00a0<\/b><span style=\"font-weight: 400;\">\u00c5re<\/span><\/p>\n<p><b>Familj<\/b><span style=\"font-weight: 400;\"> Ensamst\u00e5ende<\/span><\/p>\n<p><b>L\u00e4ngd:\u00a0<\/b><span style=\"font-weight: 400;\">181<\/span><\/p>\n<p><b>Yrke:<\/b><span style=\"font-weight: 400;\"> Resande s\u00e4ljare<\/span><\/p>\n<p><b>Varf\u00f6r s\u00f6kte du till SKODA Cycling Team?<\/b><span style=\"font-weight: 400;\"> Efter drygt 15 \u00e5r som MTB cyklist (DH,Enduro, XC) s\u00e5 fastnade jag till sist \u00e4ven vid landsv\u00e4gscykling efter att en v\u00e4n \"lurat\" med mig till Mallis p\u00e5 cykelresa. Helt s\u00e5ld!! Har som sagt kallat mig cyklist de senaste 15 \u00e5ren men aldrig t\u00e4vlat (f\u00f6rutom varje g\u00e5ng man \u00e4r ute med kompisar) det var helt enkelt dags f\u00f6r ett ordentligt m\u00e5l. D\u00e5 kom jag i kontakt med Skoda Cykling Team och t\u00e4nkte \"jag M\u00c5STE ge det ett f\u00f6rs\u00f6k\"<\/span><\/p>\n<p><b>Vilket \u00e4r ditt f\u00f6rsta intryck av din fadder\/ambassad\u00f6r?<\/b><span style=\"font-weight: 400;\"> Har faktiskt cyklat MTB vid ett tillf\u00e4lle med min fadder, det vart h\u00e5ll k\u00e4ften tempo direkt, s\u00e5 d\u00e5 k\u00e4nde jag mig hemma HAHA. ska bli riktigt kul att komma ut p\u00e5 v\u00e4garna med honom ocks\u00e5!<\/span><\/p>\n<p><b>Vad kommer du dra nytta av hos din fadder\/ambassad\u00f6r?<\/b><span style=\"font-weight: 400;\"> Hoppas att hinna f\u00e5 lite tr\u00e4ning med min fadder men ocks\u00e5 tr\u00f6st n\u00e4r man k\u00e4nner sig stressad \u00f6ver kommande utmaning.<\/span><\/p>\n<p><b>Roligaste passen?<\/b><span style=\"font-weight: 400;\"> b\u00f6rjar gilla 9 min intervaller<\/span><\/p>\n<p><b>V\u00e4rsta passen?<\/b><span style=\"font-weight: 400;\"> l\u00e5ngt l\u00e5ngsamt...sv\u00e5rt att pace:a mig<\/span><\/p>\n<p><b>Styrkor som cyklist?<\/b><span style=\"font-weight: 400;\"> Kl\u00e4ttra<\/span><\/p>\n<p><b>Svagheter som cyklist?<\/b><span style=\"font-weight: 400;\"> Pace:a mig<\/span><\/p>\n<p><b>Vad kommer du bidra med under s\u00e4songen? <\/b><span style=\"font-weight: 400;\">Haha jag kommer nog mest bidra med fr\u00e5gor \ud83d\ude42<\/span><\/p>\n<p><b>St\u00f6rsta r\u00e4dslan inf\u00f6r V\u00e4tternrundan?<\/b><span style=\"font-weight: 400;\"> Kramp!!!<\/span><\/p>\n<p><b>Bulle eller wienerbr\u00f6d? <\/b><span style=\"font-weight: 400;\">En av varje<\/span><br \/>\n<b>Touren eller Vueltan?<\/b><span style=\"font-weight: 400;\"> Vueltan<\/span><br \/>\n<b>Morgon eller kv\u00e4llspass? <\/b><span style=\"font-weight: 400;\">Spelar ingen roll...m\u00e5ste jag v\u00e4lja?? hmm morgon tror jag<\/span><br \/>\n<b>Uppf\u00f6r eller nedf\u00f6r?<\/b><span style=\"font-weight: 400;\"> Uppf\u00f6r p\u00e5 Racern utf\u00f6r p\u00e5 Enduron<\/span><br \/>\n<b>Tub, tubl\u00f6st eller slang?<\/b><span style=\"font-weight: 400;\"> Tubl\u00f6st<\/span><br \/>\n<b>K\u00e4nsla eller data? <\/b><span style=\"font-weight: 400;\">F\u00f6rr, k\u00e4nsla, nu b\u00f6rjar tippa \u00a0\u00f6ver mot data<\/span><br \/>\n<b>Kort och h\u00e5rt eller l\u00e5ngt och lagom?<\/b><span style=\"font-weight: 400;\"> l\u00e5ngt och h\u00e5rt...det var det d\u00e4r med att pace:a sig<\/span><\/p>\n<\/div>\n<\/div><\/div><\/div><div id=\"pgc-1907-1-3\"  class=\"panel-grid-cell panel-grid-cell-empty\" ><\/div><\/div><div id=\"pg-1907-2\"  class=\"panel-grid panel-no-style\" ><div id=\"pgc-1907-2-0\"  class=\"panel-grid-cell panel-grid-cell-empty\" ><\/div><\/div><\/div>","protected":false},"excerpt":{"rendered":"<p>Gustav Svensson Namn: Gustav Esteban Svensson \u00c5lder: 34 Bor:\u00a0\u00c5re Familj Ensamst\u00e5ende L\u00e4ngd:\u00a0181 Yrke: Resande s\u00e4ljare Varf\u00f6r s\u00f6kte du till SKODA [&hellip;]<\/p>\n","protected":false},"author":52,"featured_media":0,"parent":1815,"menu_order":0,"comment_status":"closed","ping_status":"closed","template":"templates\/template-full-width.php","meta":{"footnotes":""},"tags":[],"class_list":["post-1907","page","type-page","status-publish","hentry"],"yoast_head":"<!-- This site is optimized with the Yoast SEO Premium plugin v25.3 (Yoast SEO v25.9) - https:\/\/yoast.com\/wordpress\/plugins\/seo\/ -->\n<title>Gustav Svensson - \u0160koda - We Love Cycling - Sweden<\/title>\n<meta name=\"robots\" content=\"index, follow, max-snippet:-1, max-image-preview:large, max-video-preview:-1\" \/>\n<link rel=\"canonical\" href=\"https:\/\/www.welovecycling.com\/se\/skoda-cycling-team\/skoda-cycling-team-2019\/gustav-svensson\/\" \/>\n<meta property=\"og:locale\" content=\"sv_SE\" \/>\n<meta property=\"og:type\" content=\"article\" \/>\n<meta property=\"og:title\" content=\"Gustav Svensson\" \/>\n<meta property=\"og:description\" content=\"Gustav Svensson Namn: Gustav Esteban Svensson \u00c5lder: 34 Bor:\u00a0\u00c5re Familj Ensamst\u00e5ende L\u00e4ngd:\u00a0181 Yrke: Resande s\u00e4ljare Varf\u00f6r s\u00f6kte du till SKODA [&hellip;]\" \/>\n<meta property=\"og:url\" content=\"https:\/\/www.welovecycling.com\/se\/skoda-cycling-team\/skoda-cycling-team-2019\/gustav-svensson\/\" \/>\n<meta property=\"og:site_name\" content=\"\u0160koda - We Love Cycling - Sweden\" \/>\n<meta property=\"article:modified_time\" content=\"2019-04-08T12:27:36+00:00\" \/>\n<meta property=\"og:image\" content=\"https:\/\/d2p6e6u75xmxt8.cloudfront.net\/9\/2019\/03\/25.jpg\" \/>\n<meta name=\"twitter:card\" content=\"summary_large_image\" \/>\n<meta name=\"twitter:label1\" content=\"Est. reading time\" \/>\n\t<meta name=\"twitter:data1\" content=\"2 minutes\" \/>\n<script type=\"application\/ld+json\" class=\"yoast-schema-graph\">{\"@context\":\"https:\/\/schema.org\",\"@graph\":[{\"@type\":\"WebPage\",\"@id\":\"https:\/\/www.welovecycling.com\/se\/skoda-cycling-team\/skoda-cycling-team-2019\/gustav-svensson\/\",\"url\":\"https:\/\/www.welovecycling.com\/se\/skoda-cycling-team\/skoda-cycling-team-2019\/gustav-svensson\/\",\"name\":\"Gustav Svensson - \u0160koda - We Love Cycling - Sweden\",\"isPartOf\":{\"@id\":\"https:\/\/www.welovecycling.com\/se\/#website\"},\"primaryImageOfPage\":{\"@id\":\"https:\/\/www.welovecycling.com\/se\/skoda-cycling-team\/skoda-cycling-team-2019\/gustav-svensson\/#primaryimage\"},\"image\":{\"@id\":\"https:\/\/www.welovecycling.com\/se\/skoda-cycling-team\/skoda-cycling-team-2019\/gustav-svensson\/#primaryimage\"},\"thumbnailUrl\":\"https:\/\/d2p6e6u75xmxt8.cloudfront.net\/9\/2019\/03\/25.jpg\",\"datePublished\":\"2019-04-03T09:26:29+00:00\",\"dateModified\":\"2019-04-08T12:27:36+00:00\",\"breadcrumb\":{\"@id\":\"https:\/\/www.welovecycling.com\/se\/skoda-cycling-team\/skoda-cycling-team-2019\/gustav-svensson\/#breadcrumb\"},\"inLanguage\":\"sv-SE\",\"potentialAction\":[{\"@type\":\"ReadAction\",\"target\":[\"https:\/\/www.welovecycling.com\/se\/skoda-cycling-team\/skoda-cycling-team-2019\/gustav-svensson\/\"]}]},{\"@type\":\"ImageObject\",\"inLanguage\":\"sv-SE\",\"@id\":\"https:\/\/www.welovecycling.com\/se\/skoda-cycling-team\/skoda-cycling-team-2019\/gustav-svensson\/#primaryimage\",\"url\":\"https:\/\/d2p6e6u75xmxt8.cloudfront.net\/9\/2019\/03\/25.jpg\",\"contentUrl\":\"https:\/\/d2p6e6u75xmxt8.cloudfront.net\/9\/2019\/03\/25.jpg\"},{\"@type\":\"BreadcrumbList\",\"@id\":\"https:\/\/www.welovecycling.com\/se\/skoda-cycling-team\/skoda-cycling-team-2019\/gustav-svensson\/#breadcrumb\",\"itemListElement\":[{\"@type\":\"ListItem\",\"position\":1,\"name\":\"Home\",\"item\":\"https:\/\/www.welovecycling.com\/se\/\"},{\"@type\":\"ListItem\",\"position\":2,\"name\":\"\u0160koda Cycling Team\",\"item\":\"https:\/\/www.welovecycling.com\/se\/skoda-cycling-team\/\"},{\"@type\":\"ListItem\",\"position\":3,\"name\":\"SKODA Cycling Team 2019\",\"item\":\"https:\/\/www.welovecycling.com\/se\/skoda-cycling-team\/skoda-cycling-team-2019\/\"},{\"@type\":\"ListItem\",\"position\":4,\"name\":\"Gustav Svensson\"}]},{\"@type\":\"WebSite\",\"@id\":\"https:\/\/www.welovecycling.com\/se\/#website\",\"url\":\"https:\/\/www.welovecycling.com\/se\/\",\"name\":\"\u0160koda - We Love Cycling - Sweden\",\"description\":\"\u0160koda We Love Cycling - Sweden\",\"potentialAction\":[{\"@type\":\"SearchAction\",\"target\":{\"@type\":\"EntryPoint\",\"urlTemplate\":\"https:\/\/www.welovecycling.com\/se\/?s={search_term_string}\"},\"query-input\":{\"@type\":\"PropertyValueSpecification\",\"valueRequired\":true,\"valueName\":\"search_term_string\"}}],\"inLanguage\":\"sv-SE\"}]}<\/script>\n<!-- \/ Yoast SEO Premium plugin. -->","yoast_head_json":{"title":"Gustav Svensson - \u0160koda - We Love Cycling - Sweden","robots":{"index":"index","follow":"follow","max-snippet":"max-snippet:-1","max-image-preview":"max-image-preview:large","max-video-preview":"max-video-preview:-1"},"canonical":"https:\/\/www.welovecycling.com\/se\/skoda-cycling-team\/skoda-cycling-team-2019\/gustav-svensson\/","og_locale":"sv_SE","og_type":"article","og_title":"Gustav Svensson","og_description":"Gustav Svensson Namn: Gustav Esteban Svensson \u00c5lder: 34 Bor:\u00a0\u00c5re Familj Ensamst\u00e5ende L\u00e4ngd:\u00a0181 Yrke: Resande s\u00e4ljare Varf\u00f6r s\u00f6kte du till SKODA [&hellip;]","og_url":"https:\/\/www.welovecycling.com\/se\/skoda-cycling-team\/skoda-cycling-team-2019\/gustav-svensson\/","og_site_name":"\u0160koda - We Love Cycling - Sweden","article_modified_time":"2019-04-08T12:27:36+00:00","og_image":[{"url":"https:\/\/d2p6e6u75xmxt8.cloudfront.net\/9\/2019\/03\/25.jpg","type":"","width":"","height":""}],"twitter_card":"summary_large_image","twitter_misc":{"Est. reading time":"2 minutes"},"schema":{"@context":"https:\/\/schema.org","@graph":[{"@type":"WebPage","@id":"https:\/\/www.welovecycling.com\/se\/skoda-cycling-team\/skoda-cycling-team-2019\/gustav-svensson\/","url":"https:\/\/www.welovecycling.com\/se\/skoda-cycling-team\/skoda-cycling-team-2019\/gustav-svensson\/","name":"Gustav Svensson - \u0160koda - We Love Cycling - Sweden","isPartOf":{"@id":"https:\/\/www.welovecycling.com\/se\/#website"},"primaryImageOfPage":{"@id":"https:\/\/www.welovecycling.com\/se\/skoda-cycling-team\/skoda-cycling-team-2019\/gustav-svensson\/#primaryimage"},"image":{"@id":"https:\/\/www.welovecycling.com\/se\/skoda-cycling-team\/skoda-cycling-team-2019\/gustav-svensson\/#primaryimage"},"thumbnailUrl":"https:\/\/d2p6e6u75xmxt8.cloudfront.net\/9\/2019\/03\/25.jpg","datePublished":"2019-04-03T09:26:29+00:00","dateModified":"2019-04-08T12:27:36+00:00","breadcrumb":{"@id":"https:\/\/www.welovecycling.com\/se\/skoda-cycling-team\/skoda-cycling-team-2019\/gustav-svensson\/#breadcrumb"},"inLanguage":"sv-SE","potentialAction":[{"@type":"ReadAction","target":["https:\/\/www.welovecycling.com\/se\/skoda-cycling-team\/skoda-cycling-team-2019\/gustav-svensson\/"]}]},{"@type":"ImageObject","inLanguage":"sv-SE","@id":"https:\/\/www.welovecycling.com\/se\/skoda-cycling-team\/skoda-cycling-team-2019\/gustav-svensson\/#primaryimage","url":"https:\/\/d2p6e6u75xmxt8.cloudfront.net\/9\/2019\/03\/25.jpg","contentUrl":"https:\/\/d2p6e6u75xmxt8.cloudfront.net\/9\/2019\/03\/25.jpg"},{"@type":"BreadcrumbList","@id":"https:\/\/www.welovecycling.com\/se\/skoda-cycling-team\/skoda-cycling-team-2019\/gustav-svensson\/#breadcrumb","itemListElement":[{"@type":"ListItem","position":1,"name":"Home","item":"https:\/\/www.welovecycling.com\/se\/"},{"@type":"ListItem","position":2,"name":"\u0160koda Cycling Team","item":"https:\/\/www.welovecycling.com\/se\/skoda-cycling-team\/"},{"@type":"ListItem","position":3,"name":"SKODA Cycling Team 2019","item":"https:\/\/www.welovecycling.com\/se\/skoda-cycling-team\/skoda-cycling-team-2019\/"},{"@type":"ListItem","position":4,"name":"Gustav Svensson"}]},{"@type":"WebSite","@id":"https:\/\/www.welovecycling.com\/se\/#website","url":"https:\/\/www.welovecycling.com\/se\/","name":"\u0160koda - We Love Cycling - Sweden","description":"\u0160koda We Love Cycling - Sweden","potentialAction":[{"@type":"SearchAction","target":{"@type":"EntryPoint","urlTemplate":"https:\/\/www.welovecycling.com\/se\/?s={search_term_string}"},"query-input":{"@type":"PropertyValueSpecification","valueRequired":true,"valueName":"search_term_string"}}],"inLanguage":"sv-SE"}]}},"_links":{"self":[{"href":"https:\/\/www.welovecycling.com\/se\/wp-json\/wp\/v2\/pages\/1907","targetHints":{"allow":["GET"]}}],"collection":[{"href":"https:\/\/www.welovecycling.com\/se\/wp-json\/wp\/v2\/pages"}],"about":[{"href":"https:\/\/www.welovecycling.com\/se\/wp-json\/wp\/v2\/types\/page"}],"author":[{"embeddable":true,"href":"https:\/\/www.welovecycling.com\/se\/wp-json\/wp\/v2\/users\/52"}],"replies":[{"embeddable":true,"href":"https:\/\/www.welovecycling.com\/se\/wp-json\/wp\/v2\/comments?post=1907"}],"version-history":[{"count":2,"href":"https:\/\/www.welovecycling.com\/se\/wp-json\/wp\/v2\/pages\/1907\/revisions"}],"predecessor-version":[{"id":2070,"href":"https:\/\/www.welovecycling.com\/se\/wp-json\/wp\/v2\/pages\/1907\/revisions\/2070"}],"up":[{"embeddable":true,"href":"https:\/\/www.welovecycling.com\/se\/wp-json\/wp\/v2\/pages\/1815"}],"wp:attachment":[{"href":"https:\/\/www.welovecycling.com\/se\/wp-json\/wp\/v2\/media?parent=1907"}],"wp:term":[{"taxonomy":"post_tag","embeddable":true,"href":"https:\/\/www.welovecycling.com\/se\/wp-json\/wp\/v2\/tags?post=1907"}],"curies":[{"name":"wp","href":"https:\/\/api.w.org\/{rel}","templated":true}]}}