{"id":1895,"date":"2019-04-03T10:24:23","date_gmt":"2019-04-03T09:24:23","guid":{"rendered":"https:\/\/www.welovecycling.com\/se\/?page_id=1895"},"modified":"2019-04-26T13:41:57","modified_gmt":"2019-04-26T12:41:57","slug":"klas-wirehn","status":"publish","type":"page","link":"https:\/\/www.welovecycling.com\/se\/skoda-cycling-team\/skoda-cycling-team-2019\/klas-wirehn\/","title":{"rendered":"Klas Wir\u00e9hn"},"content":{"rendered":"<div id=\"pl-1895\"  class=\"panel-layout\" ><div id=\"pg-1895-0\"  class=\"panel-grid panel-no-style\" ><div id=\"pgc-1895-0-0\"  class=\"panel-grid-cell panel-grid-cell-empty\" ><\/div><\/div><div id=\"pg-1895-1\"  class=\"panel-grid panel-no-style\" ><div id=\"pgc-1895-1-0\"  class=\"panel-grid-cell panel-grid-cell-empty\" ><\/div><div id=\"pgc-1895-1-1\"  class=\"panel-grid-cell\" ><div id=\"panel-1895-1-1-0\" class=\"so-panel widget widget_sow-editor panel-first-child panel-last-child\" data-index=\"0\" ><div\n\t\t\t\n\t\t\tclass=\"so-widget-sow-editor so-widget-sow-editor-base\"\n\t\t\t\n\t\t>\n<div class=\"siteorigin-widget-tinymce textwidget\">\n\t<p><a href=\"https:\/\/d2p6e6u75xmxt8.cloudfront.net\/9\/2019\/04\/klas.jpg\"><img loading=\"lazy\" decoding=\"async\" class=\"alignnone size-full wp-image-2130\" src=\"https:\/\/d2p6e6u75xmxt8.cloudfront.net\/9\/2019\/04\/klas.jpg\" alt=\"\" width=\"530\" height=\"800\" srcset=\"https:\/\/d2p6e6u75xmxt8.cloudfront.net\/9\/2019\/04\/klas.jpg 530w, https:\/\/d2p6e6u75xmxt8.cloudfront.net\/9\/2019\/04\/klas-199x300.jpg 199w\" sizes=\"auto, (max-width: 530px) 100vw, 530px\" \/><\/a><\/p>\n<\/div>\n<\/div><\/div><\/div><div id=\"pgc-1895-1-2\"  class=\"panel-grid-cell panel-grid-cell-mobile-last\" ><div id=\"panel-1895-1-2-0\" class=\"so-panel widget widget_sow-editor panel-first-child panel-last-child\" data-index=\"1\" ><div\n\t\t\t\n\t\t\tclass=\"so-widget-sow-editor so-widget-sow-editor-base\"\n\t\t\t\n\t\t>\n<div class=\"siteorigin-widget-tinymce textwidget\">\n\t<h1>Klas Wir\u00e9hn<\/h1>\n<p><b>Namn:<\/b><span style=\"font-weight: 400;\"> Klas Wir\u00e9hn<\/span><\/p>\n<p><b>\u00c5lder:<\/b><span style=\"font-weight: 400;\"> 34<\/span><\/p>\n<p><b>Bor:\u00a0<\/b><span style=\"font-weight: 400;\">Anneberg, N\u00e4ssj\u00f6<\/span><\/p>\n<p><b>Familj:<\/b><span style=\"font-weight: 400;\"> Sambo\/blivande fru Sofia och hunden Arne<\/span><\/p>\n<p><b>L\u00e4ngd:<\/b><span style=\"font-weight: 400;\"> 184<\/span><\/p>\n<p><b>Yrke:<\/b><span style=\"font-weight: 400;\"> Konstn\u00e4r och driver en reklambyr\u00e5 med inriktning visualisering. <\/span><\/p>\n<p><b>Varf\u00f6r s\u00f6kte du till SKODA Cycling Team?<\/b><span style=\"font-weight: 400;\"> F\u00f6r att kunna bli en b\u00e4ttre cyklist och k\u00e4nslan av laganda.<\/span><\/p>\n<p><b>Vilket \u00e4r ditt f\u00f6rsta intryck av din fadder\/ambassad\u00f6r?<\/b><span style=\"font-weight: 400;\"> Stort! En \u00e4ra att f\u00e5 Daniel Rytz som fadder, med l\u00e5ng erfarenhet inom cykling. <\/span><\/p>\n<p><b>Vad kommer du dra nytta av hos din fadder\/ambassad\u00f6r?<\/b><span style=\"font-weight: 400;\"> L\u00e4ra mig mer av att cykla i klunga, taktik och teknik. <\/span><\/p>\n<p><b>Roligaste passen?<\/b><span style=\"font-weight: 400;\"> Korta och effektiva.<\/span><\/p>\n<p><b>V\u00e4rsta passen?<\/b><span style=\"font-weight: 400;\"> L\u00e5ngpass inomhus.<\/span><\/p>\n<p><b>Styrkor som cyklist? <\/b><span style=\"font-weight: 400;\">Pannben<\/span><\/p>\n<p><b>Svagheter som cyklist?<\/b><span style=\"font-weight: 400;\"> Nyb\u00f6rjare<\/span><\/p>\n<p><b>Vad kommer du bidra med under s\u00e4songen? <\/b><span style=\"font-weight: 400;\">Fika och hur man inte ska g\u00f6ra\u2026 <\/span><\/p>\n<p><b>St\u00f6rsta r\u00e4dslan inf\u00f6r V\u00e4tternrundan?<\/b><span style=\"font-weight: 400;\"> Att cykla in i n\u00e5gon. <\/span><\/p>\n<p><b>Bulle eller wienerbr\u00f6d?<\/b><span style=\"font-weight: 400;\"> Wienerbr\u00f6d<\/span><br \/>\n<b>Touren eller Vueltan? <\/b><span style=\"font-weight: 400;\">Touren<\/span><br \/>\n<b>Morgon eller kv\u00e4llspass?<\/b><span style=\"font-weight: 400;\"> Morgon <\/span><br \/>\n<b>Uppf\u00f6r eller nedf\u00f6r?<\/b><span style=\"font-weight: 400;\"> Nedf\u00f6r<\/span><br \/>\n<b>Tub, tubl\u00f6st eller slang?<\/b><span style=\"font-weight: 400;\"> Slang, aldrig testat n\u00e5got annat.<\/span><br \/>\n<b>K\u00e4nsla eller data?<\/b><span style=\"font-weight: 400;\"> K\u00e4nsla<\/span><br \/>\n<b>Kort och h\u00e5rt eller l\u00e5ngt och lagom?<\/b><span style=\"font-weight: 400;\"> Kort och h\u00e5rt <\/span><\/p>\n<\/div>\n<\/div><\/div><\/div><div id=\"pgc-1895-1-3\"  class=\"panel-grid-cell panel-grid-cell-empty\" ><\/div><\/div><div id=\"pg-1895-2\"  class=\"panel-grid panel-no-style\" ><div id=\"pgc-1895-2-0\"  class=\"panel-grid-cell panel-grid-cell-empty\" ><\/div><\/div><\/div>","protected":false},"excerpt":{"rendered":"<p>Klas Wir\u00e9hn Namn: Klas Wir\u00e9hn \u00c5lder: 34 Bor:\u00a0Anneberg, N\u00e4ssj\u00f6 Familj: Sambo\/blivande fru Sofia och hunden Arne L\u00e4ngd: 184 Yrke: Konstn\u00e4r [&hellip;]<\/p>\n","protected":false},"author":52,"featured_media":0,"parent":1815,"menu_order":0,"comment_status":"closed","ping_status":"closed","template":"templates\/template-full-width.php","meta":{"footnotes":""},"tags":[],"class_list":["post-1895","page","type-page","status-publish","hentry"],"yoast_head":"<!-- This site is optimized with the Yoast SEO Premium plugin v25.3 (Yoast SEO v25.9) - https:\/\/yoast.com\/wordpress\/plugins\/seo\/ -->\n<title>Klas Wir\u00e9hn - \u0160koda - We Love Cycling - Sweden<\/title>\n<meta name=\"robots\" content=\"index, follow, max-snippet:-1, max-image-preview:large, max-video-preview:-1\" \/>\n<link rel=\"canonical\" href=\"https:\/\/www.welovecycling.com\/se\/skoda-cycling-team\/skoda-cycling-team-2019\/klas-wirehn\/\" \/>\n<meta property=\"og:locale\" content=\"sv_SE\" \/>\n<meta property=\"og:type\" content=\"article\" \/>\n<meta property=\"og:title\" content=\"Klas Wir\u00e9hn\" \/>\n<meta property=\"og:description\" content=\"Klas Wir\u00e9hn Namn: Klas Wir\u00e9hn \u00c5lder: 34 Bor:\u00a0Anneberg, N\u00e4ssj\u00f6 Familj: Sambo\/blivande fru Sofia och hunden Arne L\u00e4ngd: 184 Yrke: Konstn\u00e4r [&hellip;]\" \/>\n<meta property=\"og:url\" content=\"https:\/\/www.welovecycling.com\/se\/skoda-cycling-team\/skoda-cycling-team-2019\/klas-wirehn\/\" \/>\n<meta property=\"og:site_name\" content=\"\u0160koda - We Love Cycling - Sweden\" \/>\n<meta property=\"article:modified_time\" content=\"2019-04-26T12:41:57+00:00\" \/>\n<meta property=\"og:image\" content=\"https:\/\/d2p6e6u75xmxt8.cloudfront.net\/9\/2019\/04\/klas.jpg\" \/>\n<meta name=\"twitter:card\" content=\"summary_large_image\" \/>\n<meta name=\"twitter:label1\" content=\"Est. reading time\" \/>\n\t<meta name=\"twitter:data1\" content=\"1 minute\" \/>\n<script type=\"application\/ld+json\" class=\"yoast-schema-graph\">{\"@context\":\"https:\/\/schema.org\",\"@graph\":[{\"@type\":\"WebPage\",\"@id\":\"https:\/\/www.welovecycling.com\/se\/skoda-cycling-team\/skoda-cycling-team-2019\/klas-wirehn\/\",\"url\":\"https:\/\/www.welovecycling.com\/se\/skoda-cycling-team\/skoda-cycling-team-2019\/klas-wirehn\/\",\"name\":\"Klas Wir\u00e9hn - \u0160koda - We Love Cycling - Sweden\",\"isPartOf\":{\"@id\":\"https:\/\/www.welovecycling.com\/se\/#website\"},\"primaryImageOfPage\":{\"@id\":\"https:\/\/www.welovecycling.com\/se\/skoda-cycling-team\/skoda-cycling-team-2019\/klas-wirehn\/#primaryimage\"},\"image\":{\"@id\":\"https:\/\/www.welovecycling.com\/se\/skoda-cycling-team\/skoda-cycling-team-2019\/klas-wirehn\/#primaryimage\"},\"thumbnailUrl\":\"https:\/\/d2p6e6u75xmxt8.cloudfront.net\/9\/2019\/04\/klas.jpg\",\"datePublished\":\"2019-04-03T09:24:23+00:00\",\"dateModified\":\"2019-04-26T12:41:57+00:00\",\"breadcrumb\":{\"@id\":\"https:\/\/www.welovecycling.com\/se\/skoda-cycling-team\/skoda-cycling-team-2019\/klas-wirehn\/#breadcrumb\"},\"inLanguage\":\"sv-SE\",\"potentialAction\":[{\"@type\":\"ReadAction\",\"target\":[\"https:\/\/www.welovecycling.com\/se\/skoda-cycling-team\/skoda-cycling-team-2019\/klas-wirehn\/\"]}]},{\"@type\":\"ImageObject\",\"inLanguage\":\"sv-SE\",\"@id\":\"https:\/\/www.welovecycling.com\/se\/skoda-cycling-team\/skoda-cycling-team-2019\/klas-wirehn\/#primaryimage\",\"url\":\"https:\/\/d2p6e6u75xmxt8.cloudfront.net\/9\/2019\/04\/klas.jpg\",\"contentUrl\":\"https:\/\/d2p6e6u75xmxt8.cloudfront.net\/9\/2019\/04\/klas.jpg\"},{\"@type\":\"BreadcrumbList\",\"@id\":\"https:\/\/www.welovecycling.com\/se\/skoda-cycling-team\/skoda-cycling-team-2019\/klas-wirehn\/#breadcrumb\",\"itemListElement\":[{\"@type\":\"ListItem\",\"position\":1,\"name\":\"Home\",\"item\":\"https:\/\/www.welovecycling.com\/se\/\"},{\"@type\":\"ListItem\",\"position\":2,\"name\":\"\u0160koda Cycling Team\",\"item\":\"https:\/\/www.welovecycling.com\/se\/skoda-cycling-team\/\"},{\"@type\":\"ListItem\",\"position\":3,\"name\":\"SKODA Cycling Team 2019\",\"item\":\"https:\/\/www.welovecycling.com\/se\/skoda-cycling-team\/skoda-cycling-team-2019\/\"},{\"@type\":\"ListItem\",\"position\":4,\"name\":\"Klas Wir\u00e9hn\"}]},{\"@type\":\"WebSite\",\"@id\":\"https:\/\/www.welovecycling.com\/se\/#website\",\"url\":\"https:\/\/www.welovecycling.com\/se\/\",\"name\":\"\u0160koda - We Love Cycling - Sweden\",\"description\":\"\u0160koda We Love Cycling - Sweden\",\"potentialAction\":[{\"@type\":\"SearchAction\",\"target\":{\"@type\":\"EntryPoint\",\"urlTemplate\":\"https:\/\/www.welovecycling.com\/se\/?s={search_term_string}\"},\"query-input\":{\"@type\":\"PropertyValueSpecification\",\"valueRequired\":true,\"valueName\":\"search_term_string\"}}],\"inLanguage\":\"sv-SE\"}]}<\/script>\n<!-- \/ Yoast SEO Premium plugin. -->","yoast_head_json":{"title":"Klas Wir\u00e9hn - \u0160koda - We Love Cycling - Sweden","robots":{"index":"index","follow":"follow","max-snippet":"max-snippet:-1","max-image-preview":"max-image-preview:large","max-video-preview":"max-video-preview:-1"},"canonical":"https:\/\/www.welovecycling.com\/se\/skoda-cycling-team\/skoda-cycling-team-2019\/klas-wirehn\/","og_locale":"sv_SE","og_type":"article","og_title":"Klas Wir\u00e9hn","og_description":"Klas Wir\u00e9hn Namn: Klas Wir\u00e9hn \u00c5lder: 34 Bor:\u00a0Anneberg, N\u00e4ssj\u00f6 Familj: Sambo\/blivande fru Sofia och hunden Arne L\u00e4ngd: 184 Yrke: Konstn\u00e4r [&hellip;]","og_url":"https:\/\/www.welovecycling.com\/se\/skoda-cycling-team\/skoda-cycling-team-2019\/klas-wirehn\/","og_site_name":"\u0160koda - We Love Cycling - Sweden","article_modified_time":"2019-04-26T12:41:57+00:00","og_image":[{"url":"https:\/\/d2p6e6u75xmxt8.cloudfront.net\/9\/2019\/04\/klas.jpg","type":"","width":"","height":""}],"twitter_card":"summary_large_image","twitter_misc":{"Est. reading time":"1 minute"},"schema":{"@context":"https:\/\/schema.org","@graph":[{"@type":"WebPage","@id":"https:\/\/www.welovecycling.com\/se\/skoda-cycling-team\/skoda-cycling-team-2019\/klas-wirehn\/","url":"https:\/\/www.welovecycling.com\/se\/skoda-cycling-team\/skoda-cycling-team-2019\/klas-wirehn\/","name":"Klas Wir\u00e9hn - \u0160koda - We Love Cycling - Sweden","isPartOf":{"@id":"https:\/\/www.welovecycling.com\/se\/#website"},"primaryImageOfPage":{"@id":"https:\/\/www.welovecycling.com\/se\/skoda-cycling-team\/skoda-cycling-team-2019\/klas-wirehn\/#primaryimage"},"image":{"@id":"https:\/\/www.welovecycling.com\/se\/skoda-cycling-team\/skoda-cycling-team-2019\/klas-wirehn\/#primaryimage"},"thumbnailUrl":"https:\/\/d2p6e6u75xmxt8.cloudfront.net\/9\/2019\/04\/klas.jpg","datePublished":"2019-04-03T09:24:23+00:00","dateModified":"2019-04-26T12:41:57+00:00","breadcrumb":{"@id":"https:\/\/www.welovecycling.com\/se\/skoda-cycling-team\/skoda-cycling-team-2019\/klas-wirehn\/#breadcrumb"},"inLanguage":"sv-SE","potentialAction":[{"@type":"ReadAction","target":["https:\/\/www.welovecycling.com\/se\/skoda-cycling-team\/skoda-cycling-team-2019\/klas-wirehn\/"]}]},{"@type":"ImageObject","inLanguage":"sv-SE","@id":"https:\/\/www.welovecycling.com\/se\/skoda-cycling-team\/skoda-cycling-team-2019\/klas-wirehn\/#primaryimage","url":"https:\/\/d2p6e6u75xmxt8.cloudfront.net\/9\/2019\/04\/klas.jpg","contentUrl":"https:\/\/d2p6e6u75xmxt8.cloudfront.net\/9\/2019\/04\/klas.jpg"},{"@type":"BreadcrumbList","@id":"https:\/\/www.welovecycling.com\/se\/skoda-cycling-team\/skoda-cycling-team-2019\/klas-wirehn\/#breadcrumb","itemListElement":[{"@type":"ListItem","position":1,"name":"Home","item":"https:\/\/www.welovecycling.com\/se\/"},{"@type":"ListItem","position":2,"name":"\u0160koda Cycling Team","item":"https:\/\/www.welovecycling.com\/se\/skoda-cycling-team\/"},{"@type":"ListItem","position":3,"name":"SKODA Cycling Team 2019","item":"https:\/\/www.welovecycling.com\/se\/skoda-cycling-team\/skoda-cycling-team-2019\/"},{"@type":"ListItem","position":4,"name":"Klas Wir\u00e9hn"}]},{"@type":"WebSite","@id":"https:\/\/www.welovecycling.com\/se\/#website","url":"https:\/\/www.welovecycling.com\/se\/","name":"\u0160koda - We Love Cycling - Sweden","description":"\u0160koda We Love Cycling - Sweden","potentialAction":[{"@type":"SearchAction","target":{"@type":"EntryPoint","urlTemplate":"https:\/\/www.welovecycling.com\/se\/?s={search_term_string}"},"query-input":{"@type":"PropertyValueSpecification","valueRequired":true,"valueName":"search_term_string"}}],"inLanguage":"sv-SE"}]}},"_links":{"self":[{"href":"https:\/\/www.welovecycling.com\/se\/wp-json\/wp\/v2\/pages\/1895","targetHints":{"allow":["GET"]}}],"collection":[{"href":"https:\/\/www.welovecycling.com\/se\/wp-json\/wp\/v2\/pages"}],"about":[{"href":"https:\/\/www.welovecycling.com\/se\/wp-json\/wp\/v2\/types\/page"}],"author":[{"embeddable":true,"href":"https:\/\/www.welovecycling.com\/se\/wp-json\/wp\/v2\/users\/52"}],"replies":[{"embeddable":true,"href":"https:\/\/www.welovecycling.com\/se\/wp-json\/wp\/v2\/comments?post=1895"}],"version-history":[{"count":2,"href":"https:\/\/www.welovecycling.com\/se\/wp-json\/wp\/v2\/pages\/1895\/revisions"}],"predecessor-version":[{"id":2141,"href":"https:\/\/www.welovecycling.com\/se\/wp-json\/wp\/v2\/pages\/1895\/revisions\/2141"}],"up":[{"embeddable":true,"href":"https:\/\/www.welovecycling.com\/se\/wp-json\/wp\/v2\/pages\/1815"}],"wp:attachment":[{"href":"https:\/\/www.welovecycling.com\/se\/wp-json\/wp\/v2\/media?parent=1895"}],"wp:term":[{"taxonomy":"post_tag","embeddable":true,"href":"https:\/\/www.welovecycling.com\/se\/wp-json\/wp\/v2\/tags?post=1895"}],"curies":[{"name":"wp","href":"https:\/\/api.w.org\/{rel}","templated":true}]}}