{"id":1889,"date":"2019-04-03T10:23:19","date_gmt":"2019-04-03T09:23:19","guid":{"rendered":"https:\/\/www.welovecycling.com\/se\/?page_id=1889"},"modified":"2019-04-03T10:23:19","modified_gmt":"2019-04-03T09:23:19","slug":"patrik-viklund","status":"publish","type":"page","link":"https:\/\/www.welovecycling.com\/se\/skoda-cycling-team\/skoda-cycling-team-2019\/patrik-viklund\/","title":{"rendered":"Patrik Viklund"},"content":{"rendered":"<div id=\"pl-1889\"  class=\"panel-layout\" ><div id=\"pg-1889-0\"  class=\"panel-grid panel-no-style\" ><div id=\"pgc-1889-0-0\"  class=\"panel-grid-cell panel-grid-cell-empty\" ><\/div><\/div><div id=\"pg-1889-1\"  class=\"panel-grid panel-no-style\" ><div id=\"pgc-1889-1-0\"  class=\"panel-grid-cell panel-grid-cell-empty\" ><\/div><div id=\"pgc-1889-1-1\"  class=\"panel-grid-cell\" ><div id=\"panel-1889-1-1-0\" class=\"so-panel widget widget_sow-editor panel-first-child panel-last-child\" data-index=\"0\" ><div\n\t\t\t\n\t\t\tclass=\"so-widget-sow-editor so-widget-sow-editor-base\"\n\t\t\t\n\t\t>\n<div class=\"siteorigin-widget-tinymce textwidget\">\n\t<p><a href=\"https:\/\/d2p6e6u75xmxt8.cloudfront.net\/9\/2019\/03\/28.jpg\"><img loading=\"lazy\" decoding=\"async\" class=\"alignnone size-full wp-image-1851\" src=\"https:\/\/d2p6e6u75xmxt8.cloudfront.net\/9\/2019\/03\/28.jpg\" alt=\"\" width=\"530\" height=\"800\" srcset=\"https:\/\/d2p6e6u75xmxt8.cloudfront.net\/9\/2019\/03\/28.jpg 530w, https:\/\/d2p6e6u75xmxt8.cloudfront.net\/9\/2019\/03\/28-199x300.jpg 199w\" sizes=\"auto, (max-width: 530px) 100vw, 530px\" \/><\/a><\/p>\n<\/div>\n<\/div><\/div><\/div><div id=\"pgc-1889-1-2\"  class=\"panel-grid-cell panel-grid-cell-mobile-last\" ><div id=\"panel-1889-1-2-0\" class=\"so-panel widget widget_sow-editor panel-first-child panel-last-child\" data-index=\"1\" ><div\n\t\t\t\n\t\t\tclass=\"so-widget-sow-editor so-widget-sow-editor-base\"\n\t\t\t\n\t\t>\n<div class=\"siteorigin-widget-tinymce textwidget\">\n\t<h1>Patrik Viklund<\/h1>\n<p><b>Namn:\u00a0<\/b><span style=\"font-weight: 400;\">Patrik Viklund<\/span><\/p>\n<p><b>\u00c5lder:\u00a0<\/b><span style=\"font-weight: 400;\">39 \u00e5r<\/span><\/p>\n<p><b>Bor:\u00a0<\/b><span style=\"font-weight: 400;\">Stockholm<\/span><\/p>\n<p><b>Familj:<\/b><span style=\"font-weight: 400;\"> Gift och barn<\/span><\/p>\n<p><b>L\u00e4ngd:\u00a0<\/b><span style=\"font-weight: 400;\">181 cm<\/span><\/p>\n<p><b>Yrke:<\/b><span style=\"font-weight: 400;\"> Arbetar inom r\u00e4ttsv\u00e4sendet <\/span><\/p>\n<p><b>Varf\u00f6r s\u00f6kte du till SKODA Cycling Team? <\/b><span style=\"font-weight: 400;\">Jag s\u00e5g det som en fantastisk m\u00f6jlighet! Att bli bortsk\u00e4md med proffstr\u00e4nare, erfarna ambassad\u00f6rer och f\u00e5 tillg\u00e5ng till den b\u00e4sta utrustningen \u00e4r en dr\u00f6m f\u00f6r de allra flesta som gillar cykling! <\/span><\/p>\n<p><b>Vilket \u00e4r ditt f\u00f6rsta intryck av din fadder\/ambassad\u00f6r? <\/b><span style=\"font-weight: 400;\">Fredrik Kessiakoff \u00e4r mycket engagerad i hur jag ska kunna utvecklas som cyklist inf\u00f6r V\u00e4tternrundan. Dessutom \u00e4r han en v\u00e4ldigt trevlig person. Det k\u00e4nns otroligt roligt och inspirerande att ha honom som fadder. <\/span><\/p>\n<p><b>Vad kommer du dra nytta av hos din fadder\/ambassad\u00f6r?<\/b><span style=\"font-weight: 400;\"> Fredrik har med sin enorma erfarenhet massor att l\u00e4ra mig. Inf\u00f6r V\u00e4tternrundan kommer vi att fokusera mycket p\u00e5 klungk\u00f6rningen och att f\u00e5 den att flyta p\u00e5 bra i gruppen.<\/span><\/p>\n<p><b>Roligaste passen?<\/b><span style=\"font-weight: 400;\"> H\u00e5rda intervallpass. <\/span><\/p>\n<p><b>V\u00e4rsta passen?<\/b><span style=\"font-weight: 400;\"> \u00a0L\u00e5nga pass inomhus p\u00e5 trainer. <\/span><\/p>\n<p><b>Styrkor som cyklist?<\/b><span style=\"font-weight: 400;\"> Uth\u00e5llig och har ett bra pannben.<\/span><\/p>\n<p><b>Svagheter som cyklist? <\/b><span style=\"font-weight: 400;\">Svag p\u00e5 tekniska partier, s\u00e4rskilt i utf\u00f6rsk\u00f6rningar. <\/span><\/p>\n<p><b>Vad kommer du bidra med under s\u00e4songen? <\/b><span style=\"font-weight: 400;\">F\u00f6rhoppningsvis vara med och dra en hel del samt att skapa en bra st\u00e4mning och sk\u00f6n lagk\u00e4nsla.<\/span><\/p>\n<p><b>St\u00f6rsta r\u00e4dslan inf\u00f6r V\u00e4tternrundan?<\/b><span style=\"font-weight: 400;\"> Krascha eller f\u00e5 tekniska bekymmer. <\/span><\/p>\n<p><b>Bulle eller wienerbr\u00f6d?<\/b><span style=\"font-weight: 400;\"> Bulle<\/span><br \/>\n<b>Touren eller Vueltan?<\/b><span style=\"font-weight: 400;\"> Touren<\/span><br \/>\n<b>Morgon eller kv\u00e4llspass? <\/b><span style=\"font-weight: 400;\">Morgonpass (v\u00e4ldigt tidiga..)<\/span><br \/>\n<b>Uppf\u00f6r eller nedf\u00f6r?<\/b><span style=\"font-weight: 400;\"> Uppf\u00f6r<\/span><br \/>\n<b>Tub, tubl\u00f6st eller slang? <\/b><span style=\"font-weight: 400;\">Slang<\/span><br \/>\n<b>K\u00e4nsla eller data?<\/b><span style=\"font-weight: 400;\"> Data<\/span><br \/>\n<b>Kort och h\u00e5rt eller l\u00e5ngt och lagom?<\/b><span style=\"font-weight: 400;\"> Kort och h\u00e5rt<\/span><\/p>\n<\/div>\n<\/div><\/div><\/div><div id=\"pgc-1889-1-3\"  class=\"panel-grid-cell panel-grid-cell-empty\" ><\/div><\/div><div id=\"pg-1889-2\"  class=\"panel-grid panel-no-style\" ><div id=\"pgc-1889-2-0\"  class=\"panel-grid-cell panel-grid-cell-empty\" ><\/div><\/div><\/div>","protected":false},"excerpt":{"rendered":"<p>Patrik Viklund Namn:\u00a0Patrik Viklund \u00c5lder:\u00a039 \u00e5r Bor:\u00a0Stockholm Familj: Gift och barn L\u00e4ngd:\u00a0181 cm Yrke: Arbetar inom r\u00e4ttsv\u00e4sendet Varf\u00f6r s\u00f6kte du [&hellip;]<\/p>\n","protected":false},"author":52,"featured_media":0,"parent":1815,"menu_order":0,"comment_status":"closed","ping_status":"closed","template":"templates\/template-full-width.php","meta":{"footnotes":""},"tags":[],"class_list":["post-1889","page","type-page","status-publish","hentry"],"yoast_head":"<!-- This site is optimized with the Yoast SEO Premium plugin v25.3 (Yoast SEO v25.9) - https:\/\/yoast.com\/wordpress\/plugins\/seo\/ -->\n<title>Patrik Viklund - \u0160koda - We Love Cycling - Sweden<\/title>\n<meta name=\"robots\" content=\"index, follow, max-snippet:-1, max-image-preview:large, max-video-preview:-1\" \/>\n<link rel=\"canonical\" href=\"https:\/\/www.welovecycling.com\/se\/skoda-cycling-team\/skoda-cycling-team-2019\/patrik-viklund\/\" \/>\n<meta property=\"og:locale\" content=\"sv_SE\" \/>\n<meta property=\"og:type\" content=\"article\" \/>\n<meta property=\"og:title\" content=\"Patrik Viklund\" \/>\n<meta property=\"og:description\" content=\"Patrik Viklund Namn:\u00a0Patrik Viklund \u00c5lder:\u00a039 \u00e5r Bor:\u00a0Stockholm Familj: Gift och barn L\u00e4ngd:\u00a0181 cm Yrke: Arbetar inom r\u00e4ttsv\u00e4sendet Varf\u00f6r s\u00f6kte du [&hellip;]\" \/>\n<meta property=\"og:url\" content=\"https:\/\/www.welovecycling.com\/se\/skoda-cycling-team\/skoda-cycling-team-2019\/patrik-viklund\/\" \/>\n<meta property=\"og:site_name\" content=\"\u0160koda - We Love Cycling - Sweden\" \/>\n<meta property=\"og:image\" content=\"https:\/\/d2p6e6u75xmxt8.cloudfront.net\/9\/2019\/03\/28.jpg\" \/>\n<meta name=\"twitter:card\" content=\"summary_large_image\" \/>\n<meta name=\"twitter:label1\" content=\"Est. reading time\" \/>\n\t<meta name=\"twitter:data1\" content=\"1 minute\" \/>\n<script type=\"application\/ld+json\" class=\"yoast-schema-graph\">{\"@context\":\"https:\/\/schema.org\",\"@graph\":[{\"@type\":\"WebPage\",\"@id\":\"https:\/\/www.welovecycling.com\/se\/skoda-cycling-team\/skoda-cycling-team-2019\/patrik-viklund\/\",\"url\":\"https:\/\/www.welovecycling.com\/se\/skoda-cycling-team\/skoda-cycling-team-2019\/patrik-viklund\/\",\"name\":\"Patrik Viklund - \u0160koda - We Love Cycling - Sweden\",\"isPartOf\":{\"@id\":\"https:\/\/www.welovecycling.com\/se\/#website\"},\"primaryImageOfPage\":{\"@id\":\"https:\/\/www.welovecycling.com\/se\/skoda-cycling-team\/skoda-cycling-team-2019\/patrik-viklund\/#primaryimage\"},\"image\":{\"@id\":\"https:\/\/www.welovecycling.com\/se\/skoda-cycling-team\/skoda-cycling-team-2019\/patrik-viklund\/#primaryimage\"},\"thumbnailUrl\":\"https:\/\/d2p6e6u75xmxt8.cloudfront.net\/9\/2019\/03\/28.jpg\",\"datePublished\":\"2019-04-03T09:23:19+00:00\",\"breadcrumb\":{\"@id\":\"https:\/\/www.welovecycling.com\/se\/skoda-cycling-team\/skoda-cycling-team-2019\/patrik-viklund\/#breadcrumb\"},\"inLanguage\":\"sv-SE\",\"potentialAction\":[{\"@type\":\"ReadAction\",\"target\":[\"https:\/\/www.welovecycling.com\/se\/skoda-cycling-team\/skoda-cycling-team-2019\/patrik-viklund\/\"]}]},{\"@type\":\"ImageObject\",\"inLanguage\":\"sv-SE\",\"@id\":\"https:\/\/www.welovecycling.com\/se\/skoda-cycling-team\/skoda-cycling-team-2019\/patrik-viklund\/#primaryimage\",\"url\":\"https:\/\/d2p6e6u75xmxt8.cloudfront.net\/9\/2019\/03\/28.jpg\",\"contentUrl\":\"https:\/\/d2p6e6u75xmxt8.cloudfront.net\/9\/2019\/03\/28.jpg\"},{\"@type\":\"BreadcrumbList\",\"@id\":\"https:\/\/www.welovecycling.com\/se\/skoda-cycling-team\/skoda-cycling-team-2019\/patrik-viklund\/#breadcrumb\",\"itemListElement\":[{\"@type\":\"ListItem\",\"position\":1,\"name\":\"Home\",\"item\":\"https:\/\/www.welovecycling.com\/se\/\"},{\"@type\":\"ListItem\",\"position\":2,\"name\":\"\u0160koda Cycling Team\",\"item\":\"https:\/\/www.welovecycling.com\/se\/skoda-cycling-team\/\"},{\"@type\":\"ListItem\",\"position\":3,\"name\":\"SKODA Cycling Team 2019\",\"item\":\"https:\/\/www.welovecycling.com\/se\/skoda-cycling-team\/skoda-cycling-team-2019\/\"},{\"@type\":\"ListItem\",\"position\":4,\"name\":\"Patrik Viklund\"}]},{\"@type\":\"WebSite\",\"@id\":\"https:\/\/www.welovecycling.com\/se\/#website\",\"url\":\"https:\/\/www.welovecycling.com\/se\/\",\"name\":\"\u0160koda - We Love Cycling - Sweden\",\"description\":\"\u0160koda We Love Cycling - Sweden\",\"potentialAction\":[{\"@type\":\"SearchAction\",\"target\":{\"@type\":\"EntryPoint\",\"urlTemplate\":\"https:\/\/www.welovecycling.com\/se\/?s={search_term_string}\"},\"query-input\":{\"@type\":\"PropertyValueSpecification\",\"valueRequired\":true,\"valueName\":\"search_term_string\"}}],\"inLanguage\":\"sv-SE\"}]}<\/script>\n<!-- \/ Yoast SEO Premium plugin. -->","yoast_head_json":{"title":"Patrik Viklund - \u0160koda - We Love Cycling - Sweden","robots":{"index":"index","follow":"follow","max-snippet":"max-snippet:-1","max-image-preview":"max-image-preview:large","max-video-preview":"max-video-preview:-1"},"canonical":"https:\/\/www.welovecycling.com\/se\/skoda-cycling-team\/skoda-cycling-team-2019\/patrik-viklund\/","og_locale":"sv_SE","og_type":"article","og_title":"Patrik Viklund","og_description":"Patrik Viklund Namn:\u00a0Patrik Viklund \u00c5lder:\u00a039 \u00e5r Bor:\u00a0Stockholm Familj: Gift och barn L\u00e4ngd:\u00a0181 cm Yrke: Arbetar inom r\u00e4ttsv\u00e4sendet Varf\u00f6r s\u00f6kte du [&hellip;]","og_url":"https:\/\/www.welovecycling.com\/se\/skoda-cycling-team\/skoda-cycling-team-2019\/patrik-viklund\/","og_site_name":"\u0160koda - We Love Cycling - Sweden","og_image":[{"url":"https:\/\/d2p6e6u75xmxt8.cloudfront.net\/9\/2019\/03\/28.jpg","type":"","width":"","height":""}],"twitter_card":"summary_large_image","twitter_misc":{"Est. reading time":"1 minute"},"schema":{"@context":"https:\/\/schema.org","@graph":[{"@type":"WebPage","@id":"https:\/\/www.welovecycling.com\/se\/skoda-cycling-team\/skoda-cycling-team-2019\/patrik-viklund\/","url":"https:\/\/www.welovecycling.com\/se\/skoda-cycling-team\/skoda-cycling-team-2019\/patrik-viklund\/","name":"Patrik Viklund - \u0160koda - We Love Cycling - Sweden","isPartOf":{"@id":"https:\/\/www.welovecycling.com\/se\/#website"},"primaryImageOfPage":{"@id":"https:\/\/www.welovecycling.com\/se\/skoda-cycling-team\/skoda-cycling-team-2019\/patrik-viklund\/#primaryimage"},"image":{"@id":"https:\/\/www.welovecycling.com\/se\/skoda-cycling-team\/skoda-cycling-team-2019\/patrik-viklund\/#primaryimage"},"thumbnailUrl":"https:\/\/d2p6e6u75xmxt8.cloudfront.net\/9\/2019\/03\/28.jpg","datePublished":"2019-04-03T09:23:19+00:00","breadcrumb":{"@id":"https:\/\/www.welovecycling.com\/se\/skoda-cycling-team\/skoda-cycling-team-2019\/patrik-viklund\/#breadcrumb"},"inLanguage":"sv-SE","potentialAction":[{"@type":"ReadAction","target":["https:\/\/www.welovecycling.com\/se\/skoda-cycling-team\/skoda-cycling-team-2019\/patrik-viklund\/"]}]},{"@type":"ImageObject","inLanguage":"sv-SE","@id":"https:\/\/www.welovecycling.com\/se\/skoda-cycling-team\/skoda-cycling-team-2019\/patrik-viklund\/#primaryimage","url":"https:\/\/d2p6e6u75xmxt8.cloudfront.net\/9\/2019\/03\/28.jpg","contentUrl":"https:\/\/d2p6e6u75xmxt8.cloudfront.net\/9\/2019\/03\/28.jpg"},{"@type":"BreadcrumbList","@id":"https:\/\/www.welovecycling.com\/se\/skoda-cycling-team\/skoda-cycling-team-2019\/patrik-viklund\/#breadcrumb","itemListElement":[{"@type":"ListItem","position":1,"name":"Home","item":"https:\/\/www.welovecycling.com\/se\/"},{"@type":"ListItem","position":2,"name":"\u0160koda Cycling Team","item":"https:\/\/www.welovecycling.com\/se\/skoda-cycling-team\/"},{"@type":"ListItem","position":3,"name":"SKODA Cycling Team 2019","item":"https:\/\/www.welovecycling.com\/se\/skoda-cycling-team\/skoda-cycling-team-2019\/"},{"@type":"ListItem","position":4,"name":"Patrik Viklund"}]},{"@type":"WebSite","@id":"https:\/\/www.welovecycling.com\/se\/#website","url":"https:\/\/www.welovecycling.com\/se\/","name":"\u0160koda - We Love Cycling - Sweden","description":"\u0160koda We Love Cycling - Sweden","potentialAction":[{"@type":"SearchAction","target":{"@type":"EntryPoint","urlTemplate":"https:\/\/www.welovecycling.com\/se\/?s={search_term_string}"},"query-input":{"@type":"PropertyValueSpecification","valueRequired":true,"valueName":"search_term_string"}}],"inLanguage":"sv-SE"}]}},"_links":{"self":[{"href":"https:\/\/www.welovecycling.com\/se\/wp-json\/wp\/v2\/pages\/1889","targetHints":{"allow":["GET"]}}],"collection":[{"href":"https:\/\/www.welovecycling.com\/se\/wp-json\/wp\/v2\/pages"}],"about":[{"href":"https:\/\/www.welovecycling.com\/se\/wp-json\/wp\/v2\/types\/page"}],"author":[{"embeddable":true,"href":"https:\/\/www.welovecycling.com\/se\/wp-json\/wp\/v2\/users\/52"}],"replies":[{"embeddable":true,"href":"https:\/\/www.welovecycling.com\/se\/wp-json\/wp\/v2\/comments?post=1889"}],"version-history":[{"count":2,"href":"https:\/\/www.welovecycling.com\/se\/wp-json\/wp\/v2\/pages\/1889\/revisions"}],"predecessor-version":[{"id":1891,"href":"https:\/\/www.welovecycling.com\/se\/wp-json\/wp\/v2\/pages\/1889\/revisions\/1891"}],"up":[{"embeddable":true,"href":"https:\/\/www.welovecycling.com\/se\/wp-json\/wp\/v2\/pages\/1815"}],"wp:attachment":[{"href":"https:\/\/www.welovecycling.com\/se\/wp-json\/wp\/v2\/media?parent=1889"}],"wp:term":[{"taxonomy":"post_tag","embeddable":true,"href":"https:\/\/www.welovecycling.com\/se\/wp-json\/wp\/v2\/tags?post=1889"}],"curies":[{"name":"wp","href":"https:\/\/api.w.org\/{rel}","templated":true}]}}