{"id":1817,"date":"2019-03-20T12:59:56","date_gmt":"2019-03-20T11:59:56","guid":{"rendered":"https:\/\/www.welovecycling.com\/se\/?page_id=1817"},"modified":"2019-03-20T12:59:57","modified_gmt":"2019-03-20T11:59:57","slug":"profilmall","status":"publish","type":"page","link":"https:\/\/www.welovecycling.com\/se\/skoda-cycling-team\/skoda-cycling-team-2019\/profilmall\/","title":{"rendered":"Profilmall"},"content":{"rendered":"<div id=\"pl-1817\"  class=\"panel-layout\" ><div id=\"pg-1817-0\"  class=\"panel-grid panel-no-style\" ><div id=\"pgc-1817-0-0\"  class=\"panel-grid-cell panel-grid-cell-empty\" ><\/div><\/div><div id=\"pg-1817-1\"  class=\"panel-grid panel-no-style\" ><div id=\"pgc-1817-1-0\"  class=\"panel-grid-cell panel-grid-cell-empty\" ><\/div><div id=\"pgc-1817-1-1\"  class=\"panel-grid-cell\" ><div id=\"panel-1817-1-1-0\" class=\"so-panel widget widget_sow-editor panel-first-child panel-last-child\" data-index=\"0\" ><div\n\t\t\t\n\t\t\tclass=\"so-widget-sow-editor so-widget-sow-editor-base\"\n\t\t\t\n\t\t>\n<div class=\"siteorigin-widget-tinymce textwidget\">\n\t<p><a href=\"https:\/\/d2p6e6u75xmxt8.cloudfront.net\/9\/2018\/04\/JBA_3734_1-1.jpg\"><img loading=\"lazy\" decoding=\"async\" class=\"alignnone size-full wp-image-1066\" src=\"https:\/\/d2p6e6u75xmxt8.cloudfront.net\/9\/2018\/04\/JBA_3734_1-1.jpg\" alt=\"\" width=\"530\" height=\"800\" srcset=\"https:\/\/d2p6e6u75xmxt8.cloudfront.net\/9\/2018\/04\/JBA_3734_1-1.jpg 530w, https:\/\/d2p6e6u75xmxt8.cloudfront.net\/9\/2018\/04\/JBA_3734_1-1-199x300.jpg 199w\" sizes=\"auto, (max-width: 530px) 100vw, 530px\" \/><\/a><\/p>\n<\/div>\n<\/div><\/div><\/div><div id=\"pgc-1817-1-2\"  class=\"panel-grid-cell panel-grid-cell-mobile-last\" ><div id=\"panel-1817-1-2-0\" class=\"so-panel widget widget_sow-editor panel-first-child panel-last-child\" data-index=\"1\" ><div\n\t\t\t\n\t\t\tclass=\"so-widget-sow-editor so-widget-sow-editor-base\"\n\t\t\t\n\t\t>\n<div class=\"siteorigin-widget-tinymce textwidget\">\n\t<h1>Payman Hazheer<\/h1>\n<p><b>Namn:<\/b><span style=\"font-weight: 400;\"> Payman Hazheer<\/span><\/p>\n<p><b>\u00c5lder:<\/b><span style=\"font-weight: 400;\"> 40<\/span><\/p>\n<p><b>Bor:<\/b><span style=\"font-weight: 400;\"> Stockholm<\/span><\/p>\n<p><b>Familj:<\/b><span style=\"font-weight: 400;\"> F\u00e4stm\u00f6 Sannis och Frallan Otis<\/span><\/p>\n<p><b>L\u00e4ngd:<\/b><span style=\"font-weight: 400;\"> 170<\/span><\/p>\n<p><b>Yrke:<\/b><span style=\"font-weight: 400;\"> VD p\u00e5 WorkShop The Retail Agency<\/span><\/p>\n<p><b>N\u00e4r uppt\u00e4ckte du din passion f\u00f6r cykling? <\/b><span style=\"font-weight: 400;\">Jag uppt\u00e4ckte cyklingen f\u00f6r ca 5 \u00e5r sen n\u00e4r jag l\u00e5nade en cykel p\u00e5 jobbet. Hade inte suttit p\u00e5 en cykel s\u00e4kert i 10 \u00e5r och fick en rej\u00e4l feeling. \u00c5kte raka v\u00e4gen till en cykelbutik och k\u00f6pte en racer.<\/span><\/p>\n<p><b>Om man ska \u00e5ka iv\u00e4g en vecka utomlands f\u00f6r att cykla. Var ska man bege sig d\u00e5? <\/b><span style=\"font-weight: 400;\">Altea i Spanien. Uppf\u00f6rs s\u00e5 fort du kliver utanf\u00f6r hemmet. Lite trafik p\u00e5 v\u00e4garna och otroligt vackert.<\/span><\/p>\n<p><b>Roligaste passen? <\/b><span style=\"font-weight: 400;\">T\u00e4vlingstr\u00e4ning runt 1,5 timme eller hetsen uppf\u00f6r Tarbena i Spanien.<\/span><\/p>\n<p><b>V\u00e4rsta passen? <\/b><span style=\"font-weight: 400;\">L\u00e5nga vinterpass.<\/span><\/p>\n<p><b>Styrkor som cyklist?<\/b><span style=\"font-weight: 400;\"> Pannben och viljestark.<\/span><\/p>\n<p><b>Svagheter som cyklist? <\/b><span style=\"font-weight: 400;\">Kass utf\u00f6rs om man j\u00e4mf\u00f6r med \u00f6vriga i La Chemise CK<\/span><\/p>\n<p><b>Intressen ut\u00f6ver cyklingen? <\/b><span style=\"font-weight: 400;\">Stor passion f\u00f6r fotografering<\/span><\/p>\n<p><b>Favoritcyklist genom tiderna? <\/b><span style=\"font-weight: 400;\">Eftersom jag inte cyklat s\u00e5 l\u00e4nge s\u00e5 blir Sagan s\u00e5klart<\/span><\/p>\n<p><b>St\u00f6rsta bedrift p\u00e5 cykeln? <\/b><span style=\"font-weight: 400;\">Min st\u00f6rsta bedrift p\u00e5 cykeln hittills \u00e4r att g\u00e5 med i en cykelklubb d\u00e4r alla \u00e4r s\u00e5 mycket snabbare, bli bokstavligt talat avh\u00e4ng p\u00e5 varje pass i 3 \u00e5r utan att ge upp och till slut s\u00e5 b\u00f6rjar man vara i niv\u00e5 med \u00f6vriga. H\u00e4rlig k\u00e4nsla!<\/span><\/p>\n<p><b>Vad ser du mest fram emot inf\u00f6r V\u00e4tternrundan? <\/b><span style=\"font-weight: 400;\">Att \u00e5ka i lagbussen som ett proffs!<\/span><\/p>\n<p><b>St\u00f6rsta r\u00e4dsla inf\u00f6r V\u00e4tternrundan? <\/b><span style=\"font-weight: 400;\">F\u00e5 kramp och \u00e5ka av.<\/span><\/p>\n<p><b>Vem \u00e4r din favorit i teamet och varf\u00f6r? <\/b><span style=\"font-weight: 400;\">Kenny Paavola. Modig kille som verkar ha gjort en grym resa. Kul att han f\u00e5r inspirera andra genom Skoda + att han har en bra rygg att ligga bakom.<\/span><\/p>\n<p><b>Vad tror du att du kommer bidra med till teamet under s\u00e4songen? <\/b><span style=\"font-weight: 400;\">Positiv inst\u00e4llning och pepp!<\/span><\/p>\n<p><b>Vad kommer du dra nytta av hos din fadder? <\/b><span style=\"font-weight: 400;\">Rytz \u00e4r bra p\u00e5 att s\u00e4ga till n\u00e4r jag borde vila och h\u00e5lla mig lugn.<\/span><\/p>\n<p><b>Vad \u00e4r din utmaning med V\u00e4tternrundan under 8h?<\/b><span style=\"font-weight: 400;\">Ligger efter med distanspassen s\u00e5 att s\u00e4ga.<\/span><\/p>\n<p><b>Vad fikar du helst p\u00e5 en tr\u00e4ningsrunda? <\/b><span style=\"font-weight: 400;\">En bocadillo con tomate y una caf\u00e9 americano!<\/span><\/p>\n<p><b>Vad lyssnar du p\u00e5 under dina intervallpass?<\/b><span style=\"font-weight: 400;\">D\u00f6dsmetall p\u00e5 Vo2max pass och monoton techno p\u00e5 tr\u00f6skelpass.<\/span><\/p>\n<p><b>Hur f\u00f6rst\u00e5ende \u00e4r dina n\u00e4rmaste till din cykling? <\/b><span style=\"font-weight: 400;\">Eftersom min tjej \u00e4r PT s\u00e5 \u00e4r hon v\u00e4ldigt st\u00f6ttande i min tr\u00e4ning.<\/span><\/p>\n<p><b>Vilken \u00e4r din favoritfilm? <\/b><span style=\"font-weight: 400;\">Allt med Will Ferrell<\/span><\/p>\n<p><b>Vad vill du bli n\u00e4r du blir stor? <\/b><span style=\"font-weight: 400;\">Krigsfotograf<\/span><\/p>\n<p><b>Vad g\u00f6r du helst en fredagkv\u00e4ll? <\/b><span style=\"font-weight: 400;\">\u00c4r lycklig \u00f6ver att det \u00e4r vilodag.<\/span><\/p>\n<p><b>N\u00e4mn tre saker p\u00e5 din att-g\u00f6ra-lista: <\/b><\/p>\n<ul>\n<li>Inte bonka runt V\u00e4ttern<\/li>\n<li>Topp tre uppf\u00f6r Tarbena p\u00e5 tr\u00e4ningsl\u00e4ger i Altea<\/li>\n<li>H\u00e4nga av min fadder Daniel Rytz en vacker dag<\/li>\n<\/ul>\n<p><b>Payman f\u00f6redrar: <\/b><\/p>\n<ul>\n<li>Espresso framf\u00f6r brygg<\/li>\n<li>Berg framf\u00f6r platt<\/li>\n<li>Mekaniskt framf\u00f6r el<\/li>\n<li>Kantvind framf\u00f6r motvind<\/li>\n<li>Skivor framf\u00f6r f\u00e4lgbroms<\/li>\n<li>Touren framf\u00f6r Girot<\/li>\n<\/ul>\n<\/div>\n<\/div><\/div><\/div><div id=\"pgc-1817-1-3\"  class=\"panel-grid-cell panel-grid-cell-empty\" ><\/div><\/div><div id=\"pg-1817-2\"  class=\"panel-grid panel-no-style\" ><div id=\"pgc-1817-2-0\"  class=\"panel-grid-cell panel-grid-cell-empty\" ><\/div><\/div><\/div>","protected":false},"excerpt":{"rendered":"<p>Payman Hazheer Namn: Payman Hazheer \u00c5lder: 40 Bor: Stockholm Familj: F\u00e4stm\u00f6 Sannis och Frallan Otis L\u00e4ngd: 170 Yrke: VD p\u00e5 [&hellip;]<\/p>\n","protected":false},"author":52,"featured_media":0,"parent":1815,"menu_order":0,"comment_status":"closed","ping_status":"closed","template":"templates\/template-full-width.php","meta":{"footnotes":""},"tags":[],"class_list":["post-1817","page","type-page","status-publish","hentry"],"yoast_head":"<!-- This site is optimized with the Yoast SEO Premium plugin v25.3 (Yoast SEO v25.9) - https:\/\/yoast.com\/wordpress\/plugins\/seo\/ -->\n<title>Profilmall - \u0160koda - We Love Cycling - Sweden<\/title>\n<meta name=\"robots\" content=\"index, follow, max-snippet:-1, max-image-preview:large, max-video-preview:-1\" \/>\n<link rel=\"canonical\" href=\"https:\/\/www.welovecycling.com\/se\/skoda-cycling-team\/skoda-cycling-team-2019\/profilmall\/\" \/>\n<meta property=\"og:locale\" content=\"sv_SE\" \/>\n<meta property=\"og:type\" content=\"article\" \/>\n<meta property=\"og:title\" content=\"Profilmall\" \/>\n<meta property=\"og:description\" content=\"Payman Hazheer Namn: Payman Hazheer \u00c5lder: 40 Bor: Stockholm Familj: F\u00e4stm\u00f6 Sannis och Frallan Otis L\u00e4ngd: 170 Yrke: VD p\u00e5 [&hellip;]\" \/>\n<meta property=\"og:url\" content=\"https:\/\/www.welovecycling.com\/se\/skoda-cycling-team\/skoda-cycling-team-2019\/profilmall\/\" \/>\n<meta property=\"og:site_name\" content=\"\u0160koda - We Love Cycling - Sweden\" \/>\n<meta property=\"article:modified_time\" content=\"2019-03-20T11:59:57+00:00\" \/>\n<meta property=\"og:image\" content=\"https:\/\/d2p6e6u75xmxt8.cloudfront.net\/9\/2018\/04\/JBA_3734_1-1.jpg\" \/>\n<meta name=\"twitter:card\" content=\"summary_large_image\" \/>\n<meta name=\"twitter:label1\" content=\"Est. reading time\" \/>\n\t<meta name=\"twitter:data1\" content=\"3 minutes\" \/>\n<script type=\"application\/ld+json\" class=\"yoast-schema-graph\">{\"@context\":\"https:\/\/schema.org\",\"@graph\":[{\"@type\":\"WebPage\",\"@id\":\"https:\/\/www.welovecycling.com\/se\/skoda-cycling-team\/skoda-cycling-team-2019\/profilmall\/\",\"url\":\"https:\/\/www.welovecycling.com\/se\/skoda-cycling-team\/skoda-cycling-team-2019\/profilmall\/\",\"name\":\"Profilmall - \u0160koda - We Love Cycling - Sweden\",\"isPartOf\":{\"@id\":\"https:\/\/www.welovecycling.com\/se\/#website\"},\"primaryImageOfPage\":{\"@id\":\"https:\/\/www.welovecycling.com\/se\/skoda-cycling-team\/skoda-cycling-team-2019\/profilmall\/#primaryimage\"},\"image\":{\"@id\":\"https:\/\/www.welovecycling.com\/se\/skoda-cycling-team\/skoda-cycling-team-2019\/profilmall\/#primaryimage\"},\"thumbnailUrl\":\"https:\/\/d2p6e6u75xmxt8.cloudfront.net\/9\/2018\/04\/JBA_3734_1-1.jpg\",\"datePublished\":\"2019-03-20T11:59:56+00:00\",\"dateModified\":\"2019-03-20T11:59:57+00:00\",\"breadcrumb\":{\"@id\":\"https:\/\/www.welovecycling.com\/se\/skoda-cycling-team\/skoda-cycling-team-2019\/profilmall\/#breadcrumb\"},\"inLanguage\":\"sv-SE\",\"potentialAction\":[{\"@type\":\"ReadAction\",\"target\":[\"https:\/\/www.welovecycling.com\/se\/skoda-cycling-team\/skoda-cycling-team-2019\/profilmall\/\"]}]},{\"@type\":\"ImageObject\",\"inLanguage\":\"sv-SE\",\"@id\":\"https:\/\/www.welovecycling.com\/se\/skoda-cycling-team\/skoda-cycling-team-2019\/profilmall\/#primaryimage\",\"url\":\"https:\/\/d2p6e6u75xmxt8.cloudfront.net\/9\/2018\/04\/JBA_3734_1-1.jpg\",\"contentUrl\":\"https:\/\/d2p6e6u75xmxt8.cloudfront.net\/9\/2018\/04\/JBA_3734_1-1.jpg\"},{\"@type\":\"BreadcrumbList\",\"@id\":\"https:\/\/www.welovecycling.com\/se\/skoda-cycling-team\/skoda-cycling-team-2019\/profilmall\/#breadcrumb\",\"itemListElement\":[{\"@type\":\"ListItem\",\"position\":1,\"name\":\"Home\",\"item\":\"https:\/\/www.welovecycling.com\/se\/\"},{\"@type\":\"ListItem\",\"position\":2,\"name\":\"\u0160koda Cycling Team\",\"item\":\"https:\/\/www.welovecycling.com\/se\/skoda-cycling-team\/\"},{\"@type\":\"ListItem\",\"position\":3,\"name\":\"SKODA Cycling Team 2019\",\"item\":\"https:\/\/www.welovecycling.com\/se\/skoda-cycling-team\/skoda-cycling-team-2019\/\"},{\"@type\":\"ListItem\",\"position\":4,\"name\":\"Profilmall\"}]},{\"@type\":\"WebSite\",\"@id\":\"https:\/\/www.welovecycling.com\/se\/#website\",\"url\":\"https:\/\/www.welovecycling.com\/se\/\",\"name\":\"\u0160koda - We Love Cycling - Sweden\",\"description\":\"\u0160koda We Love Cycling - Sweden\",\"potentialAction\":[{\"@type\":\"SearchAction\",\"target\":{\"@type\":\"EntryPoint\",\"urlTemplate\":\"https:\/\/www.welovecycling.com\/se\/?s={search_term_string}\"},\"query-input\":{\"@type\":\"PropertyValueSpecification\",\"valueRequired\":true,\"valueName\":\"search_term_string\"}}],\"inLanguage\":\"sv-SE\"}]}<\/script>\n<!-- \/ Yoast SEO Premium plugin. -->","yoast_head_json":{"title":"Profilmall - \u0160koda - We Love Cycling - Sweden","robots":{"index":"index","follow":"follow","max-snippet":"max-snippet:-1","max-image-preview":"max-image-preview:large","max-video-preview":"max-video-preview:-1"},"canonical":"https:\/\/www.welovecycling.com\/se\/skoda-cycling-team\/skoda-cycling-team-2019\/profilmall\/","og_locale":"sv_SE","og_type":"article","og_title":"Profilmall","og_description":"Payman Hazheer Namn: Payman Hazheer \u00c5lder: 40 Bor: Stockholm Familj: F\u00e4stm\u00f6 Sannis och Frallan Otis L\u00e4ngd: 170 Yrke: VD p\u00e5 [&hellip;]","og_url":"https:\/\/www.welovecycling.com\/se\/skoda-cycling-team\/skoda-cycling-team-2019\/profilmall\/","og_site_name":"\u0160koda - We Love Cycling - Sweden","article_modified_time":"2019-03-20T11:59:57+00:00","og_image":[{"url":"https:\/\/d2p6e6u75xmxt8.cloudfront.net\/9\/2018\/04\/JBA_3734_1-1.jpg","type":"","width":"","height":""}],"twitter_card":"summary_large_image","twitter_misc":{"Est. reading time":"3 minutes"},"schema":{"@context":"https:\/\/schema.org","@graph":[{"@type":"WebPage","@id":"https:\/\/www.welovecycling.com\/se\/skoda-cycling-team\/skoda-cycling-team-2019\/profilmall\/","url":"https:\/\/www.welovecycling.com\/se\/skoda-cycling-team\/skoda-cycling-team-2019\/profilmall\/","name":"Profilmall - \u0160koda - We Love Cycling - Sweden","isPartOf":{"@id":"https:\/\/www.welovecycling.com\/se\/#website"},"primaryImageOfPage":{"@id":"https:\/\/www.welovecycling.com\/se\/skoda-cycling-team\/skoda-cycling-team-2019\/profilmall\/#primaryimage"},"image":{"@id":"https:\/\/www.welovecycling.com\/se\/skoda-cycling-team\/skoda-cycling-team-2019\/profilmall\/#primaryimage"},"thumbnailUrl":"https:\/\/d2p6e6u75xmxt8.cloudfront.net\/9\/2018\/04\/JBA_3734_1-1.jpg","datePublished":"2019-03-20T11:59:56+00:00","dateModified":"2019-03-20T11:59:57+00:00","breadcrumb":{"@id":"https:\/\/www.welovecycling.com\/se\/skoda-cycling-team\/skoda-cycling-team-2019\/profilmall\/#breadcrumb"},"inLanguage":"sv-SE","potentialAction":[{"@type":"ReadAction","target":["https:\/\/www.welovecycling.com\/se\/skoda-cycling-team\/skoda-cycling-team-2019\/profilmall\/"]}]},{"@type":"ImageObject","inLanguage":"sv-SE","@id":"https:\/\/www.welovecycling.com\/se\/skoda-cycling-team\/skoda-cycling-team-2019\/profilmall\/#primaryimage","url":"https:\/\/d2p6e6u75xmxt8.cloudfront.net\/9\/2018\/04\/JBA_3734_1-1.jpg","contentUrl":"https:\/\/d2p6e6u75xmxt8.cloudfront.net\/9\/2018\/04\/JBA_3734_1-1.jpg"},{"@type":"BreadcrumbList","@id":"https:\/\/www.welovecycling.com\/se\/skoda-cycling-team\/skoda-cycling-team-2019\/profilmall\/#breadcrumb","itemListElement":[{"@type":"ListItem","position":1,"name":"Home","item":"https:\/\/www.welovecycling.com\/se\/"},{"@type":"ListItem","position":2,"name":"\u0160koda Cycling Team","item":"https:\/\/www.welovecycling.com\/se\/skoda-cycling-team\/"},{"@type":"ListItem","position":3,"name":"SKODA Cycling Team 2019","item":"https:\/\/www.welovecycling.com\/se\/skoda-cycling-team\/skoda-cycling-team-2019\/"},{"@type":"ListItem","position":4,"name":"Profilmall"}]},{"@type":"WebSite","@id":"https:\/\/www.welovecycling.com\/se\/#website","url":"https:\/\/www.welovecycling.com\/se\/","name":"\u0160koda - We Love Cycling - Sweden","description":"\u0160koda We Love Cycling - Sweden","potentialAction":[{"@type":"SearchAction","target":{"@type":"EntryPoint","urlTemplate":"https:\/\/www.welovecycling.com\/se\/?s={search_term_string}"},"query-input":{"@type":"PropertyValueSpecification","valueRequired":true,"valueName":"search_term_string"}}],"inLanguage":"sv-SE"}]}},"_links":{"self":[{"href":"https:\/\/www.welovecycling.com\/se\/wp-json\/wp\/v2\/pages\/1817","targetHints":{"allow":["GET"]}}],"collection":[{"href":"https:\/\/www.welovecycling.com\/se\/wp-json\/wp\/v2\/pages"}],"about":[{"href":"https:\/\/www.welovecycling.com\/se\/wp-json\/wp\/v2\/types\/page"}],"author":[{"embeddable":true,"href":"https:\/\/www.welovecycling.com\/se\/wp-json\/wp\/v2\/users\/52"}],"replies":[{"embeddable":true,"href":"https:\/\/www.welovecycling.com\/se\/wp-json\/wp\/v2\/comments?post=1817"}],"version-history":[{"count":1,"href":"https:\/\/www.welovecycling.com\/se\/wp-json\/wp\/v2\/pages\/1817\/revisions"}],"predecessor-version":[{"id":1818,"href":"https:\/\/www.welovecycling.com\/se\/wp-json\/wp\/v2\/pages\/1817\/revisions\/1818"}],"up":[{"embeddable":true,"href":"https:\/\/www.welovecycling.com\/se\/wp-json\/wp\/v2\/pages\/1815"}],"wp:attachment":[{"href":"https:\/\/www.welovecycling.com\/se\/wp-json\/wp\/v2\/media?parent=1817"}],"wp:term":[{"taxonomy":"post_tag","embeddable":true,"href":"https:\/\/www.welovecycling.com\/se\/wp-json\/wp\/v2\/tags?post=1817"}],"curies":[{"name":"wp","href":"https:\/\/api.w.org\/{rel}","templated":true}]}}