{"id":172,"date":"2017-11-22T17:42:31","date_gmt":"2017-11-22T17:42:31","guid":{"rendered":"https:\/\/www.welovecycling.com\/se\/?page_id=172"},"modified":"2023-10-20T06:45:17","modified_gmt":"2023-10-20T05:45:17","slug":"skodaochcykling","status":"publish","type":"page","link":"https:\/\/www.welovecycling.com\/se\/skodaochcykling\/","title":{"rendered":"Skoda och cykling"},"content":{"rendered":"<div id=\"pl-172\"  class=\"panel-layout\" ><div id=\"pg-172-0\"  class=\"panel-grid panel-no-style\" ><div id=\"pgc-172-0-0\"  class=\"panel-grid-cell panel-grid-cell-empty\" ><\/div><div id=\"pgc-172-0-1\"  class=\"panel-grid-cell panel-grid-cell-mobile-last\" ><div id=\"panel-172-0-1-0\" class=\"so-panel widget widget_sow-editor panel-first-child panel-last-child\" data-index=\"0\" ><div\n\t\t\t\n\t\t\tclass=\"so-widget-sow-editor so-widget-sow-editor-base\"\n\t\t\t\n\t\t>\n<div class=\"siteorigin-widget-tinymce textwidget\">\n\t<h1>D\u00e4rf\u00f6r h\u00e5ller vi p\u00e5 med cykling<\/h1>\n<p>Allt b\u00f6rjade f\u00f6r n\u00e4ra 123 \u00e5r sedan. D\u00e5 tr\u00f6ttnade tjeckerna V\u00e1clav Klement och V\u00e1clav Laurin p\u00e5 sina underm\u00e5liga cyklar och best\u00e4mde sig f\u00f6r att starta en egen inhemsk cykeltillverkning i Tjeckien. F\u00f6retaget d\u00f6ptes till Laurin &amp; Klement och \u00e5ret efter att f\u00f6retaget grundades, 1895, b\u00f6rjade produktionen i hemstaden\u00a0<span class=\"st\">Mlad\u00e1 Boleslav. Men herrarna n\u00f6jde sig inte med cyklar, redan 1905 rullade den f\u00f6rsta bilen ur fabriken i Mlada Boleslav - d\u00e4r \u0160kodas huvudkontor fortfarande ligger och d\u00e4r en del av de miljon bilar vi s\u00e4ljer varje \u00e5r tillverkas. <\/span><\/p>\n<p>D\u00e4rf\u00f6r har vi ett viktigt cykelarv att v\u00e4rna. Och det \u00e4r sk\u00e4let till att vi i 14 \u00e5r har sponsrat v\u00e4rldens tredje st\u00f6rsta idrottsarrangemang - Tour de France - och det \u00e4r d\u00e4rf\u00f6r vi i Sverige \u00e4r huvudsponsorer till v\u00e4rldens st\u00f6rsta cykellopp f\u00f6r motion\u00e4rer: V\u00e4tternrundan.<\/p>\n<h2>V\u00e4tternrundan<\/h2>\n<p>Varannan minut, under sju timmar, startar en grupp med drygt 60 cyklister fr\u00e5n startlinjen. Totalt ger 30 000 cyklister varje \u00e5r sig av fr\u00e5n Motala och framf\u00f6r sig har de 30 mil runt Sveriges n\u00e4st st\u00f6rsta sj\u00f6; V\u00e4ttern. M\u00e5nga har k\u00e4mpat och m\u00e5nga har funderat vad de gett sig in p\u00e5 - men n\u00e4stan alla har ocks\u00e5 tagit sig i m\u00e5l. Det \u00e4r just det som g\u00f6r V\u00e4tternrundan till ett unikt lopp och med 30 000 startande \u00e4r det dessutom v\u00e4rldens st\u00f6rsta cykellopp f\u00f6r motion\u00e4rer.<br \/>\nF\u00f6r oss p\u00e5 <span class=\"st\">\u0160koda <\/span>\u00e4r det sj\u00e4lvklart att vara en del av V\u00e4tternrundan och under t\u00e4vlingsveckan varje \u00e5r tillhandah\u00e5ller vi som huvudsponsorer hundratals <span class=\"st\">\u0160koda-bilar till funktion\u00e4rer, sjukv\u00e5rdspersonal och supportteam.<\/span><\/p>\n<h2>Tour de France<\/h2>\n<p>Tre veckor, 20 etapper och 200 mil runt Frankrike. Och v\u00e4rldens fr\u00e4msta cyklister. Tour de France \u00e4r ett av v\u00e4rldens h\u00f6gst rankade och tuffaste cykelt\u00e4vlingar - och <span class=\"st\">\u0160koda \u00e4r huvudsponsorer sedan fjorton \u00e5r tillbaka. T\u00e4vlingen \u00e4r en av v\u00e4rldens st\u00f6rsta t\u00e4vlingar \u00f6verlag och som huvudsponsorer tillhandah\u00e5ller \u0160koda 250 bilar som tillsammans f\u00e4rdas mer \u00e4n 2,8 miljoner kilometer under t\u00e4vlingens tre veckor f\u00f6r att st\u00f6dja till organisationen, teamen och g\u00e4sterna.<\/span><\/p>\n<h2>Vuelta a Espa\u00f1a<\/h2>\n<p>Vuelta a Espa\u00f1a, eller Spanien runt, \u00e4r vid sidan av Tour de France och Giro d'Italia, ett av de tre stora etapploppen inom cykelsporten i v\u00e4rlden (Grand Tour).\u00a0Vuelta a Espa\u00f1a hade premi\u00e4r 1935 och har sedan dess avgjorts \u00e5rligen, med n\u00e5gra undantag.\u00a0Sedan 2011 \u00e4r \u0160koda officiell bilpartner till Vueltan.<\/p>\n<\/div>\n<\/div><\/div><\/div><div id=\"pgc-172-0-2\"  class=\"panel-grid-cell panel-grid-cell-empty\" ><\/div><\/div><\/div>","protected":false},"excerpt":{"rendered":"<p>D\u00e4rf\u00f6r h\u00e5ller vi p\u00e5 med cykling Allt b\u00f6rjade f\u00f6r n\u00e4ra 123 \u00e5r sedan. D\u00e5 tr\u00f6ttnade tjeckerna V\u00e1clav Klement och V\u00e1clav [&hellip;]<\/p>\n","protected":false},"author":53,"featured_media":197,"parent":0,"menu_order":0,"comment_status":"closed","ping_status":"closed","template":"templates\/template-empty-page-headline.php","meta":{"footnotes":""},"tags":[],"class_list":["post-172","page","type-page","status-publish","has-post-thumbnail","hentry"],"yoast_head":"<!-- This site is optimized with the Yoast SEO Premium plugin v25.3 (Yoast SEO v25.9) - https:\/\/yoast.com\/wordpress\/plugins\/seo\/ -->\n<title>Skoda och cykling - \u0160koda - We Love Cycling - Sweden<\/title>\n<meta name=\"robots\" content=\"index, follow, max-snippet:-1, max-image-preview:large, max-video-preview:-1\" \/>\n<link rel=\"canonical\" href=\"https:\/\/www.welovecycling.com\/se\/skodaochcykling\/\" \/>\n<meta property=\"og:locale\" content=\"sv_SE\" \/>\n<meta property=\"og:type\" content=\"article\" \/>\n<meta property=\"og:title\" content=\"Skoda och cykling\" \/>\n<meta property=\"og:description\" content=\"D\u00e4rf\u00f6r h\u00e5ller vi p\u00e5 med cykling Allt b\u00f6rjade f\u00f6r n\u00e4ra 123 \u00e5r sedan. D\u00e5 tr\u00f6ttnade tjeckerna V\u00e1clav Klement och V\u00e1clav [&hellip;]\" \/>\n<meta property=\"og:url\" content=\"https:\/\/www.welovecycling.com\/se\/skodaochcykling\/\" \/>\n<meta property=\"og:site_name\" content=\"\u0160koda - We Love Cycling - Sweden\" \/>\n<meta property=\"article:modified_time\" content=\"2023-10-20T05:45:17+00:00\" \/>\n<meta property=\"og:image\" content=\"https:\/\/d2p6e6u75xmxt8.cloudfront.net\/9\/2017\/11\/opener1-1.jpg\" \/>\n\t<meta property=\"og:image:width\" content=\"1375\" \/>\n\t<meta property=\"og:image:height\" content=\"600\" \/>\n\t<meta property=\"og:image:type\" content=\"image\/jpeg\" \/>\n<meta name=\"twitter:card\" content=\"summary_large_image\" \/>\n<meta name=\"twitter:label1\" content=\"Est. reading time\" \/>\n\t<meta name=\"twitter:data1\" content=\"2 minutes\" \/>\n<script type=\"application\/ld+json\" class=\"yoast-schema-graph\">{\"@context\":\"https:\/\/schema.org\",\"@graph\":[{\"@type\":\"WebPage\",\"@id\":\"https:\/\/www.welovecycling.com\/se\/skodaochcykling\/\",\"url\":\"https:\/\/www.welovecycling.com\/se\/skodaochcykling\/\",\"name\":\"Skoda och cykling - \u0160koda - We Love Cycling - Sweden\",\"isPartOf\":{\"@id\":\"https:\/\/www.welovecycling.com\/se\/#website\"},\"primaryImageOfPage\":{\"@id\":\"https:\/\/www.welovecycling.com\/se\/skodaochcykling\/#primaryimage\"},\"image\":{\"@id\":\"https:\/\/www.welovecycling.com\/se\/skodaochcykling\/#primaryimage\"},\"thumbnailUrl\":\"https:\/\/d2p6e6u75xmxt8.cloudfront.net\/9\/2017\/11\/opener1-1.jpg\",\"datePublished\":\"2017-11-22T17:42:31+00:00\",\"dateModified\":\"2023-10-20T05:45:17+00:00\",\"breadcrumb\":{\"@id\":\"https:\/\/www.welovecycling.com\/se\/skodaochcykling\/#breadcrumb\"},\"inLanguage\":\"sv-SE\",\"potentialAction\":[{\"@type\":\"ReadAction\",\"target\":[\"https:\/\/www.welovecycling.com\/se\/skodaochcykling\/\"]}]},{\"@type\":\"ImageObject\",\"inLanguage\":\"sv-SE\",\"@id\":\"https:\/\/www.welovecycling.com\/se\/skodaochcykling\/#primaryimage\",\"url\":\"https:\/\/d2p6e6u75xmxt8.cloudfront.net\/9\/2017\/11\/opener1-1.jpg\",\"contentUrl\":\"https:\/\/d2p6e6u75xmxt8.cloudfront.net\/9\/2017\/11\/opener1-1.jpg\",\"width\":1375,\"height\":600},{\"@type\":\"BreadcrumbList\",\"@id\":\"https:\/\/www.welovecycling.com\/se\/skodaochcykling\/#breadcrumb\",\"itemListElement\":[{\"@type\":\"ListItem\",\"position\":1,\"name\":\"Home\",\"item\":\"https:\/\/www.welovecycling.com\/se\/\"},{\"@type\":\"ListItem\",\"position\":2,\"name\":\"Skoda och cykling\"}]},{\"@type\":\"WebSite\",\"@id\":\"https:\/\/www.welovecycling.com\/se\/#website\",\"url\":\"https:\/\/www.welovecycling.com\/se\/\",\"name\":\"\u0160koda - We Love Cycling - Sweden\",\"description\":\"\u0160koda We Love Cycling - Sweden\",\"potentialAction\":[{\"@type\":\"SearchAction\",\"target\":{\"@type\":\"EntryPoint\",\"urlTemplate\":\"https:\/\/www.welovecycling.com\/se\/?s={search_term_string}\"},\"query-input\":{\"@type\":\"PropertyValueSpecification\",\"valueRequired\":true,\"valueName\":\"search_term_string\"}}],\"inLanguage\":\"sv-SE\"}]}<\/script>\n<!-- \/ Yoast SEO Premium plugin. -->","yoast_head_json":{"title":"Skoda och cykling - \u0160koda - We Love Cycling - Sweden","robots":{"index":"index","follow":"follow","max-snippet":"max-snippet:-1","max-image-preview":"max-image-preview:large","max-video-preview":"max-video-preview:-1"},"canonical":"https:\/\/www.welovecycling.com\/se\/skodaochcykling\/","og_locale":"sv_SE","og_type":"article","og_title":"Skoda och cykling","og_description":"D\u00e4rf\u00f6r h\u00e5ller vi p\u00e5 med cykling Allt b\u00f6rjade f\u00f6r n\u00e4ra 123 \u00e5r sedan. D\u00e5 tr\u00f6ttnade tjeckerna V\u00e1clav Klement och V\u00e1clav [&hellip;]","og_url":"https:\/\/www.welovecycling.com\/se\/skodaochcykling\/","og_site_name":"\u0160koda - We Love Cycling - Sweden","article_modified_time":"2023-10-20T05:45:17+00:00","og_image":[{"width":1375,"height":600,"url":"https:\/\/d2p6e6u75xmxt8.cloudfront.net\/9\/2017\/11\/opener1-1.jpg","type":"image\/jpeg"}],"twitter_card":"summary_large_image","twitter_misc":{"Est. reading time":"2 minutes"},"schema":{"@context":"https:\/\/schema.org","@graph":[{"@type":"WebPage","@id":"https:\/\/www.welovecycling.com\/se\/skodaochcykling\/","url":"https:\/\/www.welovecycling.com\/se\/skodaochcykling\/","name":"Skoda och cykling - \u0160koda - We Love Cycling - Sweden","isPartOf":{"@id":"https:\/\/www.welovecycling.com\/se\/#website"},"primaryImageOfPage":{"@id":"https:\/\/www.welovecycling.com\/se\/skodaochcykling\/#primaryimage"},"image":{"@id":"https:\/\/www.welovecycling.com\/se\/skodaochcykling\/#primaryimage"},"thumbnailUrl":"https:\/\/d2p6e6u75xmxt8.cloudfront.net\/9\/2017\/11\/opener1-1.jpg","datePublished":"2017-11-22T17:42:31+00:00","dateModified":"2023-10-20T05:45:17+00:00","breadcrumb":{"@id":"https:\/\/www.welovecycling.com\/se\/skodaochcykling\/#breadcrumb"},"inLanguage":"sv-SE","potentialAction":[{"@type":"ReadAction","target":["https:\/\/www.welovecycling.com\/se\/skodaochcykling\/"]}]},{"@type":"ImageObject","inLanguage":"sv-SE","@id":"https:\/\/www.welovecycling.com\/se\/skodaochcykling\/#primaryimage","url":"https:\/\/d2p6e6u75xmxt8.cloudfront.net\/9\/2017\/11\/opener1-1.jpg","contentUrl":"https:\/\/d2p6e6u75xmxt8.cloudfront.net\/9\/2017\/11\/opener1-1.jpg","width":1375,"height":600},{"@type":"BreadcrumbList","@id":"https:\/\/www.welovecycling.com\/se\/skodaochcykling\/#breadcrumb","itemListElement":[{"@type":"ListItem","position":1,"name":"Home","item":"https:\/\/www.welovecycling.com\/se\/"},{"@type":"ListItem","position":2,"name":"Skoda och cykling"}]},{"@type":"WebSite","@id":"https:\/\/www.welovecycling.com\/se\/#website","url":"https:\/\/www.welovecycling.com\/se\/","name":"\u0160koda - We Love Cycling - Sweden","description":"\u0160koda We Love Cycling - Sweden","potentialAction":[{"@type":"SearchAction","target":{"@type":"EntryPoint","urlTemplate":"https:\/\/www.welovecycling.com\/se\/?s={search_term_string}"},"query-input":{"@type":"PropertyValueSpecification","valueRequired":true,"valueName":"search_term_string"}}],"inLanguage":"sv-SE"}]}},"_links":{"self":[{"href":"https:\/\/www.welovecycling.com\/se\/wp-json\/wp\/v2\/pages\/172","targetHints":{"allow":["GET"]}}],"collection":[{"href":"https:\/\/www.welovecycling.com\/se\/wp-json\/wp\/v2\/pages"}],"about":[{"href":"https:\/\/www.welovecycling.com\/se\/wp-json\/wp\/v2\/types\/page"}],"author":[{"embeddable":true,"href":"https:\/\/www.welovecycling.com\/se\/wp-json\/wp\/v2\/users\/53"}],"replies":[{"embeddable":true,"href":"https:\/\/www.welovecycling.com\/se\/wp-json\/wp\/v2\/comments?post=172"}],"version-history":[{"count":2,"href":"https:\/\/www.welovecycling.com\/se\/wp-json\/wp\/v2\/pages\/172\/revisions"}],"predecessor-version":[{"id":4757,"href":"https:\/\/www.welovecycling.com\/se\/wp-json\/wp\/v2\/pages\/172\/revisions\/4757"}],"wp:featuredmedia":[{"embeddable":true,"href":"https:\/\/www.welovecycling.com\/se\/wp-json\/wp\/v2\/media\/197"}],"wp:attachment":[{"href":"https:\/\/www.welovecycling.com\/se\/wp-json\/wp\/v2\/media?parent=172"}],"wp:term":[{"taxonomy":"post_tag","embeddable":true,"href":"https:\/\/www.welovecycling.com\/se\/wp-json\/wp\/v2\/tags?post=172"}],"curies":[{"name":"wp","href":"https:\/\/api.w.org\/{rel}","templated":true}]}}