{"id":1697,"date":"2018-11-12T11:39:10","date_gmt":"2018-11-12T10:39:10","guid":{"rendered":"https:\/\/www.welovecycling.com\/se\/?page_id=1697"},"modified":"2019-11-18T10:23:23","modified_gmt":"2019-11-18T09:23:23","slug":"tack","status":"publish","type":"page","link":"https:\/\/www.welovecycling.com\/se\/skoda-cycling-team\/tack\/","title":{"rendered":"Tack f\u00f6r din registrering!"},"content":{"rendered":"<div id=\"pl-1697\"  class=\"panel-layout\" ><div id=\"pg-1697-0\"  class=\"panel-grid panel-no-style\" ><div id=\"pgc-1697-0-0\"  class=\"panel-grid-cell\" ><div id=\"panel-1697-0-0-0\" class=\"so-panel widget widget_siteorigin-panels-builder panel-first-child panel-last-child\" data-index=\"0\" ><div id=\"pl-w5dd2630b93d5f\"  class=\"panel-layout\" ><div id=\"pg-w5dd2630b93d5f-0\"  class=\"panel-grid panel-no-style\" ><div id=\"pgc-w5dd2630b93d5f-0-0\"  class=\"panel-grid-cell panel-grid-cell-mobile-last\" ><div id=\"panel-w5dd2630b93d5f-0-0-0\" class=\"so-panel widget widget_sow-editor panel-first-child panel-last-child\" data-index=\"0\" ><div\n\t\t\t\n\t\t\tclass=\"so-widget-sow-editor so-widget-sow-editor-base\"\n\t\t\t\n\t\t>\n<div class=\"siteorigin-widget-tinymce textwidget\">\n\t<p><strong>Viktigt! N\u00e4sta steg \u00e4r att vi beh\u00f6ver veta lite mer om dig<\/strong> \u2013 och d\u00e4rf\u00f6r ber vi dig att fylla i ans\u00f6kningsformul\u00e4ret h\u00e4r:\u00a0<a href=\"https:\/\/www.skoda.se\/ansokan2020\/\" target=\"_blank\" rel=\"noopener\">skoda.se\/ansokan2020\/<\/a><\/p>\n<p>F\u00f6lj oss g\u00e4rna p\u00e5 Facebook\u00a0<a href=\"http:\/\/www.facebook.com\/pg\/skodacyclingsweden\/\" target=\"_blank\" rel=\"noopener\">We Love Cycling Sweden\u00a0<\/a>eller Instagram: <a href=\"http:\/\/www.instagram.com\/skodacyclingteam\/\" target=\"_blank\" rel=\"noopener\">skodacyclingteam<\/a>.\u00a0G\u00e5 \u00e4ven g\u00e4rna med i v\u00e5r grupp p\u00e5 Strava som heter <a href=\"https:\/\/www.strava.com\/clubs\/115622\" target=\"_blank\" rel=\"noopener\">\u0160koda Cycling Sweden<\/a>.<\/p>\n<h2><strong>S\u00e5 g\u00e5r ans\u00f6kningen till:<\/strong><\/h2>\n<p><strong>Vad h\u00e4nder nu?<\/strong><br \/>\nEfter att du fyllt i alla uppgifter i formul\u00e4ret p\u00e5 <a href=\"https:\/\/www.skoda.se\/ansokan2020\/\" target=\"_blank\" rel=\"noopener\">skoda.se\/ansokan2020\/<\/a> g\u00e5r vi igenom alla ans\u00f6kningar och g\u00f6r v\u00e5rt urval genom att l\u00e4sa era motiveringar och formul\u00e4rsvar. Vi letar inte bara efter starka cyklister utan motiverade, trevliga m\u00e4nniskor med de egenskaper som bidrar till en bra lagk\u00e4nsla. Vidare letar vi ocks\u00e5 efter en bra mix mellan tjejer och killar samt geografisk- och \u00e5ldersm\u00e4ssig spridning.<\/p>\n<p><strong>Vad inneb\u00e4r det att cykla med er?<\/strong><br \/>\n\u0160koda Cycling Team kommer att cykla V\u00e4tternrundan med tidsambitionen Sub 8, dvs under 8 timmar. I teamet v\u00e4ntar redan 15 starka ambassad\u00f6rer som vi valt ut f\u00f6r att hj\u00e4lpa dig att n\u00e5 detta m\u00e5l. Bland dessa finner du bland annat den tidigare proffscyklisten Fredrik Kessiakoff. F\u00f6rutom bra cyklister har vi \u00e4ven ordnat s\u00e5 att du f\u00e5r hj\u00e4lp av tr\u00e4nare, fysiologiska tester, utrustning, f\u00f6ljebil samt extra support som f\u00f6rel\u00e4sningar och st\u00f6d. Allt f\u00f6r att du ska bli s\u00e5 bra du kan bli och k\u00e4nna dig som ett proffs f\u00f6r en s\u00e4song.<\/p>\n<p><strong>Varf\u00f6r g\u00f6r \u0160koda det h\u00e4r?<\/strong><br \/>\nVi p\u00e5 \u0160koda \u00e4lskar cykling och har sponsrat sporten i mer \u00e4n ett decennium. I Sverige \u00e4r vi huvudsponsor till V\u00e4tternrundan och v\u00e5ra internationella kolleger sponsrar bland annat Tour de France och La Vuelta a Espa\u00f1a. Och faktum \u00e4r att v\u00e5r historia b\u00f6rjar med en cykel. V\u00e5ra grundare Vaclav Laurin och Vaclav Klement tillverkade sin f\u00f6rsta cykel i hemstaden Mlada Boleslav i Tjeckien 1895. P\u00e5 samma adress ligger fortfarande huvudkontoret och det \u00e4r h\u00e4r vi bygger en del av de miljoner bilar vi varje \u00e5r s\u00e4ljer v\u00e4rlden \u00f6ver.<br \/>\nL\u00e4s mer p\u00e5 <a href=\"http:\/\/www.welovecycling.se\">www.welovecycling.se<\/a><\/p>\n<p><strong>Vad kr\u00e4vs av mig?<\/strong><br \/>\nAv s\u00e4kerhetssk\u00e4l beh\u00f6ver du ha erfarenhet av att cykla i klunga med andra. Du beh\u00f6ver ocks\u00e5 ha den tr\u00e4ning som beh\u00f6vs f\u00f6r att h\u00e5lla h\u00f6g fart under l\u00e5ng tid. Vi h\u00e5ller en fart runt V\u00e4ttern p\u00e5 cirka 40 km\/h. Du beh\u00f6ver ocks\u00e5 godk\u00e4nna att vi f\u00e5r ta och anv\u00e4nda bilder p\u00e5 dig i anslutning till \u0160kodas cykelaktiviteter samt att du anv\u00e4nder och tar v\u00e4l hand om den utrustning som vi tillhandah\u00e5ller.<\/p>\n<p><strong>N\u00e4r f\u00e5r jag besked?<\/strong><br \/>\nVi st\u00e4nger rekryteringen den 31 december 2019 och ger sedan besked senast 31 januari. V\u00e4nligen observera att vi tar emot m\u00e5nga ans\u00f6kningar och har d\u00e4rf\u00f6r begr\u00e4nsad m\u00f6jlighet att svara p\u00e5 fr\u00e5gor via e-post och telefon. Vi ber d\u00e4rf\u00f6r om \u00f6verseende med l\u00e5nga svarstider.<\/p>\n<p>Stort tack f\u00f6r din ans\u00f6kan!<br \/>\n\u0160koda Cycling Team<\/p>\n<p><img loading=\"lazy\" decoding=\"async\" class=\"wp-image-2437 size-large alignnone\" src=\"https:\/\/d2p6e6u75xmxt8.cloudfront.net\/9\/2019\/11\/SKODA_Camp_19_3146-1024x683.jpg\" alt=\"\" width=\"1024\" height=\"683\" srcset=\"https:\/\/d2p6e6u75xmxt8.cloudfront.net\/9\/2019\/11\/SKODA_Camp_19_3146-1024x683.jpg 1024w, https:\/\/d2p6e6u75xmxt8.cloudfront.net\/9\/2019\/11\/SKODA_Camp_19_3146-300x200.jpg 300w, https:\/\/d2p6e6u75xmxt8.cloudfront.net\/9\/2019\/11\/SKODA_Camp_19_3146-768x512.jpg 768w, https:\/\/d2p6e6u75xmxt8.cloudfront.net\/9\/2019\/11\/SKODA_Camp_19_3146-1920x1280.jpg 1920w, https:\/\/d2p6e6u75xmxt8.cloudfront.net\/9\/2019\/11\/SKODA_Camp_19_3146-272x182.jpg 272w, https:\/\/d2p6e6u75xmxt8.cloudfront.net\/9\/2019\/11\/SKODA_Camp_19_3146.jpg 2048w, https:\/\/d2p6e6u75xmxt8.cloudfront.net\/9\/2019\/11\/SKODA_Camp_19_3146-1920x1280.jpg 1920w\" sizes=\"auto, (max-width: 1024px) 100vw, 1024px\" \/><\/p>\n<\/div>\n<\/div><\/div><\/div><div id=\"pgc-w5dd2630b93d5f-0-1\"  class=\"panel-grid-cell panel-grid-cell-empty\" ><\/div><\/div><\/div><\/div><\/div><\/div><\/div>","protected":false},"excerpt":{"rendered":"<p>Viktigt! N\u00e4sta steg \u00e4r att vi beh\u00f6ver veta lite mer om dig \u2013 och d\u00e4rf\u00f6r ber vi dig att fylla [&hellip;]<\/p>\n","protected":false},"author":1,"featured_media":0,"parent":123,"menu_order":0,"comment_status":"closed","ping_status":"closed","template":"templates\/template-empty-page-headline.php","meta":{"footnotes":""},"tags":[],"class_list":["post-1697","page","type-page","status-publish","hentry"],"yoast_head":"<!-- This site is optimized with the Yoast SEO Premium plugin v25.3 (Yoast SEO v25.9) - https:\/\/yoast.com\/wordpress\/plugins\/seo\/ -->\n<title>Tack f\u00f6r din registrering! - \u0160koda - We Love Cycling - Sweden<\/title>\n<meta name=\"robots\" content=\"index, follow, max-snippet:-1, max-image-preview:large, max-video-preview:-1\" \/>\n<link rel=\"canonical\" href=\"https:\/\/www.welovecycling.com\/se\/skoda-cycling-team\/tack\/\" \/>\n<meta property=\"og:locale\" content=\"sv_SE\" \/>\n<meta property=\"og:type\" content=\"article\" \/>\n<meta property=\"og:title\" content=\"Tack f\u00f6r din registrering!\" \/>\n<meta property=\"og:description\" content=\"Viktigt! N\u00e4sta steg \u00e4r att vi beh\u00f6ver veta lite mer om dig \u2013 och d\u00e4rf\u00f6r ber vi dig att fylla [&hellip;]\" \/>\n<meta property=\"og:url\" content=\"https:\/\/www.welovecycling.com\/se\/skoda-cycling-team\/tack\/\" \/>\n<meta property=\"og:site_name\" content=\"\u0160koda - We Love Cycling - Sweden\" \/>\n<meta property=\"article:modified_time\" content=\"2019-11-18T09:23:23+00:00\" \/>\n<meta property=\"og:image\" content=\"https:\/\/d2p6e6u75xmxt8.cloudfront.net\/9\/2019\/11\/SKODA_Camp_19_3146-1024x683.jpg\" \/>\n<meta name=\"twitter:card\" content=\"summary_large_image\" \/>\n<meta name=\"twitter:label1\" content=\"Est. reading time\" \/>\n\t<meta name=\"twitter:data1\" content=\"3 minutes\" \/>\n<script type=\"application\/ld+json\" class=\"yoast-schema-graph\">{\"@context\":\"https:\/\/schema.org\",\"@graph\":[{\"@type\":\"WebPage\",\"@id\":\"https:\/\/www.welovecycling.com\/se\/skoda-cycling-team\/tack\/\",\"url\":\"https:\/\/www.welovecycling.com\/se\/skoda-cycling-team\/tack\/\",\"name\":\"Tack f\u00f6r din registrering! - \u0160koda - We Love Cycling - Sweden\",\"isPartOf\":{\"@id\":\"https:\/\/www.welovecycling.com\/se\/#website\"},\"primaryImageOfPage\":{\"@id\":\"https:\/\/www.welovecycling.com\/se\/skoda-cycling-team\/tack\/#primaryimage\"},\"image\":{\"@id\":\"https:\/\/www.welovecycling.com\/se\/skoda-cycling-team\/tack\/#primaryimage\"},\"thumbnailUrl\":\"https:\/\/d2p6e6u75xmxt8.cloudfront.net\/9\/2019\/11\/SKODA_Camp_19_3146-1024x683.jpg\",\"datePublished\":\"2018-11-12T10:39:10+00:00\",\"dateModified\":\"2019-11-18T09:23:23+00:00\",\"breadcrumb\":{\"@id\":\"https:\/\/www.welovecycling.com\/se\/skoda-cycling-team\/tack\/#breadcrumb\"},\"inLanguage\":\"sv-SE\",\"potentialAction\":[{\"@type\":\"ReadAction\",\"target\":[\"https:\/\/www.welovecycling.com\/se\/skoda-cycling-team\/tack\/\"]}]},{\"@type\":\"ImageObject\",\"inLanguage\":\"sv-SE\",\"@id\":\"https:\/\/www.welovecycling.com\/se\/skoda-cycling-team\/tack\/#primaryimage\",\"url\":\"https:\/\/d2p6e6u75xmxt8.cloudfront.net\/9\/2019\/11\/SKODA_Camp_19_3146-1024x683.jpg\",\"contentUrl\":\"https:\/\/d2p6e6u75xmxt8.cloudfront.net\/9\/2019\/11\/SKODA_Camp_19_3146-1024x683.jpg\"},{\"@type\":\"BreadcrumbList\",\"@id\":\"https:\/\/www.welovecycling.com\/se\/skoda-cycling-team\/tack\/#breadcrumb\",\"itemListElement\":[{\"@type\":\"ListItem\",\"position\":1,\"name\":\"Home\",\"item\":\"https:\/\/www.welovecycling.com\/se\/\"},{\"@type\":\"ListItem\",\"position\":2,\"name\":\"\u0160koda Cycling Team\",\"item\":\"https:\/\/www.welovecycling.com\/se\/skoda-cycling-team\/\"},{\"@type\":\"ListItem\",\"position\":3,\"name\":\"Tack f\u00f6r din registrering!\"}]},{\"@type\":\"WebSite\",\"@id\":\"https:\/\/www.welovecycling.com\/se\/#website\",\"url\":\"https:\/\/www.welovecycling.com\/se\/\",\"name\":\"\u0160koda - We Love Cycling - Sweden\",\"description\":\"\u0160koda We Love Cycling - Sweden\",\"potentialAction\":[{\"@type\":\"SearchAction\",\"target\":{\"@type\":\"EntryPoint\",\"urlTemplate\":\"https:\/\/www.welovecycling.com\/se\/?s={search_term_string}\"},\"query-input\":{\"@type\":\"PropertyValueSpecification\",\"valueRequired\":true,\"valueName\":\"search_term_string\"}}],\"inLanguage\":\"sv-SE\"}]}<\/script>\n<!-- \/ Yoast SEO Premium plugin. -->","yoast_head_json":{"title":"Tack f\u00f6r din registrering! - \u0160koda - We Love Cycling - Sweden","robots":{"index":"index","follow":"follow","max-snippet":"max-snippet:-1","max-image-preview":"max-image-preview:large","max-video-preview":"max-video-preview:-1"},"canonical":"https:\/\/www.welovecycling.com\/se\/skoda-cycling-team\/tack\/","og_locale":"sv_SE","og_type":"article","og_title":"Tack f\u00f6r din registrering!","og_description":"Viktigt! N\u00e4sta steg \u00e4r att vi beh\u00f6ver veta lite mer om dig \u2013 och d\u00e4rf\u00f6r ber vi dig att fylla [&hellip;]","og_url":"https:\/\/www.welovecycling.com\/se\/skoda-cycling-team\/tack\/","og_site_name":"\u0160koda - We Love Cycling - Sweden","article_modified_time":"2019-11-18T09:23:23+00:00","og_image":[{"url":"https:\/\/d2p6e6u75xmxt8.cloudfront.net\/9\/2019\/11\/SKODA_Camp_19_3146-1024x683.jpg","type":"","width":"","height":""}],"twitter_card":"summary_large_image","twitter_misc":{"Est. reading time":"3 minutes"},"schema":{"@context":"https:\/\/schema.org","@graph":[{"@type":"WebPage","@id":"https:\/\/www.welovecycling.com\/se\/skoda-cycling-team\/tack\/","url":"https:\/\/www.welovecycling.com\/se\/skoda-cycling-team\/tack\/","name":"Tack f\u00f6r din registrering! - \u0160koda - We Love Cycling - Sweden","isPartOf":{"@id":"https:\/\/www.welovecycling.com\/se\/#website"},"primaryImageOfPage":{"@id":"https:\/\/www.welovecycling.com\/se\/skoda-cycling-team\/tack\/#primaryimage"},"image":{"@id":"https:\/\/www.welovecycling.com\/se\/skoda-cycling-team\/tack\/#primaryimage"},"thumbnailUrl":"https:\/\/d2p6e6u75xmxt8.cloudfront.net\/9\/2019\/11\/SKODA_Camp_19_3146-1024x683.jpg","datePublished":"2018-11-12T10:39:10+00:00","dateModified":"2019-11-18T09:23:23+00:00","breadcrumb":{"@id":"https:\/\/www.welovecycling.com\/se\/skoda-cycling-team\/tack\/#breadcrumb"},"inLanguage":"sv-SE","potentialAction":[{"@type":"ReadAction","target":["https:\/\/www.welovecycling.com\/se\/skoda-cycling-team\/tack\/"]}]},{"@type":"ImageObject","inLanguage":"sv-SE","@id":"https:\/\/www.welovecycling.com\/se\/skoda-cycling-team\/tack\/#primaryimage","url":"https:\/\/d2p6e6u75xmxt8.cloudfront.net\/9\/2019\/11\/SKODA_Camp_19_3146-1024x683.jpg","contentUrl":"https:\/\/d2p6e6u75xmxt8.cloudfront.net\/9\/2019\/11\/SKODA_Camp_19_3146-1024x683.jpg"},{"@type":"BreadcrumbList","@id":"https:\/\/www.welovecycling.com\/se\/skoda-cycling-team\/tack\/#breadcrumb","itemListElement":[{"@type":"ListItem","position":1,"name":"Home","item":"https:\/\/www.welovecycling.com\/se\/"},{"@type":"ListItem","position":2,"name":"\u0160koda Cycling Team","item":"https:\/\/www.welovecycling.com\/se\/skoda-cycling-team\/"},{"@type":"ListItem","position":3,"name":"Tack f\u00f6r din registrering!"}]},{"@type":"WebSite","@id":"https:\/\/www.welovecycling.com\/se\/#website","url":"https:\/\/www.welovecycling.com\/se\/","name":"\u0160koda - We Love Cycling - Sweden","description":"\u0160koda We Love Cycling - Sweden","potentialAction":[{"@type":"SearchAction","target":{"@type":"EntryPoint","urlTemplate":"https:\/\/www.welovecycling.com\/se\/?s={search_term_string}"},"query-input":{"@type":"PropertyValueSpecification","valueRequired":true,"valueName":"search_term_string"}}],"inLanguage":"sv-SE"}]}},"_links":{"self":[{"href":"https:\/\/www.welovecycling.com\/se\/wp-json\/wp\/v2\/pages\/1697","targetHints":{"allow":["GET"]}}],"collection":[{"href":"https:\/\/www.welovecycling.com\/se\/wp-json\/wp\/v2\/pages"}],"about":[{"href":"https:\/\/www.welovecycling.com\/se\/wp-json\/wp\/v2\/types\/page"}],"author":[{"embeddable":true,"href":"https:\/\/www.welovecycling.com\/se\/wp-json\/wp\/v2\/users\/1"}],"replies":[{"embeddable":true,"href":"https:\/\/www.welovecycling.com\/se\/wp-json\/wp\/v2\/comments?post=1697"}],"version-history":[{"count":2,"href":"https:\/\/www.welovecycling.com\/se\/wp-json\/wp\/v2\/pages\/1697\/revisions"}],"predecessor-version":[{"id":2458,"href":"https:\/\/www.welovecycling.com\/se\/wp-json\/wp\/v2\/pages\/1697\/revisions\/2458"}],"up":[{"embeddable":true,"href":"https:\/\/www.welovecycling.com\/se\/wp-json\/wp\/v2\/pages\/123"}],"wp:attachment":[{"href":"https:\/\/www.welovecycling.com\/se\/wp-json\/wp\/v2\/media?parent=1697"}],"wp:term":[{"taxonomy":"post_tag","embeddable":true,"href":"https:\/\/www.welovecycling.com\/se\/wp-json\/wp\/v2\/tags?post=1697"}],"curies":[{"name":"wp","href":"https:\/\/api.w.org\/{rel}","templated":true}]}}