{"id":153,"date":"2017-11-22T17:01:27","date_gmt":"2017-11-22T17:01:27","guid":{"rendered":"https:\/\/www.welovecycling.com\/se\/?page_id=153"},"modified":"2017-11-29T14:56:06","modified_gmt":"2017-11-29T13:56:06","slug":"skoda-tjanstecykel","status":"publish","type":"page","link":"https:\/\/www.welovecycling.com\/se\/skoda-tjanstecykel\/","title":{"rendered":"\u0160koda Tj\u00e4nstecykel"},"content":{"rendered":"<div id=\"pl-153\"  class=\"panel-layout\" ><div id=\"pg-153-0\"  class=\"panel-grid panel-no-style\" ><div id=\"pgc-153-0-0\"  class=\"panel-grid-cell panel-grid-cell-empty\" ><\/div><div id=\"pgc-153-0-1\"  class=\"panel-grid-cell panel-grid-cell-mobile-last\" ><div id=\"panel-153-0-1-0\" class=\"so-panel widget widget_sow-editor panel-first-child panel-last-child\" data-index=\"0\" ><div\n\t\t\t\n\t\t\tclass=\"so-widget-sow-editor so-widget-sow-editor-base\"\n\t\t\t\n\t\t>\n<div class=\"siteorigin-widget-tinymce textwidget\">\n\t<h1 class=\"title -h1 -inverted -left header__title\">Uppt\u00e4ck nya v\u00e4gar<\/h1>\n<p>Bilen i all \u00e4ra, men vi tror inte att den \u00e4r l\u00f6sningen p\u00e5 allt. F\u00f6r de allra flesta \u00e4r det faktiskt b\u00e5de b\u00e4ttre och enklare att cykla ibland. D\u00e4rf\u00f6r lanserar vi p\u00e5 \u0160koda nu en helt ny m\u00f6jlighet f\u00f6r Sveriges anst\u00e4llda - tj\u00e4nstecykeln.<\/p>\n<p>Kanske verkar det konstigt att ett bilm\u00e4rke lanserar en cykeltj\u00e4nst? Men p\u00e5 \u0160koda har vi alltid trott p\u00e5 v\u00e4rdet i att g\u00e5 en egen v\u00e4g och inte g\u00f6ra som alla andra. Dessutom inledde vi faktiskt v\u00e5r verksamhet f\u00f6r \u00f6ver 100 \u00e5r sedan med att tillverka cyklar. \u00c4n idag sponsrar vi flera cykellag p\u00e5 b\u00e5de proffs- och amat\u00f6rniv\u00e5. Det g\u00f6r vi f\u00f6r att vi vet att cykeln ibland \u00e4r ett \u00f6verl\u00e4gset transportmedel.<\/p>\n<p>Visst f\u00f6rst\u00e5r vi n\u00f6dv\u00e4ndigheten i bilen, men n\u00e4r det kommer till kortare str\u00e4ckor \u00e4r det oftast b\u00e5de billigare, snabbare och milj\u00f6v\u00e4nligare att ta cykeln. Dessutom \u00e4r det b\u00e5de bra f\u00f6r ekonomin och h\u00e4lsan, och i m\u00e5nga fall presterar man faktiskt ocks\u00e5 b\u00e4ttre p\u00e5 jobbet om man cyklat dit. D\u00e4rf\u00f6r vill vi \u00f6ka m\u00f6jligheterna f\u00f6r fler att ibland kunna l\u00e4mna bilen hemma.<\/p>\n<p style=\"text-align: left;\">Genom att lansera tj\u00e4nstecykeln skapar vi m\u00f6jligheten att kunna leasa en cykel p\u00e5 samma bekv\u00e4ma s\u00e4tt som en tj\u00e4nstebil. Ditt f\u00f6retag betalar en leasingavgift och du f\u00e5r betala skatt p\u00e5 f\u00f6rm\u00e5nsv\u00e4rdet. L\u00e4ngden f\u00f6r ett avtal \u00e4r 3 \u00e5r och d\u00e4refter k\u00f6per f\u00f6retaget ut cykeln till ett restv\u00e4rde av 10%. F\u00f6rs\u00e4kring ing\u00e5r under avtalstiden.<\/p>\n<p><em><strong>L\u00e4s mer om cyklarna, se vad det kostar och best\u00e4ll din Tj\u00e4nstecykel h\u00e4r: <\/strong><\/em><a href=\"https:\/\/skodatjanstecykel.se\" target=\"_blank\" rel=\"noopener\"><em><strong>www.skodatjanstecykel.se<\/strong> <\/em><\/a><\/p>\n<p><a href=\"https:\/\/d2p6e6u75xmxt8.cloudfront.net\/9\/2017\/11\/tjanstecykel2.png\"><img loading=\"lazy\" decoding=\"async\" class=\"aligncenter wp-image-157 size-full\" src=\"https:\/\/d2p6e6u75xmxt8.cloudfront.net\/9\/2017\/11\/tjanstecykel2.png\" alt=\"\" width=\"1800\" height=\"700\" srcset=\"https:\/\/d2p6e6u75xmxt8.cloudfront.net\/9\/2017\/11\/tjanstecykel2.png 1800w, https:\/\/d2p6e6u75xmxt8.cloudfront.net\/9\/2017\/11\/tjanstecykel2-300x117.png 300w, https:\/\/d2p6e6u75xmxt8.cloudfront.net\/9\/2017\/11\/tjanstecykel2-768x299.png 768w, https:\/\/d2p6e6u75xmxt8.cloudfront.net\/9\/2017\/11\/tjanstecykel2-1024x398.png 1024w\" sizes=\"auto, (max-width: 1800px) 100vw, 1800px\" \/><\/a><\/p>\n<\/div>\n<\/div><\/div><\/div><div id=\"pgc-153-0-2\"  class=\"panel-grid-cell panel-grid-cell-empty\" ><\/div><\/div><\/div>","protected":false},"excerpt":{"rendered":"<p>Uppt\u00e4ck nya v\u00e4gar Bilen i all \u00e4ra, men vi tror inte att den \u00e4r l\u00f6sningen p\u00e5 allt. F\u00f6r de allra [&hellip;]<\/p>\n","protected":false},"author":53,"featured_media":154,"parent":0,"menu_order":0,"comment_status":"closed","ping_status":"closed","template":"templates\/template-empty-page-headline.php","meta":{"footnotes":""},"tags":[],"class_list":["post-153","page","type-page","status-publish","has-post-thumbnail","hentry"],"yoast_head":"<!-- This site is optimized with the Yoast SEO Premium plugin v25.3 (Yoast SEO v25.9) - https:\/\/yoast.com\/wordpress\/plugins\/seo\/ -->\n<title>\u0160koda Tj\u00e4nstecykel - \u0160koda - We Love Cycling - Sweden<\/title>\n<meta name=\"robots\" content=\"index, follow, max-snippet:-1, max-image-preview:large, max-video-preview:-1\" \/>\n<link rel=\"canonical\" href=\"https:\/\/www.welovecycling.com\/se\/skoda-tjanstecykel\/\" \/>\n<meta property=\"og:locale\" content=\"sv_SE\" \/>\n<meta property=\"og:type\" content=\"article\" \/>\n<meta property=\"og:title\" content=\"\u0160koda Tj\u00e4nstecykel\" \/>\n<meta property=\"og:description\" content=\"Uppt\u00e4ck nya v\u00e4gar Bilen i all \u00e4ra, men vi tror inte att den \u00e4r l\u00f6sningen p\u00e5 allt. F\u00f6r de allra [&hellip;]\" \/>\n<meta property=\"og:url\" content=\"https:\/\/www.welovecycling.com\/se\/skoda-tjanstecykel\/\" \/>\n<meta property=\"og:site_name\" content=\"\u0160koda - We Love Cycling - Sweden\" \/>\n<meta property=\"article:modified_time\" content=\"2017-11-29T13:56:06+00:00\" \/>\n<meta property=\"og:image\" content=\"https:\/\/d2p6e6u75xmxt8.cloudfront.net\/9\/2017\/11\/tjanstecykel.png\" \/>\n\t<meta property=\"og:image:width\" content=\"1440\" \/>\n\t<meta property=\"og:image:height\" content=\"810\" \/>\n\t<meta property=\"og:image:type\" content=\"image\/png\" \/>\n<meta name=\"twitter:card\" content=\"summary_large_image\" \/>\n<meta name=\"twitter:label1\" content=\"Est. reading time\" \/>\n\t<meta name=\"twitter:data1\" content=\"2 minutes\" \/>\n<script type=\"application\/ld+json\" class=\"yoast-schema-graph\">{\"@context\":\"https:\/\/schema.org\",\"@graph\":[{\"@type\":\"WebPage\",\"@id\":\"https:\/\/www.welovecycling.com\/se\/skoda-tjanstecykel\/\",\"url\":\"https:\/\/www.welovecycling.com\/se\/skoda-tjanstecykel\/\",\"name\":\"\u0160koda Tj\u00e4nstecykel - \u0160koda - We Love Cycling - Sweden\",\"isPartOf\":{\"@id\":\"https:\/\/www.welovecycling.com\/se\/#website\"},\"primaryImageOfPage\":{\"@id\":\"https:\/\/www.welovecycling.com\/se\/skoda-tjanstecykel\/#primaryimage\"},\"image\":{\"@id\":\"https:\/\/www.welovecycling.com\/se\/skoda-tjanstecykel\/#primaryimage\"},\"thumbnailUrl\":\"https:\/\/d2p6e6u75xmxt8.cloudfront.net\/9\/2017\/11\/tjanstecykel.png\",\"datePublished\":\"2017-11-22T17:01:27+00:00\",\"dateModified\":\"2017-11-29T13:56:06+00:00\",\"breadcrumb\":{\"@id\":\"https:\/\/www.welovecycling.com\/se\/skoda-tjanstecykel\/#breadcrumb\"},\"inLanguage\":\"sv-SE\",\"potentialAction\":[{\"@type\":\"ReadAction\",\"target\":[\"https:\/\/www.welovecycling.com\/se\/skoda-tjanstecykel\/\"]}]},{\"@type\":\"ImageObject\",\"inLanguage\":\"sv-SE\",\"@id\":\"https:\/\/www.welovecycling.com\/se\/skoda-tjanstecykel\/#primaryimage\",\"url\":\"https:\/\/d2p6e6u75xmxt8.cloudfront.net\/9\/2017\/11\/tjanstecykel.png\",\"contentUrl\":\"https:\/\/d2p6e6u75xmxt8.cloudfront.net\/9\/2017\/11\/tjanstecykel.png\",\"width\":1440,\"height\":810},{\"@type\":\"BreadcrumbList\",\"@id\":\"https:\/\/www.welovecycling.com\/se\/skoda-tjanstecykel\/#breadcrumb\",\"itemListElement\":[{\"@type\":\"ListItem\",\"position\":1,\"name\":\"Home\",\"item\":\"https:\/\/www.welovecycling.com\/se\/\"},{\"@type\":\"ListItem\",\"position\":2,\"name\":\"\u0160koda Tj\u00e4nstecykel\"}]},{\"@type\":\"WebSite\",\"@id\":\"https:\/\/www.welovecycling.com\/se\/#website\",\"url\":\"https:\/\/www.welovecycling.com\/se\/\",\"name\":\"\u0160koda - We Love Cycling - Sweden\",\"description\":\"\u0160koda We Love Cycling - Sweden\",\"potentialAction\":[{\"@type\":\"SearchAction\",\"target\":{\"@type\":\"EntryPoint\",\"urlTemplate\":\"https:\/\/www.welovecycling.com\/se\/?s={search_term_string}\"},\"query-input\":{\"@type\":\"PropertyValueSpecification\",\"valueRequired\":true,\"valueName\":\"search_term_string\"}}],\"inLanguage\":\"sv-SE\"}]}<\/script>\n<!-- \/ Yoast SEO Premium plugin. -->","yoast_head_json":{"title":"\u0160koda Tj\u00e4nstecykel - \u0160koda - We Love Cycling - Sweden","robots":{"index":"index","follow":"follow","max-snippet":"max-snippet:-1","max-image-preview":"max-image-preview:large","max-video-preview":"max-video-preview:-1"},"canonical":"https:\/\/www.welovecycling.com\/se\/skoda-tjanstecykel\/","og_locale":"sv_SE","og_type":"article","og_title":"\u0160koda Tj\u00e4nstecykel","og_description":"Uppt\u00e4ck nya v\u00e4gar Bilen i all \u00e4ra, men vi tror inte att den \u00e4r l\u00f6sningen p\u00e5 allt. F\u00f6r de allra [&hellip;]","og_url":"https:\/\/www.welovecycling.com\/se\/skoda-tjanstecykel\/","og_site_name":"\u0160koda - We Love Cycling - Sweden","article_modified_time":"2017-11-29T13:56:06+00:00","og_image":[{"width":1440,"height":810,"url":"https:\/\/d2p6e6u75xmxt8.cloudfront.net\/9\/2017\/11\/tjanstecykel.png","type":"image\/png"}],"twitter_card":"summary_large_image","twitter_misc":{"Est. reading time":"2 minutes"},"schema":{"@context":"https:\/\/schema.org","@graph":[{"@type":"WebPage","@id":"https:\/\/www.welovecycling.com\/se\/skoda-tjanstecykel\/","url":"https:\/\/www.welovecycling.com\/se\/skoda-tjanstecykel\/","name":"\u0160koda Tj\u00e4nstecykel - \u0160koda - We Love Cycling - Sweden","isPartOf":{"@id":"https:\/\/www.welovecycling.com\/se\/#website"},"primaryImageOfPage":{"@id":"https:\/\/www.welovecycling.com\/se\/skoda-tjanstecykel\/#primaryimage"},"image":{"@id":"https:\/\/www.welovecycling.com\/se\/skoda-tjanstecykel\/#primaryimage"},"thumbnailUrl":"https:\/\/d2p6e6u75xmxt8.cloudfront.net\/9\/2017\/11\/tjanstecykel.png","datePublished":"2017-11-22T17:01:27+00:00","dateModified":"2017-11-29T13:56:06+00:00","breadcrumb":{"@id":"https:\/\/www.welovecycling.com\/se\/skoda-tjanstecykel\/#breadcrumb"},"inLanguage":"sv-SE","potentialAction":[{"@type":"ReadAction","target":["https:\/\/www.welovecycling.com\/se\/skoda-tjanstecykel\/"]}]},{"@type":"ImageObject","inLanguage":"sv-SE","@id":"https:\/\/www.welovecycling.com\/se\/skoda-tjanstecykel\/#primaryimage","url":"https:\/\/d2p6e6u75xmxt8.cloudfront.net\/9\/2017\/11\/tjanstecykel.png","contentUrl":"https:\/\/d2p6e6u75xmxt8.cloudfront.net\/9\/2017\/11\/tjanstecykel.png","width":1440,"height":810},{"@type":"BreadcrumbList","@id":"https:\/\/www.welovecycling.com\/se\/skoda-tjanstecykel\/#breadcrumb","itemListElement":[{"@type":"ListItem","position":1,"name":"Home","item":"https:\/\/www.welovecycling.com\/se\/"},{"@type":"ListItem","position":2,"name":"\u0160koda Tj\u00e4nstecykel"}]},{"@type":"WebSite","@id":"https:\/\/www.welovecycling.com\/se\/#website","url":"https:\/\/www.welovecycling.com\/se\/","name":"\u0160koda - We Love Cycling - Sweden","description":"\u0160koda We Love Cycling - Sweden","potentialAction":[{"@type":"SearchAction","target":{"@type":"EntryPoint","urlTemplate":"https:\/\/www.welovecycling.com\/se\/?s={search_term_string}"},"query-input":{"@type":"PropertyValueSpecification","valueRequired":true,"valueName":"search_term_string"}}],"inLanguage":"sv-SE"}]}},"_links":{"self":[{"href":"https:\/\/www.welovecycling.com\/se\/wp-json\/wp\/v2\/pages\/153","targetHints":{"allow":["GET"]}}],"collection":[{"href":"https:\/\/www.welovecycling.com\/se\/wp-json\/wp\/v2\/pages"}],"about":[{"href":"https:\/\/www.welovecycling.com\/se\/wp-json\/wp\/v2\/types\/page"}],"author":[{"embeddable":true,"href":"https:\/\/www.welovecycling.com\/se\/wp-json\/wp\/v2\/users\/53"}],"replies":[{"embeddable":true,"href":"https:\/\/www.welovecycling.com\/se\/wp-json\/wp\/v2\/comments?post=153"}],"version-history":[{"count":2,"href":"https:\/\/www.welovecycling.com\/se\/wp-json\/wp\/v2\/pages\/153\/revisions"}],"predecessor-version":[{"id":555,"href":"https:\/\/www.welovecycling.com\/se\/wp-json\/wp\/v2\/pages\/153\/revisions\/555"}],"wp:featuredmedia":[{"embeddable":true,"href":"https:\/\/www.welovecycling.com\/se\/wp-json\/wp\/v2\/media\/154"}],"wp:attachment":[{"href":"https:\/\/www.welovecycling.com\/se\/wp-json\/wp\/v2\/media?parent=153"}],"wp:term":[{"taxonomy":"post_tag","embeddable":true,"href":"https:\/\/www.welovecycling.com\/se\/wp-json\/wp\/v2\/tags?post=153"}],"curies":[{"name":"wp","href":"https:\/\/api.w.org\/{rel}","templated":true}]}}