{"id":1333,"date":"2018-05-30T21:07:30","date_gmt":"2018-05-30T20:07:30","guid":{"rendered":"https:\/\/www.welovecycling.com\/se\/?page_id=1333"},"modified":"2018-05-30T21:31:12","modified_gmt":"2018-05-30T20:31:12","slug":"pelle-nilsson","status":"publish","type":"page","link":"https:\/\/www.welovecycling.com\/se\/skoda-cycling-team\/teamet-2018\/pelle-nilsson\/","title":{"rendered":"Pelle Nilsson"},"content":{"rendered":"<div id=\"pl-1333\"  class=\"panel-layout\" ><div id=\"pg-1333-0\"  class=\"panel-grid panel-no-style\" ><div id=\"pgc-1333-0-0\"  class=\"panel-grid-cell panel-grid-cell-empty\" ><\/div><\/div><div id=\"pg-1333-1\"  class=\"panel-grid panel-no-style\" ><div id=\"pgc-1333-1-0\"  class=\"panel-grid-cell panel-grid-cell-empty\" ><\/div><div id=\"pgc-1333-1-1\"  class=\"panel-grid-cell\" ><div id=\"panel-1333-1-1-0\" class=\"so-panel widget widget_sow-editor panel-first-child panel-last-child\" data-index=\"0\" ><div\n\t\t\t\n\t\t\tclass=\"so-widget-sow-editor so-widget-sow-editor-base\"\n\t\t\t\n\t\t>\n<div class=\"siteorigin-widget-tinymce textwidget\">\n\t<p><a href=\"https:\/\/d2p6e6u75xmxt8.cloudfront.net\/9\/2018\/04\/JBA_4074_1-1.jpg\"><img loading=\"lazy\" decoding=\"async\" class=\"alignnone size-full wp-image-1080\" src=\"https:\/\/d2p6e6u75xmxt8.cloudfront.net\/9\/2018\/04\/JBA_4074_1-1.jpg\" alt=\"\" width=\"530\" height=\"800\" srcset=\"https:\/\/d2p6e6u75xmxt8.cloudfront.net\/9\/2018\/04\/JBA_4074_1-1.jpg 530w, https:\/\/d2p6e6u75xmxt8.cloudfront.net\/9\/2018\/04\/JBA_4074_1-1-199x300.jpg 199w\" sizes=\"auto, (max-width: 530px) 100vw, 530px\" \/><\/a><\/p>\n<\/div>\n<\/div><\/div><\/div><div id=\"pgc-1333-1-2\"  class=\"panel-grid-cell panel-grid-cell-mobile-last\" ><div id=\"panel-1333-1-2-0\" class=\"so-panel widget widget_sow-editor panel-first-child panel-last-child\" data-index=\"1\" ><div\n\t\t\t\n\t\t\tclass=\"so-widget-sow-editor so-widget-sow-editor-base\"\n\t\t\t\n\t\t>\n<div class=\"siteorigin-widget-tinymce textwidget\">\n\t<h1>Pelle Nilsson<\/h1>\n<p><b>Namn:<\/b><span style=\"font-weight: 400;\"> Pelle Nilsson<\/span><\/p>\n<p><b>\u00c5lder:<\/b><span style=\"font-weight: 400;\"> 36<\/span><\/p>\n<p><b>Bor:<\/b><span style=\"font-weight: 400;\"> Stockholm<\/span><\/p>\n<p><b>Familj:<\/b><span style=\"font-weight: 400;\"> Sambo<\/span><\/p>\n<p><b>L\u00e4ngd:<\/b><span style=\"font-weight: 400;\"> 173<\/span><\/p>\n<p><b>N\u00e4r uppt\u00e4ckte du din passion f\u00f6r cykling? <\/b><span style=\"font-weight: 400;\">D\u00e5 jag f\u00f6rstod att rakade ben och tighta kl\u00e4der var en central del av sporten.<\/span><\/p>\n<p><b>Om man ska \u00e5ka iv\u00e4g en vecka utomlands f\u00f6r att cykla. Var ska man bege sig d\u00e5? <\/b><span style=\"font-weight: 400;\">Vinter - Teneriffa; resten av \u00e5ret - s\u00f6dra Frankrike.<\/span><\/p>\n<p><b>Roligaste passen? <\/b><span style=\"font-weight: 400;\">L\u00e5ngt, h\u00f6gt och h\u00e5rt.<\/span><\/p>\n<p><b>V\u00e4rsta passen? <\/b><span style=\"font-weight: 400;\">Platt och bl\u00e5sigt.<\/span><\/p>\n<p><b>Styrkor som cyklist?<\/b><span style=\"font-weight: 400;\"> Att cykla uppf\u00f6rs och utf\u00f6rs.<\/span><\/p>\n<p><b>Svagheter som cyklist? <\/b><span style=\"font-weight: 400;\">Att spurta - jag f\u00f6rs\u00f6ker l\u00e4ra mig\u2026<\/span><\/p>\n<p><b>Favoritcyklist genom tiderna? <\/b><span style=\"font-weight: 400;\">Robert Marchand.<\/span><\/p>\n<p><b>St\u00f6rsta bedrift p\u00e5 cykeln? <\/b><span style=\"font-weight: 400;\">Att ta mig i m\u00e5l i bl\u00e5siga och platta lopp i elitklungan.<\/span><\/p>\n<p><b>Vad ser du mest fram emot inf\u00f6r V\u00e4tternrundan? <\/b><span style=\"font-weight: 400;\">Att se glada och tr\u00f6tta miner efter m\u00e5lg\u00e5ng.<\/span><\/p>\n<p><b>St\u00f6rsta r\u00e4dsla inf\u00f6r V\u00e4tternrundan? <\/b><span style=\"font-weight: 400;\">Hagelstorm.<\/span><\/p>\n<p><b>Vem \u00e4r din favorit i teamet och varf\u00f6r? <\/b><span style=\"font-weight: 400;\">Alla i organisationen som g\u00f6r ett fantastiskt jobb f\u00f6r att driva det hela. <\/span><\/p>\n<p><b>Vad tror du att du kommer bidra med till teamet under s\u00e4songen? <\/b><span style=\"font-weight: 400;\">Pepp och motivation.<\/span><\/p>\n<p><b>Vad \u00e4r din utmaning med V\u00e4tternrundan under 8h?<\/b><span style=\"font-weight: 400;\">Att inte b\u00f6rja dagdr\u00f6mma och gl\u00f6mma bort att \u00e4ta.<\/span><\/p>\n<p><b>Vad fikar du helst p\u00e5 en tr\u00e4ningsrunda? <\/b><span style=\"font-weight: 400;\">T\u00e5rtbuff\u00e9 med kaffe (och en snus).<\/span><\/p>\n<p><b>Vad lyssnar du p\u00e5 under dina intervallpass?<\/b><span style=\"font-weight: 400;\">Just nu remixer av the Knife, Sia, Lady Gaga, Die Antwoord och Stromae.<\/span><\/p>\n<p><b>Hur f\u00f6rst\u00e5ende \u00e4r dina n\u00e4rmaste till din cykling? <\/b><span style=\"font-weight: 400;\">Blandat - f\u00f6r det mesta positiv. <\/span><\/p>\n<p><b>Vilken \u00e4r din favoritfilm? <\/b><span style=\"font-weight: 400;\"> 2046.<\/span><\/p>\n<p><b>Vad vill du bli n\u00e4r du blir stor? <\/b><span style=\"font-weight: 400;\">Jag tycker att jag \u00e4r ganska stor och \u00e4r v\u00e4ldigt n\u00f6jd och glad att f\u00e5 g\u00f6ra vad jag g\u00f6r.<\/span><\/p>\n<p><b>Vad g\u00f6r du helst en fredagkv\u00e4ll? <\/b><span style=\"font-weight: 400;\">H\u00e4nger med n\u00e4ra och k\u00e4ra och dricker franskt vin.<\/span><\/p>\n<p><b>N\u00e4mn tre saker p\u00e5 din att-g\u00f6ra-lista: <\/b><\/p>\n<ul>\n<li>Att fixa mina spurtklossar till perfektion (livsprojekt)<\/li>\n<li>Att ta tillbaka mitt Strava KOM p\u00e5 Teneriffas l\u00e4ngsta kl\u00e4ttring<\/li>\n<li>Att cykla mer<\/li>\n<\/ul>\n<p><b>Pelle f\u00f6redrar: <\/b><\/p>\n<ul>\n<li>Brygg framf\u00f6r Espresso<\/li>\n<li>Berg framf\u00f6r platt<\/li>\n<li>Mekaniskt framf\u00f6r el<\/li>\n<li>Motvind framf\u00f6r kantvind<\/li>\n<li>Skivor framf\u00f6r f\u00e4lgbroms<\/li>\n<\/ul>\n<\/div>\n<\/div><\/div><\/div><div id=\"pgc-1333-1-3\"  class=\"panel-grid-cell panel-grid-cell-empty\" ><\/div><\/div><div id=\"pg-1333-2\"  class=\"panel-grid panel-no-style\" ><div id=\"pgc-1333-2-0\"  class=\"panel-grid-cell panel-grid-cell-empty\" ><\/div><\/div><\/div>","protected":false},"excerpt":{"rendered":"<p>Pelle Nilsson Namn: Pelle Nilsson \u00c5lder: 36 Bor: Stockholm Familj: Sambo L\u00e4ngd: 173 N\u00e4r uppt\u00e4ckte du din passion f\u00f6r cykling? [&hellip;]<\/p>\n","protected":false},"author":52,"featured_media":0,"parent":872,"menu_order":0,"comment_status":"closed","ping_status":"closed","template":"templates\/template-full-width.php","meta":{"footnotes":""},"tags":[],"class_list":["post-1333","page","type-page","status-publish","hentry"],"yoast_head":"<!-- This site is optimized with the Yoast SEO Premium plugin v25.3 (Yoast SEO v25.9) - https:\/\/yoast.com\/wordpress\/plugins\/seo\/ -->\n<title>Pelle Nilsson - \u0160koda - We Love Cycling - Sweden<\/title>\n<meta name=\"robots\" content=\"index, follow, max-snippet:-1, max-image-preview:large, max-video-preview:-1\" \/>\n<link rel=\"canonical\" href=\"https:\/\/www.welovecycling.com\/se\/skoda-cycling-team\/teamet-2018\/pelle-nilsson\/\" \/>\n<meta property=\"og:locale\" content=\"sv_SE\" \/>\n<meta property=\"og:type\" content=\"article\" \/>\n<meta property=\"og:title\" content=\"Pelle Nilsson\" \/>\n<meta property=\"og:description\" content=\"Pelle Nilsson Namn: Pelle Nilsson \u00c5lder: 36 Bor: Stockholm Familj: Sambo L\u00e4ngd: 173 N\u00e4r uppt\u00e4ckte du din passion f\u00f6r cykling? [&hellip;]\" \/>\n<meta property=\"og:url\" content=\"https:\/\/www.welovecycling.com\/se\/skoda-cycling-team\/teamet-2018\/pelle-nilsson\/\" \/>\n<meta property=\"og:site_name\" content=\"\u0160koda - We Love Cycling - Sweden\" \/>\n<meta property=\"article:modified_time\" content=\"2018-05-30T20:31:12+00:00\" \/>\n<meta property=\"og:image\" content=\"https:\/\/d2p6e6u75xmxt8.cloudfront.net\/9\/2018\/04\/JBA_4074_1-1.jpg\" \/>\n<meta name=\"twitter:card\" content=\"summary_large_image\" \/>\n<meta name=\"twitter:label1\" content=\"Est. reading time\" \/>\n\t<meta name=\"twitter:data1\" content=\"2 minutes\" \/>\n<script type=\"application\/ld+json\" class=\"yoast-schema-graph\">{\"@context\":\"https:\/\/schema.org\",\"@graph\":[{\"@type\":\"WebPage\",\"@id\":\"https:\/\/www.welovecycling.com\/se\/skoda-cycling-team\/teamet-2018\/pelle-nilsson\/\",\"url\":\"https:\/\/www.welovecycling.com\/se\/skoda-cycling-team\/teamet-2018\/pelle-nilsson\/\",\"name\":\"Pelle Nilsson - \u0160koda - We Love Cycling - Sweden\",\"isPartOf\":{\"@id\":\"https:\/\/www.welovecycling.com\/se\/#website\"},\"primaryImageOfPage\":{\"@id\":\"https:\/\/www.welovecycling.com\/se\/skoda-cycling-team\/teamet-2018\/pelle-nilsson\/#primaryimage\"},\"image\":{\"@id\":\"https:\/\/www.welovecycling.com\/se\/skoda-cycling-team\/teamet-2018\/pelle-nilsson\/#primaryimage\"},\"thumbnailUrl\":\"https:\/\/d2p6e6u75xmxt8.cloudfront.net\/9\/2018\/04\/JBA_4074_1-1.jpg\",\"datePublished\":\"2018-05-30T20:07:30+00:00\",\"dateModified\":\"2018-05-30T20:31:12+00:00\",\"breadcrumb\":{\"@id\":\"https:\/\/www.welovecycling.com\/se\/skoda-cycling-team\/teamet-2018\/pelle-nilsson\/#breadcrumb\"},\"inLanguage\":\"sv-SE\",\"potentialAction\":[{\"@type\":\"ReadAction\",\"target\":[\"https:\/\/www.welovecycling.com\/se\/skoda-cycling-team\/teamet-2018\/pelle-nilsson\/\"]}]},{\"@type\":\"ImageObject\",\"inLanguage\":\"sv-SE\",\"@id\":\"https:\/\/www.welovecycling.com\/se\/skoda-cycling-team\/teamet-2018\/pelle-nilsson\/#primaryimage\",\"url\":\"https:\/\/d2p6e6u75xmxt8.cloudfront.net\/9\/2018\/04\/JBA_4074_1-1.jpg\",\"contentUrl\":\"https:\/\/d2p6e6u75xmxt8.cloudfront.net\/9\/2018\/04\/JBA_4074_1-1.jpg\"},{\"@type\":\"BreadcrumbList\",\"@id\":\"https:\/\/www.welovecycling.com\/se\/skoda-cycling-team\/teamet-2018\/pelle-nilsson\/#breadcrumb\",\"itemListElement\":[{\"@type\":\"ListItem\",\"position\":1,\"name\":\"Home\",\"item\":\"https:\/\/www.welovecycling.com\/se\/\"},{\"@type\":\"ListItem\",\"position\":2,\"name\":\"\u0160koda Cycling Team\",\"item\":\"https:\/\/www.welovecycling.com\/se\/skoda-cycling-team\/\"},{\"@type\":\"ListItem\",\"position\":3,\"name\":\"SKODA Cycling Team 2018\",\"item\":\"https:\/\/www.welovecycling.com\/se\/skoda-cycling-team\/teamet-2018\/\"},{\"@type\":\"ListItem\",\"position\":4,\"name\":\"Pelle Nilsson\"}]},{\"@type\":\"WebSite\",\"@id\":\"https:\/\/www.welovecycling.com\/se\/#website\",\"url\":\"https:\/\/www.welovecycling.com\/se\/\",\"name\":\"\u0160koda - We Love Cycling - Sweden\",\"description\":\"\u0160koda We Love Cycling - Sweden\",\"potentialAction\":[{\"@type\":\"SearchAction\",\"target\":{\"@type\":\"EntryPoint\",\"urlTemplate\":\"https:\/\/www.welovecycling.com\/se\/?s={search_term_string}\"},\"query-input\":{\"@type\":\"PropertyValueSpecification\",\"valueRequired\":true,\"valueName\":\"search_term_string\"}}],\"inLanguage\":\"sv-SE\"}]}<\/script>\n<!-- \/ Yoast SEO Premium plugin. -->","yoast_head_json":{"title":"Pelle Nilsson - \u0160koda - We Love Cycling - Sweden","robots":{"index":"index","follow":"follow","max-snippet":"max-snippet:-1","max-image-preview":"max-image-preview:large","max-video-preview":"max-video-preview:-1"},"canonical":"https:\/\/www.welovecycling.com\/se\/skoda-cycling-team\/teamet-2018\/pelle-nilsson\/","og_locale":"sv_SE","og_type":"article","og_title":"Pelle Nilsson","og_description":"Pelle Nilsson Namn: Pelle Nilsson \u00c5lder: 36 Bor: Stockholm Familj: Sambo L\u00e4ngd: 173 N\u00e4r uppt\u00e4ckte du din passion f\u00f6r cykling? [&hellip;]","og_url":"https:\/\/www.welovecycling.com\/se\/skoda-cycling-team\/teamet-2018\/pelle-nilsson\/","og_site_name":"\u0160koda - We Love Cycling - Sweden","article_modified_time":"2018-05-30T20:31:12+00:00","og_image":[{"url":"https:\/\/d2p6e6u75xmxt8.cloudfront.net\/9\/2018\/04\/JBA_4074_1-1.jpg","type":"","width":"","height":""}],"twitter_card":"summary_large_image","twitter_misc":{"Est. reading time":"2 minutes"},"schema":{"@context":"https:\/\/schema.org","@graph":[{"@type":"WebPage","@id":"https:\/\/www.welovecycling.com\/se\/skoda-cycling-team\/teamet-2018\/pelle-nilsson\/","url":"https:\/\/www.welovecycling.com\/se\/skoda-cycling-team\/teamet-2018\/pelle-nilsson\/","name":"Pelle Nilsson - \u0160koda - We Love Cycling - Sweden","isPartOf":{"@id":"https:\/\/www.welovecycling.com\/se\/#website"},"primaryImageOfPage":{"@id":"https:\/\/www.welovecycling.com\/se\/skoda-cycling-team\/teamet-2018\/pelle-nilsson\/#primaryimage"},"image":{"@id":"https:\/\/www.welovecycling.com\/se\/skoda-cycling-team\/teamet-2018\/pelle-nilsson\/#primaryimage"},"thumbnailUrl":"https:\/\/d2p6e6u75xmxt8.cloudfront.net\/9\/2018\/04\/JBA_4074_1-1.jpg","datePublished":"2018-05-30T20:07:30+00:00","dateModified":"2018-05-30T20:31:12+00:00","breadcrumb":{"@id":"https:\/\/www.welovecycling.com\/se\/skoda-cycling-team\/teamet-2018\/pelle-nilsson\/#breadcrumb"},"inLanguage":"sv-SE","potentialAction":[{"@type":"ReadAction","target":["https:\/\/www.welovecycling.com\/se\/skoda-cycling-team\/teamet-2018\/pelle-nilsson\/"]}]},{"@type":"ImageObject","inLanguage":"sv-SE","@id":"https:\/\/www.welovecycling.com\/se\/skoda-cycling-team\/teamet-2018\/pelle-nilsson\/#primaryimage","url":"https:\/\/d2p6e6u75xmxt8.cloudfront.net\/9\/2018\/04\/JBA_4074_1-1.jpg","contentUrl":"https:\/\/d2p6e6u75xmxt8.cloudfront.net\/9\/2018\/04\/JBA_4074_1-1.jpg"},{"@type":"BreadcrumbList","@id":"https:\/\/www.welovecycling.com\/se\/skoda-cycling-team\/teamet-2018\/pelle-nilsson\/#breadcrumb","itemListElement":[{"@type":"ListItem","position":1,"name":"Home","item":"https:\/\/www.welovecycling.com\/se\/"},{"@type":"ListItem","position":2,"name":"\u0160koda Cycling Team","item":"https:\/\/www.welovecycling.com\/se\/skoda-cycling-team\/"},{"@type":"ListItem","position":3,"name":"SKODA Cycling Team 2018","item":"https:\/\/www.welovecycling.com\/se\/skoda-cycling-team\/teamet-2018\/"},{"@type":"ListItem","position":4,"name":"Pelle Nilsson"}]},{"@type":"WebSite","@id":"https:\/\/www.welovecycling.com\/se\/#website","url":"https:\/\/www.welovecycling.com\/se\/","name":"\u0160koda - We Love Cycling - Sweden","description":"\u0160koda We Love Cycling - Sweden","potentialAction":[{"@type":"SearchAction","target":{"@type":"EntryPoint","urlTemplate":"https:\/\/www.welovecycling.com\/se\/?s={search_term_string}"},"query-input":{"@type":"PropertyValueSpecification","valueRequired":true,"valueName":"search_term_string"}}],"inLanguage":"sv-SE"}]}},"_links":{"self":[{"href":"https:\/\/www.welovecycling.com\/se\/wp-json\/wp\/v2\/pages\/1333","targetHints":{"allow":["GET"]}}],"collection":[{"href":"https:\/\/www.welovecycling.com\/se\/wp-json\/wp\/v2\/pages"}],"about":[{"href":"https:\/\/www.welovecycling.com\/se\/wp-json\/wp\/v2\/types\/page"}],"author":[{"embeddable":true,"href":"https:\/\/www.welovecycling.com\/se\/wp-json\/wp\/v2\/users\/52"}],"replies":[{"embeddable":true,"href":"https:\/\/www.welovecycling.com\/se\/wp-json\/wp\/v2\/comments?post=1333"}],"version-history":[{"count":2,"href":"https:\/\/www.welovecycling.com\/se\/wp-json\/wp\/v2\/pages\/1333\/revisions"}],"predecessor-version":[{"id":1348,"href":"https:\/\/www.welovecycling.com\/se\/wp-json\/wp\/v2\/pages\/1333\/revisions\/1348"}],"up":[{"embeddable":true,"href":"https:\/\/www.welovecycling.com\/se\/wp-json\/wp\/v2\/pages\/872"}],"wp:attachment":[{"href":"https:\/\/www.welovecycling.com\/se\/wp-json\/wp\/v2\/media?parent=1333"}],"wp:term":[{"taxonomy":"post_tag","embeddable":true,"href":"https:\/\/www.welovecycling.com\/se\/wp-json\/wp\/v2\/tags?post=1333"}],"curies":[{"name":"wp","href":"https:\/\/api.w.org\/{rel}","templated":true}]}}