{"id":1224,"date":"2018-05-17T10:28:22","date_gmt":"2018-05-17T09:28:22","guid":{"rendered":"https:\/\/www.welovecycling.com\/se\/?page_id=1224"},"modified":"2022-03-24T12:29:02","modified_gmt":"2022-03-24T11:29:02","slug":"felice-andersson","status":"publish","type":"page","link":"https:\/\/www.welovecycling.com\/se\/skoda-cycling-team\/teamet-2018\/felice-andersson\/","title":{"rendered":"Felice Andersson"},"content":{"rendered":"<div id=\"pl-1224\"  class=\"panel-layout\" ><div id=\"pg-1224-0\"  class=\"panel-grid panel-no-style\" ><div id=\"pgc-1224-0-0\"  class=\"panel-grid-cell panel-grid-cell-empty\" ><\/div><\/div><div id=\"pg-1224-1\"  class=\"panel-grid panel-no-style\" ><div id=\"pgc-1224-1-0\"  class=\"panel-grid-cell panel-grid-cell-empty\" ><\/div><div id=\"pgc-1224-1-1\"  class=\"panel-grid-cell\" ><div id=\"panel-1224-1-1-0\" class=\"so-panel widget widget_sow-editor panel-first-child panel-last-child\" data-index=\"0\" ><div\n\t\t\t\n\t\t\tclass=\"so-widget-sow-editor so-widget-sow-editor-base\"\n\t\t\t\n\t\t>\n<div class=\"siteorigin-widget-tinymce textwidget\">\n\t<p><a href=\"https:\/\/d2p6e6u75xmxt8.cloudfront.net\/9\/2022\/03\/220226-SCT_Felice_9347.jpg\"><img loading=\"lazy\" decoding=\"async\" class=\"alignnone wp-image-4270 size-extra-large\" src=\"https:\/\/d2p6e6u75xmxt8.cloudfront.net\/9\/2022\/03\/220226-SCT_Felice_9347-1440x1920.jpg\" alt=\"\" width=\"1440\" height=\"1920\" srcset=\"https:\/\/d2p6e6u75xmxt8.cloudfront.net\/9\/2022\/03\/220226-SCT_Felice_9347-1440x1920.jpg 1440w, https:\/\/d2p6e6u75xmxt8.cloudfront.net\/9\/2022\/03\/220226-SCT_Felice_9347-225x300.jpg 225w, https:\/\/d2p6e6u75xmxt8.cloudfront.net\/9\/2022\/03\/220226-SCT_Felice_9347-768x1024.jpg 768w, https:\/\/d2p6e6u75xmxt8.cloudfront.net\/9\/2022\/03\/220226-SCT_Felice_9347-1152x1536.jpg 1152w, https:\/\/d2p6e6u75xmxt8.cloudfront.net\/9\/2022\/03\/220226-SCT_Felice_9347.jpg 1500w, https:\/\/d2p6e6u75xmxt8.cloudfront.net\/9\/2022\/03\/220226-SCT_Felice_9347-1440x1920.jpg 1440w\" sizes=\"auto, (max-width: 1440px) 100vw, 1440px\" \/><\/a><\/p>\n<\/div>\n<\/div><\/div><\/div><div id=\"pgc-1224-1-2\"  class=\"panel-grid-cell panel-grid-cell-mobile-last\" ><div id=\"panel-1224-1-2-0\" class=\"so-panel widget widget_sow-editor panel-first-child panel-last-child\" data-index=\"1\" ><div\n\t\t\t\n\t\t\tclass=\"so-widget-sow-editor so-widget-sow-editor-base\"\n\t\t\t\n\t\t>\n<div class=\"siteorigin-widget-tinymce textwidget\">\n\t<h1><span style=\"font-weight: 400;\">Felice Andersson<\/span><\/h1>\n<p><b>Namn: <\/b><span style=\"font-weight: 400;\">Felice Andersson<br \/>\n<\/span><b>Instagram:<\/b><span style=\"font-weight: 400;\"><a href=\"https:\/\/www.instagram.com\/feliceandersson\/\"> feliceandersson<\/a><br \/>\n<\/span><b>\u00c5lder:<\/b><span style=\"font-weight: 400;\"> 33<br \/>\n<\/span><b>L\u00e4ngd:<\/b><span style=\"font-weight: 400;\"> 170<br \/>\n<\/span><b>Bor:<\/b><span style=\"font-weight: 400;\"> Bor\u00e5s<br \/>\n<\/span><b>Familj:<\/b><span style=\"font-weight: 400;\"> Pojkv\u00e4n + mamma, pappa, syster och bror<br \/>\n<\/span><b>Yrke:<\/b><span style=\"font-weight: 400;\"> Business Controller p\u00e5 Nelly.com\u00a0<\/span><\/p>\n<p><b>Vilket \u00e4r ditt f\u00f6rsta intryck av din rekryt, Karolina Reinhold? <\/b><span style=\"font-weight: 400;\">Hon imponerar med sin \u00e5kstyrka och m\u00e5lmedvetenhet!\u00a0\u00a0<\/span><\/p>\n<p><b>Vad kommer din rekryt dra nytta av hos dig?<\/b><span style=\"font-weight: 400;\"> Tr\u00e4ningss\u00e4llskap under distansturerna p\u00e5 de hall\u00e4ndska finv\u00e4garna i v\u00e5r. Sen hoppas jag hon kan l\u00e4ra mig om TTT p\u00e5 Zwift\u00a0<\/span><\/p>\n<p><b>Hur k\u00e4nns det med ett helt damlag i \u00e5r? <\/b><span style=\"font-weight: 400;\">Fett! \u00c4ntligen. Min f\u00f6rhoppning \u00e4r att vi lyckas s\u00e4nka ribban f\u00f6r m\u00e5nga tjejer som \u00e4r sugna p\u00e5 cykling. Jag vann mycket sj\u00e4lv p\u00e5 att v\u00e5ga cykla med de som var b\u00e4ttre f\u00f6r att snabbare utvecklas, snarare \u00e4n att bromsas av att man m\u00e5ste ha en viss niv\u00e5 fr\u00e5n start f\u00f6r att platsa i ett sammanhang och d\u00e4rf\u00f6r tr\u00e4na mest ensam. \u00c5rets uppst\u00e4llning \u00e4r ett perfekt exempel p\u00e5 en bred mix av erfarenhetsniv\u00e5er, precis som det brukar vara i Skoda, och det ger s\u00e5na fantastiska f\u00f6ruts\u00e4ttningar! Hoppas det inspirerar andra precis lika mycket som det inspirerar mig\u00a0<\/span><\/p>\n<p><b>Roligaste passen?<\/b> <b>\u00a0<\/b><span style=\"font-weight: 400;\">Uppt\u00e4cksturer med vind i ryggen eller en timmes festliga intervaller\u00a0<\/span><\/p>\n<p><b>V\u00e4rsta passen?<\/b><span style=\"font-weight: 400;\"> L\u00e4ngre tr\u00f6skelintervaller kr\u00e4ver sin mentalitet\u00a0<\/span><\/p>\n<p><b>Styrkor som cyklist?<\/b><span style=\"font-weight: 400;\"> Stabil, j\u00e4mnstark och bra st\u00e4mningsradar\u00a0<\/span><\/p>\n<p><b>Svagheter som cyklist?<\/b><span style=\"font-weight: 400;\"> Oteknisk och bortsk\u00e4md med egen mekaniker\u00a0<\/span><\/p>\n<p><b>Vad kommer du bidra med under s\u00e4songen?<\/b><span style=\"font-weight: 400;\"> Prestigel\u00f6shet och pepp!<\/span> <span style=\"font-weight: 400;\">\u00a0<\/span><\/p>\n<p><b>St\u00f6rsta r\u00e4dslan inf\u00f6r V\u00e4tternrundan?<\/b><span style=\"font-weight: 400;\"> V\u00e4der och vind\u00a0<\/span><\/p>\n<p><b>Bulle eller wienerbr\u00f6d?<\/b><span style=\"font-weight: 400;\"> Kardemummabulle<br \/>\n<\/span><b>Touren eller Vueltan? <\/b><span style=\"font-weight: 400;\">Touren<br \/>\n<\/span><b>Morgon eller kv\u00e4llspass?<\/b><span style=\"font-weight: 400;\"> Kv\u00e4llspass p\u00e5 vardagar och morgonpass p\u00e5 helger<br \/>\n<\/span><b>Uppf\u00f6r eller nedf\u00f6r?<\/b><span style=\"font-weight: 400;\"> Fifty\/fifty<br \/>\n<\/span><b>K\u00e4nsla eller data? <\/b><span style=\"font-weight: 400;\">Kombinationen \u00e4r b\u00e4st!<br \/>\n<\/span><b>Kort och h\u00e5rt eller l\u00e5ngt och lagom?<\/b><span style=\"font-weight: 400;\"> L\u00e5ngt \u00e4r mysigt\u00a0<\/span><\/p>\n<\/div>\n<\/div><\/div><\/div><div id=\"pgc-1224-1-3\"  class=\"panel-grid-cell panel-grid-cell-empty\" ><\/div><\/div><div id=\"pg-1224-2\"  class=\"panel-grid panel-no-style\" ><div id=\"pgc-1224-2-0\"  class=\"panel-grid-cell panel-grid-cell-empty\" ><\/div><\/div><\/div>","protected":false},"excerpt":{"rendered":"<p>Felice Andersson Namn: Felice Andersson Instagram: feliceandersson \u00c5lder: 33 L\u00e4ngd: 170 Bor: Bor\u00e5s Familj: Pojkv\u00e4n + mamma, pappa, syster och [&hellip;]<\/p>\n","protected":false},"author":52,"featured_media":0,"parent":872,"menu_order":0,"comment_status":"closed","ping_status":"closed","template":"templates\/template-full-width.php","meta":{"footnotes":""},"tags":[],"class_list":["post-1224","page","type-page","status-publish","hentry"],"yoast_head":"<!-- This site is optimized with the Yoast SEO Premium plugin v25.3 (Yoast SEO v25.9) - https:\/\/yoast.com\/wordpress\/plugins\/seo\/ -->\n<title>Felice Andersson - \u0160koda - We Love Cycling - Sweden<\/title>\n<meta name=\"robots\" content=\"index, follow, max-snippet:-1, max-image-preview:large, max-video-preview:-1\" \/>\n<link rel=\"canonical\" href=\"https:\/\/www.welovecycling.com\/se\/skoda-cycling-team\/teamet-2018\/felice-andersson\/\" \/>\n<meta property=\"og:locale\" content=\"sv_SE\" \/>\n<meta property=\"og:type\" content=\"article\" \/>\n<meta property=\"og:title\" content=\"Felice Andersson\" \/>\n<meta property=\"og:description\" content=\"Felice Andersson Namn: Felice Andersson Instagram: feliceandersson \u00c5lder: 33 L\u00e4ngd: 170 Bor: Bor\u00e5s Familj: Pojkv\u00e4n + mamma, pappa, syster och [&hellip;]\" \/>\n<meta property=\"og:url\" content=\"https:\/\/www.welovecycling.com\/se\/skoda-cycling-team\/teamet-2018\/felice-andersson\/\" \/>\n<meta property=\"og:site_name\" content=\"\u0160koda - We Love Cycling - Sweden\" \/>\n<meta property=\"article:modified_time\" content=\"2022-03-24T11:29:02+00:00\" \/>\n<meta property=\"og:image\" content=\"https:\/\/d2p6e6u75xmxt8.cloudfront.net\/9\/2022\/03\/220226-SCT_Felice_9347-1440x1920.jpg\" \/>\n<meta name=\"twitter:card\" content=\"summary_large_image\" \/>\n<meta name=\"twitter:label1\" content=\"Est. reading time\" \/>\n\t<meta name=\"twitter:data1\" content=\"2 minutes\" \/>\n<script type=\"application\/ld+json\" class=\"yoast-schema-graph\">{\"@context\":\"https:\/\/schema.org\",\"@graph\":[{\"@type\":\"WebPage\",\"@id\":\"https:\/\/www.welovecycling.com\/se\/skoda-cycling-team\/teamet-2018\/felice-andersson\/\",\"url\":\"https:\/\/www.welovecycling.com\/se\/skoda-cycling-team\/teamet-2018\/felice-andersson\/\",\"name\":\"Felice Andersson - \u0160koda - We Love Cycling - Sweden\",\"isPartOf\":{\"@id\":\"https:\/\/www.welovecycling.com\/se\/#website\"},\"primaryImageOfPage\":{\"@id\":\"https:\/\/www.welovecycling.com\/se\/skoda-cycling-team\/teamet-2018\/felice-andersson\/#primaryimage\"},\"image\":{\"@id\":\"https:\/\/www.welovecycling.com\/se\/skoda-cycling-team\/teamet-2018\/felice-andersson\/#primaryimage\"},\"thumbnailUrl\":\"https:\/\/d2p6e6u75xmxt8.cloudfront.net\/9\/2022\/03\/220226-SCT_Felice_9347-1440x1920.jpg\",\"datePublished\":\"2018-05-17T09:28:22+00:00\",\"dateModified\":\"2022-03-24T11:29:02+00:00\",\"breadcrumb\":{\"@id\":\"https:\/\/www.welovecycling.com\/se\/skoda-cycling-team\/teamet-2018\/felice-andersson\/#breadcrumb\"},\"inLanguage\":\"sv-SE\",\"potentialAction\":[{\"@type\":\"ReadAction\",\"target\":[\"https:\/\/www.welovecycling.com\/se\/skoda-cycling-team\/teamet-2018\/felice-andersson\/\"]}]},{\"@type\":\"ImageObject\",\"inLanguage\":\"sv-SE\",\"@id\":\"https:\/\/www.welovecycling.com\/se\/skoda-cycling-team\/teamet-2018\/felice-andersson\/#primaryimage\",\"url\":\"https:\/\/d2p6e6u75xmxt8.cloudfront.net\/9\/2022\/03\/220226-SCT_Felice_9347-1440x1920.jpg\",\"contentUrl\":\"https:\/\/d2p6e6u75xmxt8.cloudfront.net\/9\/2022\/03\/220226-SCT_Felice_9347-1440x1920.jpg\"},{\"@type\":\"BreadcrumbList\",\"@id\":\"https:\/\/www.welovecycling.com\/se\/skoda-cycling-team\/teamet-2018\/felice-andersson\/#breadcrumb\",\"itemListElement\":[{\"@type\":\"ListItem\",\"position\":1,\"name\":\"Home\",\"item\":\"https:\/\/www.welovecycling.com\/se\/\"},{\"@type\":\"ListItem\",\"position\":2,\"name\":\"\u0160koda Cycling Team\",\"item\":\"https:\/\/www.welovecycling.com\/se\/skoda-cycling-team\/\"},{\"@type\":\"ListItem\",\"position\":3,\"name\":\"SKODA Cycling Team 2018\",\"item\":\"https:\/\/www.welovecycling.com\/se\/skoda-cycling-team\/teamet-2018\/\"},{\"@type\":\"ListItem\",\"position\":4,\"name\":\"Felice Andersson\"}]},{\"@type\":\"WebSite\",\"@id\":\"https:\/\/www.welovecycling.com\/se\/#website\",\"url\":\"https:\/\/www.welovecycling.com\/se\/\",\"name\":\"\u0160koda - We Love Cycling - Sweden\",\"description\":\"\u0160koda We Love Cycling - Sweden\",\"potentialAction\":[{\"@type\":\"SearchAction\",\"target\":{\"@type\":\"EntryPoint\",\"urlTemplate\":\"https:\/\/www.welovecycling.com\/se\/?s={search_term_string}\"},\"query-input\":{\"@type\":\"PropertyValueSpecification\",\"valueRequired\":true,\"valueName\":\"search_term_string\"}}],\"inLanguage\":\"sv-SE\"}]}<\/script>\n<!-- \/ Yoast SEO Premium plugin. -->","yoast_head_json":{"title":"Felice Andersson - \u0160koda - We Love Cycling - Sweden","robots":{"index":"index","follow":"follow","max-snippet":"max-snippet:-1","max-image-preview":"max-image-preview:large","max-video-preview":"max-video-preview:-1"},"canonical":"https:\/\/www.welovecycling.com\/se\/skoda-cycling-team\/teamet-2018\/felice-andersson\/","og_locale":"sv_SE","og_type":"article","og_title":"Felice Andersson","og_description":"Felice Andersson Namn: Felice Andersson Instagram: feliceandersson \u00c5lder: 33 L\u00e4ngd: 170 Bor: Bor\u00e5s Familj: Pojkv\u00e4n + mamma, pappa, syster och [&hellip;]","og_url":"https:\/\/www.welovecycling.com\/se\/skoda-cycling-team\/teamet-2018\/felice-andersson\/","og_site_name":"\u0160koda - We Love Cycling - Sweden","article_modified_time":"2022-03-24T11:29:02+00:00","og_image":[{"url":"https:\/\/d2p6e6u75xmxt8.cloudfront.net\/9\/2022\/03\/220226-SCT_Felice_9347-1440x1920.jpg","type":"","width":"","height":""}],"twitter_card":"summary_large_image","twitter_misc":{"Est. reading time":"2 minutes"},"schema":{"@context":"https:\/\/schema.org","@graph":[{"@type":"WebPage","@id":"https:\/\/www.welovecycling.com\/se\/skoda-cycling-team\/teamet-2018\/felice-andersson\/","url":"https:\/\/www.welovecycling.com\/se\/skoda-cycling-team\/teamet-2018\/felice-andersson\/","name":"Felice Andersson - \u0160koda - We Love Cycling - Sweden","isPartOf":{"@id":"https:\/\/www.welovecycling.com\/se\/#website"},"primaryImageOfPage":{"@id":"https:\/\/www.welovecycling.com\/se\/skoda-cycling-team\/teamet-2018\/felice-andersson\/#primaryimage"},"image":{"@id":"https:\/\/www.welovecycling.com\/se\/skoda-cycling-team\/teamet-2018\/felice-andersson\/#primaryimage"},"thumbnailUrl":"https:\/\/d2p6e6u75xmxt8.cloudfront.net\/9\/2022\/03\/220226-SCT_Felice_9347-1440x1920.jpg","datePublished":"2018-05-17T09:28:22+00:00","dateModified":"2022-03-24T11:29:02+00:00","breadcrumb":{"@id":"https:\/\/www.welovecycling.com\/se\/skoda-cycling-team\/teamet-2018\/felice-andersson\/#breadcrumb"},"inLanguage":"sv-SE","potentialAction":[{"@type":"ReadAction","target":["https:\/\/www.welovecycling.com\/se\/skoda-cycling-team\/teamet-2018\/felice-andersson\/"]}]},{"@type":"ImageObject","inLanguage":"sv-SE","@id":"https:\/\/www.welovecycling.com\/se\/skoda-cycling-team\/teamet-2018\/felice-andersson\/#primaryimage","url":"https:\/\/d2p6e6u75xmxt8.cloudfront.net\/9\/2022\/03\/220226-SCT_Felice_9347-1440x1920.jpg","contentUrl":"https:\/\/d2p6e6u75xmxt8.cloudfront.net\/9\/2022\/03\/220226-SCT_Felice_9347-1440x1920.jpg"},{"@type":"BreadcrumbList","@id":"https:\/\/www.welovecycling.com\/se\/skoda-cycling-team\/teamet-2018\/felice-andersson\/#breadcrumb","itemListElement":[{"@type":"ListItem","position":1,"name":"Home","item":"https:\/\/www.welovecycling.com\/se\/"},{"@type":"ListItem","position":2,"name":"\u0160koda Cycling Team","item":"https:\/\/www.welovecycling.com\/se\/skoda-cycling-team\/"},{"@type":"ListItem","position":3,"name":"SKODA Cycling Team 2018","item":"https:\/\/www.welovecycling.com\/se\/skoda-cycling-team\/teamet-2018\/"},{"@type":"ListItem","position":4,"name":"Felice Andersson"}]},{"@type":"WebSite","@id":"https:\/\/www.welovecycling.com\/se\/#website","url":"https:\/\/www.welovecycling.com\/se\/","name":"\u0160koda - We Love Cycling - Sweden","description":"\u0160koda We Love Cycling - Sweden","potentialAction":[{"@type":"SearchAction","target":{"@type":"EntryPoint","urlTemplate":"https:\/\/www.welovecycling.com\/se\/?s={search_term_string}"},"query-input":{"@type":"PropertyValueSpecification","valueRequired":true,"valueName":"search_term_string"}}],"inLanguage":"sv-SE"}]}},"_links":{"self":[{"href":"https:\/\/www.welovecycling.com\/se\/wp-json\/wp\/v2\/pages\/1224","targetHints":{"allow":["GET"]}}],"collection":[{"href":"https:\/\/www.welovecycling.com\/se\/wp-json\/wp\/v2\/pages"}],"about":[{"href":"https:\/\/www.welovecycling.com\/se\/wp-json\/wp\/v2\/types\/page"}],"author":[{"embeddable":true,"href":"https:\/\/www.welovecycling.com\/se\/wp-json\/wp\/v2\/users\/52"}],"replies":[{"embeddable":true,"href":"https:\/\/www.welovecycling.com\/se\/wp-json\/wp\/v2\/comments?post=1224"}],"version-history":[{"count":2,"href":"https:\/\/www.welovecycling.com\/se\/wp-json\/wp\/v2\/pages\/1224\/revisions"}],"predecessor-version":[{"id":4274,"href":"https:\/\/www.welovecycling.com\/se\/wp-json\/wp\/v2\/pages\/1224\/revisions\/4274"}],"up":[{"embeddable":true,"href":"https:\/\/www.welovecycling.com\/se\/wp-json\/wp\/v2\/pages\/872"}],"wp:attachment":[{"href":"https:\/\/www.welovecycling.com\/se\/wp-json\/wp\/v2\/media?parent=1224"}],"wp:term":[{"taxonomy":"post_tag","embeddable":true,"href":"https:\/\/www.welovecycling.com\/se\/wp-json\/wp\/v2\/tags?post=1224"}],"curies":[{"name":"wp","href":"https:\/\/api.w.org\/{rel}","templated":true}]}}