{"id":1161,"date":"2018-05-05T13:16:12","date_gmt":"2018-05-05T12:16:12","guid":{"rendered":"https:\/\/www.welovecycling.com\/se\/?page_id=1161"},"modified":"2018-05-05T13:16:12","modified_gmt":"2018-05-05T12:16:12","slug":"linda-tufvesson-2","status":"publish","type":"page","link":"https:\/\/www.welovecycling.com\/se\/skoda-cycling-team\/teamet-2018\/linda-tufvesson-2\/","title":{"rendered":"Linda Tufvesson"},"content":{"rendered":"<div id=\"pl-1161\"  class=\"panel-layout\" ><div id=\"pg-1161-0\"  class=\"panel-grid panel-no-style\" ><div id=\"pgc-1161-0-0\"  class=\"panel-grid-cell panel-grid-cell-empty\" ><\/div><\/div><div id=\"pg-1161-1\"  class=\"panel-grid panel-no-style\" ><div id=\"pgc-1161-1-0\"  class=\"panel-grid-cell panel-grid-cell-empty\" ><\/div><div id=\"pgc-1161-1-1\"  class=\"panel-grid-cell\" ><div id=\"panel-1161-1-1-0\" class=\"so-panel widget widget_sow-editor panel-first-child panel-last-child\" data-index=\"0\" ><div\n\t\t\t\n\t\t\tclass=\"so-widget-sow-editor so-widget-sow-editor-base\"\n\t\t\t\n\t\t>\n<div class=\"siteorigin-widget-tinymce textwidget\">\n\t<p><a href=\"https:\/\/d2p6e6u75xmxt8.cloudfront.net\/9\/2018\/04\/JBA_3818_1-2.jpg\"><img loading=\"lazy\" decoding=\"async\" class=\"alignnone size-full wp-image-1091\" src=\"https:\/\/d2p6e6u75xmxt8.cloudfront.net\/9\/2018\/04\/JBA_3818_1-2.jpg\" alt=\"\" width=\"530\" height=\"800\" srcset=\"https:\/\/d2p6e6u75xmxt8.cloudfront.net\/9\/2018\/04\/JBA_3818_1-2.jpg 530w, https:\/\/d2p6e6u75xmxt8.cloudfront.net\/9\/2018\/04\/JBA_3818_1-2-199x300.jpg 199w\" sizes=\"auto, (max-width: 530px) 100vw, 530px\" \/><\/a><\/p>\n<\/div>\n<\/div><\/div><\/div><div id=\"pgc-1161-1-2\"  class=\"panel-grid-cell panel-grid-cell-mobile-last\" ><div id=\"panel-1161-1-2-0\" class=\"so-panel widget widget_sow-editor panel-first-child panel-last-child\" data-index=\"1\" ><div\n\t\t\t\n\t\t\tclass=\"so-widget-sow-editor so-widget-sow-editor-base\"\n\t\t\t\n\t\t>\n<div class=\"siteorigin-widget-tinymce textwidget\">\n\t<h1>Linda Tufvesson<\/h1>\n<p><b>Namn:<\/b><span style=\"font-weight: 400;\"> Linda Tufvesson<\/span><\/p>\n<p><b>\u00c5lder:<\/b><span style=\"font-weight: 400;\"> 38<\/span><\/p>\n<p><b>Bor:<\/b><span style=\"font-weight: 400;\"> Bj\u00e4rred\/Falun<\/span><\/p>\n<p><b>Familj:<\/b><span style=\"font-weight: 400;\"> 2 barn och en s\u00e4rbo med 3 barn<\/span><\/p>\n<p><b>L\u00e4ngd:<\/b><span style=\"font-weight: 400;\"> 163<\/span><\/p>\n<p><b>Yrke:<\/b><span style=\"font-weight: 400;\"> Prefekt p\u00e5 Sveriges Lantbruksuniversitet<\/span><\/p>\n<p><b>N\u00e4r uppt\u00e4ckte du din passion f\u00f6r cykling? <\/b><span style=\"font-weight: 400;\">Sommaren 2015 n\u00e4r jag spontank\u00f6pte en MTB.<\/span><\/p>\n<p><b>Om man ska \u00e5ka iv\u00e4g en vecka utomlands f\u00f6r att cykla. Var ska man bege sig d\u00e5? <\/b><span style=\"font-weight: 400;\">Dolomiterna i Italien.<\/span><\/p>\n<p><b>Roligaste passen? <\/b><span style=\"font-weight: 400;\">Jag \u00e4lskar 40\/20.<\/span><\/p>\n<p><b>V\u00e4rsta passen? <\/b><span style=\"font-weight: 400;\">20:or och l\u00e5nga intervaller. <\/span><\/p>\n<p><b>Styrkor som cyklist?<\/b><span style=\"font-weight: 400;\"> Tjockt pannben.<\/span><\/p>\n<p><b>Svagheter som cyklist? <\/b><span style=\"font-weight: 400;\">\u00c4r v\u00e4l ingen spurtare direkt. Snarare seg och uth\u00e5llig.<\/span><\/p>\n<p><b>Intressen ut\u00f6ver cyklingen? <\/b><span style=\"font-weight: 400;\">Friluftsliv i alla de former.<\/span><\/p>\n<p><b>St\u00f6rsta bedrift p\u00e5 cykeln? <\/b><span style=\"font-weight: 400;\">Min st\u00f6rsta bedrift hittills var n\u00e4r jag cyklade fr\u00e5n Sk\u00e5ne till Falun p\u00e5 juldagen 2016. K\u00f6rde 65 mil p\u00e5 MTB p\u00e5 33h och 29h i rulltid. Det jobbiga var egentligen inte cyklingen utan m\u00f6rkret.<\/span><\/p>\n<p><b>St\u00f6rsta r\u00e4dsla inf\u00f6r V\u00e4tternrundan? <\/b><span style=\"font-weight: 400;\">Jag vet att det kommer g\u00f6ra ont och vara jobbigt. Det \u00e4r nog naturligt att vara r\u00e4dd och nerv\u00f6s inf\u00f6r hur man kommer tackla den k\u00e4nslan. Sen \u00e4r jag lite r\u00e4dd f\u00f6r att f\u00e5 punktering. Jag har en heml\u00e4xa att g\u00f6ra h\u00e4r. Har aldrig fixat en punktering p\u00e5 en LVG-cykel.<\/span><\/p>\n<p><b>Vem \u00e4r din favorit i teamet och varf\u00f6r? <\/b><span style=\"font-weight: 400;\">Tomas Gustafson. En otroligt \u00f6dmjuk person med mycket erfarenhet.<\/span><\/p>\n<p><b>Vad tror du att du kommer bidra med till teamet under s\u00e4songen? <\/b><span style=\"font-weight: 400;\">Jag hoppas att jag kan peppa och st\u00f6tta n\u00e4r det beh\u00f6vs. Kanske kan jag ocks\u00e5 utlova en kurs i sk\u00e5nska ord som \u00e4r viktiga i cykelsammanhang.<\/span><\/p>\n<p><b>Vad kommer du dra nytta av hos din fadder? <\/b><span style=\"font-weight: 400;\">Lisa \u00e4r en v\u00e4ldigt erfaren idrottare. Jag kommer suga i mig av alla hennes r\u00e5d och tips. Sen har hon ju ett bra hjul att ligga bakom ocks\u00e5.<\/span><\/p>\n<p><b>Vad fikar du helst p\u00e5 en tr\u00e4ningsrunda? <\/b><span style=\"font-weight: 400;\">Kaffe!!! Kan skita i allt det andra.<\/span><\/p>\n<p><b>Vad lyssnar du p\u00e5 under dina intervallpass?<\/b><span style=\"font-weight: 400;\">\u201dBack in the mud\u201d med Bubba Sparxxx. K\u00f6r den p\u00e5 repeat p\u00e5 vartenda pass. <\/span><\/p>\n<p><b>Vad g\u00f6r du helst en fredagkv\u00e4ll? <\/b><span style=\"font-weight: 400;\">Fredagsfys f\u00f6re fredagsmys med barnen.<\/span><\/p>\n<p><b>N\u00e4mn tre saker p\u00e5 din att-g\u00f6ra-lista: <\/b><\/p>\n<ul>\n<li>Cykla V\u00e4ttern under 8h<\/li>\n<li>Cape Epic, n\u00e5n g\u00e5ng i framtiden<\/li>\n<li>Har v\u00e4l lovat att cykla Falun-Sk\u00e5ne p\u00e5 LVG en g\u00e5ng<\/li>\n<\/ul>\n<p><b>Linda f\u00f6redrar: <\/b><\/p>\n<ul>\n<li>Brygg framf\u00f6r espresso<\/li>\n<li>Berg framf\u00f6r platt<\/li>\n<li>Mekaniskt framf\u00f6r el<\/li>\n<li>Motvind framf\u00f6r kantvind<\/li>\n<li>Skivor framf\u00f6r f\u00e4lgbroms<\/li>\n<li>Touren framf\u00f6r Girot<\/li>\n<\/ul>\n<\/div>\n<\/div><\/div><\/div><div id=\"pgc-1161-1-3\"  class=\"panel-grid-cell panel-grid-cell-empty\" ><\/div><\/div><div id=\"pg-1161-2\"  class=\"panel-grid panel-no-style\" ><div id=\"pgc-1161-2-0\"  class=\"panel-grid-cell panel-grid-cell-empty\" ><\/div><\/div><\/div>","protected":false},"excerpt":{"rendered":"<p>Linda Tufvesson Namn: Linda Tufvesson \u00c5lder: 38 Bor: Bj\u00e4rred\/Falun Familj: 2 barn och en s\u00e4rbo med 3 barn L\u00e4ngd: 163 [&hellip;]<\/p>\n","protected":false},"author":52,"featured_media":0,"parent":872,"menu_order":0,"comment_status":"closed","ping_status":"closed","template":"templates\/template-full-width.php","meta":{"footnotes":""},"tags":[],"class_list":["post-1161","page","type-page","status-publish","hentry"],"yoast_head":"<!-- This site is optimized with the Yoast SEO Premium plugin v25.3 (Yoast SEO v25.9) - https:\/\/yoast.com\/wordpress\/plugins\/seo\/ -->\n<title>Linda Tufvesson - \u0160koda - We Love Cycling - Sweden<\/title>\n<meta name=\"robots\" content=\"index, follow, max-snippet:-1, max-image-preview:large, max-video-preview:-1\" \/>\n<link rel=\"canonical\" href=\"https:\/\/www.welovecycling.com\/se\/skoda-cycling-team\/teamet-2018\/linda-tufvesson-2\/\" \/>\n<meta property=\"og:locale\" content=\"sv_SE\" \/>\n<meta property=\"og:type\" content=\"article\" \/>\n<meta property=\"og:title\" content=\"Linda Tufvesson\" \/>\n<meta property=\"og:description\" content=\"Linda Tufvesson Namn: Linda Tufvesson \u00c5lder: 38 Bor: Bj\u00e4rred\/Falun Familj: 2 barn och en s\u00e4rbo med 3 barn L\u00e4ngd: 163 [&hellip;]\" \/>\n<meta property=\"og:url\" content=\"https:\/\/www.welovecycling.com\/se\/skoda-cycling-team\/teamet-2018\/linda-tufvesson-2\/\" \/>\n<meta property=\"og:site_name\" content=\"\u0160koda - We Love Cycling - Sweden\" \/>\n<meta property=\"og:image\" content=\"https:\/\/d2p6e6u75xmxt8.cloudfront.net\/9\/2018\/04\/JBA_3818_1-2.jpg\" \/>\n<meta name=\"twitter:card\" content=\"summary_large_image\" \/>\n<meta name=\"twitter:label1\" content=\"Est. reading time\" \/>\n\t<meta name=\"twitter:data1\" content=\"2 minutes\" \/>\n<script type=\"application\/ld+json\" class=\"yoast-schema-graph\">{\"@context\":\"https:\/\/schema.org\",\"@graph\":[{\"@type\":\"WebPage\",\"@id\":\"https:\/\/www.welovecycling.com\/se\/skoda-cycling-team\/teamet-2018\/linda-tufvesson-2\/\",\"url\":\"https:\/\/www.welovecycling.com\/se\/skoda-cycling-team\/teamet-2018\/linda-tufvesson-2\/\",\"name\":\"Linda Tufvesson - \u0160koda - We Love Cycling - Sweden\",\"isPartOf\":{\"@id\":\"https:\/\/www.welovecycling.com\/se\/#website\"},\"primaryImageOfPage\":{\"@id\":\"https:\/\/www.welovecycling.com\/se\/skoda-cycling-team\/teamet-2018\/linda-tufvesson-2\/#primaryimage\"},\"image\":{\"@id\":\"https:\/\/www.welovecycling.com\/se\/skoda-cycling-team\/teamet-2018\/linda-tufvesson-2\/#primaryimage\"},\"thumbnailUrl\":\"https:\/\/d2p6e6u75xmxt8.cloudfront.net\/9\/2018\/04\/JBA_3818_1-2.jpg\",\"datePublished\":\"2018-05-05T12:16:12+00:00\",\"breadcrumb\":{\"@id\":\"https:\/\/www.welovecycling.com\/se\/skoda-cycling-team\/teamet-2018\/linda-tufvesson-2\/#breadcrumb\"},\"inLanguage\":\"sv-SE\",\"potentialAction\":[{\"@type\":\"ReadAction\",\"target\":[\"https:\/\/www.welovecycling.com\/se\/skoda-cycling-team\/teamet-2018\/linda-tufvesson-2\/\"]}]},{\"@type\":\"ImageObject\",\"inLanguage\":\"sv-SE\",\"@id\":\"https:\/\/www.welovecycling.com\/se\/skoda-cycling-team\/teamet-2018\/linda-tufvesson-2\/#primaryimage\",\"url\":\"https:\/\/d2p6e6u75xmxt8.cloudfront.net\/9\/2018\/04\/JBA_3818_1-2.jpg\",\"contentUrl\":\"https:\/\/d2p6e6u75xmxt8.cloudfront.net\/9\/2018\/04\/JBA_3818_1-2.jpg\"},{\"@type\":\"BreadcrumbList\",\"@id\":\"https:\/\/www.welovecycling.com\/se\/skoda-cycling-team\/teamet-2018\/linda-tufvesson-2\/#breadcrumb\",\"itemListElement\":[{\"@type\":\"ListItem\",\"position\":1,\"name\":\"Home\",\"item\":\"https:\/\/www.welovecycling.com\/se\/\"},{\"@type\":\"ListItem\",\"position\":2,\"name\":\"\u0160koda Cycling Team\",\"item\":\"https:\/\/www.welovecycling.com\/se\/skoda-cycling-team\/\"},{\"@type\":\"ListItem\",\"position\":3,\"name\":\"SKODA Cycling Team 2018\",\"item\":\"https:\/\/www.welovecycling.com\/se\/skoda-cycling-team\/teamet-2018\/\"},{\"@type\":\"ListItem\",\"position\":4,\"name\":\"Linda Tufvesson\"}]},{\"@type\":\"WebSite\",\"@id\":\"https:\/\/www.welovecycling.com\/se\/#website\",\"url\":\"https:\/\/www.welovecycling.com\/se\/\",\"name\":\"\u0160koda - We Love Cycling - Sweden\",\"description\":\"\u0160koda We Love Cycling - Sweden\",\"potentialAction\":[{\"@type\":\"SearchAction\",\"target\":{\"@type\":\"EntryPoint\",\"urlTemplate\":\"https:\/\/www.welovecycling.com\/se\/?s={search_term_string}\"},\"query-input\":{\"@type\":\"PropertyValueSpecification\",\"valueRequired\":true,\"valueName\":\"search_term_string\"}}],\"inLanguage\":\"sv-SE\"}]}<\/script>\n<!-- \/ Yoast SEO Premium plugin. -->","yoast_head_json":{"title":"Linda Tufvesson - \u0160koda - We Love Cycling - Sweden","robots":{"index":"index","follow":"follow","max-snippet":"max-snippet:-1","max-image-preview":"max-image-preview:large","max-video-preview":"max-video-preview:-1"},"canonical":"https:\/\/www.welovecycling.com\/se\/skoda-cycling-team\/teamet-2018\/linda-tufvesson-2\/","og_locale":"sv_SE","og_type":"article","og_title":"Linda Tufvesson","og_description":"Linda Tufvesson Namn: Linda Tufvesson \u00c5lder: 38 Bor: Bj\u00e4rred\/Falun Familj: 2 barn och en s\u00e4rbo med 3 barn L\u00e4ngd: 163 [&hellip;]","og_url":"https:\/\/www.welovecycling.com\/se\/skoda-cycling-team\/teamet-2018\/linda-tufvesson-2\/","og_site_name":"\u0160koda - We Love Cycling - Sweden","og_image":[{"url":"https:\/\/d2p6e6u75xmxt8.cloudfront.net\/9\/2018\/04\/JBA_3818_1-2.jpg","type":"","width":"","height":""}],"twitter_card":"summary_large_image","twitter_misc":{"Est. reading time":"2 minutes"},"schema":{"@context":"https:\/\/schema.org","@graph":[{"@type":"WebPage","@id":"https:\/\/www.welovecycling.com\/se\/skoda-cycling-team\/teamet-2018\/linda-tufvesson-2\/","url":"https:\/\/www.welovecycling.com\/se\/skoda-cycling-team\/teamet-2018\/linda-tufvesson-2\/","name":"Linda Tufvesson - \u0160koda - We Love Cycling - Sweden","isPartOf":{"@id":"https:\/\/www.welovecycling.com\/se\/#website"},"primaryImageOfPage":{"@id":"https:\/\/www.welovecycling.com\/se\/skoda-cycling-team\/teamet-2018\/linda-tufvesson-2\/#primaryimage"},"image":{"@id":"https:\/\/www.welovecycling.com\/se\/skoda-cycling-team\/teamet-2018\/linda-tufvesson-2\/#primaryimage"},"thumbnailUrl":"https:\/\/d2p6e6u75xmxt8.cloudfront.net\/9\/2018\/04\/JBA_3818_1-2.jpg","datePublished":"2018-05-05T12:16:12+00:00","breadcrumb":{"@id":"https:\/\/www.welovecycling.com\/se\/skoda-cycling-team\/teamet-2018\/linda-tufvesson-2\/#breadcrumb"},"inLanguage":"sv-SE","potentialAction":[{"@type":"ReadAction","target":["https:\/\/www.welovecycling.com\/se\/skoda-cycling-team\/teamet-2018\/linda-tufvesson-2\/"]}]},{"@type":"ImageObject","inLanguage":"sv-SE","@id":"https:\/\/www.welovecycling.com\/se\/skoda-cycling-team\/teamet-2018\/linda-tufvesson-2\/#primaryimage","url":"https:\/\/d2p6e6u75xmxt8.cloudfront.net\/9\/2018\/04\/JBA_3818_1-2.jpg","contentUrl":"https:\/\/d2p6e6u75xmxt8.cloudfront.net\/9\/2018\/04\/JBA_3818_1-2.jpg"},{"@type":"BreadcrumbList","@id":"https:\/\/www.welovecycling.com\/se\/skoda-cycling-team\/teamet-2018\/linda-tufvesson-2\/#breadcrumb","itemListElement":[{"@type":"ListItem","position":1,"name":"Home","item":"https:\/\/www.welovecycling.com\/se\/"},{"@type":"ListItem","position":2,"name":"\u0160koda Cycling Team","item":"https:\/\/www.welovecycling.com\/se\/skoda-cycling-team\/"},{"@type":"ListItem","position":3,"name":"SKODA Cycling Team 2018","item":"https:\/\/www.welovecycling.com\/se\/skoda-cycling-team\/teamet-2018\/"},{"@type":"ListItem","position":4,"name":"Linda Tufvesson"}]},{"@type":"WebSite","@id":"https:\/\/www.welovecycling.com\/se\/#website","url":"https:\/\/www.welovecycling.com\/se\/","name":"\u0160koda - We Love Cycling - Sweden","description":"\u0160koda We Love Cycling - Sweden","potentialAction":[{"@type":"SearchAction","target":{"@type":"EntryPoint","urlTemplate":"https:\/\/www.welovecycling.com\/se\/?s={search_term_string}"},"query-input":{"@type":"PropertyValueSpecification","valueRequired":true,"valueName":"search_term_string"}}],"inLanguage":"sv-SE"}]}},"_links":{"self":[{"href":"https:\/\/www.welovecycling.com\/se\/wp-json\/wp\/v2\/pages\/1161","targetHints":{"allow":["GET"]}}],"collection":[{"href":"https:\/\/www.welovecycling.com\/se\/wp-json\/wp\/v2\/pages"}],"about":[{"href":"https:\/\/www.welovecycling.com\/se\/wp-json\/wp\/v2\/types\/page"}],"author":[{"embeddable":true,"href":"https:\/\/www.welovecycling.com\/se\/wp-json\/wp\/v2\/users\/52"}],"replies":[{"embeddable":true,"href":"https:\/\/www.welovecycling.com\/se\/wp-json\/wp\/v2\/comments?post=1161"}],"version-history":[{"count":2,"href":"https:\/\/www.welovecycling.com\/se\/wp-json\/wp\/v2\/pages\/1161\/revisions"}],"predecessor-version":[{"id":1165,"href":"https:\/\/www.welovecycling.com\/se\/wp-json\/wp\/v2\/pages\/1161\/revisions\/1165"}],"up":[{"embeddable":true,"href":"https:\/\/www.welovecycling.com\/se\/wp-json\/wp\/v2\/pages\/872"}],"wp:attachment":[{"href":"https:\/\/www.welovecycling.com\/se\/wp-json\/wp\/v2\/media?parent=1161"}],"wp:term":[{"taxonomy":"post_tag","embeddable":true,"href":"https:\/\/www.welovecycling.com\/se\/wp-json\/wp\/v2\/tags?post=1161"}],"curies":[{"name":"wp","href":"https:\/\/api.w.org\/{rel}","templated":true}]}}