{"id":1143,"date":"2018-05-05T06:51:32","date_gmt":"2018-05-05T05:51:32","guid":{"rendered":"https:\/\/www.welovecycling.com\/se\/?page_id=1143"},"modified":"2018-05-05T06:51:50","modified_gmt":"2018-05-05T05:51:50","slug":"bjorn-becksmo","status":"publish","type":"page","link":"https:\/\/www.welovecycling.com\/se\/skoda-cycling-team\/teamet-2018\/bjorn-becksmo\/","title":{"rendered":"Bj\u00f6rn Becksmo"},"content":{"rendered":"<div id=\"pl-1143\"  class=\"panel-layout\" ><div id=\"pg-1143-0\"  class=\"panel-grid panel-no-style\" ><div id=\"pgc-1143-0-0\"  class=\"panel-grid-cell panel-grid-cell-empty\" ><\/div><\/div><div id=\"pg-1143-1\"  class=\"panel-grid panel-no-style\" ><div id=\"pgc-1143-1-0\"  class=\"panel-grid-cell panel-grid-cell-empty\" ><\/div><div id=\"pgc-1143-1-1\"  class=\"panel-grid-cell\" ><div id=\"panel-1143-1-1-0\" class=\"so-panel widget widget_sow-editor panel-first-child panel-last-child\" data-index=\"0\" ><div\n\t\t\t\n\t\t\tclass=\"so-widget-sow-editor so-widget-sow-editor-base\"\n\t\t\t\n\t\t>\n<div class=\"siteorigin-widget-tinymce textwidget\">\n\t<p><a href=\"https:\/\/d2p6e6u75xmxt8.cloudfront.net\/9\/2018\/04\/JBA_4148_1-1.jpg\"><img loading=\"lazy\" decoding=\"async\" class=\"alignnone size-full wp-image-1083\" src=\"https:\/\/d2p6e6u75xmxt8.cloudfront.net\/9\/2018\/04\/JBA_4148_1-1.jpg\" alt=\"\" width=\"530\" height=\"800\" srcset=\"https:\/\/d2p6e6u75xmxt8.cloudfront.net\/9\/2018\/04\/JBA_4148_1-1.jpg 530w, https:\/\/d2p6e6u75xmxt8.cloudfront.net\/9\/2018\/04\/JBA_4148_1-1-199x300.jpg 199w\" sizes=\"auto, (max-width: 530px) 100vw, 530px\" \/><\/a><\/p>\n<\/div>\n<\/div><\/div><\/div><div id=\"pgc-1143-1-2\"  class=\"panel-grid-cell panel-grid-cell-mobile-last\" ><div id=\"panel-1143-1-2-0\" class=\"so-panel widget widget_sow-editor panel-first-child panel-last-child\" data-index=\"1\" ><div\n\t\t\t\n\t\t\tclass=\"so-widget-sow-editor so-widget-sow-editor-base\"\n\t\t\t\n\t\t>\n<div class=\"siteorigin-widget-tinymce textwidget\">\n\t<h1>Bj\u00f6rn Becksmo<\/h1>\n<p><b>Namn:<\/b><span style=\"font-weight: 400;\"> Bj\u00f6rn Becksmo<\/span><\/p>\n<p><b>\u00c5lder:<\/b><span style=\"font-weight: 400;\"> 49<\/span><\/p>\n<p><b>Bor:<\/b><span style=\"font-weight: 400;\"> Stockholm<\/span><\/p>\n<p><b>Familj:<\/b><span style=\"font-weight: 400;\"> Fru och tv\u00e5 barn, 3 och 6 \u00e5r<\/span><\/p>\n<p><b>L\u00e4ngd:<\/b><span style=\"font-weight: 400;\"> 198<\/span><\/p>\n<p><b>Yrke:<\/b><span style=\"font-weight: 400;\"> Journalist p\u00e5 SVT Sport<\/span><\/p>\n<p><b>N\u00e4r uppt\u00e4ckte du din passion f\u00f6r cykling? <\/b><span style=\"font-weight: 400;\">Redan som barn, var nog runt 2-3 \u00e5r. D\u00e5 handlade det om att hoppa och k\u00f6ra fort i skogen. Jag \u00e5teruppt\u00e4ckte cykling f\u00f6r sex \u00e5r sen d\u00e5 jag fick domen fr\u00e5n min l\u00e4kare att jag inte fick springa l\u00e4ngre p\u00e5 grund av extremt d\u00e5liga kn\u00e4n. Har gjort 14 kn\u00e4operationer och borde egentligen byta ut b\u00e4gge kn\u00e4lederna.<\/span><\/p>\n<p><b>Om man ska \u00e5ka iv\u00e4g en vecka utomlands f\u00f6r att cykla. Var ska man bege sig d\u00e5? <\/b><span style=\"font-weight: 400;\">Till Bologna Italien, ligger i regionen Emilia Romagna, som av italienarna kallas f\u00f6r Italiens mage. Det \u00e4r d\u00e4r mycket av den b\u00e4sta maten kommer ifr\u00e5n och flera klassiska bilar som har sitt ursprung h\u00e4r s\u00e5som Ferrari och Lamborghini. Mellan kusten i \u00f6ster med Rimini till kusten i \u00f6ster med Portofino finns otaliga undersk\u00f6na v\u00e4gar att utforska med Bologna som den givna utg\u00e5ngspunkten.<\/span><\/p>\n<p><b>Roligaste passen? <\/b><span style=\"font-weight: 400;\">L\u00e4tt medvind i str\u00e5lande sol med sk\u00f6na kompisar p\u00e5 en Bianchi-caf\u00e9-tur runt Vaxholm. \u00c4lskar \u00e4ven att k\u00f6tta p\u00e5 i skogen med min mtb p\u00e5 slingriga stigar.<\/span><\/p>\n<p><b>V\u00e4rsta passen? <\/b><span style=\"font-weight: 400;\">Mattias Recks intervallpass. Brutala!<\/span><\/p>\n<p><b>Styrkor som cyklist?<\/b><span style=\"font-weight: 400;\"> Pannbenet och uth\u00e5llighet.<\/span><\/p>\n<p><b>Svagheter som cyklist? <\/b><span style=\"font-weight: 400;\">Kl\u00e4ttring, v\u00e4ger 103 kg.<\/span><\/p>\n<p><b>Favoritcyklist genom tiderna? <\/b><span style=\"font-weight: 400;\">Roberto Beffa<\/span><\/p>\n<p><b>St\u00f6rsta bedrift p\u00e5 cykeln? <\/b><span style=\"font-weight: 400;\">Min st\u00f6rsta bedrift p\u00e5 cykeln \u00e4r att komma tillbaka efter min sv\u00e5ra olycka i september 2016.<\/span><\/p>\n<p><b>Vad ser du mest fram emot inf\u00f6r V\u00e4tternrundan? <\/b><span style=\"font-weight: 400;\">En kall efter m\u00e5lg\u00e5ng och ny rekord-tid.<\/span><\/p>\n<p><b>Vem \u00e4r din favorit i teamet och varf\u00f6r? <\/b><span style=\"font-weight: 400;\">Tomas Gustafson. Tre olympiska guld, ett olympiskt silver och tv\u00e5 EM-guld. Finns bara ett ord - respekt!<\/span><\/p>\n<p><b>Vad kommer du dra nytta av hos din fadder? <\/b><span style=\"font-weight: 400;\">Jag hoppas att min fadder klyver vinden som en boss runt V\u00e4ttern.<\/span><\/p>\n<p><b>Vad fikar du helst p\u00e5 en tr\u00e4ningsrunda? <\/b><span style=\"font-weight: 400;\">Nattsvart kaffe och en kletig morotskaka<\/span><\/p>\n<p><b>Vad lyssnar du p\u00e5 under dina intervallpass?<\/b><span style=\"font-weight: 400;\">H\u00e5rdare h\u00e5rdrock<\/span><\/p>\n<p><b>Vilken \u00e4r din favoritfilm? <\/b><span style=\"font-weight: 400;\">Oj, om\u00f6jligt att v\u00e4lja en. M\u00e5ste bli flera: Alien,  Blues Brothers, Rosa Pantern-filmerna (Peter Sellers), Seven, Leon, Pans Labyrint mm.<\/span><\/p>\n<p><b>Vad vill du bli n\u00e4r du blir stor? <\/b><span style=\"font-weight: 400;\">Filmregiss\u00f6r och sk\u00e5despelare.<\/span><\/p>\n<p><b>Vad g\u00f6r du helst en fredagkv\u00e4ll? <\/b><span style=\"font-weight: 400;\">Ostfest med min dotter, Bini.<\/span><\/p>\n<p><b>N\u00e4mn tre saker p\u00e5 din att-g\u00f6ra-lista: <\/b><\/p>\n<ul>\n<li>Episk puder-resa till Revelstoke<\/li>\n<li>Episk puder-resa till Hokkaido<\/li>\n<li>En TV-serie om episka puder-resor<\/li>\n<\/ul>\n<p><b>Bj\u00f6rn f\u00f6redrar: <\/b><\/p>\n<ul>\n<li>Espresso framf\u00f6r brygg<\/li>\n<li>Berg framf\u00f6r platt<\/li>\n<li>Mekaniskt framf\u00f6r el<\/li>\n<li>Kantvind framf\u00f6r motvind<\/li>\n<li>Skivor framf\u00f6r f\u00e4lgbroms<\/li>\n<li>Girot framf\u00f6r Touren<\/li>\n<\/ul>\n<\/div>\n<\/div><\/div><\/div><div id=\"pgc-1143-1-3\"  class=\"panel-grid-cell panel-grid-cell-empty\" ><\/div><\/div><div id=\"pg-1143-2\"  class=\"panel-grid panel-no-style\" ><div id=\"pgc-1143-2-0\"  class=\"panel-grid-cell panel-grid-cell-empty\" ><\/div><\/div><\/div>","protected":false},"excerpt":{"rendered":"<p>Bj\u00f6rn Becksmo Namn: Bj\u00f6rn Becksmo \u00c5lder: 49 Bor: Stockholm Familj: Fru och tv\u00e5 barn, 3 och 6 \u00e5r L\u00e4ngd: 198 [&hellip;]<\/p>\n","protected":false},"author":52,"featured_media":0,"parent":872,"menu_order":0,"comment_status":"closed","ping_status":"closed","template":"templates\/template-full-width.php","meta":{"footnotes":""},"tags":[],"class_list":["post-1143","page","type-page","status-publish","hentry"],"yoast_head":"<!-- This site is optimized with the Yoast SEO Premium plugin v25.3 (Yoast SEO v25.9) - https:\/\/yoast.com\/wordpress\/plugins\/seo\/ -->\n<title>Bj\u00f6rn Becksmo - \u0160koda - We Love Cycling - Sweden<\/title>\n<meta name=\"robots\" content=\"index, follow, max-snippet:-1, max-image-preview:large, max-video-preview:-1\" \/>\n<link rel=\"canonical\" href=\"https:\/\/www.welovecycling.com\/se\/skoda-cycling-team\/teamet-2018\/bjorn-becksmo\/\" \/>\n<meta property=\"og:locale\" content=\"sv_SE\" \/>\n<meta property=\"og:type\" content=\"article\" \/>\n<meta property=\"og:title\" content=\"Bj\u00f6rn Becksmo\" \/>\n<meta property=\"og:description\" content=\"Bj\u00f6rn Becksmo Namn: Bj\u00f6rn Becksmo \u00c5lder: 49 Bor: Stockholm Familj: Fru och tv\u00e5 barn, 3 och 6 \u00e5r L\u00e4ngd: 198 [&hellip;]\" \/>\n<meta property=\"og:url\" content=\"https:\/\/www.welovecycling.com\/se\/skoda-cycling-team\/teamet-2018\/bjorn-becksmo\/\" \/>\n<meta property=\"og:site_name\" content=\"\u0160koda - We Love Cycling - Sweden\" \/>\n<meta property=\"article:modified_time\" content=\"2018-05-05T05:51:50+00:00\" \/>\n<meta property=\"og:image\" content=\"https:\/\/d2p6e6u75xmxt8.cloudfront.net\/9\/2018\/04\/JBA_4148_1-1.jpg\" \/>\n<meta name=\"twitter:card\" content=\"summary_large_image\" \/>\n<meta name=\"twitter:label1\" content=\"Est. reading time\" \/>\n\t<meta name=\"twitter:data1\" content=\"2 minutes\" \/>\n<script type=\"application\/ld+json\" class=\"yoast-schema-graph\">{\"@context\":\"https:\/\/schema.org\",\"@graph\":[{\"@type\":\"WebPage\",\"@id\":\"https:\/\/www.welovecycling.com\/se\/skoda-cycling-team\/teamet-2018\/bjorn-becksmo\/\",\"url\":\"https:\/\/www.welovecycling.com\/se\/skoda-cycling-team\/teamet-2018\/bjorn-becksmo\/\",\"name\":\"Bj\u00f6rn Becksmo - \u0160koda - We Love Cycling - Sweden\",\"isPartOf\":{\"@id\":\"https:\/\/www.welovecycling.com\/se\/#website\"},\"primaryImageOfPage\":{\"@id\":\"https:\/\/www.welovecycling.com\/se\/skoda-cycling-team\/teamet-2018\/bjorn-becksmo\/#primaryimage\"},\"image\":{\"@id\":\"https:\/\/www.welovecycling.com\/se\/skoda-cycling-team\/teamet-2018\/bjorn-becksmo\/#primaryimage\"},\"thumbnailUrl\":\"https:\/\/d2p6e6u75xmxt8.cloudfront.net\/9\/2018\/04\/JBA_4148_1-1.jpg\",\"datePublished\":\"2018-05-05T05:51:32+00:00\",\"dateModified\":\"2018-05-05T05:51:50+00:00\",\"breadcrumb\":{\"@id\":\"https:\/\/www.welovecycling.com\/se\/skoda-cycling-team\/teamet-2018\/bjorn-becksmo\/#breadcrumb\"},\"inLanguage\":\"sv-SE\",\"potentialAction\":[{\"@type\":\"ReadAction\",\"target\":[\"https:\/\/www.welovecycling.com\/se\/skoda-cycling-team\/teamet-2018\/bjorn-becksmo\/\"]}]},{\"@type\":\"ImageObject\",\"inLanguage\":\"sv-SE\",\"@id\":\"https:\/\/www.welovecycling.com\/se\/skoda-cycling-team\/teamet-2018\/bjorn-becksmo\/#primaryimage\",\"url\":\"https:\/\/d2p6e6u75xmxt8.cloudfront.net\/9\/2018\/04\/JBA_4148_1-1.jpg\",\"contentUrl\":\"https:\/\/d2p6e6u75xmxt8.cloudfront.net\/9\/2018\/04\/JBA_4148_1-1.jpg\"},{\"@type\":\"BreadcrumbList\",\"@id\":\"https:\/\/www.welovecycling.com\/se\/skoda-cycling-team\/teamet-2018\/bjorn-becksmo\/#breadcrumb\",\"itemListElement\":[{\"@type\":\"ListItem\",\"position\":1,\"name\":\"Home\",\"item\":\"https:\/\/www.welovecycling.com\/se\/\"},{\"@type\":\"ListItem\",\"position\":2,\"name\":\"\u0160koda Cycling Team\",\"item\":\"https:\/\/www.welovecycling.com\/se\/skoda-cycling-team\/\"},{\"@type\":\"ListItem\",\"position\":3,\"name\":\"SKODA Cycling Team 2018\",\"item\":\"https:\/\/www.welovecycling.com\/se\/skoda-cycling-team\/teamet-2018\/\"},{\"@type\":\"ListItem\",\"position\":4,\"name\":\"Bj\u00f6rn Becksmo\"}]},{\"@type\":\"WebSite\",\"@id\":\"https:\/\/www.welovecycling.com\/se\/#website\",\"url\":\"https:\/\/www.welovecycling.com\/se\/\",\"name\":\"\u0160koda - We Love Cycling - Sweden\",\"description\":\"\u0160koda We Love Cycling - Sweden\",\"potentialAction\":[{\"@type\":\"SearchAction\",\"target\":{\"@type\":\"EntryPoint\",\"urlTemplate\":\"https:\/\/www.welovecycling.com\/se\/?s={search_term_string}\"},\"query-input\":{\"@type\":\"PropertyValueSpecification\",\"valueRequired\":true,\"valueName\":\"search_term_string\"}}],\"inLanguage\":\"sv-SE\"}]}<\/script>\n<!-- \/ Yoast SEO Premium plugin. -->","yoast_head_json":{"title":"Bj\u00f6rn Becksmo - \u0160koda - We Love Cycling - Sweden","robots":{"index":"index","follow":"follow","max-snippet":"max-snippet:-1","max-image-preview":"max-image-preview:large","max-video-preview":"max-video-preview:-1"},"canonical":"https:\/\/www.welovecycling.com\/se\/skoda-cycling-team\/teamet-2018\/bjorn-becksmo\/","og_locale":"sv_SE","og_type":"article","og_title":"Bj\u00f6rn Becksmo","og_description":"Bj\u00f6rn Becksmo Namn: Bj\u00f6rn Becksmo \u00c5lder: 49 Bor: Stockholm Familj: Fru och tv\u00e5 barn, 3 och 6 \u00e5r L\u00e4ngd: 198 [&hellip;]","og_url":"https:\/\/www.welovecycling.com\/se\/skoda-cycling-team\/teamet-2018\/bjorn-becksmo\/","og_site_name":"\u0160koda - We Love Cycling - Sweden","article_modified_time":"2018-05-05T05:51:50+00:00","og_image":[{"url":"https:\/\/d2p6e6u75xmxt8.cloudfront.net\/9\/2018\/04\/JBA_4148_1-1.jpg","type":"","width":"","height":""}],"twitter_card":"summary_large_image","twitter_misc":{"Est. reading time":"2 minutes"},"schema":{"@context":"https:\/\/schema.org","@graph":[{"@type":"WebPage","@id":"https:\/\/www.welovecycling.com\/se\/skoda-cycling-team\/teamet-2018\/bjorn-becksmo\/","url":"https:\/\/www.welovecycling.com\/se\/skoda-cycling-team\/teamet-2018\/bjorn-becksmo\/","name":"Bj\u00f6rn Becksmo - \u0160koda - We Love Cycling - Sweden","isPartOf":{"@id":"https:\/\/www.welovecycling.com\/se\/#website"},"primaryImageOfPage":{"@id":"https:\/\/www.welovecycling.com\/se\/skoda-cycling-team\/teamet-2018\/bjorn-becksmo\/#primaryimage"},"image":{"@id":"https:\/\/www.welovecycling.com\/se\/skoda-cycling-team\/teamet-2018\/bjorn-becksmo\/#primaryimage"},"thumbnailUrl":"https:\/\/d2p6e6u75xmxt8.cloudfront.net\/9\/2018\/04\/JBA_4148_1-1.jpg","datePublished":"2018-05-05T05:51:32+00:00","dateModified":"2018-05-05T05:51:50+00:00","breadcrumb":{"@id":"https:\/\/www.welovecycling.com\/se\/skoda-cycling-team\/teamet-2018\/bjorn-becksmo\/#breadcrumb"},"inLanguage":"sv-SE","potentialAction":[{"@type":"ReadAction","target":["https:\/\/www.welovecycling.com\/se\/skoda-cycling-team\/teamet-2018\/bjorn-becksmo\/"]}]},{"@type":"ImageObject","inLanguage":"sv-SE","@id":"https:\/\/www.welovecycling.com\/se\/skoda-cycling-team\/teamet-2018\/bjorn-becksmo\/#primaryimage","url":"https:\/\/d2p6e6u75xmxt8.cloudfront.net\/9\/2018\/04\/JBA_4148_1-1.jpg","contentUrl":"https:\/\/d2p6e6u75xmxt8.cloudfront.net\/9\/2018\/04\/JBA_4148_1-1.jpg"},{"@type":"BreadcrumbList","@id":"https:\/\/www.welovecycling.com\/se\/skoda-cycling-team\/teamet-2018\/bjorn-becksmo\/#breadcrumb","itemListElement":[{"@type":"ListItem","position":1,"name":"Home","item":"https:\/\/www.welovecycling.com\/se\/"},{"@type":"ListItem","position":2,"name":"\u0160koda Cycling Team","item":"https:\/\/www.welovecycling.com\/se\/skoda-cycling-team\/"},{"@type":"ListItem","position":3,"name":"SKODA Cycling Team 2018","item":"https:\/\/www.welovecycling.com\/se\/skoda-cycling-team\/teamet-2018\/"},{"@type":"ListItem","position":4,"name":"Bj\u00f6rn Becksmo"}]},{"@type":"WebSite","@id":"https:\/\/www.welovecycling.com\/se\/#website","url":"https:\/\/www.welovecycling.com\/se\/","name":"\u0160koda - We Love Cycling - Sweden","description":"\u0160koda We Love Cycling - Sweden","potentialAction":[{"@type":"SearchAction","target":{"@type":"EntryPoint","urlTemplate":"https:\/\/www.welovecycling.com\/se\/?s={search_term_string}"},"query-input":{"@type":"PropertyValueSpecification","valueRequired":true,"valueName":"search_term_string"}}],"inLanguage":"sv-SE"}]}},"_links":{"self":[{"href":"https:\/\/www.welovecycling.com\/se\/wp-json\/wp\/v2\/pages\/1143","targetHints":{"allow":["GET"]}}],"collection":[{"href":"https:\/\/www.welovecycling.com\/se\/wp-json\/wp\/v2\/pages"}],"about":[{"href":"https:\/\/www.welovecycling.com\/se\/wp-json\/wp\/v2\/types\/page"}],"author":[{"embeddable":true,"href":"https:\/\/www.welovecycling.com\/se\/wp-json\/wp\/v2\/users\/52"}],"replies":[{"embeddable":true,"href":"https:\/\/www.welovecycling.com\/se\/wp-json\/wp\/v2\/comments?post=1143"}],"version-history":[{"count":2,"href":"https:\/\/www.welovecycling.com\/se\/wp-json\/wp\/v2\/pages\/1143\/revisions"}],"predecessor-version":[{"id":1147,"href":"https:\/\/www.welovecycling.com\/se\/wp-json\/wp\/v2\/pages\/1143\/revisions\/1147"}],"up":[{"embeddable":true,"href":"https:\/\/www.welovecycling.com\/se\/wp-json\/wp\/v2\/pages\/872"}],"wp:attachment":[{"href":"https:\/\/www.welovecycling.com\/se\/wp-json\/wp\/v2\/media?parent=1143"}],"wp:term":[{"taxonomy":"post_tag","embeddable":true,"href":"https:\/\/www.welovecycling.com\/se\/wp-json\/wp\/v2\/tags?post=1143"}],"curies":[{"name":"wp","href":"https:\/\/api.w.org\/{rel}","templated":true}]}}