{"id":1133,"date":"2018-05-03T22:24:24","date_gmt":"2018-05-03T21:24:24","guid":{"rendered":"https:\/\/www.welovecycling.com\/se\/?page_id=1133"},"modified":"2018-05-03T22:24:24","modified_gmt":"2018-05-03T21:24:24","slug":"anna-beck","status":"publish","type":"page","link":"https:\/\/www.welovecycling.com\/se\/skoda-cycling-team\/teamet-2018\/anna-beck\/","title":{"rendered":"Anna Beck"},"content":{"rendered":"<div id=\"pl-1133\"  class=\"panel-layout\" ><div id=\"pg-1133-0\"  class=\"panel-grid panel-no-style\" ><div id=\"pgc-1133-0-0\"  class=\"panel-grid-cell panel-grid-cell-empty\" ><\/div><\/div><div id=\"pg-1133-1\"  class=\"panel-grid panel-no-style\" ><div id=\"pgc-1133-1-0\"  class=\"panel-grid-cell panel-grid-cell-empty\" ><\/div><div id=\"pgc-1133-1-1\"  class=\"panel-grid-cell\" ><div id=\"panel-1133-1-1-0\" class=\"so-panel widget widget_sow-editor panel-first-child panel-last-child\" data-index=\"0\" ><div\n\t\t\t\n\t\t\tclass=\"so-widget-sow-editor so-widget-sow-editor-base\"\n\t\t\t\n\t\t>\n<div class=\"siteorigin-widget-tinymce textwidget\">\n\t<p><a href=\"https:\/\/d2p6e6u75xmxt8.cloudfront.net\/9\/2018\/04\/JBA_3854_1-1.jpg\"><img loading=\"lazy\" decoding=\"async\" class=\"alignnone size-full wp-image-1071\" src=\"https:\/\/d2p6e6u75xmxt8.cloudfront.net\/9\/2018\/04\/JBA_3854_1-1.jpg\" alt=\"\" width=\"530\" height=\"800\" srcset=\"https:\/\/d2p6e6u75xmxt8.cloudfront.net\/9\/2018\/04\/JBA_3854_1-1.jpg 530w, https:\/\/d2p6e6u75xmxt8.cloudfront.net\/9\/2018\/04\/JBA_3854_1-1-199x300.jpg 199w\" sizes=\"auto, (max-width: 530px) 100vw, 530px\" \/><\/a><\/p>\n<\/div>\n<\/div><\/div><\/div><div id=\"pgc-1133-1-2\"  class=\"panel-grid-cell panel-grid-cell-mobile-last\" ><div id=\"panel-1133-1-2-0\" class=\"so-panel widget widget_sow-editor panel-first-child panel-last-child\" data-index=\"1\" ><div\n\t\t\t\n\t\t\tclass=\"so-widget-sow-editor so-widget-sow-editor-base\"\n\t\t\t\n\t\t>\n<div class=\"siteorigin-widget-tinymce textwidget\">\n\t<h1>Anna Beck<\/h1>\n<p><b>Namn:<\/b><span style=\"font-weight: 400;\"> Anna Beck<\/span><\/p>\n<p><b>\u00c5lder:<\/b><span style=\"font-weight: 400;\"> 38<\/span><\/p>\n<p><b>Bor:<\/b><span style=\"font-weight: 400;\"> Kil<\/span><\/p>\n<p><b>Familj:<\/b><span style=\"font-weight: 400;\"> Min man Patrik och v\u00e5ra barn Anton, Cornelia, Hannah och Julia<\/span><\/p>\n<p><b>L\u00e4ngd:<\/b><span style=\"font-weight: 400;\"> 178<\/span><\/p>\n<p><b>Yrke:<\/b><span style=\"font-weight: 400;\"> Socialsekreterare<\/span><\/p>\n<p><b>N\u00e4r uppt\u00e4ckte du din passion f\u00f6r cykling? <\/b><span style=\"font-weight: 400;\">Jag b\u00f6rjade cykla 2008 men passionen f\u00f6r sporten kom f\u00f6rst 2010.<\/span><\/p>\n<p><b>Om man ska \u00e5ka iv\u00e4g en vecka utomlands f\u00f6r att cykla. Var ska man bege sig d\u00e5? <\/b><span style=\"font-weight: 400;\">Mallorca \u00e4r ju fantastiskt. Men Belgien \u00e4r ocks\u00e5 en favorit.<\/span><\/p>\n<p><b>Roligaste passen? <\/b><span style=\"font-weight: 400;\">Distans en fin dag med v\u00e4nner.<\/span><\/p>\n<p><b>V\u00e4rsta passen? <\/b><span style=\"font-weight: 400;\">De v\u00e4rsta passen \u00e4r 4 minuters intervaller, lite hatk\u00e4rlek uppkommer oftast.<\/span><\/p>\n<p><b>Styrkor som cyklist?<\/b><span style=\"font-weight: 400;\"> Pannben och vill alltid bli b\u00e4ttre.<\/span><\/p>\n<p><b>Svagheter som cyklist? <\/b><span style=\"font-weight: 400;\">Taktik, teknik och min neuromuskul\u00e4ra sjukdom.<\/span><\/p>\n<p><b>Favoritcyklist genom tiderna? <\/b><span style=\"font-weight: 400;\">Emma Johansson.<\/span><\/p>\n<p><b>St\u00f6rsta bedrift p\u00e5 cykeln? <\/b><span style=\"font-weight: 400;\">VM-guld och VM-silver p\u00e5 Paracykel-VM 2017.<\/span><\/p>\n<p><b>Vad ser du mest fram emot inf\u00f6r V\u00e4tternrundan? <\/b><span style=\"font-weight: 400;\">Att f\u00e5 k\u00f6ra med m\u00e5nga duktiga cyklister d\u00e4r alla har samma m\u00e5l samt att bli en b\u00e4ttre och starkare cyklist.<\/span><\/p>\n<p><b>Vem \u00e4r din favorit i teamet och varf\u00f6r? <\/b><span style=\"font-weight: 400;\">Mattias Reck, f\u00f6r hans otroliga kunskap och f\u00f6rm\u00e5ga att inspirera. <\/span><\/p>\n<p><b>Vad \u00e4r din utmaning med V\u00e4tternrundan under 8h?<\/b><span style=\"font-weight: 400;\">8 timmar \u00e4r en dr\u00f6mgr\u00e4ns. Utmaningen kommer att vara den mentala biten n\u00e4r kroppen g\u00e5r p\u00e5 r\u00f6tt och det \u00e4r en massa mil kvar. Men det ska g\u00e5!!<\/span><\/p>\n<p><b>Vad fikar du helst p\u00e5 en tr\u00e4ningsrunda? <\/b><span style=\"font-weight: 400;\">Baguette p\u00e5 Mallorca.<\/span><\/p>\n<p><b>Vad lyssnar du p\u00e5 under dina intervallpass?<\/b><span style=\"font-weight: 400;\">V\u00e4ldigt blandat, allt fr\u00e5n ny musik till Sweet eller Iron Maiden. \u00c4lskar att ha h\u00f6g musik n\u00e4r jag tr\u00e4nar.<\/span><\/p>\n<p><b>Vilken \u00e4r din favoritfilm? <\/b><span style=\"font-weight: 400;\">Yrrol.<\/span><\/p>\n<p><b>Vad vill du bli n\u00e4r du blir stor? <\/b><span style=\"font-weight: 400;\">Arbeta med att utveckla Para-sporten och fr\u00e4mst Para-cykling. F\u00f6rel\u00e4sa och inspirera andra.<\/span><\/p>\n<p><b>N\u00e4mn tre saker p\u00e5 din att-g\u00f6ra-lista: <\/b><\/p>\n<ul>\n<li>K\u00f6pa v\u00e5rkl\u00e4der med barnen<\/li>\n<li>Planera inf\u00f6r t\u00e4vlingss\u00e4songen med barn och resor<\/li>\n<li>Njuta av livet<\/li>\n<\/ul>\n<p><b>Anna f\u00f6redrar: <\/b><\/p>\n<ul>\n<li>Brygg framf\u00f6r espresso<\/li>\n<li>Berg framf\u00f6r platt<\/li>\n<li>El framf\u00f6r mekaniskt<\/li>\n<li>Motvind framf\u00f6r kantvind<\/li>\n<li>F\u00e4lg framf\u00f6r skivbroms<\/li>\n<li>Touren framf\u00f6r Girot<\/li>\n<\/ul>\n<\/div>\n<\/div><\/div><\/div><div id=\"pgc-1133-1-3\"  class=\"panel-grid-cell panel-grid-cell-empty\" ><\/div><\/div><div id=\"pg-1133-2\"  class=\"panel-grid panel-no-style\" ><div id=\"pgc-1133-2-0\"  class=\"panel-grid-cell panel-grid-cell-empty\" ><\/div><\/div><\/div>","protected":false},"excerpt":{"rendered":"<p>Anna Beck Namn: Anna Beck \u00c5lder: 38 Bor: Kil Familj: Min man Patrik och v\u00e5ra barn Anton, Cornelia, Hannah och [&hellip;]<\/p>\n","protected":false},"author":52,"featured_media":0,"parent":872,"menu_order":0,"comment_status":"closed","ping_status":"closed","template":"templates\/template-full-width.php","meta":{"footnotes":""},"tags":[],"class_list":["post-1133","page","type-page","status-publish","hentry"],"yoast_head":"<!-- This site is optimized with the Yoast SEO Premium plugin v25.3 (Yoast SEO v25.9) - https:\/\/yoast.com\/wordpress\/plugins\/seo\/ -->\n<title>Anna Beck - \u0160koda - We Love Cycling - Sweden<\/title>\n<meta name=\"robots\" content=\"index, follow, max-snippet:-1, max-image-preview:large, max-video-preview:-1\" \/>\n<link rel=\"canonical\" href=\"https:\/\/www.welovecycling.com\/se\/skoda-cycling-team\/teamet-2018\/anna-beck\/\" \/>\n<meta property=\"og:locale\" content=\"sv_SE\" \/>\n<meta property=\"og:type\" content=\"article\" \/>\n<meta property=\"og:title\" content=\"Anna Beck\" \/>\n<meta property=\"og:description\" content=\"Anna Beck Namn: Anna Beck \u00c5lder: 38 Bor: Kil Familj: Min man Patrik och v\u00e5ra barn Anton, Cornelia, Hannah och [&hellip;]\" \/>\n<meta property=\"og:url\" content=\"https:\/\/www.welovecycling.com\/se\/skoda-cycling-team\/teamet-2018\/anna-beck\/\" \/>\n<meta property=\"og:site_name\" content=\"\u0160koda - We Love Cycling - Sweden\" \/>\n<meta property=\"og:image\" content=\"https:\/\/d2p6e6u75xmxt8.cloudfront.net\/9\/2018\/04\/JBA_3854_1-1.jpg\" \/>\n<meta name=\"twitter:card\" content=\"summary_large_image\" \/>\n<meta name=\"twitter:label1\" content=\"Est. reading time\" \/>\n\t<meta name=\"twitter:data1\" content=\"2 minutes\" \/>\n<script type=\"application\/ld+json\" class=\"yoast-schema-graph\">{\"@context\":\"https:\/\/schema.org\",\"@graph\":[{\"@type\":\"WebPage\",\"@id\":\"https:\/\/www.welovecycling.com\/se\/skoda-cycling-team\/teamet-2018\/anna-beck\/\",\"url\":\"https:\/\/www.welovecycling.com\/se\/skoda-cycling-team\/teamet-2018\/anna-beck\/\",\"name\":\"Anna Beck - \u0160koda - We Love Cycling - Sweden\",\"isPartOf\":{\"@id\":\"https:\/\/www.welovecycling.com\/se\/#website\"},\"primaryImageOfPage\":{\"@id\":\"https:\/\/www.welovecycling.com\/se\/skoda-cycling-team\/teamet-2018\/anna-beck\/#primaryimage\"},\"image\":{\"@id\":\"https:\/\/www.welovecycling.com\/se\/skoda-cycling-team\/teamet-2018\/anna-beck\/#primaryimage\"},\"thumbnailUrl\":\"https:\/\/d2p6e6u75xmxt8.cloudfront.net\/9\/2018\/04\/JBA_3854_1-1.jpg\",\"datePublished\":\"2018-05-03T21:24:24+00:00\",\"breadcrumb\":{\"@id\":\"https:\/\/www.welovecycling.com\/se\/skoda-cycling-team\/teamet-2018\/anna-beck\/#breadcrumb\"},\"inLanguage\":\"sv-SE\",\"potentialAction\":[{\"@type\":\"ReadAction\",\"target\":[\"https:\/\/www.welovecycling.com\/se\/skoda-cycling-team\/teamet-2018\/anna-beck\/\"]}]},{\"@type\":\"ImageObject\",\"inLanguage\":\"sv-SE\",\"@id\":\"https:\/\/www.welovecycling.com\/se\/skoda-cycling-team\/teamet-2018\/anna-beck\/#primaryimage\",\"url\":\"https:\/\/d2p6e6u75xmxt8.cloudfront.net\/9\/2018\/04\/JBA_3854_1-1.jpg\",\"contentUrl\":\"https:\/\/d2p6e6u75xmxt8.cloudfront.net\/9\/2018\/04\/JBA_3854_1-1.jpg\"},{\"@type\":\"BreadcrumbList\",\"@id\":\"https:\/\/www.welovecycling.com\/se\/skoda-cycling-team\/teamet-2018\/anna-beck\/#breadcrumb\",\"itemListElement\":[{\"@type\":\"ListItem\",\"position\":1,\"name\":\"Home\",\"item\":\"https:\/\/www.welovecycling.com\/se\/\"},{\"@type\":\"ListItem\",\"position\":2,\"name\":\"\u0160koda Cycling Team\",\"item\":\"https:\/\/www.welovecycling.com\/se\/skoda-cycling-team\/\"},{\"@type\":\"ListItem\",\"position\":3,\"name\":\"SKODA Cycling Team 2018\",\"item\":\"https:\/\/www.welovecycling.com\/se\/skoda-cycling-team\/teamet-2018\/\"},{\"@type\":\"ListItem\",\"position\":4,\"name\":\"Anna Beck\"}]},{\"@type\":\"WebSite\",\"@id\":\"https:\/\/www.welovecycling.com\/se\/#website\",\"url\":\"https:\/\/www.welovecycling.com\/se\/\",\"name\":\"\u0160koda - We Love Cycling - Sweden\",\"description\":\"\u0160koda We Love Cycling - Sweden\",\"potentialAction\":[{\"@type\":\"SearchAction\",\"target\":{\"@type\":\"EntryPoint\",\"urlTemplate\":\"https:\/\/www.welovecycling.com\/se\/?s={search_term_string}\"},\"query-input\":{\"@type\":\"PropertyValueSpecification\",\"valueRequired\":true,\"valueName\":\"search_term_string\"}}],\"inLanguage\":\"sv-SE\"}]}<\/script>\n<!-- \/ Yoast SEO Premium plugin. -->","yoast_head_json":{"title":"Anna Beck - \u0160koda - We Love Cycling - Sweden","robots":{"index":"index","follow":"follow","max-snippet":"max-snippet:-1","max-image-preview":"max-image-preview:large","max-video-preview":"max-video-preview:-1"},"canonical":"https:\/\/www.welovecycling.com\/se\/skoda-cycling-team\/teamet-2018\/anna-beck\/","og_locale":"sv_SE","og_type":"article","og_title":"Anna Beck","og_description":"Anna Beck Namn: Anna Beck \u00c5lder: 38 Bor: Kil Familj: Min man Patrik och v\u00e5ra barn Anton, Cornelia, Hannah och [&hellip;]","og_url":"https:\/\/www.welovecycling.com\/se\/skoda-cycling-team\/teamet-2018\/anna-beck\/","og_site_name":"\u0160koda - We Love Cycling - Sweden","og_image":[{"url":"https:\/\/d2p6e6u75xmxt8.cloudfront.net\/9\/2018\/04\/JBA_3854_1-1.jpg","type":"","width":"","height":""}],"twitter_card":"summary_large_image","twitter_misc":{"Est. reading time":"2 minutes"},"schema":{"@context":"https:\/\/schema.org","@graph":[{"@type":"WebPage","@id":"https:\/\/www.welovecycling.com\/se\/skoda-cycling-team\/teamet-2018\/anna-beck\/","url":"https:\/\/www.welovecycling.com\/se\/skoda-cycling-team\/teamet-2018\/anna-beck\/","name":"Anna Beck - \u0160koda - We Love Cycling - Sweden","isPartOf":{"@id":"https:\/\/www.welovecycling.com\/se\/#website"},"primaryImageOfPage":{"@id":"https:\/\/www.welovecycling.com\/se\/skoda-cycling-team\/teamet-2018\/anna-beck\/#primaryimage"},"image":{"@id":"https:\/\/www.welovecycling.com\/se\/skoda-cycling-team\/teamet-2018\/anna-beck\/#primaryimage"},"thumbnailUrl":"https:\/\/d2p6e6u75xmxt8.cloudfront.net\/9\/2018\/04\/JBA_3854_1-1.jpg","datePublished":"2018-05-03T21:24:24+00:00","breadcrumb":{"@id":"https:\/\/www.welovecycling.com\/se\/skoda-cycling-team\/teamet-2018\/anna-beck\/#breadcrumb"},"inLanguage":"sv-SE","potentialAction":[{"@type":"ReadAction","target":["https:\/\/www.welovecycling.com\/se\/skoda-cycling-team\/teamet-2018\/anna-beck\/"]}]},{"@type":"ImageObject","inLanguage":"sv-SE","@id":"https:\/\/www.welovecycling.com\/se\/skoda-cycling-team\/teamet-2018\/anna-beck\/#primaryimage","url":"https:\/\/d2p6e6u75xmxt8.cloudfront.net\/9\/2018\/04\/JBA_3854_1-1.jpg","contentUrl":"https:\/\/d2p6e6u75xmxt8.cloudfront.net\/9\/2018\/04\/JBA_3854_1-1.jpg"},{"@type":"BreadcrumbList","@id":"https:\/\/www.welovecycling.com\/se\/skoda-cycling-team\/teamet-2018\/anna-beck\/#breadcrumb","itemListElement":[{"@type":"ListItem","position":1,"name":"Home","item":"https:\/\/www.welovecycling.com\/se\/"},{"@type":"ListItem","position":2,"name":"\u0160koda Cycling Team","item":"https:\/\/www.welovecycling.com\/se\/skoda-cycling-team\/"},{"@type":"ListItem","position":3,"name":"SKODA Cycling Team 2018","item":"https:\/\/www.welovecycling.com\/se\/skoda-cycling-team\/teamet-2018\/"},{"@type":"ListItem","position":4,"name":"Anna Beck"}]},{"@type":"WebSite","@id":"https:\/\/www.welovecycling.com\/se\/#website","url":"https:\/\/www.welovecycling.com\/se\/","name":"\u0160koda - We Love Cycling - Sweden","description":"\u0160koda We Love Cycling - Sweden","potentialAction":[{"@type":"SearchAction","target":{"@type":"EntryPoint","urlTemplate":"https:\/\/www.welovecycling.com\/se\/?s={search_term_string}"},"query-input":{"@type":"PropertyValueSpecification","valueRequired":true,"valueName":"search_term_string"}}],"inLanguage":"sv-SE"}]}},"_links":{"self":[{"href":"https:\/\/www.welovecycling.com\/se\/wp-json\/wp\/v2\/pages\/1133","targetHints":{"allow":["GET"]}}],"collection":[{"href":"https:\/\/www.welovecycling.com\/se\/wp-json\/wp\/v2\/pages"}],"about":[{"href":"https:\/\/www.welovecycling.com\/se\/wp-json\/wp\/v2\/types\/page"}],"author":[{"embeddable":true,"href":"https:\/\/www.welovecycling.com\/se\/wp-json\/wp\/v2\/users\/52"}],"replies":[{"embeddable":true,"href":"https:\/\/www.welovecycling.com\/se\/wp-json\/wp\/v2\/comments?post=1133"}],"version-history":[{"count":2,"href":"https:\/\/www.welovecycling.com\/se\/wp-json\/wp\/v2\/pages\/1133\/revisions"}],"predecessor-version":[{"id":1137,"href":"https:\/\/www.welovecycling.com\/se\/wp-json\/wp\/v2\/pages\/1133\/revisions\/1137"}],"up":[{"embeddable":true,"href":"https:\/\/www.welovecycling.com\/se\/wp-json\/wp\/v2\/pages\/872"}],"wp:attachment":[{"href":"https:\/\/www.welovecycling.com\/se\/wp-json\/wp\/v2\/media?parent=1133"}],"wp:term":[{"taxonomy":"post_tag","embeddable":true,"href":"https:\/\/www.welovecycling.com\/se\/wp-json\/wp\/v2\/tags?post=1133"}],"curies":[{"name":"wp","href":"https:\/\/api.w.org\/{rel}","templated":true}]}}