{"id":1123,"date":"2018-05-03T21:00:32","date_gmt":"2018-05-03T20:00:32","guid":{"rendered":"https:\/\/www.welovecycling.com\/se\/?page_id=1123"},"modified":"2018-05-03T21:00:32","modified_gmt":"2018-05-03T20:00:32","slug":"niklas-henriksson","status":"publish","type":"page","link":"https:\/\/www.welovecycling.com\/se\/skoda-cycling-team\/teamet-2018\/niklas-henriksson\/","title":{"rendered":"Niklas Henriksson"},"content":{"rendered":"<div id=\"pl-1123\"  class=\"panel-layout\" ><div id=\"pg-1123-0\"  class=\"panel-grid panel-no-style\" ><div id=\"pgc-1123-0-0\"  class=\"panel-grid-cell panel-grid-cell-empty\" ><\/div><\/div><div id=\"pg-1123-1\"  class=\"panel-grid panel-no-style\" ><div id=\"pgc-1123-1-0\"  class=\"panel-grid-cell panel-grid-cell-empty\" ><\/div><div id=\"pgc-1123-1-1\"  class=\"panel-grid-cell\" ><div id=\"panel-1123-1-1-0\" class=\"so-panel widget widget_sow-editor panel-first-child panel-last-child\" data-index=\"0\" ><div\n\t\t\t\n\t\t\tclass=\"so-widget-sow-editor so-widget-sow-editor-base\"\n\t\t\t\n\t\t>\n<div class=\"siteorigin-widget-tinymce textwidget\">\n\t<p><a href=\"https:\/\/d2p6e6u75xmxt8.cloudfront.net\/9\/2018\/04\/JBA_3613_1-2.jpg\"><img loading=\"lazy\" decoding=\"async\" class=\"alignnone size-full wp-image-1061\" src=\"https:\/\/d2p6e6u75xmxt8.cloudfront.net\/9\/2018\/04\/JBA_3613_1-2.jpg\" alt=\"\" width=\"530\" height=\"800\" srcset=\"https:\/\/d2p6e6u75xmxt8.cloudfront.net\/9\/2018\/04\/JBA_3613_1-2.jpg 530w, https:\/\/d2p6e6u75xmxt8.cloudfront.net\/9\/2018\/04\/JBA_3613_1-2-199x300.jpg 199w\" sizes=\"auto, (max-width: 530px) 100vw, 530px\" \/><\/a><\/p>\n<\/div>\n<\/div><\/div><\/div><div id=\"pgc-1123-1-2\"  class=\"panel-grid-cell panel-grid-cell-mobile-last\" ><div id=\"panel-1123-1-2-0\" class=\"so-panel widget widget_sow-editor panel-first-child panel-last-child\" data-index=\"1\" ><div\n\t\t\t\n\t\t\tclass=\"so-widget-sow-editor so-widget-sow-editor-base\"\n\t\t\t\n\t\t>\n<div class=\"siteorigin-widget-tinymce textwidget\">\n\t<h1>Niklas Henriksson<\/h1>\n<p><b>Namn:<\/b><span style=\"font-weight: 400;\"> Niklas Henriksson<\/span><\/p>\n<p><b>\u00c5lder:<\/b><span style=\"font-weight: 400;\"> 27<\/span><\/p>\n<p><b>Bor:<\/b><span style=\"font-weight: 400;\"> Ume\u00e5<\/span><\/p>\n<p><b>Familj:<\/b><span style=\"font-weight: 400;\"> Sambon Pernilla och hunden Smilla<\/span><\/p>\n<p><b>L\u00e4ngd:<\/b><span style=\"font-weight: 400;\"> 183<\/span><\/p>\n<p><b>Yrke:<\/b><span style=\"font-weight: 400;\"> S\u00e4ljare (n\u00e4r jag inte \u00e5ker skidor)<\/span><\/p>\n<p><b>N\u00e4r uppt\u00e4ckte du din passion f\u00f6r cykling? <\/b><span style=\"font-weight: 400;\">Min passion f\u00f6r cykling har egentligen vuxit sig starkare varje \u00e5r fr\u00e5n att jag som ung satt klistrad framf\u00f6r touren p\u00e5  somrarna!<\/span><\/p>\n<p><b>Roligaste passen? <\/b><span style=\"font-weight: 400;\">Fikarunda med sol och en h\u00e4rlig klunga!<\/span><\/p>\n<p><b>V\u00e4rsta passen? <\/b><span style=\"font-weight: 400;\">Varje g\u00e5ng det regnar.<\/span><\/p>\n<p><b>Styrkor som cyklist?<\/b><span style=\"font-weight: 400;\"> Lagspelare med bra hj\u00e4rta och lungor.<\/span><\/p>\n<p><b>Svagheter som cyklist? <\/b><span style=\"font-weight: 400;\">Spurten f\u00e5r jag nog v\u00e4ssa lite p\u00e5.<\/span><\/p>\n<p><b>Favoritcyklist genom tiderna? <\/b><span style=\"font-weight: 400;\">Peter Sagan!<\/span><\/p>\n<p><b>St\u00f6rsta r\u00e4dsla inf\u00f6r V\u00e4tternrundan? <\/b><span style=\"font-weight: 400;\">Att det ska regna!<\/span><\/p>\n<p><b>Vad tror du att du kommer bidra med till teamet under s\u00e4songen? <\/b><span style=\"font-weight: 400;\">Hoppas att bidra med skratt och gl\u00e4dje. Sen s\u00e5klart ett bra lagjobb under V\u00e4ttern!<\/span><\/p>\n<p><b>Vad \u00e4r din utmaning med V\u00e4tternrundan under 8h? <\/b><span style=\"font-weight: 400;\">Utmaningen blir nog att f\u00e5 i sig all energi under resan f\u00f6r att inte f\u00e5 n\u00e5gon rej\u00e4l svacka under v\u00e4gen.<\/span><\/p>\n<p><b>Vad fikar du helst p\u00e5 en tr\u00e4ningsrunda? <\/b><span style=\"font-weight: 400;\">Cheesecake \u00e4r favoriten!<\/span><\/p>\n<p><b>Vad lyssnar du p\u00e5 under dina intervallpass?<\/b><span style=\"font-weight: 400;\">Lyssnar p\u00e5 mina egna hj\u00e4rnsp\u00f6ken.<\/span><\/p>\n<p><b>Hur f\u00f6rst\u00e5ende \u00e4r dina n\u00e4rmaste till din cykling? <\/b><span style=\"font-weight: 400;\">Pernilla \u00e4r v\u00e4ldigt f\u00f6rst\u00e5ende, hunden Smilla blir oftast besviken d\u00e5 hon inte f\u00e5r f\u00f6lja och tr\u00e4na.<\/span><\/p>\n<p><b>Vilken \u00e4r din favoritfilm? <\/b><span style=\"font-weight: 400;\">Leon The Professional.<\/span><\/p>\n<p><b>Vad g\u00f6r du helst en fredagkv\u00e4ll? <\/b><span style=\"font-weight: 400;\">Tacos och fredagsmys.<\/span><\/p>\n<p><b>N\u00e4mn tre saker p\u00e5 din att-g\u00f6ra-lista: <\/b><\/p>\n<ul>\n<li>Tv\u00e4tta bilen<\/li>\n<li>St\u00e4da f\u00f6rr\u00e5det<\/li>\n<li>Borra upp tavlor i l\u00e4genheten<\/li>\n<\/ul>\n<p><b>Niklas f\u00f6redrar: <\/b><\/p>\n<ul>\n<li>Brygg framf\u00f6r Espresso<\/li>\n<li>Berg framf\u00f6r platt<\/li>\n<li>Mekaniskt framf\u00f6r el<\/li>\n<li>Motvind framf\u00f6r kantvind<\/li>\n<li>F\u00e4lg framf\u00f6r skivbroms<\/li>\n<li>Girot framf\u00f6r Touren<\/li>\n<\/ul>\n<\/div>\n<\/div><\/div><\/div><div id=\"pgc-1123-1-3\"  class=\"panel-grid-cell panel-grid-cell-empty\" ><\/div><\/div><div id=\"pg-1123-2\"  class=\"panel-grid panel-no-style\" ><div id=\"pgc-1123-2-0\"  class=\"panel-grid-cell panel-grid-cell-empty\" ><\/div><\/div><\/div>","protected":false},"excerpt":{"rendered":"<p>Niklas Henriksson Namn: Niklas Henriksson \u00c5lder: 27 Bor: Ume\u00e5 Familj: Sambon Pernilla och hunden Smilla L\u00e4ngd: 183 Yrke: S\u00e4ljare (n\u00e4r [&hellip;]<\/p>\n","protected":false},"author":52,"featured_media":0,"parent":872,"menu_order":0,"comment_status":"closed","ping_status":"closed","template":"templates\/template-full-width.php","meta":{"footnotes":""},"tags":[],"class_list":["post-1123","page","type-page","status-publish","hentry"],"yoast_head":"<!-- This site is optimized with the Yoast SEO Premium plugin v25.3 (Yoast SEO v25.9) - https:\/\/yoast.com\/wordpress\/plugins\/seo\/ -->\n<title>Niklas Henriksson - \u0160koda - We Love Cycling - Sweden<\/title>\n<meta name=\"robots\" content=\"index, follow, max-snippet:-1, max-image-preview:large, max-video-preview:-1\" \/>\n<link rel=\"canonical\" href=\"https:\/\/www.welovecycling.com\/se\/skoda-cycling-team\/teamet-2018\/niklas-henriksson\/\" \/>\n<meta property=\"og:locale\" content=\"sv_SE\" \/>\n<meta property=\"og:type\" content=\"article\" \/>\n<meta property=\"og:title\" content=\"Niklas Henriksson\" \/>\n<meta property=\"og:description\" content=\"Niklas Henriksson Namn: Niklas Henriksson \u00c5lder: 27 Bor: Ume\u00e5 Familj: Sambon Pernilla och hunden Smilla L\u00e4ngd: 183 Yrke: S\u00e4ljare (n\u00e4r [&hellip;]\" \/>\n<meta property=\"og:url\" content=\"https:\/\/www.welovecycling.com\/se\/skoda-cycling-team\/teamet-2018\/niklas-henriksson\/\" \/>\n<meta property=\"og:site_name\" content=\"\u0160koda - We Love Cycling - Sweden\" \/>\n<meta property=\"og:image\" content=\"https:\/\/d2p6e6u75xmxt8.cloudfront.net\/9\/2018\/04\/JBA_3613_1-2.jpg\" \/>\n<meta name=\"twitter:card\" content=\"summary_large_image\" \/>\n<meta name=\"twitter:label1\" content=\"Est. reading time\" \/>\n\t<meta name=\"twitter:data1\" content=\"2 minutes\" \/>\n<script type=\"application\/ld+json\" class=\"yoast-schema-graph\">{\"@context\":\"https:\/\/schema.org\",\"@graph\":[{\"@type\":\"WebPage\",\"@id\":\"https:\/\/www.welovecycling.com\/se\/skoda-cycling-team\/teamet-2018\/niklas-henriksson\/\",\"url\":\"https:\/\/www.welovecycling.com\/se\/skoda-cycling-team\/teamet-2018\/niklas-henriksson\/\",\"name\":\"Niklas Henriksson - \u0160koda - We Love Cycling - Sweden\",\"isPartOf\":{\"@id\":\"https:\/\/www.welovecycling.com\/se\/#website\"},\"primaryImageOfPage\":{\"@id\":\"https:\/\/www.welovecycling.com\/se\/skoda-cycling-team\/teamet-2018\/niklas-henriksson\/#primaryimage\"},\"image\":{\"@id\":\"https:\/\/www.welovecycling.com\/se\/skoda-cycling-team\/teamet-2018\/niklas-henriksson\/#primaryimage\"},\"thumbnailUrl\":\"https:\/\/d2p6e6u75xmxt8.cloudfront.net\/9\/2018\/04\/JBA_3613_1-2.jpg\",\"datePublished\":\"2018-05-03T20:00:32+00:00\",\"breadcrumb\":{\"@id\":\"https:\/\/www.welovecycling.com\/se\/skoda-cycling-team\/teamet-2018\/niklas-henriksson\/#breadcrumb\"},\"inLanguage\":\"sv-SE\",\"potentialAction\":[{\"@type\":\"ReadAction\",\"target\":[\"https:\/\/www.welovecycling.com\/se\/skoda-cycling-team\/teamet-2018\/niklas-henriksson\/\"]}]},{\"@type\":\"ImageObject\",\"inLanguage\":\"sv-SE\",\"@id\":\"https:\/\/www.welovecycling.com\/se\/skoda-cycling-team\/teamet-2018\/niklas-henriksson\/#primaryimage\",\"url\":\"https:\/\/d2p6e6u75xmxt8.cloudfront.net\/9\/2018\/04\/JBA_3613_1-2.jpg\",\"contentUrl\":\"https:\/\/d2p6e6u75xmxt8.cloudfront.net\/9\/2018\/04\/JBA_3613_1-2.jpg\"},{\"@type\":\"BreadcrumbList\",\"@id\":\"https:\/\/www.welovecycling.com\/se\/skoda-cycling-team\/teamet-2018\/niklas-henriksson\/#breadcrumb\",\"itemListElement\":[{\"@type\":\"ListItem\",\"position\":1,\"name\":\"Home\",\"item\":\"https:\/\/www.welovecycling.com\/se\/\"},{\"@type\":\"ListItem\",\"position\":2,\"name\":\"\u0160koda Cycling Team\",\"item\":\"https:\/\/www.welovecycling.com\/se\/skoda-cycling-team\/\"},{\"@type\":\"ListItem\",\"position\":3,\"name\":\"SKODA Cycling Team 2018\",\"item\":\"https:\/\/www.welovecycling.com\/se\/skoda-cycling-team\/teamet-2018\/\"},{\"@type\":\"ListItem\",\"position\":4,\"name\":\"Niklas Henriksson\"}]},{\"@type\":\"WebSite\",\"@id\":\"https:\/\/www.welovecycling.com\/se\/#website\",\"url\":\"https:\/\/www.welovecycling.com\/se\/\",\"name\":\"\u0160koda - We Love Cycling - Sweden\",\"description\":\"\u0160koda We Love Cycling - Sweden\",\"potentialAction\":[{\"@type\":\"SearchAction\",\"target\":{\"@type\":\"EntryPoint\",\"urlTemplate\":\"https:\/\/www.welovecycling.com\/se\/?s={search_term_string}\"},\"query-input\":{\"@type\":\"PropertyValueSpecification\",\"valueRequired\":true,\"valueName\":\"search_term_string\"}}],\"inLanguage\":\"sv-SE\"}]}<\/script>\n<!-- \/ Yoast SEO Premium plugin. -->","yoast_head_json":{"title":"Niklas Henriksson - \u0160koda - We Love Cycling - Sweden","robots":{"index":"index","follow":"follow","max-snippet":"max-snippet:-1","max-image-preview":"max-image-preview:large","max-video-preview":"max-video-preview:-1"},"canonical":"https:\/\/www.welovecycling.com\/se\/skoda-cycling-team\/teamet-2018\/niklas-henriksson\/","og_locale":"sv_SE","og_type":"article","og_title":"Niklas Henriksson","og_description":"Niklas Henriksson Namn: Niklas Henriksson \u00c5lder: 27 Bor: Ume\u00e5 Familj: Sambon Pernilla och hunden Smilla L\u00e4ngd: 183 Yrke: S\u00e4ljare (n\u00e4r [&hellip;]","og_url":"https:\/\/www.welovecycling.com\/se\/skoda-cycling-team\/teamet-2018\/niklas-henriksson\/","og_site_name":"\u0160koda - We Love Cycling - Sweden","og_image":[{"url":"https:\/\/d2p6e6u75xmxt8.cloudfront.net\/9\/2018\/04\/JBA_3613_1-2.jpg","type":"","width":"","height":""}],"twitter_card":"summary_large_image","twitter_misc":{"Est. reading time":"2 minutes"},"schema":{"@context":"https:\/\/schema.org","@graph":[{"@type":"WebPage","@id":"https:\/\/www.welovecycling.com\/se\/skoda-cycling-team\/teamet-2018\/niklas-henriksson\/","url":"https:\/\/www.welovecycling.com\/se\/skoda-cycling-team\/teamet-2018\/niklas-henriksson\/","name":"Niklas Henriksson - \u0160koda - We Love Cycling - Sweden","isPartOf":{"@id":"https:\/\/www.welovecycling.com\/se\/#website"},"primaryImageOfPage":{"@id":"https:\/\/www.welovecycling.com\/se\/skoda-cycling-team\/teamet-2018\/niklas-henriksson\/#primaryimage"},"image":{"@id":"https:\/\/www.welovecycling.com\/se\/skoda-cycling-team\/teamet-2018\/niklas-henriksson\/#primaryimage"},"thumbnailUrl":"https:\/\/d2p6e6u75xmxt8.cloudfront.net\/9\/2018\/04\/JBA_3613_1-2.jpg","datePublished":"2018-05-03T20:00:32+00:00","breadcrumb":{"@id":"https:\/\/www.welovecycling.com\/se\/skoda-cycling-team\/teamet-2018\/niklas-henriksson\/#breadcrumb"},"inLanguage":"sv-SE","potentialAction":[{"@type":"ReadAction","target":["https:\/\/www.welovecycling.com\/se\/skoda-cycling-team\/teamet-2018\/niklas-henriksson\/"]}]},{"@type":"ImageObject","inLanguage":"sv-SE","@id":"https:\/\/www.welovecycling.com\/se\/skoda-cycling-team\/teamet-2018\/niklas-henriksson\/#primaryimage","url":"https:\/\/d2p6e6u75xmxt8.cloudfront.net\/9\/2018\/04\/JBA_3613_1-2.jpg","contentUrl":"https:\/\/d2p6e6u75xmxt8.cloudfront.net\/9\/2018\/04\/JBA_3613_1-2.jpg"},{"@type":"BreadcrumbList","@id":"https:\/\/www.welovecycling.com\/se\/skoda-cycling-team\/teamet-2018\/niklas-henriksson\/#breadcrumb","itemListElement":[{"@type":"ListItem","position":1,"name":"Home","item":"https:\/\/www.welovecycling.com\/se\/"},{"@type":"ListItem","position":2,"name":"\u0160koda Cycling Team","item":"https:\/\/www.welovecycling.com\/se\/skoda-cycling-team\/"},{"@type":"ListItem","position":3,"name":"SKODA Cycling Team 2018","item":"https:\/\/www.welovecycling.com\/se\/skoda-cycling-team\/teamet-2018\/"},{"@type":"ListItem","position":4,"name":"Niklas Henriksson"}]},{"@type":"WebSite","@id":"https:\/\/www.welovecycling.com\/se\/#website","url":"https:\/\/www.welovecycling.com\/se\/","name":"\u0160koda - We Love Cycling - Sweden","description":"\u0160koda We Love Cycling - Sweden","potentialAction":[{"@type":"SearchAction","target":{"@type":"EntryPoint","urlTemplate":"https:\/\/www.welovecycling.com\/se\/?s={search_term_string}"},"query-input":{"@type":"PropertyValueSpecification","valueRequired":true,"valueName":"search_term_string"}}],"inLanguage":"sv-SE"}]}},"_links":{"self":[{"href":"https:\/\/www.welovecycling.com\/se\/wp-json\/wp\/v2\/pages\/1123","targetHints":{"allow":["GET"]}}],"collection":[{"href":"https:\/\/www.welovecycling.com\/se\/wp-json\/wp\/v2\/pages"}],"about":[{"href":"https:\/\/www.welovecycling.com\/se\/wp-json\/wp\/v2\/types\/page"}],"author":[{"embeddable":true,"href":"https:\/\/www.welovecycling.com\/se\/wp-json\/wp\/v2\/users\/52"}],"replies":[{"embeddable":true,"href":"https:\/\/www.welovecycling.com\/se\/wp-json\/wp\/v2\/comments?post=1123"}],"version-history":[{"count":2,"href":"https:\/\/www.welovecycling.com\/se\/wp-json\/wp\/v2\/pages\/1123\/revisions"}],"predecessor-version":[{"id":1127,"href":"https:\/\/www.welovecycling.com\/se\/wp-json\/wp\/v2\/pages\/1123\/revisions\/1127"}],"up":[{"embeddable":true,"href":"https:\/\/www.welovecycling.com\/se\/wp-json\/wp\/v2\/pages\/872"}],"wp:attachment":[{"href":"https:\/\/www.welovecycling.com\/se\/wp-json\/wp\/v2\/media?parent=1123"}],"wp:term":[{"taxonomy":"post_tag","embeddable":true,"href":"https:\/\/www.welovecycling.com\/se\/wp-json\/wp\/v2\/tags?post=1123"}],"curies":[{"name":"wp","href":"https:\/\/api.w.org\/{rel}","templated":true}]}}