{"id":1011,"date":"2018-04-25T19:24:00","date_gmt":"2018-04-25T18:24:00","guid":{"rendered":"https:\/\/www.welovecycling.com\/se\/?page_id=1011"},"modified":"2018-05-05T13:58:17","modified_gmt":"2018-05-05T12:58:17","slug":"daniel-adams-ray","status":"publish","type":"page","link":"https:\/\/www.welovecycling.com\/se\/skoda-cycling-team\/teamet-2018\/daniel-adams-ray\/","title":{"rendered":"Daniel Adams Ray"},"content":{"rendered":"<div id=\"pl-1011\"  class=\"panel-layout\" ><div id=\"pg-1011-0\"  class=\"panel-grid panel-no-style\" ><div id=\"pgc-1011-0-0\"  class=\"panel-grid-cell panel-grid-cell-empty\" ><\/div><\/div><div id=\"pg-1011-1\"  class=\"panel-grid panel-no-style\" ><div id=\"pgc-1011-1-0\"  class=\"panel-grid-cell panel-grid-cell-empty\" ><\/div><div id=\"pgc-1011-1-1\"  class=\"panel-grid-cell\" ><div id=\"panel-1011-1-1-0\" class=\"so-panel widget widget_sow-editor panel-first-child panel-last-child\" data-index=\"0\" ><div\n\t\t\t\n\t\t\tclass=\"so-widget-sow-editor so-widget-sow-editor-base\"\n\t\t\t\n\t\t>\n<div class=\"siteorigin-widget-tinymce textwidget\">\n\t<p><img loading=\"lazy\" decoding=\"async\" class=\"alignleft size-full wp-image-1065\" src=\"https:\/\/d2p6e6u75xmxt8.cloudfront.net\/9\/2018\/04\/JBA_3705_1-1.jpg\" alt=\"\" width=\"530\" height=\"800\" srcset=\"https:\/\/d2p6e6u75xmxt8.cloudfront.net\/9\/2018\/04\/JBA_3705_1-1.jpg 530w, https:\/\/d2p6e6u75xmxt8.cloudfront.net\/9\/2018\/04\/JBA_3705_1-1-199x300.jpg 199w\" sizes=\"auto, (max-width: 530px) 100vw, 530px\" \/><\/p>\n<\/div>\n<\/div><\/div><\/div><div id=\"pgc-1011-1-2\"  class=\"panel-grid-cell panel-grid-cell-mobile-last\" ><div id=\"panel-1011-1-2-0\" class=\"so-panel widget widget_sow-editor panel-first-child panel-last-child\" data-index=\"1\" ><div\n\t\t\t\n\t\t\tclass=\"so-widget-sow-editor so-widget-sow-editor-base\"\n\t\t\t\n\t\t>\n<div class=\"siteorigin-widget-tinymce textwidget\">\n\t<h1>Daniel Adams-Ray<\/h1>\n<p><b>Namn:<\/b><span style=\"font-weight: 400;\"> Daniel Adams-Ray<\/span><\/p>\n<p><b>\u00c5lder:<\/b><span style=\"font-weight: 400;\"> 34<\/span><\/p>\n<p><b>Bor:<\/b><span style=\"font-weight: 400;\"> Stockholm<\/span><\/p>\n<p><b>L\u00e4ngd:<\/b><span style=\"font-weight: 400;\"> 178<\/span><\/p>\n<p><b>N\u00e4r uppt\u00e4ckte du din passion f\u00f6r cykling? <\/b><span style=\"font-weight: 400;\">Jag b\u00f6rjade samla p\u00e5 Japanska Keirincyklar f\u00f6r 10 \u00e5r sen. F\u00f6rmodligen mer f\u00f6r den renodlade estetikens skull \u00e4n funktion. Studerade klyschigt nog Grafisk Design p\u00e5 Berghs vid den h\u00e4r tidpunkten. \u00a0Det var f\u00f6rst n\u00e5gra \u00e5r senare inf\u00f6r en fantastisk 30-\u00e5rskris som la jag ihop ett och ett n\u00e4r jag tvingades cykeltr\u00e4na inf\u00f6r att g\u00f6ra en Svensk klassiker under\u00a0<\/span>totalt 20 timmar.<\/p>\n<p><b>Om man ska \u00e5ka iv\u00e4g en vecka utomlands f\u00f6r att cykla. Var ska man bege sig d\u00e5? <\/b><span style=\"font-weight: 400;\">Det som \u00e4r bra med cykeln \u00e4r att man som turist kan ta sig igenom vilket svajigt kvarter som helst utan Ghetto pass. Min fetaste cykelupplevelse var nog i Kapstaden. Eller n\u00e4r jag cyklade genom Jay-Z\u2019s kvarter i Marcy projects och alla h\u00f6rnf\u00f6rs\u00e4ljare undrade vad fan jag ville p\u00e5 min cykel.<\/span><\/p>\n<p><b>Roligaste passen? <\/b><span style=\"font-weight: 400;\">Solopass p\u00e5 tempocykel. Utan strumpor!<\/span><\/p>\n<p><b>V\u00e4rsta passen? <\/b><span style=\"font-weight: 400;\">Mina kenyanska bambupinnar till ben har sv\u00e5rt f\u00f6r l\u00e5gkadensintervaller.<\/span><\/p>\n<p><b>Styrkor som cyklist?<\/b><span style=\"font-weight: 400;\"> Uppf\u00f6rsbackar<\/span><\/p>\n<p><b>Svagheter som cyklist? <\/b><span style=\"font-weight: 400;\">Platten<\/span><\/p>\n<p><b>Intressen ut\u00f6ver cyklingen? <\/b><span style=\"font-weight: 400;\">L\u00f6pning och typografi.<\/span><\/p>\n<p><b>Favoritcyklist genom tiderna? <\/b><span style=\"font-weight: 400;\">David Byrne fr\u00e5n Talking heads efter att ha l\u00e4st de f\u00f6rsta 50 sidorna i hans fantastiska bok Bicycle Diaries.<\/span><\/p>\n<p><b>St\u00f6rsta bedrift p\u00e5 cykeln? <\/b><span style=\"font-weight: 400;\">Den \u00e5terst\u00e5r fortfarande. Men jag antar att min cykling under Ironman Kalmar p\u00e5 4:54 innan min 3:06 mara var ok.<\/span><\/p>\n<p><b>Vad ser du mest fram emot inf\u00f6r V\u00e4tternrundan? <\/b><span style=\"font-weight: 400;\">Att dela de emotionella topparna och dalarna med folk jag knappt k\u00e4nner. \u00a0Det \u00e4r den typen av gr\u00e4ns\u00f6verskridande m\u00f6ten som jag gillar med cykling allra mest.<\/span><\/p>\n<p><b>St\u00f6rsta r\u00e4dsla inf\u00f6r V\u00e4tternrundan? <\/b><span style=\"font-weight: 400;\">Att sl\u00e5 s\u00f6nder mig sj\u00e4lv eller bli avh\u00e4ngd.<\/span><\/p>\n<p><b>Vem \u00e4r din favorit i teamet och varf\u00f6r? <\/b><span style=\"font-weight: 400;\">Kenny Paavola. F\u00f6r resan han gjort och f\u00f6r all v\u00e4rme han delar med sig.<\/span><\/p>\n<p><b>Vad tror du att du kommer bidra med till teamet under s\u00e4songen? <\/b><span style=\"font-weight: 400;\">Rookie mistakes<\/span><\/p>\n<p><b>Vad kommer du dra nytta av hos din fadder? <\/b><span style=\"font-weight: 400;\">Hur man cyklar som ett kollektiv och f\u00f6rhoppningsvis att v\u00e5ga sl\u00e4ppa p\u00e5 kontrollbehovet. Tycker fortfarande s\u00e5d\u00e4r om att ligga 20 cm fr\u00e5n n\u00e5gons bakhjul i 60 km\/h..<\/span><\/p>\n<p><b>Vad \u00e4r din utmaning med V\u00e4tternrundan under 8h? \u00a0<\/b><span style=\"font-weight: 400;\">Att klara det.<\/span><\/p>\n<p><b>Vad fikar du helst p\u00e5 en tr\u00e4ningsrunda? <\/b><span style=\"font-weight: 400;\">Gummibj\u00f6rnar<\/span><\/p>\n<p><b>Vad lyssnar du p\u00e5 under dina intervallpass?<\/b><span style=\"font-weight: 400;\"> Lyssnar inte p\u00e5 musik n\u00e4r jag tr\u00e4nar.<\/span><\/p>\n<p><b>Hur f\u00f6rst\u00e5ende \u00e4r dina n\u00e4rmaste till din cykling?<\/b><span style=\"font-weight: 400;\"> \u00a0Det \u00e4r ingen som bryr sig om att jag cyklar<\/span><\/p>\n<p><b>Vad vill du bli n\u00e4r du blir stor? <\/b><span style=\"font-weight: 400;\">Mig sj\u00e4lv<\/span><\/p>\n<p><b>Vad g\u00f6r du helst en fredagkv\u00e4ll? <\/b><span style=\"font-weight: 400;\">Lagar mat och somnar tidigt.<\/span><\/p>\n<p><b>N\u00e4mn tre saker p\u00e5 din att-g\u00f6ra-lista:<\/b><\/p>\n<ul>\n<li>Spela i Nairobi\n<\/li>\n<li>V\u00e4ttern sub 8\n<\/li>\n<li>Stockholm marathon sub 2:40<\/li>\n<\/ul>\n<\/div>\n<\/div><\/div><\/div><div id=\"pgc-1011-1-3\"  class=\"panel-grid-cell panel-grid-cell-empty\" ><\/div><\/div><div id=\"pg-1011-2\"  class=\"panel-grid panel-no-style\" ><div id=\"pgc-1011-2-0\"  class=\"panel-grid-cell panel-grid-cell-empty\" ><\/div><\/div><\/div>","protected":false},"excerpt":{"rendered":"<p>Daniel Adams-Ray Namn: Daniel Adams-Ray \u00c5lder: 34 Bor: Stockholm L\u00e4ngd: 178 N\u00e4r uppt\u00e4ckte du din passion f\u00f6r cykling? Jag b\u00f6rjade [&hellip;]<\/p>\n","protected":false},"author":52,"featured_media":0,"parent":872,"menu_order":0,"comment_status":"closed","ping_status":"closed","template":"templates\/template-full-width.php","meta":{"footnotes":""},"tags":[],"class_list":["post-1011","page","type-page","status-publish","hentry"],"yoast_head":"<!-- This site is optimized with the Yoast SEO Premium plugin v25.3 (Yoast SEO v25.9) - https:\/\/yoast.com\/wordpress\/plugins\/seo\/ -->\n<title>Daniel Adams Ray - \u0160koda - We Love Cycling - Sweden<\/title>\n<meta name=\"robots\" content=\"index, follow, max-snippet:-1, max-image-preview:large, max-video-preview:-1\" \/>\n<link rel=\"canonical\" href=\"https:\/\/www.welovecycling.com\/se\/skoda-cycling-team\/teamet-2018\/daniel-adams-ray\/\" \/>\n<meta property=\"og:locale\" content=\"sv_SE\" \/>\n<meta property=\"og:type\" content=\"article\" \/>\n<meta property=\"og:title\" content=\"Daniel Adams Ray\" \/>\n<meta property=\"og:description\" content=\"Daniel Adams-Ray Namn: Daniel Adams-Ray \u00c5lder: 34 Bor: Stockholm L\u00e4ngd: 178 N\u00e4r uppt\u00e4ckte du din passion f\u00f6r cykling? Jag b\u00f6rjade [&hellip;]\" \/>\n<meta property=\"og:url\" content=\"https:\/\/www.welovecycling.com\/se\/skoda-cycling-team\/teamet-2018\/daniel-adams-ray\/\" \/>\n<meta property=\"og:site_name\" content=\"\u0160koda - We Love Cycling - Sweden\" \/>\n<meta property=\"article:modified_time\" content=\"2018-05-05T12:58:17+00:00\" \/>\n<meta property=\"og:image\" content=\"https:\/\/d2p6e6u75xmxt8.cloudfront.net\/9\/2018\/04\/JBA_3705_1-1.jpg\" \/>\n<meta name=\"twitter:card\" content=\"summary_large_image\" \/>\n<meta name=\"twitter:label1\" content=\"Est. reading time\" \/>\n\t<meta name=\"twitter:data1\" content=\"2 minutes\" \/>\n<script type=\"application\/ld+json\" class=\"yoast-schema-graph\">{\"@context\":\"https:\/\/schema.org\",\"@graph\":[{\"@type\":\"WebPage\",\"@id\":\"https:\/\/www.welovecycling.com\/se\/skoda-cycling-team\/teamet-2018\/daniel-adams-ray\/\",\"url\":\"https:\/\/www.welovecycling.com\/se\/skoda-cycling-team\/teamet-2018\/daniel-adams-ray\/\",\"name\":\"Daniel Adams Ray - \u0160koda - We Love Cycling - Sweden\",\"isPartOf\":{\"@id\":\"https:\/\/www.welovecycling.com\/se\/#website\"},\"primaryImageOfPage\":{\"@id\":\"https:\/\/www.welovecycling.com\/se\/skoda-cycling-team\/teamet-2018\/daniel-adams-ray\/#primaryimage\"},\"image\":{\"@id\":\"https:\/\/www.welovecycling.com\/se\/skoda-cycling-team\/teamet-2018\/daniel-adams-ray\/#primaryimage\"},\"thumbnailUrl\":\"https:\/\/d2p6e6u75xmxt8.cloudfront.net\/9\/2018\/04\/JBA_3705_1-1.jpg\",\"datePublished\":\"2018-04-25T18:24:00+00:00\",\"dateModified\":\"2018-05-05T12:58:17+00:00\",\"breadcrumb\":{\"@id\":\"https:\/\/www.welovecycling.com\/se\/skoda-cycling-team\/teamet-2018\/daniel-adams-ray\/#breadcrumb\"},\"inLanguage\":\"sv-SE\",\"potentialAction\":[{\"@type\":\"ReadAction\",\"target\":[\"https:\/\/www.welovecycling.com\/se\/skoda-cycling-team\/teamet-2018\/daniel-adams-ray\/\"]}]},{\"@type\":\"ImageObject\",\"inLanguage\":\"sv-SE\",\"@id\":\"https:\/\/www.welovecycling.com\/se\/skoda-cycling-team\/teamet-2018\/daniel-adams-ray\/#primaryimage\",\"url\":\"https:\/\/d2p6e6u75xmxt8.cloudfront.net\/9\/2018\/04\/JBA_3705_1-1.jpg\",\"contentUrl\":\"https:\/\/d2p6e6u75xmxt8.cloudfront.net\/9\/2018\/04\/JBA_3705_1-1.jpg\"},{\"@type\":\"BreadcrumbList\",\"@id\":\"https:\/\/www.welovecycling.com\/se\/skoda-cycling-team\/teamet-2018\/daniel-adams-ray\/#breadcrumb\",\"itemListElement\":[{\"@type\":\"ListItem\",\"position\":1,\"name\":\"Home\",\"item\":\"https:\/\/www.welovecycling.com\/se\/\"},{\"@type\":\"ListItem\",\"position\":2,\"name\":\"\u0160koda Cycling Team\",\"item\":\"https:\/\/www.welovecycling.com\/se\/skoda-cycling-team\/\"},{\"@type\":\"ListItem\",\"position\":3,\"name\":\"SKODA Cycling Team 2018\",\"item\":\"https:\/\/www.welovecycling.com\/se\/skoda-cycling-team\/teamet-2018\/\"},{\"@type\":\"ListItem\",\"position\":4,\"name\":\"Daniel Adams Ray\"}]},{\"@type\":\"WebSite\",\"@id\":\"https:\/\/www.welovecycling.com\/se\/#website\",\"url\":\"https:\/\/www.welovecycling.com\/se\/\",\"name\":\"\u0160koda - We Love Cycling - Sweden\",\"description\":\"\u0160koda We Love Cycling - Sweden\",\"potentialAction\":[{\"@type\":\"SearchAction\",\"target\":{\"@type\":\"EntryPoint\",\"urlTemplate\":\"https:\/\/www.welovecycling.com\/se\/?s={search_term_string}\"},\"query-input\":{\"@type\":\"PropertyValueSpecification\",\"valueRequired\":true,\"valueName\":\"search_term_string\"}}],\"inLanguage\":\"sv-SE\"}]}<\/script>\n<!-- \/ Yoast SEO Premium plugin. -->","yoast_head_json":{"title":"Daniel Adams Ray - \u0160koda - We Love Cycling - Sweden","robots":{"index":"index","follow":"follow","max-snippet":"max-snippet:-1","max-image-preview":"max-image-preview:large","max-video-preview":"max-video-preview:-1"},"canonical":"https:\/\/www.welovecycling.com\/se\/skoda-cycling-team\/teamet-2018\/daniel-adams-ray\/","og_locale":"sv_SE","og_type":"article","og_title":"Daniel Adams Ray","og_description":"Daniel Adams-Ray Namn: Daniel Adams-Ray \u00c5lder: 34 Bor: Stockholm L\u00e4ngd: 178 N\u00e4r uppt\u00e4ckte du din passion f\u00f6r cykling? Jag b\u00f6rjade [&hellip;]","og_url":"https:\/\/www.welovecycling.com\/se\/skoda-cycling-team\/teamet-2018\/daniel-adams-ray\/","og_site_name":"\u0160koda - We Love Cycling - Sweden","article_modified_time":"2018-05-05T12:58:17+00:00","og_image":[{"url":"https:\/\/d2p6e6u75xmxt8.cloudfront.net\/9\/2018\/04\/JBA_3705_1-1.jpg","type":"","width":"","height":""}],"twitter_card":"summary_large_image","twitter_misc":{"Est. reading time":"2 minutes"},"schema":{"@context":"https:\/\/schema.org","@graph":[{"@type":"WebPage","@id":"https:\/\/www.welovecycling.com\/se\/skoda-cycling-team\/teamet-2018\/daniel-adams-ray\/","url":"https:\/\/www.welovecycling.com\/se\/skoda-cycling-team\/teamet-2018\/daniel-adams-ray\/","name":"Daniel Adams Ray - \u0160koda - We Love Cycling - Sweden","isPartOf":{"@id":"https:\/\/www.welovecycling.com\/se\/#website"},"primaryImageOfPage":{"@id":"https:\/\/www.welovecycling.com\/se\/skoda-cycling-team\/teamet-2018\/daniel-adams-ray\/#primaryimage"},"image":{"@id":"https:\/\/www.welovecycling.com\/se\/skoda-cycling-team\/teamet-2018\/daniel-adams-ray\/#primaryimage"},"thumbnailUrl":"https:\/\/d2p6e6u75xmxt8.cloudfront.net\/9\/2018\/04\/JBA_3705_1-1.jpg","datePublished":"2018-04-25T18:24:00+00:00","dateModified":"2018-05-05T12:58:17+00:00","breadcrumb":{"@id":"https:\/\/www.welovecycling.com\/se\/skoda-cycling-team\/teamet-2018\/daniel-adams-ray\/#breadcrumb"},"inLanguage":"sv-SE","potentialAction":[{"@type":"ReadAction","target":["https:\/\/www.welovecycling.com\/se\/skoda-cycling-team\/teamet-2018\/daniel-adams-ray\/"]}]},{"@type":"ImageObject","inLanguage":"sv-SE","@id":"https:\/\/www.welovecycling.com\/se\/skoda-cycling-team\/teamet-2018\/daniel-adams-ray\/#primaryimage","url":"https:\/\/d2p6e6u75xmxt8.cloudfront.net\/9\/2018\/04\/JBA_3705_1-1.jpg","contentUrl":"https:\/\/d2p6e6u75xmxt8.cloudfront.net\/9\/2018\/04\/JBA_3705_1-1.jpg"},{"@type":"BreadcrumbList","@id":"https:\/\/www.welovecycling.com\/se\/skoda-cycling-team\/teamet-2018\/daniel-adams-ray\/#breadcrumb","itemListElement":[{"@type":"ListItem","position":1,"name":"Home","item":"https:\/\/www.welovecycling.com\/se\/"},{"@type":"ListItem","position":2,"name":"\u0160koda Cycling Team","item":"https:\/\/www.welovecycling.com\/se\/skoda-cycling-team\/"},{"@type":"ListItem","position":3,"name":"SKODA Cycling Team 2018","item":"https:\/\/www.welovecycling.com\/se\/skoda-cycling-team\/teamet-2018\/"},{"@type":"ListItem","position":4,"name":"Daniel Adams Ray"}]},{"@type":"WebSite","@id":"https:\/\/www.welovecycling.com\/se\/#website","url":"https:\/\/www.welovecycling.com\/se\/","name":"\u0160koda - We Love Cycling - Sweden","description":"\u0160koda We Love Cycling - Sweden","potentialAction":[{"@type":"SearchAction","target":{"@type":"EntryPoint","urlTemplate":"https:\/\/www.welovecycling.com\/se\/?s={search_term_string}"},"query-input":{"@type":"PropertyValueSpecification","valueRequired":true,"valueName":"search_term_string"}}],"inLanguage":"sv-SE"}]}},"_links":{"self":[{"href":"https:\/\/www.welovecycling.com\/se\/wp-json\/wp\/v2\/pages\/1011","targetHints":{"allow":["GET"]}}],"collection":[{"href":"https:\/\/www.welovecycling.com\/se\/wp-json\/wp\/v2\/pages"}],"about":[{"href":"https:\/\/www.welovecycling.com\/se\/wp-json\/wp\/v2\/types\/page"}],"author":[{"embeddable":true,"href":"https:\/\/www.welovecycling.com\/se\/wp-json\/wp\/v2\/users\/52"}],"replies":[{"embeddable":true,"href":"https:\/\/www.welovecycling.com\/se\/wp-json\/wp\/v2\/comments?post=1011"}],"version-history":[{"count":2,"href":"https:\/\/www.welovecycling.com\/se\/wp-json\/wp\/v2\/pages\/1011\/revisions"}],"predecessor-version":[{"id":1109,"href":"https:\/\/www.welovecycling.com\/se\/wp-json\/wp\/v2\/pages\/1011\/revisions\/1109"}],"up":[{"embeddable":true,"href":"https:\/\/www.welovecycling.com\/se\/wp-json\/wp\/v2\/pages\/872"}],"wp:attachment":[{"href":"https:\/\/www.welovecycling.com\/se\/wp-json\/wp\/v2\/media?parent=1011"}],"wp:term":[{"taxonomy":"post_tag","embeddable":true,"href":"https:\/\/www.welovecycling.com\/se\/wp-json\/wp\/v2\/tags?post=1011"}],"curies":[{"name":"wp","href":"https:\/\/api.w.org\/{rel}","templated":true}]}}