{"id":93,"date":"2016-11-08T13:03:38","date_gmt":"2016-11-08T13:03:38","guid":{"rendered":"https:\/\/www.welovecycling.com\/pl\/?page_id=93"},"modified":"2025-02-27T09:28:27","modified_gmt":"2025-02-27T09:28:27","slug":"homepage","status":"publish","type":"page","link":"https:\/\/www.welovecycling.com\/pl\/","title":{"rendered":"Strona G\u0142\u00f3wna"},"content":{"rendered":"<p><!-- <a href=\"https:\/\/www.welovecycling.com\/wide\/tour-de-france-2022\/#contest\"><img loading=\"lazy\" decoding=\"async\" class=\"alignnone size-full wp-image-189991\" src=\"https:\/\/d2p6e6u75xmxt8.cloudfront.net\/2\/2022\/07\/TDF22_ContestBanner_Web.webp\" alt=\"\" width=\"1800\" height=\"430\" \/><\/a> --><\/p>\n","protected":false},"excerpt":{"rendered":"","protected":false},"author":1,"featured_media":0,"parent":0,"menu_order":0,"comment_status":"closed","ping_status":"closed","template":"","meta":{"footnotes":""},"tags":[],"class_list":["post-93","page","type-page","status-publish","hentry"],"yoast_head":"<!-- This site is optimized with the Yoast SEO Premium plugin v25.3 (Yoast SEO v25.9) - https:\/\/yoast.com\/wordpress\/plugins\/seo\/ -->\n<title>Strona G\u0142\u00f3wna - \u0160koda We Love Cycling - Poland<\/title>\n<meta name=\"description\" content=\"Wjed\u017a na stron\u0119 i poznaj kolarski \u015bwiat. Odkryj ciekawostki ze \u015bwiata rower\u00f3w!\" \/>\n<meta name=\"robots\" content=\"index, follow, max-snippet:-1, max-image-preview:large, max-video-preview:-1\" \/>\n<link rel=\"canonical\" href=\"https:\/\/www.welovecycling.com\/pl\/\" \/>\n<meta property=\"og:locale\" content=\"pl_PL\" \/>\n<meta property=\"og:type\" content=\"article\" \/>\n<meta property=\"og:title\" content=\"Strona G\u0142\u00f3wna\" \/>\n<meta property=\"og:description\" content=\"Wjed\u017a na stron\u0119 i poznaj kolarski \u015bwiat. Odkryj ciekawostki ze \u015bwiata rower\u00f3w!\" \/>\n<meta property=\"og:url\" content=\"https:\/\/www.welovecycling.com\/pl\/\" \/>\n<meta property=\"og:site_name\" content=\"\u0160koda We Love Cycling - Poland\" \/>\n<meta property=\"article:modified_time\" content=\"2025-02-27T09:28:27+00:00\" \/>\n<meta property=\"og:image\" content=\"https:\/\/d2p6e6u75xmxt8.cloudfront.net\/2\/2022\/07\/TDF22_ContestBanner_Web.webp\" \/>\n<meta name=\"twitter:card\" content=\"summary_large_image\" \/>\n<script type=\"application\/ld+json\" class=\"yoast-schema-graph\">{\"@context\":\"https:\/\/schema.org\",\"@graph\":[{\"@type\":\"WebPage\",\"@id\":\"https:\/\/www.welovecycling.com\/pl\/\",\"url\":\"https:\/\/www.welovecycling.com\/pl\/\",\"name\":\"Strona G\u0142\u00f3wna - \u0160koda We Love Cycling - Poland\",\"isPartOf\":{\"@id\":\"https:\/\/www.welovecycling.com\/pl\/#website\"},\"primaryImageOfPage\":{\"@id\":\"https:\/\/www.welovecycling.com\/pl\/#primaryimage\"},\"image\":{\"@id\":\"https:\/\/www.welovecycling.com\/pl\/#primaryimage\"},\"thumbnailUrl\":\"https:\/\/d2p6e6u75xmxt8.cloudfront.net\/2\/2022\/07\/TDF22_ContestBanner_Web.webp\",\"datePublished\":\"2016-11-08T13:03:38+00:00\",\"dateModified\":\"2025-02-27T09:28:27+00:00\",\"description\":\"Wjed\u017a na stron\u0119 i poznaj kolarski \u015bwiat. Odkryj ciekawostki ze \u015bwiata rower\u00f3w!\",\"breadcrumb\":{\"@id\":\"https:\/\/www.welovecycling.com\/pl\/#breadcrumb\"},\"inLanguage\":\"pl-PL\",\"potentialAction\":[{\"@type\":\"ReadAction\",\"target\":[\"https:\/\/www.welovecycling.com\/pl\/\"]}]},{\"@type\":\"ImageObject\",\"inLanguage\":\"pl-PL\",\"@id\":\"https:\/\/www.welovecycling.com\/pl\/#primaryimage\",\"url\":\"https:\/\/d2p6e6u75xmxt8.cloudfront.net\/2\/2022\/07\/TDF22_ContestBanner_Web.webp\",\"contentUrl\":\"https:\/\/d2p6e6u75xmxt8.cloudfront.net\/2\/2022\/07\/TDF22_ContestBanner_Web.webp\"},{\"@type\":\"BreadcrumbList\",\"@id\":\"https:\/\/www.welovecycling.com\/pl\/#breadcrumb\",\"itemListElement\":[{\"@type\":\"ListItem\",\"position\":1,\"name\":\"Home\",\"item\":\"https:\/\/www.welovecycling.com\/pl\/\"},{\"@type\":\"ListItem\",\"position\":2,\"name\":\"Strona G\u0142\u00f3wna\"}]},{\"@type\":\"WebSite\",\"@id\":\"https:\/\/www.welovecycling.com\/pl\/#website\",\"url\":\"https:\/\/www.welovecycling.com\/pl\/\",\"name\":\"\u0160koda We Love Cycling - Poland\",\"description\":\"\",\"potentialAction\":[{\"@type\":\"SearchAction\",\"target\":{\"@type\":\"EntryPoint\",\"urlTemplate\":\"https:\/\/www.welovecycling.com\/pl\/?s={search_term_string}\"},\"query-input\":{\"@type\":\"PropertyValueSpecification\",\"valueRequired\":true,\"valueName\":\"search_term_string\"}}],\"inLanguage\":\"pl-PL\"}]}<\/script>\n<!-- \/ Yoast SEO Premium plugin. -->","yoast_head_json":{"title":"Strona G\u0142\u00f3wna - \u0160koda We Love Cycling - Poland","description":"Wjed\u017a na stron\u0119 i poznaj kolarski \u015bwiat. Odkryj ciekawostki ze \u015bwiata rower\u00f3w!","robots":{"index":"index","follow":"follow","max-snippet":"max-snippet:-1","max-image-preview":"max-image-preview:large","max-video-preview":"max-video-preview:-1"},"canonical":"https:\/\/www.welovecycling.com\/pl\/","og_locale":"pl_PL","og_type":"article","og_title":"Strona G\u0142\u00f3wna","og_description":"Wjed\u017a na stron\u0119 i poznaj kolarski \u015bwiat. Odkryj ciekawostki ze \u015bwiata rower\u00f3w!","og_url":"https:\/\/www.welovecycling.com\/pl\/","og_site_name":"\u0160koda We Love Cycling - Poland","article_modified_time":"2025-02-27T09:28:27+00:00","og_image":[{"url":"https:\/\/d2p6e6u75xmxt8.cloudfront.net\/2\/2022\/07\/TDF22_ContestBanner_Web.webp","type":"","width":"","height":""}],"twitter_card":"summary_large_image","schema":{"@context":"https:\/\/schema.org","@graph":[{"@type":"WebPage","@id":"https:\/\/www.welovecycling.com\/pl\/","url":"https:\/\/www.welovecycling.com\/pl\/","name":"Strona G\u0142\u00f3wna - \u0160koda We Love Cycling - Poland","isPartOf":{"@id":"https:\/\/www.welovecycling.com\/pl\/#website"},"primaryImageOfPage":{"@id":"https:\/\/www.welovecycling.com\/pl\/#primaryimage"},"image":{"@id":"https:\/\/www.welovecycling.com\/pl\/#primaryimage"},"thumbnailUrl":"https:\/\/d2p6e6u75xmxt8.cloudfront.net\/2\/2022\/07\/TDF22_ContestBanner_Web.webp","datePublished":"2016-11-08T13:03:38+00:00","dateModified":"2025-02-27T09:28:27+00:00","description":"Wjed\u017a na stron\u0119 i poznaj kolarski \u015bwiat. Odkryj ciekawostki ze \u015bwiata rower\u00f3w!","breadcrumb":{"@id":"https:\/\/www.welovecycling.com\/pl\/#breadcrumb"},"inLanguage":"pl-PL","potentialAction":[{"@type":"ReadAction","target":["https:\/\/www.welovecycling.com\/pl\/"]}]},{"@type":"ImageObject","inLanguage":"pl-PL","@id":"https:\/\/www.welovecycling.com\/pl\/#primaryimage","url":"https:\/\/d2p6e6u75xmxt8.cloudfront.net\/2\/2022\/07\/TDF22_ContestBanner_Web.webp","contentUrl":"https:\/\/d2p6e6u75xmxt8.cloudfront.net\/2\/2022\/07\/TDF22_ContestBanner_Web.webp"},{"@type":"BreadcrumbList","@id":"https:\/\/www.welovecycling.com\/pl\/#breadcrumb","itemListElement":[{"@type":"ListItem","position":1,"name":"Home","item":"https:\/\/www.welovecycling.com\/pl\/"},{"@type":"ListItem","position":2,"name":"Strona G\u0142\u00f3wna"}]},{"@type":"WebSite","@id":"https:\/\/www.welovecycling.com\/pl\/#website","url":"https:\/\/www.welovecycling.com\/pl\/","name":"\u0160koda We Love Cycling - Poland","description":"","potentialAction":[{"@type":"SearchAction","target":{"@type":"EntryPoint","urlTemplate":"https:\/\/www.welovecycling.com\/pl\/?s={search_term_string}"},"query-input":{"@type":"PropertyValueSpecification","valueRequired":true,"valueName":"search_term_string"}}],"inLanguage":"pl-PL"}]}},"_links":{"self":[{"href":"https:\/\/www.welovecycling.com\/pl\/wp-json\/wp\/v2\/pages\/93","targetHints":{"allow":["GET"]}}],"collection":[{"href":"https:\/\/www.welovecycling.com\/pl\/wp-json\/wp\/v2\/pages"}],"about":[{"href":"https:\/\/www.welovecycling.com\/pl\/wp-json\/wp\/v2\/types\/page"}],"author":[{"embeddable":true,"href":"https:\/\/www.welovecycling.com\/pl\/wp-json\/wp\/v2\/users\/1"}],"replies":[{"embeddable":true,"href":"https:\/\/www.welovecycling.com\/pl\/wp-json\/wp\/v2\/comments?post=93"}],"version-history":[{"count":3,"href":"https:\/\/www.welovecycling.com\/pl\/wp-json\/wp\/v2\/pages\/93\/revisions"}],"predecessor-version":[{"id":16072,"href":"https:\/\/www.welovecycling.com\/pl\/wp-json\/wp\/v2\/pages\/93\/revisions\/16072"}],"wp:attachment":[{"href":"https:\/\/www.welovecycling.com\/pl\/wp-json\/wp\/v2\/media?parent=93"}],"wp:term":[{"taxonomy":"post_tag","embeddable":true,"href":"https:\/\/www.welovecycling.com\/pl\/wp-json\/wp\/v2\/tags?post=93"}],"curies":[{"name":"wp","href":"https:\/\/api.w.org\/{rel}","templated":true}]}}