{"id":9084,"date":"2019-07-01T11:58:12","date_gmt":"2019-07-01T11:58:12","guid":{"rendered":"https:\/\/www.welovecycling.com\/pl\/?page_id=9084"},"modified":"2019-07-02T07:44:03","modified_gmt":"2019-07-02T07:44:03","slug":"tdf-2019-terms-and-conditions","status":"publish","type":"page","link":"https:\/\/www.welovecycling.com\/pl\/tour-de-france-2019\/tdf-2019-terms-and-conditions\/","title":{"rendered":"TDF 2019 &#8211; zasady i warunki"},"content":{"rendered":"<p>Niniejszy regulamin okre\u015bla warunki konkursu \u201eWygraj wspania\u0142e nagrody 2019\u201d (dalej zwanego \u201eKonkursem\u201d). \u00a0Niniejszy regulamin stanowi jedyny dokument, kt\u00f3ry reguluje zasady tego konkursu w ca\u0142o\u015bci i w spos\u00f3b obowi\u0105zuj\u0105cy.<\/p>\n<p>&nbsp;<\/p>\n<h2>1. Gospodarz i organizator Konkursu<\/h2>\n<p>Gospodarzem Konkursu jest \u0160koda AUTO a.s., sp\u00f3\u0142ka akcyjna z siedzib\u0105 przy t\u0159. V\u00e1clava Klementa 869, 293 01 Mlad\u00e1 Boleslav, Czechy, numer identyfikacyjny sp\u00f3\u0142ki: 00177041, wpisana do Rejestru Handlowego prowadzonego przez S\u0105d Miejski w Pradze, sekcja B, numer akt 332 (dalej zwana \u201eGospodarzem\u201d).<\/p>\n<p>Organizatorem Konkursu, kt\u00f3ry zapewnia realizacj\u0119 praktycznych dzia\u0142a\u0144 w zakresie organizacji Konkursu, jest MUSTARD s.r.o. z siedzib\u0105 przy Masarykovo n\u00e1b\u0159. 246, Praga 1 \u2013 Nov\u00e9 M\u011bsto, 110 00, Czechy, numer identyfikacyjny sp\u00f3\u0142ki: 28531418, sp\u00f3\u0142ka wpisana do Rejestru Handlowego prowadzonego przez S\u0105d Miejski w Pradze, sekcja C, wpis nr 148383.<\/p>\n<p>&nbsp;<\/p>\n<h2>2. Czas trwania i miejsce Konkursu, rundy Konkursu<\/h2>\n<p>Konkurs b\u0119dzie trwa\u0142 od godziny 0.00 (GMT) 6.07.2019 do godziny 23.59 (GTM) 28.07.2019 r. i b\u0119dzie podzielony na trzy oddzielne rundy. Konkurs b\u0119dzie przeprowadzony za pomoc\u0105 strony <a href=\"http:\/\/www.welovecycling.com\">www.welovecycling.com<\/a> (zwanej dalej \u201estron\u0105 internetow\u0105 Konkursu\u201d), na kt\u00f3rej w g\u0142\u00f3wnej mierze odbywa\u0107 si\u0119 b\u0119dzie komunikacja z uczestnikami. Oddzielne rundy Konkursu to:<\/p>\n<p>Od \/ Do \/ Liczba g\u0142\u00f3wnych nagr\u00f3d \/ Liczba mniejszych nagr\u00f3d \/<\/p>\n<ul>\n<li>1. runda konkursu \u2013 godzina 0.00 (GMT) dnia 6.07.2019 r. \/ godzina 23.59 dnia 14.07.2019 r. \/ 2 \/ 5<\/li>\n<li>2. runda konkursu \u2013 godzina 0.00 (GMT) dnia 15.07.2019 r. \/ godzina 23.59 dnia 21.07.2019 r. \/ 10 \/ 20<\/li>\n<li>3. runda konkursu \u2013 godzina 0.00 (GMT) dnia 22.07.2019 r. \/ godzina 23.59 dnia 28.07.2019 r. \/ 3 \/ 5<\/li>\n<\/ul>\n<p>&nbsp;<\/p>\n<h2>3. Uczestnicy Konkursu<\/h2>\n<p>W konkursie mog\u0105 wzi\u0105\u0107 osoby, kt\u00f3re uko\u0144czy\u0142y 18 lat, pos\u0142uguj\u0105 si\u0119 j\u0119zykiem angielskim na poziomie \u015brednio zaawansowanym i zamieszkuj\u0105 w jednym z pa\u0144stw, w kt\u00f3rych odbywa si\u0119 Konkurs. Konkurs odbywa si\u0119 w nast\u0119puj\u0105cych pa\u0144stwach: ANDORA, AUSTRIA, BELGIA, BO\u015aNIA, BU\u0141GARIA, CHORWACJA, CZARNOG\u00d3RA, CZECHY, DANIA, ESTONIA, FINLANDIA, FRANCJA, GRECJA, HISZPANIA, HOLANDIA, IRLANDIA, ISLANDIA, LIECHTENSTEIN, LITWA, LUKSEMBURG, \u0141OTWA, NIEMCY, NORWEGIA, POLSKA, PORTUGALIA, RUMUNIA, SERBIA, S\u0141OWACJA, S\u0141OWENIA, SZWAJCARIA, SZWECJA, TURCJA, W\u0118GRY, WIELKA BRYTANIA, W\u0141OCHY.<\/p>\n<p>Warunkiem przyst\u0105pienia do Konkursu jest rejestracja na stronie Konkursu w dowolnym momencie trwania jednej z rund Konkursu i potwierdzenie bezwarunkowej akceptacji niniejszego regulaminu. Cz\u0119\u015bci\u0105 rejestracji (formularz zg\u0142oszeniowy) jest przekazanie danych osobowych \u2013 adresu e-mail, kt\u00f3ry zostanie wykorzystany wy\u0142\u0105cznie do cel\u00f3w zwi\u0105zanych z Konkursem.<\/p>\n<p>Ka\u017cdy uczestnik mo\u017ce zarejestrowa\u0107 si\u0119 tylko raz i jedynie pod w\u0142asnym adresem e-mail, przy czym Gospodarz Konkursu zastrzega sobie prawo do weryfikacji przestrzegania tej zasady za pomoc\u0105 \u015brodk\u00f3w technicznych i organizacyjnych.<\/p>\n<p>Wszystkie osoby, kt\u00f3re uczestniczy\u0142y w przygotowywaniu niniejszego Konkursu, a przede wszystkim osoby, kt\u00f3re \u0142\u0105czy z Gospodarzem lub Organizatorem stosunek pracy lub podobna relacja, nie mog\u0105 bra\u0107 udzia\u0142u w Konkursie, tak samo jak wszelkie osoby znajduj\u0105ce si\u0119 w podobnej relacji z autoryzowanym partnerem firmy \u0160koda lub z agencjami, kt\u00f3rym powierzono zapewnienie w\u0142a\u015bciwego przebiegu niniejszego Konkursu, cz\u0142onkowie ich rodzin oraz bliscy takich os\u00f3b.<\/p>\n<p>&nbsp;<\/p>\n<h2>4. Mechanizm dzia\u0142ania Konkursu, wyb\u00f3r zwyci\u0119zc\u00f3w<\/h2>\n<p>W ka\u017cdej z rund uczestnik b\u0119dzie mia\u0142 za zadanie odpowiedzie\u0107 jak najbardziej prawid\u0142owo na sze\u015b\u0107 pyta\u0144 konkursowych. Wszyscy uczestnicy, kt\u00f3rzy odpowiedz\u0105 na ka\u017cde z sze\u015bciu pyta\u0144 z danej rundy, b\u0119d\u0105 mieli szans\u0119 na wygranie nagrody. Liczba nagr\u00f3d przyznawanych w ka\u017cdej z rund jest podana powy\u017cej.<\/p>\n<p>W pierwszej rundzie Konkursu g\u0142\u00f3wn\u0105 nagrod\u0119 wygrywaj\u0105 uczestnicy, kt\u00f3rzy podadz\u0105 wszystkie prawid\u0142owe odpowiedzi i znajd\u0105 si\u0119 na pozycjach stanowi\u0105cych 1\/3 oraz 2\/3 listy wszystkich uczestnik\u00f3w. Je\u015bli liczba uczestnik\u00f3w nie jest podzielna przez 3, zostanie zaokr\u0105glona w d\u00f3\u0142 do najbli\u017cszej warto\u015bci ca\u0142kowitej podzielnej przez 3. Mniejsze nagrody wygrywaj\u0105 uczestnicy, kt\u00f3rzy podadz\u0105 wszystkie prawid\u0142owe odpowiedzi i znajd\u0105 si\u0119 na pozycjach stanowi\u0105cych 1\/7, 2\/7, 3\/7, 4\/7 i 5\/7 listy wszystkich uczestnik\u00f3w. Je\u015bli liczba uczestnik\u00f3w nie jest podzielna przez 7, zostanie zaokr\u0105glona w d\u00f3\u0142 do najbli\u017cszej warto\u015bci ca\u0142kowitej podzielnej przez 7.<\/p>\n<p>W drugiej rundzie Konkursu g\u0142\u00f3wn\u0105 nagrod\u0119 wygrywaj\u0105 uczestnicy, kt\u00f3rzy podadz\u0105 wszystkie prawid\u0142owe odpowiedzi i znajd\u0105 si\u0119 na pozycjach stanowi\u0105cych 1\/11, 2\/11, 3\/11, 4\/11, 5\/11, 6\/11, 7\/11, 8\/11, 9\/11 i 10\/11 listy wszystkich uczestnik\u00f3w. Je\u015bli liczba uczestnik\u00f3w nie jest podzielna przez 4, zostanie zaokr\u0105glona w d\u00f3\u0142 do najbli\u017cszej warto\u015bci ca\u0142kowitej podzielnej przez 4. Mniejsze nagrody wygrywaj\u0105 uczestnicy, kt\u00f3rzy podadz\u0105 wszystkie prawid\u0142owe odpowiedzi i znajd\u0105 si\u0119 na pozycjach stanowi\u0105cych 1\/21, 2\/21, 3\/21, 4\/21, 5\/21, 6\/21, 7\/21, 8\/21, 9\/21, 10\/21, 11\/21, 12\/21, 13\/21, 14\/21, 15\/21, 16\/21, 17\/21, 18\/21, 19\/21 i 20\/21 listy wszystkich uczestnik\u00f3w. Je\u015bli liczba uczestnik\u00f3w nie jest podzielna przez 7, zostanie zaokr\u0105glona w d\u00f3\u0142 do najbli\u017cszej warto\u015bci ca\u0142kowitej podzielnej przez 7.<\/p>\n<p>W trzeciej rundzie Konkursu g\u0142\u00f3wn\u0105 nagrod\u0119 wygrywaj\u0105 uczestnicy, kt\u00f3rzy podadz\u0105 wszystkie prawid\u0142owe odpowiedzi i znajd\u0105 si\u0119 na pozycjach stanowi\u0105cych 1\/4, 2\/4 oraz 3\/4 listy wszystkich uczestnik\u00f3w. Je\u015bli liczba uczestnik\u00f3w nie jest podzielna przez 4, zostanie zaokr\u0105glona w d\u00f3\u0142 do najbli\u017cszej warto\u015bci ca\u0142kowitej podzielnej przez 4. Mniejsze nagrody wygrywaj\u0105 uczestnicy, kt\u00f3rzy podadz\u0105 wszystkie prawid\u0142owe odpowiedzi i znajd\u0105 si\u0119 na pozycjach stanowi\u0105cych 1\/7, 2\/7, 3\/7, 4\/7 i 5\/7 listy wszystkich uczestnik\u00f3w. Je\u015bli liczba uczestnik\u00f3w nie jest podzielna przez 7, zostanie zaokr\u0105glona w d\u00f3\u0142 do najbli\u017cszej warto\u015bci ca\u0142kowitej podzielnej przez 7.<\/p>\n<p>Wszystkie powy\u017csze listy uczestnik\u00f3w b\u0119d\u0105 zawsze sortowane chronologicznie wed\u0142ug czasu nadsy\u0142ania pyta\u0144 konkursowych.<\/p>\n<p>Gospodarz Konkursu poinformuje zwyci\u0119zc\u00f3w Konkursu, przesy\u0142aj\u0105c im wiadomo\u015b\u0107 pod adresem e-mail podanym przy rejestracji w ci\u0105gu pi\u0119ciu dni od zako\u0144czenia danej rundy Konkursu. Zwyci\u0119zcy zostan\u0105 poproszeni o przes\u0142anie danych niezb\u0119dnych do przekazania lub przes\u0142ania nagrody oraz do dalszego kontaktu. Je\u017celi zwyci\u0119zca nie odpowie na wielokrotnie przesy\u0142ane przez Gospodarza Konkursu wiadomo\u015bci e-mail lub nie poda danych kontaktowych w ci\u0105gu 24 godzin od wys\u0142ania wiadomo\u015bci, wtedy traci prawo do nagrody i nie b\u0119dzie mu przys\u0142ugiwa\u0107 z tego tytu\u0142u \u017cadna rekompensata.<\/p>\n<p>&nbsp;<\/p>\n<h2>5. Opis nagr\u00f3d<\/h2>\n<p><strong>Nagroda g\u0142\u00f3wna:<\/strong><\/p>\n<ul>\n<li>2 \u00d7 pakiet atrakcji obj\u0119tych Programem Go\u015bcinno\u015bci VIP (Etap 20)<\/li>\n<li>10 \u00d7 bon na sprz\u0119t rowerowy<\/li>\n<li>3 \u00d7 zielona koszulka z autografem<\/li>\n<\/ul>\n<p><strong>Mniejsze nagrody:<\/strong><\/p>\n<ul>\n<li>20 \u00d7 zielona koszulka<\/li>\n<li>10 \u00d7 zestaw o\u015bwietlenia rowerowego marki \u0160koda<\/li>\n<\/ul>\n<p>&nbsp;<\/p>\n<h2>6. Uzyskiwanie i wykorzystywanie nagra\u0144<\/h2>\n<p>W przypadku gdy uczestnik zostanie zwyci\u0119zc\u0105 w Konkursie, wyra\u017ca on zgod\u0119 na uzyskanie i wykorzystanie przez Gospodarza w celach handlowych wizerunk\u00f3w, pisemnych o\u015bwiadcze\u0144, zdj\u0119\u0107 i nagra\u0144 audio oraz wideo zwi\u0105zanych z uczestnikiem i\/lub wyra\u017ce\u0144 o charakterze osobistym pozyskanych przez Gospodarza w zwi\u0105zku z prowadzeniem Konkursu oraz dostarczeniem lub losowaniem nagr\u00f3d, we wszystkich \u015brodkach komunikacji medialnej, bez wzgl\u0119du na ich charakter i specyfik\u0119, przy wykorzystaniu standardowych \u015brodk\u00f3w, a tak\u017ce na ich p\u00f3\u017aniejsz\u0105 modyfikacj\u0119 i potencjalne \u0142\u0105czenie z innymi pracami oraz w\u0142\u0105czanie do prac zbiorowych. Uczestnik udziela Gospodarzowi zgody nieodp\u0142atnie, bez ogranicze\u0144 materialnych, czasowych, ilo\u015bciowych lub terytorialnych i mo\u017ce wycofa\u0107 t\u0119 zgod\u0119 w dowolnym momencie. Zgoda ta dotyczy r\u00f3wnie\u017c os\u00f3b trzecich, kt\u00f3rym Gospodarz mo\u017ce przekaza\u0107 takie nagrania wed\u0142ug w\u0142asnego uznania.<\/p>\n<p>&nbsp;<\/p>\n<h2>7. Pozosta\u0142e istotne warunki<\/h2>\n<p>Dok\u0142adne okre\u015blenie wygranych nale\u017cy wy\u0142\u0105cznie do Gospodarza. Prezentacja wygranych w materia\u0142ach promocyjnych ma charakter przyk\u0142adowy. Aby wygra\u0107 nagrod\u0119 g\u0142\u00f3wn\u0105, zwyci\u0119zca musi spe\u0142ni\u0107 tak\u017ce inne warunki (paszport, wiza itd.) i obowi\u0105zki, a tak\u017ce odpowiednio oceni\u0107 w\u0142asne mo\u017cliwo\u015bci w zakresie uczestnictwa, w szczeg\u00f3lno\u015bci od strony medycznej. Gospodarz nie ponosi odpowiedzialno\u015bci za szkody doznane przez uczestnika wskutek skorzystania z nagrody.<\/p>\n<p>Uczestnicy nie s\u0105 upowa\u017cnieni do \u017c\u0105dania pieni\u0119dzy lub innego rodzaju rekompensaty jako substytutu nagrody. Niniejszy regulamin nie nak\u0142ada na Gospodarza jakichkolwiek innych zobowi\u0105za\u0144 wobec uczestnik\u00f3w Konkursu, a uczestnicy nie maj\u0105 prawa do rekompensaty od Gospodarza innej ni\u017c wyra\u017anie okre\u015blona w tym regulaminie. Gospodarz nie ponosi odpowiedzialno\u015bci za jako\u015b\u0107 nagr\u00f3d dostarczanych przez osoby trzecie. W przypadku ewentualnych wad konieczne b\u0119dzie dochodzenie odpowiedzialno\u015bci bezpo\u015brednio u tych dostawc\u00f3w. Gospodarz zastrzega sobie prawo do zmiany nagr\u00f3d wed\u0142ug w\u0142asnego uznania.<\/p>\n<p>Uczestnik mo\u017ce zosta\u0107 wykluczony z Konkursu, je\u017celi Gospodarz odkryje lub b\u0119dzie mia\u0142 uzasadnione podejrzenie, \u017ce uczestnik lub inne osoby pomagaj\u0105ce uczestnikowi dopu\u015bci\u0142y si\u0119 oszustwa w celu otrzymania nagr\u00f3d lub bior\u0105 udzia\u0142 w nieuczciwych dzia\u0142aniach lub dzia\u0142aniach, kt\u00f3re nie s\u0105 oparte na wiedzy uczestnika, a zatem niezgodne z niniejszym regulaminem.<\/p>\n<p>Gospodarz nie ponosi odpowiedzialno\u015bci za niedostarczenie wiadomo\u015bci lub wygranych. Gospodarz nie ponosi odpowiedzialno\u015bci za b\u0142\u0119dy wynikaj\u0105ce z problem\u00f3w technicznych lub zwi\u0105zanych z komunikacj\u0105. Gospodarz podejmie ostateczn\u0105 decyzj\u0119 o zasadno\u015bci wszelkich skarg lub zg\u0142oszonych zastrze\u017ce\u0144. Gospodarz zastrzega sobie prawo, bez konieczno\u015bci udzielenia rekompensaty, do skr\u00f3cenia, prze\u0142o\u017cenia, zawieszenia lub odwo\u0142ania wydarzenia oraz do jednostronnej zmiany albo dodania zapis\u00f3w do niniejszego regulaminu podczas trwania wydarzenia przez zawiadomienie o takich zmianach za po\u015brednictwem wy\u017cej wymienionej strony internetowej, na kt\u00f3rej znajduje si\u0119 tak\u017ce aktualna i pe\u0142na wersja regulaminu.<\/p>\n<p>Niniejszy Konkurs nie jest w \u017caden spos\u00f3b prowadzony, sponsorowany lub zwi\u0105zany z Facebookiem i Facebook nie ponosi za niego odpowiedzialno\u015bci. Informacje przekazane podczas tego wydarzenia nie zostan\u0105 przekazane Facebookowi. Wszystkie pytania, komentarze lub skargi dotycz\u0105ce zg\u0142oszenia nale\u017cy kierowa\u0107 do Gospodarza, nie do Facebooka.<\/p>\n<p>Niniejszy Konkurs podlega prawu czeskiemu, o ile przepisy obowi\u0105zuj\u0105ce w pa\u0144stwach uczestnik\u00f3w nie stanowi\u0105 inaczej.<\/p>\n<p>&nbsp;<\/p>\n","protected":false},"excerpt":{"rendered":"<p>Niniejszy regulamin okre\u015bla warunki konkursu \u201eWygraj wspania\u0142e nagrody 2019\u201d (dalej zwanego \u201eKonkursem\u201d). \u00a0Niniejszy regulamin stanowi jedyny dokument, kt\u00f3ry reguluje zasady [&hellip;]<\/p>\n","protected":false},"author":27,"featured_media":0,"parent":9199,"menu_order":0,"comment_status":"closed","ping_status":"closed","template":"","meta":{"footnotes":""},"tags":[],"class_list":["post-9084","page","type-page","status-publish","hentry"],"yoast_head":"<!-- This site is optimized with the Yoast SEO Premium plugin v25.3 (Yoast SEO v25.9) - https:\/\/yoast.com\/wordpress\/plugins\/seo\/ -->\n<title>TDF 2019 - zasady i warunki - \u0160koda We Love Cycling - Poland<\/title>\n<meta name=\"robots\" content=\"index, follow, max-snippet:-1, max-image-preview:large, max-video-preview:-1\" \/>\n<link rel=\"canonical\" href=\"https:\/\/www.welovecycling.com\/pl\/tour-de-france-2019\/tdf-2019-terms-and-conditions\/\" \/>\n<meta property=\"og:locale\" content=\"pl_PL\" \/>\n<meta property=\"og:type\" content=\"article\" \/>\n<meta property=\"og:title\" content=\"TDF 2019 - zasady i warunki\" \/>\n<meta property=\"og:description\" content=\"Niniejszy regulamin okre\u015bla warunki konkursu \u201eWygraj wspania\u0142e nagrody 2019\u201d (dalej zwanego \u201eKonkursem\u201d). \u00a0Niniejszy regulamin stanowi jedyny dokument, kt\u00f3ry reguluje zasady [&hellip;]\" \/>\n<meta property=\"og:url\" content=\"https:\/\/www.welovecycling.com\/pl\/tour-de-france-2019\/tdf-2019-terms-and-conditions\/\" \/>\n<meta property=\"og:site_name\" content=\"\u0160koda We Love Cycling - Poland\" \/>\n<meta property=\"article:modified_time\" content=\"2019-07-02T07:44:03+00:00\" \/>\n<meta name=\"twitter:card\" content=\"summary_large_image\" \/>\n<meta name=\"twitter:label1\" content=\"Est. reading time\" \/>\n\t<meta name=\"twitter:data1\" content=\"8 minutes\" \/>\n<script type=\"application\/ld+json\" class=\"yoast-schema-graph\">{\"@context\":\"https:\/\/schema.org\",\"@graph\":[{\"@type\":\"WebPage\",\"@id\":\"https:\/\/www.welovecycling.com\/pl\/tour-de-france-2019\/tdf-2019-terms-and-conditions\/\",\"url\":\"https:\/\/www.welovecycling.com\/pl\/tour-de-france-2019\/tdf-2019-terms-and-conditions\/\",\"name\":\"TDF 2019 - zasady i warunki - \u0160koda We Love Cycling - Poland\",\"isPartOf\":{\"@id\":\"https:\/\/www.welovecycling.com\/pl\/#website\"},\"datePublished\":\"2019-07-01T11:58:12+00:00\",\"dateModified\":\"2019-07-02T07:44:03+00:00\",\"breadcrumb\":{\"@id\":\"https:\/\/www.welovecycling.com\/pl\/tour-de-france-2019\/tdf-2019-terms-and-conditions\/#breadcrumb\"},\"inLanguage\":\"pl-PL\",\"potentialAction\":[{\"@type\":\"ReadAction\",\"target\":[\"https:\/\/www.welovecycling.com\/pl\/tour-de-france-2019\/tdf-2019-terms-and-conditions\/\"]}]},{\"@type\":\"BreadcrumbList\",\"@id\":\"https:\/\/www.welovecycling.com\/pl\/tour-de-france-2019\/tdf-2019-terms-and-conditions\/#breadcrumb\",\"itemListElement\":[{\"@type\":\"ListItem\",\"position\":1,\"name\":\"Home\",\"item\":\"https:\/\/www.welovecycling.com\/pl\/\"},{\"@type\":\"ListItem\",\"position\":2,\"name\":\"Tour de France 2019\",\"item\":\"https:\/\/www.welovecycling.com\/pl\/tour-de-france-2019\/\"},{\"@type\":\"ListItem\",\"position\":3,\"name\":\"TDF 2019 &#8211; zasady i warunki\"}]},{\"@type\":\"WebSite\",\"@id\":\"https:\/\/www.welovecycling.com\/pl\/#website\",\"url\":\"https:\/\/www.welovecycling.com\/pl\/\",\"name\":\"\u0160koda We Love Cycling - Poland\",\"description\":\"\",\"potentialAction\":[{\"@type\":\"SearchAction\",\"target\":{\"@type\":\"EntryPoint\",\"urlTemplate\":\"https:\/\/www.welovecycling.com\/pl\/?s={search_term_string}\"},\"query-input\":{\"@type\":\"PropertyValueSpecification\",\"valueRequired\":true,\"valueName\":\"search_term_string\"}}],\"inLanguage\":\"pl-PL\"}]}<\/script>\n<!-- \/ Yoast SEO Premium plugin. -->","yoast_head_json":{"title":"TDF 2019 - zasady i warunki - \u0160koda We Love Cycling - Poland","robots":{"index":"index","follow":"follow","max-snippet":"max-snippet:-1","max-image-preview":"max-image-preview:large","max-video-preview":"max-video-preview:-1"},"canonical":"https:\/\/www.welovecycling.com\/pl\/tour-de-france-2019\/tdf-2019-terms-and-conditions\/","og_locale":"pl_PL","og_type":"article","og_title":"TDF 2019 - zasady i warunki","og_description":"Niniejszy regulamin okre\u015bla warunki konkursu \u201eWygraj wspania\u0142e nagrody 2019\u201d (dalej zwanego \u201eKonkursem\u201d). \u00a0Niniejszy regulamin stanowi jedyny dokument, kt\u00f3ry reguluje zasady [&hellip;]","og_url":"https:\/\/www.welovecycling.com\/pl\/tour-de-france-2019\/tdf-2019-terms-and-conditions\/","og_site_name":"\u0160koda We Love Cycling - Poland","article_modified_time":"2019-07-02T07:44:03+00:00","twitter_card":"summary_large_image","twitter_misc":{"Est. reading time":"8 minutes"},"schema":{"@context":"https:\/\/schema.org","@graph":[{"@type":"WebPage","@id":"https:\/\/www.welovecycling.com\/pl\/tour-de-france-2019\/tdf-2019-terms-and-conditions\/","url":"https:\/\/www.welovecycling.com\/pl\/tour-de-france-2019\/tdf-2019-terms-and-conditions\/","name":"TDF 2019 - zasady i warunki - \u0160koda We Love Cycling - Poland","isPartOf":{"@id":"https:\/\/www.welovecycling.com\/pl\/#website"},"datePublished":"2019-07-01T11:58:12+00:00","dateModified":"2019-07-02T07:44:03+00:00","breadcrumb":{"@id":"https:\/\/www.welovecycling.com\/pl\/tour-de-france-2019\/tdf-2019-terms-and-conditions\/#breadcrumb"},"inLanguage":"pl-PL","potentialAction":[{"@type":"ReadAction","target":["https:\/\/www.welovecycling.com\/pl\/tour-de-france-2019\/tdf-2019-terms-and-conditions\/"]}]},{"@type":"BreadcrumbList","@id":"https:\/\/www.welovecycling.com\/pl\/tour-de-france-2019\/tdf-2019-terms-and-conditions\/#breadcrumb","itemListElement":[{"@type":"ListItem","position":1,"name":"Home","item":"https:\/\/www.welovecycling.com\/pl\/"},{"@type":"ListItem","position":2,"name":"Tour de France 2019","item":"https:\/\/www.welovecycling.com\/pl\/tour-de-france-2019\/"},{"@type":"ListItem","position":3,"name":"TDF 2019 &#8211; zasady i warunki"}]},{"@type":"WebSite","@id":"https:\/\/www.welovecycling.com\/pl\/#website","url":"https:\/\/www.welovecycling.com\/pl\/","name":"\u0160koda We Love Cycling - Poland","description":"","potentialAction":[{"@type":"SearchAction","target":{"@type":"EntryPoint","urlTemplate":"https:\/\/www.welovecycling.com\/pl\/?s={search_term_string}"},"query-input":{"@type":"PropertyValueSpecification","valueRequired":true,"valueName":"search_term_string"}}],"inLanguage":"pl-PL"}]}},"_links":{"self":[{"href":"https:\/\/www.welovecycling.com\/pl\/wp-json\/wp\/v2\/pages\/9084","targetHints":{"allow":["GET"]}}],"collection":[{"href":"https:\/\/www.welovecycling.com\/pl\/wp-json\/wp\/v2\/pages"}],"about":[{"href":"https:\/\/www.welovecycling.com\/pl\/wp-json\/wp\/v2\/types\/page"}],"author":[{"embeddable":true,"href":"https:\/\/www.welovecycling.com\/pl\/wp-json\/wp\/v2\/users\/27"}],"replies":[{"embeddable":true,"href":"https:\/\/www.welovecycling.com\/pl\/wp-json\/wp\/v2\/comments?post=9084"}],"version-history":[{"count":2,"href":"https:\/\/www.welovecycling.com\/pl\/wp-json\/wp\/v2\/pages\/9084\/revisions"}],"predecessor-version":[{"id":9197,"href":"https:\/\/www.welovecycling.com\/pl\/wp-json\/wp\/v2\/pages\/9084\/revisions\/9197"}],"up":[{"embeddable":true,"href":"https:\/\/www.welovecycling.com\/pl\/wp-json\/wp\/v2\/pages\/9199"}],"wp:attachment":[{"href":"https:\/\/www.welovecycling.com\/pl\/wp-json\/wp\/v2\/media?parent=9084"}],"wp:term":[{"taxonomy":"post_tag","embeddable":true,"href":"https:\/\/www.welovecycling.com\/pl\/wp-json\/wp\/v2\/tags?post=9084"}],"curies":[{"name":"wp","href":"https:\/\/api.w.org\/{rel}","templated":true}]}}