{"id":8203,"date":"2018-12-12T07:29:37","date_gmt":"2018-12-12T07:29:37","guid":{"rendered":"https:\/\/www.welovecycling.com\/pl\/?page_id=8203"},"modified":"2018-12-12T07:29:37","modified_gmt":"2018-12-12T07:29:37","slug":"newsletter-regulamin","status":"publish","type":"page","link":"https:\/\/www.welovecycling.com\/pl\/newsletter-regulamin\/","title":{"rendered":"Newsletter-regulamin"},"content":{"rendered":"<p><strong>REGULAMIN NEWSLETTERA VOLKSWAGEN GROUP POLSKA SP. <\/strong><strong>Z O.O. Niniejszy Regulamin ustanawia si\u0119 na podstawie art. 8 ust. 1 pkt 1 ustawy z dnia 18 lipca 2002 r. o \u015bwiadczeniu us\u0142ug drog\u0105 elektroniczn\u0105 (U\u015aUDE) (t.j. Dz.U. z 2017 r., poz. 1219 ze zm.)<\/strong><\/p>\n<p><strong>I Postanowienia og\u00f3lne<\/strong><\/p>\n<p>1.1. U\u017cyte w Regulaminie poj\u0119cia oznaczaj\u0105:<br \/>\n1.1.1. Volkswagen Group Polska \u2013 Volkswagen Group Polska sp. z o.o. z siedzib\u0105 w Poznaniu (kod pocztowy 61-037), ul. Kra\u0144cowa 44, b\u0119d\u0105ca Us\u0142ugodawc\u0105 w rozumieniu art. 2 pkt 6 ustawy o \u015bwiadczeniu us\u0142ug drog\u0105 elektroniczn\u0105;<br \/>\n1.1.2. Us\u0142ugobiorca &#8211; osoba fizyczna, kt\u00f3ra korzysta z us\u0142ugi \u015bwiadczonej drog\u0105 elektroniczn\u0105, na zasadach okre\u015blonych w niniejszym Regulaminie;<br \/>\n1.1.3. Regulamin &#8211; niniejszy dokument okre\u015blaj\u0105cy warunki korzystania z us\u0142ugi;<br \/>\n1.1.4. Newsletter &#8211; newsletter przesy\u0142any Us\u0142ugobiorcy przez Volkswagen Group Polska, stanowi\u0105cy us\u0142ug\u0119 \u015bwiadczon\u0105 drog\u0105 elektroniczn\u0105, w rozumieniu art. 2 pkt 4 ustawy o \u015bwiadczeniu us\u0142ug drog\u0105 elektroniczn\u0105.<br \/>\n1.1.5 Adres poczty elektronicznej &#8211; oznaczenie systemu teleinformatycznego umo\u017cliwiaj\u0105ce porozumiewanie si\u0119 za pomoc\u0105 \u015brodk\u00f3w komunikacji elektronicznej.<br \/>\n1.1.6 Dane osobowe &#8211; wszelkie informacje dotycz\u0105ce zidentyfikowanej lub mo\u017cliwej do zidentyfikowania osoby fizycznej przetwarzane przez Us\u0142ugodawc\u0119 w celu prawid\u0142owego \u015bwiadczenia Us\u0142ug okre\u015blonych w niniejszym Regulaminie.<br \/>\n1.1.7 Serwis &#8211; serwis internetowy marki We Love Cycling nale\u017c\u0105cy do \u0160koda AUTO a.s., w ramach kt\u00f3rego Volkswagen Group Polska udost\u0119pnia Newsletter. Serwis jest dost\u0119pny pod adresem <a href=\"https:\/\/www.welovecycling.com\/pl\/\"><strong>https:\/\/www.welovecycling.com\/pl\/<\/strong><\/a><br \/>\n1.1.8 System teleinformatyczny &#8211; zesp\u00f3\u0142 wsp\u00f3\u0142pracuj\u0105cych ze sob\u0105 urz\u0105dze\u0144 informatycznych i oprogramowania, zapewniaj\u0105cy przetwarzanie i przechowywanie, a tak\u017ce wysy\u0142anie i odbieranie danych poprzez sieci telekomunikacyjne za pomoc\u0105 w\u0142a\u015bciwego dla danego rodzaju sieci urz\u0105dzenia ko\u0144cowego w rozumieniu ustawy z dnia 16 lipca 2004 r. Prawo telekomunikacyjne (t.j. Dz.U. z 2017 r., poz. 1907 ze zm.).<br \/>\n1.1.9. \u015arodki komunikacji elektronicznej &#8211; rozwi\u0105zania techniczne, w tym urz\u0105dzenia teleinformatyczne i wsp\u00f3\u0142pracuj\u0105ce z nimi narz\u0119dzia programowe, umo\u017cliwiaj\u0105ce indywidualne porozumiewanie si\u0119 na odleg\u0142o\u015b\u0107 przy wykorzystaniu transmisji danych mi\u0119dzy Systemami teleinformatycznymi, a w szczeg\u00f3lno\u015bci poczt\u0119 elektroniczn\u0105.<\/p>\n<ol>\n<li><strong> Us\u0142ugi \u015bwiadczone drog\u0105 elektroniczn\u0105<\/strong><\/li>\n<\/ol>\n<p>2.1. Volkswagen Group Polska \u015bwiadczy na rzecz Us\u0142ugobiorcy us\u0142ug\u0119 w postaci wysy\u0142ki bezp\u0142atnego Newslettera za po\u015brednictwem \u015brodk\u00f3w komunikacji elektronicznej.<br \/>\n2.2. Us\u0142uga dost\u0119pna jest wy\u0142\u0105cznie dla os\u00f3b, kt\u00f3re dokonaj\u0105 rejestracji w spos\u00f3b okre\u015blony w Regulaminie, tj. za zgod\u0105 Us\u0142ugobiorcy oraz po akceptacji Regulaminu.<br \/>\n2.3. Celem us\u0142ugi jest dostarczanie aktualnych informacji o trwaj\u0105cych promocjach, akcjach specjalnych i innych wydarzeniach zwi\u0105zanych z mark\u0105 \u0160koda.<br \/>\n2.4. Wysy\u0142ka Newslettera realizowana jest w nieregularnychdst\u0119pach czasu.<\/p>\n<p><strong>III. WARUNKI KORZYSTANIA Z US\u0141UGI I ZASADY ODPOWIEDZIALNO\u015aCI<\/strong><\/p>\n<p>3.1. Us\u0142ugobiorca przed rozpocz\u0119ciem korzystania z us\u0142ugi jest zobowi\u0105zany do zapoznania si\u0119 z postanowieniami zawartymi w Regulaminie.<br \/>\n3.2. Us\u0142ugobiorca zobowi\u0105zuje si\u0119 do przestrzegania postanowie\u0144 Regulaminu.<br \/>\n3.3. Us\u0142ugobiorca zobowi\u0105zuje si\u0119 do powstrzymania od wszelkich dzia\u0142a\u0144 mog\u0105cych utrudni\u0107 b\u0105d\u017a destabilizowa\u0107 funkcjonowanie Newslettera.<br \/>\n3.4. Wymagania techniczne niezb\u0119dne do wsp\u00f3\u0142pracy z Systemem teleinformatycznym, kt\u00f3rym pos\u0142uguje si\u0119 Us\u0142ugodawca s\u0105 nast\u0119puj\u0105ce:<br \/>\n3.4.1. po\u0142\u0105czenie z sieci\u0105 Internet,<br \/>\n3.4.2. przegl\u0105darka internetowa umo\u017cliwiaj\u0105ca wy\u015bwietlanie na ekranie komputera dokument\u00f3w HTML,<br \/>\n3.4.3. przegl\u0105darka akceptuj\u0105ca konto poczty elektronicznej,<br \/>\n3.4.4. posiadanie aktualnego, czynnego i poprawnie skonfigurowanego Adresu poczty elektronicznej.<br \/>\n3.5. Volkswagen Group Polska zobowi\u0105zuje si\u0119 do zapewnienia mo\u017cliwie najwy\u017cszej jako\u015bci us\u0142ugi. Nie ponosi jednak odpowiedzialno\u015bci za przerwy i zak\u0142\u00f3cenia spowodowane dzia\u0142aniem si\u0142y wy\u017cszej albo nieuprawnionym dzia\u0142aniem podmiot\u00f3w trzecich.<br \/>\n3.6. Volkswagen Group Polska nie ponosi odpowiedzialno\u015bci za brak mo\u017cliwo\u015bci dost\u0119pu do Newslettera wynikaj\u0105cy z przyczyn od niej niezale\u017cnych. Volkswagen Group Polska zastrzega sobie prawo do kr\u00f3tkotrwa\u0142ej przerwy w dzia\u0142aniu modu\u0142u rejestracyjnego w przypadku planowanej, bie\u017c\u0105cej obs\u0142ugi b\u0105d\u017a konserwacji strony https:\/\/www.welovecycling.com\/pl\/ serwera lub oprogramowania s\u0142u\u017c\u0105cego do przesy\u0142ania Newslettera.<br \/>\n3.7. Volkswagen Group Polska zastrzega, \u017ce korzystanie z Newslettera mo\u017ce wi\u0105za\u0107 si\u0119 ze standardowym ryzykiem zwi\u0105zanym z wykorzystaniem sieci Internet. Zaleca si\u0119 przedsi\u0119wzi\u0119cie przez Us\u0142ugobiorc\u0119 odpowiednich czynno\u015bci w celu ich zminimalizowania.<\/p>\n<ol>\n<li><strong> MOMENT ZAWARCIA I ROZWI\u0104ZANIA UMOWY WYSY\u0141KI NEWSLETTERA<\/strong><\/li>\n<\/ol>\n<p>4.1. W celu dokonania rejestracji w bazie Newslettera, Us\u0142ugobiorca podaje sw\u00f3j adres poczty elektronicznej na stronie <strong>https:\/\/www.welovecycling.com\/pl\/newsletter<\/strong> (opcjonalnie tak\u017ce imi\u0119 i nazwisko \u017ceby personalizowa\u0107 Newsletter), wyra\u017ca zgod\u0119 na przetwarzanie danych osobowych w celu otrzymywana Newslettera oraz wykorzystywania adresu e-mail w tym celu oraz potwierdza akceptacj\u0119 postanowie\u0144 Regulaminu i wybiera przycisk zamawiam.<br \/>\n4.2. Moment zawarcia Umowy o \u015bwiadczenie us\u0142ugi wysy\u0142ki Newslettera nast\u0119puje w chwili akceptacji przez Us\u0142ugobiorc\u0119 postanowie\u0144 Regulaminu.<br \/>\n4.3. Umowa zawarta jest na czas nieokre\u015blony, to jest do momentu rezygnacji z tej us\u0142ugi. Us\u0142ugobiorca mo\u017ce anulowa\u0107 subskrypcj\u0119 Newslettera poprzez o\u015bwiadczenie o rezygnacji za pomoc\u0105 odno\u015bnika zawartego w ka\u017cdej wiadomo\u015bci wysy\u0142anej na jego adres e-mail zawieraj\u0105cej Newsletter lub wskazany w wiadomo\u015bci adres e-mail<br \/>\n4.4. Ka\u017cda ze stron mo\u017ce rozwi\u0105za\u0107 Umow\u0119 bez podania przyczyn i w trybie natychmiastowym.<br \/>\n4.5. Us\u0142ugobiorca mo\u017ce rozwi\u0105za\u0107 Umow\u0119 w dowolnym momencie, aktywuj\u0105c link znajduj\u0105cy si\u0119 w stopce ka\u017cdego przesy\u0142anego Newslettera.<br \/>\n4.6. Rozwi\u0105zanie Umowy przez kt\u00f3r\u0105kolwiek za stron skutkuje zaprzestaniem przesy\u0142ania Newslettera na adres poczty elektronicznej podany przez Us\u0142ugobiorc\u0119.<br \/>\n4.7. Us\u0142uga Newslettera \u015bwiadczona przez Us\u0142ugodawc\u0119 za po\u015brednictwem Serwisu jest bezp\u0142atna.<\/p>\n<ol>\n<li><strong> REKLAMACJE<\/strong><\/li>\n<\/ol>\n<p>5.1. Us\u0142ugobiorca uprawniony jest do z\u0142o\u017cenia reklamacji w przypadku niewywi\u0105zywania si\u0119 przez Volkswagen Group Polska ze swoich obowi\u0105zk\u00f3w okre\u015blonych w Regulaminie lub wywi\u0105zania si\u0119 z nich w spos\u00f3b niezgodny z postanowieniami Regulaminu.<br \/>\n5.2. Reklamacj\u0119 mo\u017cna z\u0142o\u017cy\u0107 w formie elektronicznej na adres: skoda@isobar.com reklamacja powinna zawiera\u0107 opis problemu b\u0119d\u0105cego jej przedmiotem oraz adres e-mail, imi\u0119 i nazwisko Us\u0142ugobiorcy zg\u0142aszaj\u0105cego reklamacj\u0119.<br \/>\n5.3. Volkswagen Group Polska rozpatruje reklamacj\u0119 w terminie 14 dni od daty jej otrzymania. Je\u017celi reklamacja nie mo\u017ce zosta\u0107 rozpoznana w powy\u017cszym terminie, Volkswagen Group Polska powiadomi Us\u0142ugobiorc\u0119 o przyczynach op\u00f3\u017anienia i przewidywanym terminie rozpatrzenia reklamacji.<br \/>\n5.4. Reklamacja mo\u017ce zosta\u0107 zg\u0142oszona w ci\u0105gu 30 dni od momentu, w kt\u00f3rym zosta\u0142a ujawniona jej przyczyna.<br \/>\n5.5. Odpowied\u017a na reklamacj\u0119 oraz informacja, o kt\u00f3rej mowa w punkcie 5.3. zdanie 2 wysy\u0142ana jest na adres poczty elektronicznej wskazany przez Us\u0142ugobiorc\u0119.<\/p>\n<p>VI. OCHRONA I ZASADY PRZETWARZANIA DANYCH OSOBOWYCH US\u0141UGOBIORC\u00d3W 6.1. Volkswagen Group Polska na podstawie rozporz\u0105dzenia Parlamentu Europejskiego i Rady (UE) 2016\/679 z dnia 27 kwietnia 2016 r. w sprawie ochrony os\u00f3b fizycznych w zwi\u0105zku z przetwarzaniem danych osobowych i w sprawie swobodnego przep\u0142ywu takich danych oraz uchylenia dyrektywy 95\/46\/WE (og\u00f3lne rozporz\u0105dzenie o ochronie danych) (Dz.Urz.UE.L Nr 119, str. 1) \u2013 zwane inaczej \u201eRODO\u201d oraz w zwi\u0105zku z ustaw\u0105 o \u015bwiadczeniu us\u0142ug drog\u0105 elektroniczn\u0105 jest, jako administrator danych, uprawniony do przetwarzania danych osobowych Us\u0142ugobiorcy w celu: wysy\u0142ania Newslettera zawieraj\u0105cego w\/w informacje handlowe i marketingowe za zgod\u0105 Us\u0142ugobiorcy; realizacji us\u0142ugi \u015bwiadczonej drog\u0105 elektroniczn\u0105 w zakresie obs\u0142ugi subskrypcji Newslettera, mo\u017cliwych w tym zakresie reklamacji (tj. w ramach umowy o \u015bwiadczenie us\u0142ugi drog\u0105 elektroniczn\u0105) oraz zapewnienia bezpiecze\u0144stwa korzystania z us\u0142ugi \u015bwiadczonej drog\u0105 elektroniczn\u0105 w ramach uzasadnionego interesu VGP.<br \/>\n-w celach archiwalnych (dowodowych) b\u0119d\u0105cych realizacj\u0105 prawnie uzasadnionego interesu dotycz\u0105cego zabezpieczenia informacji na wypadek prawnej potrzeby wykazania fakt\u00f3w, ewentualnego ustalenia, dochodzenia lub obrony przed roszczeniami;<br \/>\n-w celach analitycznych i statystycznych &#8211; lepszego doboru produkt\u00f3w i us\u0142ug do potrzeb naszych klient\u00f3w, og\u00f3lnej optymalizacji naszych produkt\u00f3w, optymalizacji proces\u00f3w obs\u0142ugi, budowania wiedzy o klientach, b\u0119d\u0105cego realizacj\u0105 prawnie uzasadnionego interesu;<br \/>\n-w celu realizacji praw i reklamacji, aktualizacji danych, prowadzenia bazy subskrybent\u00f3w, b\u0119d\u0105cych realizacj\u0105 naszego uzasadnionego interesu<br \/>\n6.2. Volkswagen Group Polska w celu realizacji us\u0142ugi Newslettera przetwarza dane osobowe Us\u0142ugobiorc\u00f3w w postaci ich adres\u00f3w poczty elektronicznej. W celu spersonalizowania Newslettera Us\u0142ugobiorca mo\u017ce dodatkowo poda\u0107 r\u00f3wnie\u017c dane osobowe w zakresie imienia i nazwiska (opcjonalnie). Newsletter mo\u017ce zawiera\u0107 informacje o charakterze handlowym, w zwi\u0105zku z czym dla skorzystania z tej us\u0142ugi wymagane jest udzielenie przez Us\u0142ugobiorc\u0119 uprzedniej wyra\u017anej zgody na przesy\u0142anie Newslettera na wskazany adres e-mail. Udzielona przez Us\u0142ugodawc\u0119 zgoda mo\u017ce by\u0107 w ka\u017cdej chwili wycofana, niemniej wycofanie zgody uniemo\u017cliwi otrzymywanie Newslettera.<br \/>\n6.3. Us\u0142ugobiorca w celu prawid\u0142owego z\u0142o\u017cenia reklamacji dotycz\u0105cej us\u0142ugi powinien poda\u0107 co najmniej nast\u0119puj\u0105ce dane osobowe: imi\u0119, nazwisko, adres do korespondencji (w przypadku ch\u0119ci otrzymania odpowiedzi na reklamacj\u0119 drog\u0105 pisemn\u0105) lub adres poczty elektronicznej (w przypadku ch\u0119ci otrzymania odpowiedzi na reklamacj\u0119 drog\u0105 mailow\u0105).<br \/>\n6.4. Zasady przetwarzania danych osobowych w zwi\u0105zku z subskrypcj\u0105 Newslettera Volkswagen Group Polska zosta\u0142y wskazane poprzez zamieszczenie klauzuli informacyjnej w momencie zapisu na Newsletter, wskazuj\u0105c w szczeg\u00f3lno\u015bci na dane administratora, dane kontaktowe, cele i podstawy przetwarzania danych Us\u0142ugobiorc\u00f3w, okres przechowywania, informacje dotycz\u0105ce realizacji praw.<br \/>\n6.5. Us\u0142ugodawca zapewnia bezpiecze\u0144stwo Danych osobowych Us\u0142ugobiorcy, poniewa\u017c stosuje \u015brodki ochrony fizycznej, organizacyjnej oraz sprz\u0119towej niezb\u0119dne do zapewnienia bezpiecze\u0144stwa przetwarzanych Danych osobowych w ramach us\u0142ugi. Us\u0142ugodawca spe\u0142nia wszelkie wymogi okre\u015blne przepisami z zakresu ochrony danych osobowych. Ponadto, Us\u0142ugodawca zapewnia \u015brodki techniczne zapobiegaj\u0105ce pozyskiwaniu i modyfikowaniu przez osoby nieuprawnione danych osobowych przesy\u0142anych drog\u0105 elektroniczn\u0105.<br \/>\n6.6. Newsletter przesy\u0142any jest za pomoc\u0105 systemu obs\u0142ugiwanego przez Isobar Group Poland sp. z o.o. z siedzib\u0105 w Warszawie, kt\u00f3rej powierza przetwarzanie danych osobowych w zakresie wskazanym w punkcie 6.2<br \/>\n6.7. Us\u0142ugobiorca, podaj\u0105c Dane osobowe o\u015bwiadcza, \u017ce,<br \/>\n6.7.1. s\u0105 one kompletne i zgodne ze stanem faktycznym,<br \/>\n6.7.2. nie naruszaj\u0105 one praw os\u00f3b trzecich,<br \/>\n6.7.3. jest uprawniony do zawarcia Umowy,<br \/>\n6.7.4. zapozna\u0142 si\u0119 z tre\u015bci\u0105 Regulaminu i zobowi\u0105zuje si\u0119 do przestrzegania jego postanowie\u0144.<br \/>\n6.7.5. zapozna\u0142 si\u0119 z klauzul\u0105 informacyjn\u0105 udost\u0119pnion\u0105 przez Us\u0142ugobiorc\u0119 momencie zapytania.<br \/>\n6.7.6. Podanie danych osobowych jest dobrowolne, jednak niezb\u0119dne w celu \u015bwiadczenia us\u0142ug, zgodnie z Regulaminem.<\/p>\n<p><strong>VII. PRZEPISY KO\u0143COWE<\/strong><\/p>\n<p>7.1. Prawa autorskie do tre\u015bci zawartych w Newsletterze nale\u017c\u0105 do Volkswagen Group Polska i podlegaj\u0105 ochronie zgodnie z przepisami ustawy z dnia 4 lutego 1994 r. o prawie autorskim i prawach pokrewnych (Dz.U. 2006 r. Nr 90, poz. 631 ze zm.).<br \/>\n7.2. Regulamin obowi\u0105zuje od dnia 25.05.2018 r.<br \/>\n7.3. Obowi\u0105zuj\u0105cy Regulamin jest dost\u0119pny dla Us\u0142ugobiorcy pod adresem internetowym https:\/\/www.welovecycling.com\/pl\/newsletter-regulamin\/ \u00a0Us\u0142ugodawca zobowi\u0105zuje si\u0119 do poinformowania Us\u0142ugobiorcy Serwisu o zmianach dokonanych w Regulaminie poprzez umieszczenie jednolitego tekstu Regulaminu na stronie internetowej Serwisu.<br \/>\n7.4. Volkswagen Group Polska ma prawo do zmiany postanowie\u0144 Regulaminu lub wprowadzenia nowego. Us\u0142ugobiorca zostanie poinformowany o zmianie postanowie\u0144 Regulaminu lub wprowadzeniu nowego Regulaminu za pomoc\u0105 wiadomo\u015bci przes\u0142anej na podany przez Us\u0142ugobiorc\u0119 adres poczty elektronicznej.<br \/>\n7.5. Nowy Regulamin lub zmiany postanowie\u0144 dotychczasowego wchodz\u0105 w \u017cycie po up\u0142ywie 14 dni od daty poinformowania Us\u0142ugobiorcy. W przypadku, gdy Us\u0142ugobiorca nie akceptuje wprowadzonych zmian w Regulaminie lub nowego Regulaminu, przys\u0142uguje mu prawo rozwi\u0105zania Umowy wysy\u0142ki Newslettera w trybie przewidzianym w punkcie 4.5. Regulaminu.<br \/>\n7.6. Prawem w\u0142a\u015bciwym dla wszystkich stosunk\u00f3w prawnych wynikaj\u0105cych z Regulaminu jest prawo polskie.<br \/>\n7.7 W sprawach nieuregulowanych w niniejszym Regulaminie zastosowanie maj\u0105 przepisy RODO, U\u015aUDE oraz innych przepis\u00f3w prawa.<\/p>\n","protected":false},"excerpt":{"rendered":"<p>REGULAMIN NEWSLETTERA VOLKSWAGEN GROUP POLSKA SP. Z O.O. Niniejszy Regulamin ustanawia si\u0119 na podstawie art. 8 ust. 1 pkt 1 [&hellip;]<\/p>\n","protected":false},"author":76,"featured_media":0,"parent":0,"menu_order":0,"comment_status":"closed","ping_status":"closed","template":"","meta":{"footnotes":""},"tags":[],"class_list":["post-8203","page","type-page","status-publish","hentry"],"yoast_head":"<!-- This site is optimized with the Yoast SEO Premium plugin v25.3 (Yoast SEO v25.9) - https:\/\/yoast.com\/wordpress\/plugins\/seo\/ -->\n<title>Newsletter-regulamin - \u0160koda We Love Cycling - Poland<\/title>\n<meta name=\"robots\" content=\"index, follow, max-snippet:-1, max-image-preview:large, max-video-preview:-1\" \/>\n<link rel=\"canonical\" href=\"https:\/\/www.welovecycling.com\/pl\/newsletter-regulamin\/\" \/>\n<meta property=\"og:locale\" content=\"pl_PL\" \/>\n<meta property=\"og:type\" content=\"article\" \/>\n<meta property=\"og:title\" content=\"Newsletter-regulamin\" \/>\n<meta property=\"og:description\" content=\"REGULAMIN NEWSLETTERA VOLKSWAGEN GROUP POLSKA SP. Z O.O. Niniejszy Regulamin ustanawia si\u0119 na podstawie art. 8 ust. 1 pkt 1 [&hellip;]\" \/>\n<meta property=\"og:url\" content=\"https:\/\/www.welovecycling.com\/pl\/newsletter-regulamin\/\" \/>\n<meta property=\"og:site_name\" content=\"\u0160koda We Love Cycling - Poland\" \/>\n<meta name=\"twitter:card\" content=\"summary_large_image\" \/>\n<meta name=\"twitter:label1\" content=\"Est. reading time\" \/>\n\t<meta name=\"twitter:data1\" content=\"9 minutes\" \/>\n<script type=\"application\/ld+json\" class=\"yoast-schema-graph\">{\"@context\":\"https:\/\/schema.org\",\"@graph\":[{\"@type\":\"WebPage\",\"@id\":\"https:\/\/www.welovecycling.com\/pl\/newsletter-regulamin\/\",\"url\":\"https:\/\/www.welovecycling.com\/pl\/newsletter-regulamin\/\",\"name\":\"Newsletter-regulamin - \u0160koda We Love Cycling - Poland\",\"isPartOf\":{\"@id\":\"https:\/\/www.welovecycling.com\/pl\/#website\"},\"datePublished\":\"2018-12-12T07:29:37+00:00\",\"breadcrumb\":{\"@id\":\"https:\/\/www.welovecycling.com\/pl\/newsletter-regulamin\/#breadcrumb\"},\"inLanguage\":\"pl-PL\",\"potentialAction\":[{\"@type\":\"ReadAction\",\"target\":[\"https:\/\/www.welovecycling.com\/pl\/newsletter-regulamin\/\"]}]},{\"@type\":\"BreadcrumbList\",\"@id\":\"https:\/\/www.welovecycling.com\/pl\/newsletter-regulamin\/#breadcrumb\",\"itemListElement\":[{\"@type\":\"ListItem\",\"position\":1,\"name\":\"Home\",\"item\":\"https:\/\/www.welovecycling.com\/pl\/\"},{\"@type\":\"ListItem\",\"position\":2,\"name\":\"Newsletter-regulamin\"}]},{\"@type\":\"WebSite\",\"@id\":\"https:\/\/www.welovecycling.com\/pl\/#website\",\"url\":\"https:\/\/www.welovecycling.com\/pl\/\",\"name\":\"\u0160koda We Love Cycling - Poland\",\"description\":\"\",\"potentialAction\":[{\"@type\":\"SearchAction\",\"target\":{\"@type\":\"EntryPoint\",\"urlTemplate\":\"https:\/\/www.welovecycling.com\/pl\/?s={search_term_string}\"},\"query-input\":{\"@type\":\"PropertyValueSpecification\",\"valueRequired\":true,\"valueName\":\"search_term_string\"}}],\"inLanguage\":\"pl-PL\"}]}<\/script>\n<!-- \/ Yoast SEO Premium plugin. -->","yoast_head_json":{"title":"Newsletter-regulamin - \u0160koda We Love Cycling - Poland","robots":{"index":"index","follow":"follow","max-snippet":"max-snippet:-1","max-image-preview":"max-image-preview:large","max-video-preview":"max-video-preview:-1"},"canonical":"https:\/\/www.welovecycling.com\/pl\/newsletter-regulamin\/","og_locale":"pl_PL","og_type":"article","og_title":"Newsletter-regulamin","og_description":"REGULAMIN NEWSLETTERA VOLKSWAGEN GROUP POLSKA SP. Z O.O. Niniejszy Regulamin ustanawia si\u0119 na podstawie art. 8 ust. 1 pkt 1 [&hellip;]","og_url":"https:\/\/www.welovecycling.com\/pl\/newsletter-regulamin\/","og_site_name":"\u0160koda We Love Cycling - Poland","twitter_card":"summary_large_image","twitter_misc":{"Est. reading time":"9 minutes"},"schema":{"@context":"https:\/\/schema.org","@graph":[{"@type":"WebPage","@id":"https:\/\/www.welovecycling.com\/pl\/newsletter-regulamin\/","url":"https:\/\/www.welovecycling.com\/pl\/newsletter-regulamin\/","name":"Newsletter-regulamin - \u0160koda We Love Cycling - Poland","isPartOf":{"@id":"https:\/\/www.welovecycling.com\/pl\/#website"},"datePublished":"2018-12-12T07:29:37+00:00","breadcrumb":{"@id":"https:\/\/www.welovecycling.com\/pl\/newsletter-regulamin\/#breadcrumb"},"inLanguage":"pl-PL","potentialAction":[{"@type":"ReadAction","target":["https:\/\/www.welovecycling.com\/pl\/newsletter-regulamin\/"]}]},{"@type":"BreadcrumbList","@id":"https:\/\/www.welovecycling.com\/pl\/newsletter-regulamin\/#breadcrumb","itemListElement":[{"@type":"ListItem","position":1,"name":"Home","item":"https:\/\/www.welovecycling.com\/pl\/"},{"@type":"ListItem","position":2,"name":"Newsletter-regulamin"}]},{"@type":"WebSite","@id":"https:\/\/www.welovecycling.com\/pl\/#website","url":"https:\/\/www.welovecycling.com\/pl\/","name":"\u0160koda We Love Cycling - Poland","description":"","potentialAction":[{"@type":"SearchAction","target":{"@type":"EntryPoint","urlTemplate":"https:\/\/www.welovecycling.com\/pl\/?s={search_term_string}"},"query-input":{"@type":"PropertyValueSpecification","valueRequired":true,"valueName":"search_term_string"}}],"inLanguage":"pl-PL"}]}},"_links":{"self":[{"href":"https:\/\/www.welovecycling.com\/pl\/wp-json\/wp\/v2\/pages\/8203","targetHints":{"allow":["GET"]}}],"collection":[{"href":"https:\/\/www.welovecycling.com\/pl\/wp-json\/wp\/v2\/pages"}],"about":[{"href":"https:\/\/www.welovecycling.com\/pl\/wp-json\/wp\/v2\/types\/page"}],"author":[{"embeddable":true,"href":"https:\/\/www.welovecycling.com\/pl\/wp-json\/wp\/v2\/users\/76"}],"replies":[{"embeddable":true,"href":"https:\/\/www.welovecycling.com\/pl\/wp-json\/wp\/v2\/comments?post=8203"}],"version-history":[{"count":1,"href":"https:\/\/www.welovecycling.com\/pl\/wp-json\/wp\/v2\/pages\/8203\/revisions"}],"predecessor-version":[{"id":8204,"href":"https:\/\/www.welovecycling.com\/pl\/wp-json\/wp\/v2\/pages\/8203\/revisions\/8204"}],"wp:attachment":[{"href":"https:\/\/www.welovecycling.com\/pl\/wp-json\/wp\/v2\/media?parent=8203"}],"wp:term":[{"taxonomy":"post_tag","embeddable":true,"href":"https:\/\/www.welovecycling.com\/pl\/wp-json\/wp\/v2\/tags?post=8203"}],"curies":[{"name":"wp","href":"https:\/\/api.w.org\/{rel}","templated":true}]}}