{"id":7628,"date":"2018-09-06T15:37:35","date_gmt":"2018-09-06T15:37:35","guid":{"rendered":"https:\/\/www.welovecycling.com\/pl\/?page_id=7628"},"modified":"2018-09-06T15:37:35","modified_gmt":"2018-09-06T15:37:35","slug":"ta-impreza-wpisala-sie-juz-na-stale-w-kalendarz-najciekawszych-sportowych-wydarzen-naszego-miasta-23-wrzesnia-na-stadionie-miejskim-po-raz-piaty-wystartuje-skoda-poznan-bike-challenge","status":"publish","type":"page","link":"https:\/\/www.welovecycling.com\/pl\/ta-impreza-wpisala-sie-juz-na-stale-w-kalendarz-najciekawszych-sportowych-wydarzen-naszego-miasta-23-wrzesnia-na-stadionie-miejskim-po-raz-piaty-wystartuje-skoda-poznan-bike-challenge\/","title":{"rendered":"Ta impreza wpisa\u0142a si\u0119 ju\u017c na sta\u0142e w kalendarz najciekawszych sportowych wydarze\u0144 naszego miasta. 23 wrze\u015bnia na Stadionie Miejskim po raz pi\u0105ty wystartuje \u0160koda Pozna\u0144 Bike Challenge."},"content":{"rendered":"<p>Czego mo\u017cemy spodziewa\u0107 si\u0119 w tym roku? Na pewno kolarskich emocji na wysokim poziomie \u2013 najtrudniejsza trasa liczy bowiem ok. 120 km i stanowi eliminacje do UCI Gran Fondo World Series, czyli presti\u017cowej serii zawod\u00f3w rozgrywanych na ca\u0142ym \u015bwiecie, m.in. w Dubaju i St. Tropez. Pozna\u0144 do\u0142\u0105czy\u0142 do tej elitarnej grupy w 2014 roku i od tego czasu mo\u017cemy dopingowa\u0107 najlepszych zawodnik\u00f3w u siebie. Udzia\u0142 w wy\u015bcigu wezm\u0105 profesjonali\u015bci oraz bardzo zaawansowani amatorzy.<\/p>\n<p>Nie zawiod\u0105 si\u0119 tak\u017ce ci, kt\u00f3rzy maj\u0105 ochot\u0119 spr\u00f3bowa\u0107 swoich si\u0142 na kr\u00f3tszej, ale nadal wymagaj\u0105cej trasie. Wy\u015bcig na dystansie ok. 45 km przeznaczony jest dla \u015brednio zaawansowanych amator\u00f3w, ale uko\u0144czenie go z dobrym wynikiem na pewno b\u0119dzie \u017ar\u00f3d\u0142em satysfakcji dla ka\u017cdego, kto kolarstwem zajmuje si\u0119 w czasie wolnym.<\/p>\n<p>Natomiast dla os\u00f3b, kt\u00f3re nastawiaj\u0105 si\u0119 raczej na przyjemno\u015b\u0107 z jazdy i dobr\u0105 zabaw\u0119, przewidziano \u0160koda Family Challenge. Trasa wy\u015bcigu liczy ok. 11 km i \u015bwietnie nadaje si\u0119 tak\u017ce do rekreacyjnej przeja\u017cd\u017cki z ca\u0142\u0105 rodzin\u0105.<\/p>\n<p>Czwarty dystans przeznaczony jest tylko dla dzieci. Najm\u0142odsi b\u0119d\u0105 mogli pozna\u0107 smak rywalizacji na odcinku ok. 3 km.<\/p>\n<p>Organizatorzy du\u017c\u0105 wag\u0119 przyk\u0142adaj\u0105 do bezpiecze\u0144stwa zawodnik\u00f3w i kibic\u00f3w \u2013 trasy zabezpiecza\u0107 b\u0119dzie m.in. 12 samochod\u00f3w udost\u0119pnionych przez \u0160KOD\u0118.<\/p>\n<p>Co poza wy\u015bcigami? Atrakcje, atrakcje, atrakcje. Jak co roku du\u017co b\u0119dzie si\u0119 dzia\u0142o, bo organizatorzy szykuj\u0105 aktywno\u015bci dla uczestnik\u00f3w w ka\u017cdym wieku. Kto odwiedzi\u0142 Malt\u0119 podczas ostatniej edycji, z pewno\u015bci\u0105 pami\u0119ta, \u017ce ogromnym powodzeniem cieszy\u0142y si\u0119 m.in. warsztaty \u201ePimp My Bike\u201d, jazda po torze przeszk\u00f3d na minirowerach, a tak\u017ce strefy \u0160koda z najnowszymi modelami aut i \u0160koda Auto Szko\u0142a z atrakcjami w wirtualnej rzeczywisto\u015bci. Wszystko wskazuje na to, \u017ce w tym roku zabawa b\u0119dzie r\u00f3wnie udana, a organizatorzy ponownie zaskocz\u0105 nas ciekawostkami.<\/p>\n<p>\u0160koda Pozna\u0144 Bike Challenge to \u015bwietny pomys\u0142 na aktywne sp\u0119dzenie niedzieli z rodzin\u0105 w mie\u015bcie. Zreszt\u0105 frekwencja m\u00f3wi sama za siebie \u2013 co roku w zawodach bior\u0105 udzia\u0142 tysi\u0105ce zawodnik\u00f3w oraz t\u0142umy kibic\u00f3w i go\u015bci. Co prawda zapisy do udzia\u0142u w wy\u015bcigach ju\u017c si\u0119 zako\u0144czy\u0142y, ale wst\u0119p do miasteczka zawod\u00f3w jest bezp\u0142atny, wi\u0119c warto zajrze\u0107 tam cho\u0107by na chwil\u0119. Do zobaczenia w niedziel\u0119 23 wrze\u015bnia na Stadionie Miejskim!<\/p>\n","protected":false},"excerpt":{"rendered":"<p>Czego mo\u017cemy spodziewa\u0107 si\u0119 w tym roku? Na pewno kolarskich emocji na wysokim poziomie \u2013 najtrudniejsza trasa liczy bowiem ok. [&hellip;]<\/p>\n","protected":false},"author":76,"featured_media":7629,"parent":0,"menu_order":0,"comment_status":"closed","ping_status":"closed","template":"","meta":{"footnotes":""},"tags":[],"class_list":["post-7628","page","type-page","status-publish","has-post-thumbnail","hentry"],"yoast_head":"<!-- This site is optimized with the Yoast SEO Premium plugin v25.3 (Yoast SEO v25.9) - https:\/\/yoast.com\/wordpress\/plugins\/seo\/ -->\n<title>Ta impreza wpisa\u0142a si\u0119 ju\u017c na sta\u0142e w kalendarz najciekawszych sportowych wydarze\u0144 naszego miasta. 23 wrze\u015bnia na Stadionie Miejskim po raz pi\u0105ty wystartuje \u0160koda Pozna\u0144 Bike Challenge. - \u0160koda We Love Cycling - Poland<\/title>\n<meta name=\"robots\" content=\"index, follow, max-snippet:-1, max-image-preview:large, max-video-preview:-1\" \/>\n<link rel=\"canonical\" href=\"https:\/\/www.welovecycling.com\/pl\/ta-impreza-wpisala-sie-juz-na-stale-w-kalendarz-najciekawszych-sportowych-wydarzen-naszego-miasta-23-wrzesnia-na-stadionie-miejskim-po-raz-piaty-wystartuje-skoda-poznan-bike-challenge\/\" \/>\n<meta property=\"og:locale\" content=\"pl_PL\" \/>\n<meta property=\"og:type\" content=\"article\" \/>\n<meta property=\"og:title\" content=\"Ta impreza wpisa\u0142a si\u0119 ju\u017c na sta\u0142e w kalendarz najciekawszych sportowych wydarze\u0144 naszego miasta. 23 wrze\u015bnia na Stadionie Miejskim po raz pi\u0105ty wystartuje \u0160koda Pozna\u0144 Bike Challenge.\" \/>\n<meta property=\"og:description\" content=\"Czego mo\u017cemy spodziewa\u0107 si\u0119 w tym roku? Na pewno kolarskich emocji na wysokim poziomie \u2013 najtrudniejsza trasa liczy bowiem ok. [&hellip;]\" \/>\n<meta property=\"og:url\" content=\"https:\/\/www.welovecycling.com\/pl\/ta-impreza-wpisala-sie-juz-na-stale-w-kalendarz-najciekawszych-sportowych-wydarzen-naszego-miasta-23-wrzesnia-na-stadionie-miejskim-po-raz-piaty-wystartuje-skoda-poznan-bike-challenge\/\" \/>\n<meta property=\"og:site_name\" content=\"\u0160koda We Love Cycling - Poland\" \/>\n<meta property=\"og:image\" content=\"https:\/\/d2p6e6u75xmxt8.cloudfront.net\/5\/2018\/09\/DSC_4411_150dpi_7Mb_forWEB-1024x683.jpg\" \/>\n\t<meta property=\"og:image:width\" content=\"1024\" \/>\n\t<meta property=\"og:image:height\" content=\"683\" \/>\n\t<meta property=\"og:image:type\" content=\"image\/jpeg\" \/>\n<meta name=\"twitter:card\" content=\"summary_large_image\" \/>\n<meta name=\"twitter:label1\" content=\"Est. reading time\" \/>\n\t<meta name=\"twitter:data1\" content=\"2 minutes\" \/>\n<script type=\"application\/ld+json\" class=\"yoast-schema-graph\">{\"@context\":\"https:\/\/schema.org\",\"@graph\":[{\"@type\":\"WebPage\",\"@id\":\"https:\/\/www.welovecycling.com\/pl\/ta-impreza-wpisala-sie-juz-na-stale-w-kalendarz-najciekawszych-sportowych-wydarzen-naszego-miasta-23-wrzesnia-na-stadionie-miejskim-po-raz-piaty-wystartuje-skoda-poznan-bike-challenge\/\",\"url\":\"https:\/\/www.welovecycling.com\/pl\/ta-impreza-wpisala-sie-juz-na-stale-w-kalendarz-najciekawszych-sportowych-wydarzen-naszego-miasta-23-wrzesnia-na-stadionie-miejskim-po-raz-piaty-wystartuje-skoda-poznan-bike-challenge\/\",\"name\":\"Ta impreza wpisa\u0142a si\u0119 ju\u017c na sta\u0142e w kalendarz najciekawszych sportowych wydarze\u0144 naszego miasta. 23 wrze\u015bnia na Stadionie Miejskim po raz pi\u0105ty wystartuje \u0160koda Pozna\u0144 Bike Challenge. - \u0160koda We Love Cycling - Poland\",\"isPartOf\":{\"@id\":\"https:\/\/www.welovecycling.com\/pl\/#website\"},\"primaryImageOfPage\":{\"@id\":\"https:\/\/www.welovecycling.com\/pl\/ta-impreza-wpisala-sie-juz-na-stale-w-kalendarz-najciekawszych-sportowych-wydarzen-naszego-miasta-23-wrzesnia-na-stadionie-miejskim-po-raz-piaty-wystartuje-skoda-poznan-bike-challenge\/#primaryimage\"},\"image\":{\"@id\":\"https:\/\/www.welovecycling.com\/pl\/ta-impreza-wpisala-sie-juz-na-stale-w-kalendarz-najciekawszych-sportowych-wydarzen-naszego-miasta-23-wrzesnia-na-stadionie-miejskim-po-raz-piaty-wystartuje-skoda-poznan-bike-challenge\/#primaryimage\"},\"thumbnailUrl\":\"https:\/\/d2p6e6u75xmxt8.cloudfront.net\/5\/2018\/09\/DSC_4411_150dpi_7Mb_forWEB.jpg\",\"datePublished\":\"2018-09-06T15:37:35+00:00\",\"breadcrumb\":{\"@id\":\"https:\/\/www.welovecycling.com\/pl\/ta-impreza-wpisala-sie-juz-na-stale-w-kalendarz-najciekawszych-sportowych-wydarzen-naszego-miasta-23-wrzesnia-na-stadionie-miejskim-po-raz-piaty-wystartuje-skoda-poznan-bike-challenge\/#breadcrumb\"},\"inLanguage\":\"pl-PL\",\"potentialAction\":[{\"@type\":\"ReadAction\",\"target\":[\"https:\/\/www.welovecycling.com\/pl\/ta-impreza-wpisala-sie-juz-na-stale-w-kalendarz-najciekawszych-sportowych-wydarzen-naszego-miasta-23-wrzesnia-na-stadionie-miejskim-po-raz-piaty-wystartuje-skoda-poznan-bike-challenge\/\"]}]},{\"@type\":\"ImageObject\",\"inLanguage\":\"pl-PL\",\"@id\":\"https:\/\/www.welovecycling.com\/pl\/ta-impreza-wpisala-sie-juz-na-stale-w-kalendarz-najciekawszych-sportowych-wydarzen-naszego-miasta-23-wrzesnia-na-stadionie-miejskim-po-raz-piaty-wystartuje-skoda-poznan-bike-challenge\/#primaryimage\",\"url\":\"https:\/\/d2p6e6u75xmxt8.cloudfront.net\/5\/2018\/09\/DSC_4411_150dpi_7Mb_forWEB.jpg\",\"contentUrl\":\"https:\/\/d2p6e6u75xmxt8.cloudfront.net\/5\/2018\/09\/DSC_4411_150dpi_7Mb_forWEB.jpg\",\"width\":3871,\"height\":2583},{\"@type\":\"BreadcrumbList\",\"@id\":\"https:\/\/www.welovecycling.com\/pl\/ta-impreza-wpisala-sie-juz-na-stale-w-kalendarz-najciekawszych-sportowych-wydarzen-naszego-miasta-23-wrzesnia-na-stadionie-miejskim-po-raz-piaty-wystartuje-skoda-poznan-bike-challenge\/#breadcrumb\",\"itemListElement\":[{\"@type\":\"ListItem\",\"position\":1,\"name\":\"Home\",\"item\":\"https:\/\/www.welovecycling.com\/pl\/\"},{\"@type\":\"ListItem\",\"position\":2,\"name\":\"Ta impreza wpisa\u0142a si\u0119 ju\u017c na sta\u0142e w kalendarz najciekawszych sportowych wydarze\u0144 naszego miasta. 23 wrze\u015bnia na Stadionie Miejskim po raz pi\u0105ty wystartuje \u0160koda Pozna\u0144 Bike Challenge.\"}]},{\"@type\":\"WebSite\",\"@id\":\"https:\/\/www.welovecycling.com\/pl\/#website\",\"url\":\"https:\/\/www.welovecycling.com\/pl\/\",\"name\":\"\u0160koda We Love Cycling - Poland\",\"description\":\"\",\"potentialAction\":[{\"@type\":\"SearchAction\",\"target\":{\"@type\":\"EntryPoint\",\"urlTemplate\":\"https:\/\/www.welovecycling.com\/pl\/?s={search_term_string}\"},\"query-input\":{\"@type\":\"PropertyValueSpecification\",\"valueRequired\":true,\"valueName\":\"search_term_string\"}}],\"inLanguage\":\"pl-PL\"}]}<\/script>\n<!-- \/ Yoast SEO Premium plugin. -->","yoast_head_json":{"title":"Ta impreza wpisa\u0142a si\u0119 ju\u017c na sta\u0142e w kalendarz najciekawszych sportowych wydarze\u0144 naszego miasta. 23 wrze\u015bnia na Stadionie Miejskim po raz pi\u0105ty wystartuje \u0160koda Pozna\u0144 Bike Challenge. - \u0160koda We Love Cycling - Poland","robots":{"index":"index","follow":"follow","max-snippet":"max-snippet:-1","max-image-preview":"max-image-preview:large","max-video-preview":"max-video-preview:-1"},"canonical":"https:\/\/www.welovecycling.com\/pl\/ta-impreza-wpisala-sie-juz-na-stale-w-kalendarz-najciekawszych-sportowych-wydarzen-naszego-miasta-23-wrzesnia-na-stadionie-miejskim-po-raz-piaty-wystartuje-skoda-poznan-bike-challenge\/","og_locale":"pl_PL","og_type":"article","og_title":"Ta impreza wpisa\u0142a si\u0119 ju\u017c na sta\u0142e w kalendarz najciekawszych sportowych wydarze\u0144 naszego miasta. 23 wrze\u015bnia na Stadionie Miejskim po raz pi\u0105ty wystartuje \u0160koda Pozna\u0144 Bike Challenge.","og_description":"Czego mo\u017cemy spodziewa\u0107 si\u0119 w tym roku? Na pewno kolarskich emocji na wysokim poziomie \u2013 najtrudniejsza trasa liczy bowiem ok. [&hellip;]","og_url":"https:\/\/www.welovecycling.com\/pl\/ta-impreza-wpisala-sie-juz-na-stale-w-kalendarz-najciekawszych-sportowych-wydarzen-naszego-miasta-23-wrzesnia-na-stadionie-miejskim-po-raz-piaty-wystartuje-skoda-poznan-bike-challenge\/","og_site_name":"\u0160koda We Love Cycling - Poland","og_image":[{"width":1024,"height":683,"url":"https:\/\/d2p6e6u75xmxt8.cloudfront.net\/5\/2018\/09\/DSC_4411_150dpi_7Mb_forWEB-1024x683.jpg","type":"image\/jpeg"}],"twitter_card":"summary_large_image","twitter_misc":{"Est. reading time":"2 minutes"},"schema":{"@context":"https:\/\/schema.org","@graph":[{"@type":"WebPage","@id":"https:\/\/www.welovecycling.com\/pl\/ta-impreza-wpisala-sie-juz-na-stale-w-kalendarz-najciekawszych-sportowych-wydarzen-naszego-miasta-23-wrzesnia-na-stadionie-miejskim-po-raz-piaty-wystartuje-skoda-poznan-bike-challenge\/","url":"https:\/\/www.welovecycling.com\/pl\/ta-impreza-wpisala-sie-juz-na-stale-w-kalendarz-najciekawszych-sportowych-wydarzen-naszego-miasta-23-wrzesnia-na-stadionie-miejskim-po-raz-piaty-wystartuje-skoda-poznan-bike-challenge\/","name":"Ta impreza wpisa\u0142a si\u0119 ju\u017c na sta\u0142e w kalendarz najciekawszych sportowych wydarze\u0144 naszego miasta. 23 wrze\u015bnia na Stadionie Miejskim po raz pi\u0105ty wystartuje \u0160koda Pozna\u0144 Bike Challenge. - \u0160koda We Love Cycling - Poland","isPartOf":{"@id":"https:\/\/www.welovecycling.com\/pl\/#website"},"primaryImageOfPage":{"@id":"https:\/\/www.welovecycling.com\/pl\/ta-impreza-wpisala-sie-juz-na-stale-w-kalendarz-najciekawszych-sportowych-wydarzen-naszego-miasta-23-wrzesnia-na-stadionie-miejskim-po-raz-piaty-wystartuje-skoda-poznan-bike-challenge\/#primaryimage"},"image":{"@id":"https:\/\/www.welovecycling.com\/pl\/ta-impreza-wpisala-sie-juz-na-stale-w-kalendarz-najciekawszych-sportowych-wydarzen-naszego-miasta-23-wrzesnia-na-stadionie-miejskim-po-raz-piaty-wystartuje-skoda-poznan-bike-challenge\/#primaryimage"},"thumbnailUrl":"https:\/\/d2p6e6u75xmxt8.cloudfront.net\/5\/2018\/09\/DSC_4411_150dpi_7Mb_forWEB.jpg","datePublished":"2018-09-06T15:37:35+00:00","breadcrumb":{"@id":"https:\/\/www.welovecycling.com\/pl\/ta-impreza-wpisala-sie-juz-na-stale-w-kalendarz-najciekawszych-sportowych-wydarzen-naszego-miasta-23-wrzesnia-na-stadionie-miejskim-po-raz-piaty-wystartuje-skoda-poznan-bike-challenge\/#breadcrumb"},"inLanguage":"pl-PL","potentialAction":[{"@type":"ReadAction","target":["https:\/\/www.welovecycling.com\/pl\/ta-impreza-wpisala-sie-juz-na-stale-w-kalendarz-najciekawszych-sportowych-wydarzen-naszego-miasta-23-wrzesnia-na-stadionie-miejskim-po-raz-piaty-wystartuje-skoda-poznan-bike-challenge\/"]}]},{"@type":"ImageObject","inLanguage":"pl-PL","@id":"https:\/\/www.welovecycling.com\/pl\/ta-impreza-wpisala-sie-juz-na-stale-w-kalendarz-najciekawszych-sportowych-wydarzen-naszego-miasta-23-wrzesnia-na-stadionie-miejskim-po-raz-piaty-wystartuje-skoda-poznan-bike-challenge\/#primaryimage","url":"https:\/\/d2p6e6u75xmxt8.cloudfront.net\/5\/2018\/09\/DSC_4411_150dpi_7Mb_forWEB.jpg","contentUrl":"https:\/\/d2p6e6u75xmxt8.cloudfront.net\/5\/2018\/09\/DSC_4411_150dpi_7Mb_forWEB.jpg","width":3871,"height":2583},{"@type":"BreadcrumbList","@id":"https:\/\/www.welovecycling.com\/pl\/ta-impreza-wpisala-sie-juz-na-stale-w-kalendarz-najciekawszych-sportowych-wydarzen-naszego-miasta-23-wrzesnia-na-stadionie-miejskim-po-raz-piaty-wystartuje-skoda-poznan-bike-challenge\/#breadcrumb","itemListElement":[{"@type":"ListItem","position":1,"name":"Home","item":"https:\/\/www.welovecycling.com\/pl\/"},{"@type":"ListItem","position":2,"name":"Ta impreza wpisa\u0142a si\u0119 ju\u017c na sta\u0142e w kalendarz najciekawszych sportowych wydarze\u0144 naszego miasta. 23 wrze\u015bnia na Stadionie Miejskim po raz pi\u0105ty wystartuje \u0160koda Pozna\u0144 Bike Challenge."}]},{"@type":"WebSite","@id":"https:\/\/www.welovecycling.com\/pl\/#website","url":"https:\/\/www.welovecycling.com\/pl\/","name":"\u0160koda We Love Cycling - Poland","description":"","potentialAction":[{"@type":"SearchAction","target":{"@type":"EntryPoint","urlTemplate":"https:\/\/www.welovecycling.com\/pl\/?s={search_term_string}"},"query-input":{"@type":"PropertyValueSpecification","valueRequired":true,"valueName":"search_term_string"}}],"inLanguage":"pl-PL"}]}},"_links":{"self":[{"href":"https:\/\/www.welovecycling.com\/pl\/wp-json\/wp\/v2\/pages\/7628","targetHints":{"allow":["GET"]}}],"collection":[{"href":"https:\/\/www.welovecycling.com\/pl\/wp-json\/wp\/v2\/pages"}],"about":[{"href":"https:\/\/www.welovecycling.com\/pl\/wp-json\/wp\/v2\/types\/page"}],"author":[{"embeddable":true,"href":"https:\/\/www.welovecycling.com\/pl\/wp-json\/wp\/v2\/users\/76"}],"replies":[{"embeddable":true,"href":"https:\/\/www.welovecycling.com\/pl\/wp-json\/wp\/v2\/comments?post=7628"}],"version-history":[{"count":2,"href":"https:\/\/www.welovecycling.com\/pl\/wp-json\/wp\/v2\/pages\/7628\/revisions"}],"predecessor-version":[{"id":7632,"href":"https:\/\/www.welovecycling.com\/pl\/wp-json\/wp\/v2\/pages\/7628\/revisions\/7632"}],"wp:featuredmedia":[{"embeddable":true,"href":"https:\/\/www.welovecycling.com\/pl\/wp-json\/wp\/v2\/media\/7629"}],"wp:attachment":[{"href":"https:\/\/www.welovecycling.com\/pl\/wp-json\/wp\/v2\/media?parent=7628"}],"wp:term":[{"taxonomy":"post_tag","embeddable":true,"href":"https:\/\/www.welovecycling.com\/pl\/wp-json\/wp\/v2\/tags?post=7628"}],"curies":[{"name":"wp","href":"https:\/\/api.w.org\/{rel}","templated":true}]}}