{"id":7276,"date":"2018-06-29T13:12:38","date_gmt":"2018-06-29T13:12:38","guid":{"rendered":"https:\/\/www.welovecycling.com\/pl\/?page_id=7276"},"modified":"2018-07-05T13:19:37","modified_gmt":"2018-07-05T13:19:37","slug":"terms","status":"publish","type":"page","link":"https:\/\/www.welovecycling.com\/pl\/tour-de-france-2018\/terms\/","title":{"rendered":"Wygraj wspania\u0142e nagrody 2018"},"content":{"rendered":"<div id=\"pl-7276\" class=\"panel-layout\">\n<div id=\"pg-7276-0\" class=\"panel-grid panel-no-style\">\n<div id=\"pgc-7276-0-0\" class=\"panel-grid-cell\" data-weight=\"1\">\n<div id=\"panel-7276-0-0-0\" class=\"so-panel widget widget_sow-editor panel-first-child panel-last-child\" data-index=\"0\">\n<div class=\"so-widget-sow-editor so-widget-sow-editor-base\">\n<div class=\"siteorigin-widget-tinymce textwidget\">\n<p>Niniejszy regulamin okre\u015bla warunki konkursu \u201eWygraj wspania\u0142e nagrody 2018\u201d (zwanego dalej \u201eKonkursem\u201d) i stanowi jedyny dokument, kt\u00f3ry reguluje zasady tego konkursu w spos\u00f3b wyczerpuj\u0105cy i bezwzgl\u0119dny.<\/p>\n<ol>\n<li><strong>Gospodarz i organizator Konkursu <\/strong><\/li>\n<\/ol>\n<p>Gospodarzem Konkursu jest \u0160koda AUTO a.s., sp\u00f3\u0142ka akcyjna z siedzib\u0105: t\u0159. V\u00e1clava Klementa 869, 293 01 Mlad\u00e1 Boleslav, Republika Czeska, numer identyfikacyjny sp\u00f3\u0142ki: 00177041, wpisana do Rejestru Handlowego prowadzonego przez S\u0105d Miejski w Pradze, sekcja B, nr akt 332 (zwana dalej \u201eGospodarzem\u201d).<\/p>\n<p>Organizatorem Konkursu realizuj\u0105cym praktyczne czynno\u015bci zwi\u0105zane z organizacj\u0105 Konkursu jest sp\u00f3\u0142ka MUSTARD s.r.o. z siedzib\u0105: Praha 1 \u2013 Nov\u00e9 M\u011bsto, Masarykovo n\u00e1b\u0159. 246, 110 00, Republika Czeska, nr identyfikacyjny: 28531418, wpisana do Rejestru Handlowego prowadzonego przez S\u0105d Miejski w Pradze, sekcja C, wpis: 148383.<\/p>\n<ol start=\"2\">\n<li><strong>Czas trwania i miejsce Konkursu, rundy Konkursu<\/strong><\/li>\n<\/ol>\n<p>Konkurs b\u0119dzie trwa\u0142 od godziny 00:00 (GMT) dnia 7 lipca 2018 r. do godziny 23:59 (GMT) dnia 29 lipca 2018 r. i b\u0119dzie podzielony na trzy odr\u0119bne rundy. Konkurs zostanie przeprowadzony na witrynie internetowej <a href=\"http:\/\/www.welovecycling.com\">www.welovecycling.com<\/a> (zwanej dalej \u201ewitryn\u0105 Konkursu\u201d), kt\u00f3ra b\u0119dzie stanowi\u0142a zasadniczo g\u0142\u00f3wny kana\u0142 komunikacji z uczestnikami Konkursu. Odr\u0119bne rundy Konkursu s\u0105 nast\u0119puj\u0105ce:<\/p>\n<p>Od \/ do \/ liczba <strong>nagr\u00f3d g\u0142\u00f3wnych<\/strong> \/ liczba <strong>nagr\u00f3d dodatkowych<\/strong> \/<\/p>\n<ul>\n<li>runda Konkursu \u2013 00:00 (GMT) 7 lipca 2018 \/ 23:59 15 lipca 2018 \/ <strong>2 \/ 5<\/strong>,<\/li>\n<li>runda Konkursu \u2013 00:00 (GMT) 16 lipca 2018 \/ 23:59 22 lipca 2018 \/ <strong>3 \/ 5<\/strong>,<\/li>\n<li>runda Konkursu \u2013 00:00 (GMT) 23 lipca 2018 \/ 23:59 29 lipca 2018 \/ <strong>3 \/ 5<\/strong>.<\/li>\n<\/ul>\n<ol start=\"3\">\n<li><strong>Uczestnicy Konkursu<\/strong><\/li>\n<\/ol>\n<p>Do Konkursu mog\u0105 przyst\u0105pi\u0107 osoby, kt\u00f3re uko\u0144czy\u0142y 18 lat, pos\u0142uguj\u0105 si\u0119 j\u0119zykiem angielskim na poziomie \u015brednio zaawansowanym oraz zamieszkuj\u0105 w jednym z pa\u0144stw, w kt\u00f3rych prowadzony jest Konkurs. Konkurs jest prowadzony w nast\u0119puj\u0105cych krajach: ANDORA, AUSTRIA, BELGIA, BO\u015aNIA, BU\u0141GARIA, CHORWACJA, CZARNOG\u00d3RA, CZECHY, DANIA, ESTONIA, FINLANDIA, FRANCJA, GRECJA, HISZPANIA, HOLANDIA, ISLANDIA, IRLANDIA, LICHTENSTEIN, LITWA, LUKSEMBURG, \u0141OTWA, NIEMCY, NORWEGIA, POLSKA, PORTUGALIA, RUMUNIA, SERBIA, S\u0141OWACJA, S\u0141OWENIA, SZWECJA, SZWAJCARIA, TURCJA, W\u0118GRY, WIELKA BRYTANIA, W\u0141OCHY.<\/p>\n<p>Uczestnictwo w Konkursie wymaga dokonania rejestracji na witrynie Konkursu w dowolnym czasie w trakcie trwania Konkursu oraz potwierdzenia bezwarunkowego przyj\u0119cia niniejszego regulaminu. Jednym z element\u00f3w rejestracji (formularz zg\u0142oszeniowy) jest podanie danych osobowych \u2013 adresu e-mail, kt\u00f3ry b\u0119dzie wykorzystywany wy\u0142\u0105cznie na potrzeby Konkursu.<\/p>\n<p>Uczestnik mo\u017ce zarejestrowa\u0107 sw\u00f3j udzia\u0142 w Konkursie tylko raz, u\u017cywaj\u0105c wy\u0142\u0105cznie w\u0142asnego adresu e-mail, przy czym Gospodarz Konkursu zastrzega sobie prawo do weryfikacji spe\u0142nienia tego warunku przy u\u017cyciu \u015brodk\u00f3w technicznych i organizacyjnych.<\/p>\n<p>Wszystkie osoby uczestnicz\u0105ce w przygotowaniu Konkursu, g\u0142\u00f3wnie osoby zatrudnione przez Gospodarza lub Organizatora lub zwi\u0105zane z Gospodarzem lub Organizatorem podobnym stosunkiem, s\u0105 wy\u0142\u0105czone z uczestnictwa w Konkursie, przy czym powy\u017csze dotyczy r\u00f3wnie\u017c os\u00f3b pozostaj\u0105cych w podobnych stosunkach z autoryzowanymi partnerami \u0160koda lub agencjami, kt\u00f3rym powierzone zosta\u0142o przeprowadzenie Konkursu, cz\u0142onk\u00f3w ich rodzin i os\u00f3b blisko z nimi zwi\u0105zanych.<\/p>\n<ol start=\"4\">\n<li><strong>Przebieg Konkursu, wy\u0142onienie zwyci\u0119zc\u00f3w<\/strong><\/li>\n<\/ol>\n<p>W ka\u017cdej rundzie Konkursu zadaniem uczestnika b\u0119dzie udzielenie prawid\u0142owych odpowiedzi na sze\u015b\u0107 pyta\u0144 konkursowych. Wszyscy uczestnicy, kt\u00f3rzy prawid\u0142owo odpowiedz\u0105 na wszystkie sze\u015b\u0107 pyta\u0144 w danej rundzie, mog\u0105 ubiega\u0107 si\u0119 o wygran\u0105. Liczba nagr\u00f3d w ka\u017cdej rundzie zosta\u0142a okre\u015blona w tabeli powy\u017cej.<\/p>\n<p><strong>W 1. rundzie Konkursu<\/strong> <strong>nagrody g\u0142\u00f3wne<\/strong> wygrywaj\u0105 uczestnicy, kt\u00f3rzy udzielili prawid\u0142owych odpowiedzi na wszystkie pytania i znajduj\u0105 si\u0119 w 1\/3 i 2\/3 listy wszystkich uczestnik\u00f3w. Je\u017celi liczba uczestnik\u00f3w nie jest podzielna przez 3, w\u00f3wczas liczba ta zostanie zaokr\u0105glona w d\u00f3\u0142 do najbli\u017cszej liczby ca\u0142kowitej podzielnej przez 3. <strong>Nagrody dodatkowe<\/strong> wygrywaj\u0105 uczestnicy, kt\u00f3rzy udzielili prawid\u0142owych odpowiedzi na wszystkie pytania i znajduj\u0105 si\u0119 w 1\/7, 2\/7, 3\/7, 4\/7 i 5\/7 listy wszystkich uczestnik\u00f3w. Je\u017celi liczba uczestnik\u00f3w nie jest podzielna przez 7, w\u00f3wczas liczba ta zostanie zaokr\u0105glona w d\u00f3\u0142 do najbli\u017cszej liczby ca\u0142kowitej podzielnej przez 7.<\/p>\n<p><strong>W 2. rundzie Konkursu<\/strong> <strong>nagrody g\u0142\u00f3wne<\/strong> wygrywaj\u0105 uczestnicy, kt\u00f3rzy udzielili prawid\u0142owych odpowiedzi na wszystkie pytania i znajduj\u0105 si\u0119 w 1\/4, 2\/4 i 3\/4 listy wszystkich uczestnik\u00f3w. Je\u017celi liczba uczestnik\u00f3w nie jest podzielna przez 4, w\u00f3wczas liczba ta zostanie zaokr\u0105glona w d\u00f3\u0142 do najbli\u017cszej liczby ca\u0142kowitej podzielnej przez 4. <strong>Nagrody dodatkowe<\/strong> wygrywaj\u0105 uczestnicy, kt\u00f3rzy udzielili prawid\u0142owych odpowiedzi na wszystkie pytania i znajduj\u0105 si\u0119 w 1\/7, 2\/7, 3\/7, 4\/7 i 5\/7 listy wszystkich uczestnik\u00f3w. Je\u017celi liczba uczestnik\u00f3w nie jest podzielna przez 7, w\u00f3wczas liczba ta zostanie zaokr\u0105glona w d\u00f3\u0142 do najbli\u017cszej liczby ca\u0142kowitej podzielnej przez 7.<\/p>\n<p><strong>W 3. rundzie Konkursu nagrody g\u0142\u00f3wne <\/strong>wygrywaj\u0105 uczestnicy, kt\u00f3rzy udzielili prawid\u0142owych odpowiedzi na wszystkie pytania i znajduj\u0105 si\u0119 w 1\/4, 2\/4 i 3\/4 listy wszystkich uczestnik\u00f3w. Je\u017celi liczba uczestnik\u00f3w nie jest podzielna przez 4, w\u00f3wczas liczba ta zostanie zaokr\u0105glona w d\u00f3\u0142 do najbli\u017cszej liczby ca\u0142kowitej podzielnej przez 4. Nagrody dodatkowe wygrywaj\u0105 uczestnicy, kt\u00f3rzy udzielili prawid\u0142owych odpowiedzi na wszystkie pytania i znajduj\u0105 si\u0119 w 1\/7, 2\/7, 3\/7, 4\/7 i 5\/7 listy wszystkich uczestnik\u00f3w. Je\u017celi liczba uczestnik\u00f3w nie jest podzielna przez 7, w\u00f3wczas liczba ta zostanie zaokr\u0105glona w d\u00f3\u0142 do najbli\u017cszej liczby ca\u0142kowitej podzielnej przez 7.<\/p>\n<p>Wszystkie listy uczestnik\u00f3w, o kt\u00f3rych mowa powy\u017cej, b\u0119d\u0105 w ka\u017cdym przypadku u\u0142o\u017cone w kolejno\u015bci wed\u0142ug czasu nades\u0142ania odpowiedzi na pytania konkursowe.<\/p>\n<p>Gospodarz Konkursu powiadomi zwyci\u0119zc\u00f3w o wygranej, przesy\u0142aj\u0105c stosown\u0105 wiadomo\u015b\u0107 na adres e-mail podany podczas rejestracji w terminie pi\u0119ciu dni od zako\u0144czenia Konkursu, przy czym zwyci\u0119zcy zostan\u0105 poproszeni o dostarczenie danych niezb\u0119dnych do wydania lub przes\u0142ania nagrody lub do dalszej korespondencji. W przypadku braku odpowiedzi uczestnika na e-mail wys\u0142any kilkakrotnie przez Gospodarza Konkursu lub niedostarczenia danych w ci\u0105gu 24 godzin od przes\u0142ania wiadomo\u015bci e-mail, nagroda przepadnie bez mo\u017cliwo\u015bci uzyskania rekompensaty.<\/p>\n<ol start=\"5\">\n<li><strong>Opis nagr\u00f3d<\/strong><\/li>\n<\/ol>\n<p><strong>Nagroda g\u0142\u00f3wna:<\/strong><\/p>\n<ul>\n<li>2 pakiety go\u015bcinne VIP,<\/li>\n<li>3 pakiety sk\u0142adaj\u0105ce si\u0119 z kasku POC + komputer rowerowy GARMIN,<\/li>\n<li>3 zielone koszulki z autografem.<\/li>\n<\/ul>\n<p><strong>Nagrody dodatkowe:<\/strong><\/p>\n<ul>\n<li>3 x 5 zielonych koszulek.<\/li>\n<\/ul>\n<ol start=\"6\">\n<li><strong>Uzyskanie i wykorzystanie materia\u0142\u00f3w<\/strong><\/li>\n<\/ol>\n<p>W przypadku zwyci\u0119stwa w Konkursie uczestnik udziela Gospodarzowi zgody na uzyskanie przez niego i wykorzystanie wizerunku, pisemnych o\u015bwiadcze\u0144, zdj\u0119\u0107 oraz zapis\u00f3w g\u0142osowych i wizualnych dotycz\u0105cych uczestnika i\/lub wszelkich wyra\u017ce\u0144 o charakterze osobistym uzyskanych przez Gospodarza w zwi\u0105zku z organizacj\u0105 Konkursu oraz dostarczeniem lub losowaniem nagrody do cel\u00f3w handlowych we wszelkich \u015brodkach komunikacji, niezale\u017cnie od ich charakteru i parametr\u00f3w, z wykorzystaniem wszystkich zwyczajowych \u015brodk\u00f3w przekazu, a tak\u017ce na ich p\u00f3\u017aniejsz\u0105 modyfikacj\u0119, w tym ewentualne po\u0142\u0105czenie z innymi dzie\u0142ami i w\u0142\u0105czenie do dzie\u0142a zbiorowego. Uczestnik udziela Gospodarzowi powy\u017cszej zgody nieodp\u0142atnie, bez ogranicze\u0144 odno\u015bnie do tre\u015bci, czasu, jako\u015bci lub zasi\u0119gu geograficznego wykorzystania materia\u0142\u00f3w, przy czym zgod\u0119 t\u0119 mo\u017ce w dowolnym czasie odwo\u0142a\u0107. Niniejsza zgoda znajduje r\u00f3wnie\u017c zastosowanie do os\u00f3b trzecich, kt\u00f3rym Gospodarz mo\u017ce dostarczy\u0107 materia\u0142y, o kt\u00f3rych mowa powy\u017cej, wed\u0142ug w\u0142asnego uznania.<\/p>\n<ol start=\"7\">\n<li><strong>Pozosta\u0142e warunki Konkursu<\/strong><\/li>\n<\/ol>\n<p>Gospodarz zachowuje wy\u0142\u0105czno\u015b\u0107 w zakresie dok\u0142adnego okre\u015blenia nagr\u00f3d. Obrazy nagr\u00f3d przedstawiane w materia\u0142ach promocyjnych maj\u0105 charakter przyk\u0142adowy. Wygranie nagrody g\u0142\u00f3wnej jest uzale\u017cnione od spe\u0142nienia innych warunk\u00f3w (paszportowych, wizowych etc.) i obowi\u0105zk\u00f3w przez zwyci\u0119zc\u0119 oraz wymaga uwzgl\u0119dnienia indywidualnych, g\u0142\u00f3wnie medycznych mo\u017cliwo\u015bci wykorzystania nagrody. Gospodarz nie ponosi odpowiedzialno\u015bci za jakiekolwiek szkody powsta\u0142e po stronie uczestnika na skutek wykorzystania nagrody.<\/p>\n<p>Uczestnicy nie s\u0105 uprawnieni do \u017c\u0105dania wyp\u0142aty r\u00f3wnowarto\u015bci nagrody ani spe\u0142nienia innego \u015bwiadczenia w miejsce nagrody. Gospodarz nie jest zobowi\u0105zany do spe\u0142nienia \u017cadnych \u015bwiadcze\u0144 na rzecz uczestnik\u00f3w Konkursu, a uczestnicy nie s\u0105 uprawnieni do uzyskania \u017cadnych \u015bwiadcze\u0144 od Gospodarza innych ni\u017c \u015bwiadczenia wyra\u017anie okre\u015blone w niniejszym dokumencie. Gospodarz nie ponosi odpowiedzialno\u015bci za jako\u015b\u0107 nagr\u00f3d dostarczanych przez osoby trzecie. W celu wykonania praw s\u0142u\u017c\u0105cych z tytu\u0142u ewentualnej wady rzeczy, nale\u017cy kontaktowa\u0107 si\u0119 bezpo\u015brednio z w\u0142a\u015bciw\u0105 osob\u0105 trzeci\u0105. Gospodarz zastrzega sobie prawo do zmiany nagr\u00f3d wed\u0142ug w\u0142asnego uznania.<\/p>\n<p>Uczestnik mo\u017ce zosta\u0107 wykluczony z Konkursu w przypadku ustalenia przez Gospodarza lub zaistnienia uzasadnionego podejrzenia, \u017ce uczestnik lub inne osoby z nim wsp\u00f3\u0142pracuj\u0105ce dopu\u015bci\u0142y si\u0119 oszustwa w celu uzyskania nagrody lub dzia\u0142aj\u0105 nieuczciwie b\u0105d\u017a podejmuj\u0105 dzia\u0142ania nieoparte na wiedzy uczestnika, a wi\u0119c niezgodne z zasadami Konkursu.<\/p>\n<p>Gospodarz nie ponosi odpowiedzialno\u015bci za niedostarczenie wiadomo\u015bci e-mail lub nagrody. Gospodarz nie ponosi odpowiedzialno\u015bci za jakiekolwiek pomy\u0142ki powsta\u0142e na skutek problem\u00f3w technicznych lub komunikacyjnych. Gospodarz podejmuje rozstrzygaj\u0105c\u0105 decyzj\u0119 w kwestii za\u017cale\u0144 lub sprzeciw\u00f3w. Gospodarz zastrzega sobie prawo do skr\u00f3cenia, prze\u0142o\u017cenia w czasie, zawieszenia lub odwo\u0142ania Konkursu lub do wprowadzenia zmian lub dodatkowych zapis\u00f3w do niniejszego regulaminu bez mo\u017cliwo\u015bci \u017c\u0105dania rekompensaty przez uczestnik\u00f3w wed\u0142ug w\u0142asnego uznania w trakcie trwania Konkursu w drodze og\u0142oszenia zmiany na powy\u017cej wskazanej witrynie, na kt\u00f3rej znajduje si\u0119 r\u00f3wnie\u017c aktualna i pe\u0142na tre\u015b\u0107 regulaminu.<\/p>\n<p>Konkurs nie jest w \u017caden spos\u00f3b prowadzony przez Facebooka, sponsorowany ani powi\u0105zany z Facebookiem, Facebook nie ponosi w zwi\u0105zku z Konkursem \u017cadnej odpowiedzialno\u015bci. Informacje przekazywane w trakcie trwania Konkursu nie b\u0119d\u0105 publikowane na Facebooku. Wszelkie pytania, uwagi lub za\u017calenia dotycz\u0105ce uczestnictwa w Konkursie nale\u017cy kierowa\u0107 do Gospodarza, nie do Facebooka.<\/p>\n<p>Konkurs podlega przepisom prawa czeskiego \u2013 w takim zakresie, w jakim prawo obowi\u0105zuj\u0105ce w kraju uczestnika nie stanowi inaczej.<\/p>\n<\/div>\n<\/div>\n<\/div>\n<\/div>\n<\/div>\n<\/div>\n","protected":false},"excerpt":{"rendered":"<p>Niniejszy regulamin okre\u015bla warunki konkursu \u201eWygraj wspania\u0142e nagrody 2018\u201d (zwanego dalej \u201eKonkursem\u201d) i stanowi jedyny dokument, kt\u00f3ry reguluje zasady tego [&hellip;]<\/p>\n","protected":false},"author":78,"featured_media":0,"parent":7274,"menu_order":0,"comment_status":"closed","ping_status":"closed","template":"templates\/template-empty-page-headline.php","meta":{"footnotes":""},"tags":[],"class_list":["post-7276","page","type-page","status-publish","hentry"],"yoast_head":"<!-- This site is optimized with the Yoast SEO Premium plugin v25.3 (Yoast SEO v25.9) - https:\/\/yoast.com\/wordpress\/plugins\/seo\/ -->\n<title>Wygraj wspania\u0142e nagrody 2018 - \u0160koda We Love Cycling - Poland<\/title>\n<meta name=\"robots\" content=\"index, follow, max-snippet:-1, max-image-preview:large, max-video-preview:-1\" \/>\n<link rel=\"canonical\" href=\"https:\/\/www.welovecycling.com\/pl\/tour-de-france-2018\/terms\/\" \/>\n<meta property=\"og:locale\" content=\"pl_PL\" \/>\n<meta property=\"og:type\" content=\"article\" \/>\n<meta property=\"og:title\" content=\"Wygraj wspania\u0142e nagrody 2018\" \/>\n<meta property=\"og:description\" content=\"Niniejszy regulamin okre\u015bla warunki konkursu \u201eWygraj wspania\u0142e nagrody 2018\u201d (zwanego dalej \u201eKonkursem\u201d) i stanowi jedyny dokument, kt\u00f3ry reguluje zasady tego [&hellip;]\" \/>\n<meta property=\"og:url\" content=\"https:\/\/www.welovecycling.com\/pl\/tour-de-france-2018\/terms\/\" \/>\n<meta property=\"og:site_name\" content=\"\u0160koda We Love Cycling - Poland\" \/>\n<meta property=\"article:modified_time\" content=\"2018-07-05T13:19:37+00:00\" \/>\n<meta name=\"twitter:card\" content=\"summary_large_image\" \/>\n<meta name=\"twitter:label1\" content=\"Est. reading time\" \/>\n\t<meta name=\"twitter:data1\" content=\"8 minutes\" \/>\n<script type=\"application\/ld+json\" class=\"yoast-schema-graph\">{\"@context\":\"https:\/\/schema.org\",\"@graph\":[{\"@type\":\"WebPage\",\"@id\":\"https:\/\/www.welovecycling.com\/pl\/tour-de-france-2018\/terms\/\",\"url\":\"https:\/\/www.welovecycling.com\/pl\/tour-de-france-2018\/terms\/\",\"name\":\"Wygraj wspania\u0142e nagrody 2018 - \u0160koda We Love Cycling - Poland\",\"isPartOf\":{\"@id\":\"https:\/\/www.welovecycling.com\/pl\/#website\"},\"datePublished\":\"2018-06-29T13:12:38+00:00\",\"dateModified\":\"2018-07-05T13:19:37+00:00\",\"breadcrumb\":{\"@id\":\"https:\/\/www.welovecycling.com\/pl\/tour-de-france-2018\/terms\/#breadcrumb\"},\"inLanguage\":\"pl-PL\",\"potentialAction\":[{\"@type\":\"ReadAction\",\"target\":[\"https:\/\/www.welovecycling.com\/pl\/tour-de-france-2018\/terms\/\"]}]},{\"@type\":\"BreadcrumbList\",\"@id\":\"https:\/\/www.welovecycling.com\/pl\/tour-de-france-2018\/terms\/#breadcrumb\",\"itemListElement\":[{\"@type\":\"ListItem\",\"position\":1,\"name\":\"Home\",\"item\":\"https:\/\/www.welovecycling.com\/pl\/\"},{\"@type\":\"ListItem\",\"position\":2,\"name\":\"Tour de France\",\"item\":\"https:\/\/www.welovecycling.com\/pl\/tour-de-france-2018\/\"},{\"@type\":\"ListItem\",\"position\":3,\"name\":\"Wygraj wspania\u0142e nagrody 2018\"}]},{\"@type\":\"WebSite\",\"@id\":\"https:\/\/www.welovecycling.com\/pl\/#website\",\"url\":\"https:\/\/www.welovecycling.com\/pl\/\",\"name\":\"\u0160koda We Love Cycling - Poland\",\"description\":\"\",\"potentialAction\":[{\"@type\":\"SearchAction\",\"target\":{\"@type\":\"EntryPoint\",\"urlTemplate\":\"https:\/\/www.welovecycling.com\/pl\/?s={search_term_string}\"},\"query-input\":{\"@type\":\"PropertyValueSpecification\",\"valueRequired\":true,\"valueName\":\"search_term_string\"}}],\"inLanguage\":\"pl-PL\"}]}<\/script>\n<!-- \/ Yoast SEO Premium plugin. -->","yoast_head_json":{"title":"Wygraj wspania\u0142e nagrody 2018 - \u0160koda We Love Cycling - Poland","robots":{"index":"index","follow":"follow","max-snippet":"max-snippet:-1","max-image-preview":"max-image-preview:large","max-video-preview":"max-video-preview:-1"},"canonical":"https:\/\/www.welovecycling.com\/pl\/tour-de-france-2018\/terms\/","og_locale":"pl_PL","og_type":"article","og_title":"Wygraj wspania\u0142e nagrody 2018","og_description":"Niniejszy regulamin okre\u015bla warunki konkursu \u201eWygraj wspania\u0142e nagrody 2018\u201d (zwanego dalej \u201eKonkursem\u201d) i stanowi jedyny dokument, kt\u00f3ry reguluje zasady tego [&hellip;]","og_url":"https:\/\/www.welovecycling.com\/pl\/tour-de-france-2018\/terms\/","og_site_name":"\u0160koda We Love Cycling - Poland","article_modified_time":"2018-07-05T13:19:37+00:00","twitter_card":"summary_large_image","twitter_misc":{"Est. reading time":"8 minutes"},"schema":{"@context":"https:\/\/schema.org","@graph":[{"@type":"WebPage","@id":"https:\/\/www.welovecycling.com\/pl\/tour-de-france-2018\/terms\/","url":"https:\/\/www.welovecycling.com\/pl\/tour-de-france-2018\/terms\/","name":"Wygraj wspania\u0142e nagrody 2018 - \u0160koda We Love Cycling - Poland","isPartOf":{"@id":"https:\/\/www.welovecycling.com\/pl\/#website"},"datePublished":"2018-06-29T13:12:38+00:00","dateModified":"2018-07-05T13:19:37+00:00","breadcrumb":{"@id":"https:\/\/www.welovecycling.com\/pl\/tour-de-france-2018\/terms\/#breadcrumb"},"inLanguage":"pl-PL","potentialAction":[{"@type":"ReadAction","target":["https:\/\/www.welovecycling.com\/pl\/tour-de-france-2018\/terms\/"]}]},{"@type":"BreadcrumbList","@id":"https:\/\/www.welovecycling.com\/pl\/tour-de-france-2018\/terms\/#breadcrumb","itemListElement":[{"@type":"ListItem","position":1,"name":"Home","item":"https:\/\/www.welovecycling.com\/pl\/"},{"@type":"ListItem","position":2,"name":"Tour de France","item":"https:\/\/www.welovecycling.com\/pl\/tour-de-france-2018\/"},{"@type":"ListItem","position":3,"name":"Wygraj wspania\u0142e nagrody 2018"}]},{"@type":"WebSite","@id":"https:\/\/www.welovecycling.com\/pl\/#website","url":"https:\/\/www.welovecycling.com\/pl\/","name":"\u0160koda We Love Cycling - Poland","description":"","potentialAction":[{"@type":"SearchAction","target":{"@type":"EntryPoint","urlTemplate":"https:\/\/www.welovecycling.com\/pl\/?s={search_term_string}"},"query-input":{"@type":"PropertyValueSpecification","valueRequired":true,"valueName":"search_term_string"}}],"inLanguage":"pl-PL"}]}},"_links":{"self":[{"href":"https:\/\/www.welovecycling.com\/pl\/wp-json\/wp\/v2\/pages\/7276","targetHints":{"allow":["GET"]}}],"collection":[{"href":"https:\/\/www.welovecycling.com\/pl\/wp-json\/wp\/v2\/pages"}],"about":[{"href":"https:\/\/www.welovecycling.com\/pl\/wp-json\/wp\/v2\/types\/page"}],"author":[{"embeddable":true,"href":"https:\/\/www.welovecycling.com\/pl\/wp-json\/wp\/v2\/users\/78"}],"replies":[{"embeddable":true,"href":"https:\/\/www.welovecycling.com\/pl\/wp-json\/wp\/v2\/comments?post=7276"}],"version-history":[{"count":2,"href":"https:\/\/www.welovecycling.com\/pl\/wp-json\/wp\/v2\/pages\/7276\/revisions"}],"predecessor-version":[{"id":7300,"href":"https:\/\/www.welovecycling.com\/pl\/wp-json\/wp\/v2\/pages\/7276\/revisions\/7300"}],"up":[{"embeddable":true,"href":"https:\/\/www.welovecycling.com\/pl\/wp-json\/wp\/v2\/pages\/7274"}],"wp:attachment":[{"href":"https:\/\/www.welovecycling.com\/pl\/wp-json\/wp\/v2\/media?parent=7276"}],"wp:term":[{"taxonomy":"post_tag","embeddable":true,"href":"https:\/\/www.welovecycling.com\/pl\/wp-json\/wp\/v2\/tags?post=7276"}],"curies":[{"name":"wp","href":"https:\/\/api.w.org\/{rel}","templated":true}]}}