{"id":7028,"date":"2018-05-24T06:07:31","date_gmt":"2018-05-24T06:07:31","guid":{"rendered":"https:\/\/www.welovecycling.com\/pl\/?page_id=7028"},"modified":"2018-07-05T09:38:26","modified_gmt":"2018-07-05T09:38:26","slug":"contest-memorandum","status":"publish","type":"page","link":"https:\/\/www.welovecycling.com\/pl\/docs\/contest-memorandum\/","title":{"rendered":"Informacja o przetwarzaniu danych osobowych (konkurs)"},"content":{"rendered":"<div id=\"pl-7028\"  class=\"panel-layout\" ><div id=\"pg-7028-0\"  class=\"panel-grid panel-no-style\" ><div id=\"pgc-7028-0-0\"  class=\"panel-grid-cell\" ><div id=\"panel-7028-0-0-0\" class=\"so-panel widget widget_sow-editor panel-first-child\" data-index=\"0\" ><div\n\t\t\t\n\t\t\tclass=\"so-widget-sow-editor so-widget-sow-editor-base\"\n\t\t\t\n\t\t>\n<div class=\"siteorigin-widget-tinymce textwidget\">\n\t<p>W niniejszym dokumencie sp\u00f3\u0142ka \u0160koda AUTO a.s., t\u0159. V\u00e1clava Klementa 869, Mlad\u00e1 Boleslav II, 293 10, Mlad\u00e1 Boleslav, nr identyfikacyjny: 00177041, wpisana do Rejestru Handlowego prowadzonego przez S\u0105d Miejski w Pradze, Sekcja B, nr akt 332 (zwana dalej \u201e\u0160koda AUTO\u201d), b\u0119d\u0105ca administratorem danych osobowych zawar\u0142a informacje dotycz\u0105ce przetwarzania danych osobowych oraz praw, kt\u00f3re maj\u0105 Pa\u0144stwo w zwi\u0105zku z przetwarzaniem. <\/p>\n<p>Przetwarzanie danych osobowych odbywa si\u0119 w zwi\u0105zku z: <\/p>\n<p><strong>Organizacj\u0105 konkursu i g\u0142osowaniem w przebiegu konkursu<\/strong><\/p>\n<\/div>\n<\/div><\/div><div id=\"panel-7028-0-0-1\" class=\"so-panel widget widget_sow-editor panel-last-child\" data-index=\"1\" ><div\n\t\t\t\n\t\t\tclass=\"so-widget-sow-editor so-widget-sow-editor-base\"\n\t\t\t\n\t\t>\n<div class=\"siteorigin-widget-tinymce textwidget\">\n\t<h3>Cel przetwarzania:<\/h3>\n<p>Organizacja konkurs\u00f3w i zapewnienie sprawiedliwych zasad g\u0142osowania w przebiegu konkurs\u00f3w.<\/p>\n<h3>Opis celu przetwarzania:<\/h3>\n<p>W przypadku podj\u0119cia przez Pa\u0144stwa decyzji o uczestnictwie w jakimkolwiek konkursie organizowanym przez \u0160koda AUTO \u0160koda AUTO b\u0119dzie wykorzystywa\u0107 dane osobowe uczestnik\u00f3w konkursu, tj. Pa\u0144stwa dane osobowe oraz dane osobowe Pa\u0144stwa dziecka, je\u015bli s\u0105 Pa\u0144stwo prawnym opiekunem uczestnika konkursu, w celu wpisania na list\u0119 uczestnik\u00f3w, oceny wynik\u00f3w konkursu oraz przes\u0142ania lub dostarczenia nagrody. Powy\u017csze czynno\u015bci mog\u0105 by\u0107 przeprowadzane przez \u0160koda AUTO lub przez osoby trzecie \u2013 agencje. Pa\u0144stwa dane osobowe b\u0119d\u0105 r\u00f3wnie\u017c s\u0142u\u017cy\u0107 \u0160koda AUTO do ograniczenia liczby przypadk\u00f3w wielokrotnego oddawania g\u0142osu przez jedn\u0105 osob\u0119.<\/p>\n<h3>Podstawa prawna przetwarzania:<\/h3>\n<p>Przetwarzanie danych przez \u0160koda AUTO jest niezb\u0119dne do spe\u0142nienia przez \u0160koda AUTO obowi\u0105zk\u00f3w wynikaj\u0105cych z og\u0142oszonego konkursu. Podanie Pa\u0144stwa danych osobowych stanowi wym\u00f3g wynikaj\u0105cy z regulaminu, przy czym niepodanie danych osobowych mo\u017ce skutkowa\u0107 wy\u0142\u0105czeniem Pa\u0144stwa z konkursu.<\/p>\n<h3>Kategorie przetwarzanych danych osobowych:<\/h3>\n<p>Dane identyfikuj\u0105ce osob\u0119, dane kontaktowe.<\/p>\n<h3>Okres przetwarzania i przechowywania danych:<\/h3>\n<p>1 rok po zako\u0144czeniu konkursu.<\/p>\n<h3>Kategorie podmiot\u00f3w przetwarzaj\u0105cych lub odbiorc\u00f3w, kt\u00f3rym \u0160koda AUTO mo\u017ce dostarcza\u0107 dane osobowe:<\/h3>\n<p>Agencje zajmuj\u0105ce si\u0119 organizacj\u0105 przebiegu konkurs\u00f3w.<\/p>\n<p>Na podstawie stosownego \u017c\u0105dania \u0160koda AUTO mo\u017ce przekazywa\u0107 Pa\u0144stwa dane osobowe organom publicznym, w szczeg\u00f3lno\u015bci s\u0105dom, policji czeskiej oraz organom \u015bcigania, w niezb\u0119dnym zakresie oraz w granicach okre\u015blonych przepisami prawa.<\/p>\n<h3>\u0179r\u00f3d\u0142o danych osobowych:<\/h3>\n<p>Pa\u0144stwa dane osobowe s\u0105 uzyskiwane bezpo\u015brednio od Pa\u0144stwa.<\/p>\n<h3>Przekazywanie danych osobowych do pa\u0144stw trzecich lub organizacji mi\u0119dzynarodowych:<\/h3>\n<p>W ramach przetwarzania Twoje dane osobowe mog\u0105 by\u0107 przekazywane do odbiorc\u00f3w w krajach trzecich, np. w Stanach Zjednoczonych. W takim przypadku przekazywanie danych mo\u017ce odbywa\u0107 si\u0119 na podstawie decyzji w sprawie odpowiedniego stopnia ochrony podj\u0119tej przez Komisj\u0119 Europejsk\u0105, tj. dla organizacji uczestnicz\u0105cych w programie Tarcza Prywatno\u015bci, lub na podstawie standardowych klauzul umownych, tj. modelowego kontraktu wydanego przez Komisj\u0119<\/p>\n<p>Europejsk\u0105, bez zmian w jego tre\u015bci, jak przewidziano w bie\u017c\u0105cych regulacjach dot.\u00a0ochrony danych osobowych. Najnowsze informacje znajdziesz na stronie <a href=\"http:\/\/www.skoda-auto.com\/other\/privacy-policy-pl\" target=\"_blank\" rel=\"noopener\">http:\/\/www.skoda-auto.com\/other\/privacy-policy-pl<\/a>.<\/p>\n<h3>Zautomatyzowane podejmowanie decyzji na podstawie danych osobowych:<\/h3>\n<p>Podczas przetwarzania danych osobowych, o kt\u00f3rym mowa w niniejszej informacji, dane osobowe nie b\u0119d\u0105 s\u0142u\u017cy\u0142y do zautomatyzowanego podejmowania decyzji.<\/p>\n<h3>Inne informacje<\/h3>\n<p>Dane osobowe mog\u0105 by\u0107 wykorzystywane do cel\u00f3w archiwalnych w interesie publicznym i do bada\u0144 naukowych, historycznych lub do cel\u00f3w statystycznych. W uzasadnionych przypadkach dane osobowe mog\u0105 by\u0107 r\u00f3wnie\u017c przetwarzane w celu rozstrzygania zagadnie\u0144 prawnych, w tym wype\u0142nienia obowi\u0105zk\u00f3w wzgl\u0119dem organ\u00f3w administracji publicznej, a tak\u017ce w celu monitorowania i ci\u0105g\u0142ej oceny ryzyka prawnego.<\/p>\n<\/div>\n<\/div><\/div><\/div><\/div><div id=\"pg-7028-1\"  class=\"panel-grid panel-no-style\" ><div id=\"pgc-7028-1-0\"  class=\"panel-grid-cell\" ><div id=\"panel-7028-1-0-0\" class=\"so-panel widget widget_sow-editor panel-first-child panel-last-child\" data-index=\"2\" ><div\n\t\t\t\n\t\t\tclass=\"so-widget-sow-editor so-widget-sow-editor-base\"\n\t\t\t\n\t\t>\n<div class=\"siteorigin-widget-tinymce textwidget\">\n\t<p><a href=\"https:\/\/www.welovecycling.com\/pl\/docs\/prawa\/\">Jakie s\u0105 Pa\u0144stwa prawa?<\/a><\/p>\n<\/div>\n<\/div><\/div><\/div><\/div><\/div>","protected":false},"excerpt":{"rendered":"<p>W niniejszym dokumencie sp\u00f3\u0142ka \u0160koda AUTO a.s., t\u0159. V\u00e1clava Klementa 869, Mlad\u00e1 Boleslav II, 293 10, Mlad\u00e1 Boleslav, nr identyfikacyjny: [&hellip;]<\/p>\n","protected":false},"author":1,"featured_media":0,"parent":7026,"menu_order":0,"comment_status":"closed","ping_status":"closed","template":"templates\/template-empty-page-headline.php","meta":{"footnotes":""},"tags":[],"class_list":["post-7028","page","type-page","status-publish","hentry"],"yoast_head":"<!-- This site is optimized with the Yoast SEO Premium plugin v25.3 (Yoast SEO v25.9) - https:\/\/yoast.com\/wordpress\/plugins\/seo\/ -->\n<title>Informacja o przetwarzaniu danych osobowych (konkurs) - \u0160koda We Love Cycling - Poland<\/title>\n<meta name=\"robots\" content=\"index, follow, max-snippet:-1, max-image-preview:large, max-video-preview:-1\" \/>\n<link rel=\"canonical\" href=\"https:\/\/www.welovecycling.com\/pl\/docs\/contest-memorandum\/\" \/>\n<meta property=\"og:locale\" content=\"pl_PL\" \/>\n<meta property=\"og:type\" content=\"article\" \/>\n<meta property=\"og:title\" content=\"Informacja o przetwarzaniu danych osobowych (konkurs)\" \/>\n<meta property=\"og:description\" content=\"W niniejszym dokumencie sp\u00f3\u0142ka \u0160koda AUTO a.s., t\u0159. V\u00e1clava Klementa 869, Mlad\u00e1 Boleslav II, 293 10, Mlad\u00e1 Boleslav, nr identyfikacyjny: [&hellip;]\" \/>\n<meta property=\"og:url\" content=\"https:\/\/www.welovecycling.com\/pl\/docs\/contest-memorandum\/\" \/>\n<meta property=\"og:site_name\" content=\"\u0160koda We Love Cycling - Poland\" \/>\n<meta property=\"article:modified_time\" content=\"2018-07-05T09:38:26+00:00\" \/>\n<meta name=\"twitter:card\" content=\"summary_large_image\" \/>\n<meta name=\"twitter:label1\" content=\"Est. reading time\" \/>\n\t<meta name=\"twitter:data1\" content=\"3 minutes\" \/>\n<script type=\"application\/ld+json\" class=\"yoast-schema-graph\">{\"@context\":\"https:\/\/schema.org\",\"@graph\":[{\"@type\":\"WebPage\",\"@id\":\"https:\/\/www.welovecycling.com\/pl\/docs\/contest-memorandum\/\",\"url\":\"https:\/\/www.welovecycling.com\/pl\/docs\/contest-memorandum\/\",\"name\":\"Informacja o przetwarzaniu danych osobowych (konkurs) - \u0160koda We Love Cycling - Poland\",\"isPartOf\":{\"@id\":\"https:\/\/www.welovecycling.com\/pl\/#website\"},\"datePublished\":\"2018-05-24T06:07:31+00:00\",\"dateModified\":\"2018-07-05T09:38:26+00:00\",\"breadcrumb\":{\"@id\":\"https:\/\/www.welovecycling.com\/pl\/docs\/contest-memorandum\/#breadcrumb\"},\"inLanguage\":\"pl-PL\",\"potentialAction\":[{\"@type\":\"ReadAction\",\"target\":[\"https:\/\/www.welovecycling.com\/pl\/docs\/contest-memorandum\/\"]}]},{\"@type\":\"BreadcrumbList\",\"@id\":\"https:\/\/www.welovecycling.com\/pl\/docs\/contest-memorandum\/#breadcrumb\",\"itemListElement\":[{\"@type\":\"ListItem\",\"position\":1,\"name\":\"Home\",\"item\":\"https:\/\/www.welovecycling.com\/pl\/\"},{\"@type\":\"ListItem\",\"position\":2,\"name\":\"Documents\",\"item\":\"https:\/\/www.welovecycling.com\/pl\/docs\/\"},{\"@type\":\"ListItem\",\"position\":3,\"name\":\"Informacja o przetwarzaniu danych osobowych (konkurs)\"}]},{\"@type\":\"WebSite\",\"@id\":\"https:\/\/www.welovecycling.com\/pl\/#website\",\"url\":\"https:\/\/www.welovecycling.com\/pl\/\",\"name\":\"\u0160koda We Love Cycling - Poland\",\"description\":\"\",\"potentialAction\":[{\"@type\":\"SearchAction\",\"target\":{\"@type\":\"EntryPoint\",\"urlTemplate\":\"https:\/\/www.welovecycling.com\/pl\/?s={search_term_string}\"},\"query-input\":{\"@type\":\"PropertyValueSpecification\",\"valueRequired\":true,\"valueName\":\"search_term_string\"}}],\"inLanguage\":\"pl-PL\"}]}<\/script>\n<!-- \/ Yoast SEO Premium plugin. -->","yoast_head_json":{"title":"Informacja o przetwarzaniu danych osobowych (konkurs) - \u0160koda We Love Cycling - Poland","robots":{"index":"index","follow":"follow","max-snippet":"max-snippet:-1","max-image-preview":"max-image-preview:large","max-video-preview":"max-video-preview:-1"},"canonical":"https:\/\/www.welovecycling.com\/pl\/docs\/contest-memorandum\/","og_locale":"pl_PL","og_type":"article","og_title":"Informacja o przetwarzaniu danych osobowych (konkurs)","og_description":"W niniejszym dokumencie sp\u00f3\u0142ka \u0160koda AUTO a.s., t\u0159. V\u00e1clava Klementa 869, Mlad\u00e1 Boleslav II, 293 10, Mlad\u00e1 Boleslav, nr identyfikacyjny: [&hellip;]","og_url":"https:\/\/www.welovecycling.com\/pl\/docs\/contest-memorandum\/","og_site_name":"\u0160koda We Love Cycling - Poland","article_modified_time":"2018-07-05T09:38:26+00:00","twitter_card":"summary_large_image","twitter_misc":{"Est. reading time":"3 minutes"},"schema":{"@context":"https:\/\/schema.org","@graph":[{"@type":"WebPage","@id":"https:\/\/www.welovecycling.com\/pl\/docs\/contest-memorandum\/","url":"https:\/\/www.welovecycling.com\/pl\/docs\/contest-memorandum\/","name":"Informacja o przetwarzaniu danych osobowych (konkurs) - \u0160koda We Love Cycling - Poland","isPartOf":{"@id":"https:\/\/www.welovecycling.com\/pl\/#website"},"datePublished":"2018-05-24T06:07:31+00:00","dateModified":"2018-07-05T09:38:26+00:00","breadcrumb":{"@id":"https:\/\/www.welovecycling.com\/pl\/docs\/contest-memorandum\/#breadcrumb"},"inLanguage":"pl-PL","potentialAction":[{"@type":"ReadAction","target":["https:\/\/www.welovecycling.com\/pl\/docs\/contest-memorandum\/"]}]},{"@type":"BreadcrumbList","@id":"https:\/\/www.welovecycling.com\/pl\/docs\/contest-memorandum\/#breadcrumb","itemListElement":[{"@type":"ListItem","position":1,"name":"Home","item":"https:\/\/www.welovecycling.com\/pl\/"},{"@type":"ListItem","position":2,"name":"Documents","item":"https:\/\/www.welovecycling.com\/pl\/docs\/"},{"@type":"ListItem","position":3,"name":"Informacja o przetwarzaniu danych osobowych (konkurs)"}]},{"@type":"WebSite","@id":"https:\/\/www.welovecycling.com\/pl\/#website","url":"https:\/\/www.welovecycling.com\/pl\/","name":"\u0160koda We Love Cycling - Poland","description":"","potentialAction":[{"@type":"SearchAction","target":{"@type":"EntryPoint","urlTemplate":"https:\/\/www.welovecycling.com\/pl\/?s={search_term_string}"},"query-input":{"@type":"PropertyValueSpecification","valueRequired":true,"valueName":"search_term_string"}}],"inLanguage":"pl-PL"}]}},"_links":{"self":[{"href":"https:\/\/www.welovecycling.com\/pl\/wp-json\/wp\/v2\/pages\/7028","targetHints":{"allow":["GET"]}}],"collection":[{"href":"https:\/\/www.welovecycling.com\/pl\/wp-json\/wp\/v2\/pages"}],"about":[{"href":"https:\/\/www.welovecycling.com\/pl\/wp-json\/wp\/v2\/types\/page"}],"author":[{"embeddable":true,"href":"https:\/\/www.welovecycling.com\/pl\/wp-json\/wp\/v2\/users\/1"}],"replies":[{"embeddable":true,"href":"https:\/\/www.welovecycling.com\/pl\/wp-json\/wp\/v2\/comments?post=7028"}],"version-history":[{"count":2,"href":"https:\/\/www.welovecycling.com\/pl\/wp-json\/wp\/v2\/pages\/7028\/revisions"}],"predecessor-version":[{"id":7299,"href":"https:\/\/www.welovecycling.com\/pl\/wp-json\/wp\/v2\/pages\/7028\/revisions\/7299"}],"up":[{"embeddable":true,"href":"https:\/\/www.welovecycling.com\/pl\/wp-json\/wp\/v2\/pages\/7026"}],"wp:attachment":[{"href":"https:\/\/www.welovecycling.com\/pl\/wp-json\/wp\/v2\/media?parent=7028"}],"wp:term":[{"taxonomy":"post_tag","embeddable":true,"href":"https:\/\/www.welovecycling.com\/pl\/wp-json\/wp\/v2\/tags?post=7028"}],"curies":[{"name":"wp","href":"https:\/\/api.w.org\/{rel}","templated":true}]}}