{"id":4189,"date":"2017-06-16T12:16:19","date_gmt":"2017-06-16T12:16:19","guid":{"rendered":"https:\/\/www.welovecycling.com\/pl\/?page_id=4189"},"modified":"2017-06-19T12:38:54","modified_gmt":"2017-06-19T12:38:54","slug":"terms-and-conditions","status":"publish","type":"page","link":"https:\/\/www.welovecycling.com\/pl\/tour-de-france-2017\/terms-and-conditions\/","title":{"rendered":"Regulamin konkursu \u201eWygraj wspania\u0142e nagrody 2017\u201d"},"content":{"rendered":"<p>Niniejszy regulamin okre\u015bla warunki konkursu \u201e Wygraj wspania\u0142e nagrody 2017\u201d (dalej zwanego \u201eKonkursem\u201d) i stanowi jedyny dokument, kt\u00f3ry reguluje zasady tego konkursu w ca\u0142o\u015bci i w spos\u00f3b obowi\u0105zuj\u0105cy.<\/p>\n<h2>1. Gospodarz i organizator Konkursu<\/h2>\n<p>Gospodarzem Konkursu jest \u0160koda AUTO a.s., sp\u00f3\u0142ka akcyjna z siedzib\u0105 przy t\u0159. V\u00e1clava Klementa 869, 293 01 Mlad\u00e1 Boleslav, Czechy, numer identyfikacyjny sp\u00f3\u0142ki: 00177041, wpisana do Rejestru Handlowego prowadzonego przez S\u0105d Miejski w Pradze, sekcja B, numer akt 332 (dalej zwana \u201eGospodarzem\u201d).<\/p>\n<p>Organizatorem Konkursu, kt\u00f3ry zapewnia realizacj\u0119 praktycznych dzia\u0142a\u0144 w zakresie organizacji Konkursu, jest MUSTARD s.r.o. z siedzib\u0105 przy Masarykovo N\u00e1b\u0159e\u017e\u00ed 246, Praga 1 Nov\u00e9 M\u011bsto, 110 00, Czechy, numer identyfikacyjny sp\u00f3\u0142ki: 28531418, sp\u00f3\u0142ka wpisana do Rejestru Handlowego prowadzonego przez S\u0105d Miejski w Pradze, sekcja C, wpis nr 148383.<\/p>\n<h2>2. Czas trwania i miejsce Konkursu, rundy Konkursu<\/h2>\n<p>Konkurs b\u0119dzie trwa\u0142 od godziny 09:00 rano (GMT) 01.07.2017 do 23.07.2017 r. i b\u0119dzie podzielony na trzy oddzielne rundy. Konkurs b\u0119dzie przeprowadzony za pomoc\u0105 strony www.welovecycling.com (zwanej dalej \u201estron\u0105 internetow\u0105 Konkursu\u201d), na kt\u00f3rej w g\u0142\u00f3wnej mierze odbywa\u0107 si\u0119 b\u0119dzie komunikacja z uczestnikami. Oddzielne rundy Konkursu to:<\/p>\n<p>Od \/ Do \/ Ilo\u015b\u0107 g\u0142\u00f3wnych nagr\u00f3d \/ Ilo\u015b\u0107 \u015brednich nagr\u00f3d \/ Ilo\u015b\u0107 mniejszych nagr\u00f3d<br \/>\n09:00 GMT 01.07.2017 \/ 08.07.2017 \/ 3 \/ 3 \/ 3<br \/>\n09.07.2017 \/ 15.07.2017 \/ 2 \/ 3 \/ 3<br \/>\n16.07.2017 \/ 23.07.2017 \/ 3 \/ 1 \/ 3<\/p>\n<h2>3. Uczestnicy konkursu<\/h2>\n<p>W konkursie mog\u0105 wzi\u0105\u0107 osoby, kt\u00f3re uko\u0144czy\u0142y 18 lat i posiadaj\u0105 miejsce zamieszkania w jednym z pa\u0144stw, w kt\u00f3rych odbywa si\u0119 Konkurs. Konkurs odbywa si\u0119 w nast\u0119puj\u0105cych pa\u0144stwach: ANDORA, AUSTRIA, BELGIA, BO\u015aNIA, BU\u0141GARIA, CHORWACJA, CZECHY, DANIA, ESTONIA, FINLANDIA, FRANCJA, NIEMCY, WIELKA BRYTANIA, GRECJA, W\u0118GRY, ISLANDIA, IRLANDIA, W\u0141OCHY, \u0141OTWA, LIECHTENSTEIN, LITWA, LUKSEMBURG, CZARNOG\u00d3RA, HOLANDIA, NORWEGIA, POLSKA, PORTUGALIA, RUMUNIA, ROSJA, SERBIA, S\u0141OWACJA, S\u0141OWENIA, HISZPANIA, SZWECJA, SZWAJCARIA, TURCJA.<\/p>\n<p>Warunkiem przyst\u0105pienia do Konkursu jest rejestracja na stronie Konkursu w dowolnym momencie trwania jednej z rund Konkursu, potwierdzenie bezwarunkowej akceptacji niniejszego regulaminu oraz udzielenie Gospodarzowi Konkursu zgody na przetwarzanie danych osobowych, jak okre\u015blono poni\u017cej. Przekazanie danych osobowych (imi\u0119, nazwisko, adres e-mail lub numer telefonu) stanowi cz\u0119\u015b\u0107 rejestracji (formularz zg\u0142oszeniowy).<br \/>\nKa\u017cdy uczestnik mo\u017ce zarejestrowa\u0107 si\u0119 tylko raz i jedynie pod w\u0142asnym imieniem oraz pod w\u0142asn\u0105 to\u017csamo\u015bci\u0105, przy czym Gospodarz Konkursu zastrzega sobie prawo do weryfikacji przestrzegania tej zasady za pomoc\u0105 \u015brodk\u00f3w technicznych i organizacyjnych.<\/p>\n<p>Wszystkie osoby, kt\u00f3re uczestniczy\u0142y w przygotowywaniu niniejszego Konkursu, a przede wszystkim osoby zatrudnione przez lub znajduj\u0105ce si\u0119 w podobnej relacji z Gospodarzem lub Organizatorem, nie mog\u0105 bra\u0107 udzia\u0142u w Konkursie, tak samo jak wszelkie osoby znajduj\u0105ce si\u0119 w podobnej relacji z autoryzowanym partnerem firmy \u0160koda lub z agencjami, kt\u00f3rym powierzono zapewnienie w\u0142a\u015bciwego przebiegu niniejszego Konkursu, cz\u0142onkowie ich rodzin oraz bliscy takich os\u00f3b.<\/p>\n<h2>4. Mechanizm dzia\u0142ania Konkursu, wyb\u00f3r zwyci\u0119zc\u00f3w<\/h2>\n<p>W ka\u017cdej z rund uczestnik b\u0119dzie mia\u0142 za zadanie odpowiedzie\u0107 jak najbardziej prawid\u0142owo na pi\u0119\u0107 pyta\u0144 Konkursowych, kt\u00f3re otrzyma po zalogowaniu si\u0119 do aplikacji. Wszyscy uczestnicy, kt\u00f3rzy odpowiedz\u0105 na ka\u017cde z pi\u0119ciu pyta\u0144 z danej rundy b\u0119d\u0105 mieli szans\u0119 na wygranie nagrody g\u0142\u00f3wnej lub mniejszej nagrody. Ilo\u015b\u0107 nagr\u00f3d przyznawanych w ka\u017cdej z rund jest podana powy\u017cej. W ka\u017cdej rundzie Konkursu g\u0142\u00f3wn\u0105 nagrod\u0119 wygrywa uczestnik, kt\u00f3ry poda wszystkie prawid\u0142owe odpowiedzi i b\u0119dzie na 500 pozycji, w pierwszej rundzie tak\u017ce uczestnik z 1000 pozycji oraz z 1500 pozycji, w drugiej rundzie tak\u017ce z 1000 pozycji. W ka\u017cdej rundzie Konkursu mniejsz\u0105 nagrod\u0119 wygrywa uczestnik, kt\u00f3ry poda wszystkie prawid\u0142owe odpowiedzi i b\u0119dzie na 221 pozycji oraz jej wielokrotno\u015bciach (221, 442, 663, itd.). Je\u015bli w konkursie we\u017amie udzia\u0142 mniej ni\u017c 1000 uczestnik\u00f3w, wyb\u00f3r zwyci\u0119zc\u00f3w (pozycji) zostanie przeprowadzony ponownie, zaczynaj\u0105c od 2 pozycji i ponownie wielokrotnie.<\/p>\n<p>Gospodarz Konkursu poinformuje zwyci\u0119zc\u00f3w Konkursu przesy\u0142aj\u0105c im wiadomo\u015b\u0107 na adres e-mail podany przy rejestracji w ci\u0105gu pi\u0119ciu dni od zako\u0144czenia danej rundy Konkursu. Zwyci\u0119zcy zostan\u0105 poproszeni o przes\u0142anie danych niezb\u0119dnych do przekazania lub przes\u0142ania nagrody oraz do dalszego kontaktu. Je\u017celi zwyci\u0119zca nie odpowie na wielokrotnie przesy\u0142ane przez Gospodarza Konkursu wiadomo\u015bci e-mail lub nie poda danych kontaktowych w ci\u0105gu trzech dni od wys\u0142ania wiadomo\u015bci, wtedy traci prawo do nagrody i nie b\u0119dzie mu przys\u0142ugiwa\u0107 z tego tytu\u0142u \u017cadna rekompensata.<\/p>\n<h2>5. Opis nagr\u00f3d<\/h2>\n<p>Nagroda g\u0142\u00f3wna: W pierwszej i drugiej rundzie Konkursu nagrodami g\u0142\u00f3wnymi s\u0105 pakiety wyjazdowe. Nagroda obejmuje przelot do Etape, dwudniowe zakwaterowanie i przelot helikopterem* nad peletonem. Udzia\u0142 na w\u0142asne ryzyko. Uczestnicy mog\u0105 zosta\u0107 poproszeni o przedstawienie wymaganego za\u015bwiadczenia lekarskiego o jego\/jej zdolno\u015bci do wzi\u0119cia udzia\u0142u w przelocie.<\/p>\n<p>W trzeciej rundzie Konkursu nagrod\u0105 g\u0142\u00f3wn\u0105 jest ob\u00f3z ze Stephenem Roche&#8217;em (w dniach 12-15.10.2017 r.). Nagroda obejmuje przelot na Majork\u0119, transport z lotniska na ob\u00f3z i z powrotem na lotnisko, zakwaterowanie, \u015bniadanie i obiadokolacj\u0119, udzia\u0142 w obozie ze Stephenem Roche&#8217;em przez pi\u0119\u0107 dni\/cztery noce oraz wypo\u017cyczenie roweru na czas obozu.<\/p>\n<p>\u015arednia nagroda: W pierwszej i drugiej rundzie Konkursu \u015bredni\u0105 nagrod\u0105 jest Zielona Koszulka. W trzeciej rundzie Konkursu Zielona Koszulka podpisana przez zwyci\u0119zc\u0119.<\/p>\n<p>Mniejsza nagroda: Mniejsza nagroda we wszystkich 3 rundach to zestaw akcesori\u00f3w WeLoveCycling.<\/p>\n<p>* Przelot helikopterem nad peletonem uzale\u017cniony b\u0119dzie od warunk\u00f3w pogodowych.<\/p>\n<h2>6. Zgoda na przetwarzanie danych osobowych<\/h2>\n<p>Rejestruj\u0105c si\u0119 do udzia\u0142u w Konkursie ka\u017cdy z uczestnik\u00f3w potwierdza tym samym, \u017ce zapozna\u0142 si\u0119 i akceptuje regulamin Konkursu oraz \u017ce wyra\u017ca zgod\u0119, zgodnie z Dyrektyw\u0105 95\/46\/WE Parlamentu Europejskiego i Rady o ochronie o ochronie os\u00f3b fizycznych w zwi\u0105zku z przetwarzaniem danych osobowych oraz swobodnym przep\u0142ywie takich danych, na przetwarzanie jego\/jej danych osobowych przez Gospodarza wyst\u0119puj\u0105cego w charakterze administratora danych osobowych i\/lub inne strony, kt\u00f3rym administrator danych osobowych powierzy\u0142 na podstawie umowy przetwarzanie danych osobowych w zakresie ujawnionych danych w celu organizacji niniejszego Konkursu oraz oferowania produkt\u00f3w i us\u0142ug marki \u0160koda, badania satysfakcji klienta i przeprowadzania bada\u0144 rynkowych, jak r\u00f3wnie\u017c w celu rozpowszechniania informacji handlowych drog\u0105 elektroniczn\u0105 zgodnie z Dyrektyw\u0105 2000\/31\/WE Parlamentu Europejskiego i Rady z 8 czerwca 2000 r. w sprawie niekt\u00f3rych aspekt\u00f3w prawnych us\u0142ug spo\u0142ecze\u0144stwa informacyjnego, do chwili gdy zgoda ta zostanie wycofana. Otrzymane dane mog\u0105 by\u0107 nast\u0119pnie przekazywane podmiotom, kt\u00f3re s\u0105 cz\u0142onkami autoryzowanej sieci dystrybucyjnej pojazd\u00f3w marki \u0160koda. Ka\u017cdy z uczestnik\u00f3w udziela dobrowolnej zgody na przetwarzanie wy\u017cej wymienionych danych osobowych oraz pozwolenia na wykorzystanie tych danych w komunikacji elektronicznej. Zgoda ta mo\u017ce zosta\u0107 wycofana w dowolnej chwili za zawiadomieniem Gospodarza na pi\u015bmie. W\u0142a\u015bciciel danych jest \u015bwiadomy\/a jego\/jej praw wynikaj\u0105cych z okre\u015blonych przepis\u00f3w dotycz\u0105cych ochrony danych osobowych, tzn. \u017ce je\u015bli odkryje lub przypuszcza, \u017ce jego\/jej dane osobowe s\u0105 przetwarzane w spos\u00f3b, kt\u00f3ry narusza jego\/jej prywatno\u015b\u0107 lub zak\u0142\u00f3ca jego\/jej \u017cycie prywatne lub w spos\u00f3b niezgodny z prawem, w szczeg\u00f3lno\u015bci je\u015bli cel przetwarzania danych osobowych nie jest jasny, wtedy w\u0142a\u015bciciel danych mo\u017ce za\u017c\u0105da\u0107 wyja\u015bnienia lub wyeliminowania takiej sytuacji i blokady korzystania z jego\/jej danych osobowych lub za\u017c\u0105da\u0107 ich korekty, uzupe\u0142nia lub likwidacji.<\/p>\n<h2>7. Uzyskiwanie i wykorzystywanie nagra\u0144<\/h2>\n<p>W przypadku gdy uczestnik zostanie zwyci\u0119zc\u0105 w Konkursie, wyra\u017ca on\/ona zgod\u0119 na uzyskanie i wykorzystanie przez Gospodarza w celach handlowych wizerunk\u00f3w, pisemnych o\u015bwiadcze\u0144, zdj\u0119\u0107 i nagra\u0144 audio oraz wideo uczestnika zwi\u0105zanych z uczestnikiem i\/lub wyra\u017ce\u0144 o charakterze osobistym pozyskanych przez Gospodarza w zwi\u0105zku z prowadzeniem Konkursu oraz dostarczeniem lub losowaniem nagr\u00f3d, we wszystkich \u015brodkach komunikacji medialnej, bez wzgl\u0119du na ich charakter i specyfik\u0119, przy wykorzystaniu standardowych \u015brodk\u00f3w, a tak\u017ce na ich p\u00f3\u017aniejsz\u0105 modyfikacj\u0119 i potencjalne \u0142\u0105czenie z innymi pracami oraz w\u0142\u0105czanie do prac zbiorowych. Uczestnik udziela Gospodarzowi zgody nieodp\u0142atnie, bez ogranicze\u0144 materialnych, czasowych, ilo\u015bciowych lub terytorialnych i mo\u017ce wycofa\u0107 t\u0119 zgod\u0119 w dowolnym momencie. Zgoda ta dotyczy r\u00f3wnie\u017c os\u00f3b trzecich, kt\u00f3rym Gospodarz mo\u017ce przekaza\u0107 takie nagrania wed\u0142ug w\u0142asnego uznania.<\/p>\n<h2>8. Pozosta\u0142e istotne warunki<\/h2>\n<p>Dok\u0142adne okre\u015blenie wygranych nale\u017cy wy\u0142\u0105cznie do Gospodarza. Prezentacja wygranych w materia\u0142ach promocyjnych ma charakter przyk\u0142adowy. Aby wygra\u0107 nagrod\u0119 g\u0142\u00f3wn\u0105 zwyci\u0119zca musi spe\u0142ni\u0107 tak\u017ce inne warunki (paszport, wiza, itd.) i obowi\u0105zki, a tak\u017ce odpowiednio oceni\u0107 w\u0142asne mo\u017cliwo\u015bci w zakresie skorzystania z wygranej, w szczeg\u00f3lno\u015bci od strony medycznej. Prowadz\u0105cy nie ponosi odpowiedzialno\u015bci za szkody doznane przez uczestnika wskutek skorzystania z nagrody.<\/p>\n<p>Uczestnicy nie s\u0105 upowa\u017cnieni do \u017c\u0105dania pieni\u0119dzy lub innego rodzaju rekompensaty jako substytutu nagrody. Niniejszy regulamin nie nak\u0142ada na Gospodarza jakichkolwiek innych zobowi\u0105za\u0144 wobec uczestnik\u00f3w Konkursu, a uczestnicy nie maj\u0105 prawa do rekompensaty od Gospodarza innej ni\u017c wyra\u017anie okre\u015blona w tym regulaminie. Gospodarz nie ponosi odpowiedzialno\u015bci za jako\u015b\u0107 nagr\u00f3d dostarczanych przez osoby trzecie. W przypadku ewentualnych wad, konieczne b\u0119dzie dochodzenie odpowiedzialno\u015bci bezpo\u015brednio u tych dostawc\u00f3w. Prowadz\u0105cy zastrzega sobie prawo do zmiany nagr\u00f3d wed\u0142ug w\u0142asnego uznania.<\/p>\n<p>Uczestnik mo\u017ce zosta\u0107 wykluczony z Konkursu, je\u017celi Gospodarz odkryje lub b\u0119dzie mia\u0142 uzasadnione podejrzenie, \u017ce uczestnik lub inne osoby pomagaj\u0105ce uczestnikowi dopu\u015bci\u0142y si\u0119 oszustwa w celu otrzymania nagr\u00f3d lub bior\u0105 udzia\u0142 w nieuczciwych dzia\u0142aniach lub dzia\u0142aniach, kt\u00f3re nie s\u0105 oparte na wiedzy uczestnika, a zatem niezgodne z niniejszym regulaminem.<\/p>\n<p>Gospodarz nie ponosi odpowiedzialno\u015bci za niedostarczenie wiadomo\u015bci lub wygranych. Gospodarz nie ponosi odpowiedzialno\u015bci za b\u0142\u0119dy wynikaj\u0105ce z problem\u00f3w technicznych lub zwi\u0105zanych z komunikacj\u0105. Gospodarz podejmie ostateczn\u0105 decyzj\u0119 o zasadno\u015bci wszelkich skarg lub zg\u0142oszonych zastrze\u017ce\u0144. Gospodarz zastrzega sobie prawo, bez konieczno\u015bci udzielenia rekompensaty, do skr\u00f3cenia, prze\u0142o\u017cenia zawieszenia lub odwo\u0142ania wydarzenia oraz do jednostronnej zmiany albo dodania zapis\u00f3w do niniejszego regulaminu podczas trwania wydarzenia, przez zawiadomienie o takich zmianach za po\u015brednictwem wy\u017cej wymienionej strony internetowej, na kt\u00f3rej znajduje si\u0119 tak\u017ce aktualna i pe\u0142na wersja regulaminu.<\/p>\n<p>Niniejszy Konkurs nie jest w \u017caden spos\u00f3b prowadzony, sponsorowany lub zwi\u0105zany z Facebookiem i Facebook nie ponosi za niego odpowiedzialno\u015bci. Informacje przekazane w trakcie tego wydarzenia nie zostan\u0105 przekazane Facebookowi. Wszystkie pytania, komentarze lub skargi dotycz\u0105ce zg\u0142oszenia nale\u017cy kierowa\u0107 do Gospodarza, a nie do Facebooka.<\/p>\n<p>Niniejszy Konkurs podlega prawu czeskiemu, o ile przepisy obowi\u0105zuj\u0105ce w pa\u0144stwach uczestnik\u00f3w nie stanowi\u0105 inaczej.<\/p>\n","protected":false},"excerpt":{"rendered":"<p>Niniejszy regulamin okre\u015bla warunki konkursu \u201e Wygraj wspania\u0142e nagrody 2017\u201d (dalej zwanego \u201eKonkursem\u201d) i stanowi jedyny dokument, kt\u00f3ry reguluje zasady [&hellip;]<\/p>\n","protected":false},"author":1,"featured_media":0,"parent":4186,"menu_order":0,"comment_status":"closed","ping_status":"closed","template":"templates\/template-empty-page-headline.php","meta":{"footnotes":""},"tags":[],"class_list":["post-4189","page","type-page","status-publish","hentry"],"yoast_head":"<!-- This site is optimized with the Yoast SEO Premium plugin v25.3 (Yoast SEO v25.9) - https:\/\/yoast.com\/wordpress\/plugins\/seo\/ -->\n<title>Regulamin konkursu \u201eWygraj wspania\u0142e nagrody 2017\u201d - \u0160koda We Love Cycling - Poland<\/title>\n<meta name=\"robots\" content=\"index, follow, max-snippet:-1, max-image-preview:large, max-video-preview:-1\" \/>\n<link rel=\"canonical\" href=\"https:\/\/www.welovecycling.com\/pl\/tour-de-france-2017\/terms-and-conditions\/\" \/>\n<meta property=\"og:locale\" content=\"pl_PL\" \/>\n<meta property=\"og:type\" content=\"article\" \/>\n<meta property=\"og:title\" content=\"Regulamin konkursu \u201eWygraj wspania\u0142e nagrody 2017\u201d\" \/>\n<meta property=\"og:description\" content=\"Niniejszy regulamin okre\u015bla warunki konkursu \u201e Wygraj wspania\u0142e nagrody 2017\u201d (dalej zwanego \u201eKonkursem\u201d) i stanowi jedyny dokument, kt\u00f3ry reguluje zasady [&hellip;]\" \/>\n<meta property=\"og:url\" content=\"https:\/\/www.welovecycling.com\/pl\/tour-de-france-2017\/terms-and-conditions\/\" \/>\n<meta property=\"og:site_name\" content=\"\u0160koda We Love Cycling - Poland\" \/>\n<meta property=\"article:modified_time\" content=\"2017-06-19T12:38:54+00:00\" \/>\n<meta name=\"twitter:card\" content=\"summary_large_image\" \/>\n<meta name=\"twitter:label1\" content=\"Est. reading time\" \/>\n\t<meta name=\"twitter:data1\" content=\"9 minutes\" \/>\n<script type=\"application\/ld+json\" class=\"yoast-schema-graph\">{\"@context\":\"https:\/\/schema.org\",\"@graph\":[{\"@type\":\"WebPage\",\"@id\":\"https:\/\/www.welovecycling.com\/pl\/tour-de-france-2017\/terms-and-conditions\/\",\"url\":\"https:\/\/www.welovecycling.com\/pl\/tour-de-france-2017\/terms-and-conditions\/\",\"name\":\"Regulamin konkursu \u201eWygraj wspania\u0142e nagrody 2017\u201d - \u0160koda We Love Cycling - Poland\",\"isPartOf\":{\"@id\":\"https:\/\/www.welovecycling.com\/pl\/#website\"},\"datePublished\":\"2017-06-16T12:16:19+00:00\",\"dateModified\":\"2017-06-19T12:38:54+00:00\",\"breadcrumb\":{\"@id\":\"https:\/\/www.welovecycling.com\/pl\/tour-de-france-2017\/terms-and-conditions\/#breadcrumb\"},\"inLanguage\":\"pl-PL\",\"potentialAction\":[{\"@type\":\"ReadAction\",\"target\":[\"https:\/\/www.welovecycling.com\/pl\/tour-de-france-2017\/terms-and-conditions\/\"]}]},{\"@type\":\"BreadcrumbList\",\"@id\":\"https:\/\/www.welovecycling.com\/pl\/tour-de-france-2017\/terms-and-conditions\/#breadcrumb\",\"itemListElement\":[{\"@type\":\"ListItem\",\"position\":1,\"name\":\"Home\",\"item\":\"https:\/\/www.welovecycling.com\/pl\/\"},{\"@type\":\"ListItem\",\"position\":2,\"name\":\"Tour de France 2017\",\"item\":\"https:\/\/www.welovecycling.com\/pl\/tour-de-france-2017\/\"},{\"@type\":\"ListItem\",\"position\":3,\"name\":\"Regulamin konkursu \u201eWygraj wspania\u0142e nagrody 2017\u201d\"}]},{\"@type\":\"WebSite\",\"@id\":\"https:\/\/www.welovecycling.com\/pl\/#website\",\"url\":\"https:\/\/www.welovecycling.com\/pl\/\",\"name\":\"\u0160koda We Love Cycling - Poland\",\"description\":\"\",\"potentialAction\":[{\"@type\":\"SearchAction\",\"target\":{\"@type\":\"EntryPoint\",\"urlTemplate\":\"https:\/\/www.welovecycling.com\/pl\/?s={search_term_string}\"},\"query-input\":{\"@type\":\"PropertyValueSpecification\",\"valueRequired\":true,\"valueName\":\"search_term_string\"}}],\"inLanguage\":\"pl-PL\"}]}<\/script>\n<!-- \/ Yoast SEO Premium plugin. -->","yoast_head_json":{"title":"Regulamin konkursu \u201eWygraj wspania\u0142e nagrody 2017\u201d - \u0160koda We Love Cycling - Poland","robots":{"index":"index","follow":"follow","max-snippet":"max-snippet:-1","max-image-preview":"max-image-preview:large","max-video-preview":"max-video-preview:-1"},"canonical":"https:\/\/www.welovecycling.com\/pl\/tour-de-france-2017\/terms-and-conditions\/","og_locale":"pl_PL","og_type":"article","og_title":"Regulamin konkursu \u201eWygraj wspania\u0142e nagrody 2017\u201d","og_description":"Niniejszy regulamin okre\u015bla warunki konkursu \u201e Wygraj wspania\u0142e nagrody 2017\u201d (dalej zwanego \u201eKonkursem\u201d) i stanowi jedyny dokument, kt\u00f3ry reguluje zasady [&hellip;]","og_url":"https:\/\/www.welovecycling.com\/pl\/tour-de-france-2017\/terms-and-conditions\/","og_site_name":"\u0160koda We Love Cycling - Poland","article_modified_time":"2017-06-19T12:38:54+00:00","twitter_card":"summary_large_image","twitter_misc":{"Est. reading time":"9 minutes"},"schema":{"@context":"https:\/\/schema.org","@graph":[{"@type":"WebPage","@id":"https:\/\/www.welovecycling.com\/pl\/tour-de-france-2017\/terms-and-conditions\/","url":"https:\/\/www.welovecycling.com\/pl\/tour-de-france-2017\/terms-and-conditions\/","name":"Regulamin konkursu \u201eWygraj wspania\u0142e nagrody 2017\u201d - \u0160koda We Love Cycling - Poland","isPartOf":{"@id":"https:\/\/www.welovecycling.com\/pl\/#website"},"datePublished":"2017-06-16T12:16:19+00:00","dateModified":"2017-06-19T12:38:54+00:00","breadcrumb":{"@id":"https:\/\/www.welovecycling.com\/pl\/tour-de-france-2017\/terms-and-conditions\/#breadcrumb"},"inLanguage":"pl-PL","potentialAction":[{"@type":"ReadAction","target":["https:\/\/www.welovecycling.com\/pl\/tour-de-france-2017\/terms-and-conditions\/"]}]},{"@type":"BreadcrumbList","@id":"https:\/\/www.welovecycling.com\/pl\/tour-de-france-2017\/terms-and-conditions\/#breadcrumb","itemListElement":[{"@type":"ListItem","position":1,"name":"Home","item":"https:\/\/www.welovecycling.com\/pl\/"},{"@type":"ListItem","position":2,"name":"Tour de France 2017","item":"https:\/\/www.welovecycling.com\/pl\/tour-de-france-2017\/"},{"@type":"ListItem","position":3,"name":"Regulamin konkursu \u201eWygraj wspania\u0142e nagrody 2017\u201d"}]},{"@type":"WebSite","@id":"https:\/\/www.welovecycling.com\/pl\/#website","url":"https:\/\/www.welovecycling.com\/pl\/","name":"\u0160koda We Love Cycling - Poland","description":"","potentialAction":[{"@type":"SearchAction","target":{"@type":"EntryPoint","urlTemplate":"https:\/\/www.welovecycling.com\/pl\/?s={search_term_string}"},"query-input":{"@type":"PropertyValueSpecification","valueRequired":true,"valueName":"search_term_string"}}],"inLanguage":"pl-PL"}]}},"_links":{"self":[{"href":"https:\/\/www.welovecycling.com\/pl\/wp-json\/wp\/v2\/pages\/4189","targetHints":{"allow":["GET"]}}],"collection":[{"href":"https:\/\/www.welovecycling.com\/pl\/wp-json\/wp\/v2\/pages"}],"about":[{"href":"https:\/\/www.welovecycling.com\/pl\/wp-json\/wp\/v2\/types\/page"}],"author":[{"embeddable":true,"href":"https:\/\/www.welovecycling.com\/pl\/wp-json\/wp\/v2\/users\/1"}],"replies":[{"embeddable":true,"href":"https:\/\/www.welovecycling.com\/pl\/wp-json\/wp\/v2\/comments?post=4189"}],"version-history":[{"count":2,"href":"https:\/\/www.welovecycling.com\/pl\/wp-json\/wp\/v2\/pages\/4189\/revisions"}],"predecessor-version":[{"id":4191,"href":"https:\/\/www.welovecycling.com\/pl\/wp-json\/wp\/v2\/pages\/4189\/revisions\/4191"}],"up":[{"embeddable":true,"href":"https:\/\/www.welovecycling.com\/pl\/wp-json\/wp\/v2\/pages\/4186"}],"wp:attachment":[{"href":"https:\/\/www.welovecycling.com\/pl\/wp-json\/wp\/v2\/media?parent=4189"}],"wp:term":[{"taxonomy":"post_tag","embeddable":true,"href":"https:\/\/www.welovecycling.com\/pl\/wp-json\/wp\/v2\/tags?post=4189"}],"curies":[{"name":"wp","href":"https:\/\/api.w.org\/{rel}","templated":true}]}}