{"id":3649,"date":"2017-05-04T12:01:58","date_gmt":"2017-05-04T12:01:58","guid":{"rendered":"https:\/\/www.welovecycling.com\/pl\/?page_id=3649"},"modified":"2017-05-16T09:17:56","modified_gmt":"2017-05-16T09:17:56","slug":"regulamin-konkursu","status":"publish","type":"page","link":"https:\/\/www.welovecycling.com\/pl\/letape-du-tour-2017\/regulamin-konkursu\/","title":{"rendered":"Regulamin konkursu"},"content":{"rendered":"<p>Niniejszy regulamin okre\u015bla og\u00f3lne warunki konkursu o nazwie \u201eWy\u015bcig L\u2019Etape du Tour 2017\u201d (odt\u0105d zwanego \u201eKonkursem\u201d) i jest jedynym dokumentem, kt\u00f3ry w spos\u00f3b wyczerpuj\u0105cy i wi\u0105\u017c\u0105cy reguluje zasady tego Konkursu.<\/p>\n<h2>1. PROMOTOR I ORGANIZATOR ZAWOD\u00d3W<\/h2>\n<p>Promotorem Konkursu jest sp\u00f3\u0142ka \u0160koda AUTO a.s., z siedzib\u0105 pod adresem: t\u0159. V\u00e1clava Klementa 869, 293 01 Mlad\u00e1 Boleslav, Republika Czeska, nr identyfikacyjny: 00177041 oraz wpisana do Rejestru Przedsi\u0119biorstw przy S\u0105dzie Rejonowym miasta sto\u0142ecznego Pragi, Dzia\u0142 B, Wpis 332 (dalej zwana \u201ePromotorem\u201d).<\/p>\n<p>Organizatorem Konkursu, kt\u00f3ry odpowiada za praktyczn\u0105 organizacj\u0119 zawod\u00f3w, jest firma MUSTARD s.r.o., z siedzib\u0105 pod adresem: Praha 1 \u2013 Nov\u00e9 M\u011bsto, Masarykovo n\u00e1b\u0159. 246, 110 00, Republika Czeska, nr identyfikacyjny: 28531418, wpisana do Rejestru Przedsi\u0119biorstw przy S\u0105dzie Rejonowym miasta sto\u0142ecznego Pragi, Dzia\u0142 C, Wpis 148383).<\/p>\n<h2>\u00a02. TERMIN I MIEJSCE KONKURSU<\/h2>\n<p>Konkurs odb\u0119dzie si\u0119 w terminie od 15 maja 2017 r. do 31 maja 2017 r., a jego miejscem b\u0119dzie strona internetowa www.welovecycling.com\/pl\/letape-du-tour-2017\/, kt\u00f3ra b\u0119dzie jednocze\u015bnie s\u0142u\u017cy\u0142a jako priorytetowa platforma komunikacji z Uczestnikami.<\/p>\n<h2>\u00a03. UCZESTNICY<\/h2>\n<p>W Konkursie uczestniczy\u0107 mo\u017ce ka\u017cda osoba fizyczna, kt\u00f3ra ma uko\u0144czone 18 lat oraz jest rezydentem kraju, w kt\u00f3rym odbywa si\u0119 Konkurs. Niniejszy Konkurs odb\u0119dzie si\u0119 w nast\u0119puj\u0105cych krajach:\u00a0Albania, Andora, Armenia, Austria, Bia\u0142oru\u015b, Belgia, Bo\u015bnia i Hercegowina, Bu\u0142garia, Kanary, Chorwacja, Cypr, Republika Czech, Dania, Estonia, Finlandia, Francja, Gruzja, Niemcy, Grecja, W\u0119gry, Islandia, Irlandia, W\u0142ochy, \u0141otwa,\u00a0Liechtenstein, Litwa, Luksemburg, Macedonia, Malta, Mo\u0142dawia, Czarnog\u00f3ra, Holandia, Norwegia, Polska, Portugalia, Rumunia, Federacja Rosyjska, Serbia, S\u0142owacja, S\u0142owenia, Hiszpania, Szwecja, Szwajcaria, Wielka Brytania,\u00a0Turcja oraz Ukraina.<br \/>\nAby wzi\u0105\u0107 udzia\u0142 w konkursie, nale\u017cy zarejestrowa\u0107 si\u0119 na Stronie Internetowej Konkursu, przesy\u0142aj\u0105c wiadomo\u015b\u0107 e-mail, w czasie trwania Konkursu oraz potwierdzi\u0107 bezwarunkow\u0105 akceptacj\u0119 warunk\u00f3w niniejszego regulaminu, wyra\u017caj\u0105c tym samym zgod\u0119 na to, aby Promotor przetwarza\u0142 dane osobowe Uczestnika zgodnie z dalszym postanowieniami niniejszego Regulaminu. Rejestracja (formularz rejestracyjny) wymaga podania danych osobowych (imienia i nazwiska, adresu e-mail, numeru telefonu, miejscowo\u015bci oraz kraju) oraz za\u0142adowania zdj\u0119cia za pomoc\u0105 aplikacji rowerowej u\u017cywanej przez Uczestnika konkursu.<br \/>\nTechniczne wymogi zdj\u0119\u0107:<br \/>\nWymagany format zdj\u0119\u0107: JPEG, PNG,<br \/>\nMinimalny rozmiar zdj\u0119\u0107: 1280\u2006\u00d7\u2006956 px,<br \/>\nMaksymalny rozmiar pliku: 5 MB.<\/p>\n<p>Po za\u0142adowaniu zdj\u0119cia, Uczestnik nie ma mo\u017cliwo\u015bci edytowania utworzonego profilu (posta), jednak je\u017celi za\u017c\u0105da on usuni\u0119cia swojego profilu konkursowego, Promotor dokona usuni\u0119cia profilu w mo\u017cliwie jak najkr\u00f3tszym terminie.<\/p>\n<p>Ka\u017cdy Uczestnik Konkursu mo\u017ce zarejestrowa\u0107 si\u0119 wy\u0142\u0105cznie raz, pod w\u0142asnym imieniem i nazwiskiem oraz korzystaj\u0105c z w\u0142asnych danych osobowych; Promotor zastrzega sobie prawo weryfikacji przestrzegania tej zasady za pomoc\u0105 \u015brodk\u00f3w technicznych oraz organizacyjnych.<\/p>\n<p>Wszystkie osoby zaanga\u017cowane w przygotowanie niniejszego Konkursu, tj. osoby b\u0119d\u0105ce w stosunku pracy lub podobnych relacjach z Promotorem, Organizatorem, zaanga\u017cowanym w konkurs autoryzowanym partnerem firmy \u0160koda b\u0105d\u017a innymi organizacjami zaanga\u017cowanymi w prac\u0119 nad Konkursem, jak r\u00f3wnie\u017c cz\u0142onkowie ich rodzin, s\u0105 wy\u0142\u0105czeni z udzia\u0142u w Konkursie.<\/p>\n<h2>4. OCENA ZWYCI\u0118ZC\u00d3W<\/h2>\n<p>Jury powo\u0142ane przez Promotora wy\u0142oni 7 zwyci\u0119zc\u00f3w, uwzgl\u0119dniaj\u0105c wszystkie poprawnie oraz terminowo za\u0142adowane posty; zwyci\u0119zcy otrzymaj\u0105 mo\u017cliwo\u015b\u0107 uczestnictwa w wy\u015bcigu L\u2019Etape du Tour 2017. Najistotniejszym elementem uwzgl\u0119dnianym przez Jury w wyborze zwyci\u0119zc\u00f3w jest liczba przejechanych kilometr\u00f3w, zgodnie z informacj\u0105 na zdj\u0119ciu z aplikacji rowerowej Uczestnika. Jury jest ca\u0142kowicie niezale\u017cne w podejmowaniu decyzji. Wy\u0142aniaj\u0105c zwyci\u0119zc\u00f3w, Jury uwzgl\u0119dni r\u00f3wnie\u017c roczny dystans pokonany przez danego Uczestnika, jego aktywno\u015b\u0107 w mediach spo\u0142eczno\u015bciowych oraz sprawno\u015b\u0107 fizyczn\u0105. Decyzja Jury dotycz\u0105ca wyboru zwyci\u0119zc\u00f3w jest ostateczna i nie podlega odwo\u0142aniu.<\/p>\n<p>Promotor skontaktuje si\u0119 ze zwyci\u0119zcami za pomoc\u0105 wiadomo\u015bci e-mail b\u0105d\u017a telefonicznie (dzwoni\u0105c na numer podany w formularzu rejestracyjnym) w terminie do 7 dni od dnia zako\u0144czenia Konkursu. Zwyci\u0119zcy zostan\u0105 poproszeni o podanie danych niezb\u0119dnych do startu w wy\u015bcigu L\u2019Etape du Tour 2017 oraz ewentualnie innych informacji. W przypadku, gdy zwyci\u0119zca nie odpowie na wielokrotnie przes\u0142any e-mail Promotora lub nie przeka\u017ce danych kontaktowych w ci\u0105gu trzech dni od momentu wys\u0142ania maila, nagroda przepadnie, bez prawa do rekompensaty.<\/p>\n<h2>\u00a05.\u00a0ZASADY DOTYCZ\u0104CE PLIK\u00d3W VIDEO, ZDJ\u0118\u0106 ORAZ INNYCH POST\u00d3W<\/h2>\n<p>Posty (zdj\u0119cia oraz inne elementy publikowane przez uczestnika), kt\u00f3re s\u0105 nielegalne, lubie\u017cne, obsceniczne lub obrazuj\u0105ce, w uznaniu Promotora, zachowania bezprawne, ryzykowne, lubie\u017cne lub w inny spos\u00f3b nieodpowiedzialne s\u0105 kategorycznie zabronione. Promotor apeluje do uczestnik\u00f3w, aby powstrzymali si\u0119 od naruszania prawa, podejmowania ryzykownych zachowa\u0144 oraz zach\u0119ca do zachowywania si\u0119, w kontek\u015bcie zamieszczania post\u00f3w, w spos\u00f3b uprzejmy, sprawiedliwy oraz odpowiedzialny. Promotor zastrzega sobie prawo do sprawdzenia w dowolnym terminie oraz ewentualnego odrzucenia b\u0105d\u017a wykluczenia Uczestnika, kt\u00f3ry zamie\u015bci\u0142 post uznany przez Promotora, wed\u0142ug w\u0142asnego uznania, za niestosowny z jednego z powy\u017cszych powod\u00f3w lub innego powodu, nie przyznaj\u0105c Uczestnikowi \u017cadnej rekompensaty oraz nie podaj\u0105c uzasadnienia takiej decyzji. Te same zasady dotycz\u0105 post\u00f3w, kt\u00f3re s\u0105 technicznie bezu\u017cyteczne w kontek\u015bcie niniejszego Konkursu.<\/p>\n<p>Uczestnik Konkursu o\u015bwiadcza, \u017ce jest wy\u0142\u0105cznym autorem zamieszczonego przez siebie posta oraz \u017ce jego post i jego eksploatacja nie naruszaj\u0105 praw os\u00f3b trzecich (os\u00f3b widniej\u0105cych na zdj\u0119ciach, wsp\u00f3\u0142autor\u00f3w b\u0105d\u017a autor\u00f3w prac zawartych w utworach video lub utworach audiowizualnych, w tym muzyce). Przed zamieszczeniem posta Uczestnik ma obowi\u0105zek zweryfikowa\u0107, czy takie osoby trzecie zosta\u0142y zaznajomione z warunkami niniejszego Konkursu i wyra\u017caj\u0105 zgod\u0119 na wykorzystanie przez Uczestnika Konkursu stosownych utwor\u00f3w. Uczestnik ma obowi\u0105zek przedstawi\u0107 tak\u0105 zgod\u0119 na pi\u015bmie na \u017c\u0105danie Promotora.<\/p>\n<p>Uczestnik Konkursu wyra\u017ca zgod\u0119 i daje Promotorowi nieodp\u0142atne prawo do publikowania, w kontek\u015bcie Konkursu oraz przez uzasadniony okres czasu, jednak nie kr\u00f3cej ni\u017c przez 2 lata od jego zako\u0144czenia, post\u00f3w Uczestnika, \u0142\u0105cznie z imieniem i nazwiskiem oraz portretem autora b\u0105d\u017a portretami innych os\u00f3b, za pomoc\u0105 Internetu oraz innych \u015brodk\u00f3w komunikacji. Promotor mo\u017ce publikowa\u0107 oraz rozpowszechnia\u0107 posty, w tym statyczne obrazy, ewentualnie poddane edycji, zmianom b\u0105d\u017a poszerzonym o inne elementy, w ca\u0142o\u015bci lub cz\u0119\u015bciowo. Uczestnik Konkursu wyra\u017ca \u015bwiadomo\u015b\u0107, i\u017c po opublikowaniu post zawieraj\u0105cy materia\u0142 video mo\u017ce by\u0107 rozpowszechniany w Internecie bez wiedzy Promotora, za co Promotor nie ponosi odpowiedzialno\u015bci.<\/p>\n<h2>6. WY\u015aCIG L\u2019ETAPE DU TOUR<\/h2>\n<p>Nagrod\u0105 jest prawo udzia\u0142u w Wy\u015bcigu L\u2019Etape du Tour 2017, kt\u00f3ry odb\u0119dzie si\u0119 w terminie od 15 lipca 2017 r. do 17 lipca 2017 r., wliczaj\u0105c dni przyjazdu i wyjazdu. L\u2019etape du Tour 2017 jest fizycznie wymagaj\u0105cym wydarzeniem, w kt\u00f3rym uczestnik bierze udzia\u0142, korzystaj\u0105c z w\u0142asnego roweru. Uczestnik bierze udzia\u0142 w zawodach na w\u0142asne ryzyko oraz zgadza si\u0119 w dniu zawod\u00f3w oraz podczas Wy\u015bcigu nosi\u0107 koszulk\u0119 \u201e\u0160koda AUTO\u201d. Uczestnikom zapewniony zostanie transport z wyznaczonego lotniska do miejsca wydarzenia i z powrotem, jak r\u00f3wnie\u017c zakwaterowanie. Transport do wyznaczonego lotniska Uczestnik zapewnia sobie we w\u0142asnym zakresie. Przez ca\u0142y czas trwania Wy\u015bcigu L\u2019Etape du Tour 2017 Uczestnicy b\u0119d\u0105 nieodp\u0142atnie obj\u0119ci ubezpieczeniem zdrowotnym. Uczestnik konkursu mo\u017ce zosta\u0107 poproszony o przedstawienie obowi\u0105zkowego badania lekarskiego po\u015bwiadczaj\u0105cego stan zdrowia pozwalaj\u0105cy na start w wy\u015bcigu L\u2019Etape du Tour 2017. Uczestnicy wyra\u017caj\u0105 zgod\u0119 na zabranie, w celu wzi\u0119cia udzia\u0142u w wy\u015bcigu, swoich w\u0142asnych rower\u00f3w oraz wyposa\u017cenia oraz zadbania o to, by by\u0142y one w odpowiednim stanie technicznym. W przypadku jakichkolwiek usterek rower\u00f3w Uczestnik\u00f3w, Organizator nie b\u0119dzie w stanie zapewni\u0107 im rower\u00f3w zast\u0119pczych.<\/p>\n<h2>7. ZGODA NA PRZETWARZANIE DANYCH OSOBOWYCH<\/h2>\n<p>W momencie dokonania rejestracji konkursowej, Uczestnik o\u015bwiadcza, zgodnie z Dyrektyw\u0105 95\/46\/WE Parlamentu Europejskiego i Rady z dnia 24 pa\u017adziernika 1995 r. w sprawie ochrony os\u00f3b fizycznych w zakresie przetwarzania danych osobowych i swobodnego przep\u0142ywu tych danych, i\u017c ma \u015bwiadomo\u015b\u0107 oraz akceptuje zasady Konkursu oraz wyra\u017ca zgod\u0119 na przetwarzanie przez Promotora, b\u0119d\u0105cego administratorem danych osobowych, lub podmiot zewn\u0119trzny umownie uprawniony przez administratora danych do przetwarzania danych osobowych we wspomnianym zakresie, danych osobowych Uczestnika w celach zwi\u0105zanych z organizacj\u0105 Konkursu, oferowaniem produkt\u00f3w oraz us\u0142ug marki \u0160koda, badaniem satysfakcji klienta oraz prowadzeniem bada\u0144 marketingowych, jak r\u00f3wnie\u017c rozpowszechniania informacji handlowych za pomoc\u0105 elektronicznych \u015brodk\u00f3w komunikacji, zgodnie z Dyrektyw\u0105 2000\/31\/WE Parlamentu Europejskiego i Rady z dnia 8 czerwca 2000 r. w sprawie niekt\u00f3rych aspekt\u00f3w prawnych us\u0142ug spo\u0142ecze\u0144stwa informacyjnego, w szczeg\u00f3lno\u015bci handlu elektronicznego w ramach rynku wewn\u0119trznego (dyrektywa o handlu elektronicznym) do momentu cofni\u0119cia takiej zgody. Takie dane osobowe mog\u0105 by\u0107 r\u00f3wnie\u017c przekazywane podmiotom b\u0119d\u0105cym cz\u0142onkami autoryzowanej sieci dystrybucji samochod\u00f3w marki \u0160koda. U\u017cytkownik przekazuje zgod\u0119 na przetwarzanie powy\u017cszych danych oraz kontakt w formie elektronicznej w spos\u00f3b dobrowolny, przy czym mo\u017ce on cofn\u0105\u0107 t\u0119 zgod\u0119 w dowolnym momencie, kieruj\u0105c do Promotora stosowne \u017c\u0105danie na pi\u015bmie. Osoba, kt\u00f3rej dotycz\u0105 dane osobowe ma \u015bwiadomo\u015b\u0107 swoich praw wynikaj\u0105cych z postanowie\u0144 reguluj\u0105cych ochron\u0119 danych osobowych, w szczeg\u00f3lno\u015bci w przypadku powzi\u0119cia wiedzy lub podejrzenia, i\u017c spos\u00f3b przetwarzania danych osobowych nie sprzyja ochronie jej \u017cycia prywatnego lub jest sprzeczny z prawem, w szczeg\u00f3lno\u015bci je\u017celi dane osobowe s\u0105 niezgodne z celem ich przetwarzania \u2013 osoba ta ma prawo \u017c\u0105da\u0107 wyja\u015bnie\u0144, zmiany istniej\u0105cej sytuacji, zablokowania danych osobowych, wniesienia poprawek w danych, jak r\u00f3wnie\u017c ich uzupe\u0142nienia b\u0105d\u017a usuni\u0119cia.<\/p>\n<h2>8. POZYSKANIE ORAZ WYKORZYSTANIE NAGRA\u0143<\/h2>\n<p>Uczestnik wy\u0142oniony jako zwyci\u0119zca b\u0119dzie zobowi\u0105zany przyzna\u0107 Promotorowi prawo do gromadzenia i wykorzystywania portretu Uczestnika, jego pisemnych wypowiedzi, zdj\u0119\u0107, nagra\u0144 audiowizualnych zwi\u0105zanych z osob\u0105 Uczestnika lub innych wypowiedzi natury osobistej pozyskanych przez Promotora w zwi\u0105zku z organizacj\u0105 Konkursu oraz przyznaniem lub skorzystaniem z nagrody (tj. wzi\u0119ciem udzia\u0142u w L\u2019Etape du Tour 2017, w tym w czasie jego trwania) w celach handlowych, za pomoc\u0105 wszelkich \u015brodk\u00f3w komunikacji, bez wzgl\u0119du na ich charakter, z wykorzystaniem zwyczajowych metod oraz po ewentualnej edycji b\u0105d\u017a powi\u0105zaniu z innymi elementami\/w\u0142\u0105czeniu do grupy wielu element\u00f3w. Uczestnik przyznaje Promotorowi powy\u017csze prawo nieodp\u0142atnie, bez ogranicze\u0144 merytorycznych, czasowych oraz ilo\u015bciowych, z zastrze\u017ceniem mo\u017cliwo\u015bci cofni\u0119cia tego prawa w dowolnym terminie. Niniejszy konkurs obejmuje r\u00f3wnie\u017c strony trzecie, kt\u00f3rym Promotor przeka\u017ce zarejestrowane wypowiedzi zgodnie z ich przeznaczeniem.<\/p>\n<h2>9. INNE ISTOTNE WARUNKI KONKURSU:<\/h2>\n<p>Z zasady ostateczna specyfikacja nagrody jest ustalana przez Promotora. Nagrody ukazane w materia\u0142ach promocyjnych maj\u0105 charakter ilustracyjny. Zdobycie nagrody g\u0142\u00f3wnej mo\u017ce by\u0107 fizycznie wymagaj\u0105ce. Aby wygra\u0107 nagrod\u0119 g\u0142\u00f3wn\u0105, nale\u017cy spe\u0142ni\u0107 inne warunki (paszport, wiza itd.); zwyci\u0119zca zobowi\u0105zany jest nale\u017cycie oceni\u0107 stopie\u0144 swojej sprawno\u015bci fizycznej, w szczeg\u00f3lno\u015bci stan zdrowia. Promotor nie ponosi odpowiedzialno\u015bci za szkody wynikaj\u0105ce z faktu, i\u017c Uczestnik zdecyduje si\u0119 skorzysta\u0107 z nagrody.<br \/>\nUczestnicy nie maj\u0105 prawa \u017c\u0105da\u0107 od Promotora wynagrodzenia pieni\u0119\u017cnego ani jakichkolwiek innych \u015bwiadcze\u0144 w miejsce nagrody. Promotor nie ma \u017cadnych innych obowi\u0105zk\u00f3w wobec Uczestnik\u00f3w, a Uczestnicy nie maj\u0105 prawa do jakichkolwiek innych \u015bwiadcze\u0144 ze strony Promotora za wyj\u0105tkiem tych, kt\u00f3re zosta\u0142y wyra\u017anie okre\u015blone w niniejszym regulaminie.<br \/>\nUczestnik mo\u017ce zosta\u0107 wykluczony z Konkursu w przypadku, gdy Promotor powe\u017amie wiedz\u0119 lub uzasadnione podejrzenie, i\u017c Uczestnik pope\u0142ni\u0142 oszustwo, zachowa\u0142 si\u0119 w spos\u00f3b nieuczciwy, b\u0105d\u017a w przypadku, gdy takich czyn\u00f3w dopu\u015bci\u0142a si\u0119 osoba pomagaj\u0105ca Uczestnikowi w zdobyciu nagrody, b\u0105d\u017a w przypadku post\u0119powania niezgodnego z zasadami uczciwej rywalizacji b\u0105d\u017a te\u017c post\u0119powania, kt\u00f3re nie opiera si\u0119 na umiej\u0119tno\u015bciach Uczestnika w rozumieniu niniejszego Regulaminu.<\/p>\n<p>Promotor nie ponosi odpowiedzialno\u015bci za dostarczenie wiadomo\u015bci oraz nagr\u00f3d oraz jakiekolwiek b\u0142\u0119dy wynikaj\u0105ce z przyczyn technicznych lub komunikacyjnych. Wszelkie roszczenia oraz zastrze\u017cenia rozpatrywane b\u0119d\u0105 przez Promotora w spos\u00f3b ostateczny. Promotor zastrzega sobie prawo do skr\u00f3cenia, prze\u0142o\u017cenia terminu, zawieszenia oraz anulowania Konkursu bez przyznania rekompensaty oraz zmiany lub uzupe\u0142nienia zasad Konkursu wed\u0142ug w\u0142asnego uznania w czasie trwania Konkursu. Zmiany takie b\u0119d\u0105 og\u0142aszane na wy\u017cej wymienionej stronie internetowej, w miejscu gdzie znajduje si\u0119 pe\u0142ny, obowi\u0105zuj\u0105cy regulamin Konkursu.<\/p>\n<p>Niniejszy Konkurs nie jest w \u017caden spos\u00f3b powi\u0105zany z Facebookiem ani sponsorowany czy prowadzony przez ten portal. W zwi\u0105zku z tym Facebook nie ponosi \u017cadnej odpowiedzialno\u015bci za konkurs, a informacje zwi\u0105zane z nim zwi\u0105zane nie s\u0105 przekazywane Facebookowi. Wszelkie pytania, komentarze oraz za\u017calenia dotycz\u0105ce wniosku nale\u017cy kierowa\u0107 bezpo\u015brednio do Promotora, a nie platformy Facebook.<\/p>\n<p>Prawem w\u0142a\u015bciwym niniejszego Konkursu jest prawo Republiki Czeskiej, za wyj\u0105tkiem uregulowa\u0144 prawnych kraj\u00f3w Uczestnik\u00f3w, kt\u00f3re s\u0105 sprzeczne z prawem w\u0142a\u015bciwym.<\/p>\n","protected":false},"excerpt":{"rendered":"<p>Niniejszy regulamin okre\u015bla og\u00f3lne warunki konkursu o nazwie \u201eWy\u015bcig L\u2019Etape du Tour 2017\u201d (odt\u0105d zwanego \u201eKonkursem\u201d) i jest jedynym dokumentem, [&hellip;]<\/p>\n","protected":false},"author":1,"featured_media":0,"parent":3647,"menu_order":0,"comment_status":"closed","ping_status":"closed","template":"templates\/template-empty-page-headline.php","meta":{"footnotes":""},"tags":[],"class_list":["post-3649","page","type-page","status-publish","hentry"],"yoast_head":"<!-- This site is optimized with the Yoast SEO Premium plugin v25.3 (Yoast SEO v25.9) - https:\/\/yoast.com\/wordpress\/plugins\/seo\/ -->\n<title>Regulamin konkursu - \u0160koda We Love Cycling - Poland<\/title>\n<meta name=\"robots\" content=\"index, follow, max-snippet:-1, max-image-preview:large, max-video-preview:-1\" \/>\n<link rel=\"canonical\" href=\"https:\/\/www.welovecycling.com\/pl\/letape-du-tour-2017\/regulamin-konkursu\/\" \/>\n<meta property=\"og:locale\" content=\"pl_PL\" \/>\n<meta property=\"og:type\" content=\"article\" \/>\n<meta property=\"og:title\" content=\"Regulamin konkursu\" \/>\n<meta property=\"og:description\" content=\"Niniejszy regulamin okre\u015bla og\u00f3lne warunki konkursu o nazwie \u201eWy\u015bcig L\u2019Etape du Tour 2017\u201d (odt\u0105d zwanego \u201eKonkursem\u201d) i jest jedynym dokumentem, [&hellip;]\" \/>\n<meta property=\"og:url\" content=\"https:\/\/www.welovecycling.com\/pl\/letape-du-tour-2017\/regulamin-konkursu\/\" \/>\n<meta property=\"og:site_name\" content=\"\u0160koda We Love Cycling - Poland\" \/>\n<meta property=\"article:modified_time\" content=\"2017-05-16T09:17:56+00:00\" \/>\n<meta name=\"twitter:card\" content=\"summary_large_image\" \/>\n<meta name=\"twitter:label1\" content=\"Est. reading time\" \/>\n\t<meta name=\"twitter:data1\" content=\"11 minutes\" \/>\n<script type=\"application\/ld+json\" class=\"yoast-schema-graph\">{\"@context\":\"https:\/\/schema.org\",\"@graph\":[{\"@type\":\"WebPage\",\"@id\":\"https:\/\/www.welovecycling.com\/pl\/letape-du-tour-2017\/regulamin-konkursu\/\",\"url\":\"https:\/\/www.welovecycling.com\/pl\/letape-du-tour-2017\/regulamin-konkursu\/\",\"name\":\"Regulamin konkursu - \u0160koda We Love Cycling - Poland\",\"isPartOf\":{\"@id\":\"https:\/\/www.welovecycling.com\/pl\/#website\"},\"datePublished\":\"2017-05-04T12:01:58+00:00\",\"dateModified\":\"2017-05-16T09:17:56+00:00\",\"breadcrumb\":{\"@id\":\"https:\/\/www.welovecycling.com\/pl\/letape-du-tour-2017\/regulamin-konkursu\/#breadcrumb\"},\"inLanguage\":\"pl-PL\",\"potentialAction\":[{\"@type\":\"ReadAction\",\"target\":[\"https:\/\/www.welovecycling.com\/pl\/letape-du-tour-2017\/regulamin-konkursu\/\"]}]},{\"@type\":\"BreadcrumbList\",\"@id\":\"https:\/\/www.welovecycling.com\/pl\/letape-du-tour-2017\/regulamin-konkursu\/#breadcrumb\",\"itemListElement\":[{\"@type\":\"ListItem\",\"position\":1,\"name\":\"Home\",\"item\":\"https:\/\/www.welovecycling.com\/pl\/\"},{\"@type\":\"ListItem\",\"position\":2,\"name\":\"L&#8217;Etape du Tour 2017\",\"item\":\"https:\/\/www.welovecycling.com\/pl\/letape-du-tour-2017\/\"},{\"@type\":\"ListItem\",\"position\":3,\"name\":\"Regulamin konkursu\"}]},{\"@type\":\"WebSite\",\"@id\":\"https:\/\/www.welovecycling.com\/pl\/#website\",\"url\":\"https:\/\/www.welovecycling.com\/pl\/\",\"name\":\"\u0160koda We Love Cycling - Poland\",\"description\":\"\",\"potentialAction\":[{\"@type\":\"SearchAction\",\"target\":{\"@type\":\"EntryPoint\",\"urlTemplate\":\"https:\/\/www.welovecycling.com\/pl\/?s={search_term_string}\"},\"query-input\":{\"@type\":\"PropertyValueSpecification\",\"valueRequired\":true,\"valueName\":\"search_term_string\"}}],\"inLanguage\":\"pl-PL\"}]}<\/script>\n<!-- \/ Yoast SEO Premium plugin. -->","yoast_head_json":{"title":"Regulamin konkursu - \u0160koda We Love Cycling - Poland","robots":{"index":"index","follow":"follow","max-snippet":"max-snippet:-1","max-image-preview":"max-image-preview:large","max-video-preview":"max-video-preview:-1"},"canonical":"https:\/\/www.welovecycling.com\/pl\/letape-du-tour-2017\/regulamin-konkursu\/","og_locale":"pl_PL","og_type":"article","og_title":"Regulamin konkursu","og_description":"Niniejszy regulamin okre\u015bla og\u00f3lne warunki konkursu o nazwie \u201eWy\u015bcig L\u2019Etape du Tour 2017\u201d (odt\u0105d zwanego \u201eKonkursem\u201d) i jest jedynym dokumentem, [&hellip;]","og_url":"https:\/\/www.welovecycling.com\/pl\/letape-du-tour-2017\/regulamin-konkursu\/","og_site_name":"\u0160koda We Love Cycling - Poland","article_modified_time":"2017-05-16T09:17:56+00:00","twitter_card":"summary_large_image","twitter_misc":{"Est. reading time":"11 minutes"},"schema":{"@context":"https:\/\/schema.org","@graph":[{"@type":"WebPage","@id":"https:\/\/www.welovecycling.com\/pl\/letape-du-tour-2017\/regulamin-konkursu\/","url":"https:\/\/www.welovecycling.com\/pl\/letape-du-tour-2017\/regulamin-konkursu\/","name":"Regulamin konkursu - \u0160koda We Love Cycling - Poland","isPartOf":{"@id":"https:\/\/www.welovecycling.com\/pl\/#website"},"datePublished":"2017-05-04T12:01:58+00:00","dateModified":"2017-05-16T09:17:56+00:00","breadcrumb":{"@id":"https:\/\/www.welovecycling.com\/pl\/letape-du-tour-2017\/regulamin-konkursu\/#breadcrumb"},"inLanguage":"pl-PL","potentialAction":[{"@type":"ReadAction","target":["https:\/\/www.welovecycling.com\/pl\/letape-du-tour-2017\/regulamin-konkursu\/"]}]},{"@type":"BreadcrumbList","@id":"https:\/\/www.welovecycling.com\/pl\/letape-du-tour-2017\/regulamin-konkursu\/#breadcrumb","itemListElement":[{"@type":"ListItem","position":1,"name":"Home","item":"https:\/\/www.welovecycling.com\/pl\/"},{"@type":"ListItem","position":2,"name":"L&#8217;Etape du Tour 2017","item":"https:\/\/www.welovecycling.com\/pl\/letape-du-tour-2017\/"},{"@type":"ListItem","position":3,"name":"Regulamin konkursu"}]},{"@type":"WebSite","@id":"https:\/\/www.welovecycling.com\/pl\/#website","url":"https:\/\/www.welovecycling.com\/pl\/","name":"\u0160koda We Love Cycling - Poland","description":"","potentialAction":[{"@type":"SearchAction","target":{"@type":"EntryPoint","urlTemplate":"https:\/\/www.welovecycling.com\/pl\/?s={search_term_string}"},"query-input":{"@type":"PropertyValueSpecification","valueRequired":true,"valueName":"search_term_string"}}],"inLanguage":"pl-PL"}]}},"_links":{"self":[{"href":"https:\/\/www.welovecycling.com\/pl\/wp-json\/wp\/v2\/pages\/3649","targetHints":{"allow":["GET"]}}],"collection":[{"href":"https:\/\/www.welovecycling.com\/pl\/wp-json\/wp\/v2\/pages"}],"about":[{"href":"https:\/\/www.welovecycling.com\/pl\/wp-json\/wp\/v2\/types\/page"}],"author":[{"embeddable":true,"href":"https:\/\/www.welovecycling.com\/pl\/wp-json\/wp\/v2\/users\/1"}],"replies":[{"embeddable":true,"href":"https:\/\/www.welovecycling.com\/pl\/wp-json\/wp\/v2\/comments?post=3649"}],"version-history":[{"count":1,"href":"https:\/\/www.welovecycling.com\/pl\/wp-json\/wp\/v2\/pages\/3649\/revisions"}],"predecessor-version":[{"id":3650,"href":"https:\/\/www.welovecycling.com\/pl\/wp-json\/wp\/v2\/pages\/3649\/revisions\/3650"}],"up":[{"embeddable":true,"href":"https:\/\/www.welovecycling.com\/pl\/wp-json\/wp\/v2\/pages\/3647"}],"wp:attachment":[{"href":"https:\/\/www.welovecycling.com\/pl\/wp-json\/wp\/v2\/media?parent=3649"}],"wp:term":[{"taxonomy":"post_tag","embeddable":true,"href":"https:\/\/www.welovecycling.com\/pl\/wp-json\/wp\/v2\/tags?post=3649"}],"curies":[{"name":"wp","href":"https:\/\/api.w.org\/{rel}","templated":true}]}}