{"id":2901,"date":"2017-02-16T17:11:09","date_gmt":"2017-02-16T17:11:09","guid":{"rendered":"https:\/\/www.welovecycling.com\/pl\/?page_id=2901"},"modified":"2017-02-21T10:50:21","modified_gmt":"2017-02-21T10:50:21","slug":"messengers","status":"publish","type":"page","link":"https:\/\/www.welovecycling.com\/pl\/messengers\/","title":{"rendered":"Messengers"},"content":{"rendered":"<p><a href=\"https:\/\/d2p6e6u75xmxt8.cloudfront.net\/5\/2017\/02\/bike-unfriendly-city.png\"><img loading=\"lazy\" decoding=\"async\" class=\"alignnone size-full wp-image-2919\" src=\"https:\/\/d2p6e6u75xmxt8.cloudfront.net\/5\/2017\/02\/bike-unfriendly-city.png\" alt=\"\" width=\"820\" height=\"79\" srcset=\"https:\/\/d2p6e6u75xmxt8.cloudfront.net\/5\/2017\/02\/bike-unfriendly-city.png 820w, https:\/\/d2p6e6u75xmxt8.cloudfront.net\/5\/2017\/02\/bike-unfriendly-city-300x29.png 300w, https:\/\/d2p6e6u75xmxt8.cloudfront.net\/5\/2017\/02\/bike-unfriendly-city-768x74.png 768w\" sizes=\"auto, (max-width: 820px) 100vw, 820px\" \/><\/a><\/p>\n<p>\u201eMumbai Mess\u201d pokazuje, jak braki w infrastrukturze zamieniaj\u0105 przestrze\u0144 miejsk\u0105 w prawdziwe pole bitwy mi\u0119dzy samochodami, pieszymi i rowerzystami. Poznaj najlepsze i najgorsze rozwi\u0105zania w planowaniu przestrzeni miejskiej. Przekonaj si\u0119, jak d\u0142ug\u0105 drog\u0119 trzeba pokona\u0107, by rowerzy\u015bci stali si\u0119 r\u00f3wnoprawnymi u\u017cytkownikami ruchu drogowego.<\/p>\n","protected":false},"excerpt":{"rendered":"<p>\u201eMumbai Mess\u201d pokazuje, jak braki w infrastrukturze zamieniaj\u0105 przestrze\u0144 miejsk\u0105 w prawdziwe pole bitwy mi\u0119dzy samochodami, pieszymi i rowerzystami. Poznaj [&hellip;]<\/p>\n","protected":false},"author":1,"featured_media":2922,"parent":0,"menu_order":0,"comment_status":"closed","ping_status":"closed","template":"plugins\/skoda-messengers-2017\/templates\/content-messengers.php","meta":{"footnotes":""},"tags":[100],"class_list":["post-2901","page","type-page","status-publish","has-post-thumbnail","hentry","tag-bike-unfriendly"],"yoast_head":"<!-- This site is optimized with the Yoast SEO Premium plugin v25.3 (Yoast SEO v25.9) - https:\/\/yoast.com\/wordpress\/plugins\/seo\/ -->\n<title>Messengers - \u0160koda We Love Cycling - Poland<\/title>\n<meta name=\"robots\" content=\"index, follow, max-snippet:-1, max-image-preview:large, max-video-preview:-1\" \/>\n<link rel=\"canonical\" href=\"https:\/\/www.welovecycling.com\/pl\/messengers\/\" \/>\n<meta property=\"og:locale\" content=\"pl_PL\" \/>\n<meta property=\"og:type\" content=\"article\" \/>\n<meta property=\"og:title\" content=\"Messengers\" \/>\n<meta property=\"og:description\" content=\"\u201eMumbai Mess\u201d pokazuje, jak braki w infrastrukturze zamieniaj\u0105 przestrze\u0144 miejsk\u0105 w prawdziwe pole bitwy mi\u0119dzy samochodami, pieszymi i rowerzystami. Poznaj [&hellip;]\" \/>\n<meta property=\"og:url\" content=\"https:\/\/www.welovecycling.com\/pl\/messengers\/\" \/>\n<meta property=\"og:site_name\" content=\"\u0160koda We Love Cycling - Poland\" \/>\n<meta property=\"article:modified_time\" content=\"2017-02-21T10:50:21+00:00\" \/>\n<meta property=\"og:image\" content=\"https:\/\/d2p6e6u75xmxt8.cloudfront.net\/5\/2017\/02\/WLC_Bike_UnFriendly_The_Mumbai_Mess_FB_3_txt.jpg\" \/>\n\t<meta property=\"og:image:width\" content=\"1200\" \/>\n\t<meta property=\"og:image:height\" content=\"628\" \/>\n\t<meta property=\"og:image:type\" content=\"image\/jpeg\" \/>\n<meta name=\"twitter:card\" content=\"summary_large_image\" \/>\n<script type=\"application\/ld+json\" class=\"yoast-schema-graph\">{\"@context\":\"https:\/\/schema.org\",\"@graph\":[{\"@type\":\"WebPage\",\"@id\":\"https:\/\/www.welovecycling.com\/pl\/messengers\/\",\"url\":\"https:\/\/www.welovecycling.com\/pl\/messengers\/\",\"name\":\"Messengers - \u0160koda We Love Cycling - Poland\",\"isPartOf\":{\"@id\":\"https:\/\/www.welovecycling.com\/pl\/#website\"},\"primaryImageOfPage\":{\"@id\":\"https:\/\/www.welovecycling.com\/pl\/messengers\/#primaryimage\"},\"image\":{\"@id\":\"https:\/\/www.welovecycling.com\/pl\/messengers\/#primaryimage\"},\"thumbnailUrl\":\"https:\/\/d2p6e6u75xmxt8.cloudfront.net\/5\/2017\/02\/WLC_Bike_UnFriendly_The_Mumbai_Mess_FB_3_txt.jpg\",\"datePublished\":\"2017-02-16T17:11:09+00:00\",\"dateModified\":\"2017-02-21T10:50:21+00:00\",\"breadcrumb\":{\"@id\":\"https:\/\/www.welovecycling.com\/pl\/messengers\/#breadcrumb\"},\"inLanguage\":\"pl-PL\",\"potentialAction\":[{\"@type\":\"ReadAction\",\"target\":[\"https:\/\/www.welovecycling.com\/pl\/messengers\/\"]}]},{\"@type\":\"ImageObject\",\"inLanguage\":\"pl-PL\",\"@id\":\"https:\/\/www.welovecycling.com\/pl\/messengers\/#primaryimage\",\"url\":\"https:\/\/d2p6e6u75xmxt8.cloudfront.net\/5\/2017\/02\/WLC_Bike_UnFriendly_The_Mumbai_Mess_FB_3_txt.jpg\",\"contentUrl\":\"https:\/\/d2p6e6u75xmxt8.cloudfront.net\/5\/2017\/02\/WLC_Bike_UnFriendly_The_Mumbai_Mess_FB_3_txt.jpg\",\"width\":1200,\"height\":628},{\"@type\":\"BreadcrumbList\",\"@id\":\"https:\/\/www.welovecycling.com\/pl\/messengers\/#breadcrumb\",\"itemListElement\":[{\"@type\":\"ListItem\",\"position\":1,\"name\":\"Home\",\"item\":\"https:\/\/www.welovecycling.com\/pl\/\"},{\"@type\":\"ListItem\",\"position\":2,\"name\":\"Messengers\"}]},{\"@type\":\"WebSite\",\"@id\":\"https:\/\/www.welovecycling.com\/pl\/#website\",\"url\":\"https:\/\/www.welovecycling.com\/pl\/\",\"name\":\"\u0160koda We Love Cycling - Poland\",\"description\":\"\",\"potentialAction\":[{\"@type\":\"SearchAction\",\"target\":{\"@type\":\"EntryPoint\",\"urlTemplate\":\"https:\/\/www.welovecycling.com\/pl\/?s={search_term_string}\"},\"query-input\":{\"@type\":\"PropertyValueSpecification\",\"valueRequired\":true,\"valueName\":\"search_term_string\"}}],\"inLanguage\":\"pl-PL\"}]}<\/script>\n<!-- \/ Yoast SEO Premium plugin. -->","yoast_head_json":{"title":"Messengers - \u0160koda We Love Cycling - Poland","robots":{"index":"index","follow":"follow","max-snippet":"max-snippet:-1","max-image-preview":"max-image-preview:large","max-video-preview":"max-video-preview:-1"},"canonical":"https:\/\/www.welovecycling.com\/pl\/messengers\/","og_locale":"pl_PL","og_type":"article","og_title":"Messengers","og_description":"\u201eMumbai Mess\u201d pokazuje, jak braki w infrastrukturze zamieniaj\u0105 przestrze\u0144 miejsk\u0105 w prawdziwe pole bitwy mi\u0119dzy samochodami, pieszymi i rowerzystami. Poznaj [&hellip;]","og_url":"https:\/\/www.welovecycling.com\/pl\/messengers\/","og_site_name":"\u0160koda We Love Cycling - Poland","article_modified_time":"2017-02-21T10:50:21+00:00","og_image":[{"width":1200,"height":628,"url":"https:\/\/d2p6e6u75xmxt8.cloudfront.net\/5\/2017\/02\/WLC_Bike_UnFriendly_The_Mumbai_Mess_FB_3_txt.jpg","type":"image\/jpeg"}],"twitter_card":"summary_large_image","schema":{"@context":"https:\/\/schema.org","@graph":[{"@type":"WebPage","@id":"https:\/\/www.welovecycling.com\/pl\/messengers\/","url":"https:\/\/www.welovecycling.com\/pl\/messengers\/","name":"Messengers - \u0160koda We Love Cycling - Poland","isPartOf":{"@id":"https:\/\/www.welovecycling.com\/pl\/#website"},"primaryImageOfPage":{"@id":"https:\/\/www.welovecycling.com\/pl\/messengers\/#primaryimage"},"image":{"@id":"https:\/\/www.welovecycling.com\/pl\/messengers\/#primaryimage"},"thumbnailUrl":"https:\/\/d2p6e6u75xmxt8.cloudfront.net\/5\/2017\/02\/WLC_Bike_UnFriendly_The_Mumbai_Mess_FB_3_txt.jpg","datePublished":"2017-02-16T17:11:09+00:00","dateModified":"2017-02-21T10:50:21+00:00","breadcrumb":{"@id":"https:\/\/www.welovecycling.com\/pl\/messengers\/#breadcrumb"},"inLanguage":"pl-PL","potentialAction":[{"@type":"ReadAction","target":["https:\/\/www.welovecycling.com\/pl\/messengers\/"]}]},{"@type":"ImageObject","inLanguage":"pl-PL","@id":"https:\/\/www.welovecycling.com\/pl\/messengers\/#primaryimage","url":"https:\/\/d2p6e6u75xmxt8.cloudfront.net\/5\/2017\/02\/WLC_Bike_UnFriendly_The_Mumbai_Mess_FB_3_txt.jpg","contentUrl":"https:\/\/d2p6e6u75xmxt8.cloudfront.net\/5\/2017\/02\/WLC_Bike_UnFriendly_The_Mumbai_Mess_FB_3_txt.jpg","width":1200,"height":628},{"@type":"BreadcrumbList","@id":"https:\/\/www.welovecycling.com\/pl\/messengers\/#breadcrumb","itemListElement":[{"@type":"ListItem","position":1,"name":"Home","item":"https:\/\/www.welovecycling.com\/pl\/"},{"@type":"ListItem","position":2,"name":"Messengers"}]},{"@type":"WebSite","@id":"https:\/\/www.welovecycling.com\/pl\/#website","url":"https:\/\/www.welovecycling.com\/pl\/","name":"\u0160koda We Love Cycling - Poland","description":"","potentialAction":[{"@type":"SearchAction","target":{"@type":"EntryPoint","urlTemplate":"https:\/\/www.welovecycling.com\/pl\/?s={search_term_string}"},"query-input":{"@type":"PropertyValueSpecification","valueRequired":true,"valueName":"search_term_string"}}],"inLanguage":"pl-PL"}]}},"_links":{"self":[{"href":"https:\/\/www.welovecycling.com\/pl\/wp-json\/wp\/v2\/pages\/2901","targetHints":{"allow":["GET"]}}],"collection":[{"href":"https:\/\/www.welovecycling.com\/pl\/wp-json\/wp\/v2\/pages"}],"about":[{"href":"https:\/\/www.welovecycling.com\/pl\/wp-json\/wp\/v2\/types\/page"}],"author":[{"embeddable":true,"href":"https:\/\/www.welovecycling.com\/pl\/wp-json\/wp\/v2\/users\/1"}],"replies":[{"embeddable":true,"href":"https:\/\/www.welovecycling.com\/pl\/wp-json\/wp\/v2\/comments?post=2901"}],"version-history":[{"count":2,"href":"https:\/\/www.welovecycling.com\/pl\/wp-json\/wp\/v2\/pages\/2901\/revisions"}],"predecessor-version":[{"id":4163,"href":"https:\/\/www.welovecycling.com\/pl\/wp-json\/wp\/v2\/pages\/2901\/revisions\/4163"}],"wp:featuredmedia":[{"embeddable":true,"href":"https:\/\/www.welovecycling.com\/pl\/wp-json\/wp\/v2\/media\/2922"}],"wp:attachment":[{"href":"https:\/\/www.welovecycling.com\/pl\/wp-json\/wp\/v2\/media?parent=2901"}],"wp:term":[{"taxonomy":"post_tag","embeddable":true,"href":"https:\/\/www.welovecycling.com\/pl\/wp-json\/wp\/v2\/tags?post=2901"}],"curies":[{"name":"wp","href":"https:\/\/api.w.org\/{rel}","templated":true}]}}