{"id":2244,"date":"2016-02-18T09:44:00","date_gmt":"2016-02-18T08:44:00","guid":{"rendered":"http:\/\/serwer1629254.home.pl\/?page_id=2"},"modified":"2016-02-18T09:44:00","modified_gmt":"2016-02-18T08:44:00","slug":"przykladowa-strona","status":"publish","type":"page","link":"https:\/\/www.welovecycling.com\/pl\/przykladowa-strona\/","title":{"rendered":"Przyk\u0142adowa strona"},"content":{"rendered":"<p>To jest przyk\u0142adowa strona. R\u00f3\u017cni si\u0119 ona od postu na blogu, poniewa\u017c pozostanie ona ci\u0105gle w jednym miejscu i poka\u017ce si\u0119 w panelu nawigacyjnym na twojej stronie (w przypadku wi\u0119kszo\u015bci szablon\u00f3w). Wi\u0119kszo\u015b\u0107 os\u00f3b zaczyna od strony \u201aO mnie\u2019 lub \u201aO nas\u2019, kt\u00f3ra przedstawia ich potencjalnym odwiedzaj\u0105cym stron\u0119. Mo\u017ce to by\u0107 co\u015b takiego:<\/p>\n<blockquote><p>Cze\u015b\u0107! Jestem kurierem na rowerze za dnia, noc\u0105 aktorem amatorem, a to jest m\u00f3j blog. Mieszkam w Gda\u0144sku, mam wspania\u0142ego psa o imieniu Azor i uwielbiam pi&#241;a colad\u0119. (Oraz to, kiedy \u0142apie mnie deszcz.)<\/p><\/blockquote>\n<p>&#8230;lub co\u015b bardziej jak to:<\/p>\n<blockquote><p>Firma XYZ zosta\u0142a za\u0142o\u017cona w 1971 roku i od tamtej pory wytwarza najlepszej jako\u015bci wijaster na rynku. Zlokalizowana w Pacanowie zatrudnia ponad 2000 os\u00f3b i jest powodem samego dobrodziejstwa dla lokalnej spo\u0142eczno\u015bci.<\/p><\/blockquote>\n<p>Jako nowy u\u017cytkowni WordPressa, powiniene\u015b odwiedzi\u0107 <a href=\"http:\/\/serwer1629254.home.pl\/wp-admin\/\">sw\u00f3j panel administracyjny<\/a>, aby skasowa\u0107 t\u0119 stron\u0119 i stworzy\u0107 nowe, dostosowane do Twoich potrzeb strony. Mi\u0142ej zabawy!<\/p>\n","protected":false},"excerpt":{"rendered":"<p>To jest przyk\u0142adowa strona. R\u00f3\u017cni si\u0119 ona od postu na blogu, poniewa\u017c pozostanie ona ci\u0105gle w jednym miejscu i poka\u017ce [&hellip;]<\/p>\n","protected":false},"author":76,"featured_media":0,"parent":0,"menu_order":0,"comment_status":"closed","ping_status":"open","template":"","meta":{"footnotes":""},"tags":[],"class_list":["post-2244","page","type-page","status-publish","hentry"],"yoast_head":"<!-- This site is optimized with the Yoast SEO Premium plugin v25.3 (Yoast SEO v25.9) - https:\/\/yoast.com\/wordpress\/plugins\/seo\/ -->\n<title>Przyk\u0142adowa strona - \u0160koda We Love Cycling - Poland<\/title>\n<meta name=\"robots\" content=\"index, follow, max-snippet:-1, max-image-preview:large, max-video-preview:-1\" \/>\n<link rel=\"canonical\" href=\"https:\/\/www.welovecycling.com\/pl\/przykladowa-strona\/\" \/>\n<meta property=\"og:locale\" content=\"pl_PL\" \/>\n<meta property=\"og:type\" content=\"article\" \/>\n<meta property=\"og:title\" content=\"Przyk\u0142adowa strona\" \/>\n<meta property=\"og:description\" content=\"To jest przyk\u0142adowa strona. R\u00f3\u017cni si\u0119 ona od postu na blogu, poniewa\u017c pozostanie ona ci\u0105gle w jednym miejscu i poka\u017ce [&hellip;]\" \/>\n<meta property=\"og:url\" content=\"https:\/\/www.welovecycling.com\/pl\/przykladowa-strona\/\" \/>\n<meta property=\"og:site_name\" content=\"\u0160koda We Love Cycling - Poland\" \/>\n<meta name=\"twitter:card\" content=\"summary_large_image\" \/>\n<meta name=\"twitter:label1\" content=\"Est. reading time\" \/>\n\t<meta name=\"twitter:data1\" content=\"1 minute\" \/>\n<script type=\"application\/ld+json\" class=\"yoast-schema-graph\">{\"@context\":\"https:\/\/schema.org\",\"@graph\":[{\"@type\":\"WebPage\",\"@id\":\"https:\/\/www.welovecycling.com\/pl\/przykladowa-strona\/\",\"url\":\"https:\/\/www.welovecycling.com\/pl\/przykladowa-strona\/\",\"name\":\"Przyk\u0142adowa strona - \u0160koda We Love Cycling - Poland\",\"isPartOf\":{\"@id\":\"https:\/\/www.welovecycling.com\/pl\/#website\"},\"datePublished\":\"2016-02-18T08:44:00+00:00\",\"breadcrumb\":{\"@id\":\"https:\/\/www.welovecycling.com\/pl\/przykladowa-strona\/#breadcrumb\"},\"inLanguage\":\"pl-PL\",\"potentialAction\":[{\"@type\":\"ReadAction\",\"target\":[\"https:\/\/www.welovecycling.com\/pl\/przykladowa-strona\/\"]}]},{\"@type\":\"BreadcrumbList\",\"@id\":\"https:\/\/www.welovecycling.com\/pl\/przykladowa-strona\/#breadcrumb\",\"itemListElement\":[{\"@type\":\"ListItem\",\"position\":1,\"name\":\"Home\",\"item\":\"https:\/\/www.welovecycling.com\/pl\/\"},{\"@type\":\"ListItem\",\"position\":2,\"name\":\"Przyk\u0142adowa strona\"}]},{\"@type\":\"WebSite\",\"@id\":\"https:\/\/www.welovecycling.com\/pl\/#website\",\"url\":\"https:\/\/www.welovecycling.com\/pl\/\",\"name\":\"\u0160koda We Love Cycling - Poland\",\"description\":\"\",\"potentialAction\":[{\"@type\":\"SearchAction\",\"target\":{\"@type\":\"EntryPoint\",\"urlTemplate\":\"https:\/\/www.welovecycling.com\/pl\/?s={search_term_string}\"},\"query-input\":{\"@type\":\"PropertyValueSpecification\",\"valueRequired\":true,\"valueName\":\"search_term_string\"}}],\"inLanguage\":\"pl-PL\"}]}<\/script>\n<!-- \/ Yoast SEO Premium plugin. -->","yoast_head_json":{"title":"Przyk\u0142adowa strona - \u0160koda We Love Cycling - Poland","robots":{"index":"index","follow":"follow","max-snippet":"max-snippet:-1","max-image-preview":"max-image-preview:large","max-video-preview":"max-video-preview:-1"},"canonical":"https:\/\/www.welovecycling.com\/pl\/przykladowa-strona\/","og_locale":"pl_PL","og_type":"article","og_title":"Przyk\u0142adowa strona","og_description":"To jest przyk\u0142adowa strona. R\u00f3\u017cni si\u0119 ona od postu na blogu, poniewa\u017c pozostanie ona ci\u0105gle w jednym miejscu i poka\u017ce [&hellip;]","og_url":"https:\/\/www.welovecycling.com\/pl\/przykladowa-strona\/","og_site_name":"\u0160koda We Love Cycling - Poland","twitter_card":"summary_large_image","twitter_misc":{"Est. reading time":"1 minute"},"schema":{"@context":"https:\/\/schema.org","@graph":[{"@type":"WebPage","@id":"https:\/\/www.welovecycling.com\/pl\/przykladowa-strona\/","url":"https:\/\/www.welovecycling.com\/pl\/przykladowa-strona\/","name":"Przyk\u0142adowa strona - \u0160koda We Love Cycling - Poland","isPartOf":{"@id":"https:\/\/www.welovecycling.com\/pl\/#website"},"datePublished":"2016-02-18T08:44:00+00:00","breadcrumb":{"@id":"https:\/\/www.welovecycling.com\/pl\/przykladowa-strona\/#breadcrumb"},"inLanguage":"pl-PL","potentialAction":[{"@type":"ReadAction","target":["https:\/\/www.welovecycling.com\/pl\/przykladowa-strona\/"]}]},{"@type":"BreadcrumbList","@id":"https:\/\/www.welovecycling.com\/pl\/przykladowa-strona\/#breadcrumb","itemListElement":[{"@type":"ListItem","position":1,"name":"Home","item":"https:\/\/www.welovecycling.com\/pl\/"},{"@type":"ListItem","position":2,"name":"Przyk\u0142adowa strona"}]},{"@type":"WebSite","@id":"https:\/\/www.welovecycling.com\/pl\/#website","url":"https:\/\/www.welovecycling.com\/pl\/","name":"\u0160koda We Love Cycling - Poland","description":"","potentialAction":[{"@type":"SearchAction","target":{"@type":"EntryPoint","urlTemplate":"https:\/\/www.welovecycling.com\/pl\/?s={search_term_string}"},"query-input":{"@type":"PropertyValueSpecification","valueRequired":true,"valueName":"search_term_string"}}],"inLanguage":"pl-PL"}]}},"_links":{"self":[{"href":"https:\/\/www.welovecycling.com\/pl\/wp-json\/wp\/v2\/pages\/2244","targetHints":{"allow":["GET"]}}],"collection":[{"href":"https:\/\/www.welovecycling.com\/pl\/wp-json\/wp\/v2\/pages"}],"about":[{"href":"https:\/\/www.welovecycling.com\/pl\/wp-json\/wp\/v2\/types\/page"}],"author":[{"embeddable":true,"href":"https:\/\/www.welovecycling.com\/pl\/wp-json\/wp\/v2\/users\/76"}],"replies":[{"embeddable":true,"href":"https:\/\/www.welovecycling.com\/pl\/wp-json\/wp\/v2\/comments?post=2244"}],"version-history":[{"count":0,"href":"https:\/\/www.welovecycling.com\/pl\/wp-json\/wp\/v2\/pages\/2244\/revisions"}],"wp:attachment":[{"href":"https:\/\/www.welovecycling.com\/pl\/wp-json\/wp\/v2\/media?parent=2244"}],"wp:term":[{"taxonomy":"post_tag","embeddable":true,"href":"https:\/\/www.welovecycling.com\/pl\/wp-json\/wp\/v2\/tags?post=2244"}],"curies":[{"name":"wp","href":"https:\/\/api.w.org\/{rel}","templated":true}]}}