{"id":221,"date":"2016-01-09T05:17:08","date_gmt":"2016-01-09T05:17:08","guid":{"rendered":"http:\/\/seaboardthemes.com\/maverick\/wp\/?page_id=52"},"modified":"2016-01-09T05:17:08","modified_gmt":"2016-01-09T05:17:08","slug":"about","status":"publish","type":"page","link":"https:\/\/www.welovecycling.com\/pl\/about\/","title":{"rendered":"O stronie"},"content":{"rendered":"<div class=\"meta\">\n<h2 style=\"text-align: justify\"><strong>\u0160koda Nap\u0119dza Rowery<\/strong><\/h2>\n<\/div>\n<p>Z\u00a0rowerami jeste\u015bmy zwi\u0105zani od\u00a0ponad 120 lat. Ojc\u00f3w za\u0142o\u017cycieli naszej marki, ksi\u0119garza V\u00e1clava Klementa i\u00a0mechanika V\u00e1clava Laurina, po\u0142\u0105czy\u0142o w\u00a01895 roku wsp\u00f3lne marzenie \u2013 produkcja rower\u00f3w. Nied\u0142ugo potem Laurin i\u00a0Klement do\u00a0swojego asortymentu wprowadzili motocykle, a\u00a0nast\u0119pnie pierwsze samochody.<\/p>\n<p>Marzenie dw\u00f3ch czeskich przedsi\u0119biorc\u00f3w spe\u0142ni\u0142o si\u0119 z\u00a0nawi\u0105zk\u0105 i\u00a0ugruntowa\u0142o sukces naszej marki. Dzi\u0119ki ich innowacyjnemu my\u015bleniu ma\u0142e przedsi\u0119biorstwo przerodzi\u0142o si\u0119 w\u00a0wielk\u0105, mi\u0119dzynarodow\u0105 firm\u0119. Nie zapominamy o\u00a0swoich korzeniach i\u00a0to w\u0142a\u015bnie dlatego kolarstwo jest nam szczeg\u00f3lnie bliskie. Z Laurinem i Klementem \u0142\u0105czy nas kolarska pasja.<\/p>\n<p>Od\u00a013 lat jeste\u015bmy oficjalnym sponsorem i\u00a0oficjalnym partnerem wy\u015bcigu Tour de France, kt\u00f3remu\u00a0od 2015 roku przewodzi czerwona \u0160koda Superb. Ka\u017cdego roku \u00a0250 modeli \u0160KODY pokonuje blisko 2,8 miliona kilometr\u00f3w podczas najwa\u017cniejszej imprezy rowerowej we\u00a0Francji. To\u00a0dla nas doskona\u0142y test niezawodno\u015bci, kt\u00f3ry\u00a0modele\u00a0 \u0160KODY zdaj\u0105 celuj\u0105co.<\/p>\n<p>Zobacz dlaczego nap\u0119dzamy Tour de France:<\/p>\n<p>&nbsp;<\/p>\n<p>Dzia\u0142amy te\u017c lokalnie. W\u00a0ostatnich latach szczeg\u00f3lnie aktywnie wspieramy wydarzenia kolarskie w Polsce, a nasi dealerzy ch\u0119tnie podejmuj\u0105 dzia\u0142ania zwi\u0105zane z\u00a0kolarstwem. Promujemy sport, ruch, kolarstwo profesjonalne i\u00a0rekreacyjn\u0105 turystyk\u0119 rowerow\u0105.<\/p>\n<p>Inicjatywa \u0160koda Nap\u0119dza Rowery powsta\u0142a, by\u00a0dzieli\u0107 si\u0119 pasj\u0105 do\u00a0kolarstwa. Wszystkich, kt\u00f3rych \u0142\u0105czy kolarska pasja, zapraszamy na wy\u015bcigi w ca\u0142ym kraju. Do\u00a0zobaczenia na starcie!<\/p>\n<p>&nbsp;<\/p>\n","protected":false},"excerpt":{"rendered":"<p>\u0160koda Nap\u0119dza Rowery Z\u00a0rowerami jeste\u015bmy zwi\u0105zani od\u00a0ponad 120 lat. Ojc\u00f3w za\u0142o\u017cycieli naszej marki, ksi\u0119garza V\u00e1clava Klementa i\u00a0mechanika V\u00e1clava Laurina, po\u0142\u0105czy\u0142o [&hellip;]<\/p>\n","protected":false},"author":76,"featured_media":0,"parent":0,"menu_order":0,"comment_status":"closed","ping_status":"closed","template":"","meta":{"footnotes":""},"tags":[],"class_list":["post-221","page","type-page","status-publish","hentry"],"yoast_head":"<!-- This site is optimized with the Yoast SEO Premium plugin v25.3 (Yoast SEO v25.9) - https:\/\/yoast.com\/wordpress\/plugins\/seo\/ -->\n<title>O stronie - \u0160koda We Love Cycling - Poland<\/title>\n<meta name=\"robots\" content=\"index, follow, max-snippet:-1, max-image-preview:large, max-video-preview:-1\" \/>\n<link rel=\"canonical\" href=\"https:\/\/www.welovecycling.com\/pl\/about\/\" \/>\n<meta property=\"og:locale\" content=\"pl_PL\" \/>\n<meta property=\"og:type\" content=\"article\" \/>\n<meta property=\"og:title\" content=\"O stronie\" \/>\n<meta property=\"og:description\" content=\"\u0160koda Nap\u0119dza Rowery Z\u00a0rowerami jeste\u015bmy zwi\u0105zani od\u00a0ponad 120 lat. Ojc\u00f3w za\u0142o\u017cycieli naszej marki, ksi\u0119garza V\u00e1clava Klementa i\u00a0mechanika V\u00e1clava Laurina, po\u0142\u0105czy\u0142o [&hellip;]\" \/>\n<meta property=\"og:url\" content=\"https:\/\/www.welovecycling.com\/pl\/about\/\" \/>\n<meta property=\"og:site_name\" content=\"\u0160koda We Love Cycling - Poland\" \/>\n<meta name=\"twitter:card\" content=\"summary_large_image\" \/>\n<meta name=\"twitter:label1\" content=\"Est. reading time\" \/>\n\t<meta name=\"twitter:data1\" content=\"1 minute\" \/>\n<script type=\"application\/ld+json\" class=\"yoast-schema-graph\">{\"@context\":\"https:\/\/schema.org\",\"@graph\":[{\"@type\":\"WebPage\",\"@id\":\"https:\/\/www.welovecycling.com\/pl\/about\/\",\"url\":\"https:\/\/www.welovecycling.com\/pl\/about\/\",\"name\":\"O stronie - \u0160koda We Love Cycling - Poland\",\"isPartOf\":{\"@id\":\"https:\/\/www.welovecycling.com\/pl\/#website\"},\"datePublished\":\"2016-01-09T05:17:08+00:00\",\"breadcrumb\":{\"@id\":\"https:\/\/www.welovecycling.com\/pl\/about\/#breadcrumb\"},\"inLanguage\":\"pl-PL\",\"potentialAction\":[{\"@type\":\"ReadAction\",\"target\":[\"https:\/\/www.welovecycling.com\/pl\/about\/\"]}]},{\"@type\":\"BreadcrumbList\",\"@id\":\"https:\/\/www.welovecycling.com\/pl\/about\/#breadcrumb\",\"itemListElement\":[{\"@type\":\"ListItem\",\"position\":1,\"name\":\"Home\",\"item\":\"https:\/\/www.welovecycling.com\/pl\/\"},{\"@type\":\"ListItem\",\"position\":2,\"name\":\"O stronie\"}]},{\"@type\":\"WebSite\",\"@id\":\"https:\/\/www.welovecycling.com\/pl\/#website\",\"url\":\"https:\/\/www.welovecycling.com\/pl\/\",\"name\":\"\u0160koda We Love Cycling - Poland\",\"description\":\"\",\"potentialAction\":[{\"@type\":\"SearchAction\",\"target\":{\"@type\":\"EntryPoint\",\"urlTemplate\":\"https:\/\/www.welovecycling.com\/pl\/?s={search_term_string}\"},\"query-input\":{\"@type\":\"PropertyValueSpecification\",\"valueRequired\":true,\"valueName\":\"search_term_string\"}}],\"inLanguage\":\"pl-PL\"}]}<\/script>\n<!-- \/ Yoast SEO Premium plugin. -->","yoast_head_json":{"title":"O stronie - \u0160koda We Love Cycling - Poland","robots":{"index":"index","follow":"follow","max-snippet":"max-snippet:-1","max-image-preview":"max-image-preview:large","max-video-preview":"max-video-preview:-1"},"canonical":"https:\/\/www.welovecycling.com\/pl\/about\/","og_locale":"pl_PL","og_type":"article","og_title":"O stronie","og_description":"\u0160koda Nap\u0119dza Rowery Z\u00a0rowerami jeste\u015bmy zwi\u0105zani od\u00a0ponad 120 lat. Ojc\u00f3w za\u0142o\u017cycieli naszej marki, ksi\u0119garza V\u00e1clava Klementa i\u00a0mechanika V\u00e1clava Laurina, po\u0142\u0105czy\u0142o [&hellip;]","og_url":"https:\/\/www.welovecycling.com\/pl\/about\/","og_site_name":"\u0160koda We Love Cycling - Poland","twitter_card":"summary_large_image","twitter_misc":{"Est. reading time":"1 minute"},"schema":{"@context":"https:\/\/schema.org","@graph":[{"@type":"WebPage","@id":"https:\/\/www.welovecycling.com\/pl\/about\/","url":"https:\/\/www.welovecycling.com\/pl\/about\/","name":"O stronie - \u0160koda We Love Cycling - Poland","isPartOf":{"@id":"https:\/\/www.welovecycling.com\/pl\/#website"},"datePublished":"2016-01-09T05:17:08+00:00","breadcrumb":{"@id":"https:\/\/www.welovecycling.com\/pl\/about\/#breadcrumb"},"inLanguage":"pl-PL","potentialAction":[{"@type":"ReadAction","target":["https:\/\/www.welovecycling.com\/pl\/about\/"]}]},{"@type":"BreadcrumbList","@id":"https:\/\/www.welovecycling.com\/pl\/about\/#breadcrumb","itemListElement":[{"@type":"ListItem","position":1,"name":"Home","item":"https:\/\/www.welovecycling.com\/pl\/"},{"@type":"ListItem","position":2,"name":"O stronie"}]},{"@type":"WebSite","@id":"https:\/\/www.welovecycling.com\/pl\/#website","url":"https:\/\/www.welovecycling.com\/pl\/","name":"\u0160koda We Love Cycling - Poland","description":"","potentialAction":[{"@type":"SearchAction","target":{"@type":"EntryPoint","urlTemplate":"https:\/\/www.welovecycling.com\/pl\/?s={search_term_string}"},"query-input":{"@type":"PropertyValueSpecification","valueRequired":true,"valueName":"search_term_string"}}],"inLanguage":"pl-PL"}]}},"_links":{"self":[{"href":"https:\/\/www.welovecycling.com\/pl\/wp-json\/wp\/v2\/pages\/221","targetHints":{"allow":["GET"]}}],"collection":[{"href":"https:\/\/www.welovecycling.com\/pl\/wp-json\/wp\/v2\/pages"}],"about":[{"href":"https:\/\/www.welovecycling.com\/pl\/wp-json\/wp\/v2\/types\/page"}],"author":[{"embeddable":true,"href":"https:\/\/www.welovecycling.com\/pl\/wp-json\/wp\/v2\/users\/76"}],"replies":[{"embeddable":true,"href":"https:\/\/www.welovecycling.com\/pl\/wp-json\/wp\/v2\/comments?post=221"}],"version-history":[{"count":1,"href":"https:\/\/www.welovecycling.com\/pl\/wp-json\/wp\/v2\/pages\/221\/revisions"}],"predecessor-version":[{"id":13214,"href":"https:\/\/www.welovecycling.com\/pl\/wp-json\/wp\/v2\/pages\/221\/revisions\/13214"}],"wp:attachment":[{"href":"https:\/\/www.welovecycling.com\/pl\/wp-json\/wp\/v2\/media?parent=221"}],"wp:term":[{"taxonomy":"post_tag","embeddable":true,"href":"https:\/\/www.welovecycling.com\/pl\/wp-json\/wp\/v2\/tags?post=221"}],"curies":[{"name":"wp","href":"https:\/\/api.w.org\/{rel}","templated":true}]}}