{"id":19,"date":"2016-10-24T11:57:36","date_gmt":"2016-10-24T11:57:36","guid":{"rendered":"https:\/\/www.welovecycling.com\/pl\/?page_id=19"},"modified":"2024-05-09T12:23:39","modified_gmt":"2024-05-09T12:23:39","slug":"o-nas","status":"publish","type":"page","link":"https:\/\/www.welovecycling.com\/pl\/o-nas\/","title":{"rendered":"O nas"},"content":{"rendered":"<p style=\"text-align: justify;\">Serwis WeLoveCycling powsta\u0142 z pasji do rower\u00f3w. We wsp\u00f3\u0142pracy ze \u0160kod\u0105, kt\u00f3ra z kolarstwem jest zwi\u0105zana od samego pocz\u0105tku istnienia, dzielimy si\u0119 rowerowymi inspiracjami, ciekawostkami i poradami. Zobacz, co nas kr\u0119ci:<\/p>\n<lite-youtube videoid=7TQWUzn5EYo params=\"enablejsapi=1\" style=\"background-image: url('https:\/\/i.ytimg.com\/vi_webp\/7TQWUzn5EYo\/maxresdefault.webp');\"><\/lite-youtube>\n<p style=\"text-align: justify;\"><strong>\u0160koda nap\u0119dza WeLoveCycling<\/strong><\/p>\n<p>Ojc\u00f3w za\u0142o\u017cycieli marki \u0160koda, ksi\u0119garza V\u00e1clava Klementa i mechanika V\u00e1clava Laurina, po\u0142\u0105czy\u0142o w 1895 roku wsp\u00f3lne marzenie \u2013 produkcja rower\u00f3w. Nied\u0142ugo potem Laurin i Klement do swojego asortymentu wprowadzili motocykle, a nast\u0119pnie pierwsze samochody.<\/p>\n<p>Marzenie dw\u00f3ch czeskich przedsi\u0119biorc\u00f3w spe\u0142ni\u0142o si\u0119 z nawi\u0105zk\u0105 i ugruntowa\u0142o sukces \u0160kody. Dzi\u0119ki ich innowacyjnemu my\u015bleniu ma\u0142a firma przerodzi\u0142a si\u0119 w wielk\u0105 mi\u0119dzynarodow\u0105 mark\u0119. \u0160koda pami\u0119ta o swoich korzeniach \u2013 z Laurinem i Klementem do dzi\u015b \u0142\u0105czy nas kolarska pasja.<\/p>\n<p>Od 2004 roku marka nosi zaszczytne miano oficjalnego sponsora i oficjalnego partnera wy\u015bcigu Tour de France. Ka\u017cdego roku 250 modeli \u0160kody pokonuje blisko 2,8 miliona kilometr\u00f3w podczas najwa\u017cniejszej imprezy rowerowej we Francji. Od 2022 roku marka jest te\u017c oficjalnym sponsorem i oficjalnym partnerem wy\u015bcigu Tour de France Femmes avec Zwift. Oba wydarzenia to dla nas doskona\u0142a okazja do przeprowadzania test\u00f3w naszych modeli w wymagaj\u0105cym terenie, kt\u00f3re te zdaj\u0105 celuj\u0105co.<\/p>\n<p style=\"text-align: justify;\">Zobacz video z Pozna\u0144 Bike Challenge 2018:<\/p>\n<div class=\"embed-controller-wrapper\">\n<div class=\"embed-wrapper\"><iframe title=\"\u0160koda Pozna\u0144 Bike Challenge 2018 \u2013 zobacz, jak by\u0142o!\" width=\"500\" height=\"281\" data-src=\"https:\/\/www.youtube.com\/embed\/RAvHjtJR_d4?feature=oembed\" frameborder=\"0\" allow=\"accelerometer; autoplay; clipboard-write; encrypted-media; gyroscope; picture-in-picture; web-share\" referrerpolicy=\"strict-origin-when-cross-origin\" allowfullscreen><\/iframe><\/div>\n<\/div>\n<p>Wsp\u00f3\u0142pracujemy z nasz\u0105 czo\u0142ow\u0105 kolark\u0105, Katarzyn\u0105 Niewiadom\u0105, kt\u00f3ra z roku na rok osi\u0105ga coraz wi\u0119ksze sukcesy. Dopingujemy j\u0105 i wspieramy w drodze na szczyt.<br \/>\nWsp\u00f3\u0142pracujemy r\u00f3wnie\u017c z kolarzem szosowym Bartoszem Huzarskim, kt\u00f3ry poleca ciekawe miejsca do odwiedzenia na dw\u00f3ch k\u00f3\u0142kach oraz udziela porad, jak dba\u0107 zar\u00f3wno o sw\u00f3j rower, jak i bezpiecze\u0144stwo podczas jazdy.<\/p>\n<p>Uczymy tak\u017ce najm\u0142odszych bezpiecznej jazdy na rowerze w atrakcyjny dla nich spos\u00f3b \u2013 przy pomocy Rowerowej Planety \u0160kody, kt\u00f3r\u0105 mo\u017cna znale\u017a\u0107 na Robloxie:<\/p>\n<p><a href=\"https:\/\/www.roblox.com\/games\/14177140042\/Rowerowa-Planeta-Skoda\" target=\"_blank\" rel=\"noopener\">https:\/\/www.roblox.com\/games\/14177140042\/Rowerowa-Planeta-Skoda<\/a><\/p>\n<p>Wszystkich, kt\u00f3rych \u0142\u0105czy kolarska pasja, zapraszamy do odwiedzania serwisu WeLoveCycling nap\u0119dzanego przez \u0160kod\u0119. Znajdziecie tu mn\u00f3stwo rowerowych inspiracji, wywiady z ciekawymi lud\u017ami, kolarskie artyku\u0142y i energetyzuj\u0105ce filmiki.<\/p>\n<p>&nbsp;<\/p>\n<p><strong>Skontaktuj si\u0119 z nami:<\/strong><\/p>\n","protected":false},"excerpt":{"rendered":"<p>Serwis WeLoveCycling powsta\u0142 z pasji do rower\u00f3w. We wsp\u00f3\u0142pracy ze \u0160kod\u0105, kt\u00f3ra z kolarstwem jest zwi\u0105zana od samego pocz\u0105tku istnienia, [&hellip;]<\/p>\n","protected":false},"author":1,"featured_media":0,"parent":0,"menu_order":0,"comment_status":"closed","ping_status":"closed","template":"templates\/template-about.php","meta":{"footnotes":""},"tags":[],"class_list":["post-19","page","type-page","status-publish","hentry"],"yoast_head":"<!-- This site is optimized with the Yoast SEO Premium plugin v25.3 (Yoast SEO v25.9) - https:\/\/yoast.com\/wordpress\/plugins\/seo\/ -->\n<title>O nas - \u0160koda We Love Cycling - Poland<\/title>\n<meta name=\"robots\" content=\"index, follow, max-snippet:-1, max-image-preview:large, max-video-preview:-1\" \/>\n<link rel=\"canonical\" href=\"https:\/\/www.welovecycling.com\/pl\/o-nas\/\" \/>\n<meta property=\"og:locale\" content=\"pl_PL\" \/>\n<meta property=\"og:type\" content=\"article\" \/>\n<meta property=\"og:title\" content=\"O nas\" \/>\n<meta property=\"og:description\" content=\"Serwis WeLoveCycling powsta\u0142 z pasji do rower\u00f3w. We wsp\u00f3\u0142pracy ze \u0160kod\u0105, kt\u00f3ra z kolarstwem jest zwi\u0105zana od samego pocz\u0105tku istnienia, [&hellip;]\" \/>\n<meta property=\"og:url\" content=\"https:\/\/www.welovecycling.com\/pl\/o-nas\/\" \/>\n<meta property=\"og:site_name\" content=\"\u0160koda We Love Cycling - Poland\" \/>\n<meta property=\"article:modified_time\" content=\"2024-05-09T12:23:39+00:00\" \/>\n<meta name=\"twitter:card\" content=\"summary_large_image\" \/>\n<meta name=\"twitter:label1\" content=\"Est. reading time\" \/>\n\t<meta name=\"twitter:data1\" content=\"2 minutes\" \/>\n<script type=\"application\/ld+json\" class=\"yoast-schema-graph\">{\"@context\":\"https:\/\/schema.org\",\"@graph\":[{\"@type\":\"WebPage\",\"@id\":\"https:\/\/www.welovecycling.com\/pl\/o-nas\/\",\"url\":\"https:\/\/www.welovecycling.com\/pl\/o-nas\/\",\"name\":\"O nas - \u0160koda We Love Cycling - Poland\",\"isPartOf\":{\"@id\":\"https:\/\/www.welovecycling.com\/pl\/#website\"},\"datePublished\":\"2016-10-24T11:57:36+00:00\",\"dateModified\":\"2024-05-09T12:23:39+00:00\",\"breadcrumb\":{\"@id\":\"https:\/\/www.welovecycling.com\/pl\/o-nas\/#breadcrumb\"},\"inLanguage\":\"pl-PL\",\"potentialAction\":[{\"@type\":\"ReadAction\",\"target\":[\"https:\/\/www.welovecycling.com\/pl\/o-nas\/\"]}]},{\"@type\":\"BreadcrumbList\",\"@id\":\"https:\/\/www.welovecycling.com\/pl\/o-nas\/#breadcrumb\",\"itemListElement\":[{\"@type\":\"ListItem\",\"position\":1,\"name\":\"Home\",\"item\":\"https:\/\/www.welovecycling.com\/pl\/\"},{\"@type\":\"ListItem\",\"position\":2,\"name\":\"O nas\"}]},{\"@type\":\"WebSite\",\"@id\":\"https:\/\/www.welovecycling.com\/pl\/#website\",\"url\":\"https:\/\/www.welovecycling.com\/pl\/\",\"name\":\"\u0160koda We Love Cycling - Poland\",\"description\":\"\",\"potentialAction\":[{\"@type\":\"SearchAction\",\"target\":{\"@type\":\"EntryPoint\",\"urlTemplate\":\"https:\/\/www.welovecycling.com\/pl\/?s={search_term_string}\"},\"query-input\":{\"@type\":\"PropertyValueSpecification\",\"valueRequired\":true,\"valueName\":\"search_term_string\"}}],\"inLanguage\":\"pl-PL\"}]}<\/script>\n<!-- \/ Yoast SEO Premium plugin. -->","yoast_head_json":{"title":"O nas - \u0160koda We Love Cycling - Poland","robots":{"index":"index","follow":"follow","max-snippet":"max-snippet:-1","max-image-preview":"max-image-preview:large","max-video-preview":"max-video-preview:-1"},"canonical":"https:\/\/www.welovecycling.com\/pl\/o-nas\/","og_locale":"pl_PL","og_type":"article","og_title":"O nas","og_description":"Serwis WeLoveCycling powsta\u0142 z pasji do rower\u00f3w. We wsp\u00f3\u0142pracy ze \u0160kod\u0105, kt\u00f3ra z kolarstwem jest zwi\u0105zana od samego pocz\u0105tku istnienia, [&hellip;]","og_url":"https:\/\/www.welovecycling.com\/pl\/o-nas\/","og_site_name":"\u0160koda We Love Cycling - Poland","article_modified_time":"2024-05-09T12:23:39+00:00","twitter_card":"summary_large_image","twitter_misc":{"Est. reading time":"2 minutes"},"schema":{"@context":"https:\/\/schema.org","@graph":[{"@type":"WebPage","@id":"https:\/\/www.welovecycling.com\/pl\/o-nas\/","url":"https:\/\/www.welovecycling.com\/pl\/o-nas\/","name":"O nas - \u0160koda We Love Cycling - Poland","isPartOf":{"@id":"https:\/\/www.welovecycling.com\/pl\/#website"},"datePublished":"2016-10-24T11:57:36+00:00","dateModified":"2024-05-09T12:23:39+00:00","breadcrumb":{"@id":"https:\/\/www.welovecycling.com\/pl\/o-nas\/#breadcrumb"},"inLanguage":"pl-PL","potentialAction":[{"@type":"ReadAction","target":["https:\/\/www.welovecycling.com\/pl\/o-nas\/"]}]},{"@type":"BreadcrumbList","@id":"https:\/\/www.welovecycling.com\/pl\/o-nas\/#breadcrumb","itemListElement":[{"@type":"ListItem","position":1,"name":"Home","item":"https:\/\/www.welovecycling.com\/pl\/"},{"@type":"ListItem","position":2,"name":"O nas"}]},{"@type":"WebSite","@id":"https:\/\/www.welovecycling.com\/pl\/#website","url":"https:\/\/www.welovecycling.com\/pl\/","name":"\u0160koda We Love Cycling - Poland","description":"","potentialAction":[{"@type":"SearchAction","target":{"@type":"EntryPoint","urlTemplate":"https:\/\/www.welovecycling.com\/pl\/?s={search_term_string}"},"query-input":{"@type":"PropertyValueSpecification","valueRequired":true,"valueName":"search_term_string"}}],"inLanguage":"pl-PL"}]}},"_links":{"self":[{"href":"https:\/\/www.welovecycling.com\/pl\/wp-json\/wp\/v2\/pages\/19","targetHints":{"allow":["GET"]}}],"collection":[{"href":"https:\/\/www.welovecycling.com\/pl\/wp-json\/wp\/v2\/pages"}],"about":[{"href":"https:\/\/www.welovecycling.com\/pl\/wp-json\/wp\/v2\/types\/page"}],"author":[{"embeddable":true,"href":"https:\/\/www.welovecycling.com\/pl\/wp-json\/wp\/v2\/users\/1"}],"replies":[{"embeddable":true,"href":"https:\/\/www.welovecycling.com\/pl\/wp-json\/wp\/v2\/comments?post=19"}],"version-history":[{"count":4,"href":"https:\/\/www.welovecycling.com\/pl\/wp-json\/wp\/v2\/pages\/19\/revisions"}],"predecessor-version":[{"id":14704,"href":"https:\/\/www.welovecycling.com\/pl\/wp-json\/wp\/v2\/pages\/19\/revisions\/14704"}],"wp:attachment":[{"href":"https:\/\/www.welovecycling.com\/pl\/wp-json\/wp\/v2\/media?parent=19"}],"wp:term":[{"taxonomy":"post_tag","embeddable":true,"href":"https:\/\/www.welovecycling.com\/pl\/wp-json\/wp\/v2\/tags?post=19"}],"curies":[{"name":"wp","href":"https:\/\/api.w.org\/{rel}","templated":true}]}}