{"id":16367,"date":"2025-09-03T07:37:04","date_gmt":"2025-09-03T07:37:04","guid":{"rendered":"https:\/\/www.welovecycling.com\/pl\/?page_id=16367"},"modified":"2025-10-01T07:06:22","modified_gmt":"2025-10-01T07:06:22","slug":"terms","status":"publish","type":"page","link":"https:\/\/www.welovecycling.com\/pl\/130-anniversary\/terms\/","title":{"rendered":"Terms"},"content":{"rendered":"<p><span data-contrast=\"auto\">Niniejszy regulamin okre\u015bla zasady \u201eKonkursu \u0160koda 130 lat\u201d (dalej \u201eKonkurs\u201d) i jest jedynym dokumentem, kt\u00f3ry w pe\u0142ni i wi\u0105\u017c\u0105co reguluje zasady tego konkursu.<\/span><span data-ccp-props=\"{&quot;335559731&quot;:720}\">\u00a0<\/span><\/p>\n<p aria-level=\"2\"><span data-contrast=\"auto\">Organizator i podmiot realizuj\u0105cy<\/span><span data-ccp-props=\"{&quot;134245418&quot;:true,&quot;134245529&quot;:true,&quot;335559738&quot;:360,&quot;335559739&quot;:120}\">\u00a0<\/span><\/p>\n<p><span data-contrast=\"auto\">Organizatorem Konkursu jest \u0160koda Auto a.s., sp\u00f3\u0142ka akcyjna z siedzib\u0105 t\u0159. V\u00e1clava Klementa 869, 293 01 Mlad\u00e1 Boleslav, Republika Czeska, numer identyfikacyjny 00177041, wpisana do rejestru handlowego prowadzonego przez S\u0105d Miejski w Pradze, wydzia\u0142 B, numer wpisu 332 (dalej \u201eOrganizator\u201d).<\/span><span data-ccp-props=\"{}\">\u00a0<\/span><\/p>\n<p><span data-contrast=\"auto\">Podmiotem odpowiedzialnym za praktyczn\u0105 realizacj\u0119 Konkursu jest MUSTARD s.r.o., z siedzib\u0105 Praha 1 \u2013 Nov\u00e9 M\u011bsto, Masarykovo n\u00e1b\u0159. 246, 110 00, Republika Czeska, numer identyfikacyjny 28531418, wpisana do rejestru handlowego prowadzonego przez S\u0105d Miejski w Pradze, wydzia\u0142 C, numer wpisu 148383 (dalej \u201eRealizator\u201d).<\/span><span data-ccp-props=\"{}\">\u00a0<\/span><\/p>\n<p aria-level=\"2\"><span data-contrast=\"auto\">Warunki, miejsce i czas trwania Konkursu<\/span><span data-ccp-props=\"{&quot;134245418&quot;:true,&quot;134245529&quot;:true,&quot;335559738&quot;:360,&quot;335559739&quot;:120}\">\u00a0<\/span><\/p>\n<ul>\n<li aria-setsize=\"-1\" data-leveltext=\"\u25cf\" data-font=\"\" data-listid=\"2\" data-list-defn-props=\"{&quot;335552541&quot;:1,&quot;335559685&quot;:720,&quot;335559991&quot;:360,&quot;469769242&quot;:[8226],&quot;469777803&quot;:&quot;left&quot;,&quot;469777804&quot;:&quot;\u25cf&quot;,&quot;469777815&quot;:&quot;multilevel&quot;}\" data-aria-posinset=\"1\" data-aria-level=\"1\"><span data-contrast=\"auto\">Okres trwania Konkursu \u2013 <\/span><span data-contrast=\"none\">00:01 (CET) 19.9. 2025 to 23:59 (CET) 19.12. 2025<\/span><span data-ccp-props=\"{}\">\u00a0<\/span><\/li>\n<\/ul>\n<p><span data-ccp-props=\"{}\">\u00a0<\/span><\/p>\n<p><span data-contrast=\"auto\">Konkurs odbywa si\u0119 na stronie internetowej\u202fwww.welovecycling.com\u202f(dalej \u201eStrona Konkursowa\u201d), kt\u00f3ra stanowi g\u0142\u00f3wny kana\u0142 komunikacji z uczestnikami.<\/span><span data-ccp-props=\"{}\">\u00a0<\/span><\/p>\n<p aria-level=\"2\"><span data-contrast=\"auto\">Uczestnicy Konkursu<\/span><span data-ccp-props=\"{&quot;134245418&quot;:true,&quot;134245529&quot;:true,&quot;335559738&quot;:360,&quot;335559739&quot;:120}\">\u00a0<\/span><\/p>\n<p><span data-contrast=\"auto\">W Konkursie mo\u017ce wzi\u0105\u0107 udzia\u0142 ka\u017cda osoba fizyczna, kt\u00f3ra uko\u0144czy\u0142a 18 lat i mieszka w jednym z kraj\u00f3w uczestnicz\u0105cych w Konkursie.<\/span><br \/>\n<span data-contrast=\"auto\">Konkurs odbywa si\u0119 w nast\u0119puj\u0105cych krajach: ANDORA, AUSTRALIA, AUSTRIA, BELGIA, BO\u015aNIA, BU\u0141GARIA, CHORWACJA, CZECHY, DANIA, ESTONIA, FINLANDIA, FRANCJA, NIEMCY, WIELKA BRYTANIA, GRECJA, W\u0118GRY, ISLANDIA, IRLANDIA, W\u0141OCHY, \u0141OTWA, LIECHTENSTEIN, LITWA, LUKSEMBURG, CZARNOG\u00d3RA, HOLANDIA, NORWEGIA, POLSKA, PORTUGALIA, RUMUNIA, SERBIA, S\u0141OWACJA, S\u0141OWENIA, HISZPANIA, SZWECJA, SZWAJCARIA, UKRAINA.<\/span><span data-ccp-props=\"{}\">\u00a0<\/span><\/p>\n<p><span data-contrast=\"auto\">Aby wzi\u0105\u0107 udzia\u0142 w Konkursie, nale\u017cy zarejestrowa\u0107 si\u0119 na Stronie Konkursowej w trakcie trwania Konkursu i bezwarunkowo zaakceptowa\u0107 niniejszy regulamin.<\/span><br \/>\n<span data-contrast=\"auto\">Cz\u0119\u015bci\u0105 rejestracji (formularza) jest podanie danych osobowych \u2013 adresu e-mail, kt\u00f3ry b\u0119dzie u\u017cywany wy\u0142\u0105cznie w celu przeprowadzenia Konkursu.<\/span><span data-ccp-props=\"{}\">\u00a0<\/span><\/p>\n<p><span data-contrast=\"auto\">Ka\u017cdy uczestnik mo\u017ce zarejestrowa\u0107 si\u0119 tylko raz i tylko przy u\u017cyciu w\u0142asnego adresu e-mail. Organizator zastrzega sobie prawo do weryfikacji przestrzegania tego przepisu za pomoc\u0105 \u015brodk\u00f3w technicznych i organizacyjnych.<\/span><span data-ccp-props=\"{}\">\u00a0<\/span><\/p>\n<p><span data-contrast=\"auto\">Osoby zaanga\u017cowane w przygotowanie Konkursu, w szczeg\u00f3lno\u015bci pracownicy Organizatora lub Realizatora, a tak\u017ce osoby zwi\u0105zane z autoryzowanymi partnerami \u0160koda lub agencjami odpowiedzialnymi za przeprowadzenie Konkursu, jak r\u00f3wnie\u017c ich cz\u0142onkowie rodzin i osoby bliskie, s\u0105 wykluczeni z udzia\u0142u.<\/span><span data-ccp-props=\"{}\">\u00a0<\/span><\/p>\n<p aria-level=\"2\"><span data-contrast=\"auto\">Mechanizm Konkursu i wyb\u00f3r zwyci\u0119zc\u00f3<\/span><span data-ccp-props=\"{&quot;134245418&quot;:true,&quot;134245529&quot;:true,&quot;335559738&quot;:360,&quot;335559739&quot;:120}\">\u00a0<\/span><\/p>\n<p><span data-contrast=\"auto\">Zadaniem uczestnik\u00f3w jest odpowied\u017a na trzy pytania konkursowe.<\/span><br \/>\n<span data-contrast=\"auto\">Wszyscy uczestnicy, kt\u00f3rzy prawid\u0142owo odpowiedz\u0105 na wszystkie trzy pytania i zarejestruj\u0105 si\u0119 na stronie We Love Cycling, wezm\u0105 udzia\u0142 w losowaniu nagr\u00f3d.<\/span><span data-ccp-props=\"{}\">\u00a0<\/span><\/p>\n<p><span data-contrast=\"auto\">Nagrody zostan\u0105 przyznane uczestnikom, kt\u00f3rych prawid\u0142owe odpowiedzi znajd\u0105 si\u0119 na nast\u0119puj\u0105cych pozycjach w og\u00f3lnej li\u015bcie uczestnik\u00f3w: 1\/11, 2\/11, 3\/11, 4\/11, 5\/11, 6\/11, 7\/11, 8\/11, 9\/11 oraz 10\/11.<\/span><br \/>\n<span data-contrast=\"auto\">Je\u017celi ca\u0142kowita liczba uczestnik\u00f3w nie jest podzielna przez 11, zostanie ona zaokr\u0105glona w d\u00f3\u0142 do najbli\u017cszej liczby ca\u0142kowitej podzielnej przez 11.<\/span><span data-ccp-props=\"{}\">\u00a0<\/span><\/p>\n<p><span data-contrast=\"auto\">Lista uczestnik\u00f3w zostanie uporz\u0105dkowana chronologicznie wed\u0142ug czasu przes\u0142ania odpowiedzi.<\/span><br \/>\n<span data-contrast=\"auto\">Uczestnicy znajduj\u0105cy si\u0119 na powy\u017cszych pozycjach zostaj\u0105 zwyci\u0119zcami.<\/span><span data-ccp-props=\"{}\">\u00a0<\/span><\/p>\n<p><span data-contrast=\"auto\">Organizator poinformuje zwyci\u0119zc\u00f3w za po\u015brednictwem adresu e-mail podanego podczas rejestracji, w ci\u0105gu pi\u0119ciu dni po zako\u0144czeniu danego okresu Konkursu, i poprosi ich o podanie danych niezb\u0119dnych do przekazania lub wys\u0142ania nagrody.<\/span><br \/>\n<span data-contrast=\"auto\">Je\u017celi zwyci\u0119zca nie odpowie, nawet po ponownym wys\u0142aniu wiadomo\u015bci, lub nie przeka\u017ce wymaganych danych w ci\u0105gu 24 godzin, traci prawo do nagrody bez prawa do rekompensaty.<\/span><span data-ccp-props=\"{}\">\u00a0<\/span><\/p>\n<p aria-level=\"2\"><span data-contrast=\"auto\">Opis nagr\u00f3d<\/span><span data-ccp-props=\"{&quot;134245418&quot;:true,&quot;134245529&quot;:true,&quot;335559738&quot;:360,&quot;335559739&quot;:120}\">\u00a0<\/span><\/p>\n<ul>\n<li aria-setsize=\"-1\" data-leveltext=\"\u25cf\" data-font=\"Arial\" data-listid=\"1\" data-list-defn-props=\"{&quot;335551500&quot;:2236962,&quot;335552541&quot;:1,&quot;335559685&quot;:720,&quot;335559991&quot;:360,&quot;469769226&quot;:&quot;Arial&quot;,&quot;469769242&quot;:[8226],&quot;469777803&quot;:&quot;left&quot;,&quot;469777804&quot;:&quot;\u25cf&quot;,&quot;469777815&quot;:&quot;multilevel&quot;}\" data-aria-posinset=\"1\" data-aria-level=\"1\"><span data-contrast=\"none\">10x Koszulka retro \u0160koda<\/span><span data-ccp-props=\"{&quot;335559738&quot;:200,&quot;335559739&quot;:200}\">\u00a0<\/span><\/li>\n<\/ul>\n<p><span data-contrast=\"auto\">Ze wzgl\u0119du na mo\u017cliwe op\u00f3\u017anienia w dost\u0119pno\u015bci cz\u0119\u015bci, dostawa rower\u00f3w jako nagr\u00f3d mo\u017ce potrwa\u0107 do o\u015bmiu miesi\u0119cy. Op\u00f3\u017anienia te wynikaj\u0105 z czynnik\u00f3w pozostaj\u0105cych poza nasz\u0105 bezpo\u015bredni\u0105 kontrol\u0105, takich jak trudno\u015bci z zaopatrzeniem w niezb\u0119dne komponenty.<\/span><span data-ccp-props=\"{}\">\u00a0<\/span><\/p>\n<p aria-level=\"2\"><span data-contrast=\"auto\">Informacje o przetwarzaniu danych osobowych<\/span><span data-ccp-props=\"{&quot;134245418&quot;:true,&quot;134245529&quot;:true,&quot;335559738&quot;:360,&quot;335559739&quot;:120}\">\u00a0<\/span><\/p>\n<p><span data-contrast=\"auto\">Organizator jest administratorem danych osobowych w rozumieniu Og\u00f3lnego Rozporz\u0105dzenia o Ochronie Danych (RODO, Rozporz\u0105dzenie (UE) 2016\/679) i informuje Ci\u0119 o przetwarzaniu danych osobowych oraz Twoich prawach.<\/span><span data-ccp-props=\"{}\">\u00a0<\/span><\/p>\n<p><span data-contrast=\"auto\">Przetwarzanie odbywa si\u0119 w ramach nast\u0119puj\u0105cej dzia\u0142alno\u015bci:<\/span><span data-ccp-props=\"{}\">\u00a0<\/span><\/p>\n<p><span data-contrast=\"auto\">\u2013 Organizacja konkurs\u00f3w i zapewnienie uczciwej oceny w ramach Konkursu.<\/span><span data-ccp-props=\"{}\">\u00a0<\/span><\/p>\n<p><span data-contrast=\"auto\">Podstawa prawna przetwarzania:<\/span><br \/>\n<span data-contrast=\"auto\">Twoje dane osobowe s\u0105 przetwarzane na podstawie realizacji umowy (niniejsze zasady Konkursu).<\/span><span data-ccp-props=\"{}\">\u00a0<\/span><\/p>\n<p><span data-contrast=\"auto\">Kategorie przetwarzanych danych osobowych:<\/span><br \/>\n<span data-contrast=\"auto\">Dane identyfikacyjne, dane kontaktowe, informacje o komunikacji i interakcjach.<\/span><span data-ccp-props=\"{}\">\u00a0<\/span><\/p>\n<p><span data-contrast=\"auto\">Okres przechowywania danych:<\/span><br \/>\n<span data-contrast=\"auto\">Dane osobowe s\u0105 przetwarzane przez okres jednego roku po zako\u0144czeniu Konkursu.<\/span><span data-ccp-props=\"{}\">\u00a0<\/span><\/p>\n<p><span data-contrast=\"auto\">Kategorie podmiot\u00f3w przetwarzaj\u0105cych dane lub odbiorc\u00f3w, kt\u00f3rym dane mog\u0105 zosta\u0107 przekazane:<\/span><br \/>\n<span data-contrast=\"auto\">Podmiotem przetwarzaj\u0105cym dane jest MUSTARD s.r.o., Praha 1 \u2013 Nov\u00e9 M\u011bsto, Masarykovo n\u00e1b\u0159. 246, 110 00, Republika Czeska, numer identyfikacyjny 28531418.<\/span><br \/>\n<span data-contrast=\"auto\">Na \u017c\u0105danie Twoje dane osobowe mog\u0105 zosta\u0107 przekazane organom publicznym, w szczeg\u00f3lno\u015bci s\u0105dom, Policji Czeskiej oraz innym organom \u015bcigania, o ile jest to konieczne i zgodne z prawem.<\/span><span data-ccp-props=\"{}\">\u00a0<\/span><\/p>\n<p><span data-contrast=\"auto\">\u0179r\u00f3d\u0142o danych osobowych:<\/span><br \/>\n<span data-contrast=\"auto\">Dane s\u0105 uzyskiwane bezpo\u015brednio od Ciebie.<\/span><span data-ccp-props=\"{}\">\u00a0<\/span><\/p>\n<p><span data-contrast=\"auto\">Przekazywanie danych osobowych do pa\u0144stw trzecich lub organizacji mi\u0119dzynarodowych:<\/span><br \/>\n<span data-contrast=\"auto\">Twoje dane osobowe nie s\u0105 przekazywane do pa\u0144stw trzecich ani organizacji mi\u0119dzynarodowych.<\/span><span data-ccp-props=\"{}\">\u00a0<\/span><\/p>\n<p><span data-contrast=\"auto\">Zautomatyzowane podejmowanie decyzji:<\/span><br \/>\n<span data-contrast=\"auto\">W ramach przetwarzania danych osobowych nie s\u0105 podejmowane zautomatyzowane decyzje.<\/span><span data-ccp-props=\"{}\">\u00a0<\/span><\/p>\n<p><span data-contrast=\"auto\">Dodatkowe informacje<\/span><span data-ccp-props=\"{}\">\u00a0<\/span><\/p>\n<p><span data-contrast=\"auto\">Dane osobowe mog\u0105 by\u0107 archiwizowane w interesie publicznym i wykorzystywane do cel\u00f3w bada\u0144 naukowych, historycznych lub statystycznych.<\/span><br \/>\n<span data-contrast=\"auto\">W uzasadnionych przypadkach dane osobowe mog\u0105 by\u0107 r\u00f3wnie\u017c przetwarzane w celu rozwi\u0105zania kwestii prawnych, w tym wype\u0142niania zobowi\u0105za\u0144 wobec organ\u00f3w publicznych oraz oceny ryzyka prawnego.<\/span><span data-ccp-props=\"{}\">\u00a0<\/span><\/p>\n<p><span data-contrast=\"auto\">Twoje prawa zwi\u0105zane z przetwarzaniem danych osobowych:<\/span><br \/>\n<span data-contrast=\"auto\">Prawo dost\u0119pu do danych, prawo do sprostowania nieprawid\u0142owych lub niekompletnych danych, prawo do usuni\u0119cia danych w przypadku ustania celu lub bezprawnego przetwarzania, prawo do ograniczenia przetwarzania, prawo do przenoszenia danych w ustrukturyzowanym, mo\u017cliwym do odczytu maszynowego formacie oraz prawo do tego, by nie podlega\u0107 zautomatyzowanym decyzjom.<\/span><span data-ccp-props=\"{}\">\u00a0<\/span><\/p>\n<p><span data-contrast=\"auto\">W celu skorzystania ze swoich praw mo\u017cesz u\u017cy\u0107 nast\u0119puj\u0105cych kana\u0142\u00f3w:<\/span><span data-ccp-props=\"{}\">\u00a0<\/span><\/p>\n<p><span data-contrast=\"auto\">\u2013 Elektronicznie:\u202f<\/span><a href=\"https:\/\/www.skoda-auto.com\/data-privacy\"><span data-contrast=\"none\">https:\/\/www.skoda-auto.com\/data-privacy<\/span><\/a><br \/>\n<span data-contrast=\"auto\">\u2013 Poczt\u0105: \u0160koda Auto a.s., Data Protection Office, t\u0159. V\u00e1clava Klementa 869, Mlad\u00e1 Boleslav II, CZ 293 01 Mlad\u00e1 Boleslav, Republika Czeska (w j\u0119zyku angielskim lub czeskim).<\/span><span data-ccp-props=\"{}\">\u00a0<\/span><\/p>\n<p><span data-contrast=\"auto\">Je\u015bli masz pytania dotycz\u0105ce ochrony danych osobowych, mo\u017cesz skontaktowa\u0107 si\u0119 z inspektorem ochrony danych \u0160koda Auto:<\/span><br \/>\n<span data-contrast=\"auto\">\u2013\u202fdpo@skoda-auto.cz<\/span><span data-ccp-props=\"{}\">\u00a0<\/span><\/p>\n<p><span data-contrast=\"auto\">Je\u017celi nie zgadzasz si\u0119 ze sposobem przetwarzania Twoich danych osobowych, mo\u017cesz z\u0142o\u017cy\u0107 skarg\u0119 do inspektora ochrony danych \u0160koda Auto lub do organu nadzorczego:<\/span><br \/>\n<span data-contrast=\"auto\">Urz\u0105d Ochrony Danych Osobowych, Pplk. Sochora 27, 170 00 Praga 7, +420 234 665 111,\u202f<\/span><a href=\"https:\/\/www.uoou.cz\/en\"><span data-contrast=\"none\">https:\/\/www.uoou.cz\/en<\/span><\/a><span data-ccp-props=\"{}\">\u00a0<\/span><\/p>\n<p aria-level=\"2\"><span data-contrast=\"auto\">Pozosta\u0142e warunki<\/span><span data-ccp-props=\"{&quot;134245418&quot;:true,&quot;134245529&quot;:true,&quot;335559738&quot;:360,&quot;335559739&quot;:120}\">\u00a0<\/span><\/p>\n<p><span data-contrast=\"auto\">Organizator okre\u015bla dok\u0142adne specyfikacje nagr\u00f3d.<\/span><br \/>\n<span data-contrast=\"auto\">Wizerunki nagr\u00f3d w materia\u0142ach promocyjnych maj\u0105 charakter wy\u0142\u0105cznie pogl\u0105dowy.<\/span><br \/>\n<span data-contrast=\"auto\">Organizator nie ponosi odpowiedzialno\u015bci za szkody wynik\u0142e z u\u017cywania nagrody.<\/span><span data-ccp-props=\"{}\">\u00a0<\/span><\/p>\n<p><span data-contrast=\"auto\">Uczestnicy nie maj\u0105 prawa do \u017c\u0105dania wyp\u0142aty got\u00f3wki ani \u017cadnej innej rekompensaty w zamian za nagrod\u0119.<\/span><br \/>\n<span data-contrast=\"auto\">Organizator nie jest zobowi\u0105zany do \u015bwiadczenia innych us\u0142ug ni\u017c wyra\u017anie okre\u015blone w niniejszym regulaminie.<\/span><span data-ccp-props=\"{}\">\u00a0<\/span><\/p>\n<p><span data-contrast=\"auto\">Organizator nie ponosi odpowiedzialno\u015bci za bezpo\u015brednie ani po\u015brednie szkody zwi\u0105zane z udzia\u0142em w Konkursie.<\/span><br \/>\n<span data-contrast=\"auto\">Uczestnik przyjmuje do wiadomo\u015bci, \u017ce Organizator nie ponosi odpowiedzialno\u015bci za ryzyka ani zobowi\u0105zania zwi\u0105zane z nagrod\u0105.<\/span><br \/>\n<span data-contrast=\"auto\">Wyniki Konkursu s\u0105 ostateczne i nie podlegaj\u0105 zaskar\u017ceniu przez uczestnik\u00f3w ani zwyci\u0119zc\u00f3w.<\/span><span data-ccp-props=\"{}\">\u00a0<\/span><\/p>\n<p><span data-contrast=\"auto\">Organizator mo\u017ce wykluczy\u0107 uczestnika z Konkursu, je\u015bli stwierdzi lub ma uzasadnione podejrzenie, \u017ce uczestnik lub osoby mu pomagaj\u0105ce dzia\u0142a\u0142y w spos\u00f3b oszuka\u0144czy lub nieuczciwy w celu uzyskania nagrody wbrew zasadom.<\/span><span data-ccp-props=\"{}\">\u00a0<\/span><\/p>\n<p><span data-contrast=\"auto\">Organizator nie ponosi odpowiedzialno\u015bci za niedor\u0119czone wiadomo\u015bci ani nagrody.<\/span><br \/>\n<span data-contrast=\"auto\">Organizator nie odpowiada za b\u0142\u0119dy spowodowane problemami technicznymi lub komunikacyjnymi.<\/span><br \/>\n<span data-contrast=\"auto\">Organizator podejmuje ostateczn\u0105 decyzj\u0119 we wszystkich skargach i sprzeciwach.<\/span><br \/>\n<span data-contrast=\"auto\">Organizator zastrzega sobie prawo do skr\u00f3cenia, prze\u0142o\u017cenia, zawieszenia lub anulowania Konkursu bez odszkodowania, jak r\u00f3wnie\u017c do jednostronnej zmiany lub uzupe\u0142nienia niniejszych zasad, publikuj\u0105c takie zmiany na wy\u017cej wskazanej stronie, gdzie dost\u0119pna jest aktualna i pe\u0142na wersja regulaminu.<\/span><span data-ccp-props=\"{}\">\u00a0<\/span><\/p>\n<p><span data-contrast=\"auto\">Konkurs podlega prawu Republiki Czeskiej.<\/span><span data-ccp-props=\"{}\">\u00a0<\/span><\/p>\n","protected":false},"excerpt":{"rendered":"<p>Niniejszy regulamin okre\u015bla zasady \u201eKonkursu \u0160koda 130 lat\u201d (dalej \u201eKonkurs\u201d) i jest jedynym dokumentem, kt\u00f3ry w pe\u0142ni i wi\u0105\u017c\u0105co reguluje [&hellip;]<\/p>\n","protected":false},"author":199,"featured_media":0,"parent":16363,"menu_order":0,"comment_status":"closed","ping_status":"closed","template":"templates\/template-empty-page-headline.php","meta":{"footnotes":""},"tags":[],"class_list":["post-16367","page","type-page","status-publish","hentry"],"yoast_head":"<!-- This site is optimized with the Yoast SEO Premium plugin v25.3 (Yoast SEO v25.9) - https:\/\/yoast.com\/wordpress\/plugins\/seo\/ -->\n<title>Terms - \u0160koda We Love Cycling - Poland<\/title>\n<meta name=\"robots\" content=\"index, follow, max-snippet:-1, max-image-preview:large, max-video-preview:-1\" \/>\n<link rel=\"canonical\" href=\"https:\/\/www.welovecycling.com\/pl\/130-anniversary\/terms\/\" \/>\n<meta property=\"og:locale\" content=\"pl_PL\" \/>\n<meta property=\"og:type\" content=\"article\" \/>\n<meta property=\"og:title\" content=\"Terms\" \/>\n<meta property=\"og:description\" content=\"Niniejszy regulamin okre\u015bla zasady \u201eKonkursu \u0160koda 130 lat\u201d (dalej \u201eKonkurs\u201d) i jest jedynym dokumentem, kt\u00f3ry w pe\u0142ni i wi\u0105\u017c\u0105co reguluje [&hellip;]\" \/>\n<meta property=\"og:url\" content=\"https:\/\/www.welovecycling.com\/pl\/130-anniversary\/terms\/\" \/>\n<meta property=\"og:site_name\" content=\"\u0160koda We Love Cycling - Poland\" \/>\n<meta property=\"article:modified_time\" content=\"2025-10-01T07:06:22+00:00\" \/>\n<meta name=\"twitter:card\" content=\"summary_large_image\" \/>\n<meta name=\"twitter:label1\" content=\"Est. reading time\" \/>\n\t<meta name=\"twitter:data1\" content=\"6 minutes\" \/>\n<script type=\"application\/ld+json\" class=\"yoast-schema-graph\">{\"@context\":\"https:\/\/schema.org\",\"@graph\":[{\"@type\":\"WebPage\",\"@id\":\"https:\/\/www.welovecycling.com\/pl\/130-anniversary\/terms\/\",\"url\":\"https:\/\/www.welovecycling.com\/pl\/130-anniversary\/terms\/\",\"name\":\"Terms - \u0160koda We Love Cycling - Poland\",\"isPartOf\":{\"@id\":\"https:\/\/www.welovecycling.com\/pl\/#website\"},\"datePublished\":\"2025-09-03T07:37:04+00:00\",\"dateModified\":\"2025-10-01T07:06:22+00:00\",\"breadcrumb\":{\"@id\":\"https:\/\/www.welovecycling.com\/pl\/130-anniversary\/terms\/#breadcrumb\"},\"inLanguage\":\"pl-PL\",\"potentialAction\":[{\"@type\":\"ReadAction\",\"target\":[\"https:\/\/www.welovecycling.com\/pl\/130-anniversary\/terms\/\"]}]},{\"@type\":\"BreadcrumbList\",\"@id\":\"https:\/\/www.welovecycling.com\/pl\/130-anniversary\/terms\/#breadcrumb\",\"itemListElement\":[{\"@type\":\"ListItem\",\"position\":1,\"name\":\"Home\",\"item\":\"https:\/\/www.welovecycling.com\/pl\/\"},{\"@type\":\"ListItem\",\"position\":2,\"name\":\"\u0160koda i Kolarstwo\",\"item\":\"https:\/\/www.welovecycling.com\/pl\/130-anniversary\/\"},{\"@type\":\"ListItem\",\"position\":3,\"name\":\"Terms\"}]},{\"@type\":\"WebSite\",\"@id\":\"https:\/\/www.welovecycling.com\/pl\/#website\",\"url\":\"https:\/\/www.welovecycling.com\/pl\/\",\"name\":\"\u0160koda We Love Cycling - Poland\",\"description\":\"\",\"potentialAction\":[{\"@type\":\"SearchAction\",\"target\":{\"@type\":\"EntryPoint\",\"urlTemplate\":\"https:\/\/www.welovecycling.com\/pl\/?s={search_term_string}\"},\"query-input\":{\"@type\":\"PropertyValueSpecification\",\"valueRequired\":true,\"valueName\":\"search_term_string\"}}],\"inLanguage\":\"pl-PL\"}]}<\/script>\n<!-- \/ Yoast SEO Premium plugin. -->","yoast_head_json":{"title":"Terms - \u0160koda We Love Cycling - Poland","robots":{"index":"index","follow":"follow","max-snippet":"max-snippet:-1","max-image-preview":"max-image-preview:large","max-video-preview":"max-video-preview:-1"},"canonical":"https:\/\/www.welovecycling.com\/pl\/130-anniversary\/terms\/","og_locale":"pl_PL","og_type":"article","og_title":"Terms","og_description":"Niniejszy regulamin okre\u015bla zasady \u201eKonkursu \u0160koda 130 lat\u201d (dalej \u201eKonkurs\u201d) i jest jedynym dokumentem, kt\u00f3ry w pe\u0142ni i wi\u0105\u017c\u0105co reguluje [&hellip;]","og_url":"https:\/\/www.welovecycling.com\/pl\/130-anniversary\/terms\/","og_site_name":"\u0160koda We Love Cycling - Poland","article_modified_time":"2025-10-01T07:06:22+00:00","twitter_card":"summary_large_image","twitter_misc":{"Est. reading time":"6 minutes"},"schema":{"@context":"https:\/\/schema.org","@graph":[{"@type":"WebPage","@id":"https:\/\/www.welovecycling.com\/pl\/130-anniversary\/terms\/","url":"https:\/\/www.welovecycling.com\/pl\/130-anniversary\/terms\/","name":"Terms - \u0160koda We Love Cycling - Poland","isPartOf":{"@id":"https:\/\/www.welovecycling.com\/pl\/#website"},"datePublished":"2025-09-03T07:37:04+00:00","dateModified":"2025-10-01T07:06:22+00:00","breadcrumb":{"@id":"https:\/\/www.welovecycling.com\/pl\/130-anniversary\/terms\/#breadcrumb"},"inLanguage":"pl-PL","potentialAction":[{"@type":"ReadAction","target":["https:\/\/www.welovecycling.com\/pl\/130-anniversary\/terms\/"]}]},{"@type":"BreadcrumbList","@id":"https:\/\/www.welovecycling.com\/pl\/130-anniversary\/terms\/#breadcrumb","itemListElement":[{"@type":"ListItem","position":1,"name":"Home","item":"https:\/\/www.welovecycling.com\/pl\/"},{"@type":"ListItem","position":2,"name":"\u0160koda i Kolarstwo","item":"https:\/\/www.welovecycling.com\/pl\/130-anniversary\/"},{"@type":"ListItem","position":3,"name":"Terms"}]},{"@type":"WebSite","@id":"https:\/\/www.welovecycling.com\/pl\/#website","url":"https:\/\/www.welovecycling.com\/pl\/","name":"\u0160koda We Love Cycling - Poland","description":"","potentialAction":[{"@type":"SearchAction","target":{"@type":"EntryPoint","urlTemplate":"https:\/\/www.welovecycling.com\/pl\/?s={search_term_string}"},"query-input":{"@type":"PropertyValueSpecification","valueRequired":true,"valueName":"search_term_string"}}],"inLanguage":"pl-PL"}]}},"_links":{"self":[{"href":"https:\/\/www.welovecycling.com\/pl\/wp-json\/wp\/v2\/pages\/16367","targetHints":{"allow":["GET"]}}],"collection":[{"href":"https:\/\/www.welovecycling.com\/pl\/wp-json\/wp\/v2\/pages"}],"about":[{"href":"https:\/\/www.welovecycling.com\/pl\/wp-json\/wp\/v2\/types\/page"}],"author":[{"embeddable":true,"href":"https:\/\/www.welovecycling.com\/pl\/wp-json\/wp\/v2\/users\/199"}],"replies":[{"embeddable":true,"href":"https:\/\/www.welovecycling.com\/pl\/wp-json\/wp\/v2\/comments?post=16367"}],"version-history":[{"count":1,"href":"https:\/\/www.welovecycling.com\/pl\/wp-json\/wp\/v2\/pages\/16367\/revisions"}],"predecessor-version":[{"id":16368,"href":"https:\/\/www.welovecycling.com\/pl\/wp-json\/wp\/v2\/pages\/16367\/revisions\/16368"}],"up":[{"embeddable":true,"href":"https:\/\/www.welovecycling.com\/pl\/wp-json\/wp\/v2\/pages\/16363"}],"wp:attachment":[{"href":"https:\/\/www.welovecycling.com\/pl\/wp-json\/wp\/v2\/media?parent=16367"}],"wp:term":[{"taxonomy":"post_tag","embeddable":true,"href":"https:\/\/www.welovecycling.com\/pl\/wp-json\/wp\/v2\/tags?post=16367"}],"curies":[{"name":"wp","href":"https:\/\/api.w.org\/{rel}","templated":true}]}}