{"id":16363,"date":"2025-09-03T07:34:24","date_gmt":"2025-09-03T07:34:24","guid":{"rendered":"https:\/\/www.welovecycling.com\/pl\/?page_id=16363"},"modified":"2026-01-07T09:57:44","modified_gmt":"2026-01-07T09:57:44","slug":"130-anniversary","status":"publish","type":"page","link":"https:\/\/www.welovecycling.com\/pl\/130-anniversary\/","title":{"rendered":"\u0160koda i Kolarstwo"},"content":{"rendered":"","protected":false},"excerpt":{"rendered":"","protected":false},"author":199,"featured_media":16372,"parent":0,"menu_order":0,"comment_status":"closed","ping_status":"closed","template":"\/var\/www\/html\/web\/app\/plugins\/avenga-130-years\/templates\/template-hijack.php","meta":{"footnotes":""},"tags":[],"class_list":["post-16363","page","type-page","status-publish","has-post-thumbnail","hentry"],"yoast_head":"<!-- This site is optimized with the Yoast SEO Premium plugin v25.3 (Yoast SEO v25.9) - https:\/\/yoast.com\/wordpress\/plugins\/seo\/ -->\n<title>\u0160koda i Kolarstwo - \u0160koda We Love Cycling - Poland<\/title>\n<meta name=\"description\" content=\"Historia kolarstwa \u0160kody wyja\u015bniona: odkryj, jak rowery ukszta\u0142towa\u0142y mark\u0119 \u2013 od kultowego roweru Slavia po trwa\u0142e zaanga\u017cowanie w kolarstwo.\" \/>\n<meta name=\"robots\" content=\"index, follow, max-snippet:-1, max-image-preview:large, max-video-preview:-1\" \/>\n<link rel=\"canonical\" href=\"https:\/\/www.welovecycling.com\/pl\/130-anniversary\/\" \/>\n<meta property=\"og:locale\" content=\"pl_PL\" \/>\n<meta property=\"og:type\" content=\"article\" \/>\n<meta property=\"og:title\" content=\"\u0160koda i Kolarstwo\" \/>\n<meta property=\"og:description\" content=\"Historia kolarstwa \u0160kody wyja\u015bniona: odkryj, jak rowery ukszta\u0142towa\u0142y mark\u0119 \u2013 od kultowego roweru Slavia po trwa\u0142e zaanga\u017cowanie w kolarstwo.\" \/>\n<meta property=\"og:url\" content=\"https:\/\/www.welovecycling.com\/pl\/130-anniversary\/\" \/>\n<meta property=\"og:site_name\" content=\"\u0160koda We Love Cycling - Poland\" \/>\n<meta property=\"article:modified_time\" content=\"2026-01-07T09:57:44+00:00\" \/>\n<meta property=\"og:image\" content=\"https:\/\/d2p6e6u75xmxt8.cloudfront.net\/5\/2025\/09\/social-130.webp\" \/>\n\t<meta property=\"og:image:width\" content=\"1390\" \/>\n\t<meta property=\"og:image:height\" content=\"744\" \/>\n\t<meta property=\"og:image:type\" content=\"image\/webp\" \/>\n<meta name=\"twitter:card\" content=\"summary_large_image\" \/>\n<script type=\"application\/ld+json\" class=\"yoast-schema-graph\">{\"@context\":\"https:\/\/schema.org\",\"@graph\":[{\"@type\":\"WebPage\",\"@id\":\"https:\/\/www.welovecycling.com\/pl\/130-anniversary\/\",\"url\":\"https:\/\/www.welovecycling.com\/pl\/130-anniversary\/\",\"name\":\"\u0160koda i Kolarstwo - \u0160koda We Love Cycling - Poland\",\"isPartOf\":{\"@id\":\"https:\/\/www.welovecycling.com\/pl\/#website\"},\"primaryImageOfPage\":{\"@id\":\"https:\/\/www.welovecycling.com\/pl\/130-anniversary\/#primaryimage\"},\"image\":{\"@id\":\"https:\/\/www.welovecycling.com\/pl\/130-anniversary\/#primaryimage\"},\"thumbnailUrl\":\"https:\/\/d2p6e6u75xmxt8.cloudfront.net\/5\/2025\/09\/social-130.webp\",\"datePublished\":\"2025-09-03T07:34:24+00:00\",\"dateModified\":\"2026-01-07T09:57:44+00:00\",\"description\":\"Historia kolarstwa \u0160kody wyja\u015bniona: odkryj, jak rowery ukszta\u0142towa\u0142y mark\u0119 \u2013 od kultowego roweru Slavia po trwa\u0142e zaanga\u017cowanie w kolarstwo.\",\"breadcrumb\":{\"@id\":\"https:\/\/www.welovecycling.com\/pl\/130-anniversary\/#breadcrumb\"},\"inLanguage\":\"pl-PL\",\"potentialAction\":[{\"@type\":\"ReadAction\",\"target\":[\"https:\/\/www.welovecycling.com\/pl\/130-anniversary\/\"]}]},{\"@type\":\"ImageObject\",\"inLanguage\":\"pl-PL\",\"@id\":\"https:\/\/www.welovecycling.com\/pl\/130-anniversary\/#primaryimage\",\"url\":\"https:\/\/d2p6e6u75xmxt8.cloudfront.net\/5\/2025\/09\/social-130.webp\",\"contentUrl\":\"https:\/\/d2p6e6u75xmxt8.cloudfront.net\/5\/2025\/09\/social-130.webp\",\"width\":1390,\"height\":744},{\"@type\":\"BreadcrumbList\",\"@id\":\"https:\/\/www.welovecycling.com\/pl\/130-anniversary\/#breadcrumb\",\"itemListElement\":[{\"@type\":\"ListItem\",\"position\":1,\"name\":\"Home\",\"item\":\"https:\/\/www.welovecycling.com\/pl\/\"},{\"@type\":\"ListItem\",\"position\":2,\"name\":\"\u0160koda i Kolarstwo\"}]},{\"@type\":\"WebSite\",\"@id\":\"https:\/\/www.welovecycling.com\/pl\/#website\",\"url\":\"https:\/\/www.welovecycling.com\/pl\/\",\"name\":\"\u0160koda We Love Cycling - Poland\",\"description\":\"\",\"potentialAction\":[{\"@type\":\"SearchAction\",\"target\":{\"@type\":\"EntryPoint\",\"urlTemplate\":\"https:\/\/www.welovecycling.com\/pl\/?s={search_term_string}\"},\"query-input\":{\"@type\":\"PropertyValueSpecification\",\"valueRequired\":true,\"valueName\":\"search_term_string\"}}],\"inLanguage\":\"pl-PL\"}]}<\/script>\n<!-- \/ Yoast SEO Premium plugin. -->","yoast_head_json":{"title":"\u0160koda i Kolarstwo - \u0160koda We Love Cycling - Poland","description":"Historia kolarstwa \u0160kody wyja\u015bniona: odkryj, jak rowery ukszta\u0142towa\u0142y mark\u0119 \u2013 od kultowego roweru Slavia po trwa\u0142e zaanga\u017cowanie w kolarstwo.","robots":{"index":"index","follow":"follow","max-snippet":"max-snippet:-1","max-image-preview":"max-image-preview:large","max-video-preview":"max-video-preview:-1"},"canonical":"https:\/\/www.welovecycling.com\/pl\/130-anniversary\/","og_locale":"pl_PL","og_type":"article","og_title":"\u0160koda i Kolarstwo","og_description":"Historia kolarstwa \u0160kody wyja\u015bniona: odkryj, jak rowery ukszta\u0142towa\u0142y mark\u0119 \u2013 od kultowego roweru Slavia po trwa\u0142e zaanga\u017cowanie w kolarstwo.","og_url":"https:\/\/www.welovecycling.com\/pl\/130-anniversary\/","og_site_name":"\u0160koda We Love Cycling - Poland","article_modified_time":"2026-01-07T09:57:44+00:00","og_image":[{"width":1390,"height":744,"url":"https:\/\/d2p6e6u75xmxt8.cloudfront.net\/5\/2025\/09\/social-130.webp","type":"image\/webp"}],"twitter_card":"summary_large_image","schema":{"@context":"https:\/\/schema.org","@graph":[{"@type":"WebPage","@id":"https:\/\/www.welovecycling.com\/pl\/130-anniversary\/","url":"https:\/\/www.welovecycling.com\/pl\/130-anniversary\/","name":"\u0160koda i Kolarstwo - \u0160koda We Love Cycling - Poland","isPartOf":{"@id":"https:\/\/www.welovecycling.com\/pl\/#website"},"primaryImageOfPage":{"@id":"https:\/\/www.welovecycling.com\/pl\/130-anniversary\/#primaryimage"},"image":{"@id":"https:\/\/www.welovecycling.com\/pl\/130-anniversary\/#primaryimage"},"thumbnailUrl":"https:\/\/d2p6e6u75xmxt8.cloudfront.net\/5\/2025\/09\/social-130.webp","datePublished":"2025-09-03T07:34:24+00:00","dateModified":"2026-01-07T09:57:44+00:00","description":"Historia kolarstwa \u0160kody wyja\u015bniona: odkryj, jak rowery ukszta\u0142towa\u0142y mark\u0119 \u2013 od kultowego roweru Slavia po trwa\u0142e zaanga\u017cowanie w kolarstwo.","breadcrumb":{"@id":"https:\/\/www.welovecycling.com\/pl\/130-anniversary\/#breadcrumb"},"inLanguage":"pl-PL","potentialAction":[{"@type":"ReadAction","target":["https:\/\/www.welovecycling.com\/pl\/130-anniversary\/"]}]},{"@type":"ImageObject","inLanguage":"pl-PL","@id":"https:\/\/www.welovecycling.com\/pl\/130-anniversary\/#primaryimage","url":"https:\/\/d2p6e6u75xmxt8.cloudfront.net\/5\/2025\/09\/social-130.webp","contentUrl":"https:\/\/d2p6e6u75xmxt8.cloudfront.net\/5\/2025\/09\/social-130.webp","width":1390,"height":744},{"@type":"BreadcrumbList","@id":"https:\/\/www.welovecycling.com\/pl\/130-anniversary\/#breadcrumb","itemListElement":[{"@type":"ListItem","position":1,"name":"Home","item":"https:\/\/www.welovecycling.com\/pl\/"},{"@type":"ListItem","position":2,"name":"\u0160koda i Kolarstwo"}]},{"@type":"WebSite","@id":"https:\/\/www.welovecycling.com\/pl\/#website","url":"https:\/\/www.welovecycling.com\/pl\/","name":"\u0160koda We Love Cycling - Poland","description":"","potentialAction":[{"@type":"SearchAction","target":{"@type":"EntryPoint","urlTemplate":"https:\/\/www.welovecycling.com\/pl\/?s={search_term_string}"},"query-input":{"@type":"PropertyValueSpecification","valueRequired":true,"valueName":"search_term_string"}}],"inLanguage":"pl-PL"}]}},"_links":{"self":[{"href":"https:\/\/www.welovecycling.com\/pl\/wp-json\/wp\/v2\/pages\/16363","targetHints":{"allow":["GET"]}}],"collection":[{"href":"https:\/\/www.welovecycling.com\/pl\/wp-json\/wp\/v2\/pages"}],"about":[{"href":"https:\/\/www.welovecycling.com\/pl\/wp-json\/wp\/v2\/types\/page"}],"author":[{"embeddable":true,"href":"https:\/\/www.welovecycling.com\/pl\/wp-json\/wp\/v2\/users\/199"}],"replies":[{"embeddable":true,"href":"https:\/\/www.welovecycling.com\/pl\/wp-json\/wp\/v2\/comments?post=16363"}],"version-history":[{"count":2,"href":"https:\/\/www.welovecycling.com\/pl\/wp-json\/wp\/v2\/pages\/16363\/revisions"}],"predecessor-version":[{"id":16495,"href":"https:\/\/www.welovecycling.com\/pl\/wp-json\/wp\/v2\/pages\/16363\/revisions\/16495"}],"wp:featuredmedia":[{"embeddable":true,"href":"https:\/\/www.welovecycling.com\/pl\/wp-json\/wp\/v2\/media\/16372"}],"wp:attachment":[{"href":"https:\/\/www.welovecycling.com\/pl\/wp-json\/wp\/v2\/media?parent=16363"}],"wp:term":[{"taxonomy":"post_tag","embeddable":true,"href":"https:\/\/www.welovecycling.com\/pl\/wp-json\/wp\/v2\/tags?post=16363"}],"curies":[{"name":"wp","href":"https:\/\/api.w.org\/{rel}","templated":true}]}}