{"id":11859,"date":"2021-06-24T15:01:32","date_gmt":"2021-06-24T15:01:32","guid":{"rendered":"https:\/\/www.welovecycling.com\/pl\/?page_id=11859"},"modified":"2022-06-30T12:59:45","modified_gmt":"2022-06-30T12:59:45","slug":"warunki-konkursu","status":"publish","type":"page","link":"https:\/\/www.welovecycling.com\/pl\/tour-de-france-2021\/warunki-konkursu\/","title":{"rendered":"TDF 2021 &#8211; Warunki konkursu"},"content":{"rendered":"<p>Niniejszy Regulamin zawiera warunki konkursu &#8222;Wygraj wspania\u0142e nagrody 2021&#8221; (zwanego dalej &#8222;Konkursem&#8221;) i jest jedynym dokumentem reguluj\u0105cym<br \/>\nw spos\u00f3b kompletny i wi\u0105\u017c\u0105cy zasady tego konkursu.<\/p>\n<h2>1. Gospodarz i organizator konkursu<\/h2>\n<p>Gospodarzem Konkursu jest \u0160koda AUTO a.s., sp\u00f3\u0142ka akcyjna z siedzib\u0105 pod adresem t\u0159. V\u00e1clava Klementa 869, 293 01 Mlad\u00e1 Boleslav, Republika Czeska, numer identyfikacyjny sp\u00f3\u0142ki 00177041, zarejestrowana w Rejestrze Handlowym prowadzonym przez S\u0105d Metropolitalny w Pradze, dzia\u0142 B, numer akt 332 (zwana dalej &#8222;Gospodarzem&#8221;).<\/p>\n<p>Organizatorem Konkursu, kt\u00f3ry zapewnia praktyczne kroki w jego organizacji, jest MUSTARD s.r.o., z siedzib\u0105 Praha 1 &#8211; Nov\u00e9 M\u011bsto, Masarykovo n\u00e1b\u0159. 246, 110 00, Republika Czeska, nr ID 28531418, zarejestrowana w Rejestrze Handlowym prowadzonym przez S\u0105d Miejski w Pradze w dziale C, wpis 148383.<\/p>\n<h2>2. Warunki i miejsce konkursu, okresy trwania konkursu<\/h2>\n<p>Konkurs zostanie przeprowadzony od godziny 00:00 (GMT) 26. 6. 2021 do 23:59 PM (GTM) 16 7. 2021, podzielony na trzy oddzielne okresy. Zostanie on przeprowadzony na stronie internetowej www.welovecycling.com (zwanej dalej &#8222;Stron\u0105 Konkursow\u0105&#8221;), na kt\u00f3rej przede wszystkim odbywa si\u0119 komunikacja<br \/>\nz uczestnikami. Poszczeg\u00f3lne okresy Konkursu s\u0105 nast\u0119puj\u0105ce:<\/p>\n<p>Od \/ Do \/ Liczba nagr\u00f3d g\u0142\u00f3wnych \/ Liczba nagr\u00f3d drugorz\u0119dnych \/<\/p>\n<ul>\n<li>1. okres merytoryczny &#8211; 00:00 AM (GMT) 26. 6. 2021 \/23:59PM 2.7. 2021 \/ 1 \/ 7<\/li>\n<li>2. okres zawarto\u015bci &#8211; 00:00 AM (GMT) 3.7. 2021 \/23:59PM 9.7. 2021 \/ 3 \/ 8<\/li>\n<li>3. okres zawarto\u015bci &#8211; 00:00 AM (GMT) 10.7. 2021 \/23:59PM 16.7. 2021 \/ 3 \/ 8<\/li>\n<\/ul>\n<h2>3. Uczestnicy konkursu<\/h2>\n<p>W Konkursie mo\u017ce wzi\u0105\u0107 udzia\u0142 ka\u017cda osoba, kt\u00f3ra uko\u0144czy\u0142a 18 lat, pos\u0142uguje si\u0119 j\u0119zykiem angielskim na poziomie \u015bredniozaawansowanym i mieszka w jednym<br \/>\nz kraj\u00f3w, w kt\u00f3rych si\u0119 on odbywa. Konkurs jest organizowany<br \/>\nw nast\u0119puj\u0105cych krajach: ANDORA, AUSTRIA, BELGIA, BO\u015aNIA, BU\u0141GARIA, CHORWACJA, REPUBLIKA CZESKA, DANIA, ESTONIA, FINLANDIA, FRANCJA, NIEMCY, WIELKA BRYTANIA, GRECJA, W\u0118GRY, ISLANDIA, IRLANDIA, W\u0141OCHY, \u0141OTWA, LIECHTENSTEIN, LITWA, LUKSEMBURG, CZARNOG\u00d3RA, HOLANDIA, NORWEGIA, POLSKA, PORTUGALIA, RUMUNIA, SERBIA, S\u0141OWACJA, S\u0141OWENIA, HISZPANIA, SZWECJA, SZWAJCARIA, TURCJA.<\/p>\n<p>Aby wzi\u0105\u0107 udzia\u0142 w Konkursie, nale\u017cy dokona\u0107 rejestracji na stronie internetowej Konkursu w dowolnym momencie jego trwania, potwierdzi\u0107 bezwarunkow\u0105 akceptacj\u0119 niniejszego Regulaminu. Cz\u0119\u015bci\u0105 rejestracji (formularza zg\u0142oszeniowego) jest podanie danych osobowych &#8211; adresu e-mail, kt\u00f3ry b\u0119dzie wykorzystywany wy\u0142\u0105cznie do cel\u00f3w niniejszego Konkursu.<br \/>\nKa\u017cdy uczestnik mo\u017ce zarejestrowa\u0107 si\u0119 tylko raz i tylko pod w\u0142asnym adresem<br \/>\ne-mail, przy czym prowadz\u0105cy Konkurs zastrzega sobie prawo do sprawdzenia tej zasady za pomoc\u0105 \u015brodk\u00f3w technicznych i organizacyjnych.<\/p>\n<p>W Konkursie nie mog\u0105 bra\u0107 udzia\u0142u wszystkie osoby, kt\u00f3re bra\u0142y udzia\u0142 w jego przygotowaniu, w szczeg\u00f3lno\u015bci zatrudnione przez Gospodarza lub Organizatora lub pozostaj\u0105ce z nimi w podobnym stosunku, jak r\u00f3wnie\u017c osoby pozostaj\u0105ce w podobnym stosunku z uczestnicz\u0105cym w Konkursie autoryzowanym partnerem \u0160koda lub z agencjami, kt\u00f3rym powierzono zapewnienie niniejszego Konkursu, cz\u0142onkowie ich rodzin oraz osoby im bliskie.<\/p>\n<h2>4. Mechanizm konkurs\u00f3w, ocena zwyci\u0119zc\u00f3w<\/h2>\n<p>Zadaniem uczestnika w ka\u017cdym okresie jest udzielenie jak najbardziej poprawnej odpowiedzi na pi\u0119\u0107 pyta\u0144 konkursowych. Wszyscy uczestnicy, kt\u00f3rzy poprawnie odpowiedzieli na wszystkie pi\u0119\u0107 pyta\u0144 w danej rundzie\/okresie, maj\u0105 szans\u0119 na zdobycie nagrody. Ilo\u015b\u0107 nagr\u00f3d w poszczeg\u00f3lnych okresach podana jest w tabeli powy\u017cej.<\/p>\n<p>W pierwszym etapie konkursu nagrod\u0119 g\u0142\u00f3wn\u0105 wygrywa uczestnik, kt\u00f3ry udzieli\u0142 wszystkich prawid\u0142owych odpowiedzi na pytanie znajduj\u0105ce si\u0119 na pozycji 1\/2 na li\u015bcie wszystkich uczestnik\u00f3w. W przypadku, gdy liczba uczestnik\u00f3w nie jest podzielna przez 2, otrzymana liczba zostanie zaokr\u0105glona w d\u00f3\u0142 do najbli\u017cszej liczby ca\u0142kowitej podzielnej przez 2. Nagrody dodatkowe wygrywaj\u0105 uczestnicy, kt\u00f3rzy udzielili wszystkich poprawnych odpowiedzi znajduj\u0105cych si\u0119 na pozycjach 1\/9, 2\/9, 3\/9, 4\/9, 5\/9, 6\/9 i 7\/9 na li\u015bcie wszystkich uczestnik\u00f3w. Je\u017celi liczba uczestnik\u00f3w nie jest podzielna przez 9, to otrzymana liczba zostanie zaokr\u0105glona w d\u00f3\u0142 do najbli\u017cszej liczby ca\u0142kowitej podzielnej przez 9.<\/p>\n<p>W drugim etapie konkursu nagrody g\u0142\u00f3wne zdobywaj\u0105 uczestnicy, kt\u00f3rzy udzielili wszystkich prawid\u0142owych odpowiedzi na pozycjach 1\/4, 2\/4 i 3\/4 listy wszystkich uczestnik\u00f3w. W przypadku, gdy liczba uczestnik\u00f3w nie jest podzielna przez 4, otrzymana liczba zostanie zaokr\u0105glona w d\u00f3\u0142 do najbli\u017cszej liczby ca\u0142kowitej podzielnej przez 4. Nagrody dodatkowe wygrywaj\u0105 uczestnicy, kt\u00f3rzy udzielili wszystkich poprawnych odpowiedzi znajduj\u0105cych si\u0119 na pozycjach 1\/9, 2\/9, 3\/9, 4\/9, 5\/9, 6\/9, 7\/9, 8\/9 na li\u015bcie wszystkich bior\u0105cych udzia\u0142. Je\u017celi liczba uczestnik\u00f3w nie jest podzielna przez 9, to otrzymana liczba zostanie zaokr\u0105glona w d\u00f3\u0142 do najbli\u017cszej liczby ca\u0142kowitej podzielnej przez 9.<\/p>\n<p>W trzecim etapie konkursu nagrody g\u0142\u00f3wne zdobywaj\u0105 uczestnicy, kt\u00f3rzy udzielili wszystkich prawid\u0142owych odpowiedzi na pozycjach 1\/4, 2\/4 i 3\/4 listy wszystkich bior\u0105cych udzia\u0142. W przypadku, gdy liczba uczestnik\u00f3w nie jest podzielna przez 4, otrzymana liczba zostanie zaokr\u0105glona w d\u00f3\u0142 do najbli\u017cszej liczby ca\u0142kowitej podzielnej przez 4. Nagrody dodatkowe wygrywaj\u0105 uczestnicy, kt\u00f3rzy udzielili wszystkich prawid\u0142owych odpowiedzi znajduj\u0105cych si\u0119 na pozycjach 1\/9, 2\/9, 3\/9, 4\/9, 5\/9, 6\/9, 7\/9, 8\/9 na li\u015bcie wszystkich uczestnik\u00f3w. Je\u017celi liczba bior\u0105cych udzia\u0142nie jest podzielna przez 9, to otrzymana liczba zostanie zaokr\u0105glona w d\u00f3\u0142 do najbli\u017cszej liczby ca\u0142kowitej podzielnej przez 9.<\/p>\n<p>Wszystkie powy\u017csze listy uczestnik\u00f3w b\u0119d\u0105 zawsze u\u0142o\u017cone chronologicznie wed\u0142ug czasu nadsy\u0142ania pyta\u0144 konkursowych.<\/p>\n<p>Gospodarz Konkursu poinformuje zwyci\u0119zc\u00f3w za po\u015brednictwem poczty elektronicznej podanej podczas rejestracji w ci\u0105gu pi\u0119ciu dni po zako\u0144czeniu odpowiedniego okresu Konkursu, a zwyci\u0119zcy zostan\u0105 poproszeni o podanie danych niezb\u0119dnych do przekazania lub wys\u0142ania nagrody albo do dalszej komunikacji. Je\u015bli zwyci\u0119zca nie zareaguje, nawet na e-mail wysy\u0142any wielokrotnie przez Gospodarza Konkursu lub nie poda danych kontaktowych w ci\u0105gu 24 godzin od wys\u0142ania e-maila, jego nagroda przepadnie bez \u017cadnej rekompensaty.<\/p>\n<h2>5. Opis nagr\u00f3d<\/h2>\n<p>G\u0142\u00f3wna nagroda:<\/p>\n<ul>\n<li>1x pakiet VIP hospitality program (Etap 18)<\/li>\n<li>3x Garmin EDGE<\/li>\n<li>3x sygnowana zielona koszulka<\/li>\n<\/ul>\n<p>Drugie nagrody:<\/p>\n<ul>\n<li>15x zielona koszulka<\/li>\n<li>2x Garmin Edge<\/li>\n<li>3x radar Garmin Varia<\/li>\n<li>3x kask POC<\/li>\n<li>RUNDA 1:\n<ul>\n<li>1x pakiet VIP hospitality program (Etap 18)<\/li>\n<li>2x Garmin EDGE<\/li>\n<li>5x Green Jersey<\/li>\n<\/ul>\n<\/li>\n<li>RUNDA 2:\n<ul>\n<li>3x Garmin EDGE<\/li>\n<li>3x radar Garmin Varia<\/li>\n<li>5x Green Jersey<\/li>\n<\/ul>\n<\/li>\n<li>RUNDA 3:\n<ul>\n<li>3x sygnowana zielona koszulka<\/li>\n<li>3x kask POC<\/li>\n<li>5x Green Jersey<\/li>\n<\/ul>\n<\/li>\n<\/ul>\n<h2>6. Pozyskiwanie i wykorzystywanie nagra\u0144<\/h2>\n<p>W przypadku, gdy uczestnik zostanie zwyci\u0119zc\u0105, udziela on Gospodarzowi zgody na uzyskanie i wykorzystanie portret\u00f3w uczestnika, pisemnych o\u015bwiadcze\u0144, zdj\u0119\u0107 oraz nagra\u0144 audio i wizualnych dotycz\u0105cych uczestnika i\/lub wypowiedzi o charakterze osobistym uzyskanych przez Gospodarza w zwi\u0105zku z przeprowadzeniem Konkursu oraz dostarczeniem lub wylosowaniem wygranych, w celach komercyjnych we wszystkich mediach komunikacyjnych, niezale\u017cnie od ich charakteru i specyfikacji, przy u\u017cyciu wszelkich typowych \u015brodk\u00f3w, z ich p\u00f3\u017aniejsz\u0105 modyfikacj\u0105 oraz<br \/>\nz ewentualnym po\u0142\u0105czeniem z innymi utworami i w\u0142\u0105czeniem do utworu zbiorowego. Uczestnik udziela Gospodarzowi niniejszej zgody nieodp\u0142atnie bez ogranicze\u0144 rzeczowych, czasowych, ilo\u015bciowych i terytorialnych oraz mo\u017ce j\u0105 odwo\u0142a\u0107 w ka\u017cdym czasie. Zgoda ta dotyczy r\u00f3wnie\u017c os\u00f3b trzecich, kt\u00f3rym Gospodarz mo\u017ce udost\u0119pni\u0107 takie nagrania wed\u0142ug w\u0142asnego uznania.<\/p>\n<h2>7. Inne wa\u017cne warunki<\/h2>\n<p>Dok\u0142adn\u0105 specyfikacj\u0119 wygranych okre\u015bla wy\u0142\u0105cznie Gospodarz. Przedstawienie wygranych w materia\u0142ach promocyjnych ma charakter pogl\u0105dowy. Aby wygra\u0107 nagrod\u0119 g\u0142\u00f3wn\u0105, konieczne jest spe\u0142nienie innych warunk\u00f3w (paszport, wizy itp.)<br \/>\ni zobowi\u0105za\u0144 zwyci\u0119zcy oraz uzyskanie odpowiedniej zdolno\u015bci, g\u0142\u00f3wnie medycznej, do udzia\u0142u w konkursie. Gospodarz nie ponosi odpowiedzialno\u015bci za jakiekolwiek szkody wyrz\u0105dzone uczestnikowi w wyniku wykorzystania nagrody.<\/p>\n<p>Uczestnicy nie s\u0105 uprawnieni do \u017c\u0105dania \u015bwiadczenia pieni\u0119\u017cnego lub innego rodzaju \u015bwiadczenia w zamian za nagrod\u0119. Gospodarz nie jest w \u017caden inny spos\u00f3b zobowi\u0105zany do spe\u0142nienia \u015bwiadczenia na rzecz uczestnik\u00f3w Konkursu, a bior\u0105cym udzia\u0142 nie przys\u0142uguje od Gospodarza \u017cadne inne \u015bwiadczenie ni\u017c wyra\u017anie okre\u015blone w niniejszym Regulaminie. Gospodarz nie ponosi odpowiedzialno\u015bci za jako\u015b\u0107 nagr\u00f3d dostarczanych przez osoby trzecie. Za ewentualne wady nale\u017cy ponosi\u0107 odpowiedzialno\u015b\u0107 bezpo\u015brednio u tych dostawc\u00f3w. Gospodarz zastrzega sobie prawo do zmiany nagr\u00f3d wed\u0142ug w\u0142asnego uznania.<\/p>\n<p>Uczestnik mo\u017ce zosta\u0107 wykluczony z Konkursu, je\u015bli Gospodarz odkryje lub b\u0119dzie mia\u0142 uzasadnione podejrzenia, \u017ce uczestnik lub inne osoby pomagaj\u0105ce uczestnikowi dopu\u015bci\u0142y si\u0119 oszustwa w celu otrzymania nagr\u00f3d lub dopu\u015bci\u0142y si\u0119 nieuczciwego post\u0119powania lub post\u0119powania nieopartego na wiedzy uczestnika zgodnie<br \/>\nz zasadami.<\/p>\n<p>Gospodarz nie ponosi odpowiedzialno\u015bci za niedostarczenie wiadomo\u015bci lub wygranych. Gospodarz nie ponosi odpowiedzialno\u015bci za b\u0142\u0119dy powsta\u0142e w wyniku problem\u00f3w technicznych lub komunikacyjnych. Gospodarz podejmuje ostateczn\u0105 decyzj\u0119 w sprawie wszelkich reklamacji lub zg\u0142oszonych zastrze\u017ce\u0144. Gospodarz zastrzega sobie prawo, bez obowi\u0105zku wyp\u0142aty odszkodowania, do skr\u00f3cenia, prze\u0142o\u017cenia, zawieszenia lub odwo\u0142ania imprezy i nagr\u00f3d lub do zmiany lub dodania czegokolwiek do niniejszego Regulaminu jednostronnie w trakcie trwania imprezy, informuj\u0105c o takich zmianach na stronie internetowej podanej powy\u017cej, gdzie znajduje si\u0119 r\u00f3wnie\u017c aktualne i pe\u0142ne brzmienie Regulaminu.<\/p>\n<p>Ten Konkurs nie jest w \u017caden spos\u00f3b prowadzony, sponsorowany ani zwi\u0105zany<br \/>\nz serwisem Facebook i Facebook nie ponosi za niego odpowiedzialno\u015bci. Informacje podane podczas wydarzenia nie b\u0119d\u0105 przekazywane serwisowi Facebook. Wszelkie pytania, komentarze lub skargi dotycz\u0105ce aplikacji musz\u0105 by\u0107 kierowane do Gospodarza, a nie do Facebooka.<\/p>\n<p>Niniejszy Konkurs podlega prawu Republiki Czeskiej, z wyj\u0105tkiem zakresu wy\u0142\u0105czonego przez obowi\u0105zuj\u0105ce ustawodawstwo kraj\u00f3w uczestnik\u00f3w.<\/p>\n","protected":false},"excerpt":{"rendered":"<p>Niniejszy Regulamin zawiera warunki konkursu &#8222;Wygraj wspania\u0142e nagrody 2021&#8221; (zwanego dalej &#8222;Konkursem&#8221;) i jest jedynym dokumentem reguluj\u0105cym w spos\u00f3b kompletny [&hellip;]<\/p>\n","protected":false},"author":153,"featured_media":0,"parent":11855,"menu_order":0,"comment_status":"closed","ping_status":"closed","template":"","meta":{"footnotes":""},"tags":[],"class_list":["post-11859","page","type-page","status-publish","hentry"],"yoast_head":"<!-- This site is optimized with the Yoast SEO Premium plugin v25.3 (Yoast SEO v25.9) - https:\/\/yoast.com\/wordpress\/plugins\/seo\/ -->\n<title>TDF 2021 - Warunki konkursu - \u0160koda We Love Cycling - Poland<\/title>\n<meta name=\"robots\" content=\"index, follow, max-snippet:-1, max-image-preview:large, max-video-preview:-1\" \/>\n<link rel=\"canonical\" href=\"https:\/\/www.welovecycling.com\/pl\/tour-de-france-2021\/warunki-konkursu\/\" \/>\n<meta property=\"og:locale\" content=\"pl_PL\" \/>\n<meta property=\"og:type\" content=\"article\" \/>\n<meta property=\"og:title\" content=\"TDF 2021 - Warunki konkursu\" \/>\n<meta property=\"og:description\" content=\"Niniejszy Regulamin zawiera warunki konkursu &#8222;Wygraj wspania\u0142e nagrody 2021&#8221; (zwanego dalej &#8222;Konkursem&#8221;) i jest jedynym dokumentem reguluj\u0105cym w spos\u00f3b kompletny [&hellip;]\" \/>\n<meta property=\"og:url\" content=\"https:\/\/www.welovecycling.com\/pl\/tour-de-france-2021\/warunki-konkursu\/\" \/>\n<meta property=\"og:site_name\" content=\"\u0160koda We Love Cycling - Poland\" \/>\n<meta property=\"article:modified_time\" content=\"2022-06-30T12:59:45+00:00\" \/>\n<meta name=\"twitter:card\" content=\"summary_large_image\" \/>\n<meta name=\"twitter:label1\" content=\"Est. reading time\" \/>\n\t<meta name=\"twitter:data1\" content=\"7 minutes\" \/>\n<script type=\"application\/ld+json\" class=\"yoast-schema-graph\">{\"@context\":\"https:\/\/schema.org\",\"@graph\":[{\"@type\":\"WebPage\",\"@id\":\"https:\/\/www.welovecycling.com\/pl\/tour-de-france-2021\/warunki-konkursu\/\",\"url\":\"https:\/\/www.welovecycling.com\/pl\/tour-de-france-2021\/warunki-konkursu\/\",\"name\":\"TDF 2021 - Warunki konkursu - \u0160koda We Love Cycling - Poland\",\"isPartOf\":{\"@id\":\"https:\/\/www.welovecycling.com\/pl\/#website\"},\"datePublished\":\"2021-06-24T15:01:32+00:00\",\"dateModified\":\"2022-06-30T12:59:45+00:00\",\"breadcrumb\":{\"@id\":\"https:\/\/www.welovecycling.com\/pl\/tour-de-france-2021\/warunki-konkursu\/#breadcrumb\"},\"inLanguage\":\"pl-PL\",\"potentialAction\":[{\"@type\":\"ReadAction\",\"target\":[\"https:\/\/www.welovecycling.com\/pl\/tour-de-france-2021\/warunki-konkursu\/\"]}]},{\"@type\":\"BreadcrumbList\",\"@id\":\"https:\/\/www.welovecycling.com\/pl\/tour-de-france-2021\/warunki-konkursu\/#breadcrumb\",\"itemListElement\":[{\"@type\":\"ListItem\",\"position\":1,\"name\":\"Home\",\"item\":\"https:\/\/www.welovecycling.com\/pl\/\"},{\"@type\":\"ListItem\",\"position\":2,\"name\":\"Tour de France 2021\",\"item\":\"https:\/\/www.welovecycling.com\/pl\/tour-de-france-2021\/\"},{\"@type\":\"ListItem\",\"position\":3,\"name\":\"TDF 2021 &#8211; Warunki konkursu\"}]},{\"@type\":\"WebSite\",\"@id\":\"https:\/\/www.welovecycling.com\/pl\/#website\",\"url\":\"https:\/\/www.welovecycling.com\/pl\/\",\"name\":\"\u0160koda We Love Cycling - Poland\",\"description\":\"\",\"potentialAction\":[{\"@type\":\"SearchAction\",\"target\":{\"@type\":\"EntryPoint\",\"urlTemplate\":\"https:\/\/www.welovecycling.com\/pl\/?s={search_term_string}\"},\"query-input\":{\"@type\":\"PropertyValueSpecification\",\"valueRequired\":true,\"valueName\":\"search_term_string\"}}],\"inLanguage\":\"pl-PL\"}]}<\/script>\n<!-- \/ Yoast SEO Premium plugin. -->","yoast_head_json":{"title":"TDF 2021 - Warunki konkursu - \u0160koda We Love Cycling - Poland","robots":{"index":"index","follow":"follow","max-snippet":"max-snippet:-1","max-image-preview":"max-image-preview:large","max-video-preview":"max-video-preview:-1"},"canonical":"https:\/\/www.welovecycling.com\/pl\/tour-de-france-2021\/warunki-konkursu\/","og_locale":"pl_PL","og_type":"article","og_title":"TDF 2021 - Warunki konkursu","og_description":"Niniejszy Regulamin zawiera warunki konkursu &#8222;Wygraj wspania\u0142e nagrody 2021&#8221; (zwanego dalej &#8222;Konkursem&#8221;) i jest jedynym dokumentem reguluj\u0105cym w spos\u00f3b kompletny [&hellip;]","og_url":"https:\/\/www.welovecycling.com\/pl\/tour-de-france-2021\/warunki-konkursu\/","og_site_name":"\u0160koda We Love Cycling - Poland","article_modified_time":"2022-06-30T12:59:45+00:00","twitter_card":"summary_large_image","twitter_misc":{"Est. reading time":"7 minutes"},"schema":{"@context":"https:\/\/schema.org","@graph":[{"@type":"WebPage","@id":"https:\/\/www.welovecycling.com\/pl\/tour-de-france-2021\/warunki-konkursu\/","url":"https:\/\/www.welovecycling.com\/pl\/tour-de-france-2021\/warunki-konkursu\/","name":"TDF 2021 - Warunki konkursu - \u0160koda We Love Cycling - Poland","isPartOf":{"@id":"https:\/\/www.welovecycling.com\/pl\/#website"},"datePublished":"2021-06-24T15:01:32+00:00","dateModified":"2022-06-30T12:59:45+00:00","breadcrumb":{"@id":"https:\/\/www.welovecycling.com\/pl\/tour-de-france-2021\/warunki-konkursu\/#breadcrumb"},"inLanguage":"pl-PL","potentialAction":[{"@type":"ReadAction","target":["https:\/\/www.welovecycling.com\/pl\/tour-de-france-2021\/warunki-konkursu\/"]}]},{"@type":"BreadcrumbList","@id":"https:\/\/www.welovecycling.com\/pl\/tour-de-france-2021\/warunki-konkursu\/#breadcrumb","itemListElement":[{"@type":"ListItem","position":1,"name":"Home","item":"https:\/\/www.welovecycling.com\/pl\/"},{"@type":"ListItem","position":2,"name":"Tour de France 2021","item":"https:\/\/www.welovecycling.com\/pl\/tour-de-france-2021\/"},{"@type":"ListItem","position":3,"name":"TDF 2021 &#8211; Warunki konkursu"}]},{"@type":"WebSite","@id":"https:\/\/www.welovecycling.com\/pl\/#website","url":"https:\/\/www.welovecycling.com\/pl\/","name":"\u0160koda We Love Cycling - Poland","description":"","potentialAction":[{"@type":"SearchAction","target":{"@type":"EntryPoint","urlTemplate":"https:\/\/www.welovecycling.com\/pl\/?s={search_term_string}"},"query-input":{"@type":"PropertyValueSpecification","valueRequired":true,"valueName":"search_term_string"}}],"inLanguage":"pl-PL"}]}},"_links":{"self":[{"href":"https:\/\/www.welovecycling.com\/pl\/wp-json\/wp\/v2\/pages\/11859","targetHints":{"allow":["GET"]}}],"collection":[{"href":"https:\/\/www.welovecycling.com\/pl\/wp-json\/wp\/v2\/pages"}],"about":[{"href":"https:\/\/www.welovecycling.com\/pl\/wp-json\/wp\/v2\/types\/page"}],"author":[{"embeddable":true,"href":"https:\/\/www.welovecycling.com\/pl\/wp-json\/wp\/v2\/users\/153"}],"replies":[{"embeddable":true,"href":"https:\/\/www.welovecycling.com\/pl\/wp-json\/wp\/v2\/comments?post=11859"}],"version-history":[{"count":2,"href":"https:\/\/www.welovecycling.com\/pl\/wp-json\/wp\/v2\/pages\/11859\/revisions"}],"predecessor-version":[{"id":11897,"href":"https:\/\/www.welovecycling.com\/pl\/wp-json\/wp\/v2\/pages\/11859\/revisions\/11897"}],"up":[{"embeddable":true,"href":"https:\/\/www.welovecycling.com\/pl\/wp-json\/wp\/v2\/pages\/11855"}],"wp:attachment":[{"href":"https:\/\/www.welovecycling.com\/pl\/wp-json\/wp\/v2\/media?parent=11859"}],"wp:term":[{"taxonomy":"post_tag","embeddable":true,"href":"https:\/\/www.welovecycling.com\/pl\/wp-json\/wp\/v2\/tags?post=11859"}],"curies":[{"name":"wp","href":"https:\/\/api.w.org\/{rel}","templated":true}]}}