{"id":11040,"date":"2020-08-27T10:14:53","date_gmt":"2020-08-27T10:14:53","guid":{"rendered":"https:\/\/www.welovecycling.com\/pl\/?page_id=11040"},"modified":"2020-08-27T11:13:21","modified_gmt":"2020-08-27T11:13:21","slug":"zasady-i-warunki","status":"publish","type":"page","link":"https:\/\/www.welovecycling.com\/pl\/tour-de-france-2020\/zasady-i-warunki\/","title":{"rendered":"TDF 2020 \u2013 zasady i warunki"},"content":{"rendered":"<p><span style=\"font-weight: 400;\">Regulamin okre\u015bla warunki konkursu \u201eWygraj wielkie nagrody 2020\u201d (zwanego dalej \u201eKonkursem\u201d) i jest jedynym dokumentem, kt\u00f3ry reguluje w ca\u0142o\u015bci i w spos\u00f3b bezwzgl\u0119dny zasady Konkursu.<\/span><\/p>\n<p><b>1. Patron i organizator konkursu<\/b><\/p>\n<p><span style=\"font-weight: 400;\">Patronem Konkursu (zwanym dalej \u201ePatronem\u201d) jest \u0160koda AUTO\u00a0 a.s., sp\u00f3\u0142ka akcyjna z siedzib\u0105 w\u00a0 t\u0159. V\u00e1clava\u00a0 Klementa\u00a0 869, 293 01 Mlad\u00e1\u00a0 Boleslav, w Republice Czeskiej, o identyfikatorze 00177041, zarejestrowana w Rejestrze Handlowym zarz\u0105dzanym przez S\u0105d Sto\u0142eczny w Pradze \u2013 sekcja B, numer 332.<\/span><\/p>\n<p><span style=\"font-weight: 400;\">Organizatorem Konkursu zapewniaj\u0105cym zaplecze potrzebne do jego realizacji jest firma MUSTARD s.r.o., zarejestrowana w Praha 1 \u2013\u00a0 Nov\u00e9\u00a0 M\u011bsto, Masarykovo n\u00e1b\u0159. 246, 110 00, w Republice Czeskiej, o identyfikatorze 28531418, zarejestrowana w Rejestrze Handlowym zarz\u0105dzanym przez S\u0105d Miejski w Pradze \u2013 sekcja C, numer 148383.<\/span><\/p>\n<p><b>2. Warunki, etapy i miejsce konkursu<\/b><\/p>\n<p><span style=\"font-weight: 400;\">Konkurs odb\u0119dzie si\u0119 w terminie od 29.08.2020 r. od godz. 0:00 do 20.09.2020 r. do godz. 23:59 i b\u0119dzie si\u0119 sk\u0142ada\u0142 z trzech rund. Konkurs b\u0119dzie si\u0119 odbywa\u0142 na <\/span><span style=\"font-weight: 400;\">stronie internetowej www.welovecycling.com<\/span><span style=\"font-weight: 400;\"> (zwanej dalej \u201eStron\u0105 Internetow\u0105 Konkursu\u201d), na kt\u00f3rej b\u0119dzie mia\u0142a miejsce komunikacja z uczestnikami Konkursu. Poszczeg\u00f3lne rundy Konkursu wygl\u0105daj\u0105 nast\u0119puj\u0105co:<\/span><\/p>\n<p><span style=\"font-weight: 400;\">Czas trwania od do \/ Liczba <\/span><b>nagr\u00f3d g\u0142\u00f3wnych<\/b><span style=\"font-weight: 400;\"> \/ Liczba <\/span><b>nagr\u00f3d dodatkowych\/drugorz\u0119dnych<\/b><span style=\"font-weight: 400;\">\u00a0<\/span><\/p>\n<ul>\n<li style=\"font-weight: 400;\"><span style=\"font-weight: 400;\">Runda 1 \u2013 od 29.08.2020 godz. 0:00 do 4.09.2020 godz. 23:59 \/ 2\/5\u00a0<\/span><\/li>\n<li style=\"font-weight: 400;\"><span style=\"font-weight: 400;\">Runda 2 \u2013 od 5.09.2020 godz. 0:00 do 11.09.2020 godz. 23:59 \/ 1\/5<\/span><\/li>\n<li style=\"font-weight: 400;\"><span style=\"font-weight: 400;\">Runda 3 \u2013 od 12.09.2020 godz. 0:00 do 18.09.2020 godz. 23:59 \/ 3\/5\u00a0\u00a0\u00a0<\/span><\/li>\n<\/ul>\n<p>&nbsp;<\/p>\n<p><b>3. Warunki uczestnictwa<\/b><\/p>\n<p><span style=\"font-weight: 400;\">W Konkursie mo\u017ce wzi\u0105\u0107 udzia\u0142 ka\u017cda osoba fizyczna, kt\u00f3ra uko\u0144czy\u0142a 18 lat, znaj\u0105ca j\u0119zyk angielski na poziomie \u015brednio zaawansowanym i mieszkaj\u0105ca w jednym z kraj\u00f3w, w kt\u00f3rych odbywa si\u0119 Konkurs. Konkurs odbywa si\u0119 w nast\u0119puj\u0105cych krajach: ANDORA, AUSTRIA, BELGIA, BO\u015aNIA, BU\u0141GARIA, CHORWACJA, CZARNOG\u00d3RA, CZECHY, DANIA, ESTONIA, FINLANDIA, FRANCJA, GRECJA, HISZPANIA, HOLANDIA, ISLANDIA, IRLANDIA, LIECHTENSTEIN, LITWA, LUKSEMBURG, \u0141OTWA, NIEMCY, NORWEGIA, POLSKA, PORTUGALIA, RUMUNIA, SERBIA, S\u0141OWACJA, S\u0141OWENIA, SZWECJA, SZWAJCARIA, TURCJA, W\u0118GRY, WIELKA BRYTANIA, W\u0141OCHY.<\/span><\/p>\n<p><span style=\"font-weight: 400;\">Aby wzi\u0105\u0107 udzia\u0142 w Konkursie, nale\u017cy zarejestrowa\u0107 si\u0119 na Stronie Internetowej Konkursu w dowolnym momencie i na dowolnym etapie trwania Konkursu oraz potwierdzi\u0107, \u017ce akceptuje si\u0119 zasady uczestnictwa w Konkursie. Cz\u0119\u015bci\u0105 rejestracji (formularz zg\u0142oszeniowy) jest podanie swoich danych osobowych: adresu e-mail, kt\u00f3ry b\u0119dzie u\u017cywany wy\u0142\u0105cznie w celach zwi\u0105zanych z niniejszym Konkursem. <\/span><span style=\"font-weight: 400;\"><br \/>\n<\/span><span style=\"font-weight: 400;\">Ka\u017cdy uczestnik mo\u017ce zarejestrowa\u0107 si\u0119 tylko raz i tylko pod w\u0142asnym adresem e-mail. Patron Konkursu zastrzega sobie prawo do sprawdzenia, czy tak jest w istocie, za pomoc\u0105 \u015brodk\u00f3w technicznych i organizacyjnych.\u00a0\u00a0<\/span><\/p>\n<p><span style=\"font-weight: 400;\">Osoby bior\u0105ce udzia\u0142 w przygotowaniu Konkursu, g\u0142\u00f3wnie te zatrudnione przez Patrona lub Organizatora Konkursu, nie maj\u0105 prawa uczestnictwa w Konkursie \u2013 dotyczy to tak\u017ce os\u00f3b utrzymuj\u0105cych podobne stosunki z autoryzowanym partnerem \u0160KODY lub z agencjami, kt\u00f3rym powierzono prac\u0119 zwi\u0105zan\u0105 z Konkursem, rodzin pracownik\u00f3w i os\u00f3b z nimi zwi\u0105zanych.<\/span><\/p>\n<p><b>4. Przebieg konkursu, wy\u0142onienie zwyci\u0119zc\u00f3w<\/b><\/p>\n<p><span style=\"font-weight: 400;\">Zadaniem uczestnika Konkursu w ka\u017cdej rundzie jest udzielenie jak najbardziej poprawnych odpowiedzi na pi\u0119\u0107 pyta\u0144 konkursowych. Wszyscy uczestnicy, kt\u00f3rzy poprawnie odpowiedzieli na wszystkie pi\u0119\u0107 pyta\u0144 w danej rundzie, maj\u0105 szans\u0119 wygra\u0107 nagrod\u0119. Liczba nagr\u00f3d za ka\u017cdy okres jest podana w powy\u017cszej tabeli.\u00a0<\/span><\/p>\n<p><b>W rundzie 1<\/b><span style=\"font-weight: 400;\"> g\u0142\u00f3wne nagrody zostan\u0105 <\/span><b>wr\u0119czone<\/b><span style=\"font-weight: 400;\"> tym uczestnikom, kt\u00f3rzy odpowiedzieli poprawnie na wszystkie pytania i znajduj\u0105 si\u0119 na wysoko\u015bci 1\/3 i 2\/3 na li\u015bcie wszystkich uczestnik\u00f3w. Je\u015bli liczba uczestnik\u00f3w nie jest podzielna przez 3, wynikowa liczba zostanie zaokr\u0105glona w d\u00f3\u0142 do najbli\u017cszej liczby podzielnej przez 3. <\/span><b>Nagrody dodatkowe\/drugorz\u0119dne<\/b><span style=\"font-weight: 400;\"> wygrywaj\u0105 ci uczestnicy, kt\u00f3rzy odpowiedzieli poprawnie na wszystkie pytania i znajduj\u0105 si\u0119 na wysoko\u015bci 1\/7, 2\/7, 3\/7, 4\/7 i 5\/7 na li\u015bcie wszystkich uczestnik\u00f3w. Je\u015bli liczba uczestnik\u00f3w nie jest podzielna przez 7, wynikowa liczba zostanie zaokr\u0105glona w d\u00f3\u0142 do najbli\u017cszej liczby podzielnej przez 7.<\/span><\/p>\n<p><b>W rundzie 2 <\/b><span style=\"font-weight: 400;\">g\u0142\u00f3wne nagrody wygrywaj\u0105 ci uczestnicy, kt\u00f3rzy odpowiedzieli poprawnie na wszystkie pytania i znajduj\u0105 si\u0119 na wysoko\u015bci 1\/11 na li\u015bcie wszystkich uczestnik\u00f3w. Je\u015bli liczba uczestnik\u00f3w nie jest podzielna przez 4, wynikowa liczba zostanie zaokr\u0105glona w d\u00f3\u0142 do\u00a0 najbli\u017cszej liczby podzielnej przez 4. <\/span><b>Nagrody dodatkowe\/drugorz\u0119dne<\/b><span style=\"font-weight: 400;\"> wygrywaj\u0105 uczestnicy, kt\u00f3rzy odpowiedzieli poprawnie na wszystkie pytania i znajduj\u0105 si\u0119 na wysoko\u015bci 1\/21, 2\/21, 3\/21, 4\/21, 5\/21 na li\u015bcie wszystkich uczestnik\u00f3w. Je\u015bli liczba uczestnik\u00f3w nie jest podzielna przez 7, wynikowa liczba zostanie zaokr\u0105glona w d\u00f3\u0142 do najbli\u017cszej liczby podzielnej przez 7.<\/span><\/p>\n<p><b>W rundzie 3 <\/b><span style=\"font-weight: 400;\">g\u0142\u00f3wne nagrody wygrywaj\u0105 ci uczestnicy, kt\u00f3rzy odpowiedzieli poprawnie na wszystkie pytania i znajduj\u0105 si\u0119 na wysoko\u015bci 1\/4, 2\/4 i 3\/4 na li\u015bcie wszystkich uczestnik\u00f3w. Je\u015bli liczba uczestnik\u00f3w nie jest podzielna przez 4, wynikowa liczba zostanie zaokr\u0105glona w d\u00f3\u0142 do najbli\u017cszej liczby podzielnej przez 4. <\/span><b>Nagrody dodatkowe\/drugorz\u0119dne<\/b><span style=\"font-weight: 400;\"> wygrywaj\u0105 uczestnicy, kt\u00f3rzy odpowiedzieli poprawnie na wszystkie pytania i znajduj\u0105 si\u0119 na wysoko\u015bci 1\/7, 2\/7, 3\/7, 4\/7 i 5\/7 na li\u015bcie wszystkich uczestnik\u00f3w. Je\u015bli liczba uczestnik\u00f3w nie jest podzielna przez 7, wynikowa liczba zostanie zaokr\u0105glona w d\u00f3\u0142 do najbli\u017cszej liczby podzielnej przez 7.<\/span><\/p>\n<p><span style=\"font-weight: 400;\">Wszystkie listy powy\u017cszych uczestnik\u00f3w b\u0119d\u0105 zawsze sortowane chronologicznie w zale\u017cno\u015bci od czasu sk\u0142adania pyta\u0144 konkursowych.<\/span><\/p>\n<p><span style=\"font-weight: 400;\">Patron Konkursu poinformuje zwyci\u0119zc\u00f3w o nagrodzie za po\u015brednictwem adresu e-mail podanego podczas rejestracji w ci\u0105gu pi\u0119ciu dni od zako\u0144czenia danej rundy trwania Konkursu, a zwyci\u0119zcy zostan\u0105 poproszeni o podanie danych niezb\u0119dnych do przekazania lub wys\u0142ania nagrody lub do dalszej komunikacji. Je\u015bli zwyci\u0119zca nie zareaguje na e-mail wys\u0142any wielokrotnie przez Patrona Konkursu lub nie poda danych kontaktowych w ci\u0105gu 24 godzin od wys\u0142ania wiadomo\u015bci e-mail, jego nagroda przepadnie bez \u017cadnej rekompensaty.<\/span><\/p>\n<p><b>5. Opis nagr\u00f3d<\/b><\/p>\n<p><b>Nagroda g\u0142\u00f3wna:<\/b><\/p>\n<ul>\n<li style=\"font-weight: 400;\"><span style=\"font-weight: 400;\">2 x pakiet VIP Program Go\u015bcinno\u015bci (Etap 20)<\/span><\/li>\n<li style=\"font-weight: 400;\"><span style=\"font-weight: 400;\">1 x rower \u0160koda<\/span><\/li>\n<li style=\"font-weight: 400;\"><span style=\"font-weight: 400;\">3 x podpisana zielona koszulka<\/span><\/li>\n<\/ul>\n<p><b>Dodatkowe\/drugorz\u0119dne nagrody:<\/b><\/p>\n<ul>\n<li style=\"font-weight: 400;\"><span style=\"font-weight: 400;\">15 x zielona koszulka<\/span><\/li>\n<\/ul>\n<p>&nbsp;<\/p>\n<p><strong>6. Nabycie i u\u017cywanie nagra\u0144<\/strong><\/p>\n<p><span style=\"font-weight: 400;\">Patron otrzymuje od Uczestnika, kt\u00f3ry zostanie zwyci\u0119zc\u0105, zgod\u0119 na nabycie i u\u017cywanie portret\u00f3w, pisemnych o\u015bwiadcze\u0144, zdj\u0119\u0107 i nagra\u0144 audio-wideo zwi\u0105zanych z jego osob\u0105 oraz\/lub wypowiedzi osobistych b\u0119d\u0105cych w posiadaniu Patrona Konkursu w zwi\u0105zku z prowadzeniem Konkursu i przekazaniem informacji dotycz\u0105cych wy\u0142onienia Zwyci\u0119zcy poprzez media w celach komercyjnych, za pomoc\u0105 wszystkich typowych \u015brodk\u00f3w, niezale\u017cnie od ich charakteru lub rodzaju, wliczaj\u0105c w to wszelkie ich modyfikacje lub w\u0142\u0105czenie do innych materia\u0142\u00f3w. Uczestnik udziela Patronowi takiej zgody nieodp\u0142atnie i bez \u017cadnych ogranicze\u0144 natury fizycznej, czasowej, ilo\u015bciowej b\u0105d\u017a terytorialnej i mo\u017ce j\u0105 cofn\u0105\u0107 w ka\u017cdej chwili. Zgoda ta dotyczy r\u00f3wnie\u017c podmiot\u00f3w trzecich, kt\u00f3rym Patron mo\u017ce udost\u0119pni\u0107 materia\u0142y wed\u0142ug w\u0142asnego uznania.\u00a0<\/span><\/p>\n<p><b>7. Inne wa\u017cne zasady<\/b><\/p>\n<p><span style=\"font-weight: 400;\">Patron konkursu samodzielnie okre\u015bla dok\u0142adn\u0105 specyfikacj\u0119 nagrody \u2013 jej pokazywanie we wszystkich materia\u0142ach promocyjnych jest umowne.<\/span> <span style=\"font-weight: 400;\">Aby wygra\u0107 g\u0142\u00f3wn\u0105 nagrod\u0119, konieczne jest spe\u0142nienie innych warunk\u00f3w (paszport, wizy itp.) i obowi\u0105zk\u00f3w zwyci\u0119zcy oraz nale\u017cyte rozwa\u017cenie swojej zdolno\u015bci, g\u0142\u00f3wnie medycznej, do wykorzystania nagrody. Patron nie ponosi odpowiedzialno\u015bci za jakiekolwiek szkody poniesione przez uczestnika w wyniku wykorzystania nagrody.<\/span><\/p>\n<p><span style=\"font-weight: 400;\">Uczestnikom nie przys\u0142uguje prawo do rekompensaty finansowej lub innych jej form w zamian za nagrod\u0119. Patron nie jest zobowi\u0105zany w \u017caden inny spos\u00f3b do zapewnienia zado\u015b\u0107uczynienia Uczestnikom Konkursu ani do \u017cadnych innych czynno\u015bci z wyj\u0105tkiem tych wymienionych w niniejszym Regulaminie.\u00a0<\/span><\/p>\n<p><span style=\"font-weight: 400;\">Patron nie jest odpowiedzialny za jako\u015b\u0107 nagr\u00f3d dostarczonych przez podmioty trzecie. Ewentualne skargi w zwi\u0105zku z jako\u015bci\u0105 nagr\u00f3d powinny by\u0107 zg\u0142aszane bezpo\u015brednio do tych podmiot\u00f3w. Patron zastrzega sobie prawo do zmiany nagr\u00f3d wed\u0142ug w\u0142asnego uznania.<\/span><\/p>\n<p><span style=\"font-weight: 400;\">Uczestnik mo\u017ce zosta\u0107 wykluczony z Konkursu, je\u015bli Patron odkryje lub nabierze uzasadnionych podejrze\u0144, \u017ce Uczestnik lub inna osoba pomagaj\u0105ca Uczestnikowi bra\u0142y udzia\u0142 w oszustwie maj\u0105cym na celu zdobycie nagrody lub przejawia\u0142y zachowania krzywdz\u0105ce wobec reszty Uczestnik\u00f3w lub naruszaj\u0105ce postanowienia niniejszego Regulaminu.<\/span><\/p>\n<p><span style=\"font-weight: 400;\">Patron nie ponosi \u017cadnej odpowiedzialno\u015bci za nieudane dor\u0119czenie wiadomo\u015bci lub nagrody. Patron nie ponosi \u017cadnej odpowiedzialno\u015bci za b\u0142\u0119dy techniczne lub komunikacyjne.\u00a0<\/span><\/p>\n<p><span style=\"font-weight: 400;\">Patron podejmuje ostateczne decyzje dotycz\u0105ce skarg lub uwag. Patron Konkursu zastrzega sobie prawo do skr\u00f3cenia, op\u00f3\u017anienia, zawieszenia lub anulowania wydarzenia lub do zmiany zasad podczas jego trwania, zawiadamiaj\u0105c o tym na stronie internetowej wymienionej powy\u017cej, na kt\u00f3rej mo\u017cna znale\u017a\u0107 pe\u0142n\u0105 informacj\u0119 o zasadach.<\/span><\/p>\n<p><span style=\"font-weight: 400;\">Konkurs nie jest w \u017caden spos\u00f3b prowadzony, sponsorowany ani zwi\u0105zany z serwisem Facebook, za\u015b Facebook nie jest odpowiedzialny za Konkurs. Informacje pozyskane podczas trwania wydarzenia nie b\u0119d\u0105 przekazywane do serwisu Facebook. Wszystkie pytania, komentarze lub skargi powinny by\u0107 kierowane do Patrona Konkursu, nie za\u015b do Facebooka.<\/span><\/p>\n<p>&nbsp;<\/p>\n<p><span style=\"font-weight: 400;\">Konkurs jest prowadzony zgodnie z prawem obowi\u0105zuj\u0105cym w Republice Czeskiej, z wyj\u0105tkiem przepis\u00f3w z kraj\u00f3w Uczestnik\u00f3w stanowi\u0105cych inne prawo ni\u017c to, na kt\u00f3rym opiera si\u0119 Konkurs.<\/span><\/p>\n<p>&nbsp;<\/p>\n","protected":false},"excerpt":{"rendered":"<p>Regulamin okre\u015bla warunki konkursu \u201eWygraj wielkie nagrody 2020\u201d (zwanego dalej \u201eKonkursem\u201d) i jest jedynym dokumentem, kt\u00f3ry reguluje w ca\u0142o\u015bci i [&hellip;]<\/p>\n","protected":false},"author":27,"featured_media":0,"parent":11038,"menu_order":0,"comment_status":"closed","ping_status":"closed","template":"","meta":{"footnotes":""},"tags":[],"class_list":["post-11040","page","type-page","status-publish","hentry"],"yoast_head":"<!-- This site is optimized with the Yoast SEO Premium plugin v25.3 (Yoast SEO v25.9) - https:\/\/yoast.com\/wordpress\/plugins\/seo\/ -->\n<title>TDF 2020 \u2013 zasady i warunki - \u0160koda We Love Cycling - Poland<\/title>\n<meta name=\"robots\" content=\"index, follow, max-snippet:-1, max-image-preview:large, max-video-preview:-1\" \/>\n<link rel=\"canonical\" href=\"https:\/\/www.welovecycling.com\/pl\/tour-de-france-2020\/zasady-i-warunki\/\" \/>\n<meta property=\"og:locale\" content=\"pl_PL\" \/>\n<meta property=\"og:type\" content=\"article\" \/>\n<meta property=\"og:title\" content=\"TDF 2020 \u2013 zasady i warunki\" \/>\n<meta property=\"og:description\" content=\"Regulamin okre\u015bla warunki konkursu \u201eWygraj wielkie nagrody 2020\u201d (zwanego dalej \u201eKonkursem\u201d) i jest jedynym dokumentem, kt\u00f3ry reguluje w ca\u0142o\u015bci i [&hellip;]\" \/>\n<meta property=\"og:url\" content=\"https:\/\/www.welovecycling.com\/pl\/tour-de-france-2020\/zasady-i-warunki\/\" \/>\n<meta property=\"og:site_name\" content=\"\u0160koda We Love Cycling - Poland\" \/>\n<meta property=\"article:modified_time\" content=\"2020-08-27T11:13:21+00:00\" \/>\n<meta name=\"twitter:card\" content=\"summary_large_image\" \/>\n<meta name=\"twitter:label1\" content=\"Est. reading time\" \/>\n\t<meta name=\"twitter:data1\" content=\"7 minutes\" \/>\n<script type=\"application\/ld+json\" class=\"yoast-schema-graph\">{\"@context\":\"https:\/\/schema.org\",\"@graph\":[{\"@type\":\"WebPage\",\"@id\":\"https:\/\/www.welovecycling.com\/pl\/tour-de-france-2020\/zasady-i-warunki\/\",\"url\":\"https:\/\/www.welovecycling.com\/pl\/tour-de-france-2020\/zasady-i-warunki\/\",\"name\":\"TDF 2020 \u2013 zasady i warunki - \u0160koda We Love Cycling - Poland\",\"isPartOf\":{\"@id\":\"https:\/\/www.welovecycling.com\/pl\/#website\"},\"datePublished\":\"2020-08-27T10:14:53+00:00\",\"dateModified\":\"2020-08-27T11:13:21+00:00\",\"breadcrumb\":{\"@id\":\"https:\/\/www.welovecycling.com\/pl\/tour-de-france-2020\/zasady-i-warunki\/#breadcrumb\"},\"inLanguage\":\"pl-PL\",\"potentialAction\":[{\"@type\":\"ReadAction\",\"target\":[\"https:\/\/www.welovecycling.com\/pl\/tour-de-france-2020\/zasady-i-warunki\/\"]}]},{\"@type\":\"BreadcrumbList\",\"@id\":\"https:\/\/www.welovecycling.com\/pl\/tour-de-france-2020\/zasady-i-warunki\/#breadcrumb\",\"itemListElement\":[{\"@type\":\"ListItem\",\"position\":1,\"name\":\"Home\",\"item\":\"https:\/\/www.welovecycling.com\/pl\/\"},{\"@type\":\"ListItem\",\"position\":2,\"name\":\"Tour de France 2020\",\"item\":\"https:\/\/www.welovecycling.com\/pl\/tour-de-france-2020\/\"},{\"@type\":\"ListItem\",\"position\":3,\"name\":\"TDF 2020 \u2013 zasady i warunki\"}]},{\"@type\":\"WebSite\",\"@id\":\"https:\/\/www.welovecycling.com\/pl\/#website\",\"url\":\"https:\/\/www.welovecycling.com\/pl\/\",\"name\":\"\u0160koda We Love Cycling - Poland\",\"description\":\"\",\"potentialAction\":[{\"@type\":\"SearchAction\",\"target\":{\"@type\":\"EntryPoint\",\"urlTemplate\":\"https:\/\/www.welovecycling.com\/pl\/?s={search_term_string}\"},\"query-input\":{\"@type\":\"PropertyValueSpecification\",\"valueRequired\":true,\"valueName\":\"search_term_string\"}}],\"inLanguage\":\"pl-PL\"}]}<\/script>\n<!-- \/ Yoast SEO Premium plugin. -->","yoast_head_json":{"title":"TDF 2020 \u2013 zasady i warunki - \u0160koda We Love Cycling - Poland","robots":{"index":"index","follow":"follow","max-snippet":"max-snippet:-1","max-image-preview":"max-image-preview:large","max-video-preview":"max-video-preview:-1"},"canonical":"https:\/\/www.welovecycling.com\/pl\/tour-de-france-2020\/zasady-i-warunki\/","og_locale":"pl_PL","og_type":"article","og_title":"TDF 2020 \u2013 zasady i warunki","og_description":"Regulamin okre\u015bla warunki konkursu \u201eWygraj wielkie nagrody 2020\u201d (zwanego dalej \u201eKonkursem\u201d) i jest jedynym dokumentem, kt\u00f3ry reguluje w ca\u0142o\u015bci i [&hellip;]","og_url":"https:\/\/www.welovecycling.com\/pl\/tour-de-france-2020\/zasady-i-warunki\/","og_site_name":"\u0160koda We Love Cycling - Poland","article_modified_time":"2020-08-27T11:13:21+00:00","twitter_card":"summary_large_image","twitter_misc":{"Est. reading time":"7 minutes"},"schema":{"@context":"https:\/\/schema.org","@graph":[{"@type":"WebPage","@id":"https:\/\/www.welovecycling.com\/pl\/tour-de-france-2020\/zasady-i-warunki\/","url":"https:\/\/www.welovecycling.com\/pl\/tour-de-france-2020\/zasady-i-warunki\/","name":"TDF 2020 \u2013 zasady i warunki - \u0160koda We Love Cycling - Poland","isPartOf":{"@id":"https:\/\/www.welovecycling.com\/pl\/#website"},"datePublished":"2020-08-27T10:14:53+00:00","dateModified":"2020-08-27T11:13:21+00:00","breadcrumb":{"@id":"https:\/\/www.welovecycling.com\/pl\/tour-de-france-2020\/zasady-i-warunki\/#breadcrumb"},"inLanguage":"pl-PL","potentialAction":[{"@type":"ReadAction","target":["https:\/\/www.welovecycling.com\/pl\/tour-de-france-2020\/zasady-i-warunki\/"]}]},{"@type":"BreadcrumbList","@id":"https:\/\/www.welovecycling.com\/pl\/tour-de-france-2020\/zasady-i-warunki\/#breadcrumb","itemListElement":[{"@type":"ListItem","position":1,"name":"Home","item":"https:\/\/www.welovecycling.com\/pl\/"},{"@type":"ListItem","position":2,"name":"Tour de France 2020","item":"https:\/\/www.welovecycling.com\/pl\/tour-de-france-2020\/"},{"@type":"ListItem","position":3,"name":"TDF 2020 \u2013 zasady i warunki"}]},{"@type":"WebSite","@id":"https:\/\/www.welovecycling.com\/pl\/#website","url":"https:\/\/www.welovecycling.com\/pl\/","name":"\u0160koda We Love Cycling - Poland","description":"","potentialAction":[{"@type":"SearchAction","target":{"@type":"EntryPoint","urlTemplate":"https:\/\/www.welovecycling.com\/pl\/?s={search_term_string}"},"query-input":{"@type":"PropertyValueSpecification","valueRequired":true,"valueName":"search_term_string"}}],"inLanguage":"pl-PL"}]}},"_links":{"self":[{"href":"https:\/\/www.welovecycling.com\/pl\/wp-json\/wp\/v2\/pages\/11040","targetHints":{"allow":["GET"]}}],"collection":[{"href":"https:\/\/www.welovecycling.com\/pl\/wp-json\/wp\/v2\/pages"}],"about":[{"href":"https:\/\/www.welovecycling.com\/pl\/wp-json\/wp\/v2\/types\/page"}],"author":[{"embeddable":true,"href":"https:\/\/www.welovecycling.com\/pl\/wp-json\/wp\/v2\/users\/27"}],"replies":[{"embeddable":true,"href":"https:\/\/www.welovecycling.com\/pl\/wp-json\/wp\/v2\/comments?post=11040"}],"version-history":[{"count":2,"href":"https:\/\/www.welovecycling.com\/pl\/wp-json\/wp\/v2\/pages\/11040\/revisions"}],"predecessor-version":[{"id":11044,"href":"https:\/\/www.welovecycling.com\/pl\/wp-json\/wp\/v2\/pages\/11040\/revisions\/11044"}],"up":[{"embeddable":true,"href":"https:\/\/www.welovecycling.com\/pl\/wp-json\/wp\/v2\/pages\/11038"}],"wp:attachment":[{"href":"https:\/\/www.welovecycling.com\/pl\/wp-json\/wp\/v2\/media?parent=11040"}],"wp:term":[{"taxonomy":"post_tag","embeddable":true,"href":"https:\/\/www.welovecycling.com\/pl\/wp-json\/wp\/v2\/tags?post=11040"}],"curies":[{"name":"wp","href":"https:\/\/api.w.org\/{rel}","templated":true}]}}