{"id":10863,"date":"2020-07-06T07:53:43","date_gmt":"2020-07-06T07:53:43","guid":{"rendered":"https:\/\/www.welovecycling.com\/pl\/?page_id=10863"},"modified":"2020-07-06T07:58:32","modified_gmt":"2020-07-06T07:58:32","slug":"regulaminletapedutour2020","status":"publish","type":"page","link":"https:\/\/www.welovecycling.com\/pl\/regulaminletapedutour2020\/","title":{"rendered":"Regulamin konkursu L\u2019Etape du Tour 2020"},"content":{"rendered":"<p><strong>Regulamin okre\u015bla zasady udzia\u0142u w konkursie \u201eWirtualny L\u2019Etape du Tour 2020\u201d (zwanym dalej \u201eKonkursem\u201d) i jest jedynym dokumentem, kt\u00f3ry to czyni.<\/strong><\/p>\n<h2>1. Patron i Organizator konkursu<\/h2>\n<p>Patronem Konkursu (zwanym dalej \u201eOrganizatorem\u201d) jest \u0160koda AUTO a.s., Sp\u00f3\u0142ka Akcyjna z siedzib\u0105 przy t\u0159. V\u00e1clava Klementa 869, 293 01 Mlad\u00e1 Boleslav w Republice Czeskiej, o identyfikatorze 00177041, zarejestrowana w Rejestrze Handlowym zarz\u0105dzanym przez S\u0105d Sto\u0142eczny w Pradze \u2013 sekcja B, numer 332.<\/p>\n<p>Organizatorem Konkursu, zapewniaj\u0105cym zaplecze potrzebne w jego realizacji, jest firma MUSTARD s.r.o., zarejestrowana w Praha 1 \u2013 Nov\u00e9 M\u011bsto, Masarykovo n\u00e1b\u0159. 246, 110 00, w Republice Czeskiej, o identyfikatorze 28531418, zarejestrowana w Rejestrze Handlowym zarz\u0105dzanym przez S\u0105d Miejski w Pradze \u2013 sekcja C, numer 148383.<\/p>\n<h2>2. Warunki, etapy i miejsce konkursu<\/h2>\n<p>Konkurs b\u0119dzie si\u0119 sk\u0142ada\u0142 z trzech rund:<\/p>\n<p>Runda 1.: od 08:00 (CET) 04.07.2020 do 23:59 (CET) 05.07.2020<\/p>\n<p>Runda 2.: od 08:00 (CET) 11.07.2020 do 23:59 (CET) 12.07.2020<\/p>\n<p>Runda 3.: od 08:00 (CET) 18.07.2020 do 23:59 (CET) 19.07.2020<\/p>\n<p>Konkurs b\u0119dzie si\u0119 odbywa\u0142 na Instagramie, gdzie w wi\u0119kszej mierze b\u0119dzie mia\u0142a r\u00f3wnie\u017c miejsce komunikacja z uczestnikami Konkursu.<\/p>\n<h2>3. Warunki uczestnictwa.<\/h2>\n<p>Uczestnikiem Konkursu mo\u017ce by\u0107 wy\u0142\u0105cznie osoba fizyczna maj\u0105ca uko\u0144czone 18 lat, znaj\u0105ca j\u0119zyk angielski w stopniu \u015bredniozaawansowanym, b\u0119d\u0105ca mieszka\u0144cem jednego z kraj\u00f3w, w kt\u00f3rym odbywa si\u0119 konkurs: ANDORA, AUSTRIA, BELGIA, BO\u015aNIA, BU\u0141GARIA, CHORWACJA, CZARNOG\u00d3RA, CZECHY, DANIA, ESTONIA, FINLANDIA, FRANCJA, GRECJA, HISZPANIA, HOLANDIA, IRLANDIA, ISLANDIA, LIECHTENSTEIN,LITWA,LUKSEMBURG, \u0141OTWA NIEMCY, NORWEGIA, POLSKA, PORTUGALIA, RUMUNIA, SERBIA, SZWAJCARIA, SZWECJA, S\u0141OWACJA, S\u0141OWENIA, TURCJA, WIELKA BRYTANIA, W\u0118GRY, W\u0141OCHY.<\/p>\n<p>Osoby bior\u0105ce udzia\u0142 w przygotowaniu Konkursu, g\u0142\u00f3wnie te zatrudnione przez Patrona lub Organizatora Konkursu, nie maj\u0105 prawa uczestnictwa w Konkursie \u2013 dotyczy to tak\u017ce os\u00f3b utrzymuj\u0105cych podobne stosunki z autoryzowanym partnerem \u0160KODY lub z agencjami, kt\u00f3rym powierzono prac\u0119 zwi\u0105zan\u0105 z Konkursem, rodzin pracownik\u00f3w i os\u00f3b z nimi zwi\u0105zanych.<\/p>\n<h2>4. Przebieg konkursu i wy\u0142onienie zwyci\u0119zc\u00f3w.<\/h2>\n<p>\u017beby mie\u0107 szans\u0119 na wygran\u0105 kt\u00f3rej\u015b z nagr\u00f3d, uczestnicy musz\u0105 opublikowa\u0107 post na Instagramie wyra\u017anie pokazuj\u0105cy ich uczestnictwo w L\u2019Etape du Tour za po\u015brednictwem gry Zwift, wraz z hashtagiem #Ride2Unite. Post musi by\u0107 opublikowany podczas jednego z okres\u00f3w konkursowych wymienionych powy\u017cej. W konkursie b\u0119dzie brany pod uwag\u0119 tylko jeden post od ka\u017cdego uczestnika.<\/p>\n<p>Wy\u0142onienie zwyci\u0119zc\u00f3w odb\u0119dzie si\u0119 w nast\u0119puj\u0105cy spos\u00f3b: lista zakwalifikowanych post\u00f3w otagowanych #Ride2Unite zostanie sporz\u0105dzona zgodnie z kolejno\u015bci\u0105, w jakiej by\u0142y publikowane.<\/p>\n<p>Zwyci\u0119ski post na li\u015bcie zostanie wy\u0142oniony na nast\u0119puj\u0105cej zasadzie: tworzy si\u0119 liczb\u0119 poprzez zsumowanie wszystkich cyfr w liczbie wszystkich zakwalifikowanych post\u00f3w, a nast\u0119pnie wstawia si\u0119 wynik po przecinku po zerze i mno\u017cy si\u0119 go przez liczb\u0119 zakwalifikowanych post\u00f3w.<\/p>\n<p>Je\u015bli wynik nie jest liczb\u0105 ca\u0142kowit\u0105, zostanie zaokr\u0105glony w d\u00f3\u0142.<\/p>\n<p>Przyk\u0142ad: Liczba zakwalifikowanych post\u00f3w wynosi 1699.<\/p>\n<p>0,(1+6+9+9) * 1699 = 424,74. Zwyci\u0119ski post jest na 425. miejscu na li\u015bcie.<\/p>\n<p>Patron Konkursu poinformuje zwyci\u0119zc\u00f3w poprzez wiadomo\u015bci na Instagramie w ci\u0105gu pi\u0119ciu dni po zako\u0144czeniu etapu Konkursu. Zwyci\u0119zcy b\u0119d\u0105 poproszeni o podanie danych niezb\u0119dnych do przekazania lub wysy\u0142ki nagrody lub do dalszej komunikacji. Je\u015bli zwyci\u0119zca nie b\u0119dzie reagowa\u0142 na pr\u00f3by nawi\u0105zania kontaktu, wliczaj\u0105c w to wiadomo\u015bci e-mail wysy\u0142ane wielokrotnie przez Patrona Konkursu, lub nie poda swoich danych w ci\u0105gu 24 godzin po otrzymaniu wiadomo\u015bci e-mail, nagroda zostaje anulowana bez \u017cadnej rekompensaty.<\/p>\n<h2>5. Opis nagr\u00f3d<\/h2>\n<p>3 \u00d7 pakiety VIP Programu Go\u015bcinno\u015bci (Prze\u017cycie le Tour jak VIP \u2013 \u0142\u0105cznie z lotem helikopterem nad peletonem).<\/p>\n<h2>6. Nabycie i u\u017cywanie nagra\u0144<\/h2>\n<p>Patron otrzymuje od Uczestnika zgod\u0119 na nabycie i u\u017cywanie portret\u00f3w, pisemnych o\u015bwiadcze\u0144, zdj\u0119\u0107 i nagra\u0144 audio-wideo zwi\u0105zanych z jego osob\u0105 oraz\/lub wypowiedzi osobistych b\u0119d\u0105cych w posiadaniu Patrona Konkursu w zwi\u0105zku z prowadzeniem Konkursu i przekazaniem informacji dotycz\u0105cych wy\u0142onienia Zwyci\u0119zcy poprzez media w celach komercyjnych, za pomoc\u0105 wszystkich typowych \u015brodk\u00f3w, niezale\u017cnie od ich charakteru lub rodzaju, wliczaj\u0105c w to wszelkie ich modyfikacje lub w\u0142\u0105czenie do innych materia\u0142\u00f3w. Uczestnik udziela Patronowi takiej zgody nieodp\u0142atnie i bez \u017cadnych ogranicze\u0144 natury fizycznej, czasowej, ilo\u015bciowej b\u0105d\u017a terytorialnej i mo\u017ce j\u0105 cofn\u0105\u0107 w ka\u017cdej chwili. Zgoda ta dotyczy r\u00f3wnie\u017c podmiot\u00f3w trzecich, kt\u00f3rym Patron mo\u017ce udost\u0119pni\u0107 materia\u0142y.<\/p>\n<h2>7. Inne wa\u017cne zasady<\/h2>\n<p>Patron konkursu samodzielnie okre\u015bla spos\u00f3b traktowania nagrody \u2013 jej pokazywanie we wszystkich materia\u0142ach promocyjnych, szczeg\u00f3lnie na towarach promocyjnych, jest umowne. Patron nie ponosi \u017cadnej odpowiedzialno\u015bci za szkody poniesione przez uczestnika w wyniku korzystania z nagrody.<\/p>\n<p>Uczestnikom nie przys\u0142uguje prawo do rekompensaty finansowej lub innych jej form w zamian za nagrod\u0119. Patron nie jest zobowi\u0105zany w \u017caden inny spos\u00f3b do zapewnienia zado\u015b\u0107uczynienia Uczestnikom Konkursu ani do \u017cadnych innych czynno\u015bci z wyj\u0105tkiem tych wymienionych w niniejszym Regulaminie. Patron nie jest odpowiedzialny za jako\u015b\u0107 nagr\u00f3d dostarczonych przez podmioty trzecie; ewentualne skargi w zwi\u0105zku z jako\u015bci\u0105 nagr\u00f3d powinny by\u0107 zg\u0142aszane do tych podmiot\u00f3w. Patron zastrzega sobie prawo do zmiany nagrody wedle w\u0142asnego uznania.<\/p>\n<p>Uczestnik mo\u017ce zosta\u0107 wykluczony z Konkursu, je\u015bli Patron odkryje lub nabierze uzasadnionych podejrze\u0144, \u017ce Uczestnik lub inna osoba pomagaj\u0105ca Uczestnikowi bra\u0142y udzia\u0142 w oszustwie maj\u0105cym na celu zdobycie nagrody lub przejawia\u0142y zachowania krzywdz\u0105ce wobec reszty Uczestnik\u00f3w lub naruszaj\u0105ce postanowienia niniejszego Regulaminu.<\/p>\n<p>Patron nie ponosi \u017cadnej odpowiedzialno\u015bci za nieudane dor\u0119czenie wiadomo\u015bci lub nagrody. Patron nie ponosi \u017cadnej odpowiedzialno\u015bci za b\u0142\u0119dy techniczne lub komunikacyjne. Patron podejmuje ostateczne decyzje dotycz\u0105ce skarg lub uwag. Patron Konkursu zastrzega sobie prawo do skr\u00f3cenia, op\u00f3\u017anienia, zawieszenia lub anulowania wydarzenia lub do zmiany zasad podczas jego trwania, zawiadamiaj\u0105c o tym na stronie internetowej wymienionej powy\u017cej.<\/p>\n<p>Konkurs nie jest w \u017caden spos\u00f3b prowadzony, sponsorowany ani zwi\u0105zany z serwisem Facebook, za\u015b Facebook nie jest odpowiedzialny za Konkurs. Informacje pozyskane podczas trwania wydarzenia nie b\u0119d\u0105 przekazywane do serwisu Facebook. Wszystkie pytania, komentarze lub skargi powinny by\u0107 kierowane do Patrona Konkursu, nie za\u015b do Facebooka.<\/p>\n<p>Konkurs jest prowadzony zgodnie z prawem obowi\u0105zuj\u0105cym w Republice Czeskiej, z wyj\u0105tkiem przepis\u00f3w z kraj\u00f3w Uczestnik\u00f3w stanowi\u0105cych inne prawo ni\u017c to, na kt\u00f3rym si\u0119 opiera Konkurs.<\/p>\n<p>Ta promocja nie jest w \u017caden spos\u00f3b sponsorowana, wspierana lub zarz\u0105dzana ani w \u017caden spos\u00f3b zwi\u0105zana w serwisami Instagram oraz Facebook.<\/p>\n","protected":false},"excerpt":{"rendered":"<p>Regulamin okre\u015bla zasady udzia\u0142u w konkursie \u201eWirtualny L\u2019Etape du Tour 2020\u201d (zwanym dalej \u201eKonkursem\u201d) i jest jedynym dokumentem, kt\u00f3ry to [&hellip;]<\/p>\n","protected":false},"author":76,"featured_media":0,"parent":0,"menu_order":0,"comment_status":"closed","ping_status":"closed","template":"","meta":{"footnotes":""},"tags":[],"class_list":["post-10863","page","type-page","status-publish","hentry"],"yoast_head":"<!-- This site is optimized with the Yoast SEO Premium plugin v25.3 (Yoast SEO v25.9) - https:\/\/yoast.com\/wordpress\/plugins\/seo\/ -->\n<title>Regulamin konkursu L\u2019Etape du Tour 2020 - \u0160koda We Love Cycling - Poland<\/title>\n<meta name=\"robots\" content=\"index, follow, max-snippet:-1, max-image-preview:large, max-video-preview:-1\" \/>\n<link rel=\"canonical\" href=\"https:\/\/www.welovecycling.com\/pl\/regulaminletapedutour2020\/\" \/>\n<meta property=\"og:locale\" content=\"pl_PL\" \/>\n<meta property=\"og:type\" content=\"article\" \/>\n<meta property=\"og:title\" content=\"Regulamin konkursu L\u2019Etape du Tour 2020\" \/>\n<meta property=\"og:description\" content=\"Regulamin okre\u015bla zasady udzia\u0142u w konkursie \u201eWirtualny L\u2019Etape du Tour 2020\u201d (zwanym dalej \u201eKonkursem\u201d) i jest jedynym dokumentem, kt\u00f3ry to [&hellip;]\" \/>\n<meta property=\"og:url\" content=\"https:\/\/www.welovecycling.com\/pl\/regulaminletapedutour2020\/\" \/>\n<meta property=\"og:site_name\" content=\"\u0160koda We Love Cycling - Poland\" \/>\n<meta property=\"article:modified_time\" content=\"2020-07-06T07:58:32+00:00\" \/>\n<meta name=\"twitter:card\" content=\"summary_large_image\" \/>\n<meta name=\"twitter:label1\" content=\"Est. reading time\" \/>\n\t<meta name=\"twitter:data1\" content=\"5 minutes\" \/>\n<script type=\"application\/ld+json\" class=\"yoast-schema-graph\">{\"@context\":\"https:\/\/schema.org\",\"@graph\":[{\"@type\":\"WebPage\",\"@id\":\"https:\/\/www.welovecycling.com\/pl\/regulaminletapedutour2020\/\",\"url\":\"https:\/\/www.welovecycling.com\/pl\/regulaminletapedutour2020\/\",\"name\":\"Regulamin konkursu L\u2019Etape du Tour 2020 - \u0160koda We Love Cycling - Poland\",\"isPartOf\":{\"@id\":\"https:\/\/www.welovecycling.com\/pl\/#website\"},\"datePublished\":\"2020-07-06T07:53:43+00:00\",\"dateModified\":\"2020-07-06T07:58:32+00:00\",\"breadcrumb\":{\"@id\":\"https:\/\/www.welovecycling.com\/pl\/regulaminletapedutour2020\/#breadcrumb\"},\"inLanguage\":\"pl-PL\",\"potentialAction\":[{\"@type\":\"ReadAction\",\"target\":[\"https:\/\/www.welovecycling.com\/pl\/regulaminletapedutour2020\/\"]}]},{\"@type\":\"BreadcrumbList\",\"@id\":\"https:\/\/www.welovecycling.com\/pl\/regulaminletapedutour2020\/#breadcrumb\",\"itemListElement\":[{\"@type\":\"ListItem\",\"position\":1,\"name\":\"Home\",\"item\":\"https:\/\/www.welovecycling.com\/pl\/\"},{\"@type\":\"ListItem\",\"position\":2,\"name\":\"Regulamin konkursu L\u2019Etape du Tour 2020\"}]},{\"@type\":\"WebSite\",\"@id\":\"https:\/\/www.welovecycling.com\/pl\/#website\",\"url\":\"https:\/\/www.welovecycling.com\/pl\/\",\"name\":\"\u0160koda We Love Cycling - Poland\",\"description\":\"\",\"potentialAction\":[{\"@type\":\"SearchAction\",\"target\":{\"@type\":\"EntryPoint\",\"urlTemplate\":\"https:\/\/www.welovecycling.com\/pl\/?s={search_term_string}\"},\"query-input\":{\"@type\":\"PropertyValueSpecification\",\"valueRequired\":true,\"valueName\":\"search_term_string\"}}],\"inLanguage\":\"pl-PL\"}]}<\/script>\n<!-- \/ Yoast SEO Premium plugin. -->","yoast_head_json":{"title":"Regulamin konkursu L\u2019Etape du Tour 2020 - \u0160koda We Love Cycling - Poland","robots":{"index":"index","follow":"follow","max-snippet":"max-snippet:-1","max-image-preview":"max-image-preview:large","max-video-preview":"max-video-preview:-1"},"canonical":"https:\/\/www.welovecycling.com\/pl\/regulaminletapedutour2020\/","og_locale":"pl_PL","og_type":"article","og_title":"Regulamin konkursu L\u2019Etape du Tour 2020","og_description":"Regulamin okre\u015bla zasady udzia\u0142u w konkursie \u201eWirtualny L\u2019Etape du Tour 2020\u201d (zwanym dalej \u201eKonkursem\u201d) i jest jedynym dokumentem, kt\u00f3ry to [&hellip;]","og_url":"https:\/\/www.welovecycling.com\/pl\/regulaminletapedutour2020\/","og_site_name":"\u0160koda We Love Cycling - Poland","article_modified_time":"2020-07-06T07:58:32+00:00","twitter_card":"summary_large_image","twitter_misc":{"Est. reading time":"5 minutes"},"schema":{"@context":"https:\/\/schema.org","@graph":[{"@type":"WebPage","@id":"https:\/\/www.welovecycling.com\/pl\/regulaminletapedutour2020\/","url":"https:\/\/www.welovecycling.com\/pl\/regulaminletapedutour2020\/","name":"Regulamin konkursu L\u2019Etape du Tour 2020 - \u0160koda We Love Cycling - Poland","isPartOf":{"@id":"https:\/\/www.welovecycling.com\/pl\/#website"},"datePublished":"2020-07-06T07:53:43+00:00","dateModified":"2020-07-06T07:58:32+00:00","breadcrumb":{"@id":"https:\/\/www.welovecycling.com\/pl\/regulaminletapedutour2020\/#breadcrumb"},"inLanguage":"pl-PL","potentialAction":[{"@type":"ReadAction","target":["https:\/\/www.welovecycling.com\/pl\/regulaminletapedutour2020\/"]}]},{"@type":"BreadcrumbList","@id":"https:\/\/www.welovecycling.com\/pl\/regulaminletapedutour2020\/#breadcrumb","itemListElement":[{"@type":"ListItem","position":1,"name":"Home","item":"https:\/\/www.welovecycling.com\/pl\/"},{"@type":"ListItem","position":2,"name":"Regulamin konkursu L\u2019Etape du Tour 2020"}]},{"@type":"WebSite","@id":"https:\/\/www.welovecycling.com\/pl\/#website","url":"https:\/\/www.welovecycling.com\/pl\/","name":"\u0160koda We Love Cycling - Poland","description":"","potentialAction":[{"@type":"SearchAction","target":{"@type":"EntryPoint","urlTemplate":"https:\/\/www.welovecycling.com\/pl\/?s={search_term_string}"},"query-input":{"@type":"PropertyValueSpecification","valueRequired":true,"valueName":"search_term_string"}}],"inLanguage":"pl-PL"}]}},"_links":{"self":[{"href":"https:\/\/www.welovecycling.com\/pl\/wp-json\/wp\/v2\/pages\/10863","targetHints":{"allow":["GET"]}}],"collection":[{"href":"https:\/\/www.welovecycling.com\/pl\/wp-json\/wp\/v2\/pages"}],"about":[{"href":"https:\/\/www.welovecycling.com\/pl\/wp-json\/wp\/v2\/types\/page"}],"author":[{"embeddable":true,"href":"https:\/\/www.welovecycling.com\/pl\/wp-json\/wp\/v2\/users\/76"}],"replies":[{"embeddable":true,"href":"https:\/\/www.welovecycling.com\/pl\/wp-json\/wp\/v2\/comments?post=10863"}],"version-history":[{"count":2,"href":"https:\/\/www.welovecycling.com\/pl\/wp-json\/wp\/v2\/pages\/10863\/revisions"}],"predecessor-version":[{"id":10870,"href":"https:\/\/www.welovecycling.com\/pl\/wp-json\/wp\/v2\/pages\/10863\/revisions\/10870"}],"wp:attachment":[{"href":"https:\/\/www.welovecycling.com\/pl\/wp-json\/wp\/v2\/media?parent=10863"}],"wp:term":[{"taxonomy":"post_tag","embeddable":true,"href":"https:\/\/www.welovecycling.com\/pl\/wp-json\/wp\/v2\/tags?post=10863"}],"curies":[{"name":"wp","href":"https:\/\/api.w.org\/{rel}","templated":true}]}}