{"id":101,"date":"2016-11-22T16:00:31","date_gmt":"2016-11-22T16:00:31","guid":{"rendered":"https:\/\/www.welovecycling.com\/pl\/?page_id=101"},"modified":"2017-06-30T18:27:59","modified_gmt":"2017-06-30T18:27:59","slug":"regulamin-uslugi-newsletter","status":"publish","type":"page","link":"https:\/\/www.welovecycling.com\/pl\/regulamin-uslugi-newsletter\/","title":{"rendered":"Regulamin us\u0142ugi newsletter"},"content":{"rendered":"<p>Witamy na stronie WELOVECYCLING https:\/\/www.welovecycling.com (\u201estrona\u201d) prowadzonej przez MUSTARD s.r.o., nr rej.: 285 31 418, z siedzib\u0105 w Praha 1 &#8211; Nov\u00e9 M\u011bsto, Masarykovo n\u00e1b\u0159. 246, kod pocztowy Code 110 00, Czechy, dostawcy \u0160koda AUTO a.s., ID: 00177041, z siedzib\u0105 w Mlad\u00e1 Boleslav, T\u0159. V\u00e1clava Klementa 869, kod pocztowy 293 60, Czechy (WELOVECYCLING)<br \/>\nPoprzez subskrypcj\u0119 us\u0142ugi newsletter i zaprosze\u0144 na imprezy WELOVECYCLING (newsletter) potwierdzaj\u0105 Pa\u0144stwo zapoznanie si\u0119 z niniejszym regulaminem (w tym polityk\u0105 prywatno\u015bci \u0160koda AUTO, a.s.), akceptacj\u0119 niniejszego regulaminu i zgod\u0119 na na otrzymywanie newslettera. WELOVECYCLING mo\u017ce wprowadza\u0107 zmiany do niniejszego regulaminu. Kontynuowanie subskrypcji i otrzymywania newslettera uznaje si\u0119 za akceptacj\u0119 zmienionego regulaminu. Wgl\u0105d do niniejszego regulaminu jest mo\u017cliwy w ka\u017cdym momencie.<\/p>\n<h2>Zarz\u0105dzanie subskrypcj\u0105<\/h2>\n<p>Je\u015bli chc\u0105 Pa\u0144stwo zrezygnowa\u0107 z newslettera WELOVECYCLING, nale\u017cy post\u0119powa\u0107 zgodnie z procedur\u0105 rezygnacji z subskrypcji:<br \/>\nNale\u017cy klikn\u0105\u0107 na link rezygnacji (\u201eUnsubscribe\u201d) na dowolnej stronie newslettera (Newsletter WELOVECYCLING) lub bezpo\u015brednio w wiadomo\u015bci elektronicznej (tzn. newsletterze lub zaproszeniu na wydarzenie).<br \/>\nWype\u0142ni\u0107 formularz rezygnacji, potwierdzaj\u0105c sw\u00f3j adres e-mail.<br \/>\nKlikn\u0105\u0107 na \u201eUnsubscribe\u201d.<\/p>\n<h2>Prywatno\u015b\u0107<\/h2>\n<p>Pa\u0144stwa dane osobowe mog\u0105 by\u0107 zbierane w podstawowym(-ch) celu(-ach) informowania Pa\u0144stwa o tym, \u017ce WELOVECYCLING udost\u0119pnia nowe materia\u0142y, zaproszenie na wydarzenie lub informacje o produkcie za po\u015brednictwem naszego newslettera. <a href=\"\/\/www.welovecycling.com\/wide\/newsletter-terms-and-conditions\/countries\/\">Pa\u0144stwa adres email zostanie udost\u0119pniony podmiotom z siedzib\u0105 w Unii Europejskiej \u015bwiadcz\u0105cym us\u0142ugi marketingowe dla WELOVECYCLING i\u00a0odpowiedzialnych za rozsy\u0142anie naszych wszystkich informacji marketingowych.<\/a> Je\u015bli nie podadz\u0105 Pa\u0144stwo wymaganych informacji, wysy\u0142anie wiadomo\u015bci e-mail z newsletterem mo\u017ce nie by\u0107 mo\u017cliwe. Pa\u0144stwa adres e-mail zostanie ujawniony dostawcy us\u0142ug marketingowych z siedzib\u0105 w Unii Europejskiej, kt\u00f3ry jest odpowiedzialny za przesy\u0142anie wszystkich naszych komunikat\u00f3w w ramach us\u0142ugi newsletter. Dostawca jest zobowi\u0105zany do przestrzegania europejskich przepis\u00f3w dotycz\u0105cych prywatno\u015bci i podejmowania wszelkich racjonalnych krok\u00f3w w celu zapewnienia, \u017ce dane osobowe s\u0105 odpowiednio obs\u0142ugiwane i chronione. Polityka prywatno\u015bci WELOVECYCLING zawiera informacje o tym, jak mo\u017cna z\u0142o\u017cy\u0107 skarg\u0119 dotycz\u0105c\u0105 naruszenia europejskich zasad dotycz\u0105cych prywatno\u015bci oraz o sposobie rozpatrzenia takiej skargi, sposobie wnoszenia o dost\u0119p do Pa\u0144stwa przechowywanych danych osobowych i korekty takich informacji. Mog\u0105 Pa\u0144stwo kontaktowa\u0107 si\u0119 z WELOVECYCLING pod adresem e-mail info@welovecycling.com.<\/p>\n<h2>Prawa autorskie<\/h2>\n<p>Zawarto\u015b\u0107 newslettera WELOVECYCLING oraz wszelkie pomys\u0142y, projekty, grafiki, zdj\u0119cia, teksty, materia\u0142y audio i audiowizualne, dokumenty i wszelkie inne materia\u0142y zawarte w newsletterze podlegaj\u0105 prawu autorskiemu Unii Europejskiej i s\u0105 w\u0142asno\u015bci\u0105 WELOVECYCLING lub s\u0105 kontrolowane przez WELOVECYCLING lub licencjodawc\u00f3w WELOVECYCLING. W odniesieniu do newslettera (w tym jego cz\u0119\u015bci) zgadzaj\u0105 si\u0119 Pa\u0144stwo, \u017ce mog\u0105 korzysta\u0107 z komunikat\u00f3w rozsy\u0142anych w ramach newslettera wy\u0142\u0105cznie do u\u017cytku osobistego i nie wolno u\u017cywa\u0107 ich do cel\u00f3w komercyjnych. U\u017cytkownik nie mo\u017ce w \u017caden inny spos\u00f3b u\u017cywa\u0107, kopiowa\u0107, powiela\u0107, modyfikowa\u0107 ani przekazywa\u0107 ich tre\u015bci bez naszej uprzedniej pisemnej zgody. Nieupowa\u017cnione u\u017cycie jest zabronione i chronione prawem.<\/p>\n<h2>Zastrze\u017cenie i informacje og\u00f3lnie<\/h2>\n<p>Newsletter i jego tre\u015b\u0107 s\u0105 przekazywane jedynie w celach informacyjnych i nie maj\u0105 charakteru wyczerpuj\u0105cego ani doradczego. Cho\u0107 WELOVECYCLING podejmuje uzasadnione starania, aby informacje zawarte w newsletterze by\u0142y dok\u0142adne i aktualne, WELOVECYCLING nie gwarantuje dok\u0142adno\u015bci, aktualno\u015bci ani kompletno\u015bci przekazywanych informacji. WELOVECYCLING nie sk\u0142ada \u017cadnych o\u015bwiadcze\u0144 dotycz\u0105cych tre\u015bci ani przydatno\u015bci informacji zamieszczonych w newsletterze (w tym mi\u0119dzy innymi w \u017cadnych linkach do stron internetowych). W maksymalnym zakresie dozwolonym przez prawo WELOVECYCLING nie gwarantuje ani nie sk\u0142ada \u017cadnych o\u015bwiadcze\u0144 dotycz\u0105cych dok\u0142adno\u015bci, wiarygodno\u015bci, aktualno\u015bci lub jakiegokolwiek innego aspektu informacji zawartych w newsletterze.<br \/>\nNewsletter mo\u017ce zawiera\u0107 linki lub odniesienia do witryn os\u00f3b trzecich. WELOVECYCLING nie ponosi odpowiedzialno\u015bci za tre\u015b\u0107 tych witryn, a dost\u0119p do takich witryn i korzystanie z niech odbywa si\u0119 na w\u0142asne ryzyko. Wszelkie linki s\u0105 udost\u0119pniane wy\u0142\u0105cznie dla wygody i nie oznacza to naszego poparcia ani rekomendacji. WELOVECYCLING nie gwarantuje, \u017ce materia\u0142y dost\u0119pne w newsletterze lub za jego po\u015brednictwem b\u0119d\u0105 wolne od b\u0142\u0119d\u00f3w, wirus\u00f3w, robak\u00f3w lub innych szkodliwych kod\u00f3w. W zakresie dozwolonym przez prawo wy\u0142\u0105czona jest wszelka odpowiedzialno\u015b\u0107 za straty, szkody lub uszkodzenia wynik\u0142e z dost\u0119pu lub niemo\u017cno\u015bci uzyskania dost\u0119pu lub otrzymania jakichkolwiek kod\u00f3w lub polegania na informacjach otrzymanych w newsletterze lub za jego po\u015brednictwem.<br \/>\nNewsletter mo\u017ce zawiera\u0107 znaki towarowe chronione prawem. Nie wolno u\u017cywa\u0107 znak\u00f3w towarowych firmy WELOVECYCLING na ca\u0142ym \u015bwiecie bez naszej uprzedniej pisemnej zgody, z wyj\u0105tkiem zasadnego wskazania produkt\u00f3w lub us\u0142ugi WELOVECYCLING.<br \/>\nZobowi\u0105zuj\u0105 si\u0119 Pa\u0144stwo do podania prawid\u0142owych i dok\u0142adnych informacji w ramach subskrypcji newslettera WELOVECYCLING i przyjmuj\u0105 Pa\u0144stwo odpowiedzialno\u015b\u0107 za wszelkie b\u0142\u0119dy pope\u0142nione podczas wpisywania lub podawania Pa\u0144stwa danych, kt\u00f3re mog\u0105 doprowadzi\u0107 do niepowodzenia dostarczenia Pa\u0144stwu newslettera.<br \/>\nWELOVECYCLING ma prawo zawiesi\u0107 lub anulowa\u0107 Pa\u0144stwa subskrypcj\u0119 w dowolnym momencie wed\u0142ug w\u0142asnego uznania.<\/p>\n<h2>Niniejszy Regulamin<\/h2>\n<p>Podlega prawu Republiki Czeskiej i bezwarunkowo podlega jurysdykcji s\u0105d\u00f3w Republiki Czeskiej. Cho\u0107 czeskie newslettery mog\u0105 by\u0107 dystrybuowane lub w inny spos\u00f3b dost\u0119pne poza terytorium Republiki Czeskiej, WELOVECYCLING nie gwarantuje, \u017ce tre\u015b\u0107 b\u0119dzie zgodna z prawami innego kraju. Je\u015bli otrzymuj\u0105 Pa\u0144stwo newsletter w miejscu znajduj\u0105cym si\u0119 poza Republik\u0105 Czesk\u0105, ponosz\u0105 Pa\u0144stwo ca\u0142kowit\u0105 odpowiedzialno\u015b\u0107 za przestrzeganie lokalnych przepis\u00f3w prawnych i za wszelkie przypadki polegania na tre\u015bci newslettera.<\/p>\n<h2>Przechowywanie danych<\/h2>\n<p>Wszelkie dane osobowe, w tym adresy e-mail, s\u0105 przechowywane i archiwizowane w naszej infrastrukturze dzia\u0142aj\u0105cej w Amazon AWS zlokalizowanej w europejskich centrach danych. Chronimy dane na naszych serwerach, korzystaj\u0105c z kombinacji zabezpiecze\u0144 administracyjnych, fizycznych i logicznych. Nasze serwery s\u0105 chronione przez zapory, wykrywacze w\u0142ama\u0144 i skanery z\u0142o\u015bliwego oprogramowania. Dost\u0119p do serwer\u00f3w i infrastruktury jest zabezpieczony i udzielany wy\u0142\u0105cznie administratorom.<br \/>\nU\u017cywamy standardowego szyfrowania w celu ochrony Pa\u0144stwa danych podczas przesy\u0142ania. Jest ono powszechnie okre\u015blane jako zabezpieczenie warstwy transportowej (\u201eTLS\u201d) lub technologia bezpiecznej warstwy gniazd (\u201eSSL\u201d). Niemniej jednak nie mo\u017cna zagwarantowa\u0107, \u017ce transmisje danych internetowych b\u0119d\u0105 w 100% bezpieczne i w zwi\u0105zku z tym nie mo\u017cemy zapewni\u0107 bezpiecze\u0144stwa informacji podczas przesy\u0142ania mi\u0119dzy Pa\u0144stwem a nami; dlatego te\u017c przyjmuj\u0105 Pa\u0144stwo do wiadomo\u015bci, \u017ce robi\u0105 to na w\u0142asne ryzyko.<\/p>\n<h2>Dost\u0119p do danych<\/h2>\n<p>Maj\u0105 Pa\u0144stwo prawo:<br \/>\n1. sprawdza\u0107, czy \u0160koda AUTO a.s. (dalej \u201e\u0160koda AUTO\u201d) przechowuje jakie\u015b Pa\u0144stwa dane osobowe oraz prawo dost\u0119pu do takich danych;<br \/>\n2. domaga\u0107 si\u0119 od \u0160koda AUTO poprawienia wszelkich Pa\u0144stwa danych, kt\u00f3re s\u0105 nieprawid\u0142owe; i<br \/>\n3. sprawdza\u0107 polityki i praktyki \u0160koda AUTO dotycz\u0105ce danych osobowych.<br \/>\nPro\u015bb\u0119 o dost\u0119p do danych i ich poprawienia oraz zapytania o rodzaje przechowywanych danych nale\u017cy kierowa\u0107 na pi\u015bmie do: Biura WELOVECYCLING pod adres e-mail info@welovecycling.com<br \/>\nMog\u0105 Pa\u0144stwo r\u00f3wnie\u017c za\u017c\u0105da\u0107 od \u0160koda AUTO lub dowolnego wskazanego partnera usuni\u0119cia danych z aktywnej listy mailingowej lub dystrybucyjnej. Aby skorzysta\u0107 ze swoich praw, nale\u017cy skontaktowa\u0107 si\u0119 z nami drog\u0105 pocztow\u0105 lub mailem na adres \u0160koda AUTO, zaznaczaj\u0105c swoj\u0105 wiadomo\u015b\u0107 jako poufn\u0105 (\u201eConfidential\u201d). \u0160koda AUTO mo\u017ce podejmowa\u0107 uzasadnione kroki w celu zweryfikowania Pa\u0144stwa to\u017csamo\u015bci przed udzieleniem dost\u0119pu lub zezwolenia na poprawienie Pa\u0144stwa danych. Zgodnie z warunkami Rozporz\u0105dzenia \u0160koda AUTO ma prawo pobiera\u0107 uzasadnion\u0105 op\u0142at\u0119 za przetwarzanie \u017c\u0105da\u0144 dost\u0119pu do danych.<br \/>\nJedynymi podmiotami uprawnionymi do dost\u0119pu do danych s\u0105:<\/p>\n<h2>W\u0142a\u015bciciel us\u0142ugi newsletter<\/h2>\n<p>\u0160koda AUTO a.s.<br \/>\n\u200bT\u0159. V\u00e1clava Klementa 869<br \/>\n293 60 Mlad\u00e1 Boleslav<br \/>\nCzechy<br \/>\nZarejestrowana w rejestrze handlowym prowadzonym przez M\u011bstsk\u00fd soud v Praze (S\u0105d Miejski w Pradze) pod numerem akt B 332.<br \/>\nCz\u0142onek Grupy Volkswagen<br \/>\nNr rej.: 00 17 70 41<\/p>\n<h2>Dostawca WELOVECYCLING<\/h2>\n<p>MUSTARD s.r.o.<br \/>\nVinohradsk\u00e1 22<br \/>\n120 00 Praha 2<br \/>\nCzechy<br \/>\nZarejestrowana w rejestrze handlowym prowadzonym przez M\u011bstsk\u00fd soud v Praze (S\u0105d Miejski w Pradze) pod numerem akt C 148383.<br \/>\nNr rej.: 28531418<\/p>\n<h2>Dostawca us\u0142ug technicznych dla MUSTARD<\/h2>\n<p>YOUR SYSTEM, spol.s r.o.<br \/>\nT\u00fcrkova 2319\/5b<br \/>\n14900 Praha 4<br \/>\nCzechy<br \/>\nZarejestrowana w rejestrze handlowym prowadzonym przez M\u011bstsk\u00fd soud v Praze (S\u0105d Miejski w Pradze) pod numerem akt C 72.<br \/>\nNr rej.: 00174939<\/p>\n<h2>Dodatkowe informacje<\/h2>\n<p>Prosimy kontaktowa\u0107 si\u0119 z biurem WELOVECYCLING pod adresem e-mail info@welovecycling.com.<\/p>\n","protected":false},"excerpt":{"rendered":"<p>Witamy na stronie WELOVECYCLING https:\/\/www.welovecycling.com (\u201estrona\u201d) prowadzonej przez MUSTARD s.r.o., nr rej.: 285 31 418, z siedzib\u0105 w Praha 1 [&hellip;]<\/p>\n","protected":false},"author":1,"featured_media":0,"parent":0,"menu_order":0,"comment_status":"closed","ping_status":"closed","template":"","meta":{"footnotes":""},"tags":[],"class_list":["post-101","page","type-page","status-publish","hentry"],"yoast_head":"<!-- This site is optimized with the Yoast SEO Premium plugin v25.3 (Yoast SEO v25.9) - https:\/\/yoast.com\/wordpress\/plugins\/seo\/ -->\n<title>Regulamin us\u0142ugi newsletter - \u0160koda We Love Cycling - Poland<\/title>\n<meta name=\"robots\" content=\"index, follow, max-snippet:-1, max-image-preview:large, max-video-preview:-1\" \/>\n<link rel=\"canonical\" href=\"https:\/\/www.welovecycling.com\/pl\/regulamin-uslugi-newsletter\/\" \/>\n<meta property=\"og:locale\" content=\"pl_PL\" \/>\n<meta property=\"og:type\" content=\"article\" \/>\n<meta property=\"og:title\" content=\"Regulamin us\u0142ugi newsletter\" \/>\n<meta property=\"og:description\" content=\"Witamy na stronie WELOVECYCLING https:\/\/www.welovecycling.com (\u201estrona\u201d) prowadzonej przez MUSTARD s.r.o., nr rej.: 285 31 418, z siedzib\u0105 w Praha 1 [&hellip;]\" \/>\n<meta property=\"og:url\" content=\"https:\/\/www.welovecycling.com\/pl\/regulamin-uslugi-newsletter\/\" \/>\n<meta property=\"og:site_name\" content=\"\u0160koda We Love Cycling - Poland\" \/>\n<meta property=\"article:modified_time\" content=\"2017-06-30T18:27:59+00:00\" \/>\n<meta name=\"twitter:card\" content=\"summary_large_image\" \/>\n<meta name=\"twitter:label1\" content=\"Est. reading time\" \/>\n\t<meta name=\"twitter:data1\" content=\"7 minutes\" \/>\n<script type=\"application\/ld+json\" class=\"yoast-schema-graph\">{\"@context\":\"https:\/\/schema.org\",\"@graph\":[{\"@type\":\"WebPage\",\"@id\":\"https:\/\/www.welovecycling.com\/pl\/regulamin-uslugi-newsletter\/\",\"url\":\"https:\/\/www.welovecycling.com\/pl\/regulamin-uslugi-newsletter\/\",\"name\":\"Regulamin us\u0142ugi newsletter - \u0160koda We Love Cycling - Poland\",\"isPartOf\":{\"@id\":\"https:\/\/www.welovecycling.com\/pl\/#website\"},\"datePublished\":\"2016-11-22T16:00:31+00:00\",\"dateModified\":\"2017-06-30T18:27:59+00:00\",\"breadcrumb\":{\"@id\":\"https:\/\/www.welovecycling.com\/pl\/regulamin-uslugi-newsletter\/#breadcrumb\"},\"inLanguage\":\"pl-PL\",\"potentialAction\":[{\"@type\":\"ReadAction\",\"target\":[\"https:\/\/www.welovecycling.com\/pl\/regulamin-uslugi-newsletter\/\"]}]},{\"@type\":\"BreadcrumbList\",\"@id\":\"https:\/\/www.welovecycling.com\/pl\/regulamin-uslugi-newsletter\/#breadcrumb\",\"itemListElement\":[{\"@type\":\"ListItem\",\"position\":1,\"name\":\"Home\",\"item\":\"https:\/\/www.welovecycling.com\/pl\/\"},{\"@type\":\"ListItem\",\"position\":2,\"name\":\"Regulamin us\u0142ugi newsletter\"}]},{\"@type\":\"WebSite\",\"@id\":\"https:\/\/www.welovecycling.com\/pl\/#website\",\"url\":\"https:\/\/www.welovecycling.com\/pl\/\",\"name\":\"\u0160koda We Love Cycling - Poland\",\"description\":\"\",\"potentialAction\":[{\"@type\":\"SearchAction\",\"target\":{\"@type\":\"EntryPoint\",\"urlTemplate\":\"https:\/\/www.welovecycling.com\/pl\/?s={search_term_string}\"},\"query-input\":{\"@type\":\"PropertyValueSpecification\",\"valueRequired\":true,\"valueName\":\"search_term_string\"}}],\"inLanguage\":\"pl-PL\"}]}<\/script>\n<!-- \/ Yoast SEO Premium plugin. -->","yoast_head_json":{"title":"Regulamin us\u0142ugi newsletter - \u0160koda We Love Cycling - Poland","robots":{"index":"index","follow":"follow","max-snippet":"max-snippet:-1","max-image-preview":"max-image-preview:large","max-video-preview":"max-video-preview:-1"},"canonical":"https:\/\/www.welovecycling.com\/pl\/regulamin-uslugi-newsletter\/","og_locale":"pl_PL","og_type":"article","og_title":"Regulamin us\u0142ugi newsletter","og_description":"Witamy na stronie WELOVECYCLING https:\/\/www.welovecycling.com (\u201estrona\u201d) prowadzonej przez MUSTARD s.r.o., nr rej.: 285 31 418, z siedzib\u0105 w Praha 1 [&hellip;]","og_url":"https:\/\/www.welovecycling.com\/pl\/regulamin-uslugi-newsletter\/","og_site_name":"\u0160koda We Love Cycling - Poland","article_modified_time":"2017-06-30T18:27:59+00:00","twitter_card":"summary_large_image","twitter_misc":{"Est. reading time":"7 minutes"},"schema":{"@context":"https:\/\/schema.org","@graph":[{"@type":"WebPage","@id":"https:\/\/www.welovecycling.com\/pl\/regulamin-uslugi-newsletter\/","url":"https:\/\/www.welovecycling.com\/pl\/regulamin-uslugi-newsletter\/","name":"Regulamin us\u0142ugi newsletter - \u0160koda We Love Cycling - Poland","isPartOf":{"@id":"https:\/\/www.welovecycling.com\/pl\/#website"},"datePublished":"2016-11-22T16:00:31+00:00","dateModified":"2017-06-30T18:27:59+00:00","breadcrumb":{"@id":"https:\/\/www.welovecycling.com\/pl\/regulamin-uslugi-newsletter\/#breadcrumb"},"inLanguage":"pl-PL","potentialAction":[{"@type":"ReadAction","target":["https:\/\/www.welovecycling.com\/pl\/regulamin-uslugi-newsletter\/"]}]},{"@type":"BreadcrumbList","@id":"https:\/\/www.welovecycling.com\/pl\/regulamin-uslugi-newsletter\/#breadcrumb","itemListElement":[{"@type":"ListItem","position":1,"name":"Home","item":"https:\/\/www.welovecycling.com\/pl\/"},{"@type":"ListItem","position":2,"name":"Regulamin us\u0142ugi newsletter"}]},{"@type":"WebSite","@id":"https:\/\/www.welovecycling.com\/pl\/#website","url":"https:\/\/www.welovecycling.com\/pl\/","name":"\u0160koda We Love Cycling - Poland","description":"","potentialAction":[{"@type":"SearchAction","target":{"@type":"EntryPoint","urlTemplate":"https:\/\/www.welovecycling.com\/pl\/?s={search_term_string}"},"query-input":{"@type":"PropertyValueSpecification","valueRequired":true,"valueName":"search_term_string"}}],"inLanguage":"pl-PL"}]}},"_links":{"self":[{"href":"https:\/\/www.welovecycling.com\/pl\/wp-json\/wp\/v2\/pages\/101","targetHints":{"allow":["GET"]}}],"collection":[{"href":"https:\/\/www.welovecycling.com\/pl\/wp-json\/wp\/v2\/pages"}],"about":[{"href":"https:\/\/www.welovecycling.com\/pl\/wp-json\/wp\/v2\/types\/page"}],"author":[{"embeddable":true,"href":"https:\/\/www.welovecycling.com\/pl\/wp-json\/wp\/v2\/users\/1"}],"replies":[{"embeddable":true,"href":"https:\/\/www.welovecycling.com\/pl\/wp-json\/wp\/v2\/comments?post=101"}],"version-history":[{"count":2,"href":"https:\/\/www.welovecycling.com\/pl\/wp-json\/wp\/v2\/pages\/101\/revisions"}],"predecessor-version":[{"id":4373,"href":"https:\/\/www.welovecycling.com\/pl\/wp-json\/wp\/v2\/pages\/101\/revisions\/4373"}],"wp:attachment":[{"href":"https:\/\/www.welovecycling.com\/pl\/wp-json\/wp\/v2\/media?parent=101"}],"wp:term":[{"taxonomy":"post_tag","embeddable":true,"href":"https:\/\/www.welovecycling.com\/pl\/wp-json\/wp\/v2\/tags?post=101"}],"curies":[{"name":"wp","href":"https:\/\/api.w.org\/{rel}","templated":true}]}}