{"id":4,"date":"2019-05-09T11:01:34","date_gmt":"2019-05-09T11:01:34","guid":{"rendered":"https:\/\/www.welovecycling.com\/no\/?page_id=4"},"modified":"2025-02-27T09:26:33","modified_gmt":"2025-02-27T09:26:33","slug":"hjem","status":"publish","type":"page","link":"https:\/\/www.welovecycling.com\/no\/","title":{"rendered":"Hjem"},"content":{"rendered":"","protected":false},"excerpt":{"rendered":"","protected":false},"author":177,"featured_media":0,"parent":0,"menu_order":0,"comment_status":"closed","ping_status":"closed","template":"","meta":{"footnotes":""},"tags":[],"class_list":["post-4","page","type-page","status-publish","hentry"],"yoast_head":"<!-- This site is optimized with the Yoast SEO Premium plugin v25.3 (Yoast SEO v25.9) - https:\/\/yoast.com\/wordpress\/plugins\/seo\/ -->\n<title>\u0160kdoa We Love Cycling Norge - Online sykkelmagasin<\/title>\n<meta name=\"description\" content=\"welovecycling.no er et sykkelmagasin p\u00e5 nett for alle med interesse for sykling. Vi \u00f8nsker \u00e5 videreformidle v\u00e5r lidenskap for sykling gjennom spennende historier, kule videoer, og nyheter fra sykkelverdenen.\" \/>\n<meta name=\"robots\" content=\"index, follow, max-snippet:-1, max-image-preview:large, max-video-preview:-1\" \/>\n<link rel=\"canonical\" href=\"https:\/\/www.welovecycling.com\/no\/\" \/>\n<meta property=\"og:locale\" content=\"nb_NO\" \/>\n<meta property=\"og:type\" content=\"article\" \/>\n<meta property=\"og:title\" content=\"Hjem\" \/>\n<meta property=\"og:description\" content=\"welovecycling.no er et sykkelmagasin p\u00e5 nett for alle med interesse for sykling. Vi \u00f8nsker \u00e5 videreformidle v\u00e5r lidenskap for sykling gjennom spennende historier, kule videoer, og nyheter fra sykkelverdenen.\" \/>\n<meta property=\"og:url\" content=\"https:\/\/www.welovecycling.com\/no\/\" \/>\n<meta property=\"og:site_name\" content=\"\u0160koda We Love Cycling - Norge\" \/>\n<meta property=\"article:modified_time\" content=\"2025-02-27T09:26:33+00:00\" \/>\n<meta name=\"twitter:card\" content=\"summary_large_image\" \/>\n<script type=\"application\/ld+json\" class=\"yoast-schema-graph\">{\"@context\":\"https:\/\/schema.org\",\"@graph\":[{\"@type\":\"WebPage\",\"@id\":\"https:\/\/www.welovecycling.com\/no\/\",\"url\":\"https:\/\/www.welovecycling.com\/no\/\",\"name\":\"\u0160kdoa We Love Cycling Norge - Online sykkelmagasin\",\"isPartOf\":{\"@id\":\"https:\/\/www.welovecycling.com\/no\/#website\"},\"datePublished\":\"2019-05-09T11:01:34+00:00\",\"dateModified\":\"2025-02-27T09:26:33+00:00\",\"description\":\"welovecycling.no er et sykkelmagasin p\u00e5 nett for alle med interesse for sykling. Vi \u00f8nsker \u00e5 videreformidle v\u00e5r lidenskap for sykling gjennom spennende historier, kule videoer, og nyheter fra sykkelverdenen.\",\"inLanguage\":\"nb-NO\",\"potentialAction\":[{\"@type\":\"ReadAction\",\"target\":[\"https:\/\/www.welovecycling.com\/no\/\"]}]},{\"@type\":\"WebSite\",\"@id\":\"https:\/\/www.welovecycling.com\/no\/#website\",\"url\":\"https:\/\/www.welovecycling.com\/no\/\",\"name\":\"\u0160koda We Love Cycling - Norge\",\"description\":\"\u0160koda We Love Cycling\",\"potentialAction\":[{\"@type\":\"SearchAction\",\"target\":{\"@type\":\"EntryPoint\",\"urlTemplate\":\"https:\/\/www.welovecycling.com\/no\/?s={search_term_string}\"},\"query-input\":{\"@type\":\"PropertyValueSpecification\",\"valueRequired\":true,\"valueName\":\"search_term_string\"}}],\"inLanguage\":\"nb-NO\"}]}<\/script>\n<!-- \/ Yoast SEO Premium plugin. -->","yoast_head_json":{"title":"\u0160kdoa We Love Cycling Norge - Online sykkelmagasin","description":"welovecycling.no er et sykkelmagasin p\u00e5 nett for alle med interesse for sykling. Vi \u00f8nsker \u00e5 videreformidle v\u00e5r lidenskap for sykling gjennom spennende historier, kule videoer, og nyheter fra sykkelverdenen.","robots":{"index":"index","follow":"follow","max-snippet":"max-snippet:-1","max-image-preview":"max-image-preview:large","max-video-preview":"max-video-preview:-1"},"canonical":"https:\/\/www.welovecycling.com\/no\/","og_locale":"nb_NO","og_type":"article","og_title":"Hjem","og_description":"welovecycling.no er et sykkelmagasin p\u00e5 nett for alle med interesse for sykling. Vi \u00f8nsker \u00e5 videreformidle v\u00e5r lidenskap for sykling gjennom spennende historier, kule videoer, og nyheter fra sykkelverdenen.","og_url":"https:\/\/www.welovecycling.com\/no\/","og_site_name":"\u0160koda We Love Cycling - Norge","article_modified_time":"2025-02-27T09:26:33+00:00","twitter_card":"summary_large_image","schema":{"@context":"https:\/\/schema.org","@graph":[{"@type":"WebPage","@id":"https:\/\/www.welovecycling.com\/no\/","url":"https:\/\/www.welovecycling.com\/no\/","name":"\u0160kdoa We Love Cycling Norge - Online sykkelmagasin","isPartOf":{"@id":"https:\/\/www.welovecycling.com\/no\/#website"},"datePublished":"2019-05-09T11:01:34+00:00","dateModified":"2025-02-27T09:26:33+00:00","description":"welovecycling.no er et sykkelmagasin p\u00e5 nett for alle med interesse for sykling. Vi \u00f8nsker \u00e5 videreformidle v\u00e5r lidenskap for sykling gjennom spennende historier, kule videoer, og nyheter fra sykkelverdenen.","inLanguage":"nb-NO","potentialAction":[{"@type":"ReadAction","target":["https:\/\/www.welovecycling.com\/no\/"]}]},{"@type":"WebSite","@id":"https:\/\/www.welovecycling.com\/no\/#website","url":"https:\/\/www.welovecycling.com\/no\/","name":"\u0160koda We Love Cycling - Norge","description":"\u0160koda We Love Cycling","potentialAction":[{"@type":"SearchAction","target":{"@type":"EntryPoint","urlTemplate":"https:\/\/www.welovecycling.com\/no\/?s={search_term_string}"},"query-input":{"@type":"PropertyValueSpecification","valueRequired":true,"valueName":"search_term_string"}}],"inLanguage":"nb-NO"}]}},"_links":{"self":[{"href":"https:\/\/www.welovecycling.com\/no\/wp-json\/wp\/v2\/pages\/4","targetHints":{"allow":["GET"]}}],"collection":[{"href":"https:\/\/www.welovecycling.com\/no\/wp-json\/wp\/v2\/pages"}],"about":[{"href":"https:\/\/www.welovecycling.com\/no\/wp-json\/wp\/v2\/types\/page"}],"author":[{"embeddable":true,"href":"https:\/\/www.welovecycling.com\/no\/wp-json\/wp\/v2\/users\/177"}],"replies":[{"embeddable":true,"href":"https:\/\/www.welovecycling.com\/no\/wp-json\/wp\/v2\/comments?post=4"}],"version-history":[{"count":2,"href":"https:\/\/www.welovecycling.com\/no\/wp-json\/wp\/v2\/pages\/4\/revisions"}],"predecessor-version":[{"id":3165,"href":"https:\/\/www.welovecycling.com\/no\/wp-json\/wp\/v2\/pages\/4\/revisions\/3165"}],"wp:attachment":[{"href":"https:\/\/www.welovecycling.com\/no\/wp-json\/wp\/v2\/media?parent=4"}],"wp:term":[{"taxonomy":"post_tag","embeddable":true,"href":"https:\/\/www.welovecycling.com\/no\/wp-json\/wp\/v2\/tags?post=4"}],"curies":[{"name":"wp","href":"https:\/\/api.w.org\/{rel}","templated":true}]}}