{"id":3802,"date":"2025-06-20T15:30:56","date_gmt":"2025-06-20T15:30:56","guid":{"rendered":"https:\/\/www.welovecycling.com\/no\/?page_id=3802"},"modified":"2025-07-04T08:14:43","modified_gmt":"2025-07-04T08:14:43","slug":"andy-schleck","status":"publish","type":"page","link":"https:\/\/www.welovecycling.com\/no\/andy-schleck\/","title":{"rendered":"Bli med Andy Schleck p\u00e5 en sosial tur!"},"content":{"rendered":"","protected":false},"excerpt":{"rendered":"","protected":false},"author":169,"featured_media":0,"parent":0,"menu_order":0,"comment_status":"closed","ping_status":"closed","template":"skoda-tour-de-france-2025-subpage.php","meta":{"footnotes":""},"tags":[],"class_list":["post-3802","page","type-page","status-publish","hentry"],"yoast_head":"<!-- This site is optimized with the Yoast SEO Premium plugin v25.3 (Yoast SEO v25.9) - https:\/\/yoast.com\/wordpress\/plugins\/seo\/ -->\n<title>Bli med Andy Schleck p\u00e5 en sosial tur! - \u0160koda We Love Cycling - Norge<\/title>\n<meta name=\"description\" content=\"M\u00f8t oss i Frankrike for en sykkeltur med Andy Schleck, \u0160koda-effekter p\u00e5 stedet og fantastisk kaffe.\" \/>\n<meta name=\"robots\" content=\"index, follow, max-snippet:-1, max-image-preview:large, max-video-preview:-1\" \/>\n<link rel=\"canonical\" href=\"https:\/\/www.welovecycling.com\/no\/andy-schleck\/\" \/>\n<meta property=\"og:locale\" content=\"nb_NO\" \/>\n<meta property=\"og:type\" content=\"article\" \/>\n<meta property=\"og:title\" content=\"Bli med Andy Schleck p\u00e5 en sosial tur!\" \/>\n<meta property=\"og:description\" content=\"M\u00f8t oss i Frankrike for en sykkeltur med Andy Schleck, \u0160koda-effekter p\u00e5 stedet og fantastisk kaffe.\" \/>\n<meta property=\"og:url\" content=\"https:\/\/www.welovecycling.com\/no\/andy-schleck\/\" \/>\n<meta property=\"og:site_name\" content=\"\u0160koda We Love Cycling - Norge\" \/>\n<meta property=\"article:modified_time\" content=\"2025-07-04T08:14:43+00:00\" \/>\n<meta name=\"twitter:card\" content=\"summary_large_image\" \/>\n<script type=\"application\/ld+json\" class=\"yoast-schema-graph\">{\"@context\":\"https:\/\/schema.org\",\"@graph\":[{\"@type\":\"WebPage\",\"@id\":\"https:\/\/www.welovecycling.com\/no\/andy-schleck\/\",\"url\":\"https:\/\/www.welovecycling.com\/no\/andy-schleck\/\",\"name\":\"Bli med Andy Schleck p\u00e5 en sosial tur! - \u0160koda We Love Cycling - Norge\",\"isPartOf\":{\"@id\":\"https:\/\/www.welovecycling.com\/no\/#website\"},\"datePublished\":\"2025-06-20T15:30:56+00:00\",\"dateModified\":\"2025-07-04T08:14:43+00:00\",\"description\":\"M\u00f8t oss i Frankrike for en sykkeltur med Andy Schleck, \u0160koda-effekter p\u00e5 stedet og fantastisk kaffe.\",\"inLanguage\":\"nb-NO\",\"potentialAction\":[{\"@type\":\"ReadAction\",\"target\":[\"https:\/\/www.welovecycling.com\/no\/andy-schleck\/\"]}]},{\"@type\":\"WebSite\",\"@id\":\"https:\/\/www.welovecycling.com\/no\/#website\",\"url\":\"https:\/\/www.welovecycling.com\/no\/\",\"name\":\"\u0160koda We Love Cycling - Norge\",\"description\":\"\u0160koda We Love Cycling\",\"potentialAction\":[{\"@type\":\"SearchAction\",\"target\":{\"@type\":\"EntryPoint\",\"urlTemplate\":\"https:\/\/www.welovecycling.com\/no\/?s={search_term_string}\"},\"query-input\":{\"@type\":\"PropertyValueSpecification\",\"valueRequired\":true,\"valueName\":\"search_term_string\"}}],\"inLanguage\":\"nb-NO\"}]}<\/script>\n<!-- \/ Yoast SEO Premium plugin. -->","yoast_head_json":{"title":"Bli med Andy Schleck p\u00e5 en sosial tur! - \u0160koda We Love Cycling - Norge","description":"M\u00f8t oss i Frankrike for en sykkeltur med Andy Schleck, \u0160koda-effekter p\u00e5 stedet og fantastisk kaffe.","robots":{"index":"index","follow":"follow","max-snippet":"max-snippet:-1","max-image-preview":"max-image-preview:large","max-video-preview":"max-video-preview:-1"},"canonical":"https:\/\/www.welovecycling.com\/no\/andy-schleck\/","og_locale":"nb_NO","og_type":"article","og_title":"Bli med Andy Schleck p\u00e5 en sosial tur!","og_description":"M\u00f8t oss i Frankrike for en sykkeltur med Andy Schleck, \u0160koda-effekter p\u00e5 stedet og fantastisk kaffe.","og_url":"https:\/\/www.welovecycling.com\/no\/andy-schleck\/","og_site_name":"\u0160koda We Love Cycling - Norge","article_modified_time":"2025-07-04T08:14:43+00:00","twitter_card":"summary_large_image","schema":{"@context":"https:\/\/schema.org","@graph":[{"@type":"WebPage","@id":"https:\/\/www.welovecycling.com\/no\/andy-schleck\/","url":"https:\/\/www.welovecycling.com\/no\/andy-schleck\/","name":"Bli med Andy Schleck p\u00e5 en sosial tur! - \u0160koda We Love Cycling - Norge","isPartOf":{"@id":"https:\/\/www.welovecycling.com\/no\/#website"},"datePublished":"2025-06-20T15:30:56+00:00","dateModified":"2025-07-04T08:14:43+00:00","description":"M\u00f8t oss i Frankrike for en sykkeltur med Andy Schleck, \u0160koda-effekter p\u00e5 stedet og fantastisk kaffe.","inLanguage":"nb-NO","potentialAction":[{"@type":"ReadAction","target":["https:\/\/www.welovecycling.com\/no\/andy-schleck\/"]}]},{"@type":"WebSite","@id":"https:\/\/www.welovecycling.com\/no\/#website","url":"https:\/\/www.welovecycling.com\/no\/","name":"\u0160koda We Love Cycling - Norge","description":"\u0160koda We Love Cycling","potentialAction":[{"@type":"SearchAction","target":{"@type":"EntryPoint","urlTemplate":"https:\/\/www.welovecycling.com\/no\/?s={search_term_string}"},"query-input":{"@type":"PropertyValueSpecification","valueRequired":true,"valueName":"search_term_string"}}],"inLanguage":"nb-NO"}]}},"_links":{"self":[{"href":"https:\/\/www.welovecycling.com\/no\/wp-json\/wp\/v2\/pages\/3802","targetHints":{"allow":["GET"]}}],"collection":[{"href":"https:\/\/www.welovecycling.com\/no\/wp-json\/wp\/v2\/pages"}],"about":[{"href":"https:\/\/www.welovecycling.com\/no\/wp-json\/wp\/v2\/types\/page"}],"author":[{"embeddable":true,"href":"https:\/\/www.welovecycling.com\/no\/wp-json\/wp\/v2\/users\/169"}],"replies":[{"embeddable":true,"href":"https:\/\/www.welovecycling.com\/no\/wp-json\/wp\/v2\/comments?post=3802"}],"version-history":[{"count":1,"href":"https:\/\/www.welovecycling.com\/no\/wp-json\/wp\/v2\/pages\/3802\/revisions"}],"predecessor-version":[{"id":3803,"href":"https:\/\/www.welovecycling.com\/no\/wp-json\/wp\/v2\/pages\/3802\/revisions\/3803"}],"wp:attachment":[{"href":"https:\/\/www.welovecycling.com\/no\/wp-json\/wp\/v2\/media?parent=3802"}],"wp:term":[{"taxonomy":"post_tag","embeddable":true,"href":"https:\/\/www.welovecycling.com\/no\/wp-json\/wp\/v2\/tags?post=3802"}],"curies":[{"name":"wp","href":"https:\/\/api.w.org\/{rel}","templated":true}]}}