{"id":3750,"date":"2024-06-26T07:36:48","date_gmt":"2024-06-26T07:36:48","guid":{"rendered":"https:\/\/www.welovecycling.com\/no\/?page_id=3750"},"modified":"2024-06-26T09:47:51","modified_gmt":"2024-06-26T09:47:51","slug":"terms-and-conditions-whatsyourtour","status":"publish","type":"page","link":"https:\/\/www.welovecycling.com\/no\/tour-de-france-2024\/terms-and-conditions-whatsyourtour\/","title":{"rendered":"Terms And Conditions &#8211; whatsyourtour"},"content":{"rendered":"<p>Disse reglene styrer vilk\u00e5rene for konkurransen &laquo;\u00ab#whatsyourtour\u00bb (heretter referert til som \u00abkonkurransen\u00bb) og er det eneste dokumentet som fullstendig og obligatorisk regulerer reglene for denne konkurransen.<\/p>\n<h4><b>1. Vert for og arrang\u00f8r av konkurransen<\/b><\/h4>\n<p>Verten for konkurransen er \u0160koda Auto a.s., et aksjeselskap med hovedkontor i t\u0159. V\u00e1clava Klementa 869, 293 01 Mlad\u00e1 Boleslav, Tsjekkia, Organisasjonsnummer 00177041, registrert i handelsregisteret administrert av kommunedomstolen i Praha, seksjon B, filnummer 332 (heretter referert til som \u00abverten\u00bb).<\/p>\n<p>Arrang\u00f8ren av konkurransen, som gir praktiske trinn i organiseringen, er MUSTARD s.r.o., registrert kontor Praha 1 \u2013 Nov\u00e9 M\u011bsto, Masarykovo n\u00e1b\u0159. 246, 110 00, Tsjekkia, ID-nr. 28531418, registrert i handelsregisteret administrert av kommunedomstolen i Praha i seksjon C,\u00a0oppf\u00f8ring\u00a0148383. (heretter referert til som \u00abarrang\u00f8ren\u00bb)<\/p>\n<ol start=\"2\">\n<li><b> Varighet og plattform for konkurransen<\/b><\/li>\n<\/ol>\n<p>Konkurransen holdes fra 00:01 (CET) 26.6. 2024 til 23:59 (CET) 06.07. 2024. Konkurransen gjennomf\u00f8res p\u00e5 We Love Cyclings Instagram-, Facebook- og Youtube-kontoer, heretter referert til som \u00abkonkurranseplattformene\u00bb, der kommunikasjonen med deltakerne prim\u00e6rt foreg\u00e5r.<\/p>\n<h4><b>3. Deltakere i konkurransen<\/b><\/h4>\n<p>Enhver person som har fylt minst 18 \u00e5r, og som er bosatt i et av landene der konkurransen avholdes, kan delta i konkurransen. Konkurransen avholdes i f\u00f8lgende land: ANDORRA, \u00d8STERRIKE, BELGIA, BOSNIA, BULGARIA, KROATIA, TSJEKKIA, DANMARK, ESTLAND, FINLAND, FRANKRIKE, TYSKLAND, STORBRITANNIA, HELLAS, UNGARN, ISLAND, IRLAND, ITALIA, LATVIA, LIECHTENSTEIN, LITAUEN, LUXEMBOURG, MONTENEGRO, NEDERLAND, NORGE, POLEN, PORTUGAL, ROMANIA, SERBIA, SLOVAKIA, SLOVENIA, SPANIA, SVERIGE, SVEITS.<\/p>\n<p>Enhver person som har deltatt i forberedelsen av denne konkurransen, hovedsakelig personer ansatt av eller i et lignende knyttet til verten eller arrang\u00f8ren, er ikke kvalifisert til \u00e5 delta i konkurransen. Det samme gjelder enhver person i et lignende forhold med den deltakende autoriserte \u0160koda-partneren eller med byr\u00e5er som er betrodd \u00e5 sikre denne konkurransen, deres familiemedlemmer og personer n\u00e6r dem.<\/p>\n<h4><b>4. Konkurransemekanisme, evaluering av vinnere<\/b><\/h4>\n<p>Deltakere blir med i konkurransen ved \u00e5 inkludere en spesifikk emneknagg i bildetekstene til nylig publiserte eller eksisterende innlegg p\u00e5 Instagram. Det er avgj\u00f8rende at deltakerne er eiere av innholdet; innleggene m\u00e5 stamme fra deres kontoer. V\u00e6r oppmerksom p\u00e5 at Instagram Stories ikke vil v\u00e6re kvalifisert for denne konkurransen. Etter at konkurranseperioden er over, vil medlemmer av We Love Cycling-teamet velge de beste bidragene basert p\u00e5 kvaliteten p\u00e5 innholdet. Kriteriene for bed\u00f8mming inkluderer kreativitet, relevans for konkurransetemaet og generell visuell appell. Vi vil varsle de utvalgte vinnerne via Instagram Direct Message (DM), Facebook-melding eller via e-postadresse (hvis oppgitt p\u00e5 YouTube) for \u00e5 informere dem om gevinsten og de neste trinnene for \u00e5 kreve premiene deres. Hvis en vinner ikke svarer eller oppgir kontaktopplysninger innen 48 timer etter at meldingen er sendt, vil premien deres utl\u00f8pe uten kompensasjon.<\/p>\n<p>&nbsp;<\/p>\n<h4><b>5. Beskrivelse av premier<\/b><\/h4>\n<p>1x \u0160koda oppholdsprogram ved Tour de France 2024<\/p>\n<h2><b>6. Informasjon om behandling av personopplysninger<\/b><\/h2>\n<p>Verten, som behandlingsansvarlig for personopplysninger i henhold til Personvernforordningen (GDPR), EU 2016\/679), gir deg herved informasjon om behandlingen av personopplysninger og dine rettigheter knyttet til behandlingen.<\/p>\n<p>Behandlingen skjer innenfor rammen av f\u00f8lgende aktivitet:<\/p>\n<p>&#8211; Organisering av konkurranser og sikring av rettferdig stemmegivning i en avstemmingskonkurranse<\/p>\n<p>Rettslig grunnlag for behandlingen: Vi har rett til \u00e5 behandle personopplysningene dine p\u00e5 grunnlag av inng\u00e5else av en kontrakt (disse konkurransereglene).<\/p>\n<p>Kategorier av personopplysninger som vi behandler: Identifikasjonsdata, kontaktopplysninger, informasjon om gjensidig kommunikasjon og interaksjon.<\/p>\n<p>Behandlingsperiode: Vi behandler personopplysningene dine i ett \u00e5r etter at konkurransen er avsluttet.<\/p>\n<p>Kategorier av prosessorer og mottakere som vi kan gi personopplysninger til: Behandlingsansvarlig for personopplysninger er MUSTARD s.r.o., registrert kontor Praha 1 \u2013 Nov\u00e9 M\u011bsto, Masarykovo n\u00e1b\u0159. 246, 110 00, Tsjekkia, ID-nr. 28531418, registrert i handelsregisteret administrert av kommunedomstolen i Praha i seksjon C, oppf\u00f8ring 148383 (arrang\u00f8r). P\u00e5 foresp\u00f8rsel kan personopplysningene dine gis til offentlige myndigheter, s\u00e6rlig til domstolene, det tsjekkiske politi og andre rettsh\u00e5ndhevende organer i den grad det er n\u00f8dvendig innenfor lovens grenser.<\/p>\n<p>Kilde for personopplysninger: Vi mottar personopplysninger direkte fra deg.<\/p>\n<p>Overf\u00f8ring av personopplysninger til tredjeland og overnasjonale organisasjoner: Som en del av ovennevnte behandling vil dine personopplysninger ikke bli sendt til tredjeland og multinasjonale selskap.<\/p>\n<p>Automatisert beslutningsprosess basert p\u00e5 personopplysninger: Under denne behandlingen av personopplysninger skjer det ingen automatisk beslutningsprosess basert p\u00e5 personopplysningene.<\/p>\n<p>Annen informasjon: Personopplysninger kan arkiveres i offentlig interesse og brukes til vitenskapelige, historiske og statistiske forskningsform\u00e5l. I velbegrunnede tilfeller kan personopplysningene ogs\u00e5 bli gjenstand for behandling i forbindelse med rettssaker, herunder oppf\u00f8lging av forpliktelser overfor forvaltningsorganer og overv\u00e5king og l\u00f8pende vurdering av juridiske risikoer.<\/p>\n<p>Som del av behandlingen av personopplysningene, har du f\u00f8lgende rettigheter: Tilgang til de behandlede personopplysningene, retting av un\u00f8yaktige eller uriktige data eller komplettering av ufullstendige data, sletting av personopplysninger ved opph\u00f8r av form\u00e5l eller uautorisert behandling, begrensning eller blokkering av behandling av personopplysninger, oppf\u00f8ring av personopplysninger i en strukturert og maskinlesbart format for deg selv eller for en annen administrator, skal ikke v\u00e6re gjenstand for automatisk beslutningstaking.<\/p>\n<p>Bruk f\u00f8lgende kommunikasjonskanaler for \u00e5 ut\u00f8ve rettighetene dine:<\/p>\n<p>&#8211; Elektronisk p\u00e5: https:\/\/www.skoda-auto.com\/data-privacy<\/p>\n<p>&#8211; Per post: \u0160koda Auto a.s., Data Protection Office, t\u0159. V\u00e1clava Klementa 869, Mlad\u00e1 Boleslav II, 293 01 Mlad\u00e1 Boleslav, Tsjekkia (p\u00e5 engelsk eller tsjekkisk).<\/p>\n<p>I forbindelse med ut\u00f8velsen av dine rettigheter kan \u0160KODA AUTO kreve en rimelig avgift med tanke p\u00e5 de administrative kostnadene for behandling av foresp\u00f8rselen, dersom foresp\u00f8rselen fra eieren av personopplysningene er \u00e5penbart ubegrunnet eller overdreven.<\/p>\n<p>Hvis du har sp\u00f8rsm\u00e5l ang\u00e5ende beskyttelse av personopplysninger, kan du kontakt \u0160koda Autos personvernombud:<\/p>\n<p>dpo@skoda-auto.cz<\/p>\n<p>Hvis du ikke er enig i m\u00e5ten vi behandler dine personopplysninger p\u00e5, kan du sende inn en klage til \u0160koda Autos personvernombud eller sende inn en klage til tilsynsmyndigheten for \u00e5 beskytte rettighetene dine. Kontor for Personvern, Pplk. Sochora 27, 170 00 Praha 7, +420 234 665 111, <a href=\"https:\/\/www.uoou.cz\/en\">https:\/\/www.uoou.cz\/en<\/a><\/p>\n<h4><b>7. Anskaffelse og bruk av opptak<\/b><\/h4>\n<p>Om en deltaker blir en vinner, gir deltakeren verten samtykke til \u00e5 innhente og bruke deres portrettbilder, skriftlige uttalelser, bilder og lyd- og visuelle opptak relatert til deltakeren og\/eller uttrykk av personlig karakter for kommersielle form\u00e5l i alle kommunikasjonsmedier, uten begrensninger p\u00e5 materiale, tid, mengde eller territorium. Dette samtykket gis til verten vederlagsfritt og kan tilbakekalles n\u00e5r som helst. Det gjelder ogs\u00e5 for tredjeparter som verten kan gi slike opptak til.<\/p>\n<p>&nbsp;<\/p>\n<h4><b>8. Andre viktige betingelser<\/b><\/h4>\n<p>Verten skal utelukkende bestemme de n\u00f8yaktige spesifikasjonene for gevinstene. Visningen av gevinster i reklamemateriell er illustrerende. Verten skal ikke holdes ansvarlig for eventuelle skader p\u00e5f\u00f8rt deltakeren som f\u00f8lge av bruk av premien.<\/p>\n<p>Deltakerne har ikke rett til \u00e5 kreve penger eller andre former for oppfyllelse som erstatning for premien. Verten er ikke p\u00e5 annen m\u00e5te herved forpliktet til \u00e5 gi oppfyllelse til konkurransedeltakerne, og deltakerne skal ikke ha rett til noen oppfyllelse fra verten annet enn det som er uttrykkelig spesifisert her.<\/p>\n<p>Verten er ikke ansvarlig for direkte eller indirekte skader i forbindelse med deltakelse i konkurransen. Deltakeren godtar at verten ikke har noe ansvar for eventuelle risikoer og ansvar knyttet til premien. Resultatene av konkurransen er endelige, uten mulighet til \u00e5 anke av deltakeren eller vinneren n\u00e5r det gjelder gjennomf\u00f8ringen og resultatet av konkurransen.<\/p>\n<p>En deltaker kan ekskluderes fra konkurransen dersom verten oppdager eller har rimelig mistanke om at deltakeren eller andre personer som hjelper deltakeren har drevet svindel for \u00e5 motta premier eller engasjert seg i urettferdig oppf\u00f8rsel eller oppf\u00f8rsel som ikke er basert p\u00e5 deltakerens kunnskap iht. reglene.<\/p>\n<p>Verten er ikke ansvarlig for manglende levering av meldinger eller gevinster. Verten skal ikke holdes ansvarlig for feil som oppst\u00e5r som f\u00f8lge av tekniske eller kommunikasjonsmessige problemer. Verten skal med endelig gyldighet avgj\u00f8re eventuelle klager eller innsigelser. Verten forbeholder seg retten uten \u00e5 v\u00e6re p\u00e5lagt \u00e5 gi kompensasjon for \u00e5 forkorte, utsette, suspendere eller kansellere arrangementet og premiene eller \u00e5 endre eller legge til noe i disse reglene ensidig under arrangementets eksistens ved \u00e5 varsle om slike endringer p\u00e5 nettstedet spesifisert ovenfor, der den gyldige og fullstendige ordlyden av reglene ogs\u00e5 finnes.<\/p>\n<p>Denne konkurransen driftes ikke, sponses ikke av eller kan knyttes til Meta eller Google. Meta og Google er ikke ansvarlige for konkurransen. Sp\u00f8rsm\u00e5l, kommentarer eller klager om applikasjonen m\u00e5 rettes til verten, ikke Meta eller Google.<\/p>\n<p>Denne konkurransen er underlagt lovene i Tsjekkia.<\/p>\n","protected":false},"excerpt":{"rendered":"<p>Disse reglene styrer vilk\u00e5rene for konkurransen &laquo;\u00ab#whatsyourtour\u00bb (heretter referert til som \u00abkonkurransen\u00bb) og er det eneste dokumentet som fullstendig og [&hellip;]<\/p>\n","protected":false},"author":171,"featured_media":0,"parent":3737,"menu_order":0,"comment_status":"closed","ping_status":"closed","template":"templates\/template-empty-page-headline.php","meta":{"footnotes":""},"tags":[],"class_list":["post-3750","page","type-page","status-publish","hentry"],"yoast_head":"<!-- This site is optimized with the Yoast SEO Premium plugin v25.3 (Yoast SEO v25.9) - https:\/\/yoast.com\/wordpress\/plugins\/seo\/ -->\n<title>Terms And Conditions - whatsyourtour - \u0160koda We Love Cycling - Norge<\/title>\n<meta name=\"robots\" content=\"index, follow, max-snippet:-1, max-image-preview:large, max-video-preview:-1\" \/>\n<link rel=\"canonical\" href=\"https:\/\/www.welovecycling.com\/no\/tour-de-france-2024\/terms-and-conditions-whatsyourtour\/\" \/>\n<meta property=\"og:locale\" content=\"nb_NO\" \/>\n<meta property=\"og:type\" content=\"article\" \/>\n<meta property=\"og:title\" content=\"Terms And Conditions - whatsyourtour\" \/>\n<meta property=\"og:description\" content=\"Disse reglene styrer vilk\u00e5rene for konkurransen &laquo;\u00ab#whatsyourtour\u00bb (heretter referert til som \u00abkonkurransen\u00bb) og er det eneste dokumentet som fullstendig og [&hellip;]\" \/>\n<meta property=\"og:url\" content=\"https:\/\/www.welovecycling.com\/no\/tour-de-france-2024\/terms-and-conditions-whatsyourtour\/\" \/>\n<meta property=\"og:site_name\" content=\"\u0160koda We Love Cycling - Norge\" \/>\n<meta property=\"article:modified_time\" content=\"2024-06-26T09:47:51+00:00\" \/>\n<meta name=\"twitter:card\" content=\"summary_large_image\" \/>\n<meta name=\"twitter:label1\" content=\"Est. reading time\" \/>\n\t<meta name=\"twitter:data1\" content=\"7 minutter\" \/>\n<script type=\"application\/ld+json\" class=\"yoast-schema-graph\">{\"@context\":\"https:\/\/schema.org\",\"@graph\":[{\"@type\":\"WebPage\",\"@id\":\"https:\/\/www.welovecycling.com\/no\/tour-de-france-2024\/terms-and-conditions-whatsyourtour\/\",\"url\":\"https:\/\/www.welovecycling.com\/no\/tour-de-france-2024\/terms-and-conditions-whatsyourtour\/\",\"name\":\"Terms And Conditions - whatsyourtour - \u0160koda We Love Cycling - Norge\",\"isPartOf\":{\"@id\":\"https:\/\/www.welovecycling.com\/no\/#website\"},\"datePublished\":\"2024-06-26T07:36:48+00:00\",\"dateModified\":\"2024-06-26T09:47:51+00:00\",\"breadcrumb\":{\"@id\":\"https:\/\/www.welovecycling.com\/no\/tour-de-france-2024\/terms-and-conditions-whatsyourtour\/#breadcrumb\"},\"inLanguage\":\"nb-NO\",\"potentialAction\":[{\"@type\":\"ReadAction\",\"target\":[\"https:\/\/www.welovecycling.com\/no\/tour-de-france-2024\/terms-and-conditions-whatsyourtour\/\"]}]},{\"@type\":\"BreadcrumbList\",\"@id\":\"https:\/\/www.welovecycling.com\/no\/tour-de-france-2024\/terms-and-conditions-whatsyourtour\/#breadcrumb\",\"itemListElement\":[{\"@type\":\"ListItem\",\"position\":1,\"name\":\"Tour de France 2024\",\"item\":\"https:\/\/www.welovecycling.com\/no\/?page_id=3737\"},{\"@type\":\"ListItem\",\"position\":2,\"name\":\"Terms And Conditions &#8211; whatsyourtour\"}]},{\"@type\":\"WebSite\",\"@id\":\"https:\/\/www.welovecycling.com\/no\/#website\",\"url\":\"https:\/\/www.welovecycling.com\/no\/\",\"name\":\"\u0160koda We Love Cycling - Norge\",\"description\":\"\u0160koda We Love Cycling\",\"potentialAction\":[{\"@type\":\"SearchAction\",\"target\":{\"@type\":\"EntryPoint\",\"urlTemplate\":\"https:\/\/www.welovecycling.com\/no\/?s={search_term_string}\"},\"query-input\":{\"@type\":\"PropertyValueSpecification\",\"valueRequired\":true,\"valueName\":\"search_term_string\"}}],\"inLanguage\":\"nb-NO\"}]}<\/script>\n<!-- \/ Yoast SEO Premium plugin. -->","yoast_head_json":{"title":"Terms And Conditions - whatsyourtour - \u0160koda We Love Cycling - Norge","robots":{"index":"index","follow":"follow","max-snippet":"max-snippet:-1","max-image-preview":"max-image-preview:large","max-video-preview":"max-video-preview:-1"},"canonical":"https:\/\/www.welovecycling.com\/no\/tour-de-france-2024\/terms-and-conditions-whatsyourtour\/","og_locale":"nb_NO","og_type":"article","og_title":"Terms And Conditions - whatsyourtour","og_description":"Disse reglene styrer vilk\u00e5rene for konkurransen &laquo;\u00ab#whatsyourtour\u00bb (heretter referert til som \u00abkonkurransen\u00bb) og er det eneste dokumentet som fullstendig og [&hellip;]","og_url":"https:\/\/www.welovecycling.com\/no\/tour-de-france-2024\/terms-and-conditions-whatsyourtour\/","og_site_name":"\u0160koda We Love Cycling - Norge","article_modified_time":"2024-06-26T09:47:51+00:00","twitter_card":"summary_large_image","twitter_misc":{"Est. reading time":"7 minutter"},"schema":{"@context":"https:\/\/schema.org","@graph":[{"@type":"WebPage","@id":"https:\/\/www.welovecycling.com\/no\/tour-de-france-2024\/terms-and-conditions-whatsyourtour\/","url":"https:\/\/www.welovecycling.com\/no\/tour-de-france-2024\/terms-and-conditions-whatsyourtour\/","name":"Terms And Conditions - whatsyourtour - \u0160koda We Love Cycling - Norge","isPartOf":{"@id":"https:\/\/www.welovecycling.com\/no\/#website"},"datePublished":"2024-06-26T07:36:48+00:00","dateModified":"2024-06-26T09:47:51+00:00","breadcrumb":{"@id":"https:\/\/www.welovecycling.com\/no\/tour-de-france-2024\/terms-and-conditions-whatsyourtour\/#breadcrumb"},"inLanguage":"nb-NO","potentialAction":[{"@type":"ReadAction","target":["https:\/\/www.welovecycling.com\/no\/tour-de-france-2024\/terms-and-conditions-whatsyourtour\/"]}]},{"@type":"BreadcrumbList","@id":"https:\/\/www.welovecycling.com\/no\/tour-de-france-2024\/terms-and-conditions-whatsyourtour\/#breadcrumb","itemListElement":[{"@type":"ListItem","position":1,"name":"Tour de France 2024","item":"https:\/\/www.welovecycling.com\/no\/?page_id=3737"},{"@type":"ListItem","position":2,"name":"Terms And Conditions &#8211; whatsyourtour"}]},{"@type":"WebSite","@id":"https:\/\/www.welovecycling.com\/no\/#website","url":"https:\/\/www.welovecycling.com\/no\/","name":"\u0160koda We Love Cycling - Norge","description":"\u0160koda We Love Cycling","potentialAction":[{"@type":"SearchAction","target":{"@type":"EntryPoint","urlTemplate":"https:\/\/www.welovecycling.com\/no\/?s={search_term_string}"},"query-input":{"@type":"PropertyValueSpecification","valueRequired":true,"valueName":"search_term_string"}}],"inLanguage":"nb-NO"}]}},"_links":{"self":[{"href":"https:\/\/www.welovecycling.com\/no\/wp-json\/wp\/v2\/pages\/3750","targetHints":{"allow":["GET"]}}],"collection":[{"href":"https:\/\/www.welovecycling.com\/no\/wp-json\/wp\/v2\/pages"}],"about":[{"href":"https:\/\/www.welovecycling.com\/no\/wp-json\/wp\/v2\/types\/page"}],"author":[{"embeddable":true,"href":"https:\/\/www.welovecycling.com\/no\/wp-json\/wp\/v2\/users\/171"}],"replies":[{"embeddable":true,"href":"https:\/\/www.welovecycling.com\/no\/wp-json\/wp\/v2\/comments?post=3750"}],"version-history":[{"count":3,"href":"https:\/\/www.welovecycling.com\/no\/wp-json\/wp\/v2\/pages\/3750\/revisions"}],"predecessor-version":[{"id":3758,"href":"https:\/\/www.welovecycling.com\/no\/wp-json\/wp\/v2\/pages\/3750\/revisions\/3758"}],"up":[{"embeddable":true,"href":"https:\/\/www.welovecycling.com\/no\/wp-json\/wp\/v2\/pages\/3737"}],"wp:attachment":[{"href":"https:\/\/www.welovecycling.com\/no\/wp-json\/wp\/v2\/media?parent=3750"}],"wp:term":[{"taxonomy":"post_tag","embeddable":true,"href":"https:\/\/www.welovecycling.com\/no\/wp-json\/wp\/v2\/tags?post=3750"}],"curies":[{"name":"wp","href":"https:\/\/api.w.org\/{rel}","templated":true}]}}