{"id":3739,"date":"2024-06-18T09:57:24","date_gmt":"2024-06-18T09:57:24","guid":{"rendered":"https:\/\/www.welovecycling.com\/no\/?page_id=3739"},"modified":"2024-06-28T08:58:58","modified_gmt":"2024-06-28T08:58:58","slug":"terms-and-conditions","status":"publish","type":"page","link":"https:\/\/www.welovecycling.com\/no\/tour-de-france-2024\/terms-and-conditions\/","title":{"rendered":"Terms And Conditions"},"content":{"rendered":"<p><span style=\"font-weight: 400;\">Disse reglene regulerer vilk\u00e5rene for \u00abTDF-konkurransen for 2024\u00bb (heretter referert til som \u00abkonkurransen\u00bb) og er det eneste dokumentet som fullstendig og obligatorisk regulerer reglene for denne konkurransen.<\/span><\/p>\n<h4><b>1. Vert for og arrang\u00f8r av konkurransen<\/b><\/h4>\n<p><span style=\"font-weight: 400;\">Verten for konkurransen er \u0160koda Auto a.s., et aksjeselskap med hovedkontor i t\u0159. V\u00e1clava Klementa 869, 293 01 Mlad\u00e1 Boleslav, Tsjekkia, Organisasjonsummer 00177041, registrert i handelsregisteret administrert av kommunedomstolen i Praha, seksjon B, filnummer 332 (heretter referert til som \u00abverten\u00bb).<\/span><\/p>\n<p><span style=\"font-weight: 400;\">Arrang\u00f8ren av konkurransen, som gir praktiske trinn i organiseringen, er MUSTARD s.r.o., registrert kontor Praha 1 \u2013 Nov\u00e9 M\u011bsto, Masarykovo n\u00e1b\u0159. 246, 110 00, Tsjekkia, ID-nr. 28531418, registrert i handelsregisteret administrert av kommunedomstolen i Praha i seksjon C, oppf\u00f8ring 148383.<\/span><span style=\"font-weight: 400;\"><br \/>\n<\/span><span style=\"font-weight: 400;\">(heretter referert til som \u00abarrang\u00f8ren\u00bb)<\/span><\/p>\n<h4><b>2. Vilk\u00e5r og sted for konkurransen, konkurranserunder<\/b><\/h4>\n<ul>\n<li style=\"font-weight: 400;\" aria-level=\"1\"><span style=\"font-weight: 400;\">1. konkurranserunde \u2013 00:01 (CET) 29.06. 2024 til 23:59 (CET) 05.07. 2024<\/span><\/li>\n<li style=\"font-weight: 400;\" aria-level=\"1\"><span style=\"font-weight: 400;\">2. konkurranserunde \u2013 00:01 (CET) 06.07. 2024 til 23:59 (CET) 12.07. 2024<\/span><\/li>\n<li style=\"font-weight: 400;\" aria-level=\"1\"><span style=\"font-weight: 400;\">3. konkurranserunde \u2013 00:01 (CET) 13.07. 2024 til 23:59 (CET) 21.07. 2024<\/span><\/li>\n<li style=\"font-weight: 400;\" aria-level=\"1\"><span style=\"font-weight: 400;\">4. konkurranserunde \u2013 00:01 (CET) 12.08. 2024 til 23:59 (CET) 18.08. 2024<\/span><\/li>\n<\/ul>\n<p><span style=\"font-weight: 400;\">Konkurransen holdes p\u00e5 nettstedet www.welovecycling.com- (heretter referert til som \u00abkonkurransenettstedet\u00bb) der kommunikasjonen med deltakerne prim\u00e6rt foreg\u00e5r.<\/span><\/p>\n<h4><b>3. Deltakere i konkurransen<\/b><\/h4>\n<p><span style=\"font-weight: 400;\">Enhver person som har fylt minst 18 \u00e5r, og som er bosatt i et av landene der konkurransen avholdes, kan delta i konkurransen. Konkurransen avholdes i f\u00f8lgende land: ANDORRA, \u00d8STERRIKE, BELGIA, BOSNIA, BULGARIA, KROATIA, TSJEKKIA, DANMARK, ESTLAND, FINLAND, FRANKRIKE, TYSKLAND, STORBRITANNIA, HELLAS, UNGARN, ISLAND, IRLAND, ITALIA, LATVIA, LIECHTENSTEIN, LITAUEN, LUXEMBOURG, MONTENEGRO, NEDERLAND, NORGE, POLEN, PORTUGAL, ROMANIA, SERBIA, SLOVAKIA, SLOVENIA, SPANIA, SVERIGE, SVEITS.<\/span><\/p>\n<p><span style=\"font-weight: 400;\">For \u00e5 delta i konkurransen er det n\u00f8dvendig \u00e5 registrere seg p\u00e5 konkurransenettstedet n\u00e5r som helst i l\u00f8pet av en konkurranseperiode, og bekrefte ubetinget aksept av disse reglene. En del av registreringen (p\u00e5meldingsskjemaet) er levering av personopplysninger \u2013 e-postadresse som kun skal brukes knyttet til denne konkurransen.<\/span><\/p>\n<p><span style=\"font-weight: 400;\">Hver deltaker kan kun registrere seg \u00e9n gang og kun med sin egen e-postadresse. Konkurranseverten forbeholder seg retten til \u00e5 kontrollere denne regelen b\u00e5de teknisk og organisatorisk.<\/span><\/p>\n<p><span style=\"font-weight: 400;\">Enhver person som har deltatt i forberedelsen av denne konkurransen, hovedsakelig personer ansatt av eller i et lignende knyttet til verten eller arrang\u00f8ren, er ikke kvalifisert til \u00e5 delta i konkurransen. Det samme gjelder enhver person i et lignende forhold med den deltakende autoriserte \u0160koda-partneren eller med byr\u00e5er som er betrodd \u00e5 sikre denne konkurransen, deres familiemedlemmer og personer n\u00e6r dem.<\/span><\/p>\n<h4><b>4. Konkurransemekanisme, evaluering av vinnere<\/b><\/h4>\n<p><span style=\"font-weight: 400;\">Oppgaven til en deltaker er \u00e5 svare p\u00e5 tre konkurransesp\u00f8rsm\u00e5l. Alle deltakere som har svart riktig p\u00e5 alle tre sp\u00f8rsm\u00e5lene og registrert seg p\u00e5 nettsiden We Love Cycling, har en sjanse til \u00e5 vinne en premie.<\/span><\/p>\n<p><span style=\"font-weight: 400;\">I den f\u00f8rste konkurranserunden vinnes premiene av deltakerne som leverte alle riktige svar plassert p\u00e5 1\/11, 2\/11, 3\/11, 4\/11, 5\/11, 6\/11 og 7\/11 p\u00e5 listen over alle deltakere. Hvis antall deltakere ikke er delelig med 11, vil det resulterende antallet bli rundet ned til n\u00e6rmeste heltall som er delelig med 11.<\/span><\/p>\n<p><span style=\"font-weight: 400;\">I den andre konkurranserunden vinnes premiene av deltakerne som leverte alle riktige svar plassert p\u00e5 1\/11, 2\/11, 3\/11, 4\/11, 5\/11, 6\/11 og 7\/11 p\u00e5 listen over alle deltakere. Hvis antall deltakere ikke er delelig med 11, vil det resulterende antallet bli rundet ned til n\u00e6rmeste heltall som er delelig med 11.<\/span><\/p>\n<p><span style=\"font-weight: 400;\">I den tredje konkurranserunden vinnes premiene av deltakerne som leverte alle riktige svar plassert p\u00e5 1\/11, 2\/11, 3\/11, 4\/11, 5\/11, 6\/11, 7\/11, 8\/ 11 og 9\/11 p\u00e5 listen over alle deltakere. Hvis antall deltakere ikke er delelig med 11, vil det resulterende antallet bli rundet ned til n\u00e6rmeste heltall som er delelig med 11.<\/span><\/p>\n<p><span style=\"font-weight: 400;\">I den fjerde konkurranserunden vinnes premiene av deltakerne som leverte alle riktige svar plassert p\u00e5 1\/11, 2\/11, 3\/11, 4\/11, 5\/11, 6\/11, 7\/11, 8\/ 11 og 9\/11 p\u00e5 listen over alle deltakere. Hvis antall deltakere ikke er delelig med 11, vil det resulterende antallet bli rundet ned til n\u00e6rmeste heltall som er delelig med 11.<\/span><\/p>\n<p><span style=\"font-weight: 400;\">Listen over deltakere sorteres kronologisk i henhold til tidspunktet for innsending av konkurransesp\u00f8rsm\u00e5lene. De f\u00f8rste personene som er plassert som nevnt ovenfor fra listen vil v\u00e6re vinnerne. For eksempel, for runde 1, i tilfelle 7183 deltakere, plasseres vinnerne p\u00e5 plasseringene 653., 1306., 1959. (osv.).<\/span><\/p>\n<p><span style=\"font-weight: 400;\">Konkurranseverten vil informere vinnerne via e-post gitt under registreringen innen fem dager etter at den aktuelle konkurranseperioden slutter, og vinnerne vil bli bedt om \u00e5 oppgi opplysninger som er n\u00f8dvendig for overlevering eller sending av premien eller for videre kommunikasjon. Hvis vinneren ikke h\u00f8rer fra seg, selv p\u00e5 en e-post sendt gjentatte ganger av konkurranseverten eller ikke gir kontaktopplysninger innen 24 timer etter at e-posten ble sendt, vil premien utl\u00f8pe uten kompensasjon.<\/span><\/p>\n<h4><b>5. Beskrivelse av premier<\/b><\/h4>\n<p><span style=\"font-weight: 400;\">Runde 1<\/span><\/p>\n<ul>\n<li style=\"font-weight: 400;\" aria-level=\"1\"><span style=\"font-weight: 400;\">1x Cannondale SuperSix Evo 3<\/span><\/li>\n<li style=\"font-weight: 400;\" aria-level=\"1\"><span style=\"font-weight: 400;\">2 x POC PROCEN-hjelmer<\/span><\/li>\n<li style=\"font-weight: 400;\" aria-level=\"1\"><span style=\"font-weight: 400;\">5x \u0160koda gr\u00f8nn tr\u00f8ye<\/span><\/li>\n<\/ul>\n<p>&nbsp;<\/p>\n<p><span style=\"font-weight: 400;\">Runde 2<\/span><\/p>\n<ul>\n<li style=\"font-weight: 400;\" aria-level=\"1\"><span style=\"font-weight: 400;\">1x Cannondale Topstone <\/span><span style=\"font-weight: 400;\">Carbon 2 Lefty<\/span><\/li>\n<li style=\"font-weight: 400;\" aria-level=\"1\"><span style=\"font-weight: 400;\">2 x POC PROCEN-hjelmer<\/span><\/li>\n<li style=\"font-weight: 400;\" aria-level=\"1\"><span style=\"font-weight: 400;\">5x \u0160koda gr\u00f8nn tr\u00f8ye<\/span><\/li>\n<\/ul>\n<p>&nbsp;<\/p>\n<p><span style=\"font-weight: 400;\">Runde 3<\/span><\/p>\n<ul>\n<li style=\"font-weight: 400;\" aria-level=\"1\"><span style=\"font-weight: 400;\">1x Cannondale Scalpel <\/span><span style=\"font-weight: 400;\">HT Carbon 1<\/span><\/li>\n<li style=\"font-weight: 400;\" aria-level=\"1\"><span style=\"font-weight: 400;\">2 x POC Ventral Air MIPS-hjelmer<\/span><\/li>\n<li style=\"font-weight: 400;\" aria-level=\"1\"><span style=\"font-weight: 400;\">5x \u0160koda gr\u00f8nn tr\u00f8ye<\/span><\/li>\n<\/ul>\n<p>&nbsp;<\/p>\n<p><span style=\"font-weight: 400;\">Runde 4<\/span><\/p>\n<ul>\n<li style=\"font-weight: 400;\" aria-level=\"1\"><span style=\"font-weight: 400;\">1x Cannondale Mavaro NEO 3<\/span><\/li>\n<li style=\"font-weight: 400;\" aria-level=\"1\"><span style=\"font-weight: 400;\">1x Wahoo Elemnt Roam<\/span><\/li>\n<li style=\"font-weight: 400;\" aria-level=\"1\"><span style=\"font-weight: 400;\">5x \u0160koda gr\u00f8nn tr\u00f8ye<\/span><\/li>\n<\/ul>\n<p>&nbsp;<\/p>\n<p><span style=\"font-weight: 400;\">P\u00e5 grunn av potensielle forsinkelser i tilgjengeligheten av deler, kan levering av sykler som premier ta opptil 8 m\u00e5neder. Denne forsinkelsen er for\u00e5rsaket av faktorer utenfor v\u00e5r umiddelbare kontroll, for eksempel innkj\u00f8p av komponenter som kreves for montering.<\/span><\/p>\n<h4><b>6. Informasjon om behandling av personopplysninger<\/b><\/h4>\n<p><span style=\"font-weight: 400;\">Verten, som behandlingsansvarlig for personopplysninger i henhold til Personvernforordningen (GDPR), EU 2016\/679), gir deg herved informasjon om behandlingen av personopplysninger og dine rettigheter knyttet til behandlingen.<\/span><\/p>\n<p><span style=\"font-weight: 400;\">Behandlingen skjer innenfor rammen av f\u00f8lgende aktivitet:<\/span><\/p>\n<p><span style=\"font-weight: 400;\">&#8211; Organisering av konkurranser og sikring av rettferdig stemmegivning i en avstemmingskonkurranse\u00a0<\/span><\/p>\n<p><span style=\"font-weight: 400;\">Rettslig grunnlag for behandlingen: Vi har rett til \u00e5 behandle personopplysningene dine p\u00e5 grunnlag av inng\u00e5else av en kontrakt (disse konkurransereglene).<\/span><\/p>\n<p><span style=\"font-weight: 400;\">Kategorier av personopplysninger som vi behandler: Identifikasjonsdata, kontaktopplysninger, informasjon om gjensidig kommunikasjon og interaksjon.<\/span><\/p>\n<p><span style=\"font-weight: 400;\">Behandlingsperiode: Vi behandler personopplysningene dine i ett \u00e5r etter at konkurransen er avsluttet.<\/span><\/p>\n<p><span style=\"font-weight: 400;\">Kategorier av prosessorer og mottakere som vi kan gi personopplysninger til: Behandlingsansvarlig for personopplysninger er MUSTARD s.r.o., registrert kontor Praha 1 \u2013 Nov\u00e9 M\u011bsto, Masarykovo n\u00e1b\u0159. 246, 110 00, Tsjekkia, ID-nr. 28531418, registrert i handelsregisteret administrert av kommunedomstolen i Praha i seksjon C, oppf\u00f8ring 148383 (arrang\u00f8r). P\u00e5 foresp\u00f8rsel kan personopplysningene dine gis til offentlige myndigheter, s\u00e6rlig til domstolene, det tsjekkiske politi og andre rettsh\u00e5ndhevende organer i den grad det er n\u00f8dvendig innenfor lovens grenser.<\/span><\/p>\n<p><span style=\"font-weight: 400;\">Kilde for personopplysninger: Vi mottar personopplysninger direkte fra deg.<\/span><\/p>\n<p><span style=\"font-weight: 400;\">Overf\u00f8ring av personopplysninger til tredjeland og overnasjonale organisasjoner: Som en del av ovennevnte behandling vil dine personopplysninger ikke bli sendt til tredjeland og multinasjonale selskap.<\/span><\/p>\n<p><span style=\"font-weight: 400;\">Automatisert beslutningsprosess basert p\u00e5 personopplysninger: Under denne behandlingen av personopplysninger skjer det ingen automatisk beslutningsprosess basert p\u00e5 personopplysningene.<\/span><\/p>\n<p><span style=\"font-weight: 400;\">Annen informasjon: Personopplysninger kan arkiveres i offentlig interesse og brukes til vitenskapelige, historiske og statistiske forskningsform\u00e5l. I velbegrunnede tilfeller kan personopplysningene ogs\u00e5 bli gjenstand for behandling i forbindelse med rettssaker, herunder oppf\u00f8lging av forpliktelser overfor forvaltningsorganer og overv\u00e5king og l\u00f8pende vurdering av juridiske risikoer.<\/span><\/p>\n<p><span style=\"font-weight: 400;\">Som del av behandlingen av personopplysningene, har du f\u00f8lgende rettigheter: Tilgang til de behandlede personopplysningene, retting av un\u00f8yaktige eller uriktige data eller komplettering av ufullstendige data, sletting av personopplysninger ved opph\u00f8r av form\u00e5l eller uautorisert behandling, begrensning eller blokkering av behandling av personopplysninger, oppf\u00f8ring av personopplysninger i en strukturert og maskinlesbart format for deg selv eller for en annen administrator, skal ikke v\u00e6re gjenstand for automatisk beslutningstaking.<\/span><\/p>\n<p><span style=\"font-weight: 400;\">Bruk f\u00f8lgende kommunikasjonskanaler for \u00e5 ut\u00f8ve rettighetene dine:\u00a0<\/span><\/p>\n<p><span style=\"font-weight: 400;\">&#8211; Elektronisk p\u00e5: https:\/\/www.skoda-auto.com\/data-privacy<\/span><\/p>\n<p><span style=\"font-weight: 400;\">&#8211; Per post: \u0160koda Auto a.s., Data Protection Office, t\u0159. V\u00e1clava Klementa 869, Mlad\u00e1 Boleslav II, 293 01 Mlad\u00e1 Boleslav, Tsjekkia (p\u00e5 engelsk eller tsjekkisk).<\/span><\/p>\n<p><span style=\"font-weight: 400;\">I forbindelse med ut\u00f8velsen av dine rettigheter kan \u0160KODA AUTO kreve en rimelig avgift med tanke p\u00e5 de administrative kostnadene for behandling av foresp\u00f8rselen, dersom foresp\u00f8rselen fra eieren av personopplysningene er \u00e5penbart ubegrunnet eller overdreven.<\/span><\/p>\n<p><span style=\"font-weight: 400;\">Hvis du har sp\u00f8rsm\u00e5l ang\u00e5ende beskyttelse av personopplysninger, kan du kontakt \u0160koda Autos personvernombud:\u00a0<\/span><\/p>\n<p><span style=\"font-weight: 400;\">dpo@skoda-auto.cz<\/span><\/p>\n<p><span style=\"font-weight: 400;\">Hvis du ikke er enig i m\u00e5ten vi behandler dine personopplysninger p\u00e5, kan du sende inn en klage til \u0160koda Autos personvernombud eller sende inn en klage til tilsynsmyndigheten for \u00e5 beskytte rettighetene dine. Kontor for Personvern, Pplk. Sochora 27, 170 00 Praha 7, +420 234 665 111, <\/span><a href=\"https:\/\/www.uoou.cz\/en\"><span style=\"font-weight: 400;\">https:\/\/www.uoou.cz\/en<\/span><\/a><\/p>\n<h4><b>7. Andre viktige betingelser<\/b><\/h4>\n<p><span style=\"font-weight: 400;\">Verten skal utelukkende bestemme de n\u00f8yaktige spesifikasjonene for gevinstene. Visningen av gevinster i reklamemateriell er illustrerende. Verten skal ikke holdes ansvarlig for eventuelle skader p\u00e5f\u00f8rt deltakeren som f\u00f8lge av bruk av premien.<\/span><\/p>\n<p><span style=\"font-weight: 400;\">Deltakerne har ikke rett til \u00e5 kreve penger eller andre former for oppfyllelse som erstatning for premien. Verten er ikke p\u00e5 annen m\u00e5te herved forpliktet til \u00e5 gi oppfyllelse til konkurransedeltakerne, og deltakerne skal ikke ha rett til noen oppfyllelse fra verten annet enn det som er uttrykkelig spesifisert her.<\/span><\/p>\n<p><span style=\"font-weight: 400;\">Verten er ikke ansvarlig for direkte eller indirekte skader i forbindelse med deltakelse i konkurransen. Deltakeren godtar at verten ikke har noe ansvar for eventuelle risikoer og ansvar knyttet til premien. Resultatene av konkurransen er endelige, uten mulighet til \u00e5 anke av deltakeren eller vinneren n\u00e5r det gjelder gjennomf\u00f8ringen og resultatet av konkurransen.\u00a0<\/span><\/p>\n<p><span style=\"font-weight: 400;\">En deltaker kan ekskluderes fra konkurransen dersom verten oppdager eller har rimelig mistanke om at deltakeren eller andre personer som hjelper deltakeren har drevet svindel for \u00e5 motta premier eller engasjert seg i urettferdig oppf\u00f8rsel eller oppf\u00f8rsel som ikke er basert p\u00e5 deltakerens kunnskap iht. reglene.<\/span><\/p>\n<p><span style=\"font-weight: 400;\">Verten er ikke ansvarlig for manglende levering av meldinger eller gevinster. Verten skal ikke holdes ansvarlig for feil som oppst\u00e5r som f\u00f8lge av tekniske eller kommunikasjonsmessige problemer. Verten skal med endelig gyldighet avgj\u00f8re eventuelle klager eller innsigelser. Verten forbeholder seg retten uten \u00e5 v\u00e6re p\u00e5lagt \u00e5 gi kompensasjon for \u00e5 forkorte, utsette, suspendere eller kansellere arrangementet og premiene eller \u00e5 endre eller legge til noe i disse reglene ensidig under arrangementets eksistens ved \u00e5 varsle om slike endringer p\u00e5 nettstedet spesifisert ovenfor, der den gyldige og fullstendige ordlyden av reglene ogs\u00e5 finnes.<\/span><\/p>\n<p><span style=\"font-weight: 400;\">Denne konkurransen er underlagt lovene i Tsjekkia.<\/span><\/p>\n","protected":false},"excerpt":{"rendered":"<p>Disse reglene regulerer vilk\u00e5rene for \u00abTDF-konkurransen for 2024\u00bb (heretter referert til som \u00abkonkurransen\u00bb) og er det eneste dokumentet som fullstendig [&hellip;]<\/p>\n","protected":false},"author":1,"featured_media":0,"parent":3737,"menu_order":0,"comment_status":"closed","ping_status":"closed","template":"templates\/template-empty-page-headline.php","meta":{"footnotes":""},"tags":[],"class_list":["post-3739","page","type-page","status-publish","hentry"],"yoast_head":"<!-- This site is optimized with the Yoast SEO Premium plugin v25.3 (Yoast SEO v25.9) - https:\/\/yoast.com\/wordpress\/plugins\/seo\/ -->\n<title>Terms And Conditions - \u0160koda We Love Cycling - Norge<\/title>\n<meta name=\"robots\" content=\"index, follow, max-snippet:-1, max-image-preview:large, max-video-preview:-1\" \/>\n<link rel=\"canonical\" href=\"https:\/\/www.welovecycling.com\/no\/tour-de-france-2024\/terms-and-conditions\/\" \/>\n<meta property=\"og:locale\" content=\"nb_NO\" \/>\n<meta property=\"og:type\" content=\"article\" \/>\n<meta property=\"og:title\" content=\"Terms And Conditions\" \/>\n<meta property=\"og:description\" content=\"Disse reglene regulerer vilk\u00e5rene for \u00abTDF-konkurransen for 2024\u00bb (heretter referert til som \u00abkonkurransen\u00bb) og er det eneste dokumentet som fullstendig [&hellip;]\" \/>\n<meta property=\"og:url\" content=\"https:\/\/www.welovecycling.com\/no\/tour-de-france-2024\/terms-and-conditions\/\" \/>\n<meta property=\"og:site_name\" content=\"\u0160koda We Love Cycling - Norge\" \/>\n<meta property=\"article:modified_time\" content=\"2024-06-28T08:58:58+00:00\" \/>\n<meta name=\"twitter:card\" content=\"summary_large_image\" \/>\n<meta name=\"twitter:label1\" content=\"Est. reading time\" \/>\n\t<meta name=\"twitter:data1\" content=\"8 minutter\" \/>\n<script type=\"application\/ld+json\" class=\"yoast-schema-graph\">{\"@context\":\"https:\/\/schema.org\",\"@graph\":[{\"@type\":\"WebPage\",\"@id\":\"https:\/\/www.welovecycling.com\/no\/tour-de-france-2024\/terms-and-conditions\/\",\"url\":\"https:\/\/www.welovecycling.com\/no\/tour-de-france-2024\/terms-and-conditions\/\",\"name\":\"Terms And Conditions - \u0160koda We Love Cycling - Norge\",\"isPartOf\":{\"@id\":\"https:\/\/www.welovecycling.com\/no\/#website\"},\"datePublished\":\"2024-06-18T09:57:24+00:00\",\"dateModified\":\"2024-06-28T08:58:58+00:00\",\"breadcrumb\":{\"@id\":\"https:\/\/www.welovecycling.com\/no\/tour-de-france-2024\/terms-and-conditions\/#breadcrumb\"},\"inLanguage\":\"nb-NO\",\"potentialAction\":[{\"@type\":\"ReadAction\",\"target\":[\"https:\/\/www.welovecycling.com\/no\/tour-de-france-2024\/terms-and-conditions\/\"]}]},{\"@type\":\"BreadcrumbList\",\"@id\":\"https:\/\/www.welovecycling.com\/no\/tour-de-france-2024\/terms-and-conditions\/#breadcrumb\",\"itemListElement\":[{\"@type\":\"ListItem\",\"position\":1,\"name\":\"Tour de France 2024\",\"item\":\"https:\/\/www.welovecycling.com\/no\/?page_id=3737\"},{\"@type\":\"ListItem\",\"position\":2,\"name\":\"Terms And Conditions\"}]},{\"@type\":\"WebSite\",\"@id\":\"https:\/\/www.welovecycling.com\/no\/#website\",\"url\":\"https:\/\/www.welovecycling.com\/no\/\",\"name\":\"\u0160koda We Love Cycling - Norge\",\"description\":\"\u0160koda We Love Cycling\",\"potentialAction\":[{\"@type\":\"SearchAction\",\"target\":{\"@type\":\"EntryPoint\",\"urlTemplate\":\"https:\/\/www.welovecycling.com\/no\/?s={search_term_string}\"},\"query-input\":{\"@type\":\"PropertyValueSpecification\",\"valueRequired\":true,\"valueName\":\"search_term_string\"}}],\"inLanguage\":\"nb-NO\"}]}<\/script>\n<!-- \/ Yoast SEO Premium plugin. -->","yoast_head_json":{"title":"Terms And Conditions - \u0160koda We Love Cycling - Norge","robots":{"index":"index","follow":"follow","max-snippet":"max-snippet:-1","max-image-preview":"max-image-preview:large","max-video-preview":"max-video-preview:-1"},"canonical":"https:\/\/www.welovecycling.com\/no\/tour-de-france-2024\/terms-and-conditions\/","og_locale":"nb_NO","og_type":"article","og_title":"Terms And Conditions","og_description":"Disse reglene regulerer vilk\u00e5rene for \u00abTDF-konkurransen for 2024\u00bb (heretter referert til som \u00abkonkurransen\u00bb) og er det eneste dokumentet som fullstendig [&hellip;]","og_url":"https:\/\/www.welovecycling.com\/no\/tour-de-france-2024\/terms-and-conditions\/","og_site_name":"\u0160koda We Love Cycling - Norge","article_modified_time":"2024-06-28T08:58:58+00:00","twitter_card":"summary_large_image","twitter_misc":{"Est. reading time":"8 minutter"},"schema":{"@context":"https:\/\/schema.org","@graph":[{"@type":"WebPage","@id":"https:\/\/www.welovecycling.com\/no\/tour-de-france-2024\/terms-and-conditions\/","url":"https:\/\/www.welovecycling.com\/no\/tour-de-france-2024\/terms-and-conditions\/","name":"Terms And Conditions - \u0160koda We Love Cycling - Norge","isPartOf":{"@id":"https:\/\/www.welovecycling.com\/no\/#website"},"datePublished":"2024-06-18T09:57:24+00:00","dateModified":"2024-06-28T08:58:58+00:00","breadcrumb":{"@id":"https:\/\/www.welovecycling.com\/no\/tour-de-france-2024\/terms-and-conditions\/#breadcrumb"},"inLanguage":"nb-NO","potentialAction":[{"@type":"ReadAction","target":["https:\/\/www.welovecycling.com\/no\/tour-de-france-2024\/terms-and-conditions\/"]}]},{"@type":"BreadcrumbList","@id":"https:\/\/www.welovecycling.com\/no\/tour-de-france-2024\/terms-and-conditions\/#breadcrumb","itemListElement":[{"@type":"ListItem","position":1,"name":"Tour de France 2024","item":"https:\/\/www.welovecycling.com\/no\/?page_id=3737"},{"@type":"ListItem","position":2,"name":"Terms And Conditions"}]},{"@type":"WebSite","@id":"https:\/\/www.welovecycling.com\/no\/#website","url":"https:\/\/www.welovecycling.com\/no\/","name":"\u0160koda We Love Cycling - Norge","description":"\u0160koda We Love Cycling","potentialAction":[{"@type":"SearchAction","target":{"@type":"EntryPoint","urlTemplate":"https:\/\/www.welovecycling.com\/no\/?s={search_term_string}"},"query-input":{"@type":"PropertyValueSpecification","valueRequired":true,"valueName":"search_term_string"}}],"inLanguage":"nb-NO"}]}},"_links":{"self":[{"href":"https:\/\/www.welovecycling.com\/no\/wp-json\/wp\/v2\/pages\/3739","targetHints":{"allow":["GET"]}}],"collection":[{"href":"https:\/\/www.welovecycling.com\/no\/wp-json\/wp\/v2\/pages"}],"about":[{"href":"https:\/\/www.welovecycling.com\/no\/wp-json\/wp\/v2\/types\/page"}],"author":[{"embeddable":true,"href":"https:\/\/www.welovecycling.com\/no\/wp-json\/wp\/v2\/users\/1"}],"replies":[{"embeddable":true,"href":"https:\/\/www.welovecycling.com\/no\/wp-json\/wp\/v2\/comments?post=3739"}],"version-history":[{"count":4,"href":"https:\/\/www.welovecycling.com\/no\/wp-json\/wp\/v2\/pages\/3739\/revisions"}],"predecessor-version":[{"id":3763,"href":"https:\/\/www.welovecycling.com\/no\/wp-json\/wp\/v2\/pages\/3739\/revisions\/3763"}],"up":[{"embeddable":true,"href":"https:\/\/www.welovecycling.com\/no\/wp-json\/wp\/v2\/pages\/3737"}],"wp:attachment":[{"href":"https:\/\/www.welovecycling.com\/no\/wp-json\/wp\/v2\/media?parent=3739"}],"wp:term":[{"taxonomy":"post_tag","embeddable":true,"href":"https:\/\/www.welovecycling.com\/no\/wp-json\/wp\/v2\/tags?post=3739"}],"curies":[{"name":"wp","href":"https:\/\/api.w.org\/{rel}","templated":true}]}}