{"id":2909,"date":"2022-01-07T13:59:32","date_gmt":"2022-01-07T13:59:32","guid":{"rendered":"https:\/\/www.welovecycling.com\/no\/?page_id=2909"},"modified":"2022-02-11T08:38:52","modified_gmt":"2022-02-11T08:38:52","slug":"uno-x-skoda","status":"publish","type":"page","link":"https:\/\/www.welovecycling.com\/no\/uno-x-skoda\/","title":{"rendered":"Uno-X &#038; \u0160koda"},"content":{"rendered":"<div id=\"pl-2909\"  class=\"panel-layout\" ><div id=\"pg-2909-0\"  class=\"panel-grid panel-no-style\" ><div id=\"pgc-2909-0-0\"  class=\"panel-grid-cell\" ><div id=\"panel-2909-0-0-0\" class=\"so-panel widget widget_media_image panel-first-child panel-last-child\" data-index=\"0\" ><img loading=\"lazy\" decoding=\"async\" width=\"1640\" height=\"624\" src=\"https:\/\/d2p6e6u75xmxt8.cloudfront.net\/16\/2022\/01\/Uten-naertgrfdvn-1.jpg\" class=\"image wp-image-2922  attachment-full size-full\" alt=\"\" style=\"max-width: 100%; height: auto;\" srcset=\"https:\/\/d2p6e6u75xmxt8.cloudfront.net\/16\/2022\/01\/Uten-naertgrfdvn-1.jpg 1640w, https:\/\/d2p6e6u75xmxt8.cloudfront.net\/16\/2022\/01\/Uten-naertgrfdvn-1-300x114.jpg 300w, https:\/\/d2p6e6u75xmxt8.cloudfront.net\/16\/2022\/01\/Uten-naertgrfdvn-1-1024x390.jpg 1024w, https:\/\/d2p6e6u75xmxt8.cloudfront.net\/16\/2022\/01\/Uten-naertgrfdvn-1-768x292.jpg 768w, https:\/\/d2p6e6u75xmxt8.cloudfront.net\/16\/2022\/01\/Uten-naertgrfdvn-1-1536x584.jpg 1536w\" sizes=\"auto, (max-width: 1640px) 100vw, 1640px\" \/><\/div><\/div><\/div><div id=\"pg-2909-1\"  class=\"panel-grid panel-no-style\" ><div id=\"pgc-2909-1-0\"  class=\"panel-grid-cell\" ><div id=\"panel-2909-1-0-0\" class=\"so-panel widget widget_text panel-first-child\" data-index=\"1\" >\t\t\t<div class=\"textwidget\"><\/div>\n\t\t<\/div><div id=\"panel-2909-1-0-1\" class=\"so-panel widget widget_text panel-last-child\" data-index=\"2\" >\t\t\t<div class=\"textwidget\"><p>Uno-X Pro Cycling Team har utviklet seg raskt de siste \u00e5rene med \u0160koda p\u00e5 laget, og girer n\u00e5 ytterligere opp satsingen med ambisjoner om \u00e5 bli et UCI WorldTeam som kvalifiserer laget for sykkelklassikere som Vuelta a Espa\u00f1a, Giro d\u2019Italia og Tour de France.\u00a0\u0160koda er glad for \u00e5 bli med\u00a0Uno-X p\u00e5 laget p\u00e5 vei mot toppen. Bak sykkelsatsingen ligger det ogs\u00e5 andre fellesnevnere som gj\u00f8r at man kan finne tonen.<\/p>\n<p>\u2013 Dette er den mest ambisi\u00f8se sykkelsatsingen i Norge noen gang. For \u0160koda startet eventyret med sykkelproduksjon i 1895, og \u0160koda har vedlikeholdt relasjonen til idretten b\u00e5de hos fabrikken og import\u00f8rer internasjonalt siden den gang. Derfor er det naturlig for oss \u00e5 bidra til reisen som Uno-X Pro Cycling Team gj\u00f8r p\u00e5 b\u00e5de kvinne- og herresiden for norsk sykkel, sier Thomas Meiner, direkt\u00f8r for \u0160koda Norge i Harald A. M\u00f8ller AS.<\/p>\n<\/div>\n\t\t<\/div><\/div><div id=\"pgc-2909-1-1\"  class=\"panel-grid-cell\" ><div id=\"panel-2909-1-1-0\" class=\"so-panel widget widget_text panel-first-child\" data-index=\"3\" >\t\t\t<div class=\"textwidget\"><\/div>\n\t\t<\/div><div id=\"panel-2909-1-1-1\" class=\"so-panel widget widget_sow-editor panel-last-child\" data-index=\"4\" ><div\n\t\t\t\n\t\t\tclass=\"so-widget-sow-editor so-widget-sow-editor-base\"\n\t\t\t\n\t\t>\n<div class=\"siteorigin-widget-tinymce textwidget\">\n\t<lite-youtube videoid=VY5H3DoQLIA params=\"enablejsapi=1\" style=\"background-image: url('https:\/\/i.ytimg.com\/vi_webp\/VY5H3DoQLIA\/maxresdefault.webp');\"><\/lite-youtube>\n<\/div>\n<\/div><\/div><\/div><\/div><div id=\"pg-2909-2\"  class=\"panel-grid panel-no-style\" ><div id=\"pgc-2909-2-0\"  class=\"panel-grid-cell\" ><div id=\"panel-2909-2-0-0\" class=\"so-panel widget widget_text panel-first-child\" data-index=\"5\" >\t\t\t<div class=\"textwidget\"><\/div>\n\t\t<\/div><div id=\"panel-2909-2-0-1\" class=\"so-panel widget widget_media_image panel-last-child\" data-index=\"6\" ><figure style=\"width: 1024px\" class=\"wp-caption alignnone\"><img loading=\"lazy\" decoding=\"async\" width=\"1024\" height=\"595\" src=\"https:\/\/d2p6e6u75xmxt8.cloudfront.net\/16\/2022\/01\/d6e6a10d-34d6-4619-a5b5-7a3f9e1be7eb-1024x595.jpg\" class=\"image wp-image-2905  attachment-large size-large\" alt=\"\" style=\"max-width: 100%; height: auto;\" srcset=\"https:\/\/d2p6e6u75xmxt8.cloudfront.net\/16\/2022\/01\/d6e6a10d-34d6-4619-a5b5-7a3f9e1be7eb-1024x595.jpg 1024w, https:\/\/d2p6e6u75xmxt8.cloudfront.net\/16\/2022\/01\/d6e6a10d-34d6-4619-a5b5-7a3f9e1be7eb-300x174.jpg 300w, https:\/\/d2p6e6u75xmxt8.cloudfront.net\/16\/2022\/01\/d6e6a10d-34d6-4619-a5b5-7a3f9e1be7eb-768x446.jpg 768w, https:\/\/d2p6e6u75xmxt8.cloudfront.net\/16\/2022\/01\/d6e6a10d-34d6-4619-a5b5-7a3f9e1be7eb-1536x893.jpg 1536w, https:\/\/d2p6e6u75xmxt8.cloudfront.net\/16\/2022\/01\/d6e6a10d-34d6-4619-a5b5-7a3f9e1be7eb-2048x1190.jpg 2048w, https:\/\/d2p6e6u75xmxt8.cloudfront.net\/16\/2022\/01\/d6e6a10d-34d6-4619-a5b5-7a3f9e1be7eb-1920x1116.jpg 1920w, https:\/\/d2p6e6u75xmxt8.cloudfront.net\/16\/2022\/01\/d6e6a10d-34d6-4619-a5b5-7a3f9e1be7eb-1920x1116.jpg 1920w\" sizes=\"auto, (max-width: 1024px) 100vw, 1024px\" \/><figcaption class=\"wp-caption-text\">FRA VENSTRE: ALEXANDER HJERMIND, HARALD A. M\u00d8LLER AS, KURT ASLE ARVESEN, UNO-X PRO CYCLING TEAM OG JOHN HALVOR STORSTR\u00d8M, M\u00d8LLER BIL ETTERSTAD\n<\/figcaption><\/figure><\/div><\/div><div id=\"pgc-2909-2-1\"  class=\"panel-grid-cell\" ><div id=\"panel-2909-2-1-0\" class=\"so-panel widget widget_text panel-first-child\" data-index=\"7\" >\t\t\t<div class=\"textwidget\"><\/div>\n\t\t<\/div><div id=\"panel-2909-2-1-1\" class=\"so-panel widget widget_text panel-last-child\" data-index=\"8\" >\t\t\t<div class=\"textwidget\"><p>Uno-X kommer til \u00e5 benytte seg av 15 \u0160koda biler i 2022. Hovedsakelig av modellen\u00a0OCTAVIA Ambition, som er en modell en rekke andre store sykkellag verden over ogs\u00e5 velger. I tillegg til OCTAVIA Ambition\u00a0modellen vil ogs\u00e5 Uno-X ha fire Scout modeller. Denne har litt bedre bakkeklaring og er perfekt for litt r\u00f8ffere underlag som vil komme godt med p\u00e5 brosteinen i klassikerne i Belgia.<\/p>\n<p>\u2013 I en \u0160koda finner vi velpr\u00f8vd teknologi i kombinasjon med nyutviklede smarte l\u00f8sninger som i sum gj\u00f8r livet litt enklere. I Uno-X liker vi enkle og effektive l\u00f8sninger, og vi kjenner igjen fokuset p\u00e5 videreutvikling. V\u00e5r felles misjon er \u00e5 utvikle og promotere l\u00f8sninger for b\u00e6rekraftig mobilitet. En av hovedgrunnene til at vi eier og driver laget v\u00e5rt er \u00e5 promotere mer sykling. Bilene fra \u0160koda blir sentrale hjelpere n\u00e5r vi skal skape enda mer begeistring og entusiasme for sykling fremover, sier Jens Haugland, daglig leder i Uno-X Norge og Uno-X Sykkel.<\/p>\n<\/div>\n\t\t<\/div><\/div><\/div><div id=\"pg-2909-3\"  class=\"panel-grid panel-no-style\" ><div id=\"pgc-2909-3-0\"  class=\"panel-grid-cell\" ><div id=\"panel-2909-3-0-0\" class=\"so-panel widget widget_sow-image panel-first-child panel-last-child\" data-index=\"9\" ><div\n\t\t\t\n\t\t\tclass=\"so-widget-sow-image so-widget-sow-image-default-8b5b6f678277-2909\"\n\t\t\t\n\t\t>\n<div class=\"sow-image-container\">\n\t\t\t<a href=\"https:\/\/www.youtube.com\/c\/UnoXTeam\/videos\"\n\t\t\ttarget=\"_blank\" rel=\"noopener noreferrer\" \t\t>\n\t\t\t<img loading=\"lazy\" decoding=\"async\" src=\"https:\/\/d2p6e6u75xmxt8.cloudfront.net\/16\/2022\/01\/Skjermbilde-2022-01-19-kl.-09.56.42-kopi.png\" width=\"1650\" height=\"262\" srcset=\"https:\/\/d2p6e6u75xmxt8.cloudfront.net\/16\/2022\/01\/Skjermbilde-2022-01-19-kl.-09.56.42-kopi.png 1650w, https:\/\/d2p6e6u75xmxt8.cloudfront.net\/16\/2022\/01\/Skjermbilde-2022-01-19-kl.-09.56.42-kopi-300x48.png 300w, https:\/\/d2p6e6u75xmxt8.cloudfront.net\/16\/2022\/01\/Skjermbilde-2022-01-19-kl.-09.56.42-kopi-1024x163.png 1024w, https:\/\/d2p6e6u75xmxt8.cloudfront.net\/16\/2022\/01\/Skjermbilde-2022-01-19-kl.-09.56.42-kopi-768x122.png 768w, https:\/\/d2p6e6u75xmxt8.cloudfront.net\/16\/2022\/01\/Skjermbilde-2022-01-19-kl.-09.56.42-kopi-1536x244.png 1536w\" sizes=\"auto, (max-width: 1650px) 100vw, 1650px\" title=\"Sjekke ut Uno-X sin egen Youtube-kanal for masse spennende innhold!\" alt=\"\" \t\tclass=\"so-widget-image\"\/>\n\t<\/a><\/div>\n\n<\/div><\/div><\/div><\/div><div id=\"pg-2909-4\"  class=\"panel-grid panel-no-style\" ><div id=\"pgc-2909-4-0\"  class=\"panel-grid-cell\" ><div id=\"panel-2909-4-0-0\" class=\"so-panel widget widget_sow-image panel-first-child panel-last-child\" data-index=\"10\" ><div\n\t\t\t\n\t\t\tclass=\"so-widget-sow-image so-widget-sow-image-default-8b5b6f678277-2909\"\n\t\t\t\n\t\t>\n<div class=\"sow-image-container\">\n\t\t\t<a href=\"https:\/\/www.unoxteam.no\"\n\t\t\ttarget=\"_blank\" rel=\"noopener noreferrer\" \t\t>\n\t\t\t<img loading=\"lazy\" decoding=\"async\" src=\"https:\/\/d2p6e6u75xmxt8.cloudfront.net\/16\/2022\/01\/Skjermbilde-2022-01-19-kl.-09.49.26.png\" width=\"2852\" height=\"586\" srcset=\"https:\/\/d2p6e6u75xmxt8.cloudfront.net\/16\/2022\/01\/Skjermbilde-2022-01-19-kl.-09.49.26.png 2852w, https:\/\/d2p6e6u75xmxt8.cloudfront.net\/16\/2022\/01\/Skjermbilde-2022-01-19-kl.-09.49.26-300x62.png 300w, https:\/\/d2p6e6u75xmxt8.cloudfront.net\/16\/2022\/01\/Skjermbilde-2022-01-19-kl.-09.49.26-1024x210.png 1024w, https:\/\/d2p6e6u75xmxt8.cloudfront.net\/16\/2022\/01\/Skjermbilde-2022-01-19-kl.-09.49.26-768x158.png 768w, https:\/\/d2p6e6u75xmxt8.cloudfront.net\/16\/2022\/01\/Skjermbilde-2022-01-19-kl.-09.49.26-1536x316.png 1536w, https:\/\/d2p6e6u75xmxt8.cloudfront.net\/16\/2022\/01\/Skjermbilde-2022-01-19-kl.-09.49.26-2048x421.png 2048w, https:\/\/d2p6e6u75xmxt8.cloudfront.net\/16\/2022\/01\/Skjermbilde-2022-01-19-kl.-09.49.26-1920x395.png 1920w, https:\/\/d2p6e6u75xmxt8.cloudfront.net\/16\/2022\/01\/Skjermbilde-2022-01-19-kl.-09.49.26-1920x395.png 1920w\" sizes=\"auto, (max-width: 2852px) 100vw, 2852px\" title=\"Trykk p\u00e5 bildet for \u00e5 bes\u00f8ke Uno-X Pro Cycling Team sin hjemmeside. \" alt=\"\" \t\tclass=\"so-widget-image\"\/>\n\t<\/a><\/div>\n\n<h3 class=\"widget-title\">Trykk p\u00e5 bildet for \u00e5 bes\u00f8ke Uno-X Pro Cycling Team sin hjemmeside. <\/h3><\/div><\/div><\/div><\/div><div id=\"pg-2909-5\"  class=\"panel-grid panel-no-style\" ><div id=\"pgc-2909-5-0\"  class=\"panel-grid-cell panel-grid-cell-empty\" ><\/div><\/div><\/div>","protected":false},"excerpt":{"rendered":"<p>Uno-X Pro Cycling Team har utviklet seg raskt de siste \u00e5rene med \u0160koda p\u00e5 laget, og girer n\u00e5 ytterligere opp [&hellip;]<\/p>\n","protected":false},"author":108,"featured_media":0,"parent":0,"menu_order":0,"comment_status":"closed","ping_status":"closed","template":"templates\/template-empty-page.php","meta":{"footnotes":""},"tags":[],"class_list":["post-2909","page","type-page","status-publish","hentry"],"yoast_head":"<!-- This site is optimized with the Yoast SEO Premium plugin v25.3 (Yoast SEO v25.9) - https:\/\/yoast.com\/wordpress\/plugins\/seo\/ -->\n<title>Uno-X &amp; \u0160koda - \u0160koda We Love Cycling - Norge<\/title>\n<meta name=\"robots\" content=\"index, follow, max-snippet:-1, max-image-preview:large, max-video-preview:-1\" \/>\n<link rel=\"canonical\" href=\"https:\/\/www.welovecycling.com\/no\/uno-x-skoda\/\" \/>\n<meta property=\"og:locale\" content=\"nb_NO\" \/>\n<meta property=\"og:type\" content=\"article\" \/>\n<meta property=\"og:title\" content=\"Uno-X &amp; \u0160koda\" \/>\n<meta property=\"og:description\" content=\"Uno-X Pro Cycling Team har utviklet seg raskt de siste \u00e5rene med \u0160koda p\u00e5 laget, og girer n\u00e5 ytterligere opp [&hellip;]\" \/>\n<meta property=\"og:url\" content=\"https:\/\/www.welovecycling.com\/no\/uno-x-skoda\/\" \/>\n<meta property=\"og:site_name\" content=\"\u0160koda We Love Cycling - Norge\" \/>\n<meta property=\"article:modified_time\" content=\"2022-02-11T08:38:52+00:00\" \/>\n<meta name=\"twitter:card\" content=\"summary_large_image\" \/>\n<meta name=\"twitter:label1\" content=\"Est. reading time\" \/>\n\t<meta name=\"twitter:data1\" content=\"2 minutter\" \/>\n<script type=\"application\/ld+json\" class=\"yoast-schema-graph\">{\"@context\":\"https:\/\/schema.org\",\"@graph\":[{\"@type\":\"WebPage\",\"@id\":\"https:\/\/www.welovecycling.com\/no\/uno-x-skoda\/\",\"url\":\"https:\/\/www.welovecycling.com\/no\/uno-x-skoda\/\",\"name\":\"Uno-X & \u0160koda - \u0160koda We Love Cycling - Norge\",\"isPartOf\":{\"@id\":\"https:\/\/www.welovecycling.com\/no\/#website\"},\"datePublished\":\"2022-01-07T13:59:32+00:00\",\"dateModified\":\"2022-02-11T08:38:52+00:00\",\"inLanguage\":\"nb-NO\",\"potentialAction\":[{\"@type\":\"ReadAction\",\"target\":[\"https:\/\/www.welovecycling.com\/no\/uno-x-skoda\/\"]}]},{\"@type\":\"WebSite\",\"@id\":\"https:\/\/www.welovecycling.com\/no\/#website\",\"url\":\"https:\/\/www.welovecycling.com\/no\/\",\"name\":\"\u0160koda We Love Cycling - Norge\",\"description\":\"\u0160koda We Love Cycling\",\"potentialAction\":[{\"@type\":\"SearchAction\",\"target\":{\"@type\":\"EntryPoint\",\"urlTemplate\":\"https:\/\/www.welovecycling.com\/no\/?s={search_term_string}\"},\"query-input\":{\"@type\":\"PropertyValueSpecification\",\"valueRequired\":true,\"valueName\":\"search_term_string\"}}],\"inLanguage\":\"nb-NO\"}]}<\/script>\n<!-- \/ Yoast SEO Premium plugin. -->","yoast_head_json":{"title":"Uno-X & \u0160koda - \u0160koda We Love Cycling - Norge","robots":{"index":"index","follow":"follow","max-snippet":"max-snippet:-1","max-image-preview":"max-image-preview:large","max-video-preview":"max-video-preview:-1"},"canonical":"https:\/\/www.welovecycling.com\/no\/uno-x-skoda\/","og_locale":"nb_NO","og_type":"article","og_title":"Uno-X & \u0160koda","og_description":"Uno-X Pro Cycling Team har utviklet seg raskt de siste \u00e5rene med \u0160koda p\u00e5 laget, og girer n\u00e5 ytterligere opp [&hellip;]","og_url":"https:\/\/www.welovecycling.com\/no\/uno-x-skoda\/","og_site_name":"\u0160koda We Love Cycling - Norge","article_modified_time":"2022-02-11T08:38:52+00:00","twitter_card":"summary_large_image","twitter_misc":{"Est. reading time":"2 minutter"},"schema":{"@context":"https:\/\/schema.org","@graph":[{"@type":"WebPage","@id":"https:\/\/www.welovecycling.com\/no\/uno-x-skoda\/","url":"https:\/\/www.welovecycling.com\/no\/uno-x-skoda\/","name":"Uno-X & \u0160koda - \u0160koda We Love Cycling - Norge","isPartOf":{"@id":"https:\/\/www.welovecycling.com\/no\/#website"},"datePublished":"2022-01-07T13:59:32+00:00","dateModified":"2022-02-11T08:38:52+00:00","inLanguage":"nb-NO","potentialAction":[{"@type":"ReadAction","target":["https:\/\/www.welovecycling.com\/no\/uno-x-skoda\/"]}]},{"@type":"WebSite","@id":"https:\/\/www.welovecycling.com\/no\/#website","url":"https:\/\/www.welovecycling.com\/no\/","name":"\u0160koda We Love Cycling - Norge","description":"\u0160koda We Love Cycling","potentialAction":[{"@type":"SearchAction","target":{"@type":"EntryPoint","urlTemplate":"https:\/\/www.welovecycling.com\/no\/?s={search_term_string}"},"query-input":{"@type":"PropertyValueSpecification","valueRequired":true,"valueName":"search_term_string"}}],"inLanguage":"nb-NO"}]}},"_links":{"self":[{"href":"https:\/\/www.welovecycling.com\/no\/wp-json\/wp\/v2\/pages\/2909","targetHints":{"allow":["GET"]}}],"collection":[{"href":"https:\/\/www.welovecycling.com\/no\/wp-json\/wp\/v2\/pages"}],"about":[{"href":"https:\/\/www.welovecycling.com\/no\/wp-json\/wp\/v2\/types\/page"}],"author":[{"embeddable":true,"href":"https:\/\/www.welovecycling.com\/no\/wp-json\/wp\/v2\/users\/108"}],"replies":[{"embeddable":true,"href":"https:\/\/www.welovecycling.com\/no\/wp-json\/wp\/v2\/comments?post=2909"}],"version-history":[{"count":2,"href":"https:\/\/www.welovecycling.com\/no\/wp-json\/wp\/v2\/pages\/2909\/revisions"}],"predecessor-version":[{"id":3003,"href":"https:\/\/www.welovecycling.com\/no\/wp-json\/wp\/v2\/pages\/2909\/revisions\/3003"}],"wp:attachment":[{"href":"https:\/\/www.welovecycling.com\/no\/wp-json\/wp\/v2\/media?parent=2909"}],"wp:term":[{"taxonomy":"post_tag","embeddable":true,"href":"https:\/\/www.welovecycling.com\/no\/wp-json\/wp\/v2\/tags?post=2909"}],"curies":[{"name":"wp","href":"https:\/\/api.w.org\/{rel}","templated":true}]}}