{"id":2482,"date":"2021-06-11T11:31:45","date_gmt":"2021-06-11T11:31:45","guid":{"rendered":"https:\/\/www.welovecycling.com\/no\/?page_id=2482"},"modified":"2021-06-18T06:28:07","modified_gmt":"2021-06-18T06:28:07","slug":"konkurranse","status":"publish","type":"page","link":"https:\/\/www.welovecycling.com\/no\/konkurranse\/","title":{"rendered":"Sommerkonkurranse"},"content":{"rendered":"<p><a href=\"https:\/\/d2p6e6u75xmxt8.cloudfront.net\/16\/2021\/06\/forsidebilde_sommerkonkurranse1.jpg\"><img loading=\"lazy\" decoding=\"async\" class=\"alignnone size-full wp-image-2517\" src=\"https:\/\/d2p6e6u75xmxt8.cloudfront.net\/16\/2021\/06\/forsidebilde_sommerkonkurranse1.jpg\" alt=\"\" width=\"1920\" height=\"720\" srcset=\"https:\/\/d2p6e6u75xmxt8.cloudfront.net\/16\/2021\/06\/forsidebilde_sommerkonkurranse1.jpg 1920w, https:\/\/d2p6e6u75xmxt8.cloudfront.net\/16\/2021\/06\/forsidebilde_sommerkonkurranse1-300x113.jpg 300w, https:\/\/d2p6e6u75xmxt8.cloudfront.net\/16\/2021\/06\/forsidebilde_sommerkonkurranse1-1024x384.jpg 1024w, https:\/\/d2p6e6u75xmxt8.cloudfront.net\/16\/2021\/06\/forsidebilde_sommerkonkurranse1-768x288.jpg 768w, https:\/\/d2p6e6u75xmxt8.cloudfront.net\/16\/2021\/06\/forsidebilde_sommerkonkurranse1-1536x576.jpg 1536w\" sizes=\"auto, (max-width: 1920px) 100vw, 1920px\" \/><\/a><\/p>\n<p><a href=\"https:\/\/www.welovecycling.com\/app\/uploads\/sites\/16\/2021\/06\/Sykkelstativ_henger.jpg\"><img loading=\"lazy\" decoding=\"async\" class=\"alignnone size-large wp-image-2501\" src=\"https:\/\/www.welovecycling.com\/app\/uploads\/sites\/16\/2021\/06\/Sykkelstativ_henger.jpg\" alt=\"\" width=\"1\" height=\"1\" \/><\/a><iframe loading=\"lazy\" style=\"border: none; max-width: 100%; max-height: 142vh;\" src=\"https:\/\/forms.office.com\/Pages\/ResponsePage.aspx?id=FILjoSGVKkyimk-gpEV6XD7HV3LxVa9Og4px1TKnv5xUQ0lCM0dUNkFNTk9KT0k4UDQzV0NZQVlUMS4u&amp;embed=true\" width=\"700px\" height=\"1350px\" frameborder=\"0\" marginwidth=\"0\" marginheight=\"0\" allowfullscreen=\"allowfullscreen\"><span data-mce-type=\"bookmark\" style=\"display: inline-block; width: 0px; overflow: hidden; line-height: 0;\" class=\"mce_SELRES_start\">\ufeff<\/span><span data-mce-type=\"bookmark\" style=\"display: inline-block; width: 0px; overflow: hidden; line-height: 0;\" class=\"mce_SELRES_start\">\ufeff<\/span><span data-mce-type=\"bookmark\" style=\"display: inline-block; width: 0px; overflow: hidden; line-height: 0;\" class=\"mce_SELRES_start\">\ufeff<\/span><span data-mce-type=\"bookmark\" style=\"display: inline-block; width: 0px; overflow: hidden; line-height: 0;\" class=\"mce_SELRES_start\">\ufeff<\/span> <\/iframe><\/p>\n<p>&nbsp;<\/p>\n<p><strong>Premie<\/strong><\/p>\n<p><a href=\"https:\/\/d2p6e6u75xmxt8.cloudfront.net\/16\/2021\/06\/sykkelholder-for-hengerfeste.png\"><img loading=\"lazy\" decoding=\"async\" class=\"alignnone size-full wp-image-2533\" src=\"https:\/\/d2p6e6u75xmxt8.cloudfront.net\/16\/2021\/06\/sykkelholder-for-hengerfeste.png\" alt=\"\" width=\"902\" height=\"598\" srcset=\"https:\/\/d2p6e6u75xmxt8.cloudfront.net\/16\/2021\/06\/sykkelholder-for-hengerfeste.png 902w, https:\/\/d2p6e6u75xmxt8.cloudfront.net\/16\/2021\/06\/sykkelholder-for-hengerfeste-300x199.png 300w, https:\/\/d2p6e6u75xmxt8.cloudfront.net\/16\/2021\/06\/sykkelholder-for-hengerfeste-768x509.png 768w\" sizes=\"auto, (max-width: 902px) 100vw, 902px\" \/><\/a><\/p>\n<p>&nbsp;<\/p>\n<p>&nbsp;<\/p>\n<p><strong>KONKURRANSEREGLER<\/strong><\/p>\n<p>&nbsp;<\/p>\n<p><strong>Begreper<\/strong><\/p>\n<p>Deltaker: Alle som registrerer seg for konkurranse p\u00e5 welovecycling.no\/xxxxx<\/p>\n<p>Arrang\u00f8r: Harald A M\u00f8ller AS v\/ \u0160koda avd. , PB 6671 Etterstad, N-0609 OSLO (org.\u00adnr. 943\u00a0733\u00a0988)<\/p>\n<p>&nbsp;<\/p>\n<p><strong>Betingelser for \u00e5 delta i konkurransen<\/strong><\/p>\n<p>Dette er en \u00e5pen konkurranse for alle<\/p>\n<p>Deltakeren samtykker at Arrang\u00f8ren kan bruke innsendte bidrag, fornavn og alder p\u00e5 innsender i videre markedsf\u00f8ring.<\/p>\n<p>Deltagere med relasjon til ansatte i Harald A M\u00f8ller AS, \u0160koda-forhandlere kan ikke delta i konkurransen.<\/p>\n<p>Deltakelse i konkurransen er gratis.<\/p>\n<p>&nbsp;<\/p>\n<p><strong>Konkurransepremisser<\/strong><\/p>\n<p>Som del av deltakelsen i Tour of Norway for Kids 2021 \u00f8nsker Arrang\u00f8ren \u00e5 lodde ut tre sykkelstativer for frakt av sykler.<\/p>\n<p>Deltaker registrerer seg med navn, e-post og mobilnummer for delta i konkurransen p\u00e5 welovecyling.com<\/p>\n<p>Alle som registrerer seg, er med i konkurransen. Bidrag m\u00e5 sendes inn mellom 12.06.2021 og 06.09.2021 og tre vinnere vil vinne sykkelstativ.<\/p>\n<p>&nbsp;<\/p>\n<p><strong>K\u00e5ring av vinneren\u00a0<\/strong><\/p>\n<p>Representanter fra Harald A. M\u00f8ller AS og Tour of Norway for Kids vil trekke vinnere ved loddtrekning.<\/p>\n<p><strong>\u00a0<\/strong><\/p>\n<p><strong>Premien<\/strong><\/p>\n<p>De heldige vinnerne, totalt 3 stk, vil motta Premien som \u0160koda Original sykkelholder for hengerfeste, som kan hentes hos valgfri forhandler.<\/p>\n<p>&nbsp;<\/p>\n<p><strong> Kampanjeperiode<\/strong><\/p>\n<p>Kampanjen starter 12. Juni 2021 og varer til og med\u00a006.09.2021.<\/p>\n<p>&nbsp;<\/p>\n<p><strong> Publisering av vinner\u00a0<\/strong><\/p>\n<p>Vinnerene av konkurransen vil bli publisert p\u00e5 welovecycling.no, og Tour of Norway for Kids<\/p>\n<p>&nbsp;<\/p>\n<p><strong> Juks<\/strong><\/p>\n<p>Dersom Arrang\u00f8ren finner det godtgjort at en Deltaker jukser eller som f\u00f8lge av juks har vunnet premien vil vedkommende bli ekskludert og miste eventuelt tildelt premie.<\/p>\n<p>&nbsp;<\/p>\n<p><strong>\u00d8VRIGE FORHOLD<\/strong><\/p>\n<p>&nbsp;<\/p>\n<p><strong> Personopplysninger<\/strong><\/p>\n<p>For \u00e5 administrere konkurransen har Arrang\u00f8ren behov for f\u00f8lgende personopplysninger hos deltaker (i) For- og etternavn, (ii) e-postadresse og (iii) mobilnummer.<\/p>\n<p>&nbsp;<\/p>\n<p>Ovennevnte personopplysninger vil bli lagret av Arrang\u00f8ren, og brukt til \u00e5 administrere konkurransen, og til markedsf\u00f8ring overfor Deltakeren i oppf\u00f8lgingen av konkurransen. Opplysningene vil bli slettet n\u00e5r dette er gjennomf\u00f8rt. Personopplysningene vil bli utlevert til Arrang\u00f8rens samarbeidspartnere som gjennomf\u00f8rer konkurransen og markedsf\u00f8ringen.<\/p>\n<p>&nbsp;<\/p>\n<p><strong> Ansvarsfraskrivelse<\/strong><\/p>\n<p>Arrang\u00f8ren er ikke ansvarlig for eventuelle feil ved teknisk gjennomf\u00f8ring av konkurransen. Herunder men ikke begrenset til generell eller lokal svikt i telenett, forsinkelser hos Deltakerens internettjenestetilbyder eller Deltakerens tekniske utrustning eller andre uforutsette hendelser.<\/p>\n<p>Ved feil p\u00e5 Arrang\u00f8rens server vil konkurransen kunne stoppes. N\u00e5r feilen er rettet vil konkurransen fortsette.<\/p>\n<p>Deltakerne kan ikke fremme erstatningskrav mot Arrang\u00f8ren med mindre Arrang\u00f8ren har opptr\u00e5dt grovt uaktsomt.<\/p>\n<p>&nbsp;<\/p>\n<p><strong> Lovvalg og verneting<\/strong><\/p>\n<p>Konkurransen reguleres av norsk lov. Arrang\u00f8ren og Deltakeren vedtar Oslo tingrett som eksklusivt verneting.<\/p>\n<p>&nbsp;<\/p>\n<p>&nbsp;<\/p>\n","protected":false},"excerpt":{"rendered":"<p>\ufeff\ufeff\ufeff\ufeff &nbsp; Premie &nbsp; &nbsp; KONKURRANSEREGLER &nbsp; Begreper Deltaker: Alle som registrerer seg for konkurranse p\u00e5 welovecycling.no\/xxxxx Arrang\u00f8r: Harald A [&hellip;]<\/p>\n","protected":false},"author":108,"featured_media":0,"parent":0,"menu_order":0,"comment_status":"closed","ping_status":"closed","template":"templates\/template-empty-page-headline.php","meta":{"footnotes":""},"tags":[117],"class_list":["post-2482","page","type-page","status-publish","hentry","tag-konkurranse"],"yoast_head":"<!-- This site is optimized with the Yoast SEO Premium plugin v25.3 (Yoast SEO v25.9) - https:\/\/yoast.com\/wordpress\/plugins\/seo\/ -->\n<title>Sommerkonkurranse - \u0160koda We Love Cycling - Norge<\/title>\n<meta name=\"robots\" content=\"index, follow, max-snippet:-1, max-image-preview:large, max-video-preview:-1\" \/>\n<link rel=\"canonical\" href=\"https:\/\/www.welovecycling.com\/no\/konkurranse\/\" \/>\n<meta property=\"og:locale\" content=\"nb_NO\" \/>\n<meta property=\"og:type\" content=\"article\" \/>\n<meta property=\"og:title\" content=\"Sommerkonkurranse\" \/>\n<meta property=\"og:description\" content=\"\ufeff\ufeff\ufeff\ufeff &nbsp; Premie &nbsp; &nbsp; KONKURRANSEREGLER &nbsp; Begreper Deltaker: Alle som registrerer seg for konkurranse p\u00e5 welovecycling.no\/xxxxx Arrang\u00f8r: Harald A [&hellip;]\" \/>\n<meta property=\"og:url\" content=\"https:\/\/www.welovecycling.com\/no\/konkurranse\/\" \/>\n<meta property=\"og:site_name\" content=\"\u0160koda We Love Cycling - Norge\" \/>\n<meta property=\"article:modified_time\" content=\"2021-06-18T06:28:07+00:00\" \/>\n<meta property=\"og:image\" content=\"https:\/\/d2p6e6u75xmxt8.cloudfront.net\/16\/2021\/06\/forsidebilde_sommerkonkurranse1.jpg\" \/>\n<meta name=\"twitter:card\" content=\"summary_large_image\" \/>\n<meta name=\"twitter:label1\" content=\"Est. reading time\" \/>\n\t<meta name=\"twitter:data1\" content=\"2 minutter\" \/>\n<script type=\"application\/ld+json\" class=\"yoast-schema-graph\">{\"@context\":\"https:\/\/schema.org\",\"@graph\":[{\"@type\":\"WebPage\",\"@id\":\"https:\/\/www.welovecycling.com\/no\/konkurranse\/\",\"url\":\"https:\/\/www.welovecycling.com\/no\/konkurranse\/\",\"name\":\"Sommerkonkurranse - \u0160koda We Love Cycling - Norge\",\"isPartOf\":{\"@id\":\"https:\/\/www.welovecycling.com\/no\/#website\"},\"primaryImageOfPage\":{\"@id\":\"https:\/\/www.welovecycling.com\/no\/konkurranse\/#primaryimage\"},\"image\":{\"@id\":\"https:\/\/www.welovecycling.com\/no\/konkurranse\/#primaryimage\"},\"thumbnailUrl\":\"https:\/\/d2p6e6u75xmxt8.cloudfront.net\/16\/2021\/06\/forsidebilde_sommerkonkurranse1.jpg\",\"datePublished\":\"2021-06-11T11:31:45+00:00\",\"dateModified\":\"2021-06-18T06:28:07+00:00\",\"inLanguage\":\"nb-NO\",\"potentialAction\":[{\"@type\":\"ReadAction\",\"target\":[\"https:\/\/www.welovecycling.com\/no\/konkurranse\/\"]}]},{\"@type\":\"ImageObject\",\"inLanguage\":\"nb-NO\",\"@id\":\"https:\/\/www.welovecycling.com\/no\/konkurranse\/#primaryimage\",\"url\":\"https:\/\/d2p6e6u75xmxt8.cloudfront.net\/16\/2021\/06\/forsidebilde_sommerkonkurranse1.jpg\",\"contentUrl\":\"https:\/\/d2p6e6u75xmxt8.cloudfront.net\/16\/2021\/06\/forsidebilde_sommerkonkurranse1.jpg\"},{\"@type\":\"WebSite\",\"@id\":\"https:\/\/www.welovecycling.com\/no\/#website\",\"url\":\"https:\/\/www.welovecycling.com\/no\/\",\"name\":\"\u0160koda We Love Cycling - Norge\",\"description\":\"\u0160koda We Love Cycling\",\"potentialAction\":[{\"@type\":\"SearchAction\",\"target\":{\"@type\":\"EntryPoint\",\"urlTemplate\":\"https:\/\/www.welovecycling.com\/no\/?s={search_term_string}\"},\"query-input\":{\"@type\":\"PropertyValueSpecification\",\"valueRequired\":true,\"valueName\":\"search_term_string\"}}],\"inLanguage\":\"nb-NO\"}]}<\/script>\n<!-- \/ Yoast SEO Premium plugin. -->","yoast_head_json":{"title":"Sommerkonkurranse - \u0160koda We Love Cycling - Norge","robots":{"index":"index","follow":"follow","max-snippet":"max-snippet:-1","max-image-preview":"max-image-preview:large","max-video-preview":"max-video-preview:-1"},"canonical":"https:\/\/www.welovecycling.com\/no\/konkurranse\/","og_locale":"nb_NO","og_type":"article","og_title":"Sommerkonkurranse","og_description":"\ufeff\ufeff\ufeff\ufeff &nbsp; Premie &nbsp; &nbsp; KONKURRANSEREGLER &nbsp; Begreper Deltaker: Alle som registrerer seg for konkurranse p\u00e5 welovecycling.no\/xxxxx Arrang\u00f8r: Harald A [&hellip;]","og_url":"https:\/\/www.welovecycling.com\/no\/konkurranse\/","og_site_name":"\u0160koda We Love Cycling - Norge","article_modified_time":"2021-06-18T06:28:07+00:00","og_image":[{"url":"https:\/\/d2p6e6u75xmxt8.cloudfront.net\/16\/2021\/06\/forsidebilde_sommerkonkurranse1.jpg","type":"","width":"","height":""}],"twitter_card":"summary_large_image","twitter_misc":{"Est. reading time":"2 minutter"},"schema":{"@context":"https:\/\/schema.org","@graph":[{"@type":"WebPage","@id":"https:\/\/www.welovecycling.com\/no\/konkurranse\/","url":"https:\/\/www.welovecycling.com\/no\/konkurranse\/","name":"Sommerkonkurranse - \u0160koda We Love Cycling - Norge","isPartOf":{"@id":"https:\/\/www.welovecycling.com\/no\/#website"},"primaryImageOfPage":{"@id":"https:\/\/www.welovecycling.com\/no\/konkurranse\/#primaryimage"},"image":{"@id":"https:\/\/www.welovecycling.com\/no\/konkurranse\/#primaryimage"},"thumbnailUrl":"https:\/\/d2p6e6u75xmxt8.cloudfront.net\/16\/2021\/06\/forsidebilde_sommerkonkurranse1.jpg","datePublished":"2021-06-11T11:31:45+00:00","dateModified":"2021-06-18T06:28:07+00:00","inLanguage":"nb-NO","potentialAction":[{"@type":"ReadAction","target":["https:\/\/www.welovecycling.com\/no\/konkurranse\/"]}]},{"@type":"ImageObject","inLanguage":"nb-NO","@id":"https:\/\/www.welovecycling.com\/no\/konkurranse\/#primaryimage","url":"https:\/\/d2p6e6u75xmxt8.cloudfront.net\/16\/2021\/06\/forsidebilde_sommerkonkurranse1.jpg","contentUrl":"https:\/\/d2p6e6u75xmxt8.cloudfront.net\/16\/2021\/06\/forsidebilde_sommerkonkurranse1.jpg"},{"@type":"WebSite","@id":"https:\/\/www.welovecycling.com\/no\/#website","url":"https:\/\/www.welovecycling.com\/no\/","name":"\u0160koda We Love Cycling - Norge","description":"\u0160koda We Love Cycling","potentialAction":[{"@type":"SearchAction","target":{"@type":"EntryPoint","urlTemplate":"https:\/\/www.welovecycling.com\/no\/?s={search_term_string}"},"query-input":{"@type":"PropertyValueSpecification","valueRequired":true,"valueName":"search_term_string"}}],"inLanguage":"nb-NO"}]}},"_links":{"self":[{"href":"https:\/\/www.welovecycling.com\/no\/wp-json\/wp\/v2\/pages\/2482","targetHints":{"allow":["GET"]}}],"collection":[{"href":"https:\/\/www.welovecycling.com\/no\/wp-json\/wp\/v2\/pages"}],"about":[{"href":"https:\/\/www.welovecycling.com\/no\/wp-json\/wp\/v2\/types\/page"}],"author":[{"embeddable":true,"href":"https:\/\/www.welovecycling.com\/no\/wp-json\/wp\/v2\/users\/108"}],"replies":[{"embeddable":true,"href":"https:\/\/www.welovecycling.com\/no\/wp-json\/wp\/v2\/comments?post=2482"}],"version-history":[{"count":2,"href":"https:\/\/www.welovecycling.com\/no\/wp-json\/wp\/v2\/pages\/2482\/revisions"}],"predecessor-version":[{"id":2534,"href":"https:\/\/www.welovecycling.com\/no\/wp-json\/wp\/v2\/pages\/2482\/revisions\/2534"}],"wp:attachment":[{"href":"https:\/\/www.welovecycling.com\/no\/wp-json\/wp\/v2\/media?parent=2482"}],"wp:term":[{"taxonomy":"post_tag","embeddable":true,"href":"https:\/\/www.welovecycling.com\/no\/wp-json\/wp\/v2\/tags?post=2482"}],"curies":[{"name":"wp","href":"https:\/\/api.w.org\/{rel}","templated":true}]}}