{"id":13,"date":"2019-05-09T11:35:52","date_gmt":"2019-05-09T11:35:52","guid":{"rendered":"https:\/\/www.welovecycling.com\/no\/?page_id=13"},"modified":"2019-06-26T08:50:49","modified_gmt":"2019-06-26T08:50:49","slug":"memorandum","status":"publish","type":"page","link":"https:\/\/www.welovecycling.com\/no\/docs\/memorandum\/","title":{"rendered":"Informasjon om behandling av personopplysninger"},"content":{"rendered":"<div id=\"pl-13\"  class=\"panel-layout\" ><div id=\"pg-13-0\"  class=\"panel-grid panel-no-style\" ><div id=\"pgc-13-0-0\"  class=\"panel-grid-cell\" ><div id=\"panel-13-0-0-0\" class=\"so-panel widget widget_sow-editor panel-first-child panel-last-child\" data-index=\"0\" ><div\n\t\t\t\n\t\t\tclass=\"so-widget-sow-editor so-widget-sow-editor-base\"\n\t\t\t\n\t\t>\n<div class=\"siteorigin-widget-tinymce textwidget\">\n\t<h3><strong>Samtykke til behandling av personopplysninger<\/strong><\/h3>\n<p>Med dette gir jeg \u0160koda AUTO a.s., t\u0159. V\u00e1clava Klementa 869, Mlad\u00e1 Boleslav II, 293 01, Mlad\u00e1 Boleslav, org.nr.: 00177041, registrert i foretaksregisteret ved den kommunale domstolen i Praha under seksjon B, sak nr. 332, behandlingsansvarlig (i det f\u00f8lgende kalt \u0160koda AUTO)<\/p>\n<p><strong>mitt frie og frivillige samtykke til behandling av personopplysninger i f\u00f8lgende omfang:<\/strong>\u00a0fornavn, etternavn, e-postadresse, f\u00f8dselsdato, og, etter hva som gjelder, ogs\u00e5 andre opplysninger som \u0160koda AUTO har f\u00e5tt om meg og vil bruke for \u00e5 m\u00e5lrette markedsf\u00f8ringsaktivitetene sine bedre mot behovene mine<\/p>\n<p><strong>med form\u00e5l om: <\/strong>henvende seg med tilbud om \u0160koda-merkeprodukter og -tjenester, medregnet informasjon om produkter, tjenester, arrangementer, konkurranser, utsendelse av nyhetsbrev og kort p\u00e5 festdager<\/p>\n<p><span style=\"font-size: 14pt;\"><strong>Samtykket gis for fem \u00e5r. <\/strong><\/span><\/p>\n<p>Jeg bekrefter at jeg n\u00e5r som helst har rett til \u00e5 trekke tilbake samtykket, enten elektronisk p\u00e5 nettsiden\u00a0<a href=\"http:\/\/www.skoda-auto.com\/other\/personal-data\">http:\/\/www.skoda-auto.com\/other\/personal-data<\/a>\u00a0eller i skriftlig form til selskapet \u0160koda AUTOs adresse. Jeg har rett til \u00e5 trekke tilbake samtykket f\u00f8r utl\u00f8pet av behandlingsperioden det ble gitt samtykke til. Tilbaketrekking av samtykke skal ikke p\u00e5virke lovligheten til behandling av personopplysninger som er basert p\u00e5 samtykke f\u00f8r tilbaketrekkingen.<\/p>\n<p>Du finner mer informasjon om behandlingen av personopplysninger i vedlegget oppf\u00f8rt nedenfor, som er en integrert del av dette samtykket. Generell informasjon knyttet til vern av personopplysninger er ogs\u00e5 tilgjengelig p\u00e5 nettsiden\u00a0<a href=\"http:\/\/www.skoda-auto.com\/other\/personal-data\">http:\/\/www.skoda-auto.com\/other\/personal-data<\/a>.<\/p>\n<\/div>\n<\/div><\/div><\/div><\/div><div id=\"pg-13-1\"  class=\"panel-grid panel-no-style\" ><div id=\"pgc-13-1-0\"  class=\"panel-grid-cell\" ><div id=\"panel-13-1-0-0\" class=\"so-panel widget widget_sow-editor panel-first-child\" data-index=\"1\" ><div\n\t\t\t\n\t\t\tclass=\"so-widget-sow-editor so-widget-sow-editor-base\"\n\t\t\t\n\t\t>\n<div class=\"siteorigin-widget-tinymce textwidget\">\n\t<h2><img loading=\"lazy\" decoding=\"async\" class=\"size-full wp-image-164811\" style=\"display: inline-block;\" src=\"https:\/\/d2p6e6u75xmxt8.cloudfront.net\/2\/2018\/05\/notepad.jpg\" alt=\"\" width=\"44\" height=\"38\" \/>\u00a0<strong>Informasjon om behandling av personopplysninger<\/strong><\/h2>\n<p>Med dette dokumentet gir vi, som den behandlingsansvarlige for personopplysninger, \u0160koda AUTO a.s.,t\u0159 V\u00e1clava Klementa 869, Mlad\u00e1 Boleslav II, 293 10, Mlad\u00e1 Boleslav, org.nr.: 00177041, registrert i foretaksregisteret ved den kommunale domstolen i Praha under seksjon B, sak nr. 332 ( i det f\u00f8lgende kalt \u00abselskapet \u0160koda AUTO\u00bb) \u2013 informasjon om behandling av personopplysninger og rettighetene dine i forbindelse med denne behandlingen.<\/p>\n<p>Behandlingen av personopplysninger omfatter f\u00f8lgende aktiviteter:<\/p>\n<p><strong>Gjennomf\u00f8ring av markedsf\u00f8ringsaktiviteter<\/strong><\/p>\n<\/div>\n<\/div><\/div><div id=\"panel-13-1-0-1\" class=\"so-panel widget widget_sow-editor panel-last-child\" data-index=\"2\" ><div\n\t\t\t\n\t\t\tclass=\"so-widget-sow-editor so-widget-sow-editor-base\"\n\t\t\t\n\t\t>\n<div class=\"siteorigin-widget-tinymce textwidget\">\n\t<p><strong>Form\u00e5l med behandlingen:<\/strong><\/p>\n<p>Henvende seg med tilbud om \u0160koda-produkter og -tjenester, medregnet informasjon om produkter, tjenester, arrangementer, konkurranser, utsendelse av nyhetsbrev og kort p\u00e5 festdager<\/p>\n<p><strong>Beskrivelse av form\u00e5let med behandling:<\/strong><\/p>\n<p>Personopplysningene dine brukes for \u00e5 gi deg informasjon om produkter og tjenester fra \u0160koda AUTO, arrangementer, konkurranser, abonnement p\u00e5 nyheter, annonser, distribusjon av kataloger eller kort p\u00e5 festdager. Vi kan ogs\u00e5 bruke enkelte av personopplysningene dine for \u00e5 m\u00e5lrette nevnte kommunikasjon.<\/p>\n<p><strong>Rettslig grunnlag for behandlingen:<\/strong><\/p>\n<p>Vi har tillatelse til \u00e5 behandle personopplysningene dine p\u00e5 grunnlag av samtykket du har gitt. Hvis du ikke samtykker, vil vi ikke behandle personopplysningene dine.<\/p>\n<p><strong>Kategorier av personopplysninger vi behandler:<\/strong><\/p>\n<p>Identifiseringsopplysninger, kontaktopplysninger, beskrivende opplysninger, forretningsprofil, teknisk informasjon om produktet, handlehistorikk, informasjon om familie og andre personer, kommunikasjon, samhandling og utledede profiler basert p\u00e5 disse opplysningene, nettverksidentifikatorer.<\/p>\n<p><strong>Behandling og lagringsperiode:<\/strong><\/p>\n<p>Fem \u00e5r etter at samtykke til behandling av personopplysninger ble gitt.<\/p>\n<p><strong>Kategorier av databehandlere eller mottakere vi kan utlevere personopplysninger til:<\/strong><\/p>\n<p>Markedsf\u00f8ringsbyr\u00e5er, eventbyr\u00e5er, mediebyr\u00e5er, medlemmer i distribusjonsnettet, serveroperat\u00f8rer, byr\u00e5er for h\u00e5ndtering av gjester, informasjonstelefon.<\/p>\n<p>Etter anmodning kan personopplysningene dine utleveres til offentlige myndigheter, s\u00e6rlig til domstoler, politiet i Tsjekkia og andre som h\u00e5ndhever loven, i n\u00f8dvendig omfang og innenfor lovens grenser.<\/p>\n<p><strong>Kilder for personopplysningene:<\/strong><\/p>\n<p>Vi mottar personopplysninger direkte fra deg.<\/p>\n<p><strong>Overf\u00f8ring av personopplysninger til tredjeland eller overnasjonale organisasjoner:<\/strong><\/p>\n<p>I forbindelse med behandlingen kan personopplysningene dine overf\u00f8res til mottakere i tredjeland, dvs. USA. I slike tilfeller kan overf\u00f8ringen finne sted enten p\u00e5 grunnlag av en beslutning om tilstrekkelig beskyttelsesniv\u00e5 fra Europakommisjonen, dvs. organisasjoner som deltar i Privacy Shield-programmet, eller p\u00e5 grunnlag av standard personvernbestemmelser, dvs. en standardavtale utstedt av Europakommisjonen, uten endringer i teksten, som fastsatt i gjeldende juridiske regler om vern av personopplysninger.\u00a0 Du finner den nyeste informasjonen p\u00e5\u00a0<a href=\"http:\/\/www.skoda-auto.com\/other\/privacy-statement\">http:\/\/www.skoda-auto.com\/other\/privacy-statement<\/a>.<\/p>\n<p><strong>\u00a0<\/strong><\/p>\n<p><strong>Automatisert beslutningstaking p\u00e5 grunnlag av personopplysninger:<\/strong><\/p>\n<p>Denne behandlingen av personopplysninger inneholder ikke automatisert beslutningstaking p\u00e5 grunnlag av personopplysninger.<\/p>\n<p><strong>Annen informasjon<\/strong><\/p>\n<p>Personopplysninger kan lagres p\u00e5 grunnlag av allmennhetens interesse og brukes for vitenskapelige, historiske eller statiske forskningsform\u00e5l. I godt begrunnede tilfeller kan personopplysningene ogs\u00e5 v\u00e6re gjenstand for behandling der form\u00e5let er juridiske beslutninger, medregnet oppfyllelse av forpliktelser overfor organer innen offentlig forvaltning og tilsyn og p\u00e5g\u00e5ende vurdering av juridisk risiko.<\/p>\n<\/div>\n<\/div><\/div><\/div><\/div><div id=\"pg-13-2\"  class=\"panel-grid panel-no-style\" ><div id=\"pgc-13-2-0\"  class=\"panel-grid-cell\" ><div id=\"panel-13-2-0-0\" class=\"so-panel widget widget_sow-editor panel-first-child panel-last-child\" data-index=\"3\" ><div\n\t\t\t\n\t\t\tclass=\"so-widget-sow-editor so-widget-sow-editor-base\"\n\t\t\t\n\t\t>\n<div class=\"siteorigin-widget-tinymce textwidget\">\n\t<p><a href=\"\/no\/docs\/rights\/\">Hvilke rettigheter har du?<\/a><\/p>\n<\/div>\n<\/div><\/div><\/div><\/div><\/div>","protected":false},"excerpt":{"rendered":"<p>Samtykke til behandling av personopplysninger Med dette gir jeg \u0160koda AUTO a.s., t\u0159. V\u00e1clava Klementa 869, Mlad\u00e1 Boleslav II, 293 [&hellip;]<\/p>\n","protected":false},"author":78,"featured_media":0,"parent":8,"menu_order":0,"comment_status":"closed","ping_status":"closed","template":"templates\/template-empty-page-headline.php","meta":{"footnotes":""},"tags":[],"class_list":["post-13","page","type-page","status-publish","hentry"],"yoast_head":"<!-- This site is optimized with the Yoast SEO Premium plugin v25.3 (Yoast SEO v25.9) - https:\/\/yoast.com\/wordpress\/plugins\/seo\/ -->\n<title>Informasjon om behandling av personopplysninger - \u0160koda We Love Cycling - Norge<\/title>\n<meta name=\"robots\" content=\"index, follow, max-snippet:-1, max-image-preview:large, max-video-preview:-1\" \/>\n<link rel=\"canonical\" href=\"https:\/\/www.welovecycling.com\/no\/docs\/memorandum\/\" \/>\n<meta property=\"og:locale\" content=\"nb_NO\" \/>\n<meta property=\"og:type\" content=\"article\" \/>\n<meta property=\"og:title\" content=\"Informasjon om behandling av personopplysninger\" \/>\n<meta property=\"og:description\" content=\"Samtykke til behandling av personopplysninger Med dette gir jeg \u0160koda AUTO a.s., t\u0159. V\u00e1clava Klementa 869, Mlad\u00e1 Boleslav II, 293 [&hellip;]\" \/>\n<meta property=\"og:url\" content=\"https:\/\/www.welovecycling.com\/no\/docs\/memorandum\/\" \/>\n<meta property=\"og:site_name\" content=\"\u0160koda We Love Cycling - Norge\" \/>\n<meta property=\"article:modified_time\" content=\"2019-06-26T08:50:49+00:00\" \/>\n<meta property=\"og:image\" content=\"https:\/\/d2p6e6u75xmxt8.cloudfront.net\/2\/2018\/05\/notepad.jpg\" \/>\n<meta name=\"twitter:card\" content=\"summary_large_image\" \/>\n<meta name=\"twitter:label1\" content=\"Est. reading time\" \/>\n\t<meta name=\"twitter:data1\" content=\"3 minutter\" \/>\n<script type=\"application\/ld+json\" class=\"yoast-schema-graph\">{\"@context\":\"https:\/\/schema.org\",\"@graph\":[{\"@type\":\"WebPage\",\"@id\":\"https:\/\/www.welovecycling.com\/no\/docs\/memorandum\/\",\"url\":\"https:\/\/www.welovecycling.com\/no\/docs\/memorandum\/\",\"name\":\"Informasjon om behandling av personopplysninger - \u0160koda We Love Cycling - Norge\",\"isPartOf\":{\"@id\":\"https:\/\/www.welovecycling.com\/no\/#website\"},\"primaryImageOfPage\":{\"@id\":\"https:\/\/www.welovecycling.com\/no\/docs\/memorandum\/#primaryimage\"},\"image\":{\"@id\":\"https:\/\/www.welovecycling.com\/no\/docs\/memorandum\/#primaryimage\"},\"thumbnailUrl\":\"https:\/\/d2p6e6u75xmxt8.cloudfront.net\/2\/2018\/05\/notepad.jpg\",\"datePublished\":\"2019-05-09T11:35:52+00:00\",\"dateModified\":\"2019-06-26T08:50:49+00:00\",\"breadcrumb\":{\"@id\":\"https:\/\/www.welovecycling.com\/no\/docs\/memorandum\/#breadcrumb\"},\"inLanguage\":\"nb-NO\",\"potentialAction\":[{\"@type\":\"ReadAction\",\"target\":[\"https:\/\/www.welovecycling.com\/no\/docs\/memorandum\/\"]}]},{\"@type\":\"ImageObject\",\"inLanguage\":\"nb-NO\",\"@id\":\"https:\/\/www.welovecycling.com\/no\/docs\/memorandum\/#primaryimage\",\"url\":\"https:\/\/d2p6e6u75xmxt8.cloudfront.net\/2\/2018\/05\/notepad.jpg\",\"contentUrl\":\"https:\/\/d2p6e6u75xmxt8.cloudfront.net\/2\/2018\/05\/notepad.jpg\"},{\"@type\":\"BreadcrumbList\",\"@id\":\"https:\/\/www.welovecycling.com\/no\/docs\/memorandum\/#breadcrumb\",\"itemListElement\":[{\"@type\":\"ListItem\",\"position\":1,\"name\":\"Documents\",\"item\":\"https:\/\/www.welovecycling.com\/no\/docs\/\"},{\"@type\":\"ListItem\",\"position\":2,\"name\":\"Informasjon om behandling av personopplysninger\"}]},{\"@type\":\"WebSite\",\"@id\":\"https:\/\/www.welovecycling.com\/no\/#website\",\"url\":\"https:\/\/www.welovecycling.com\/no\/\",\"name\":\"\u0160koda We Love Cycling - Norge\",\"description\":\"\u0160koda We Love Cycling\",\"potentialAction\":[{\"@type\":\"SearchAction\",\"target\":{\"@type\":\"EntryPoint\",\"urlTemplate\":\"https:\/\/www.welovecycling.com\/no\/?s={search_term_string}\"},\"query-input\":{\"@type\":\"PropertyValueSpecification\",\"valueRequired\":true,\"valueName\":\"search_term_string\"}}],\"inLanguage\":\"nb-NO\"}]}<\/script>\n<!-- \/ Yoast SEO Premium plugin. -->","yoast_head_json":{"title":"Informasjon om behandling av personopplysninger - \u0160koda We Love Cycling - Norge","robots":{"index":"index","follow":"follow","max-snippet":"max-snippet:-1","max-image-preview":"max-image-preview:large","max-video-preview":"max-video-preview:-1"},"canonical":"https:\/\/www.welovecycling.com\/no\/docs\/memorandum\/","og_locale":"nb_NO","og_type":"article","og_title":"Informasjon om behandling av personopplysninger","og_description":"Samtykke til behandling av personopplysninger Med dette gir jeg \u0160koda AUTO a.s., t\u0159. V\u00e1clava Klementa 869, Mlad\u00e1 Boleslav II, 293 [&hellip;]","og_url":"https:\/\/www.welovecycling.com\/no\/docs\/memorandum\/","og_site_name":"\u0160koda We Love Cycling - Norge","article_modified_time":"2019-06-26T08:50:49+00:00","og_image":[{"url":"https:\/\/d2p6e6u75xmxt8.cloudfront.net\/2\/2018\/05\/notepad.jpg","type":"","width":"","height":""}],"twitter_card":"summary_large_image","twitter_misc":{"Est. reading time":"3 minutter"},"schema":{"@context":"https:\/\/schema.org","@graph":[{"@type":"WebPage","@id":"https:\/\/www.welovecycling.com\/no\/docs\/memorandum\/","url":"https:\/\/www.welovecycling.com\/no\/docs\/memorandum\/","name":"Informasjon om behandling av personopplysninger - \u0160koda We Love Cycling - Norge","isPartOf":{"@id":"https:\/\/www.welovecycling.com\/no\/#website"},"primaryImageOfPage":{"@id":"https:\/\/www.welovecycling.com\/no\/docs\/memorandum\/#primaryimage"},"image":{"@id":"https:\/\/www.welovecycling.com\/no\/docs\/memorandum\/#primaryimage"},"thumbnailUrl":"https:\/\/d2p6e6u75xmxt8.cloudfront.net\/2\/2018\/05\/notepad.jpg","datePublished":"2019-05-09T11:35:52+00:00","dateModified":"2019-06-26T08:50:49+00:00","breadcrumb":{"@id":"https:\/\/www.welovecycling.com\/no\/docs\/memorandum\/#breadcrumb"},"inLanguage":"nb-NO","potentialAction":[{"@type":"ReadAction","target":["https:\/\/www.welovecycling.com\/no\/docs\/memorandum\/"]}]},{"@type":"ImageObject","inLanguage":"nb-NO","@id":"https:\/\/www.welovecycling.com\/no\/docs\/memorandum\/#primaryimage","url":"https:\/\/d2p6e6u75xmxt8.cloudfront.net\/2\/2018\/05\/notepad.jpg","contentUrl":"https:\/\/d2p6e6u75xmxt8.cloudfront.net\/2\/2018\/05\/notepad.jpg"},{"@type":"BreadcrumbList","@id":"https:\/\/www.welovecycling.com\/no\/docs\/memorandum\/#breadcrumb","itemListElement":[{"@type":"ListItem","position":1,"name":"Documents","item":"https:\/\/www.welovecycling.com\/no\/docs\/"},{"@type":"ListItem","position":2,"name":"Informasjon om behandling av personopplysninger"}]},{"@type":"WebSite","@id":"https:\/\/www.welovecycling.com\/no\/#website","url":"https:\/\/www.welovecycling.com\/no\/","name":"\u0160koda We Love Cycling - Norge","description":"\u0160koda We Love Cycling","potentialAction":[{"@type":"SearchAction","target":{"@type":"EntryPoint","urlTemplate":"https:\/\/www.welovecycling.com\/no\/?s={search_term_string}"},"query-input":{"@type":"PropertyValueSpecification","valueRequired":true,"valueName":"search_term_string"}}],"inLanguage":"nb-NO"}]}},"_links":{"self":[{"href":"https:\/\/www.welovecycling.com\/no\/wp-json\/wp\/v2\/pages\/13","targetHints":{"allow":["GET"]}}],"collection":[{"href":"https:\/\/www.welovecycling.com\/no\/wp-json\/wp\/v2\/pages"}],"about":[{"href":"https:\/\/www.welovecycling.com\/no\/wp-json\/wp\/v2\/types\/page"}],"author":[{"embeddable":true,"href":"https:\/\/www.welovecycling.com\/no\/wp-json\/wp\/v2\/users\/78"}],"replies":[{"embeddable":true,"href":"https:\/\/www.welovecycling.com\/no\/wp-json\/wp\/v2\/comments?post=13"}],"version-history":[{"count":2,"href":"https:\/\/www.welovecycling.com\/no\/wp-json\/wp\/v2\/pages\/13\/revisions"}],"predecessor-version":[{"id":534,"href":"https:\/\/www.welovecycling.com\/no\/wp-json\/wp\/v2\/pages\/13\/revisions\/534"}],"up":[{"embeddable":true,"href":"https:\/\/www.welovecycling.com\/no\/wp-json\/wp\/v2\/pages\/8"}],"wp:attachment":[{"href":"https:\/\/www.welovecycling.com\/no\/wp-json\/wp\/v2\/media?parent=13"}],"wp:term":[{"taxonomy":"post_tag","embeddable":true,"href":"https:\/\/www.welovecycling.com\/no\/wp-json\/wp\/v2\/tags?post=13"}],"curies":[{"name":"wp","href":"https:\/\/api.w.org\/{rel}","templated":true}]}}