{"id":3103,"date":"2024-06-18T14:12:07","date_gmt":"2024-06-18T12:12:07","guid":{"rendered":"https:\/\/www.welovecycling.com\/nl\/?page_id=3103"},"modified":"2024-06-28T10:56:17","modified_gmt":"2024-06-28T08:56:17","slug":"terms-and-conditions","status":"publish","type":"page","link":"https:\/\/www.welovecycling.com\/nl\/tour-de-france-2024\/terms-and-conditions\/","title":{"rendered":"Terms And Conditions"},"content":{"rendered":"<p><span style=\"font-weight: 400;\">Deze regels regelen de voorwaarden van de &#8220;2024 TDF Wedstrijd&#8221; (hierna te noemen \u201c Wedstrijd\u201d) en vormen het enige document dat volledig en verplichtend de regels van deze wedstrijd regelt.<\/span><\/p>\n<h4><b>1. Wedstrijdhost en organisator<\/b><\/h4>\n<p><span style=\"font-weight: 400;\">De Wedstrijdhost is \u0160koda Auto a.s., een naamloze vennootschap met maatschappelijke zetel te t\u0159. V\u00e1clava Klementa 869, 293 01 Mlad\u00e1 Boleslav, Tsjechische Republiek, bedrijfsidentificatienummer 00177041, geregistreerd in het handelsregister dat wordt beheerd door de gemeentelijke rechtbank in Praag, afdeling B, dossiernummer 332 (hierna de \u201cHost\u201d genoemd).<\/span><\/p>\n<p><span style=\"font-weight: 400;\">De organisator van de Wedstrijd, die praktische stappen onderneemt in de organisatie ervan, is MUSTARD s.r.o., maatschappelijke zetel Praha 1 &#8211; Nov\u00e9 M\u011bsto, Masarykovo n\u00e1b\u0159. 246, 110 00, Tsjechische Republiek, Identificatienummer 28531418, geregistreerd in het handelsregister dat wordt beheerd door de gemeentelijke rechtbank in Praag in afdeling C, nummer 148383.<\/span><span style=\"font-weight: 400;\"><br \/>\n<\/span><span style=\"font-weight: 400;\">(hierna de \u201corganisator\u201d genoemd&#8221;)<\/span><\/p>\n<h4><b>2. Wedstrijdvoorwaarden en plaats, Wedstrijdrondes<\/b><\/h4>\n<ul>\n<li style=\"font-weight: 400;\" aria-level=\"1\"><span style=\"font-weight: 400;\">1e wedstrijdronde- 00.01 uur (CET) 29.6. 2024 tot 23.59 uur (CET) 05.07. 2024<\/span><\/li>\n<li style=\"font-weight: 400;\" aria-level=\"1\"><span style=\"font-weight: 400;\">2e wedstrijdronde- 00.01 uur (CET) 06.07. 2024 tot 23.59 uur (CET) 12.07. 2024<\/span><\/li>\n<li style=\"font-weight: 400;\" aria-level=\"1\"><span style=\"font-weight: 400;\">3e wedstrijdronde- 00.01 uur (CET) 13.07. 2024 tot 23.59 uur (CET) 21.07. 2024<\/span><\/li>\n<li style=\"font-weight: 400;\" aria-level=\"1\"><span style=\"font-weight: 400;\">4e wedstrijdronde- 00.01 uur (CET) 12.08. 2024 tot 23.59 uur (CET) 18.08. 2024<\/span><\/li>\n<\/ul>\n<p><span style=\"font-weight: 400;\">De Wedstrijd wordt gehouden op de website www.welovecycling.com (hierna de \u201cWedstrijdwebsite\u201d genoemd), waar de communicatie met deelnemers primair plaatsvindt.<\/span><\/p>\n<h4><b>3. Deelnemers aan de wedstrijd<\/b><\/h4>\n<p><span style=\"font-weight: 400;\">Aan de Wedstrijd kan worden deelgenomen door iedereen die ten minste de leeftijd van 18 jaar heeft bereikt en woonachtig is in \u00e9\u00e9n van de landen waar de Wedstrijd wordt gehouden. De Wedstrijd wordt in de volgende landen gehouden: ANDORRA, OOSTENRIJK, BELGI\u00cb, BOSNI\u00cb, BULGARIJE, KROATI\u00cb, TSJECHISCHE REPUBLIEK, DENEMARKEN, ESTLAND, FINLAND, FRANKRIJK, DUITSLAND, GROOT-BRITTANNI\u00cb, GRIEKENLAND, HONGARIJE, IJSLAND, IERLAND, ITALI\u00cb, LETLAND, LIECHTENSTEIN, LITOUWEN, LUXEMBURG, MONTENEGRO, NEDERLAND, NOORWEGEN, POLEN, PORTUGAL, ROEMENI\u00cb, SERVI\u00cb, SLOWAKIJE, SLOVENI\u00cb, SPANJE, ZWEDEN, ZWITSERLAND.<\/span><\/p>\n<p><span style=\"font-weight: 400;\">Om deel te nemen aan de Wedstrijd is het noodzakelijk om je op elk moment te registreren van de Wedstrijdperiode op de website van de Wedstrijd en te bevestigen dat je deze regels onvoorwaardelijk accepteert. Een onderdeel van de registratie (deelnameformulier) is het verstrekken van persoonlijke gegevens &#8211; e-mailadres dat uitsluitend zal worden gebruikt ten behoeve van deze Wedstrijd.<\/span><\/p>\n<p><span style=\"font-weight: 400;\">Elke deelnemer kan zichzelf slechts eenmaal en alleen onder zijn\/haar eigen e-mailadres registreren, waarbij de organisator van de Prijsvraag zich het recht voorbehoudt om deze regel zowel technisch als organisatorisch te controleren.<\/span><\/p>\n<p><span style=\"font-weight: 400;\">Alle personen die hebben meegewerkt aan de voorbereiding van deze Wedstrijd, voornamelijk personen die in dienst zijn van of een vergelijkbare relatie hebben met de Host of de Organisator, zijn niet gerechtigd om deel te nemen aan de Wedstrijd, evenmin als personen die een vergelijkbare relatie hebben met de deelnemende geautoriseerde \u0160koda-partner of met agentschappen belast met het organiseren van deze Wedstrijd, hun familieleden en personen in hun naaste omgeving.<\/span><\/p>\n<h4><b>4. Wedstrijdmechanisme, evaluatie van winnaars<\/b><\/h4>\n<p><span style=\"font-weight: 400;\">De taak van een deelnemer is het beantwoorden van drie wedstrijdvragen. Alle deelnemers die alle drie de vragen goed hebben beantwoord en zich hebben geregistreerd op de We Love Cycling website, maken kans op het winnen van een prijs.<\/span><\/p>\n<p><span style=\"font-weight: 400;\">In de 1e Wedstrijronde worden de prijzen gewonnen door de deelnemers die alle juiste antwoorden hebben gegeven op 1\/11, 2\/11, 3\/11, 4\/11, 5\/11, 6\/11 en 7\/11 op de lijst van alle deelnemers. Als het aantal deelnemers niet deelbaar is door 11, wordt het resultaat naar beneden afgerond op het dichtstbijzijnde gehele getal dat deelbaar is door 11.<\/span><\/p>\n<p><span style=\"font-weight: 400;\">In de 2e Wedstrijronde worden de prijzen gewonnen door de deelnemers die alle juiste antwoorden hebben gegeven op 1\/11, 2\/11, 3\/11, 4\/11, 5\/11, 6\/11 en 7\/11 op de lijst van alle deelnemers. Als het aantal deelnemers niet deelbaar is door 11, wordt het resultaat naar beneden afgerond op het dichtstbijzijnde gehele getal dat deelbaar is door 11.<\/span><\/p>\n<p><span style=\"font-weight: 400;\">In de 2e Wedstrijronde worden de prijzen gewonnen door de deelnemers die alle juiste antwoorden hebben gegeven op 1\/11, 2\/11, 3\/11, 4\/11, 5\/11, 6\/11, 7\/11, 8\/11 en 9\/11 op de lijst van alle deelnemers. Als het aantal deelnemers niet deelbaar is door 11, wordt het resultaat naar beneden afgerond op het dichtstbijzijnde gehele getal dat deelbaar is door 11.<\/span><\/p>\n<p><span style=\"font-weight: 400;\">In de 4e Wedstrijronde worden de prijzen gewonnen door de deelnemers die alle juiste antwoorden hebben gegeven op 1\/11, 2\/11, 3\/11, 4\/11, 5\/11, 6\/11, 7\/11, 8\/11 en 9\/11 op de lijst van alle deelnemers. Als het aantal deelnemers niet deelbaar is door 11, wordt het resultaat naar beneden afgerond op het dichtstbijzijnde gehele getal dat deelbaar is door 11.<\/span><\/p>\n<p><span style=\"font-weight: 400;\">De lijst met deelnemers wordt chronologisch gesorteerd op basis van het tijdstip waarop de wedstrijdvragen zijn ingestuurd. De personen die het eerst op de lijst staan zoals hierboven vermeld, zijn de winnaars. Bijvoorbeeld, voor Ronde 1, in het geval van 7183 deelnemers, worden winnaars geplaatst op de 653., 1306., 1959. (enz,) plaats.<\/span><\/p>\n<p><span style=\"font-weight: 400;\">De Wedstrijdhost zal de winnaars binnen vijf dagen na afloop van de betreffende periode van de Wedstrijd op de hoogte stellen via een e-mail die tijdens de registratie is opgegeven en de winnaars zal worden gevraagd de gegevens te verstrekken die nodig zijn voor de overhandiging of verzending van de prijs of voor verdere communicatie. Indien de winnaar niet reageert, zelfs niet op een e-mail die herhaaldelijk door de wedstrijdhost is verstuurd, of niet binnen 24 uur nadat de e-mail is verstuurd zijn contactgegevens doorgeeft, vervalt zijn prijs zonder enige compensatie.<\/span><\/p>\n<h4><b>5. Beschrijving van de prijzen<\/b><\/h4>\n<p><span style=\"font-weight: 400;\">Ronde 1<\/span><\/p>\n<ul>\n<li style=\"font-weight: 400;\" aria-level=\"1\"><span style=\"font-weight: 400;\">1x Cannondale SuperSix Evo 3<\/span><\/li>\n<li style=\"font-weight: 400;\" aria-level=\"1\"><span style=\"font-weight: 400;\">2x POC PROCEN-helmen<\/span><\/li>\n<li style=\"font-weight: 400;\" aria-level=\"1\"><span style=\"font-weight: 400;\">5x \u0160koda Green Jersey<\/span><\/li>\n<\/ul>\n<p>&nbsp;<\/p>\n<p><span style=\"font-weight: 400;\">Ronde 2<\/span><\/p>\n<ul>\n<li style=\"font-weight: 400;\" aria-level=\"1\"><span style=\"font-weight: 400;\">1x Cannondale Topstone <\/span><span style=\"font-weight: 400;\">Carbon 2 Lefty<\/span><\/li>\n<li style=\"font-weight: 400;\" aria-level=\"1\"><span style=\"font-weight: 400;\">2x POC PROCEN-helmen<\/span><\/li>\n<li style=\"font-weight: 400;\" aria-level=\"1\"><span style=\"font-weight: 400;\">5x \u0160koda Green Jersey<\/span><\/li>\n<\/ul>\n<p>&nbsp;<\/p>\n<p><span style=\"font-weight: 400;\">Ronde 3<\/span><\/p>\n<ul>\n<li style=\"font-weight: 400;\" aria-level=\"1\"><span style=\"font-weight: 400;\">1x Cannondale Scalpel <\/span><span style=\"font-weight: 400;\">HT Carbon 1<\/span><\/li>\n<li style=\"font-weight: 400;\" aria-level=\"1\"><span style=\"font-weight: 400;\">2x POC Ventral Air MIPS-helmen<\/span><\/li>\n<li style=\"font-weight: 400;\" aria-level=\"1\"><span style=\"font-weight: 400;\">5x \u0160koda Green Jersey<\/span><\/li>\n<\/ul>\n<p>&nbsp;<\/p>\n<p><span style=\"font-weight: 400;\">Ronde 4<\/span><\/p>\n<ul>\n<li style=\"font-weight: 400;\" aria-level=\"1\"><span style=\"font-weight: 400;\">1x Cannondale Mavaro NEO 3<\/span><\/li>\n<li style=\"font-weight: 400;\" aria-level=\"1\"><span style=\"font-weight: 400;\">1x Wahoo Elemnt Roam<\/span><\/li>\n<li style=\"font-weight: 400;\" aria-level=\"1\"><span style=\"font-weight: 400;\">5x \u0160koda Green Jersey<\/span><\/li>\n<\/ul>\n<p>&nbsp;<\/p>\n<p><span style=\"font-weight: 400;\">Vanwege mogelijke vertragingen in de beschikbaarheid van onderdelen, kan de levering van fietsen als prijs tot 8 maanden duren. Deze vertraging wordt veroorzaakt door factoren waar we geen directe invloed op hebben, zoals de inkoop van onderdelen die nodig zijn voor de assemblage.<\/span><\/p>\n<h4><b>6. Informatie over de verwerking van persoonsgegevens<\/b><\/h4>\n<p><span style=\"font-weight: 400;\">De Host, als verantwoordelijke voor de verwerking van persoonsgegevens volgens de Algemene Verordening Gegevensbescherming (Verordening (EU) 2016\/679), verstrekt je hierbij informatie over de verwerking van persoonsgegevens en je rechten met betrekking tot de verwerking.<\/span><\/p>\n<p><span style=\"font-weight: 400;\">De verwerking vindt plaats in het kader van de volgende activiteit:<\/span><\/p>\n<p><span style=\"font-weight: 400;\">&#8211; Organisatie van wedstrijden en waarborging van een eerlijke stemming bij een stemwedstrijd\u00a0<\/span><\/p>\n<p><span style=\"font-weight: 400;\">Rechtsgrondslag van de verwerking: Wij zijn gerechtigd je persoonsgegevens te verwerken op basis van het afsluiten van een contract (dit Wedstrijdreglement).<\/span><\/p>\n<p><span style=\"font-weight: 400;\">Categorie\u00ebn van persoonsgegevens die door ons worden verwerkt: Identificatiegegevens, Contactgegevens, Informatie over onderlinge communicatie en interactie.<\/span><\/p>\n<p><span style=\"font-weight: 400;\">Verwerkingsperiode: We verwerken je persoonlijke gegevens \u00e9\u00e9n jaar na be\u00ebindiging van de Wedstrijd.<\/span><\/p>\n<p><span style=\"font-weight: 400;\">Categorie\u00ebn van verwerkers of ontvangers aan wie wij de persoonsgegevens mogen verstrekken: De verwerker van persoonsgegevens is MUSTARD s.r.o., maatschappelijke zetel Praha 1 &#8211; Nov\u00e9 M\u011bsto, Masarykovo n\u00e1b\u0159. 246, 110 00, Tsjechische Republiek, Identificatienummer 28531418, geregistreerd in het handelsregister dat wordt beheerd door de gemeentelijke rechtbank in Praag in afdeling C, nummer 148383.(Organisator). Uw persoonsgegevens kunnen op verzoek worden verstrekt aan overheidsinstanties, in het bijzonder aan de rechtbanken, de politie van de Tsjechische Republiek en andere wetshandhavingsinstanties, voor zover dit noodzakelijk is en binnen de grenzen van de wet.<\/span><\/p>\n<p><span style=\"font-weight: 400;\">Bronnen van persoonsgegevens: Wij ontvangen de persoonsgegevens rechtstreeks van u.<\/span><\/p>\n<p><span style=\"font-weight: 400;\">Overdracht van persoonsgegevens naar derde landen of supranationale organisaties: Als onderdeel van deze verwerking zullen je persoonsgegevens niet worden overgedragen aan derde landen of andere multinationale bedrijven.<\/span><\/p>\n<p><span style=\"font-weight: 400;\">Geautomatiseerde besluitvorming op grond van persoonsgegevens: Tijdens deze verwerking van persoonsgegevens vindt geen geautomatiseerde besluitvorming op grond van persoonsgegevens plaats.<\/span><\/p>\n<p><span style=\"font-weight: 400;\">Overige informatie: Persoonsgegevens kunnen worden bewaard in het algemeen belang en worden gebruikt voor wetenschappelijke, historische of statistische onderzoeksdoeleinden. In goed gefundeerde gevallen kunnen persoonsgegevens ook onderwerp van verwerking met als doel het oplossen van juridische kwesties zijn, waaronder het vervullen van verplichtingen jegens overheidsorganen en het monitoren en voortdurend beoordelen van juridische risico\u2019s.<\/span><\/p>\n<p><span style=\"font-weight: 400;\">Als onderdeel van de verwerking van persoonsgegevens heb je de volgende rechten: Toegang tot de verwerkte persoonsgegevens, Correctie van onjuiste of onjuiste gegevens of aanvulling van onvolledige gegevens, Verwijdering van persoonsgegevens in geval van be\u00ebindiging van het doel of ongeoorloofde verwerking, Beperking of blokkering van de verwerking van persoonsgegevens, Opslaan van persoonsgegevens in een gestructureerd en machineleesbaar formaat voor jezelf of voor een andere beheerder, Niet onderworpen zijn aan geautomatiseerde besluitvorming.<\/span><\/p>\n<p><span style=\"font-weight: 400;\">Gebruik de volgende communicatiekanalen om je rechten uit te oefenen:\u00a0<\/span><\/p>\n<p><span style=\"font-weight: 400;\">&#8211; Elektronisch op: https:\/\/www.skoda-auto.com\/data-privacy<\/span><\/p>\n<p><span style=\"font-weight: 400;\">&#8211; Per post: \u0160koda Auto a.s., Bureau voor de Bescherming van Persoonsgegevens, t\u0159. V\u00e1clava Klementa 869, Mlad\u00e1 Boleslav II, 293 01 Mlad\u00e1 Boleslav, Tsjechische Republiek (in het Engels of Tsjechisch).<\/span><\/p>\n<p><span style=\"font-weight: 400;\">In verband met de uitoefening van je rechten mag \u0160koda Auto redelijke kosten in rekening brengen met inachtneming van de administratieve kosten voor de verwerking wanneer het verzoek van een betrokkene klaarblijkelijk ongegrond of buitensporig is.<\/span><\/p>\n<p><span style=\"font-weight: 400;\">Als je vragen hebt over de bescherming van persoonsgegevens, kun je contact opnemen met de functionaris voor gegevensbescherming van \u0160koda Auto:\u00a0<\/span><\/p>\n<p><span style=\"font-weight: 400;\">&#8211; dpo@skoda-auto.cz<\/span><\/p>\n<p><span style=\"font-weight: 400;\">Als je het niet eens bent met de manier waarop wij je persoonsgegevens verwerken, kun je een klacht indienen bij de functionaris voor gegevensbescherming van \u0160koda Auto of een klacht indienen bij de toezichthoudende autoriteit om je rechten te beschermen. Bureau voor de Bescherming van Persoonsgegevens, Pplk. Sochora 27, 170 00 Praag 7, +420 234 665 111, <\/span><a href=\"https:\/\/www.uoou.cz\/en\"><span style=\"font-weight: 400;\">https:\/\/www.uoou.cz\/en<\/span><\/a><\/p>\n<h4><b>7. Andere belangrijke voorwaarden<\/b><\/h4>\n<p><span style=\"font-weight: 400;\">De Host bepaalt exclusief de exacte specificaties van de winsten. Het weergeven van winsten in promotiemateriaal is illustratief. De Host is niet aansprakelijk voor enige schade die de deelnemer lijdt als gevolg van het gebruik van de prijs.<\/span><\/p>\n<p><span style=\"font-weight: 400;\">De deelnemers hebben niet het recht om geld of andere vormen van genoegdoening te eisen ter vervanging van de prijs. De Host is hierbij niet anderszins gehouden nakoming te verschaffen aan de deelnemers aan de Wedstrijd en de deelnemers hebben geen recht op enige nakoming door de Host anders dan uitdrukkelijk hierin vermeld.<\/span><\/p>\n<p><span style=\"font-weight: 400;\">De Host is niet verantwoordelijk voor directe of indirecte schade in verband met deelname aan de wedstrijd. De deelnemer aanvaardt geen verantwoordelijkheid van de Host voor risico&#8217;s en aansprakelijkheid in verband met de prijs. De resultaten van de Wedstrijd zijn definitief, zonder dat de Deelnemer of de Winnaar beroep kan aantekenen tegen het verloop en de uitslag van de Wedstrijd.\u00a0<\/span><\/p>\n<p><span style=\"font-weight: 400;\">Een deelnemer kan van de Wedstrijd worden uitgesloten indien de Host ontdekt of redelijkerwijs vermoedt dat de deelnemer of andere personen die de deelnemer helpen fraude hebben gepleegd om prijzen te ontvangen of zich schuldig hebben gemaakt aan oneerlijk gedrag of gedrag dat niet gebaseerd is op kennis van de deelnemer in overeenstemming met de regels.<\/span><\/p>\n<p><span style=\"font-weight: 400;\">De Host is niet aansprakelijk voor het niet afleveren van berichten of winsten. De Host is niet aansprakelijk voor fouten als gevolg van technische of communicatieproblemen. De Host beslist definitief over klachten of ingediende bezwaren. De Host behoudt zich het recht voor om zonder enige verplichting tot schadevergoeding het evenement en de prijzen in te korten, uit te stellen, op te schorten of te annuleren of deze regels eenzijdig te wijzigen of aan te vullen tijdens het evenement door dergelijke wijzigingen bekend te maken op de hierboven vermelde website, waar ook de geldige en volledige tekst van de regels te vinden is.<\/span><\/p>\n<p><span style=\"font-weight: 400;\">Op deze Wedstrijd is de wetgeving van de Tsjechische Republiek van toepassing.<\/span><\/p>\n","protected":false},"excerpt":{"rendered":"<p>Deze regels regelen de voorwaarden van de &#8220;2024 TDF Wedstrijd&#8221; (hierna te noemen \u201c Wedstrijd\u201d) en vormen het enige document [&hellip;]<\/p>\n","protected":false},"author":1,"featured_media":0,"parent":3101,"menu_order":0,"comment_status":"closed","ping_status":"closed","template":"templates\/template-empty-page-headline.php","meta":{"footnotes":""},"tags":[],"class_list":["post-3103","page","type-page","status-publish","hentry"],"yoast_head":"<!-- This site is optimized with the Yoast SEO Premium plugin v25.3 (Yoast SEO v25.9) - https:\/\/yoast.com\/wordpress\/plugins\/seo\/ -->\n<title>Terms And Conditions - \u0160koda - We Love Cycling - Netherland<\/title>\n<meta name=\"robots\" content=\"index, follow, max-snippet:-1, max-image-preview:large, max-video-preview:-1\" \/>\n<link rel=\"canonical\" href=\"https:\/\/www.welovecycling.com\/nl\/tour-de-france-2024\/terms-and-conditions\/\" \/>\n<meta property=\"og:locale\" content=\"nl_NL\" \/>\n<meta property=\"og:type\" content=\"article\" \/>\n<meta property=\"og:title\" content=\"Terms And Conditions\" \/>\n<meta property=\"og:description\" content=\"Deze regels regelen de voorwaarden van de &#8220;2024 TDF Wedstrijd&#8221; (hierna te noemen \u201c Wedstrijd\u201d) en vormen het enige document [&hellip;]\" \/>\n<meta property=\"og:url\" content=\"https:\/\/www.welovecycling.com\/nl\/tour-de-france-2024\/terms-and-conditions\/\" \/>\n<meta property=\"og:site_name\" content=\"\u0160koda - We Love Cycling - Netherland\" \/>\n<meta property=\"article:modified_time\" content=\"2024-06-28T08:56:17+00:00\" \/>\n<meta name=\"twitter:card\" content=\"summary_large_image\" \/>\n<meta name=\"twitter:label1\" content=\"Est. reading time\" \/>\n\t<meta name=\"twitter:data1\" content=\"9 minutes\" \/>\n<script type=\"application\/ld+json\" class=\"yoast-schema-graph\">{\"@context\":\"https:\/\/schema.org\",\"@graph\":[{\"@type\":\"WebPage\",\"@id\":\"https:\/\/www.welovecycling.com\/nl\/tour-de-france-2024\/terms-and-conditions\/\",\"url\":\"https:\/\/www.welovecycling.com\/nl\/tour-de-france-2024\/terms-and-conditions\/\",\"name\":\"Terms And Conditions - \u0160koda - We Love Cycling - Netherland\",\"isPartOf\":{\"@id\":\"https:\/\/www.welovecycling.com\/nl\/#website\"},\"datePublished\":\"2024-06-18T12:12:07+00:00\",\"dateModified\":\"2024-06-28T08:56:17+00:00\",\"breadcrumb\":{\"@id\":\"https:\/\/www.welovecycling.com\/nl\/tour-de-france-2024\/terms-and-conditions\/#breadcrumb\"},\"inLanguage\":\"nl\",\"potentialAction\":[{\"@type\":\"ReadAction\",\"target\":[\"https:\/\/www.welovecycling.com\/nl\/tour-de-france-2024\/terms-and-conditions\/\"]}]},{\"@type\":\"BreadcrumbList\",\"@id\":\"https:\/\/www.welovecycling.com\/nl\/tour-de-france-2024\/terms-and-conditions\/#breadcrumb\",\"itemListElement\":[{\"@type\":\"ListItem\",\"position\":1,\"name\":\"Home\",\"item\":\"https:\/\/www.welovecycling.com\/nl\/\"},{\"@type\":\"ListItem\",\"position\":2,\"name\":\"Tour de France 2024\",\"item\":\"https:\/\/www.welovecycling.com\/nl\/?page_id=3101\"},{\"@type\":\"ListItem\",\"position\":3,\"name\":\"Terms And Conditions\"}]},{\"@type\":\"WebSite\",\"@id\":\"https:\/\/www.welovecycling.com\/nl\/#website\",\"url\":\"https:\/\/www.welovecycling.com\/nl\/\",\"name\":\"\u0160koda - We Love Cycling - Netherland\",\"description\":\"\u0160koda We Love Cycling - Netherland\",\"potentialAction\":[{\"@type\":\"SearchAction\",\"target\":{\"@type\":\"EntryPoint\",\"urlTemplate\":\"https:\/\/www.welovecycling.com\/nl\/?s={search_term_string}\"},\"query-input\":{\"@type\":\"PropertyValueSpecification\",\"valueRequired\":true,\"valueName\":\"search_term_string\"}}],\"inLanguage\":\"nl\"}]}<\/script>\n<!-- \/ Yoast SEO Premium plugin. -->","yoast_head_json":{"title":"Terms And Conditions - \u0160koda - We Love Cycling - Netherland","robots":{"index":"index","follow":"follow","max-snippet":"max-snippet:-1","max-image-preview":"max-image-preview:large","max-video-preview":"max-video-preview:-1"},"canonical":"https:\/\/www.welovecycling.com\/nl\/tour-de-france-2024\/terms-and-conditions\/","og_locale":"nl_NL","og_type":"article","og_title":"Terms And Conditions","og_description":"Deze regels regelen de voorwaarden van de &#8220;2024 TDF Wedstrijd&#8221; (hierna te noemen \u201c Wedstrijd\u201d) en vormen het enige document [&hellip;]","og_url":"https:\/\/www.welovecycling.com\/nl\/tour-de-france-2024\/terms-and-conditions\/","og_site_name":"\u0160koda - We Love Cycling - Netherland","article_modified_time":"2024-06-28T08:56:17+00:00","twitter_card":"summary_large_image","twitter_misc":{"Est. reading time":"9 minutes"},"schema":{"@context":"https:\/\/schema.org","@graph":[{"@type":"WebPage","@id":"https:\/\/www.welovecycling.com\/nl\/tour-de-france-2024\/terms-and-conditions\/","url":"https:\/\/www.welovecycling.com\/nl\/tour-de-france-2024\/terms-and-conditions\/","name":"Terms And Conditions - \u0160koda - We Love Cycling - Netherland","isPartOf":{"@id":"https:\/\/www.welovecycling.com\/nl\/#website"},"datePublished":"2024-06-18T12:12:07+00:00","dateModified":"2024-06-28T08:56:17+00:00","breadcrumb":{"@id":"https:\/\/www.welovecycling.com\/nl\/tour-de-france-2024\/terms-and-conditions\/#breadcrumb"},"inLanguage":"nl","potentialAction":[{"@type":"ReadAction","target":["https:\/\/www.welovecycling.com\/nl\/tour-de-france-2024\/terms-and-conditions\/"]}]},{"@type":"BreadcrumbList","@id":"https:\/\/www.welovecycling.com\/nl\/tour-de-france-2024\/terms-and-conditions\/#breadcrumb","itemListElement":[{"@type":"ListItem","position":1,"name":"Home","item":"https:\/\/www.welovecycling.com\/nl\/"},{"@type":"ListItem","position":2,"name":"Tour de France 2024","item":"https:\/\/www.welovecycling.com\/nl\/?page_id=3101"},{"@type":"ListItem","position":3,"name":"Terms And Conditions"}]},{"@type":"WebSite","@id":"https:\/\/www.welovecycling.com\/nl\/#website","url":"https:\/\/www.welovecycling.com\/nl\/","name":"\u0160koda - We Love Cycling - Netherland","description":"\u0160koda We Love Cycling - Netherland","potentialAction":[{"@type":"SearchAction","target":{"@type":"EntryPoint","urlTemplate":"https:\/\/www.welovecycling.com\/nl\/?s={search_term_string}"},"query-input":{"@type":"PropertyValueSpecification","valueRequired":true,"valueName":"search_term_string"}}],"inLanguage":"nl"}]}},"_links":{"self":[{"href":"https:\/\/www.welovecycling.com\/nl\/wp-json\/wp\/v2\/pages\/3103","targetHints":{"allow":["GET"]}}],"collection":[{"href":"https:\/\/www.welovecycling.com\/nl\/wp-json\/wp\/v2\/pages"}],"about":[{"href":"https:\/\/www.welovecycling.com\/nl\/wp-json\/wp\/v2\/types\/page"}],"author":[{"embeddable":true,"href":"https:\/\/www.welovecycling.com\/nl\/wp-json\/wp\/v2\/users\/1"}],"replies":[{"embeddable":true,"href":"https:\/\/www.welovecycling.com\/nl\/wp-json\/wp\/v2\/comments?post=3103"}],"version-history":[{"count":4,"href":"https:\/\/www.welovecycling.com\/nl\/wp-json\/wp\/v2\/pages\/3103\/revisions"}],"predecessor-version":[{"id":3124,"href":"https:\/\/www.welovecycling.com\/nl\/wp-json\/wp\/v2\/pages\/3103\/revisions\/3124"}],"up":[{"embeddable":true,"href":"https:\/\/www.welovecycling.com\/nl\/wp-json\/wp\/v2\/pages\/3101"}],"wp:attachment":[{"href":"https:\/\/www.welovecycling.com\/nl\/wp-json\/wp\/v2\/media?parent=3103"}],"wp:term":[{"taxonomy":"post_tag","embeddable":true,"href":"https:\/\/www.welovecycling.com\/nl\/wp-json\/wp\/v2\/tags?post=3103"}],"curies":[{"name":"wp","href":"https:\/\/api.w.org\/{rel}","templated":true}]}}