{"id":787,"date":"2019-04-11T10:37:39","date_gmt":"2019-04-11T10:37:39","guid":{"rendered":"https:\/\/www.welovecycling.com\/ie\/?page_id=787"},"modified":"2019-04-11T10:37:39","modified_gmt":"2019-04-11T10:37:39","slug":"information-on-personal-data-processing","status":"publish","type":"page","link":"https:\/\/www.welovecycling.com\/ie\/information-on-personal-data-processing\/","title":{"rendered":"Information on Personal Data Processing"},"content":{"rendered":"<div id=\"pl-787\"  class=\"panel-layout\" ><div id=\"pg-787-0\"  class=\"panel-grid panel-no-style\" ><div id=\"pgc-787-0-0\"  class=\"panel-grid-cell\" ><div id=\"panel-787-0-0-0\" class=\"so-panel widget widget_sow-editor panel-first-child panel-last-child\" data-index=\"0\" ><div\n\t\t\t\n\t\t\tclass=\"so-widget-sow-editor so-widget-sow-editor-base\"\n\t\t\t\n\t\t>\n<div class=\"siteorigin-widget-tinymce textwidget\">\n\t<h2>Consent to Personal Data Processing<\/h2>\n<p>I hereby give to \u0160koda AUTO a.s., t\u0159. V\u00e1clava Klementa 869, Mlad\u00e1 Boleslav II, 293 01, Mlad\u00e1 Boleslav, Identification No.: 00177041, registered in the Register of companies kept by the Municipal Court of Prague under section B file No. 332, data controller of personal data (hereinafter referred to as \u201ccompany \u0160koda AUTO\u201c),<\/p>\n<p><strong>free and voluntary consent to the processing of personal data to the following extent:<\/strong> name, last name, email address, date of birth, and as the case may be also other information that \u0160koda AUTO acquired about me and will use it in order to better target its marketing activities to my needs,<\/p>\n<p><strong>for the purpose of: <\/strong>addressing with the offer of \u0160koda brand products and services, including the provision of information about products, services, events, competitions, sending of newsletters and festive greetings.<\/p>\n<p><strong>Consent is given for five<\/strong> <strong>year(s).<\/strong><\/p>\n<p>I acknowledge that I have a right to withdraw my consent at any time electronically on the web site <a href=\"http:\/\/www.skoda-auto.com\/other\/personal-data\" target=\"_blank\" rel=\"noopener\">http:\/\/www.skoda-auto.com\/other\/personal-data<\/a> or in the written form on the address of the company \u0160koda AUTO. I have a right to withdraw the consent before the expiration of the processing period for which the consent was granted. The withdrawal of the consent shall not affect the lawfulness of personal data processing based on the consent before its withdrawal.<\/p>\n<p>More information related to personal data processing is provided in the annex listed below which is an integral part of this consent. General information related to personal data protection is also available on the web site <a href=\"http:\/\/www.skoda-auto.com\/other\/personal-data\" target=\"_blank\" rel=\"noopener\">http:\/\/www.skoda-auto.com\/other\/personal-data<\/a>.<\/p>\n<\/div>\n<\/div><\/div><\/div><\/div><div id=\"pg-787-1\"  class=\"panel-grid panel-no-style\" ><div id=\"pgc-787-1-0\"  class=\"panel-grid-cell\" ><div id=\"panel-787-1-0-0\" class=\"so-panel widget widget_sow-editor panel-first-child\" data-index=\"1\" ><div\n\t\t\t\n\t\t\tclass=\"so-widget-sow-editor so-widget-sow-editor-base\"\n\t\t\t\n\t\t>\n<div class=\"siteorigin-widget-tinymce textwidget\">\n\t<h2><img loading=\"lazy\" decoding=\"async\" class=\"size-full wp-image-164811\" style=\"display: inline-block;\" src=\"https:\/\/d2p6e6u75xmxt8.cloudfront.net\/2\/2018\/05\/notepad.jpg\" alt=\"\" width=\"44\" height=\"38\" \/> Information on Personal Data Processing<\/h2>\n<p>By this document, we as the controller of personal data \u2013 company \u0160koda AUTO a.s., t\u0159. V\u00e1clava Klementa 869, Mlad\u00e1 Boleslav II, 293 10, Mlad\u00e1 Boleslav, Identification No.: 00177041, registered in the Register of companies kept by the Municipal Court of Prague under section B file No. 332 (hereinafter referred to as \u201ccompany \u0160koda AUTO\u201c) \u2013 provide information on the personal data processing and your rights related to this processing.<\/p>\n<p>The processing of personal data includes following activities:<\/p>\n<p><strong>Performance of marketing activities<\/strong><\/p>\n<\/div>\n<\/div><\/div><div id=\"panel-787-1-0-1\" class=\"so-panel widget widget_sow-editor panel-last-child\" data-index=\"2\" ><div\n\t\t\t\n\t\t\tclass=\"so-widget-sow-editor so-widget-sow-editor-base\"\n\t\t\t\n\t\t>\n<div class=\"siteorigin-widget-tinymce textwidget\">\n\t<h3><strong>Purpose of the processing:<\/strong><\/h3>\n<p>Addressing with the offer of \u0160koda brand products and services, including the provision of information about products, services, events, competitions, sending of newsletters and festive greetings<\/p>\n<h3><strong>Description of the purpose of processing:<\/strong><\/h3>\n<p>Your personal data are used for informing you about the products and services of \u0160koda AUTO, events, competitions, subscription to news, advertisements, catalogues distribution or festive greetings. We may also use some of your personal data for the targeting of the above-mentioned communications.<\/p>\n<h3><strong>Legal basis of the processing:<\/strong><\/h3>\n<p>We are authorised to process your personal data based on the consent granted by you. If you did not give your consent to us, we will not process your personal data for this reason.<\/p>\n<h3><strong>Categories of the personal data we process:<\/strong><\/h3>\n<p>Identification data, contact data, descriptive data, business profile, technical information on the product, trading history, information on family and other persons, communication, interaction and profiles derived based on these data, network identifiers.<\/p>\n<h3><strong>Processing and archiving period:<\/strong><\/h3>\n<p>5 years after granting the personal data processing consent.<\/p>\n<h3><strong>Categories of data processors or recipients to whom we may provide the personal data:<\/strong><\/h3>\n<p>Marketing agencies, event agencies, media agencies, members of the distribution network, server operators, guest management agencies, info line.<\/p>\n<p>Upon request, your personal data can be provided to public authorities, in particular to courts, the Police of the Czech Republic and other law enforcement agencies to the necessary extent and within the boundaries of law.<\/p>\n<h3><strong>Source of the personal data:<\/strong><\/h3>\n<p>We receive the personal data directly from you.<\/p>\n<h3><strong>Transfers of personal data to third countries or supranational organisations:<\/strong><\/h3>\n<p>As part of this processing, your personal data may be transferred to recipients in third countries, i.e. the United States of America. In such case, this transfer may take place either on the basis of an adequacy decision of the European Commission, i.e. to organizations participating in the Privacy Shield programme, or on the basis of standard contractual clauses, i.e. the model contract issued by the European Commission, without any change made in its text, as foreseen by current legal regulation on personal data protection. You can find the latest information at <a href=\"http:\/\/www.skoda-auto.com\/other\/privacy-statement\" target=\"_blank\" rel=\"noopener\">http:\/\/www.skoda-auto.com\/other\/privacy-statement<\/a>.<\/p>\n<h3><strong>Automated decision-making based on the personal data:<\/strong><\/h3>\n<p>During this personal data processing, automated decision-making based on the personal data does not occur.<\/p>\n<h3><strong>Other information<\/strong><\/h3>\n<p>Personal data may be archived in the public interest and used for scientific, historical or statistical research purposes. In well-founded cases the personal data can also be the subject of the processing for the purposes of legal matters resolution, including the performance of obligations towards the public administration bodies and monitoring and ongoing evaluation of legal risks.<\/p>\n<\/div>\n<\/div><\/div><\/div><\/div><div id=\"pg-787-2\"  class=\"panel-grid panel-no-style\" ><div id=\"pgc-787-2-0\"  class=\"panel-grid-cell\" ><div id=\"panel-787-2-0-0\" class=\"so-panel widget widget_sow-editor panel-first-child panel-last-child\" data-index=\"3\" ><div\n\t\t\t\n\t\t\tclass=\"so-widget-sow-editor so-widget-sow-editor-base\"\n\t\t\t\n\t\t>\n<div class=\"siteorigin-widget-tinymce textwidget\">\n\t<p><a href=\"https:\/\/www.welovecycling.com\/wide\/docs\/rights\/\">What are your rights?<\/a><\/p>\n<\/div>\n<\/div><\/div><\/div><\/div><\/div>","protected":false},"excerpt":{"rendered":"<p>Consent to Personal Data Processing I hereby give to \u0160koda AUTO a.s., t\u0159. V\u00e1clava Klementa 869, Mlad\u00e1 Boleslav II, 293 [&hellip;]<\/p>\n","protected":false},"author":27,"featured_media":0,"parent":0,"menu_order":0,"comment_status":"closed","ping_status":"closed","template":"","meta":{"footnotes":""},"tags":[],"class_list":["post-787","page","type-page","status-publish","hentry"],"yoast_head":"<!-- This site is optimized with the Yoast SEO Premium plugin v25.3 (Yoast SEO v25.9) - https:\/\/yoast.com\/wordpress\/plugins\/seo\/ -->\n<title>Information on Personal Data Processing - \u0160koda We Love Cycling - Ireland<\/title>\n<meta name=\"robots\" content=\"index, follow, max-snippet:-1, max-image-preview:large, max-video-preview:-1\" \/>\n<link rel=\"canonical\" href=\"https:\/\/www.welovecycling.com\/ie\/information-on-personal-data-processing\/\" \/>\n<meta property=\"og:locale\" content=\"en_US\" \/>\n<meta property=\"og:type\" content=\"article\" \/>\n<meta property=\"og:title\" content=\"Information on Personal Data Processing\" \/>\n<meta property=\"og:description\" content=\"Consent to Personal Data Processing I hereby give to \u0160koda AUTO a.s., t\u0159. V\u00e1clava Klementa 869, Mlad\u00e1 Boleslav II, 293 [&hellip;]\" \/>\n<meta property=\"og:url\" content=\"https:\/\/www.welovecycling.com\/ie\/information-on-personal-data-processing\/\" \/>\n<meta property=\"og:site_name\" content=\"\u0160koda We Love Cycling - Ireland\" \/>\n<meta property=\"og:image\" content=\"https:\/\/d2p6e6u75xmxt8.cloudfront.net\/2\/2018\/05\/notepad.jpg\" \/>\n<meta name=\"twitter:card\" content=\"summary_large_image\" \/>\n<meta name=\"twitter:label1\" content=\"Est. reading time\" \/>\n\t<meta name=\"twitter:data1\" content=\"4 minutes\" \/>\n<script type=\"application\/ld+json\" class=\"yoast-schema-graph\">{\"@context\":\"https:\/\/schema.org\",\"@graph\":[{\"@type\":\"WebPage\",\"@id\":\"https:\/\/www.welovecycling.com\/ie\/information-on-personal-data-processing\/\",\"url\":\"https:\/\/www.welovecycling.com\/ie\/information-on-personal-data-processing\/\",\"name\":\"Information on Personal Data Processing - \u0160koda We Love Cycling - Ireland\",\"isPartOf\":{\"@id\":\"https:\/\/www.welovecycling.com\/ie\/#website\"},\"primaryImageOfPage\":{\"@id\":\"https:\/\/www.welovecycling.com\/ie\/information-on-personal-data-processing\/#primaryimage\"},\"image\":{\"@id\":\"https:\/\/www.welovecycling.com\/ie\/information-on-personal-data-processing\/#primaryimage\"},\"thumbnailUrl\":\"https:\/\/d2p6e6u75xmxt8.cloudfront.net\/2\/2018\/05\/notepad.jpg\",\"datePublished\":\"2019-04-11T10:37:39+00:00\",\"inLanguage\":\"en-GB\",\"potentialAction\":[{\"@type\":\"ReadAction\",\"target\":[\"https:\/\/www.welovecycling.com\/ie\/information-on-personal-data-processing\/\"]}]},{\"@type\":\"ImageObject\",\"inLanguage\":\"en-GB\",\"@id\":\"https:\/\/www.welovecycling.com\/ie\/information-on-personal-data-processing\/#primaryimage\",\"url\":\"https:\/\/d2p6e6u75xmxt8.cloudfront.net\/2\/2018\/05\/notepad.jpg\",\"contentUrl\":\"https:\/\/d2p6e6u75xmxt8.cloudfront.net\/2\/2018\/05\/notepad.jpg\"},{\"@type\":\"WebSite\",\"@id\":\"https:\/\/www.welovecycling.com\/ie\/#website\",\"url\":\"https:\/\/www.welovecycling.com\/ie\/\",\"name\":\"\u0160koda We Love Cycling - Ireland\",\"description\":\"Just another \u0160koda WeLoveCycling Sites site\",\"potentialAction\":[{\"@type\":\"SearchAction\",\"target\":{\"@type\":\"EntryPoint\",\"urlTemplate\":\"https:\/\/www.welovecycling.com\/ie\/?s={search_term_string}\"},\"query-input\":{\"@type\":\"PropertyValueSpecification\",\"valueRequired\":true,\"valueName\":\"search_term_string\"}}],\"inLanguage\":\"en-GB\"}]}<\/script>\n<!-- \/ Yoast SEO Premium plugin. -->","yoast_head_json":{"title":"Information on Personal Data Processing - \u0160koda We Love Cycling - Ireland","robots":{"index":"index","follow":"follow","max-snippet":"max-snippet:-1","max-image-preview":"max-image-preview:large","max-video-preview":"max-video-preview:-1"},"canonical":"https:\/\/www.welovecycling.com\/ie\/information-on-personal-data-processing\/","og_locale":"en_US","og_type":"article","og_title":"Information on Personal Data Processing","og_description":"Consent to Personal Data Processing I hereby give to \u0160koda AUTO a.s., t\u0159. V\u00e1clava Klementa 869, Mlad\u00e1 Boleslav II, 293 [&hellip;]","og_url":"https:\/\/www.welovecycling.com\/ie\/information-on-personal-data-processing\/","og_site_name":"\u0160koda We Love Cycling - Ireland","og_image":[{"url":"https:\/\/d2p6e6u75xmxt8.cloudfront.net\/2\/2018\/05\/notepad.jpg","type":"","width":"","height":""}],"twitter_card":"summary_large_image","twitter_misc":{"Est. reading time":"4 minutes"},"schema":{"@context":"https:\/\/schema.org","@graph":[{"@type":"WebPage","@id":"https:\/\/www.welovecycling.com\/ie\/information-on-personal-data-processing\/","url":"https:\/\/www.welovecycling.com\/ie\/information-on-personal-data-processing\/","name":"Information on Personal Data Processing - \u0160koda We Love Cycling - Ireland","isPartOf":{"@id":"https:\/\/www.welovecycling.com\/ie\/#website"},"primaryImageOfPage":{"@id":"https:\/\/www.welovecycling.com\/ie\/information-on-personal-data-processing\/#primaryimage"},"image":{"@id":"https:\/\/www.welovecycling.com\/ie\/information-on-personal-data-processing\/#primaryimage"},"thumbnailUrl":"https:\/\/d2p6e6u75xmxt8.cloudfront.net\/2\/2018\/05\/notepad.jpg","datePublished":"2019-04-11T10:37:39+00:00","inLanguage":"en-GB","potentialAction":[{"@type":"ReadAction","target":["https:\/\/www.welovecycling.com\/ie\/information-on-personal-data-processing\/"]}]},{"@type":"ImageObject","inLanguage":"en-GB","@id":"https:\/\/www.welovecycling.com\/ie\/information-on-personal-data-processing\/#primaryimage","url":"https:\/\/d2p6e6u75xmxt8.cloudfront.net\/2\/2018\/05\/notepad.jpg","contentUrl":"https:\/\/d2p6e6u75xmxt8.cloudfront.net\/2\/2018\/05\/notepad.jpg"},{"@type":"WebSite","@id":"https:\/\/www.welovecycling.com\/ie\/#website","url":"https:\/\/www.welovecycling.com\/ie\/","name":"\u0160koda We Love Cycling - Ireland","description":"Just another \u0160koda WeLoveCycling Sites site","potentialAction":[{"@type":"SearchAction","target":{"@type":"EntryPoint","urlTemplate":"https:\/\/www.welovecycling.com\/ie\/?s={search_term_string}"},"query-input":{"@type":"PropertyValueSpecification","valueRequired":true,"valueName":"search_term_string"}}],"inLanguage":"en-GB"}]}},"_links":{"self":[{"href":"https:\/\/www.welovecycling.com\/ie\/wp-json\/wp\/v2\/pages\/787","targetHints":{"allow":["GET"]}}],"collection":[{"href":"https:\/\/www.welovecycling.com\/ie\/wp-json\/wp\/v2\/pages"}],"about":[{"href":"https:\/\/www.welovecycling.com\/ie\/wp-json\/wp\/v2\/types\/page"}],"author":[{"embeddable":true,"href":"https:\/\/www.welovecycling.com\/ie\/wp-json\/wp\/v2\/users\/27"}],"replies":[{"embeddable":true,"href":"https:\/\/www.welovecycling.com\/ie\/wp-json\/wp\/v2\/comments?post=787"}],"version-history":[{"count":1,"href":"https:\/\/www.welovecycling.com\/ie\/wp-json\/wp\/v2\/pages\/787\/revisions"}],"predecessor-version":[{"id":788,"href":"https:\/\/www.welovecycling.com\/ie\/wp-json\/wp\/v2\/pages\/787\/revisions\/788"}],"wp:attachment":[{"href":"https:\/\/www.welovecycling.com\/ie\/wp-json\/wp\/v2\/media?parent=787"}],"wp:term":[{"taxonomy":"post_tag","embeddable":true,"href":"https:\/\/www.welovecycling.com\/ie\/wp-json\/wp\/v2\/tags?post=787"}],"curies":[{"name":"wp","href":"https:\/\/api.w.org\/{rel}","templated":true}]}}