{"id":143,"date":"2019-02-12T13:22:35","date_gmt":"2019-02-12T13:22:35","guid":{"rendered":"https:\/\/www.welovecycling.com\/ie\/?page_id=143"},"modified":"2019-03-20T12:07:46","modified_gmt":"2019-03-20T12:07:46","slug":"wlc-tv","status":"publish","type":"page","link":"https:\/\/www.welovecycling.com\/ie\/wlc-tv\/","title":{"rendered":"WLC TV"},"content":{"rendered":"<h2><\/h2>\n<h2><strong>\u0160koda Tour de Conamara<\/strong><\/h2>\n<lite-youtube videoid=HzGX1ruvV6w params=\"enablejsapi=1\" style=\"background-image: url('https:\/\/i.ytimg.com\/vi_webp\/HzGX1ruvV6w\/maxresdefault.webp');\"><\/lite-youtube>\n<h2><strong>\u0160koda Ring of Clare<\/strong><\/h2>\n<lite-youtube videoid=er00FY9Q_tk params=\"enablejsapi=1\" style=\"background-image: url('https:\/\/i.ytimg.com\/vi_webp\/er00FY9Q_tk\/maxresdefault.webp');\"><\/lite-youtube>\n<h2><strong>\u0160koda Tour de Boyne Valley<\/strong><\/h2>\n<lite-youtube videoid=JMviM9RFIfo params=\"enablejsapi=1\" style=\"background-image: url('https:\/\/i.ytimg.com\/vi_webp\/JMviM9RFIfo\/maxresdefault.webp');\"><\/lite-youtube>\n<h2><strong>\u0160koda Speed Dating Cycle<\/strong><\/h2>\n<lite-youtube videoid=Fpi_iC_eA8k params=\"enablejsapi=1\" style=\"background-image: url('https:\/\/i.ytimg.com\/vi_webp\/Fpi_iC_eA8k\/maxresdefault.webp');\"><\/lite-youtube>\n<p>&nbsp;<\/p>\n","protected":false},"excerpt":{"rendered":"<p>\u0160koda Tour de Conamara \u0160koda Ring of Clare \u0160koda Tour de Boyne Valley \u0160koda Speed Dating Cycle &nbsp;<\/p>\n","protected":false},"author":78,"featured_media":0,"parent":0,"menu_order":0,"comment_status":"closed","ping_status":"closed","template":"","meta":{"footnotes":""},"tags":[],"class_list":["post-143","page","type-page","status-publish","hentry"],"yoast_head":"<!-- This site is optimized with the Yoast SEO Premium plugin v25.3 (Yoast SEO v25.9) - https:\/\/yoast.com\/wordpress\/plugins\/seo\/ -->\n<title>WLC TV - \u0160koda We Love Cycling - Ireland<\/title>\n<meta name=\"robots\" content=\"index, follow, max-snippet:-1, max-image-preview:large, max-video-preview:-1\" \/>\n<link rel=\"canonical\" href=\"https:\/\/www.welovecycling.com\/ie\/wlc-tv\/\" \/>\n<meta property=\"og:locale\" content=\"en_US\" \/>\n<meta property=\"og:type\" content=\"article\" \/>\n<meta property=\"og:title\" content=\"WLC TV\" \/>\n<meta property=\"og:description\" content=\"\u0160koda Tour de Conamara \u0160koda Ring of Clare \u0160koda Tour de Boyne Valley \u0160koda Speed Dating Cycle &nbsp;\" \/>\n<meta property=\"og:url\" content=\"https:\/\/www.welovecycling.com\/ie\/wlc-tv\/\" \/>\n<meta property=\"og:site_name\" content=\"\u0160koda We Love Cycling - Ireland\" \/>\n<meta property=\"article:modified_time\" content=\"2019-03-20T12:07:46+00:00\" \/>\n<meta name=\"twitter:card\" content=\"summary_large_image\" \/>\n<script type=\"application\/ld+json\" class=\"yoast-schema-graph\">{\"@context\":\"https:\/\/schema.org\",\"@graph\":[{\"@type\":\"WebPage\",\"@id\":\"https:\/\/www.welovecycling.com\/ie\/wlc-tv\/\",\"url\":\"https:\/\/www.welovecycling.com\/ie\/wlc-tv\/\",\"name\":\"WLC TV - \u0160koda We Love Cycling - Ireland\",\"isPartOf\":{\"@id\":\"https:\/\/www.welovecycling.com\/ie\/#website\"},\"datePublished\":\"2019-02-12T13:22:35+00:00\",\"dateModified\":\"2019-03-20T12:07:46+00:00\",\"inLanguage\":\"en-GB\",\"potentialAction\":[{\"@type\":\"ReadAction\",\"target\":[\"https:\/\/www.welovecycling.com\/ie\/wlc-tv\/\"]}]},{\"@type\":\"WebSite\",\"@id\":\"https:\/\/www.welovecycling.com\/ie\/#website\",\"url\":\"https:\/\/www.welovecycling.com\/ie\/\",\"name\":\"\u0160koda We Love Cycling - Ireland\",\"description\":\"Just another \u0160koda WeLoveCycling Sites site\",\"potentialAction\":[{\"@type\":\"SearchAction\",\"target\":{\"@type\":\"EntryPoint\",\"urlTemplate\":\"https:\/\/www.welovecycling.com\/ie\/?s={search_term_string}\"},\"query-input\":{\"@type\":\"PropertyValueSpecification\",\"valueRequired\":true,\"valueName\":\"search_term_string\"}}],\"inLanguage\":\"en-GB\"}]}<\/script>\n<!-- \/ Yoast SEO Premium plugin. -->","yoast_head_json":{"title":"WLC TV - \u0160koda We Love Cycling - Ireland","robots":{"index":"index","follow":"follow","max-snippet":"max-snippet:-1","max-image-preview":"max-image-preview:large","max-video-preview":"max-video-preview:-1"},"canonical":"https:\/\/www.welovecycling.com\/ie\/wlc-tv\/","og_locale":"en_US","og_type":"article","og_title":"WLC TV","og_description":"\u0160koda Tour de Conamara \u0160koda Ring of Clare \u0160koda Tour de Boyne Valley \u0160koda Speed Dating Cycle &nbsp;","og_url":"https:\/\/www.welovecycling.com\/ie\/wlc-tv\/","og_site_name":"\u0160koda We Love Cycling - Ireland","article_modified_time":"2019-03-20T12:07:46+00:00","twitter_card":"summary_large_image","schema":{"@context":"https:\/\/schema.org","@graph":[{"@type":"WebPage","@id":"https:\/\/www.welovecycling.com\/ie\/wlc-tv\/","url":"https:\/\/www.welovecycling.com\/ie\/wlc-tv\/","name":"WLC TV - \u0160koda We Love Cycling - Ireland","isPartOf":{"@id":"https:\/\/www.welovecycling.com\/ie\/#website"},"datePublished":"2019-02-12T13:22:35+00:00","dateModified":"2019-03-20T12:07:46+00:00","inLanguage":"en-GB","potentialAction":[{"@type":"ReadAction","target":["https:\/\/www.welovecycling.com\/ie\/wlc-tv\/"]}]},{"@type":"WebSite","@id":"https:\/\/www.welovecycling.com\/ie\/#website","url":"https:\/\/www.welovecycling.com\/ie\/","name":"\u0160koda We Love Cycling - Ireland","description":"Just another \u0160koda WeLoveCycling Sites site","potentialAction":[{"@type":"SearchAction","target":{"@type":"EntryPoint","urlTemplate":"https:\/\/www.welovecycling.com\/ie\/?s={search_term_string}"},"query-input":{"@type":"PropertyValueSpecification","valueRequired":true,"valueName":"search_term_string"}}],"inLanguage":"en-GB"}]}},"_links":{"self":[{"href":"https:\/\/www.welovecycling.com\/ie\/wp-json\/wp\/v2\/pages\/143","targetHints":{"allow":["GET"]}}],"collection":[{"href":"https:\/\/www.welovecycling.com\/ie\/wp-json\/wp\/v2\/pages"}],"about":[{"href":"https:\/\/www.welovecycling.com\/ie\/wp-json\/wp\/v2\/types\/page"}],"author":[{"embeddable":true,"href":"https:\/\/www.welovecycling.com\/ie\/wp-json\/wp\/v2\/users\/78"}],"replies":[{"embeddable":true,"href":"https:\/\/www.welovecycling.com\/ie\/wp-json\/wp\/v2\/comments?post=143"}],"version-history":[{"count":2,"href":"https:\/\/www.welovecycling.com\/ie\/wp-json\/wp\/v2\/pages\/143\/revisions"}],"predecessor-version":[{"id":559,"href":"https:\/\/www.welovecycling.com\/ie\/wp-json\/wp\/v2\/pages\/143\/revisions\/559"}],"wp:attachment":[{"href":"https:\/\/www.welovecycling.com\/ie\/wp-json\/wp\/v2\/media?parent=143"}],"wp:term":[{"taxonomy":"post_tag","embeddable":true,"href":"https:\/\/www.welovecycling.com\/ie\/wp-json\/wp\/v2\/tags?post=143"}],"curies":[{"name":"wp","href":"https:\/\/api.w.org\/{rel}","templated":true}]}}