{"id":858,"date":"2018-05-24T15:11:34","date_gmt":"2018-05-24T15:11:34","guid":{"rendered":"https:\/\/www.welovecycling.com\/hu\/?page_id=858"},"modified":"2018-05-24T15:12:23","modified_gmt":"2018-05-24T15:12:23","slug":"jogai","status":"publish","type":"page","link":"https:\/\/www.welovecycling.com\/hu\/docs\/jogai\/","title":{"rendered":"Mik az \u00d6n jogai?"},"content":{"rendered":"<div id=\"pl-858\"  class=\"panel-layout\" ><div id=\"pg-858-0\"  class=\"panel-grid panel-no-style\" ><div id=\"pgc-858-0-0\"  class=\"panel-grid-cell\" ><div id=\"panel-858-0-0-0\" class=\"so-panel widget widget_sow-editor panel-first-child panel-last-child\" data-index=\"0\" ><div\n\t\t\t\n\t\t\tclass=\"so-widget-sow-editor so-widget-sow-editor-base\"\n\t\t\t\n\t\t>\n<div class=\"siteorigin-widget-tinymce textwidget\">\n\t<h2 style=\"border-top: 1px solid black; padding-top: 18px;\"><img loading=\"lazy\" decoding=\"async\" class=\"wp-image-164807 size-full\" src=\"https:\/\/d2p6e6u75xmxt8.cloudfront.net\/2\/2018\/05\/hammer.jpg\" alt=\"\" width=\"35\" height=\"34\" style=\"display:inline-block\" \/> Mik az \u00d6n jogai?<\/h2>\n<p>A szem\u00e9lyes adatok kezel\u00e9se kapcs\u00e1n az \u00d6n jogai a k\u00f6vetkez\u0151k:<\/p>\n<\/div>\n<\/div><\/div><\/div><\/div><div id=\"pg-858-1\"  class=\"panel-grid panel-no-style\" ><div id=\"pgc-858-1-0\"  class=\"panel-grid-cell\" ><div id=\"panel-858-1-0-0\" class=\"so-panel widget widget_sow-image panel-first-child\" data-index=\"1\" ><div\n\t\t\t\n\t\t\tclass=\"so-widget-sow-image so-widget-sow-image-default-c67d20f9f743-858\"\n\t\t\t\n\t\t>\n<div class=\"sow-image-container\">\n\t\t<img loading=\"lazy\" decoding=\"async\" src=\"https:\/\/d2p6e6u75xmxt8.cloudfront.net\/12\/2018\/05\/key.jpg\" width=\"37\" height=\"34\" sizes=\"auto, (max-width: 37px) 100vw, 37px\" alt=\"\" \t\tclass=\"so-widget-image\"\/>\n\t<\/div>\n\n<\/div><\/div><div id=\"panel-858-1-0-1\" class=\"so-panel widget widget_sow-editor panel-last-child\" data-index=\"2\" ><div\n\t\t\t\n\t\t\tclass=\"so-widget-sow-editor so-widget-sow-editor-base\"\n\t\t\t\n\t\t>\n<div class=\"siteorigin-widget-tinymce textwidget\">\n\t<p style=\"text-align: center; padding-top: 15px;\">Hozz\u00e1f\u00e9r\u00e9s a kezelt szem\u00e9lyes adatokhoz.<\/p>\n<\/div>\n<\/div><\/div><\/div><div id=\"pgc-858-1-1\"  class=\"panel-grid-cell\" ><div id=\"panel-858-1-1-0\" class=\"so-panel widget widget_sow-image panel-first-child\" data-index=\"3\" ><div\n\t\t\t\n\t\t\tclass=\"so-widget-sow-image so-widget-sow-image-default-c67d20f9f743-858\"\n\t\t\t\n\t\t>\n<div class=\"sow-image-container\">\n\t\t<img loading=\"lazy\" decoding=\"async\" src=\"https:\/\/d2p6e6u75xmxt8.cloudfront.net\/12\/2018\/05\/bin.jpg\" width=\"31\" height=\"34\" sizes=\"auto, (max-width: 31px) 100vw, 31px\" alt=\"\" \t\tclass=\"so-widget-image\"\/>\n\t<\/div>\n\n<\/div><\/div><div id=\"panel-858-1-1-1\" class=\"so-panel widget widget_sow-editor panel-last-child\" data-index=\"4\" ><div\n\t\t\t\n\t\t\tclass=\"so-widget-sow-editor so-widget-sow-editor-base\"\n\t\t\t\n\t\t>\n<div class=\"siteorigin-widget-tinymce textwidget\">\n\t<p style=\"text-align: center; padding-top: 15px;\">A szem\u00e9lyes adatok kezel\u00e9s\u00e9re vonatkoz\u00f3 hozz\u00e1j\u00e1rul\u00e1s visszavon\u00e1sa.<\/p>\n<\/div>\n<\/div><\/div><\/div><div id=\"pgc-858-1-2\"  class=\"panel-grid-cell\" ><div id=\"panel-858-1-2-0\" class=\"so-panel widget widget_sow-image panel-first-child\" data-index=\"5\" ><div\n\t\t\t\n\t\t\tclass=\"so-widget-sow-image so-widget-sow-image-default-c67d20f9f743-858\"\n\t\t\t\n\t\t>\n<div class=\"sow-image-container\">\n\t\t<img loading=\"lazy\" decoding=\"async\" src=\"https:\/\/d2p6e6u75xmxt8.cloudfront.net\/12\/2018\/05\/pencil.jpg\" width=\"28\" height=\"34\" sizes=\"auto, (max-width: 28px) 100vw, 28px\" alt=\"\" \t\tclass=\"so-widget-image\"\/>\n\t<\/div>\n\n<\/div><\/div><div id=\"panel-858-1-2-1\" class=\"so-panel widget widget_sow-editor panel-last-child\" data-index=\"6\" ><div\n\t\t\t\n\t\t\tclass=\"so-widget-sow-editor so-widget-sow-editor-base\"\n\t\t\t\n\t\t>\n<div class=\"siteorigin-widget-tinymce textwidget\">\n\t<p style=\"text-align: center; padding-top: 15px;\">A helytelen, pontatlan vagy hi\u00e1nyos szem\u00e9lyes adatok kijav\u00edt\u00e1sa.<\/p>\n<\/div>\n<\/div><\/div><\/div><div id=\"pgc-858-1-3\"  class=\"panel-grid-cell\" ><div id=\"panel-858-1-3-0\" class=\"so-panel widget widget_sow-image panel-first-child\" data-index=\"7\" ><div\n\t\t\t\n\t\t\tclass=\"so-widget-sow-image so-widget-sow-image-default-c67d20f9f743-858\"\n\t\t\t\n\t\t>\n<div class=\"sow-image-container\">\n\t\t<img loading=\"lazy\" decoding=\"async\" src=\"https:\/\/d2p6e6u75xmxt8.cloudfront.net\/12\/2018\/05\/directory.jpg\" width=\"50\" height=\"42\" sizes=\"auto, (max-width: 50px) 100vw, 50px\" alt=\"\" \t\tclass=\"so-widget-image\"\/>\n\t<\/div>\n\n<\/div><\/div><div id=\"panel-858-1-3-1\" class=\"so-panel widget widget_sow-editor panel-last-child\" data-index=\"8\" ><div\n\t\t\t\n\t\t\tclass=\"so-widget-sow-editor so-widget-sow-editor-base\"\n\t\t\t\n\t\t>\n<div class=\"siteorigin-widget-tinymce textwidget\">\n\t<p style=\"text-align: center; padding-top: 5px;\">A szem\u00e9lyes adatok t\u00f6rl\u00e9se, amennyiben a kezel\u00e9s c\u00e9lj\u00e1nak jogalapja megsz\u0171nik, vagy jogszer\u0171tlen adatkezel\u00e9sre ker\u00fcl sor.<\/p>\n<\/div>\n<\/div><\/div><\/div><\/div><div id=\"pg-858-2\"  class=\"panel-grid panel-no-style\" ><div id=\"pgc-858-2-0\"  class=\"panel-grid-cell\" ><div id=\"panel-858-2-0-0\" class=\"so-panel widget widget_sow-image panel-first-child\" data-index=\"9\" ><div\n\t\t\t\n\t\t\tclass=\"so-widget-sow-image so-widget-sow-image-default-c67d20f9f743-858\"\n\t\t\t\n\t\t>\n<div class=\"sow-image-container\">\n\t\t<img loading=\"lazy\" decoding=\"async\" src=\"https:\/\/d2p6e6u75xmxt8.cloudfront.net\/12\/2018\/05\/clock.jpg\" width=\"34\" height=\"34\" sizes=\"auto, (max-width: 34px) 100vw, 34px\" alt=\"\" \t\tclass=\"so-widget-image\"\/>\n\t<\/div>\n\n<\/div><\/div><div id=\"panel-858-2-0-1\" class=\"so-panel widget widget_sow-editor panel-last-child\" data-index=\"10\" ><div\n\t\t\t\n\t\t\tclass=\"so-widget-sow-editor so-widget-sow-editor-base\"\n\t\t\t\n\t\t>\n<div class=\"siteorigin-widget-tinymce textwidget\">\n\t<p style=\"text-align: center; padding-top: 15px;\">Az adatok kezel\u00e9s\u00e9nek korl\u00e1toz\u00e1sa.<\/p>\n<\/div>\n<\/div><\/div><\/div><div id=\"pgc-858-2-1\"  class=\"panel-grid-cell\" ><div id=\"panel-858-2-1-0\" class=\"so-panel widget widget_sow-image panel-first-child\" data-index=\"11\" ><div\n\t\t\t\n\t\t\tclass=\"so-widget-sow-image so-widget-sow-image-default-c67d20f9f743-858\"\n\t\t\t\n\t\t>\n<div class=\"sow-image-container\">\n\t\t<img loading=\"lazy\" decoding=\"async\" src=\"https:\/\/d2p6e6u75xmxt8.cloudfront.net\/12\/2018\/05\/paper-clip.jpg\" width=\"32\" height=\"34\" sizes=\"auto, (max-width: 32px) 100vw, 32px\" alt=\"\" \t\tclass=\"so-widget-image\"\/>\n\t<\/div>\n\n<\/div><\/div><div id=\"panel-858-2-1-1\" class=\"so-panel widget widget_sow-editor panel-last-child\" data-index=\"12\" ><div\n\t\t\t\n\t\t\tclass=\"so-widget-sow-editor so-widget-sow-editor-base\"\n\t\t\t\n\t\t>\n<div class=\"siteorigin-widget-tinymce textwidget\">\n\t<p style=\"text-align: center; padding-top: 15px;\">A szem\u00e9lyes adatok kik\u00e9r\u00e9se g\u00e9ppel olvashat\u00f3 form\u00e1tumban saj\u00e1t maga, vagy egy m\u00e1sik adatkezel\u0151 r\u00e9sz\u00e9re.<\/p>\n<\/div>\n<\/div><\/div><\/div><div id=\"pgc-858-2-2\"  class=\"panel-grid-cell\" ><div id=\"panel-858-2-2-0\" class=\"so-panel widget widget_sow-image panel-first-child\" data-index=\"13\" ><div\n\t\t\t\n\t\t\tclass=\"so-widget-sow-image so-widget-sow-image-default-c67d20f9f743-858\"\n\t\t\t\n\t\t>\n<div class=\"sow-image-container\">\n\t\t<img loading=\"lazy\" decoding=\"async\" src=\"https:\/\/d2p6e6u75xmxt8.cloudfront.net\/12\/2018\/05\/hand.jpg\" width=\"34\" height=\"34\" sizes=\"auto, (max-width: 34px) 100vw, 34px\" alt=\"\" \t\tclass=\"so-widget-image\"\/>\n\t<\/div>\n\n<\/div><\/div><div id=\"panel-858-2-2-1\" class=\"so-panel widget widget_sow-editor panel-last-child\" data-index=\"14\" ><div\n\t\t\t\n\t\t\tclass=\"so-widget-sow-editor so-widget-sow-editor-base\"\n\t\t\t\n\t\t>\n<div class=\"siteorigin-widget-tinymce textwidget\">\n\t<p style=\"text-align: center; padding-top: 15px;\">Tiltakoz\u00e1s az adatkezel\u00e9s ellen, amennyiben \u00d6n szerint a szem\u00e9lyes adatok kezel\u00e9se jogszer\u0171tlen.<\/p>\n<\/div>\n<\/div><\/div><\/div><div id=\"pgc-858-2-3\"  class=\"panel-grid-cell\" ><div id=\"panel-858-2-3-0\" class=\"so-panel widget widget_sow-image panel-first-child\" data-index=\"15\" ><div\n\t\t\t\n\t\t\tclass=\"so-widget-sow-image so-widget-sow-image-default-c67d20f9f743-858\"\n\t\t\t\n\t\t>\n<div class=\"sow-image-container\">\n\t\t<img loading=\"lazy\" decoding=\"async\" src=\"https:\/\/d2p6e6u75xmxt8.cloudfront.net\/12\/2018\/05\/eye.jpg\" width=\"43\" height=\"26\" sizes=\"auto, (max-width: 43px) 100vw, 43px\" alt=\"\" \t\tclass=\"so-widget-image\"\/>\n\t<\/div>\n\n<\/div><\/div><div id=\"panel-858-2-3-1\" class=\"so-panel widget widget_sow-editor panel-last-child\" data-index=\"16\" ><div\n\t\t\t\n\t\t\tclass=\"so-widget-sow-editor so-widget-sow-editor-base\"\n\t\t\t\n\t\t>\n<div class=\"siteorigin-widget-tinymce textwidget\">\n\t<p style=\"text-align: center; padding-top: 21px;\">Az automatiz\u00e1lt d\u00f6nt\u00e9shozatalb\u00f3l val\u00f3 kimarad\u00e1s.<\/p>\n<\/div>\n<\/div><\/div><\/div><\/div><div id=\"pg-858-3\"  class=\"panel-grid panel-no-style\" ><div id=\"pgc-858-3-0\"  class=\"panel-grid-cell\" ><div id=\"panel-858-3-0-0\" class=\"so-panel widget widget_sow-editor panel-first-child panel-last-child\" data-index=\"17\" ><div\n\t\t\t\n\t\t\tclass=\"so-widget-sow-editor so-widget-sow-editor-base\"\n\t\t\t\n\t\t>\n<div class=\"siteorigin-widget-tinymce textwidget\">\n\t<h2 style=\"border-top: 1px solid black; padding-top: 18px;\"><img loading=\"lazy\" decoding=\"async\" class=\"size-full wp-image-164818\" style=\"display: inline-block;\" src=\"https:\/\/d2p6e6u75xmxt8.cloudfront.net\/2\/2018\/05\/silhouette.jpg\" alt=\"\" width=\"32\" height=\"34\" \/> Hogyan gyakorolhatja jogait?<\/h2>\n<p>A szem\u00e9lyes adatok v\u00e9delm\u00e9vel \u00e9s kezel\u00e9s\u00e9vel kapcsolatos megkeres\u00e9seit az al\u00e1bbi el\u00e9rhet\u0151s\u00e9geken juttathatja el hozz\u00e1nk:<\/p>\n<\/div>\n<\/div><\/div><\/div><\/div><div id=\"pg-858-4\"  class=\"panel-grid panel-no-style\" ><div id=\"pgc-858-4-0\"  class=\"panel-grid-cell\" ><div id=\"panel-858-4-0-0\" class=\"so-panel widget widget_sow-image panel-first-child\" data-index=\"18\" ><div\n\t\t\t\n\t\t\tclass=\"so-widget-sow-image so-widget-sow-image-default-4e6925654b7a-858\"\n\t\t\t\n\t\t>\n<div class=\"sow-image-container\">\n\t\t<img loading=\"lazy\" decoding=\"async\" src=\"https:\/\/d2p6e6u75xmxt8.cloudfront.net\/12\/2018\/05\/pc.jpg\" width=\"36\" height=\"34\" sizes=\"auto, (max-width: 36px) 100vw, 36px\" alt=\"\" \t\tclass=\"so-widget-image\"\/>\n\t<\/div>\n\n<\/div><\/div><div id=\"panel-858-4-0-1\" class=\"so-panel widget widget_sow-editor panel-last-child\" data-index=\"19\" ><div\n\t\t\t\n\t\t\tclass=\"so-widget-sow-editor so-widget-sow-editor-base\"\n\t\t\t\n\t\t>\n<div class=\"siteorigin-widget-tinymce textwidget\">\n\t<p style=\"padding-top: 10px;\"><strong>Web: <\/strong><\/p>\n<p><a href=\"http:\/\/www.skoda-auto.com\/other\/privacy-statement\" target=\"_blank\">http:\/\/www.skoda-auto.com\/other\/privacy-statement<\/a><\/p>\n<\/div>\n<\/div><\/div><\/div><div id=\"pgc-858-4-1\"  class=\"panel-grid-cell\" ><div id=\"panel-858-4-1-0\" class=\"so-panel widget widget_sow-image panel-first-child\" data-index=\"20\" ><div\n\t\t\t\n\t\t\tclass=\"so-widget-sow-image so-widget-sow-image-default-4e6925654b7a-858\"\n\t\t\t\n\t\t>\n<div class=\"sow-image-container\">\n\t\t<img loading=\"lazy\" decoding=\"async\" src=\"https:\/\/d2p6e6u75xmxt8.cloudfront.net\/12\/2018\/05\/email-e1527174428581.png\" width=\"38\" height=\"28\" sizes=\"auto, (max-width: 38px) 100vw, 38px\" title=\"email\" alt=\"\" \t\tclass=\"so-widget-image\"\/>\n\t<\/div>\n\n<\/div><\/div><div id=\"panel-858-4-1-1\" class=\"so-panel widget widget_sow-editor panel-last-child\" data-index=\"21\" ><div\n\t\t\t\n\t\t\tclass=\"so-widget-sow-editor so-widget-sow-editor-base\"\n\t\t\t\n\t\t>\n<div class=\"siteorigin-widget-tinymce textwidget\">\n\t<p style=\"padding-top: 10px;\"><strong>E-mail: <\/strong><\/p>\n<p><a href=\"mailto:dpo@skoda-auto.cz\">dpo@skoda-auto.cz<\/a><\/p>\n<\/div>\n<\/div><\/div><\/div><div id=\"pgc-858-4-2\"  class=\"panel-grid-cell\" ><div id=\"panel-858-4-2-0\" class=\"so-panel widget widget_sow-image panel-first-child\" data-index=\"22\" ><div\n\t\t\t\n\t\t\tclass=\"so-widget-sow-image so-widget-sow-image-default-4e6925654b7a-858\"\n\t\t\t\n\t\t>\n<div class=\"sow-image-container\">\n\t\t<img loading=\"lazy\" decoding=\"async\" src=\"https:\/\/d2p6e6u75xmxt8.cloudfront.net\/12\/2018\/05\/envelope.jpg\" width=\"38\" height=\"26\" sizes=\"auto, (max-width: 38px) 100vw, 38px\" alt=\"\" \t\tclass=\"so-widget-image\"\/>\n\t<\/div>\n\n<\/div><\/div><div id=\"panel-858-4-2-1\" class=\"so-panel widget widget_sow-editor panel-last-child\" data-index=\"23\" ><div\n\t\t\t\n\t\t\tclass=\"so-widget-sow-editor so-widget-sow-editor-base\"\n\t\t\t\n\t\t>\n<div class=\"siteorigin-widget-tinymce textwidget\">\n\t<p style=\"padding-top: 10px;\"><strong>Postai lev\u00e9l:<\/strong><\/p>\n<p>\u0160koda AUTO a.s.<br \/>\nt\u0159. V\u00e1clava Klementa 869,<br \/>\nMlad\u00e1 Boleslav II,<br \/>\n293 01 Mlad\u00e1 Boleslav<br \/>\nCzech Republic<\/p>\n<\/div>\n<\/div><\/div><\/div><\/div><div id=\"pg-858-5\"  class=\"panel-grid panel-no-style\" ><div id=\"pgc-858-5-0\"  class=\"panel-grid-cell\" ><div id=\"panel-858-5-0-0\" class=\"so-panel widget widget_sow-editor panel-first-child panel-last-child\" data-index=\"24\" ><div\n\t\t\t\n\t\t\tclass=\"so-widget-sow-editor so-widget-sow-editor-base\"\n\t\t\t\n\t\t>\n<div class=\"siteorigin-widget-tinymce textwidget\">\n\t<p>Az \u00d6n jogai gyakorl\u00e1s\u00e1val kapcsolatban a \u0160koda AUTO t\u00e1rsas\u00e1g jogosult indokolt m\u00e9rt\u00e9kben d\u00edjat felsz\u00e1m\u00edtani, figyelembe v\u00e9ve a k\u00e9r\u00e9s feldolgoz\u00e1s\u00e1val kapcsolatos adminisztr\u00e1ci\u00f3s k\u00f6lts\u00e9geket, amennyiben egy adott \u00e9rintett\u0151l \u00e9rkez\u0151 megkeres\u00e9sek nyilv\u00e1nval\u00f3an megalapozatlanok vagy t\u00falzott m\u00e9rt\u00e9k\u0171ek.<\/p>\n<\/div>\n<\/div><\/div><\/div><\/div><div id=\"pg-858-6\"  class=\"panel-grid panel-no-style\" ><div id=\"pgc-858-6-0\"  class=\"panel-grid-cell\" ><div id=\"panel-858-6-0-0\" class=\"so-panel widget widget_sow-editor panel-first-child panel-last-child\" data-index=\"25\" ><div\n\t\t\t\n\t\t\tclass=\"so-widget-sow-editor so-widget-sow-editor-base\"\n\t\t\t\n\t\t>\n<div class=\"siteorigin-widget-tinymce textwidget\">\n\t<h2><img loading=\"lazy\" decoding=\"async\" class=\"size-full wp-image-164810\" src=\"https:\/\/d2p6e6u75xmxt8.cloudfront.net\/2\/2018\/05\/looking-glass.jpg\" alt=\"\" width=\"37\" height=\"34\" style=\"display:inline-block\" \/>\u00a0Adatv\u00e9delmi tisztvisel\u0151<\/h2>\n<p>A szem\u00e9lyes adat v\u00e9delm\u00e9vel kapcsolatos k\u00e9rd\u00e9seivel k\u00f6zvetlen\u00fcl fordulhat a \u0160koda AUTO t\u00e1rsas\u00e1g adatv\u00e9delmi tisztvisel\u0151j\u00e9hez.<\/p>\n<\/div>\n<\/div><\/div><\/div><div id=\"pgc-858-6-1\"  class=\"panel-grid-cell\" ><div id=\"panel-858-6-1-0\" class=\"so-panel widget widget_sow-editor panel-first-child panel-last-child\" data-index=\"26\" ><div\n\t\t\t\n\t\t\tclass=\"so-widget-sow-editor so-widget-sow-editor-base\"\n\t\t\t\n\t\t>\n<div class=\"siteorigin-widget-tinymce textwidget\">\n\t<p><img loading=\"lazy\" decoding=\"async\" class=\"size-full wp-image-164814\" style=\"display: inline-block;\" src=\"https:\/\/d2p6e6u75xmxt8.cloudfront.net\/2\/2018\/05\/pc-mini.jpg\" alt=\"\" width=\"18\" height=\"17\" \/>\u00a0\u00a0 <a href=\"http:\/\/www.skoda-auto.com\/data-privacy\/\" target=\"_blank\" rel=\"noopener\">http:\/\/www.skoda-auto.com\/data-privacy\/<\/a><\/p>\n<p><img loading=\"lazy\" decoding=\"async\" class=\"size-full wp-image-164799\" style=\"display: inline-block;\" src=\"https:\/\/d2p6e6u75xmxt8.cloudfront.net\/2\/2018\/05\/at-symbol-mini.jpg\" alt=\"\" width=\"20\" height=\"15\" \/>\u00a0\u00a0 <a href=\"mailto:dpo@skoda-auto.cz\">dpo@skoda-auto.cz<\/a><\/p>\n<\/div>\n<\/div><\/div><\/div><\/div><div id=\"pg-858-7\"  class=\"panel-grid panel-no-style\" ><div id=\"pgc-858-7-0\"  class=\"panel-grid-cell\" ><div id=\"panel-858-7-0-0\" class=\"so-panel widget widget_sow-editor panel-first-child panel-last-child\" data-index=\"27\" ><div\n\t\t\t\n\t\t\tclass=\"so-widget-sow-editor so-widget-sow-editor-base\"\n\t\t\t\n\t\t>\n<div class=\"siteorigin-widget-tinymce textwidget\">\n\t<h2><img loading=\"lazy\" decoding=\"async\" class=\"size-full wp-image-164801\" src=\"https:\/\/d2p6e6u75xmxt8.cloudfront.net\/2\/2018\/05\/bubble.jpg\" alt=\"\" width=\"38\" height=\"34\" style=\"display:inline-block\" \/>\u00a0Panasz beny\u00fajt\u00e1sa<\/h2>\n<p>Amennyiben nem \u00e9rt egyet azzal, ahogy a \u0160koda AUTO kezeli vagy feldolgozza szem\u00e9lyes adatait, a \u0160koda AUTO t\u00e1rsas\u00e1g adatv\u00e9delmi tisztvisel\u0151j\u00e9hez, vagy pedig a valamely fel\u00fcgyeleti hat\u00f3s\u00e1ghoz ny\u00fajthat be panaszt.<\/p>\n<\/div>\n<\/div><\/div><\/div><div id=\"pgc-858-7-1\"  class=\"panel-grid-cell\" ><div id=\"panel-858-7-1-0\" class=\"so-panel widget widget_sow-editor panel-first-child panel-last-child\" data-index=\"28\" ><div\n\t\t\t\n\t\t\tclass=\"so-widget-sow-editor so-widget-sow-editor-base\"\n\t\t\t\n\t\t>\n<div class=\"siteorigin-widget-tinymce textwidget\">\n\t<p><img loading=\"lazy\" decoding=\"async\" class=\"size-full wp-image-164805\" style=\"display: inline-block;\" src=\"https:\/\/d2p6e6u75xmxt8.cloudfront.net\/2\/2018\/05\/envelope-mini.jpg\" alt=\"\" width=\"16\" height=\"11\" \/>\u00a0\u00a0 <strong>\u00da\u0159ad pro ochranu osobn\u00edch \u00fadaj\u016f<\/strong><br \/>\nPplk. Sochora 27<\/p>\n<p>170 00 Praha 7<\/p>\n<p>Czech Republic<\/p>\n<p><img loading=\"lazy\" decoding=\"async\" class=\"size-full wp-image-164817\" style=\"display: inline-block;\" src=\"https:\/\/d2p6e6u75xmxt8.cloudfront.net\/2\/2018\/05\/phone-mini.jpg\" alt=\"\" width=\"17\" height=\"19\" \/>\u00a0\u00a0 +420 234 665\u00a0111<\/p>\n<p><img loading=\"lazy\" decoding=\"async\" class=\"size-full wp-image-164814\" style=\"display: inline-block;\" src=\"https:\/\/d2p6e6u75xmxt8.cloudfront.net\/2\/2018\/05\/pc-mini.jpg\" alt=\"\" width=\"18\" height=\"17\" \/>\u00a0\u00a0 <a href=\"http:\/\/www.uoou.cz\/en\/\" target=\"_blank\" rel=\"noopener\"><u>http:\/\/www.uoou.cz\/en\/<\/u><\/a><\/p>\n<\/div>\n<\/div><\/div><\/div><\/div><\/div>","protected":false},"excerpt":{"rendered":"<p>Mik az \u00d6n jogai? A szem\u00e9lyes adatok kezel\u00e9se kapcs\u00e1n az \u00d6n jogai a k\u00f6vetkez\u0151k: Hozz\u00e1f\u00e9r\u00e9s a kezelt szem\u00e9lyes adatokhoz. A [&hellip;]<\/p>\n","protected":false},"author":1,"featured_media":0,"parent":825,"menu_order":0,"comment_status":"closed","ping_status":"closed","template":"templates\/template-empty-page-headline.php","meta":{"footnotes":""},"tags":[],"class_list":["post-858","page","type-page","status-publish","hentry"],"yoast_head":"<!-- This site is optimized with the Yoast SEO Premium plugin v25.3 (Yoast SEO v25.9) - https:\/\/yoast.com\/wordpress\/plugins\/seo\/ -->\n<title>Mik az \u00d6n jogai? - \u0160koda We Love Cycling - Magyarorsz\u00e1g<\/title>\n<meta name=\"robots\" content=\"index, follow, max-snippet:-1, max-image-preview:large, max-video-preview:-1\" \/>\n<link rel=\"canonical\" href=\"https:\/\/www.welovecycling.com\/hu\/docs\/jogai\/\" \/>\n<meta property=\"og:locale\" content=\"hu_HU\" \/>\n<meta property=\"og:type\" content=\"article\" \/>\n<meta property=\"og:title\" content=\"Mik az \u00d6n jogai?\" \/>\n<meta property=\"og:description\" content=\"Mik az \u00d6n jogai? A szem\u00e9lyes adatok kezel\u00e9se kapcs\u00e1n az \u00d6n jogai a k\u00f6vetkez\u0151k: Hozz\u00e1f\u00e9r\u00e9s a kezelt szem\u00e9lyes adatokhoz. A [&hellip;]\" \/>\n<meta property=\"og:url\" content=\"https:\/\/www.welovecycling.com\/hu\/docs\/jogai\/\" \/>\n<meta property=\"og:site_name\" content=\"\u0160koda We Love Cycling - Magyarorsz\u00e1g\" \/>\n<meta property=\"article:publisher\" content=\"https:\/\/www.facebook.com\/WeLoveCyclingHungary\/\" \/>\n<meta property=\"article:modified_time\" content=\"2018-05-24T15:12:23+00:00\" \/>\n<meta property=\"og:image\" content=\"https:\/\/d2p6e6u75xmxt8.cloudfront.net\/2\/2018\/05\/hammer.jpg\" \/>\n<meta name=\"twitter:card\" content=\"summary_large_image\" \/>\n<meta name=\"twitter:label1\" content=\"Est. reading time\" \/>\n\t<meta name=\"twitter:data1\" content=\"2 minutes\" \/>\n<script type=\"application\/ld+json\" class=\"yoast-schema-graph\">{\"@context\":\"https:\/\/schema.org\",\"@graph\":[{\"@type\":\"WebPage\",\"@id\":\"https:\/\/www.welovecycling.com\/hu\/docs\/jogai\/\",\"url\":\"https:\/\/www.welovecycling.com\/hu\/docs\/jogai\/\",\"name\":\"Mik az \u00d6n jogai? - \u0160koda We Love Cycling - Magyarorsz\u00e1g\",\"isPartOf\":{\"@id\":\"https:\/\/www.welovecycling.com\/hu\/#website\"},\"primaryImageOfPage\":{\"@id\":\"https:\/\/www.welovecycling.com\/hu\/docs\/jogai\/#primaryimage\"},\"image\":{\"@id\":\"https:\/\/www.welovecycling.com\/hu\/docs\/jogai\/#primaryimage\"},\"thumbnailUrl\":\"https:\/\/d2p6e6u75xmxt8.cloudfront.net\/2\/2018\/05\/hammer.jpg\",\"datePublished\":\"2018-05-24T15:11:34+00:00\",\"dateModified\":\"2018-05-24T15:12:23+00:00\",\"breadcrumb\":{\"@id\":\"https:\/\/www.welovecycling.com\/hu\/docs\/jogai\/#breadcrumb\"},\"inLanguage\":\"hu\",\"potentialAction\":[{\"@type\":\"ReadAction\",\"target\":[\"https:\/\/www.welovecycling.com\/hu\/docs\/jogai\/\"]}]},{\"@type\":\"ImageObject\",\"inLanguage\":\"hu\",\"@id\":\"https:\/\/www.welovecycling.com\/hu\/docs\/jogai\/#primaryimage\",\"url\":\"https:\/\/d2p6e6u75xmxt8.cloudfront.net\/2\/2018\/05\/hammer.jpg\",\"contentUrl\":\"https:\/\/d2p6e6u75xmxt8.cloudfront.net\/2\/2018\/05\/hammer.jpg\"},{\"@type\":\"BreadcrumbList\",\"@id\":\"https:\/\/www.welovecycling.com\/hu\/docs\/jogai\/#breadcrumb\",\"itemListElement\":[{\"@type\":\"ListItem\",\"position\":1,\"name\":\"Home\",\"item\":\"https:\/\/www.welovecycling.com\/hu\/\"},{\"@type\":\"ListItem\",\"position\":2,\"name\":\"Documents\",\"item\":\"https:\/\/www.welovecycling.com\/hu\/docs\/\"},{\"@type\":\"ListItem\",\"position\":3,\"name\":\"Mik az \u00d6n jogai?\"}]},{\"@type\":\"WebSite\",\"@id\":\"https:\/\/www.welovecycling.com\/hu\/#website\",\"url\":\"https:\/\/www.welovecycling.com\/hu\/\",\"name\":\"\u0160koda We Love Cycling - Magyarorsz\u00e1g\",\"description\":\"\u0160koda WeLoveCycling\",\"potentialAction\":[{\"@type\":\"SearchAction\",\"target\":{\"@type\":\"EntryPoint\",\"urlTemplate\":\"https:\/\/www.welovecycling.com\/hu\/?s={search_term_string}\"},\"query-input\":{\"@type\":\"PropertyValueSpecification\",\"valueRequired\":true,\"valueName\":\"search_term_string\"}}],\"inLanguage\":\"hu\"}]}<\/script>\n<!-- \/ Yoast SEO Premium plugin. -->","yoast_head_json":{"title":"Mik az \u00d6n jogai? - \u0160koda We Love Cycling - Magyarorsz\u00e1g","robots":{"index":"index","follow":"follow","max-snippet":"max-snippet:-1","max-image-preview":"max-image-preview:large","max-video-preview":"max-video-preview:-1"},"canonical":"https:\/\/www.welovecycling.com\/hu\/docs\/jogai\/","og_locale":"hu_HU","og_type":"article","og_title":"Mik az \u00d6n jogai?","og_description":"Mik az \u00d6n jogai? A szem\u00e9lyes adatok kezel\u00e9se kapcs\u00e1n az \u00d6n jogai a k\u00f6vetkez\u0151k: Hozz\u00e1f\u00e9r\u00e9s a kezelt szem\u00e9lyes adatokhoz. A [&hellip;]","og_url":"https:\/\/www.welovecycling.com\/hu\/docs\/jogai\/","og_site_name":"\u0160koda We Love Cycling - Magyarorsz\u00e1g","article_publisher":"https:\/\/www.facebook.com\/WeLoveCyclingHungary\/","article_modified_time":"2018-05-24T15:12:23+00:00","og_image":[{"url":"https:\/\/d2p6e6u75xmxt8.cloudfront.net\/2\/2018\/05\/hammer.jpg","type":"","width":"","height":""}],"twitter_card":"summary_large_image","twitter_misc":{"Est. reading time":"2 minutes"},"schema":{"@context":"https:\/\/schema.org","@graph":[{"@type":"WebPage","@id":"https:\/\/www.welovecycling.com\/hu\/docs\/jogai\/","url":"https:\/\/www.welovecycling.com\/hu\/docs\/jogai\/","name":"Mik az \u00d6n jogai? - \u0160koda We Love Cycling - Magyarorsz\u00e1g","isPartOf":{"@id":"https:\/\/www.welovecycling.com\/hu\/#website"},"primaryImageOfPage":{"@id":"https:\/\/www.welovecycling.com\/hu\/docs\/jogai\/#primaryimage"},"image":{"@id":"https:\/\/www.welovecycling.com\/hu\/docs\/jogai\/#primaryimage"},"thumbnailUrl":"https:\/\/d2p6e6u75xmxt8.cloudfront.net\/2\/2018\/05\/hammer.jpg","datePublished":"2018-05-24T15:11:34+00:00","dateModified":"2018-05-24T15:12:23+00:00","breadcrumb":{"@id":"https:\/\/www.welovecycling.com\/hu\/docs\/jogai\/#breadcrumb"},"inLanguage":"hu","potentialAction":[{"@type":"ReadAction","target":["https:\/\/www.welovecycling.com\/hu\/docs\/jogai\/"]}]},{"@type":"ImageObject","inLanguage":"hu","@id":"https:\/\/www.welovecycling.com\/hu\/docs\/jogai\/#primaryimage","url":"https:\/\/d2p6e6u75xmxt8.cloudfront.net\/2\/2018\/05\/hammer.jpg","contentUrl":"https:\/\/d2p6e6u75xmxt8.cloudfront.net\/2\/2018\/05\/hammer.jpg"},{"@type":"BreadcrumbList","@id":"https:\/\/www.welovecycling.com\/hu\/docs\/jogai\/#breadcrumb","itemListElement":[{"@type":"ListItem","position":1,"name":"Home","item":"https:\/\/www.welovecycling.com\/hu\/"},{"@type":"ListItem","position":2,"name":"Documents","item":"https:\/\/www.welovecycling.com\/hu\/docs\/"},{"@type":"ListItem","position":3,"name":"Mik az \u00d6n jogai?"}]},{"@type":"WebSite","@id":"https:\/\/www.welovecycling.com\/hu\/#website","url":"https:\/\/www.welovecycling.com\/hu\/","name":"\u0160koda We Love Cycling - Magyarorsz\u00e1g","description":"\u0160koda WeLoveCycling","potentialAction":[{"@type":"SearchAction","target":{"@type":"EntryPoint","urlTemplate":"https:\/\/www.welovecycling.com\/hu\/?s={search_term_string}"},"query-input":{"@type":"PropertyValueSpecification","valueRequired":true,"valueName":"search_term_string"}}],"inLanguage":"hu"}]}},"_links":{"self":[{"href":"https:\/\/www.welovecycling.com\/hu\/wp-json\/wp\/v2\/pages\/858","targetHints":{"allow":["GET"]}}],"collection":[{"href":"https:\/\/www.welovecycling.com\/hu\/wp-json\/wp\/v2\/pages"}],"about":[{"href":"https:\/\/www.welovecycling.com\/hu\/wp-json\/wp\/v2\/types\/page"}],"author":[{"embeddable":true,"href":"https:\/\/www.welovecycling.com\/hu\/wp-json\/wp\/v2\/users\/1"}],"replies":[{"embeddable":true,"href":"https:\/\/www.welovecycling.com\/hu\/wp-json\/wp\/v2\/comments?post=858"}],"version-history":[{"count":2,"href":"https:\/\/www.welovecycling.com\/hu\/wp-json\/wp\/v2\/pages\/858\/revisions"}],"predecessor-version":[{"id":884,"href":"https:\/\/www.welovecycling.com\/hu\/wp-json\/wp\/v2\/pages\/858\/revisions\/884"}],"up":[{"embeddable":true,"href":"https:\/\/www.welovecycling.com\/hu\/wp-json\/wp\/v2\/pages\/825"}],"wp:attachment":[{"href":"https:\/\/www.welovecycling.com\/hu\/wp-json\/wp\/v2\/media?parent=858"}],"wp:term":[{"taxonomy":"post_tag","embeddable":true,"href":"https:\/\/www.welovecycling.com\/hu\/wp-json\/wp\/v2\/tags?post=858"}],"curies":[{"name":"wp","href":"https:\/\/api.w.org\/{rel}","templated":true}]}}