{"id":829,"date":"2018-05-24T06:38:24","date_gmt":"2018-05-24T06:38:24","guid":{"rendered":"https:\/\/www.welovecycling.com\/hu\/?page_id=829"},"modified":"2018-05-24T15:48:30","modified_gmt":"2018-05-24T15:48:30","slug":"memorandum","status":"publish","type":"page","link":"https:\/\/www.welovecycling.com\/hu\/docs\/memorandum\/","title":{"rendered":"Inform\u00e1ci\u00f3k a szem\u00e9lyes adatok kezel\u00e9s\u00e9r\u0151l"},"content":{"rendered":"<div id=\"pl-829\"  class=\"panel-layout\" ><div id=\"pg-829-0\"  class=\"panel-grid panel-no-style\" ><div id=\"pgc-829-0-0\"  class=\"panel-grid-cell\" ><div id=\"panel-829-0-0-0\" class=\"so-panel widget widget_sow-editor panel-first-child panel-last-child\" data-index=\"0\" ><div\n\t\t\t\n\t\t\tclass=\"so-widget-sow-editor so-widget-sow-editor-base\"\n\t\t\t\n\t\t>\n<div class=\"siteorigin-widget-tinymce textwidget\">\n\t<h2>Adatkezel\u00e9si hozz\u00e1j\u00e1rul\u00e1s<\/h2>\n<p>Ezennel, <strong>szabad akaratomb\u00f3l \u00e9s \u00f6nk\u00e9ntesen hozz\u00e1j\u00e1rulok ahhoz<\/strong>, hogy a \u0160koda AUTO a.s., t\u0159. V\u00e1clava Klementa 869, Mlad\u00e1 Boleslav II, 293 01, Mlad\u00e1 Boleslav, c\u00e9gazonos\u00edt\u00f3: 00177041, bejegyezve a Pr\u00e1gai V\u00e1rosi B\u00edr\u00f3s\u00e1g mint c\u00e9gb\u00edr\u00f3s\u00e1g nyilv\u00e1ntart\u00e1s\u00e1ban B. szekci\u00f3\/332. sz\u00e1mon, mint a szem\u00e9lyes adatok kezel\u0151je (a tov\u00e1bbiakban: \u201e\u0160koda AUTO t\u00e1rsas\u00e1g<\/p>\n<p><strong>a k\u00f6vetkez\u0151 szem\u00e9lyes adataimat kezelje:<\/strong> n\u00e9v, csal\u00e1di n\u00e9v, e-mail-c\u00edm, sz\u00fclet\u00e9si id\u0151, valamint esetlegesen tov\u00e1bbi inform\u00e1ci\u00f3kat, amelyeket a \u0160koda AUTO velem kapcsolatban r\u00f6gz\u00edtett, \u00e9s annak \u00e9rdek\u00e9ben haszn\u00e1l fel, hogy marketing tev\u00e9kenys\u00e9geit jobban az ig\u00e9nyeimnek megfelel\u0151en alak\u00edtsa ki,<\/p>\n<p><strong>a k\u00f6vetkez\u0151 c\u00e9lb\u00f3l:<\/strong> hogy a \u0160koda m\u00e1rka term\u00e9keivel \u00e9s szolg\u00e1ltat\u00e1saival kapcsolatos aj\u00e1nlatokkal megkeressenek, bele\u00e9rtve inform\u00e1ci\u00f3k ny\u00fajt\u00e1s\u00e1t term\u00e9kekr\u0151l, szolg\u00e1ltat\u00e1sokr\u00f3l, esem\u00e9nyekr\u0151l, nyerem\u00e9nyj\u00e1t\u00e9kokr\u00f3l, tov\u00e1bb\u00e1 h\u00edrlevelek \u00e9s \u00fcnnepi \u00fcdv\u00f6zletek k\u00fcld\u00e9s\u00e9t is.<\/p>\n<p><strong>A hozz\u00e1j\u00e1rul\u00e1somat \u00f6t \u00e9v id\u0151tartamra adom meg.<\/strong><\/p>\n<p>Tudom\u00e1sul veszem, hogy hozz\u00e1j\u00e1rul\u00e1somat b\u00e1rmikor jogosult vagyok visszavonni elektronikus \u00faton a <a href=\"http:\/\/www.skoda-auto.com\/other\/personal-data\" target=\"_blank\" rel=\"noopener\">http:\/\/www.skoda-auto.com\/other\/personal-data<\/a> weboldalon, vagy \u00edr\u00e1sban, a \u0160koda AUTO t\u00e1rsas\u00e1g postac\u00edm\u00e9n. Jogosult vagyok a hozz\u00e1j\u00e1rul\u00e1st a hozz\u00e1j\u00e1rul\u00e1sra vonatkoz\u00f3 adatkezel\u00e9si id\u0151szak lej\u00e1rta el\u0151tt is visszavonni. A hozz\u00e1j\u00e1rul\u00e1s visszavon\u00e1sa nem \u00e9rint\u0151 a hozz\u00e1j\u00e1rul\u00e1st megel\u0151z\u0151en v\u00e9gzett, azon alapul\u00f3 szem\u00e9lyesadat-kezel\u00e9s jogszer\u0171s\u00e9g\u00e9t.<\/p>\n<p>A szem\u00e9lyes adatok kezel\u00e9s\u00e9vel kapcsolatban tov\u00e1bbi inform\u00e1ci\u00f3kat tartalmaz az al\u00e1bbi mell\u00e9klet, amely jelen hozz\u00e1j\u00e1rul\u00e1s elv\u00e1laszthatatlan r\u00e9sz\u00e9t k\u00e9pezi. A szem\u00e9lyes adatok v\u00e9delm\u00e9vel kapcsolatos \u00e1ltal\u00e1nos inform\u00e1ci\u00f3k olvashat\u00f3ak a <a href=\"http:\/\/www.skoda-auto.com\/other\/personal-data\" target=\"_blank\" rel=\"noopener\">http:\/\/www.skoda-auto.com\/other\/personal-data<\/a> weboldalon is.<\/p>\n<\/div>\n<\/div><\/div><\/div><\/div><div id=\"pg-829-1\"  class=\"panel-grid panel-no-style\" ><div id=\"pgc-829-1-0\"  class=\"panel-grid-cell\" ><div id=\"panel-829-1-0-0\" class=\"so-panel widget widget_sow-editor panel-first-child\" data-index=\"1\" ><div\n\t\t\t\n\t\t\tclass=\"so-widget-sow-editor so-widget-sow-editor-base\"\n\t\t\t\n\t\t>\n<div class=\"siteorigin-widget-tinymce textwidget\">\n\t<h2><img loading=\"lazy\" decoding=\"async\" class=\"size-full wp-image-164811\" style=\"display: inline-block;\" src=\"https:\/\/d2p6e6u75xmxt8.cloudfront.net\/2\/2018\/05\/notepad.jpg\" alt=\"\" width=\"44\" height=\"38\" \/> Inform\u00e1ci\u00f3k a szem\u00e9lyes adatok kezel\u00e9s\u00e9r\u0151l<\/h2>\n<p>Jelen dokumentumban a szem\u00e9lyes adatok kezel\u0151jek\u00e9nt mi, a \u0160koda AUTO a.s. t\u00e1rsas\u00e1g, t\u0159. V\u00e1clava Klementa 869, Mlad\u00e1 Boleslav II, 293 10, Mlad\u00e1 Boleslav, c\u00e9gazonos\u00edt\u00f3: 00177041, bejegyezve a Pr\u00e1gai V\u00e1rosi B\u00edr\u00f3s\u00e1g mint c\u00e9gb\u00edr\u00f3s\u00e1g nyilv\u00e1ntart\u00e1s\u00e1ban B. szekci\u00f3\/332. sz\u00e1mon (a tov\u00e1bbiakban: \u201e\u0160koda AUTO t\u00e1rsas\u00e1g\u201d), inform\u00e1ci\u00f3kat tesz\u00fcnk k\u00f6zz\u00e9 a szem\u00e9lyes adatok kezel\u00e9s\u00e9r\u0151l, valamint az adatkezel\u00e9shez kapcsol\u00f3d\u00f3an az \u00d6n jogair\u00f3l.<\/p>\n<p>A szem\u00e9lyes adatok kezel\u00e9s\u00e9nek k\u00f6r\u00e9be tartozik a k\u00f6vetkez\u0151 tev\u00e9kenys\u00e9g: <\/p>\n<p><strong>Marketing-tev\u00e9kenys\u00e9g v\u00e9gz\u00e9se<\/strong><\/p>\n<\/div>\n<\/div><\/div><div id=\"panel-829-1-0-1\" class=\"so-panel widget widget_sow-editor panel-last-child\" data-index=\"2\" ><div\n\t\t\t\n\t\t\tclass=\"so-widget-sow-editor so-widget-sow-editor-base\"\n\t\t\t\n\t\t>\n<div class=\"siteorigin-widget-tinymce textwidget\">\n\t<h3>Az adatkezel\u00e9s c\u00e9lja:<\/h3>\n<p>Megkeres\u00e9sek k\u00fcld\u00e9se a \u0160koda m\u00e1rka term\u00e9keivel \u00e9s szolg\u00e1ltat\u00e1saival kapcsolatos aj\u00e1nlatokkal, bele\u00e9rtve inform\u00e1ci\u00f3k ny\u00fajt\u00e1s\u00e1t term\u00e9kekr\u0151l, szolg\u00e1ltat\u00e1sokr\u00f3l, esem\u00e9nyekr\u0151l, nyerem\u00e9nyj\u00e1t\u00e9kokr\u00f3l, tov\u00e1bb\u00e1 h\u00edrlevelek \u00e9s \u00fcnnepi \u00fcdv\u00f6zletek k\u00fcld\u00e9s\u00e9t is.<\/p>\n<h3>Az adatkezel\u00e9s c\u00e9lj\u00e1nak le\u00edr\u00e1sa:<\/h3>\n<p>Az \u00d6n szem\u00e9lyes adatait arra haszn\u00e1ljuk, hogy t\u00e1j\u00e9koztassuk a \u0160koda AUTO term\u00e9keir\u0151l \u00e9s szolg\u00e1ltat\u00e1sair\u00f3l, esem\u00e9nyeir\u0151l, nyerem\u00e9nyj\u00e1t\u00e9kair\u00f3l, rendszeresen megk\u00fcldj\u00fck h\u00edreinket, hirdet\u00e9seinket, \u00e9rt\u00e9kes\u00edt\u00e9si katal\u00f3gusainkat vagy \u00fcnnepi \u00fcdv\u00f6zleteinket. Egyes szem\u00e9lyes adatait arra is haszn\u00e1lhatjuk, hogy a fent eml\u00edtett kommunik\u00e1ci\u00f3 megfelel\u0151en c\u00e9lzott legyen.<\/p>\n<h3>Az adatkezel\u00e9s jogalapja:<\/h3>\n<p>Az \u00d6n \u00e1ltal adott hozz\u00e1j\u00e1rul\u00e1s alapj\u00e1n vagyunk jogosultak a szem\u00e9lyes adatai kezel\u00e9s\u00e9re. Amennyiben nem adott nek\u00fcnk hozz\u00e1j\u00e1rul\u00e1st, a szem\u00e9lyes adatait emiatt nem kezelj\u00fck.<\/p>\n<h3>Az \u00e1ltalunk kezelt szem\u00e9lyes adatok kateg\u00f3ri\u00e1i:<\/h3>\n<p>Azonos\u00edt\u00f3 adatok, kapcsolat felv\u00e9teli adatok, le\u00edr\u00f3 adatok, \u00fczleti profil, a term\u00e9kkel kapcsolatos m\u0171szaki inform\u00e1ci\u00f3k, kereskedelmi el\u0151zm\u00e9nyek, a csal\u00e1dtagokra \u00e9s m\u00e1s szem\u00e9lyekre vonatkoz\u00f3 inform\u00e1ci\u00f3k, ezen adatokb\u00f3l sz\u00e1rmaz\u00f3 interakci\u00f3k \u00e9s profilok, h\u00e1l\u00f3zati azonos\u00edt\u00f3k.<\/p>\n<h3>Adatkezel\u00e9si \u00e9s archiv\u00e1l\u00e1si id\u0151szak:<\/h3>\n<p>A szem\u00e9lyes adatok kezel\u00e9s\u00e9re vonatkoz\u00f3 hozz\u00e1j\u00e1rul\u00e1s megad\u00e1s\u00e1t k\u00f6vet\u0151 5 \u00e9v.<\/p>\n<h3>Azon adatfeldolgoz\u00f3k vagy c\u00edmzettek kateg\u00f3ri\u00e1i, amelyek r\u00e9sz\u00e9re a szem\u00e9lyes adatokat \u00e1tadhatjuk:<\/h3>\n<p>Marketing \u00fcgyn\u00f6ks\u00e9gek, rendezv\u00e9nyszervez\u0151 \u00fcgyn\u00f6ks\u00e9gek, m\u00e9dia\u00fcgyn\u00f6ks\u00e9gek, a forgalmaz\u00f3i h\u00e1l\u00f3zat tagjai, szerver\u00fczemeltet\u0151k, vend\u00e9gkezel\u0151 \u00fcgyn\u00f6ks\u00e9gek, inform\u00e1ci\u00f3s telefonvonal.<\/p>\n<p>Azok k\u00e9r\u00e9s\u00e9re, szem\u00e9lyes adatai \u00e1tad\u00e1sra ker\u00fclhetnek hat\u00f3s\u00e1gok, k\u00fcl\u00f6n\u00f6sen b\u00edr\u00f3s\u00e1gok, Csehorsz\u00e1g rend\u0151rs\u00e9ge, illetve m\u00e1s b\u0171n\u00fcld\u00f6z\u0151 szervek r\u00e9sz\u00e9re, a sz\u00fcks\u00e9ges m\u00e9rt\u00e9kben, a jogszab\u00e1lyokban meghat\u00e1rozott keretek k\u00f6z\u00f6tt.<\/p>\n<h3>A szem\u00e9lyes adatok forr\u00e1sa:<\/h3>\n<p>A szem\u00e9lyes adatokat k\u00f6zvetlen\u00fcl \u00d6nt\u0151l kapjuk.<\/p>\n<h3>Szem\u00e9lyes adatok tov\u00e1bb\u00edt\u00e1sra harmadik orsz\u00e1gba vagy szupranacion\u00e1lis szervezetek r\u00e9sz\u00e9re:<\/h3>\n<p>A jelen dokumentumban meghat\u00e1rozott adatkezel\u00e9s sor\u00e1n a szem\u00e9lyes adatai tov\u00e1bb\u00edt\u00e1sra ker\u00fclhetnek egyes\u00fclt \u00e1llamokbeli, teh\u00e1t harmadik orsz\u00e1gban l\u00e9v\u0151 c\u00edmzettek r\u00e9sz\u00e9re. Ilyen esetekben a tov\u00e1bb\u00edt\u00e1sra vagy az Eur\u00f3pai Bizotts\u00e1g megfelel\u0151s\u00e9gi hat\u00e1rozata alapj\u00e1n (az EU-USA adatv\u00e9delmi pajzs programban r\u00e9szt vev\u0151 szervezetek), vagy \u00e1ltal\u00e1nos szerz\u0151d\u00e9si felt\u00e9telek (az Eur\u00f3pai Bizotts\u00e1g \u00e1ltal kiadott szerz\u0151d\u00e9sminta, a sz\u00f6veget \u00e9rint\u0151 b\u00e1rmely m\u00f3dos\u00edt\u00e1s n\u00e9lk\u00fcl) alapj\u00e1n ker\u00fcl sor, figyelembe v\u00e9ve a szem\u00e9lyes adatok v\u00e9delm\u00e9re vonatkoz\u00f3 hat\u00e1lyos jogszab\u00e1lyokat. A legfrissebb inform\u00e1ci\u00f3kat itt tal\u00e1lja: <a href=\"http:\/\/www.skoda-auto.com\/other\/privacy-statement\" target=\"_blank\" rel=\"noopener\">http:\/\/www.skoda-auto.com\/other\/privacy-statement<\/a>.<\/p>\n<h3>Automatiz\u00e1lt d\u00f6nt\u00e9shozatal szem\u00e9lyes adatok alapj\u00e1n:<\/h3>\n<p>A szem\u00e9lyes adatok jelen dokumentum szerinti kezel\u00e9se sor\u00e1n nem ker\u00fcl sor automatiz\u00e1lt d\u00f6nt\u00e9shozatalra a szem\u00e9lyes adatok alapj\u00e1n.<\/p>\n<h3>Tov\u00e1bbi inform\u00e1ci\u00f3k<\/h3>\n<p>Sor ker\u00fclhet a szem\u00e9lyes adatok k\u00f6z\u00e9rdek\u0171 archiv\u00e1l\u00e1s\u00e1ra, valamint felhaszn\u00e1l\u00e1s\u00e1ra tudom\u00e1nyos, t\u00f6rt\u00e9nelmi vagy kutat\u00e1si c\u00e9lb\u00f3l. Megalapozott indokkal kezelhet\u0151ek a szem\u00e9lyes adatok jogvit\u00e1k eld\u00f6nt\u00e9se c\u00e9lj\u00e1b\u00f3l is, bele\u00e9rtve a k\u00f6zigazgat\u00e1si szervekkel szemben fenn\u00e1ll\u00f3 k\u00f6telezetts\u00e9gek teljes\u00edt\u00e9s\u00e9nek eset\u00e9t, illetve a jogi kock\u00e1zatok ellen\u0151rz\u00e9s\u00e9t \u00e9s folyamatos \u00e9rt\u00e9kel\u00e9s\u00e9t egyar\u00e1nt.<\/p>\n<\/div>\n<\/div><\/div><\/div><\/div><div id=\"pg-829-2\"  class=\"panel-grid panel-no-style\" ><div id=\"pgc-829-2-0\"  class=\"panel-grid-cell\" ><div id=\"panel-829-2-0-0\" class=\"so-panel widget widget_sow-editor panel-first-child panel-last-child\" data-index=\"3\" ><div\n\t\t\t\n\t\t\tclass=\"so-widget-sow-editor so-widget-sow-editor-base\"\n\t\t\t\n\t\t>\n<div class=\"siteorigin-widget-tinymce textwidget\">\n\t<p><a href=\"\/hu\/docs\/jogai\/\">Mik az \u00d6n jogai?<\/a><\/p>\n<\/div>\n<\/div><\/div><\/div><\/div><\/div>","protected":false},"excerpt":{"rendered":"<p>Adatkezel\u00e9si hozz\u00e1j\u00e1rul\u00e1s Ezennel, szabad akaratomb\u00f3l \u00e9s \u00f6nk\u00e9ntesen hozz\u00e1j\u00e1rulok ahhoz, hogy a \u0160koda AUTO a.s., t\u0159. V\u00e1clava Klementa 869, Mlad\u00e1 Boleslav [&hellip;]<\/p>\n","protected":false},"author":1,"featured_media":0,"parent":825,"menu_order":0,"comment_status":"closed","ping_status":"closed","template":"templates\/template-empty-page-headline.php","meta":{"footnotes":""},"tags":[],"class_list":["post-829","page","type-page","status-publish","hentry"],"yoast_head":"<!-- This site is optimized with the Yoast SEO Premium plugin v25.3 (Yoast SEO v25.9) - https:\/\/yoast.com\/wordpress\/plugins\/seo\/ -->\n<title>Inform\u00e1ci\u00f3k a szem\u00e9lyes adatok kezel\u00e9s\u00e9r\u0151l - \u0160koda We Love Cycling - Magyarorsz\u00e1g<\/title>\n<meta name=\"robots\" content=\"index, follow, max-snippet:-1, max-image-preview:large, max-video-preview:-1\" \/>\n<link rel=\"canonical\" href=\"https:\/\/www.welovecycling.com\/hu\/docs\/memorandum\/\" \/>\n<meta property=\"og:locale\" content=\"hu_HU\" \/>\n<meta property=\"og:type\" content=\"article\" \/>\n<meta property=\"og:title\" content=\"Inform\u00e1ci\u00f3k a szem\u00e9lyes adatok kezel\u00e9s\u00e9r\u0151l\" \/>\n<meta property=\"og:description\" content=\"Adatkezel\u00e9si hozz\u00e1j\u00e1rul\u00e1s Ezennel, szabad akaratomb\u00f3l \u00e9s \u00f6nk\u00e9ntesen hozz\u00e1j\u00e1rulok ahhoz, hogy a \u0160koda AUTO a.s., t\u0159. V\u00e1clava Klementa 869, Mlad\u00e1 Boleslav [&hellip;]\" \/>\n<meta property=\"og:url\" content=\"https:\/\/www.welovecycling.com\/hu\/docs\/memorandum\/\" \/>\n<meta property=\"og:site_name\" content=\"\u0160koda We Love Cycling - Magyarorsz\u00e1g\" \/>\n<meta property=\"article:publisher\" content=\"https:\/\/www.facebook.com\/WeLoveCyclingHungary\/\" \/>\n<meta property=\"article:modified_time\" content=\"2018-05-24T15:48:30+00:00\" \/>\n<meta property=\"og:image\" content=\"https:\/\/d2p6e6u75xmxt8.cloudfront.net\/2\/2018\/05\/notepad.jpg\" \/>\n<meta name=\"twitter:card\" content=\"summary_large_image\" \/>\n<meta name=\"twitter:label1\" content=\"Est. reading time\" \/>\n\t<meta name=\"twitter:data1\" content=\"6 minutes\" \/>\n<script type=\"application\/ld+json\" class=\"yoast-schema-graph\">{\"@context\":\"https:\/\/schema.org\",\"@graph\":[{\"@type\":\"WebPage\",\"@id\":\"https:\/\/www.welovecycling.com\/hu\/docs\/memorandum\/\",\"url\":\"https:\/\/www.welovecycling.com\/hu\/docs\/memorandum\/\",\"name\":\"Inform\u00e1ci\u00f3k a szem\u00e9lyes adatok kezel\u00e9s\u00e9r\u0151l - \u0160koda We Love Cycling - Magyarorsz\u00e1g\",\"isPartOf\":{\"@id\":\"https:\/\/www.welovecycling.com\/hu\/#website\"},\"primaryImageOfPage\":{\"@id\":\"https:\/\/www.welovecycling.com\/hu\/docs\/memorandum\/#primaryimage\"},\"image\":{\"@id\":\"https:\/\/www.welovecycling.com\/hu\/docs\/memorandum\/#primaryimage\"},\"thumbnailUrl\":\"https:\/\/d2p6e6u75xmxt8.cloudfront.net\/2\/2018\/05\/notepad.jpg\",\"datePublished\":\"2018-05-24T06:38:24+00:00\",\"dateModified\":\"2018-05-24T15:48:30+00:00\",\"breadcrumb\":{\"@id\":\"https:\/\/www.welovecycling.com\/hu\/docs\/memorandum\/#breadcrumb\"},\"inLanguage\":\"hu\",\"potentialAction\":[{\"@type\":\"ReadAction\",\"target\":[\"https:\/\/www.welovecycling.com\/hu\/docs\/memorandum\/\"]}]},{\"@type\":\"ImageObject\",\"inLanguage\":\"hu\",\"@id\":\"https:\/\/www.welovecycling.com\/hu\/docs\/memorandum\/#primaryimage\",\"url\":\"https:\/\/d2p6e6u75xmxt8.cloudfront.net\/2\/2018\/05\/notepad.jpg\",\"contentUrl\":\"https:\/\/d2p6e6u75xmxt8.cloudfront.net\/2\/2018\/05\/notepad.jpg\"},{\"@type\":\"BreadcrumbList\",\"@id\":\"https:\/\/www.welovecycling.com\/hu\/docs\/memorandum\/#breadcrumb\",\"itemListElement\":[{\"@type\":\"ListItem\",\"position\":1,\"name\":\"Home\",\"item\":\"https:\/\/www.welovecycling.com\/hu\/\"},{\"@type\":\"ListItem\",\"position\":2,\"name\":\"Documents\",\"item\":\"https:\/\/www.welovecycling.com\/hu\/docs\/\"},{\"@type\":\"ListItem\",\"position\":3,\"name\":\"Inform\u00e1ci\u00f3k a szem\u00e9lyes adatok kezel\u00e9s\u00e9r\u0151l\"}]},{\"@type\":\"WebSite\",\"@id\":\"https:\/\/www.welovecycling.com\/hu\/#website\",\"url\":\"https:\/\/www.welovecycling.com\/hu\/\",\"name\":\"\u0160koda We Love Cycling - Magyarorsz\u00e1g\",\"description\":\"\u0160koda WeLoveCycling\",\"potentialAction\":[{\"@type\":\"SearchAction\",\"target\":{\"@type\":\"EntryPoint\",\"urlTemplate\":\"https:\/\/www.welovecycling.com\/hu\/?s={search_term_string}\"},\"query-input\":{\"@type\":\"PropertyValueSpecification\",\"valueRequired\":true,\"valueName\":\"search_term_string\"}}],\"inLanguage\":\"hu\"}]}<\/script>\n<!-- \/ Yoast SEO Premium plugin. -->","yoast_head_json":{"title":"Inform\u00e1ci\u00f3k a szem\u00e9lyes adatok kezel\u00e9s\u00e9r\u0151l - \u0160koda We Love Cycling - Magyarorsz\u00e1g","robots":{"index":"index","follow":"follow","max-snippet":"max-snippet:-1","max-image-preview":"max-image-preview:large","max-video-preview":"max-video-preview:-1"},"canonical":"https:\/\/www.welovecycling.com\/hu\/docs\/memorandum\/","og_locale":"hu_HU","og_type":"article","og_title":"Inform\u00e1ci\u00f3k a szem\u00e9lyes adatok kezel\u00e9s\u00e9r\u0151l","og_description":"Adatkezel\u00e9si hozz\u00e1j\u00e1rul\u00e1s Ezennel, szabad akaratomb\u00f3l \u00e9s \u00f6nk\u00e9ntesen hozz\u00e1j\u00e1rulok ahhoz, hogy a \u0160koda AUTO a.s., t\u0159. V\u00e1clava Klementa 869, Mlad\u00e1 Boleslav [&hellip;]","og_url":"https:\/\/www.welovecycling.com\/hu\/docs\/memorandum\/","og_site_name":"\u0160koda We Love Cycling - Magyarorsz\u00e1g","article_publisher":"https:\/\/www.facebook.com\/WeLoveCyclingHungary\/","article_modified_time":"2018-05-24T15:48:30+00:00","og_image":[{"url":"https:\/\/d2p6e6u75xmxt8.cloudfront.net\/2\/2018\/05\/notepad.jpg","type":"","width":"","height":""}],"twitter_card":"summary_large_image","twitter_misc":{"Est. reading time":"6 minutes"},"schema":{"@context":"https:\/\/schema.org","@graph":[{"@type":"WebPage","@id":"https:\/\/www.welovecycling.com\/hu\/docs\/memorandum\/","url":"https:\/\/www.welovecycling.com\/hu\/docs\/memorandum\/","name":"Inform\u00e1ci\u00f3k a szem\u00e9lyes adatok kezel\u00e9s\u00e9r\u0151l - \u0160koda We Love Cycling - Magyarorsz\u00e1g","isPartOf":{"@id":"https:\/\/www.welovecycling.com\/hu\/#website"},"primaryImageOfPage":{"@id":"https:\/\/www.welovecycling.com\/hu\/docs\/memorandum\/#primaryimage"},"image":{"@id":"https:\/\/www.welovecycling.com\/hu\/docs\/memorandum\/#primaryimage"},"thumbnailUrl":"https:\/\/d2p6e6u75xmxt8.cloudfront.net\/2\/2018\/05\/notepad.jpg","datePublished":"2018-05-24T06:38:24+00:00","dateModified":"2018-05-24T15:48:30+00:00","breadcrumb":{"@id":"https:\/\/www.welovecycling.com\/hu\/docs\/memorandum\/#breadcrumb"},"inLanguage":"hu","potentialAction":[{"@type":"ReadAction","target":["https:\/\/www.welovecycling.com\/hu\/docs\/memorandum\/"]}]},{"@type":"ImageObject","inLanguage":"hu","@id":"https:\/\/www.welovecycling.com\/hu\/docs\/memorandum\/#primaryimage","url":"https:\/\/d2p6e6u75xmxt8.cloudfront.net\/2\/2018\/05\/notepad.jpg","contentUrl":"https:\/\/d2p6e6u75xmxt8.cloudfront.net\/2\/2018\/05\/notepad.jpg"},{"@type":"BreadcrumbList","@id":"https:\/\/www.welovecycling.com\/hu\/docs\/memorandum\/#breadcrumb","itemListElement":[{"@type":"ListItem","position":1,"name":"Home","item":"https:\/\/www.welovecycling.com\/hu\/"},{"@type":"ListItem","position":2,"name":"Documents","item":"https:\/\/www.welovecycling.com\/hu\/docs\/"},{"@type":"ListItem","position":3,"name":"Inform\u00e1ci\u00f3k a szem\u00e9lyes adatok kezel\u00e9s\u00e9r\u0151l"}]},{"@type":"WebSite","@id":"https:\/\/www.welovecycling.com\/hu\/#website","url":"https:\/\/www.welovecycling.com\/hu\/","name":"\u0160koda We Love Cycling - Magyarorsz\u00e1g","description":"\u0160koda WeLoveCycling","potentialAction":[{"@type":"SearchAction","target":{"@type":"EntryPoint","urlTemplate":"https:\/\/www.welovecycling.com\/hu\/?s={search_term_string}"},"query-input":{"@type":"PropertyValueSpecification","valueRequired":true,"valueName":"search_term_string"}}],"inLanguage":"hu"}]}},"_links":{"self":[{"href":"https:\/\/www.welovecycling.com\/hu\/wp-json\/wp\/v2\/pages\/829","targetHints":{"allow":["GET"]}}],"collection":[{"href":"https:\/\/www.welovecycling.com\/hu\/wp-json\/wp\/v2\/pages"}],"about":[{"href":"https:\/\/www.welovecycling.com\/hu\/wp-json\/wp\/v2\/types\/page"}],"author":[{"embeddable":true,"href":"https:\/\/www.welovecycling.com\/hu\/wp-json\/wp\/v2\/users\/1"}],"replies":[{"embeddable":true,"href":"https:\/\/www.welovecycling.com\/hu\/wp-json\/wp\/v2\/comments?post=829"}],"version-history":[{"count":2,"href":"https:\/\/www.welovecycling.com\/hu\/wp-json\/wp\/v2\/pages\/829\/revisions"}],"predecessor-version":[{"id":886,"href":"https:\/\/www.welovecycling.com\/hu\/wp-json\/wp\/v2\/pages\/829\/revisions\/886"}],"up":[{"embeddable":true,"href":"https:\/\/www.welovecycling.com\/hu\/wp-json\/wp\/v2\/pages\/825"}],"wp:attachment":[{"href":"https:\/\/www.welovecycling.com\/hu\/wp-json\/wp\/v2\/media?parent=829"}],"wp:term":[{"taxonomy":"post_tag","embeddable":true,"href":"https:\/\/www.welovecycling.com\/hu\/wp-json\/wp\/v2\/tags?post=829"}],"curies":[{"name":"wp","href":"https:\/\/api.w.org\/{rel}","templated":true}]}}